{"id":1404,"date":"2016-05-30T16:56:54","date_gmt":"2016-05-30T14:56:54","guid":{"rendered":"http:\/\/beauty.kbsolution.pl\/?page_id=1404"},"modified":"2016-05-30T16:59:23","modified_gmt":"2016-05-30T14:59:23","slug":"makijaz-permanentny-brwi-metoda-piorkowa","status":"publish","type":"page","link":"https:\/\/beauty-center.pl\/index.php\/makijaz-permanentny-brwi-metoda-piorkowa\/","title":{"rendered":"Makija\u017c permanentny brwi metod\u0105 pi\u00f3rkow\u0105"},"content":{"rendered":"<div  class=\"ui--tagline-box-wrapper ui--animation clearfix\"><div  id=\"tagline-1\" class=\"ui--tagline-box ui-row clearfix ui--tagline-box-custom-color radius-3px\" data-responsive=\"{&quot;css&quot;:{&quot;min-height&quot;:{&quot;phone&quot;:&quot;auto&quot;,&quot;tablet&quot;:&quot;auto&quot;,&quot;widescreen&quot;:&quot;&quot;}}}\"><div  class=\"ui--tagline-background-container ui--tagline-background-overlay radius-3px\"><\/div><div  class=\"ui--tagline-background-container ui--tagline-background-image radius-3px\"><\/div><div  class=\"ui--tagline-content\"><div class=\"ui-row row\">\n <div   class=\"ui-column span4\"><div id=\"nav_menu-3\" class=\"widget widget_nav_menu\"><h4 class=\"sidebar-widget-title ui--widget-title\"><span>ZABIEGI KOSMETYCZNE<\/span><\/h4><div class=\"menu-zabiegi-kosmetyczne-container\"><ul id=\"menu-zabiegi-kosmetyczne\" class=\"menu\"><li id=\"menu-item-1410\" class=\"menu-item menu-item-type-post_type menu-item-object-page depth-0 to-right\"><a href=\"https:\/\/beauty-center.pl\/index.php\/makijaz-permanentny-brwi-metoda-piorkowa\/\"><strong>MAKIJA\u017b PERMANENTNY METOD\u0104 PI\u00d3RKOW\u0104<\/strong><\/a><\/li>\n<li id=\"menu-item-1417\" class=\"menu-item menu-item-type-post_type menu-item-object-page depth-0 to-right\"><a href=\"https:\/\/beauty-center.pl\/index.php\/depilacja-pasta-cukrowa\/\">DEPILACJA PAST\u0104 CUKROW\u0104<\/a><\/li>\n<li id=\"menu-item-1423\" class=\"menu-item menu-item-type-post_type menu-item-object-page depth-0 to-right\"><a href=\"https:\/\/beauty-center.pl\/index.php\/trwale-przedluzanie-rzes\/\">TRWA\u0141E PRZED\u0141U\u017bANIE RZ\u0118S<\/a><\/li>\n<li id=\"menu-item-1435\" class=\"menu-item menu-item-type-post_type menu-item-object-page depth-0 to-right\"><a href=\"https:\/\/beauty-center.pl\/index.php\/rzesy-od-3d-do-8d\/\">RZ\u0118SY od 3D do 8D<\/a><\/li>\n<li id=\"menu-item-1438\" class=\"menu-item menu-item-type-post_type menu-item-object-page depth-0 to-right\"><a href=\"https:\/\/beauty-center.pl\/index.php\/usuwanie-kurzajek-i-wlokniakow\/\">USUWANIE KURZAJEK I W\u0141\u00d3KNIAK\u00d3W<\/a><\/li>\n<li id=\"menu-item-1476\" class=\"menu-item menu-item-type-post_type menu-item-object-page depth-0 to-right\"><a href=\"https:\/\/beauty-center.pl\/index.php\/1472-2\/\">HENNA I REGULACJA BRWI<\/a><\/li>\n<li id=\"menu-item-1483\" class=\"menu-item menu-item-type-post_type menu-item-object-page depth-0 to-right\"><a href=\"https:\/\/beauty-center.pl\/index.php\/mikrodermabrazja-2\/\">MIKRODERMABRAZJA<\/a><\/li>\n<li id=\"menu-item-1516\" class=\"menu-item menu-item-type-post_type menu-item-object-page depth-0 to-right\"><a href=\"https:\/\/beauty-center.pl\/index.php\/makijaz-permanentny-2\/\">MAKIJA\u017b PERMANENTNY<\/a><\/li>\n<li id=\"menu-item-1519\" class=\"menu-item menu-item-type-post_type menu-item-object-page depth-0 to-right\"><a href=\"https:\/\/beauty-center.pl\/index.php\/usuwanie-makijazu-permanentnego\/\">USUWANIE MAKIJA\u017bU PERMANENTNEGO<\/a><\/li>\n<li id=\"menu-item-1523\" class=\"menu-item menu-item-type-post_type menu-item-object-page depth-0 to-right\"><a href=\"https:\/\/beauty-center.pl\/index.php\/peeling-kawitacyjny\/\">PEELING KAWITACYJNY<\/a><\/li>\n<li id=\"menu-item-1526\" class=\"menu-item menu-item-type-post_type menu-item-object-page depth-0 to-right\"><a href=\"https:\/\/beauty-center.pl\/index.php\/usuwanie-brodawek-i-wlokniakow\/\">USUWANIE BRODAWEK I W\u0141\u00d3KNIAK\u00d3W<\/a><\/li>\n<li id=\"menu-item-1538\" class=\"menu-item menu-item-type-post_type menu-item-object-page depth-0 to-right\"><a href=\"https:\/\/beauty-center.pl\/index.php\/fale-radiowe-2\/\">FALE RADIOWE<\/a><\/li>\n<li id=\"menu-item-1539\" class=\"menu-item menu-item-type-post_type menu-item-object-page depth-0 to-right\"><a href=\"https:\/\/beauty-center.pl\/index.php\/leczenie-nadpotliwosci\/\">LECZENIE NADPOTLIWO\u015aCI<\/a><\/li>\n<li id=\"menu-item-1541\" class=\"menu-item menu-item-type-post_type menu-item-object-page depth-0 to-right\"><a href=\"https:\/\/beauty-center.pl\/index.php\/zabiegi-na-twarz-2\/\">ZABIEGI NA TWARZ<\/a><\/li>\n<li id=\"menu-item-1548\" class=\"menu-item menu-item-type-post_type menu-item-object-page depth-0 to-right\"><a href=\"https:\/\/beauty-center.pl\/index.php\/zabieg-relaksacyjno-dotleniajacy\/\">ZABIEG RELAKSACYJNO \u2013 DOTLENIAJ\u0104CY<\/a><\/li>\n<li id=\"menu-item-1549\" class=\"menu-item menu-item-type-post_type menu-item-object-page depth-0 to-right\"><a href=\"https:\/\/beauty-center.pl\/index.php\/elektrokoagulacja\/\">ELEKTROKOAGULACJA<\/a><\/li>\n<li id=\"menu-item-1557\" class=\"menu-item menu-item-type-post_type menu-item-object-page depth-0 to-right\"><a href=\"https:\/\/beauty-center.pl\/index.php\/zabieg-oczyszczajacy\/\">ZABIEG OCZYSZCZAJ\u0104CY<\/a><\/li>\n<li id=\"menu-item-1558\" class=\"menu-item menu-item-type-post_type menu-item-object-page depth-0 to-right\"><a href=\"https:\/\/beauty-center.pl\/index.php\/zabieg-liftingujacy\/\">ZABIEG LIFTINGUJ\u0104CY<\/a><\/li>\n<li id=\"menu-item-1562\" class=\"menu-item menu-item-type-post_type menu-item-object-page depth-0 to-right\"><a href=\"https:\/\/beauty-center.pl\/index.php\/efekt-motyla\/\">EFEKT MOTYLA<\/a><\/li>\n<li id=\"menu-item-1828\" class=\"menu-item menu-item-type-post_type menu-item-object-page depth-0 to-right\"><a href=\"https:\/\/beauty-center.pl\/index.php\/kwas-migdalowy\/\">KWAS MIGDA\u0141OWY<\/a><\/li>\n<li id=\"menu-item-1831\" class=\"menu-item menu-item-type-post_type menu-item-object-page depth-0 to-right\"><a href=\"https:\/\/beauty-center.pl\/index.php\/peeling-ziolowy\/\">PEELING ZIO\u0141OWY<\/a><\/li>\n<li id=\"menu-item-1576\" class=\"menu-item menu-item-type-post_type menu-item-object-page depth-0 to-right\"><a href=\"https:\/\/beauty-center.pl\/index.php\/mezoterapia-mikroiglowa\/\">MEZOTERAPIA MIKROIG\u0141OWA<\/a><\/li>\n<li id=\"menu-item-1577\" class=\"menu-item menu-item-type-post_type menu-item-object-page depth-0 to-right\"><a href=\"https:\/\/beauty-center.pl\/index.php\/mezoterapia-iglowa-plytka\/\">MEZOTERAPIA IG\u0141OWA P\u0141YTKA<\/a><\/li>\n<li id=\"menu-item-1578\" class=\"menu-item menu-item-type-post_type menu-item-object-page depth-0 to-right\"><a href=\"https:\/\/beauty-center.pl\/index.php\/mezoterapia-beziglowa-2\/\">MEZOTERAPIA BEZIG\u0141OWA<\/a><\/li>\n<li id=\"menu-item-1579\" class=\"menu-item menu-item-type-post_type menu-item-object-page depth-0 to-right\"><a href=\"https:\/\/beauty-center.pl\/index.php\/mezoterapia-iglowa\/\">MEZOTERAPIA IG\u0141OWA<\/a><\/li>\n<li id=\"menu-item-1591\" class=\"menu-item menu-item-type-post_type menu-item-object-page depth-0 to-right\"><a href=\"https:\/\/beauty-center.pl\/index.php\/trwala-na-rzesy\/\">TRWA\u0141A NA RZ\u0118SY<\/a><\/li>\n<li id=\"menu-item-1603\" class=\"menu-item menu-item-type-post_type menu-item-object-page depth-0 to-right\"><a href=\"https:\/\/beauty-center.pl\/index.php\/zabiegi-dla-mezczyzn\/\">ZABIEGI DLA M\u0118\u017bCZYZN<\/a><\/li>\n<li id=\"menu-item-1604\" class=\"menu-item menu-item-type-post_type menu-item-object-page depth-0 to-right\"><a href=\"https:\/\/beauty-center.pl\/index.php\/masaz-cisnieniowy\/\">MASA\u017b CI\u015aNIENIOWY<\/a><\/li>\n<li id=\"menu-item-1605\" class=\"menu-item menu-item-type-post_type menu-item-object-page depth-0 to-right\"><a href=\"https:\/\/beauty-center.pl\/index.php\/ultradzwieki\/\">ULTRAD\u0179WI\u0118KI<\/a><\/li>\n<li id=\"menu-item-1606\" class=\"menu-item menu-item-type-post_type menu-item-object-page depth-0 to-right\"><a href=\"https:\/\/beauty-center.pl\/index.php\/depilacja-2\/\">DEPILACJA<\/a><\/li>\n<li id=\"menu-item-1607\" class=\"menu-item menu-item-type-post_type menu-item-object-page depth-0 to-right\"><a href=\"https:\/\/beauty-center.pl\/index.php\/opalanie-natryskowe\/\">OPALANIE NATRYSKOWE<\/a><\/li>\n<li id=\"menu-item-2002\" class=\"menu-item menu-item-type-post_type menu-item-object-page depth-0 to-right\"><a href=\"https:\/\/beauty-center.pl\/index.php\/bb-glow-3\/\">BB GLOW<\/a><\/li>\n<li id=\"menu-item-2021\" class=\"menu-item menu-item-type-post_type menu-item-object-page depth-0 to-right\"><a href=\"https:\/\/beauty-center.pl\/index.php\/henna-marokanska-2\/\">HENNA MAROKA\u0143SKA<\/a><\/li>\n<\/ul><\/div><\/div><\/div> \n\n <div   class=\"ui-column span8\"><div class=\"ui--title ui--animation ui--title-bordered text-center\"><div class=\"ui--title-holder\"><h3 class=\"ui--title-text\" style=\"color: #bd1e9d !important;\">MAKIJA\u017b PERMANENTNY BRWI METOD\u0104 PI\u00d3RKOW\u0104<\/h3><div style=\"border-color: #bd1e9d !important;\" class=\"ui--title-borders ui--title-border-left\"><\/div><div style=\"border-color: #bd1e9d !important;\" class=\"ui--title-borders ui--title-border-right\"><\/div><\/div><\/div><div class=\"ui--image-wrap clearfix text-center ui--block\" style=\"margin-top: 10px;  margin-bottom: 25px;\"><img loading=\"lazy\" decoding=\"async\" width=\"329\" height=\"153\" src=\"https:\/\/beauty-center.pl\/wp-content\/uploads\/2016\/09\/2C6wK8.jpg\" class=\"ui--image ui--animation\" alt=\"\" id=\"ui--image-1\" srcset=\"https:\/\/beauty-center.pl\/wp-content\/uploads\/2016\/09\/2C6wK8.jpg 329w, https:\/\/beauty-center.pl\/wp-content\/uploads\/2016\/09\/2C6wK8-300x140.jpg 300w\" sizes=\"auto, (max-width: 329px) 100vw, 329px\" \/><\/div><div class=\"auto-format ui--animation\"><p>Makija\u017c permanentny Technika pi\u00f3rkowa , Korygowanie brwi metod\u0105 pi\u00f3rkow\u0105.<br \/>\nW innych metodach makija\u017cu permanentnego wykonuje si\u0119 nak\u0142ucia w postaci kropek, punkt przy punkcie, co daje obraz plam<br \/>\nNasz\u0105 metoda wykonuje si\u0119 realistyczny obraz w\u0142osa. Uzyskany pojedynczy w\u0142os mo\u017ce by\u0107 zr\u00f3\u017cnicowany od bardzo cie\u0144kiego do grubego<br \/>\n Zabieg ten wykonuje si\u0119 przy u\u017cyciu narz\u0119dzi jednorazowych. S\u0105 to p\u0142askie ig\u0142y, kt\u00f3re po\u0142\u0105czone zosta\u0142y w pi\u00f3rka. Cech\u0105 tego zabiegu jest bezpiecze\u0144stwo, gdy\u017c wykonuje si\u0119 go w sterylnych warunkach, bez igie\u0142 wielokrotnego u\u017cytku. Wykorzystywane pi\u00f3rka delikatnie, bezinwazyjnie wprowadzaj\u0105 barwniki pod sk\u00f3r\u0119. W por\u00f3wnaniu z tradycyjnym makija\u017cem permanentnym, kt\u00f3ry wykonywany jest przy u\u017cyciu drgaj\u0105cych igie\u0142, metoda pi\u00f3rkowa niemal\u017ce ca\u0142kowicie wyeliminowa\u0142a b\u00f3l. Zabieg trwa te\u017c kr\u00f3cej, a poza tym gojenie okolicy poddanej zabiegowi przebiega szybciej. Dodatkowym plusem jest fakt, \u017ce obrz\u0119ki s\u0105 niewielkie i znikaj\u0105 ju\u017c po kilku godzinach \u2013 substancje barwi\u0105ce wprowadzane s\u0105 p\u0142ytko, w sam nask\u00f3rek, sk\u00f3ra w\u0142a\u015bciwa nie zostaje uszkodzona. Zalety zabiegu: Makija\u017c permanentny wykonywany metod\u0105 pi\u00f3rkowo-kreskow\u0105 ma wiele zalet: \u2013 pozwala na rekonstruowanie i uzupe\u0142nianie w\u0142os\u00f3w brwi \u2013 jest niemal\u017ce bezbolesny \u00b7 obrz\u0119k jest minimalny, a czas gojenia kr\u00f3tki \u2013 sam zabieg trwa kr\u00f3tko, a efekt utrzymuje si\u0119 kilka lat, gdy\u017c z up\u0142ywem czasu barwnik z\u0142uszcza si\u0119 z nask\u00f3rkiem \u2013 gwarantuje bardzo naturalny wygl\u0105d Wskazania do zabiegu: Makija\u017c ten dedykowany jest zar\u00f3wno tym osobom, kt\u00f3re po prostu nie maj\u0105 czasu i cierpliwo\u015bci, by codziennie regulowa\u0107 i piel\u0119gnowa\u0107 brwi, ale tak\u017ce i tym, kt\u00f3rych brwi z r\u00f3\u017cnych powod\u00f3w nie wygl\u0105daj\u0105 zbyt dobrze (choroba, oparzenie itp.). Metoda ta daje bardzo naturalny efekt. Cieszy si\u0119 du\u017c\u0105 popularno\u015bci\u0105. Efekt ko\u0144cowy ci\u0119\u017cko odr\u00f3\u017cni\u0107 od henny! Niekiedy przy delikatnej urodzie i jasnych w\u0142osach wygl\u0105da delikatniej ni\u017c henna.<\/p>\n<\/div><div class=\"ui--title ui--animation ui--title-bordered text-center\"><div class=\"ui--title-holder\"><h4 class=\"ui--title-text\" style=\"color: #bd1e9d !important;\">POR\u00d3WNANIE PRACY URZ\u0104DZE\u0143 DO MAKIJA\u017bU PERMANENTNEGO<\/h4><div style=\"border-color: #bd1e9d !important;\" class=\"ui--title-borders ui--title-border-left\"><\/div><div style=\"border-color: #bd1e9d !important;\" class=\"ui--title-borders ui--title-border-right\"><\/div><\/div><\/div><div class=\"ui-row row\">\n <div   class=\"ui-column span4\"><div  class=\"ui--space clearfix\" data-responsive=\"{&quot;css&quot;:{&quot;height&quot;:{&quot;phone&quot;:null,&quot;tablet&quot;:null,&quot;widescreen&quot;:null}}}\"><\/div><div  class=\"ui--space clearfix\" data-responsive=\"{&quot;css&quot;:{&quot;height&quot;:{&quot;phone&quot;:null,&quot;tablet&quot;:null,&quot;widescreen&quot;:null}}}\"><\/div><div class=\"auto-format ui--animation\"><p style=\"text-align: right;\">Urz\u0105dzenie najnowszej<br \/>\ngeneracji BioEvolution<\/p>\n<\/div><\/div> \n\n <div   class=\"ui-column span4\"><div class=\"ui--image-wrap clearfix text-center ui--block\" style=\"margin-top: 10px;  margin-bottom: 25px;\"><img loading=\"lazy\" decoding=\"async\" width=\"185\" height=\"167\" src=\"https:\/\/beauty-center.pl\/wp-content\/uploads\/2016\/09\/5.jpg\" class=\"ui--image ui--animation\" alt=\"\" id=\"ui--image-2\" \/><\/div><\/div> \n\n <div   class=\"ui-column span4\"><div  class=\"ui--space clearfix\" data-responsive=\"{&quot;css&quot;:{&quot;height&quot;:{&quot;phone&quot;:null,&quot;tablet&quot;:null,&quot;widescreen&quot;:null}}}\"><\/div><div  class=\"ui--space clearfix\" data-responsive=\"{&quot;css&quot;:{&quot;height&quot;:{&quot;phone&quot;:null,&quot;tablet&quot;:null,&quot;widescreen&quot;:null}}}\"><\/div><div class=\"auto-format ui--animation\"><p style=\"text-align: left;\">Tradycyjne<br \/>\nurz\u0105dzenie<\/p>\n<\/div><\/div> \n\n<\/div> \n<div class=\"ui--title ui--animation ui--title-bordered text-center\"><div class=\"ui--title-holder\"><h4 class=\"ui--title-text\" style=\"color: #bd1e9d !important;\">PRZECIWWSKAZANIA:<\/h4><div style=\"border-color: #bd1e9d !important;\" class=\"ui--title-borders ui--title-border-left\"><\/div><div style=\"border-color: #bd1e9d !important;\" class=\"ui--title-borders ui--title-border-right\"><\/div><\/div><\/div><div class=\"auto-format ui--animation\"><p>ci\u0105\u017ca, cukrzyca, \u0142uszczyca, jaskra, przyjmowanie lek\u00f3w sterydowych.<\/p>\n<\/div><div class=\"ui--title ui--animation ui--title-bordered text-center\"><div class=\"ui--title-holder\"><h4 class=\"ui--title-text\" style=\"color: #bd1e9d !important;\">PRZED ZABIEGIEM<\/h4><div style=\"border-color: #bd1e9d !important;\" class=\"ui--title-borders ui--title-border-left\"><\/div><div style=\"border-color: #bd1e9d !important;\" class=\"ui--title-borders ui--title-border-right\"><\/div><\/div><\/div><div class=\"auto-format ui--animation\"><p>Ka\u017cdy zabieg poprzedzony jest wywiadem i om\u00f3wieniem oczekiwa\u0144 klientki.<\/p>\n<\/div><div class=\"ui--title ui--animation ui--title-bordered text-center\"><div class=\"ui--title-holder\"><h4 class=\"ui--title-text\" style=\"color: #bd1e9d !important;\">ZABIEG POCZ\u0104TKOWY<\/h4><div style=\"border-color: #bd1e9d !important;\" class=\"ui--title-borders ui--title-border-left\"><\/div><div style=\"border-color: #bd1e9d !important;\" class=\"ui--title-borders ui--title-border-right\"><\/div><\/div><\/div><div class=\"auto-format ui--animation\"><p>I etap polega na wykonaniu makija\u017cu, najpierw nak\u0142adane jest znieczulenie, po odczekaniu ok. 30 min, indywidualnie do ka\u017cdego dobierany kolor pigmentu i robimy szkic, po zaakceptowaniu przez klientk\u0119, zaczynamy zabieg. Ca\u0142y czas w miedzy czasie stosowane jest znieczulenie dodatkowe, co gwarantuje bezbolesno\u015b\u0107, lub ogromnie zmniejsza b\u00f3l. Odczuwanie b\u00f3lu -jest sprawa indywidualn\u0105 organizmu.<\/p>\n<\/div><div class=\"ui--title ui--animation ui--title-bordered text-center\"><div class=\"ui--title-holder\"><h4 class=\"ui--title-text\" style=\"color: #bd1e9d !important;\">PIEL\u0118GNACJA PO ZABIEGU:<\/h4><div style=\"border-color: #bd1e9d !important;\" class=\"ui--title-borders ui--title-border-left\"><\/div><div style=\"border-color: #bd1e9d !important;\" class=\"ui--title-borders ui--title-border-right\"><\/div><\/div><\/div><ul class=\"ui--list list-font-icon parent-1\"><li class=\"child-1 total-6 ui--animation\"><i class=\"list-icon 14px fontawesome-ok\" style=\"color: #bd1e9d !important;\"><\/i>Przez ok. 4-7 dni po zabiegu sk\u00f3ra nie mo\u017ce by\u0107 myta myd\u0142em i innymi kosmetykami ni\u017c zalecane przez kosmetyczk\u0119.<\/li><li class=\"child-2 total-6 ui--animation\"><i class=\"list-icon 14px fontawesome-ok\" style=\"color: #bd1e9d !important;\"><\/i>Sk\u00f3ra powinna by\u0107 nat\u0142uszczana wazelin\u0105 lub ma\u015bci\u0105 z Wit.A, Nie dopuszczamy by strupki by\u0142y suche.<\/li><li class=\"child-3 total-6 ui--animation\"><i class=\"list-icon 14px fontawesome-ok\" style=\"color: #bd1e9d !important;\"><\/i>Nie trze\u0107 miejsca, nie drapa\u0107, nie moczy\u0107.<\/li><li class=\"child-4 total-6 ui--animation\"><i class=\"list-icon 14px fontawesome-ok\" style=\"color: #bd1e9d !important;\"><\/i>Przez 7 dni po zabiegu nie mo\u017cna korzysta\u0107 z basenu, sauny, solarium. Unika\u0107 bezpo\u015brednich promieni s\u0142onecznych, nosi\u0107 okulary przeciws\u0142oneczne.<\/li><li class=\"child-5 total-6 ui--animation\"><i class=\"list-icon 14px fontawesome-ok\" style=\"color: #bd1e9d !important;\"><\/i>Przez kilka dni po zabiegu (brwi ok. 4- 7 dni) nask\u00f3rek delikatnie si\u0119 z\u0142uszcza wraz z cz\u0119\u015bci\u0105 barwnika ( nawet do 50%. Jest to ca\u0142kowicie naturalny proces i tak jest w ka\u017cdym przypadku. Wszystko jest spraw\u0105 indywidualn\u0105 organizmu.<\/li><li class=\"child-6 total-6 ui--animation\"><i class=\"list-icon 14px fontawesome-ok\" style=\"color: #bd1e9d !important;\"><\/i><strong>II etap<\/strong> \u2013 po oko\u0142o 2-3 tygodnaich. Panie s\u0105 proszone na wizyt\u0119 kontroln\u0105 jest dokonywane dopigmentowanie i korekta. Korekt\u0119 nale\u017cy wykona\u0107 nie p\u00f3\u017aniej ni\u017c miesi\u0105c po makija\u017cu.<\/li>  <\/ul><\/div> \n\n<\/div> \n<\/div><\/div><\/div>","protected":false},"excerpt":{"rendered":"<p>ZABIEGI KOSMETYCZNEMAKIJA\u017b PERMANENTNY METOD\u0104 PI\u00d3RKOW\u0104 DEPILACJA PAST\u0104 CUKROW\u0104 TRWA\u0141E PRZED\u0141U\u017bANIE RZ\u0118S RZ\u0118SY od 3D do 8D USUWANIE KURZAJEK I W\u0141\u00d3KNIAK\u00d3W HENNA I REGULACJA BRWI MIKRODERMABRAZJA MAKIJA\u017b PERMANENTNY USUWANIE MAKIJA\u017bU PERMANENTNEGO PEELING KAWITACYJNY USUWANIE BRODAWEK I W\u0141\u00d3KNIAK\u00d3W FALE RADIOWE LECZENIE NADPOTLIWO\u015aCI ZABIEGI NA TWARZ ZABIEG RELAKSACYJNO \u2013 DOTLENIAJ\u0104CY ELEKTROKOAGULACJA ZABIEG OCZYSZCZAJ\u0104CY ZABIEG LIFTINGUJ\u0104CY EFEKT MOTYLA KWAS [&hellip;]<\/p>\n","protected":false},"author":1,"featured_media":0,"parent":0,"menu_order":0,"comment_status":"closed","ping_status":"closed","template":"","meta":{"footnotes":""},"class_list":["post-1404","page","type-page","status-publish","hentry"],"_links":{"self":[{"href":"https:\/\/beauty-center.pl\/index.php\/wp-json\/wp\/v2\/pages\/1404","targetHints":{"allow":["GET"]}}],"collection":[{"href":"https:\/\/beauty-center.pl\/index.php\/wp-json\/wp\/v2\/pages"}],"about":[{"href":"https:\/\/beauty-center.pl\/index.php\/wp-json\/wp\/v2\/types\/page"}],"author":[{"embeddable":true,"href":"https:\/\/beauty-center.pl\/index.php\/wp-json\/wp\/v2\/users\/1"}],"replies":[{"embeddable":true,"href":"https:\/\/beauty-center.pl\/index.php\/wp-json\/wp\/v2\/comments?post=1404"}],"version-history":[{"count":2,"href":"https:\/\/beauty-center.pl\/index.php\/wp-json\/wp\/v2\/pages\/1404\/revisions"}],"predecessor-version":[{"id":1411,"href":"https:\/\/beauty-center.pl\/index.php\/wp-json\/wp\/v2\/pages\/1404\/revisions\/1411"}],"wp:attachment":[{"href":"https:\/\/beauty-center.pl\/index.php\/wp-json\/wp\/v2\/media?parent=1404"}],"curies":[{"name":"wp","href":"https:\/\/api.w.org\/{rel}","templated":true}]}}