{"id":1412,"date":"2016-05-30T17:04:52","date_gmt":"2016-05-30T15:04:52","guid":{"rendered":"http:\/\/beauty.kbsolution.pl\/?page_id=1412"},"modified":"2016-05-30T17:04:52","modified_gmt":"2016-05-30T15:04:52","slug":"depilacja-pasta-cukrowa","status":"publish","type":"page","link":"https:\/\/beauty-center.pl\/index.php\/depilacja-pasta-cukrowa\/","title":{"rendered":"DEPILACJA PAST\u0104 CUKROW\u0104"},"content":{"rendered":"<div  class=\"ui--tagline-box-wrapper ui--animation clearfix\"><div  id=\"tagline-1\" class=\"ui--tagline-box ui-row clearfix ui--tagline-box-custom-color radius-3px\" data-responsive=\"{&quot;css&quot;:{&quot;min-height&quot;:{&quot;phone&quot;:&quot;auto&quot;,&quot;tablet&quot;:&quot;auto&quot;,&quot;widescreen&quot;:&quot;&quot;}}}\"><div  class=\"ui--tagline-background-container ui--tagline-background-overlay radius-3px\"><\/div><div  class=\"ui--tagline-background-container ui--tagline-background-image radius-3px\"><\/div><div  class=\"ui--tagline-content\"><div class=\"ui-row row\">\n <div   class=\"ui-column span4\"><div id=\"nav_menu-3\" class=\"widget widget_nav_menu\"><h4 class=\"sidebar-widget-title ui--widget-title\"><span>ZABIEGI KOSMETYCZNE<\/span><\/h4><div class=\"menu-zabiegi-kosmetyczne-container\"><ul id=\"menu-zabiegi-kosmetyczne\" class=\"menu\"><li id=\"menu-item-1410\" class=\"menu-item menu-item-type-post_type menu-item-object-page depth-0 to-right\"><a href=\"https:\/\/beauty-center.pl\/index.php\/makijaz-permanentny-brwi-metoda-piorkowa\/\"><strong>MAKIJA\u017b PERMANENTNY METOD\u0104 PI\u00d3RKOW\u0104<\/strong><\/a><\/li>\n<li id=\"menu-item-1417\" class=\"menu-item menu-item-type-post_type menu-item-object-page depth-0 to-right\"><a href=\"https:\/\/beauty-center.pl\/index.php\/depilacja-pasta-cukrowa\/\">DEPILACJA PAST\u0104 CUKROW\u0104<\/a><\/li>\n<li id=\"menu-item-1423\" class=\"menu-item menu-item-type-post_type menu-item-object-page depth-0 to-right\"><a href=\"https:\/\/beauty-center.pl\/index.php\/trwale-przedluzanie-rzes\/\">TRWA\u0141E PRZED\u0141U\u017bANIE RZ\u0118S<\/a><\/li>\n<li id=\"menu-item-1435\" class=\"menu-item menu-item-type-post_type menu-item-object-page depth-0 to-right\"><a href=\"https:\/\/beauty-center.pl\/index.php\/rzesy-od-3d-do-8d\/\">RZ\u0118SY od 3D do 8D<\/a><\/li>\n<li id=\"menu-item-1438\" class=\"menu-item menu-item-type-post_type menu-item-object-page depth-0 to-right\"><a href=\"https:\/\/beauty-center.pl\/index.php\/usuwanie-kurzajek-i-wlokniakow\/\">USUWANIE KURZAJEK I W\u0141\u00d3KNIAK\u00d3W<\/a><\/li>\n<li id=\"menu-item-1476\" class=\"menu-item menu-item-type-post_type menu-item-object-page depth-0 to-right\"><a href=\"https:\/\/beauty-center.pl\/index.php\/1472-2\/\">HENNA I REGULACJA BRWI<\/a><\/li>\n<li id=\"menu-item-1483\" class=\"menu-item menu-item-type-post_type menu-item-object-page depth-0 to-right\"><a href=\"https:\/\/beauty-center.pl\/index.php\/mikrodermabrazja-2\/\">MIKRODERMABRAZJA<\/a><\/li>\n<li id=\"menu-item-1516\" class=\"menu-item menu-item-type-post_type menu-item-object-page depth-0 to-right\"><a href=\"https:\/\/beauty-center.pl\/index.php\/makijaz-permanentny-2\/\">MAKIJA\u017b PERMANENTNY<\/a><\/li>\n<li id=\"menu-item-1519\" class=\"menu-item menu-item-type-post_type menu-item-object-page depth-0 to-right\"><a href=\"https:\/\/beauty-center.pl\/index.php\/usuwanie-makijazu-permanentnego\/\">USUWANIE MAKIJA\u017bU PERMANENTNEGO<\/a><\/li>\n<li id=\"menu-item-1523\" class=\"menu-item menu-item-type-post_type menu-item-object-page depth-0 to-right\"><a href=\"https:\/\/beauty-center.pl\/index.php\/peeling-kawitacyjny\/\">PEELING KAWITACYJNY<\/a><\/li>\n<li id=\"menu-item-1526\" class=\"menu-item menu-item-type-post_type menu-item-object-page depth-0 to-right\"><a href=\"https:\/\/beauty-center.pl\/index.php\/usuwanie-brodawek-i-wlokniakow\/\">USUWANIE BRODAWEK I W\u0141\u00d3KNIAK\u00d3W<\/a><\/li>\n<li id=\"menu-item-1538\" class=\"menu-item menu-item-type-post_type menu-item-object-page depth-0 to-right\"><a href=\"https:\/\/beauty-center.pl\/index.php\/fale-radiowe-2\/\">FALE RADIOWE<\/a><\/li>\n<li id=\"menu-item-1539\" class=\"menu-item menu-item-type-post_type menu-item-object-page depth-0 to-right\"><a href=\"https:\/\/beauty-center.pl\/index.php\/leczenie-nadpotliwosci\/\">LECZENIE NADPOTLIWO\u015aCI<\/a><\/li>\n<li id=\"menu-item-1541\" class=\"menu-item menu-item-type-post_type menu-item-object-page depth-0 to-right\"><a href=\"https:\/\/beauty-center.pl\/index.php\/zabiegi-na-twarz-2\/\">ZABIEGI NA TWARZ<\/a><\/li>\n<li id=\"menu-item-1548\" class=\"menu-item menu-item-type-post_type menu-item-object-page depth-0 to-right\"><a href=\"https:\/\/beauty-center.pl\/index.php\/zabieg-relaksacyjno-dotleniajacy\/\">ZABIEG RELAKSACYJNO \u2013 DOTLENIAJ\u0104CY<\/a><\/li>\n<li id=\"menu-item-1549\" class=\"menu-item menu-item-type-post_type menu-item-object-page depth-0 to-right\"><a href=\"https:\/\/beauty-center.pl\/index.php\/elektrokoagulacja\/\">ELEKTROKOAGULACJA<\/a><\/li>\n<li id=\"menu-item-1557\" class=\"menu-item menu-item-type-post_type menu-item-object-page depth-0 to-right\"><a href=\"https:\/\/beauty-center.pl\/index.php\/zabieg-oczyszczajacy\/\">ZABIEG OCZYSZCZAJ\u0104CY<\/a><\/li>\n<li id=\"menu-item-1558\" class=\"menu-item menu-item-type-post_type menu-item-object-page depth-0 to-right\"><a href=\"https:\/\/beauty-center.pl\/index.php\/zabieg-liftingujacy\/\">ZABIEG LIFTINGUJ\u0104CY<\/a><\/li>\n<li id=\"menu-item-1562\" class=\"menu-item menu-item-type-post_type menu-item-object-page depth-0 to-right\"><a href=\"https:\/\/beauty-center.pl\/index.php\/efekt-motyla\/\">EFEKT MOTYLA<\/a><\/li>\n<li id=\"menu-item-1828\" class=\"menu-item menu-item-type-post_type menu-item-object-page depth-0 to-right\"><a href=\"https:\/\/beauty-center.pl\/index.php\/kwas-migdalowy\/\">KWAS MIGDA\u0141OWY<\/a><\/li>\n<li id=\"menu-item-1831\" class=\"menu-item menu-item-type-post_type menu-item-object-page depth-0 to-right\"><a href=\"https:\/\/beauty-center.pl\/index.php\/peeling-ziolowy\/\">PEELING ZIO\u0141OWY<\/a><\/li>\n<li id=\"menu-item-1576\" class=\"menu-item menu-item-type-post_type menu-item-object-page depth-0 to-right\"><a href=\"https:\/\/beauty-center.pl\/index.php\/mezoterapia-mikroiglowa\/\">MEZOTERAPIA MIKROIG\u0141OWA<\/a><\/li>\n<li id=\"menu-item-1577\" class=\"menu-item menu-item-type-post_type menu-item-object-page depth-0 to-right\"><a href=\"https:\/\/beauty-center.pl\/index.php\/mezoterapia-iglowa-plytka\/\">MEZOTERAPIA IG\u0141OWA P\u0141YTKA<\/a><\/li>\n<li id=\"menu-item-1578\" class=\"menu-item menu-item-type-post_type menu-item-object-page depth-0 to-right\"><a href=\"https:\/\/beauty-center.pl\/index.php\/mezoterapia-beziglowa-2\/\">MEZOTERAPIA BEZIG\u0141OWA<\/a><\/li>\n<li id=\"menu-item-1579\" class=\"menu-item menu-item-type-post_type menu-item-object-page depth-0 to-right\"><a href=\"https:\/\/beauty-center.pl\/index.php\/mezoterapia-iglowa\/\">MEZOTERAPIA IG\u0141OWA<\/a><\/li>\n<li id=\"menu-item-1591\" class=\"menu-item menu-item-type-post_type menu-item-object-page depth-0 to-right\"><a href=\"https:\/\/beauty-center.pl\/index.php\/trwala-na-rzesy\/\">TRWA\u0141A NA RZ\u0118SY<\/a><\/li>\n<li id=\"menu-item-1603\" class=\"menu-item menu-item-type-post_type menu-item-object-page depth-0 to-right\"><a href=\"https:\/\/beauty-center.pl\/index.php\/zabiegi-dla-mezczyzn\/\">ZABIEGI DLA M\u0118\u017bCZYZN<\/a><\/li>\n<li id=\"menu-item-1604\" class=\"menu-item menu-item-type-post_type menu-item-object-page depth-0 to-right\"><a href=\"https:\/\/beauty-center.pl\/index.php\/masaz-cisnieniowy\/\">MASA\u017b CI\u015aNIENIOWY<\/a><\/li>\n<li id=\"menu-item-1605\" class=\"menu-item menu-item-type-post_type menu-item-object-page depth-0 to-right\"><a href=\"https:\/\/beauty-center.pl\/index.php\/ultradzwieki\/\">ULTRAD\u0179WI\u0118KI<\/a><\/li>\n<li id=\"menu-item-1606\" class=\"menu-item menu-item-type-post_type menu-item-object-page depth-0 to-right\"><a href=\"https:\/\/beauty-center.pl\/index.php\/depilacja-2\/\">DEPILACJA<\/a><\/li>\n<li id=\"menu-item-1607\" class=\"menu-item menu-item-type-post_type menu-item-object-page depth-0 to-right\"><a href=\"https:\/\/beauty-center.pl\/index.php\/opalanie-natryskowe\/\">OPALANIE NATRYSKOWE<\/a><\/li>\n<li id=\"menu-item-2002\" class=\"menu-item menu-item-type-post_type menu-item-object-page depth-0 to-right\"><a href=\"https:\/\/beauty-center.pl\/index.php\/bb-glow-3\/\">BB GLOW<\/a><\/li>\n<li id=\"menu-item-2021\" class=\"menu-item menu-item-type-post_type menu-item-object-page depth-0 to-right\"><a href=\"https:\/\/beauty-center.pl\/index.php\/henna-marokanska-2\/\">HENNA MAROKA\u0143SKA<\/a><\/li>\n<\/ul><\/div><\/div><\/div> \n\n <div   class=\"ui-column span8\"><div class=\"ui--title ui--animation ui--title-bordered text-center\"><div class=\"ui--title-holder\"><h3 class=\"ui--title-text\" style=\"color: #bd1e9d !important;\">DEPILACJA PAST\u0104 CUKROW\u0104<\/h3><div style=\"border-color: #bd1e9d !important;\" class=\"ui--title-borders ui--title-border-left\"><\/div><div style=\"border-color: #bd1e9d !important;\" class=\"ui--title-borders ui--title-border-right\"><\/div><\/div><\/div><div class=\"auto-format ui--animation\"><p>Depilacja past\u0105 cukrow\u0105 jest najbardziej naturaln\u0105 metod\u0105 depilacji stosowan\u0105 od kilku tysi\u0119cy lat.<\/p>\n<\/div><div class=\"ui--image-wrap clearfix text-center ui--block\" style=\"margin-top: 10px;  margin-bottom: 25px;\"><img loading=\"lazy\" decoding=\"async\" width=\"275\" height=\"183\" src=\"https:\/\/beauty-center.pl\/wp-content\/uploads\/2016\/09\/EQ6um0.jpg\" class=\"ui--image ui--animation\" alt=\"\" id=\"ui--image-1\" \/><\/div><div class=\"ui--title ui--animation ui--title-bordered text-center\"><div class=\"ui--title-holder\"><h4 class=\"ui--title-text\" style=\"color: #bd1e9d !important;\">Zalety depilacji past\u0105 cukrow\u0105<\/h4><div style=\"border-color: #bd1e9d !important;\" class=\"ui--title-borders ui--title-border-left\"><\/div><div style=\"border-color: #bd1e9d !important;\" class=\"ui--title-borders ui--title-border-right\"><\/div><\/div><\/div><ul class=\"ui--list list-font-icon parent-1\"><li class=\"child-1 total-12 ui--animation\"><i class=\"list-icon 14px fontawesome-ok\" style=\"color: #bd1e9d !important;\"><\/i>pasta cukrowa  jest w 100% naturalna<\/li><li class=\"child-2 total-12 ui--animation\"><i class=\"list-icon 14px fontawesome-ok\" style=\"color: #bd1e9d !important;\"><\/i>mniej bolesna ni\u017c depilacja woskiem i lasere<\/li><li class=\"child-3 total-12 ui--animation\"><i class=\"list-icon 14px fontawesome-ok\" style=\"color: #bd1e9d !important;\"><\/i>d\u0142ugotrwa\u0142y efekt: 3-4 tygodni<\/li><li class=\"child-4 total-12 ui--animation\"><i class=\"list-icon 14px fontawesome-ok\" style=\"color: #bd1e9d !important;\"><\/i>nie podra\u017cnia sk\u00f3ry<\/li><li class=\"child-5 total-12 ui--animation\"><i class=\"list-icon 14px fontawesome-ok\" style=\"color: #bd1e9d !important;\"><\/i>nie \u0142amie i nie urywa wosk\u00f3w<\/li><li class=\"child-6 total-12 ui--animation\"><i class=\"list-icon 14px fontawesome-ok\" style=\"color: #bd1e9d !important;\"><\/i>bez ryzyka poparzenia<\/li><li class=\"child-7 total-12 ui--animation\"><i class=\"list-icon 14px fontawesome-ok\" style=\"color: #bd1e9d !important;\"><\/i>bezpieczna dla alergik\u00f3w, os\u00f3b z wra\u017cliw\u0105 sk\u00f3r\u0105 i chorobami sk\u00f3ry<\/li><li class=\"child-8 total-12 ui--animation\"><i class=\"list-icon 14px fontawesome-ok\" style=\"color: #bd1e9d !important;\"><\/i>nadaje si\u0119 do stosowania przy sk\u00f3rze naczyniowej i \u017cylakach<\/li><li class=\"child-9 total-12 ui--animation\"><i class=\"list-icon 14px fontawesome-ok\" style=\"color: #bd1e9d !important;\"><\/i>bezpieczna dla kobiet w ci\u0105\u017cy<\/li><li class=\"child-10 total-12 ui--animation\"><i class=\"list-icon 14px fontawesome-ok\" style=\"color: #bd1e9d !important;\"><\/i>zmywalna ciep\u0142\u0105 wod\u0105<\/li><li class=\"child-11 total-12 ui--animation\"><i class=\"list-icon 14px fontawesome-ok\" style=\"color: #bd1e9d !important;\"><\/i>nie zawiera paraben\u00f3w, formaldehydu i sztucznych barwnik\u00f3w<\/li><li class=\"child-12 total-12 ui--animation\"><i class=\"list-icon 14px fontawesome-ok\" style=\"color: #bd1e9d !important;\"><\/i>nie testowana na zwierz\u0119tach<\/li>  <\/ul><div class=\"auto-format ui--animation\"><p>Poniewa\u017c pasta nie przykleja si\u0119 do sk\u00f3ry, nie ci\u0105gnie jej, dlatego wyrywanie mo\u017cna powtarza\u0107 w jednym miejscu wielokrotnie, aby osi\u0105gn\u0105\u0107 efekt maksymalnej g\u0142adko\u015bci (wosk mo\u017cna stosowa\u0107 w okre\u015blonym miejscu maksymalnie 2 razy)<br \/>\nW\u0142osy poddane zabiegowi musz\u0105 mie\u0107 odpowiedni\u0105 d\u0142ugo\u015b\u0107, nie mog\u0105 by\u0107 ani zbyt d\u0142ugie ani zbyt kr\u00f3tkie. Na nogach optymalna d\u0142ugo\u015b\u0107 to 6 mm, bikini i pachy 6-8 mm, twarz 2-4 mm. W przypadku w\u0142os\u00f3w cienkich, delikatnych warto\u015bci te mog\u0105 by\u0107 ni\u017csze. W dniu zabiegu nie zaleca si\u0119 stosowania preparat\u00f3w nat\u0142uszczaj\u0105cych, gdy\u017c zmniejszaj\u0105 one przyczepno\u015b\u0107 pasty, oraz peeling\u00f3w poniewa\u017c mog\u0105 podra\u017cni\u0107 sk\u00f3r\u0119.<\/p>\n<\/div><div id=\"ui--gallery-1\" class=\"ui--gallery ui--pass\" data-columns=\"2\"><div class=\"unstyled-all clearfix ui--gallery-wrapper columns-2 \"><div class=\"ui-row row\">\n <div   class=\"ui-column span6\"><div class=\"ui--gallery-item ui--animation\"><div class=\"inner\"><a href=\"http:\/\/beauty-center.pl\/wp-content\/uploads\/2016\/05\/sumer_season_epilation_depilation4.jpg\" target=\"_blank\" data-rel=\"prettyPhoto[ui--gallery-1]\"><img loading=\"lazy\" decoding=\"async\" width=\"500\" height=\"491\" src=\"https:\/\/beauty-center.pl\/wp-content\/uploads\/2016\/05\/sumer_season_epilation_depilation4-500x491.jpg\" class=\"attachment-custom_500x500x1 size-custom_500x500x1\" alt=\"\" \/><div class=\"ui--gallery-overlay\"><div class=\"center\"><span class=\"btn btn-normal btn-icon-left btn-grey ui--animation\" href=\"#\" style=\"\"><i class=\"ui--icon fontawesome-fullscreen\"><\/i><\/span> <\/div><\/div><\/a><\/div><\/div><\/div> \n\n <div   class=\"ui-column span6\"><div class=\"ui--gallery-item ui--animation\"><div class=\"inner\"><a href=\"http:\/\/beauty-center.pl\/wp-content\/uploads\/2016\/05\/shutterstock_depilacija_BigImageCrop.jpg\" target=\"_blank\" data-rel=\"prettyPhoto[ui--gallery-1]\"><img loading=\"lazy\" decoding=\"async\" width=\"500\" height=\"374\" src=\"https:\/\/beauty-center.pl\/wp-content\/uploads\/2016\/05\/shutterstock_depilacija_BigImageCrop-500x374.jpg\" class=\"attachment-custom_500x500x1 size-custom_500x500x1\" alt=\"\" \/><div class=\"ui--gallery-overlay\"><div class=\"center\"><span class=\"btn btn-normal btn-icon-left btn-grey ui--animation\" href=\"#\" style=\"\"><i class=\"ui--icon fontawesome-fullscreen\"><\/i><\/span> <\/div><\/div><\/a><\/div><\/div><\/div> \n\n<\/div> \n<\/div><div class=\"clearfix\"><\/div><\/div><div class=\"ui--title ui--animation ui--title-bordered text-center\"><div class=\"ui--title-holder\"><h4 class=\"ui--title-text\" style=\"color: #bd1e9d !important;\">CENNIK<\/h4><div style=\"border-color: #bd1e9d !important;\" class=\"ui--title-borders ui--title-border-left\"><\/div><div style=\"border-color: #bd1e9d !important;\" class=\"ui--title-borders ui--title-border-right\"><\/div><\/div><\/div><\/div> \n\n<\/div> \n<\/div><\/div><\/div>","protected":false},"excerpt":{"rendered":"<p>ZABIEGI KOSMETYCZNEMAKIJA\u017b PERMANENTNY METOD\u0104 PI\u00d3RKOW\u0104 DEPILACJA PAST\u0104 CUKROW\u0104 TRWA\u0141E PRZED\u0141U\u017bANIE RZ\u0118S RZ\u0118SY od 3D do 8D USUWANIE KURZAJEK I W\u0141\u00d3KNIAK\u00d3W HENNA I REGULACJA BRWI MIKRODERMABRAZJA MAKIJA\u017b PERMANENTNY USUWANIE MAKIJA\u017bU PERMANENTNEGO PEELING KAWITACYJNY USUWANIE BRODAWEK I W\u0141\u00d3KNIAK\u00d3W FALE RADIOWE LECZENIE NADPOTLIWO\u015aCI ZABIEGI NA TWARZ ZABIEG RELAKSACYJNO \u2013 DOTLENIAJ\u0104CY ELEKTROKOAGULACJA ZABIEG OCZYSZCZAJ\u0104CY ZABIEG LIFTINGUJ\u0104CY EFEKT MOTYLA KWAS [&hellip;]<\/p>\n","protected":false},"author":1,"featured_media":0,"parent":0,"menu_order":0,"comment_status":"closed","ping_status":"closed","template":"","meta":{"footnotes":""},"class_list":["post-1412","page","type-page","status-publish","hentry"],"_links":{"self":[{"href":"https:\/\/beauty-center.pl\/index.php\/wp-json\/wp\/v2\/pages\/1412","targetHints":{"allow":["GET"]}}],"collection":[{"href":"https:\/\/beauty-center.pl\/index.php\/wp-json\/wp\/v2\/pages"}],"about":[{"href":"https:\/\/beauty-center.pl\/index.php\/wp-json\/wp\/v2\/types\/page"}],"author":[{"embeddable":true,"href":"https:\/\/beauty-center.pl\/index.php\/wp-json\/wp\/v2\/users\/1"}],"replies":[{"embeddable":true,"href":"https:\/\/beauty-center.pl\/index.php\/wp-json\/wp\/v2\/comments?post=1412"}],"version-history":[{"count":1,"href":"https:\/\/beauty-center.pl\/index.php\/wp-json\/wp\/v2\/pages\/1412\/revisions"}],"predecessor-version":[{"id":1416,"href":"https:\/\/beauty-center.pl\/index.php\/wp-json\/wp\/v2\/pages\/1412\/revisions\/1416"}],"wp:attachment":[{"href":"https:\/\/beauty-center.pl\/index.php\/wp-json\/wp\/v2\/media?parent=1412"}],"curies":[{"name":"wp","href":"https:\/\/api.w.org\/{rel}","templated":true}]}}