{"id":1418,"date":"2016-05-30T17:11:39","date_gmt":"2016-05-30T15:11:39","guid":{"rendered":"http:\/\/beauty.kbsolution.pl\/?page_id=1418"},"modified":"2016-05-30T17:11:39","modified_gmt":"2016-05-30T15:11:39","slug":"trwale-przedluzanie-rzes","status":"publish","type":"page","link":"https:\/\/beauty-center.pl\/index.php\/trwale-przedluzanie-rzes\/","title":{"rendered":"TRWA\u0141E PRZED\u0141U\u017bANIE RZ\u0118S"},"content":{"rendered":"<div class=\"ui-row row\">\n <div   class=\"ui-column span4\"><div id=\"nav_menu-3\" class=\"widget widget_nav_menu\"><h4 class=\"sidebar-widget-title ui--widget-title\"><span>ZABIEGI KOSMETYCZNE<\/span><\/h4><div class=\"menu-zabiegi-kosmetyczne-container\"><ul id=\"menu-zabiegi-kosmetyczne\" class=\"menu\"><li id=\"menu-item-1410\" class=\"menu-item menu-item-type-post_type menu-item-object-page depth-0 to-right\"><a href=\"https:\/\/beauty-center.pl\/index.php\/makijaz-permanentny-brwi-metoda-piorkowa\/\"><strong>MAKIJA\u017b PERMANENTNY METOD\u0104 PI\u00d3RKOW\u0104<\/strong><\/a><\/li>\n<li id=\"menu-item-1417\" class=\"menu-item menu-item-type-post_type menu-item-object-page depth-0 to-right\"><a href=\"https:\/\/beauty-center.pl\/index.php\/depilacja-pasta-cukrowa\/\">DEPILACJA PAST\u0104 CUKROW\u0104<\/a><\/li>\n<li id=\"menu-item-1423\" class=\"menu-item menu-item-type-post_type menu-item-object-page depth-0 to-right\"><a href=\"https:\/\/beauty-center.pl\/index.php\/trwale-przedluzanie-rzes\/\">TRWA\u0141E PRZED\u0141U\u017bANIE RZ\u0118S<\/a><\/li>\n<li id=\"menu-item-1435\" class=\"menu-item menu-item-type-post_type menu-item-object-page depth-0 to-right\"><a href=\"https:\/\/beauty-center.pl\/index.php\/rzesy-od-3d-do-8d\/\">RZ\u0118SY od 3D do 8D<\/a><\/li>\n<li id=\"menu-item-1438\" class=\"menu-item menu-item-type-post_type menu-item-object-page depth-0 to-right\"><a href=\"https:\/\/beauty-center.pl\/index.php\/usuwanie-kurzajek-i-wlokniakow\/\">USUWANIE KURZAJEK I W\u0141\u00d3KNIAK\u00d3W<\/a><\/li>\n<li id=\"menu-item-1476\" class=\"menu-item menu-item-type-post_type menu-item-object-page depth-0 to-right\"><a href=\"https:\/\/beauty-center.pl\/index.php\/1472-2\/\">HENNA I REGULACJA BRWI<\/a><\/li>\n<li id=\"menu-item-1483\" class=\"menu-item menu-item-type-post_type menu-item-object-page depth-0 to-right\"><a href=\"https:\/\/beauty-center.pl\/index.php\/mikrodermabrazja-2\/\">MIKRODERMABRAZJA<\/a><\/li>\n<li id=\"menu-item-1516\" class=\"menu-item menu-item-type-post_type menu-item-object-page depth-0 to-right\"><a href=\"https:\/\/beauty-center.pl\/index.php\/makijaz-permanentny-2\/\">MAKIJA\u017b PERMANENTNY<\/a><\/li>\n<li id=\"menu-item-1519\" class=\"menu-item menu-item-type-post_type menu-item-object-page depth-0 to-right\"><a href=\"https:\/\/beauty-center.pl\/index.php\/usuwanie-makijazu-permanentnego\/\">USUWANIE MAKIJA\u017bU PERMANENTNEGO<\/a><\/li>\n<li id=\"menu-item-1523\" class=\"menu-item menu-item-type-post_type menu-item-object-page depth-0 to-right\"><a href=\"https:\/\/beauty-center.pl\/index.php\/peeling-kawitacyjny\/\">PEELING KAWITACYJNY<\/a><\/li>\n<li id=\"menu-item-1526\" class=\"menu-item menu-item-type-post_type menu-item-object-page depth-0 to-right\"><a href=\"https:\/\/beauty-center.pl\/index.php\/usuwanie-brodawek-i-wlokniakow\/\">USUWANIE BRODAWEK I W\u0141\u00d3KNIAK\u00d3W<\/a><\/li>\n<li id=\"menu-item-1538\" class=\"menu-item menu-item-type-post_type menu-item-object-page depth-0 to-right\"><a href=\"https:\/\/beauty-center.pl\/index.php\/fale-radiowe-2\/\">FALE RADIOWE<\/a><\/li>\n<li id=\"menu-item-1539\" class=\"menu-item menu-item-type-post_type menu-item-object-page depth-0 to-right\"><a href=\"https:\/\/beauty-center.pl\/index.php\/leczenie-nadpotliwosci\/\">LECZENIE NADPOTLIWO\u015aCI<\/a><\/li>\n<li id=\"menu-item-1541\" class=\"menu-item menu-item-type-post_type menu-item-object-page depth-0 to-right\"><a href=\"https:\/\/beauty-center.pl\/index.php\/zabiegi-na-twarz-2\/\">ZABIEGI NA TWARZ<\/a><\/li>\n<li id=\"menu-item-1548\" class=\"menu-item menu-item-type-post_type menu-item-object-page depth-0 to-right\"><a href=\"https:\/\/beauty-center.pl\/index.php\/zabieg-relaksacyjno-dotleniajacy\/\">ZABIEG RELAKSACYJNO \u2013 DOTLENIAJ\u0104CY<\/a><\/li>\n<li id=\"menu-item-1549\" class=\"menu-item menu-item-type-post_type menu-item-object-page depth-0 to-right\"><a href=\"https:\/\/beauty-center.pl\/index.php\/elektrokoagulacja\/\">ELEKTROKOAGULACJA<\/a><\/li>\n<li id=\"menu-item-1557\" class=\"menu-item menu-item-type-post_type menu-item-object-page depth-0 to-right\"><a href=\"https:\/\/beauty-center.pl\/index.php\/zabieg-oczyszczajacy\/\">ZABIEG OCZYSZCZAJ\u0104CY<\/a><\/li>\n<li id=\"menu-item-1558\" class=\"menu-item menu-item-type-post_type menu-item-object-page depth-0 to-right\"><a href=\"https:\/\/beauty-center.pl\/index.php\/zabieg-liftingujacy\/\">ZABIEG LIFTINGUJ\u0104CY<\/a><\/li>\n<li id=\"menu-item-1562\" class=\"menu-item menu-item-type-post_type menu-item-object-page depth-0 to-right\"><a href=\"https:\/\/beauty-center.pl\/index.php\/efekt-motyla\/\">EFEKT MOTYLA<\/a><\/li>\n<li id=\"menu-item-1828\" class=\"menu-item menu-item-type-post_type menu-item-object-page depth-0 to-right\"><a href=\"https:\/\/beauty-center.pl\/index.php\/kwas-migdalowy\/\">KWAS MIGDA\u0141OWY<\/a><\/li>\n<li id=\"menu-item-1831\" class=\"menu-item menu-item-type-post_type menu-item-object-page depth-0 to-right\"><a href=\"https:\/\/beauty-center.pl\/index.php\/peeling-ziolowy\/\">PEELING ZIO\u0141OWY<\/a><\/li>\n<li id=\"menu-item-1576\" class=\"menu-item menu-item-type-post_type menu-item-object-page depth-0 to-right\"><a href=\"https:\/\/beauty-center.pl\/index.php\/mezoterapia-mikroiglowa\/\">MEZOTERAPIA MIKROIG\u0141OWA<\/a><\/li>\n<li id=\"menu-item-1577\" class=\"menu-item menu-item-type-post_type menu-item-object-page depth-0 to-right\"><a href=\"https:\/\/beauty-center.pl\/index.php\/mezoterapia-iglowa-plytka\/\">MEZOTERAPIA IG\u0141OWA P\u0141YTKA<\/a><\/li>\n<li id=\"menu-item-1578\" class=\"menu-item menu-item-type-post_type menu-item-object-page depth-0 to-right\"><a href=\"https:\/\/beauty-center.pl\/index.php\/mezoterapia-beziglowa-2\/\">MEZOTERAPIA BEZIG\u0141OWA<\/a><\/li>\n<li id=\"menu-item-1579\" class=\"menu-item menu-item-type-post_type menu-item-object-page depth-0 to-right\"><a href=\"https:\/\/beauty-center.pl\/index.php\/mezoterapia-iglowa\/\">MEZOTERAPIA IG\u0141OWA<\/a><\/li>\n<li id=\"menu-item-1591\" class=\"menu-item menu-item-type-post_type menu-item-object-page depth-0 to-right\"><a href=\"https:\/\/beauty-center.pl\/index.php\/trwala-na-rzesy\/\">TRWA\u0141A NA RZ\u0118SY<\/a><\/li>\n<li id=\"menu-item-1603\" class=\"menu-item menu-item-type-post_type menu-item-object-page depth-0 to-right\"><a href=\"https:\/\/beauty-center.pl\/index.php\/zabiegi-dla-mezczyzn\/\">ZABIEGI DLA M\u0118\u017bCZYZN<\/a><\/li>\n<li id=\"menu-item-1604\" class=\"menu-item menu-item-type-post_type menu-item-object-page depth-0 to-right\"><a href=\"https:\/\/beauty-center.pl\/index.php\/masaz-cisnieniowy\/\">MASA\u017b CI\u015aNIENIOWY<\/a><\/li>\n<li id=\"menu-item-1605\" class=\"menu-item menu-item-type-post_type menu-item-object-page depth-0 to-right\"><a href=\"https:\/\/beauty-center.pl\/index.php\/ultradzwieki\/\">ULTRAD\u0179WI\u0118KI<\/a><\/li>\n<li id=\"menu-item-1606\" class=\"menu-item menu-item-type-post_type menu-item-object-page depth-0 to-right\"><a href=\"https:\/\/beauty-center.pl\/index.php\/depilacja-2\/\">DEPILACJA<\/a><\/li>\n<li id=\"menu-item-1607\" class=\"menu-item menu-item-type-post_type menu-item-object-page depth-0 to-right\"><a href=\"https:\/\/beauty-center.pl\/index.php\/opalanie-natryskowe\/\">OPALANIE NATRYSKOWE<\/a><\/li>\n<li id=\"menu-item-2002\" class=\"menu-item menu-item-type-post_type menu-item-object-page depth-0 to-right\"><a href=\"https:\/\/beauty-center.pl\/index.php\/bb-glow-3\/\">BB GLOW<\/a><\/li>\n<li id=\"menu-item-2021\" class=\"menu-item menu-item-type-post_type menu-item-object-page depth-0 to-right\"><a href=\"https:\/\/beauty-center.pl\/index.php\/henna-marokanska-2\/\">HENNA MAROKA\u0143SKA<\/a><\/li>\n<\/ul><\/div><\/div><\/div> \n\n <div   class=\"ui-column span8\"><div class=\"ui--title ui--animation ui--title-bordered text-center\"><div class=\"ui--title-holder\"><h3 class=\"ui--title-text\" style=\"color: #bd1e9d !important;\">TRWA\u0141E PRZED\u0141U\u017bANIE I ZAG\u0118SZCZANIE RZ\u0118S MaxLashes<\/h3><div style=\"border-color: #bd1e9d !important;\" class=\"ui--title-borders ui--title-border-left\"><\/div><div style=\"border-color: #bd1e9d !important;\" class=\"ui--title-borders ui--title-border-right\"><\/div><\/div><\/div><div class=\"auto-format ui--animation\"><p><center><strong>W Naszej ofercie r\u00f3wnie\u017c szkolenia z trwa\u0142ego przed\u0142u\u017cania rz\u0119s!<br \/>\nRz\u0119sy z norek 140z\u0142<br \/>\nOdnowa rz\u0119s do 3 tygodni po zabiegu w cenie 100z\u0142<\/strong><\/center><\/p>\n<\/div><div class=\"auto-format ui--animation\"><p>r\u00f3\u017cne rodzaje rz\u0119s do wyboru w zale\u017cno\u015bci od oczekiwania klientki &#8211; jedwabne, norki, brokatowe, z cyrkoniami, 3D, syntetyczne i wiele innych<br \/>\nPozw\u00f3l sobie na rz\u0119sy o kt\u00f3rych zawsze marzy\u0142a\u015b. Dzi\u0119ki zabiegowi osi\u0105gniesz niepowtarzalny, niesamowity efekt, kt\u00f3ry mo\u017ce trwa\u0107 nawet do kilku miesi\u0119cy. Zabieg polega na doklejaniu pojedynczych rz\u0119s syntetycznych do ka\u017cdej Twojej naturalnej. Dzi\u0119ki temu uzyskujesz efekt, kt\u00f3remu nie dor\u00f3wna \u017caden tusz. Nabierzesz pewno\u015bci siebie, gdy\u017c nie musisz si\u0119 ju\u017c martwi\u0107 o rozmazane oczy, smugi czy grudki. O ka\u017cdej porze Twoje oczy s\u0105 wyra\u017ane, zmys\u0142owe i pe\u0142ne g\u0142\u0119bi.<\/p>\n<p><strong>TRWA\u0141E PRZED\u0141U\u017bANIE I ZAG\u0118SZCZANIE RZ\u0118S<\/strong> nie niszczy naszych rz\u0119s. Klej po\u0142o\u017cony na naturalnej rz\u0119sie zamienia si\u0119 w \u0142agodn\u0105 i elastyczn\u0105, polipeptydow\u0105 wi\u0119\u017a, kt\u00f3ra pozwala rz\u0119som pozosta\u0107 naturalnie gi\u0119tkim. Syntetyczna rz\u0119sa przylega idealnie do naturalnej g\u0142adko i wygodnie nie niszcz\u0105c jej.<\/p>\n<\/div><div class=\"ui--image-wrap clearfix text-center ui--block\" style=\"margin-top: 10px;  margin-bottom: 25px;\"><img loading=\"lazy\" decoding=\"async\" width=\"500\" height=\"277\" src=\"https:\/\/beauty-center.pl\/wp-content\/uploads\/2016\/09\/rzesy5.jpg\" class=\"ui--image ui--animation\" alt=\"\" id=\"ui--image-1\" srcset=\"https:\/\/beauty-center.pl\/wp-content\/uploads\/2016\/09\/rzesy5.jpg 500w, https:\/\/beauty-center.pl\/wp-content\/uploads\/2016\/09\/rzesy5-300x166.jpg 300w\" sizes=\"auto, (max-width: 500px) 100vw, 500px\" \/><\/div><div class=\"ui--title ui--animation ui--title-bordered text-center\"><div class=\"ui--title-holder\"><h4 class=\"ui--title-text\" style=\"color: #bd1e9d !important;\">TWOJE RZ\u0118SY 100 % D\u0141U\u017bSZE, GRUBSZE, BARDZIEJ PODKR\u0118CONE RZ\u0118SY<\/h4><div style=\"border-color: #bd1e9d !important;\" class=\"ui--title-borders ui--title-border-left\"><\/div><div style=\"border-color: #bd1e9d !important;\" class=\"ui--title-borders ui--title-border-right\"><\/div><\/div><\/div><ul class=\"ui--list list-font-icon parent-1\"><li class=\"child-1 total-4 ui--animation\"><i class=\"list-icon 14px fontawesome-ok\" style=\"color: #bd1e9d !important;\"><\/i>o zwi\u0119kszonej obj\u0119to\u015bci<\/li><li class=\"child-2 total-4 ui--animation\"><i class=\"list-icon 14px fontawesome-ok\" style=\"color: #bd1e9d !important;\"><\/i>w intensywnym kolorze<\/li><li class=\"child-3 total-4 ui--animation\"><i class=\"list-icon 14px fontawesome-ok\" style=\"color: #bd1e9d !important;\"><\/i>wodoodporne<\/li><li class=\"child-4 total-4 ui--animation\"><i class=\"list-icon 14px fontawesome-ok\" style=\"color: #bd1e9d !important;\"><\/i>o kilkumiesi\u0119cznej trwa\u0142o\u015bci<\/li>  <\/ul><div class=\"ui--title ui--animation ui--title-bordered text-center\"><div class=\"ui--title-holder\"><h4 class=\"ui--title-text\" style=\"color: #bd1e9d !important;\">NIESAMOWITY EFEKT - 24 GODZINY NA DOB\u0118 ZACHWYCAJ\u0104CE  NIGDY WI\u0118CEJ TUSZU DO RZ\u0118S, ROZMAZANYCH OCZU, SMUG CZY GRUDEK<\/h4><div style=\"border-color: #bd1e9d !important;\" class=\"ui--title-borders ui--title-border-left\"><\/div><div style=\"border-color: #bd1e9d !important;\" class=\"ui--title-borders ui--title-border-right\"><\/div><\/div><\/div><ul class=\"ui--list list-font-icon parent-2\"><li class=\"child-1 total-4 ui--animation\"><i class=\"list-icon 14px fontawesome-ok\" style=\"color: #bd1e9d !important;\"><\/i>kilkumiesi\u0119czna trwa\u0142o\u015b\u0107 a\u017c do momentu zako\u0144czenia \"cyklu \u017cycia\" przez naturaln\u0105 rz\u0119s\u0119<\/li><li class=\"child-2 total-4 ui--animation\"><i class=\"list-icon 14px fontawesome-ok\" style=\"color: #bd1e9d !important;\"><\/i>w 100% bezpieczny, testowany farmaceutycznie klej<\/li><li class=\"child-3 total-4 ui--animation\"><i class=\"list-icon 14px fontawesome-ok\" style=\"color: #bd1e9d !important;\"><\/i>dope\u0142nienia zalecane od 2 - 4 tygodni<\/li><li class=\"child-4 total-4 ui--animation\"><i class=\"list-icon 14px fontawesome-ok\" style=\"color: #bd1e9d !important;\"><\/i>Zag\u0119szczanie rz\u0119s - idealne je\u017celi rz\u0119sy s\u0105 nie tylko kr\u00f3tkie, ale i rzadkie<\/li>  <\/ul><div class=\"auto-format ui--animation\"><p>Pomys\u0142 narodzi\u0142 si\u0119 w dalekiej Azji, ale najwi\u0119ksze zastosowanie i sukces odnosi w USA, gdzie ma ju\u017c wiele zwolenniczek. Zbiera \u015bwietne recenzje. Jest jednym z zabieg\u00f3w, kt\u00f3re bardzo poprawiaj\u0105 samopoczucie, samoocen\u0119, a efekt jest przecie\u017c natychmiastowy.<\/p>\n<\/div><div class=\"ui--title ui--animation ui--title-bordered text-center\"><div class=\"ui--title-holder\"><h4 class=\"ui--title-text\" style=\"color: #bd1e9d !important;\">NAJCZ\u0118\u015aCIEJ ZADAWANE PYTANIA :<\/h4><div style=\"border-color: #bd1e9d !important;\" class=\"ui--title-borders ui--title-border-left\"><\/div><div style=\"border-color: #bd1e9d !important;\" class=\"ui--title-borders ui--title-border-right\"><\/div><\/div><\/div><div class=\"auto-format ui--animation\"><p><strong><em>Co to jest TRWA\u0141E ZAG\u0118SZCZENIE I PRZED\u0141U\u017bANIE RZ\u0118S?<\/em><\/strong> <\/p>\n<p><strong>PRZED\u0141U\u017bANIE RZ\u0118S<\/strong> Nasz\u0105 metod\u0105, to prze\u0142om w technice przed\u0142u\u017cania rz\u0119s, zupe\u0142nie nowy spos\u00f3b pozwalaj\u0105cy przed\u0142u\u017cy\u0107, zag\u0119\u015bci\u0107 i pogrubi\u0107 Twoje w\u0142asne rz\u0119sy. Ta nowatorska metoda polega na doklejeniu syntetycznych rz\u0119s, &#8222;w\u0142osek po w\u0142osku&#8221; do Twoich rz\u0119s, tak by uzyska\u0107 ca\u0142kowicie naturalny efekt.<\/p>\n<p><strong><em>Na jak d\u0142ugo mog\u0119 nosi\u0107 trwale przed\u0142u\u017cone i zag\u0119szczone rz\u0119sy?<\/em><\/strong><br \/>\nNajcz\u0119\u015bciej jest to okres kilku miesi\u0119cy, czyli dok\u0142adnie tyle, ile trwa cykl \u017cycia naturalnej ludzkiej rz\u0119sy. Polecane i niezb\u0119dne dla idealnego wygl\u0105du Twoich nowych rz\u0119s s\u0105 tak zwane &#8222;dope\u0142nienia&#8221;, poniewa\u017c niekt\u00f3re naturalne rz\u0119sy zako\u0144cz\u0105 sw\u00f3j cykl \u017cycia i wypadn\u0105 razem z przed\u0142u\u017conymi rz\u0119sami. Nigdy nie wiadomo w jakiej fazie aktualnie jest dana rz\u0119sa (wzrostu, zaniku, spoczynku) i w zwi\u0105zku z tym zabieg dope\u0142nienia rz\u0119s zaleca si\u0119 wykonywa\u0107 co 3 &#8211; 6 tygodni.<br \/>\n<strong><br \/>\n<em>Jak powinnam dba\u0107 o moje nowe rz\u0119sy?<\/em><\/strong><br \/>\nMo\u017cna stosowa\u0107 dowolne preparaty do demakija\u017cu oczu. Nale\u017cy zmywa\u0107 makija\u017c oka delikatnymi ruchami, bez tarcia (to r\u00f3wnie\u017c zasada profilaktyki przeciwzmarszczkowej okolic oka) i raczej nie stosowa\u0107 wacik\u00f3w kosmetycznych, tylko zast\u0105pi\u0107 je kosmetycznymi g\u0105beczkami.<br \/>\nNie ma potrzeby stosowania tuszu do rz\u0119s !, dlatego makija\u017c jest bardzo \u0142atwy do usuni\u0119cia.<br \/>\n<strong><br \/>\n<em>Czy mog\u0119 nak\u0142ada\u0107 tusz do rz\u0119s?<\/em><\/strong><br \/>\nNie ma przeciwwskaza\u0144 do jego stosowania. Rz\u0119sy trwale przed\u0142u\u017cone proponowan\u0105 przez Nas metod\u0105 wygl\u0105daj\u0105 tak efektownie, \u017ce nie potrzebuj\u0105 dodatkowej oprawy. Je\u015bli jednak kt\u00f3ra\u015b z Pa\u0144 zdecyduje si\u0119 na\u0142o\u017cy\u0107 tusz to nie powinien by\u0107 to tusz wodoodporny tylko klasyczny.<\/p>\n<p><strong><em>Czy mog\u0119 uzyska\u0107 bardziej naturalny lub bardziej teatralny efekt decyduj\u0105c si\u0119 na PRZED\u0141U\u017bANIE RZ\u0118S T\u0104 METOD\u0104?<\/em><\/strong><br \/>\nOczywi\u015bcie. Rz\u0119sy wyst\u0119puj\u0105 w wielu d\u0142ugo\u015bciach, grubo\u015bciach i maj\u0105 r\u00f3\u017cny stopie\u0144 podkr\u0119cenia, dzi\u0119ki czemu przed zabiegiem mog\u0105 Panie ustali\u0107 jakiego efektu oczekuj\u0105.<\/p>\n<p><em><strong>Czy mog\u0119 korzysta\u0107 z sauny lub basenu?<\/strong><\/em><br \/>\nTak. P\u0142ywanie czy korzystanie z sauny nie ma \u017cadnego wp\u0142ywu na d\u0142ugo\u015b\u0107 noszenia rz\u0119s. R\u00f3wnie\u017c przebywanie w gor\u0105cym i wilgotnym klimacie nie szkodzi Naszym nowym rz\u0119som. Klej stosowany do zabiegu jest odporny na dzia\u0142anie wody, wysokich i niskich temperatur oraz kosmetyk\u00f3w. Bez obaw \u015bpimy, budzimy si\u0119 i chodzimy z zachwycaj\u0105cymi rz\u0119sami 24 godziny na dob\u0119 przez okres kilku miesi\u0119cy (ucz\u0119szczaj\u0105c na zabieg dope\u0142niania w zale\u017cno\u015bci od potrzeb).<br \/>\n<strong><br \/>\n<em>Czy rz\u0119sy mog\u0105 spowodowa\u0107 reakcj\u0119 alergiczn\u0105?<\/strong><\/em><br \/>\nNie, sk\u0142adniki i preparaty stosowane do zabiegu to produkty najnowszej generacji i najbezpieczniejsze, testowane farmaceutycznie, przez co s\u0105 ca\u0142kowicie bezpieczne dla oka i okolicy oka. Osoby nosz\u0105ce szk\u0142a kontaktowe mog\u0105 bez obaw podda\u0107 si\u0119 zabiegowi.<\/p>\n<p><strong><em>Czy mog\u0119 usun\u0105\u0107 sztuczne rz\u0119sy?<\/em><\/strong><br \/>\nTak. W dowolnym momencie mo\u017cna usun\u0105\u0107 wszystkie rz\u0119sy bez szkody dla naszych naturalnych rz\u0119s. S\u0142u\u017cy do tego specjalny, \u0142agodny dla oka preparat usuwaj\u0105cy doklejone rz\u0119sy.<\/p>\n<\/div><\/div> \n\n<\/div> \n","protected":false},"excerpt":{"rendered":"<p>ZABIEGI KOSMETYCZNEMAKIJA\u017b PERMANENTNY METOD\u0104 PI\u00d3RKOW\u0104 DEPILACJA PAST\u0104 CUKROW\u0104 TRWA\u0141E PRZED\u0141U\u017bANIE RZ\u0118S RZ\u0118SY od 3D do 8D USUWANIE KURZAJEK I W\u0141\u00d3KNIAK\u00d3W HENNA I REGULACJA BRWI MIKRODERMABRAZJA MAKIJA\u017b PERMANENTNY USUWANIE MAKIJA\u017bU PERMANENTNEGO PEELING KAWITACYJNY USUWANIE BRODAWEK I W\u0141\u00d3KNIAK\u00d3W FALE RADIOWE LECZENIE NADPOTLIWO\u015aCI ZABIEGI NA TWARZ ZABIEG RELAKSACYJNO \u2013 DOTLENIAJ\u0104CY ELEKTROKOAGULACJA ZABIEG OCZYSZCZAJ\u0104CY ZABIEG LIFTINGUJ\u0104CY EFEKT MOTYLA KWAS [&hellip;]<\/p>\n","protected":false},"author":1,"featured_media":0,"parent":0,"menu_order":0,"comment_status":"closed","ping_status":"closed","template":"","meta":{"footnotes":""},"class_list":["post-1418","page","type-page","status-publish","hentry"],"_links":{"self":[{"href":"https:\/\/beauty-center.pl\/index.php\/wp-json\/wp\/v2\/pages\/1418","targetHints":{"allow":["GET"]}}],"collection":[{"href":"https:\/\/beauty-center.pl\/index.php\/wp-json\/wp\/v2\/pages"}],"about":[{"href":"https:\/\/beauty-center.pl\/index.php\/wp-json\/wp\/v2\/types\/page"}],"author":[{"embeddable":true,"href":"https:\/\/beauty-center.pl\/index.php\/wp-json\/wp\/v2\/users\/1"}],"replies":[{"embeddable":true,"href":"https:\/\/beauty-center.pl\/index.php\/wp-json\/wp\/v2\/comments?post=1418"}],"version-history":[{"count":1,"href":"https:\/\/beauty-center.pl\/index.php\/wp-json\/wp\/v2\/pages\/1418\/revisions"}],"predecessor-version":[{"id":1422,"href":"https:\/\/beauty-center.pl\/index.php\/wp-json\/wp\/v2\/pages\/1418\/revisions\/1422"}],"wp:attachment":[{"href":"https:\/\/beauty-center.pl\/index.php\/wp-json\/wp\/v2\/media?parent=1418"}],"curies":[{"name":"wp","href":"https:\/\/api.w.org\/{rel}","templated":true}]}}