{"id":1439,"date":"2016-05-30T20:10:08","date_gmt":"2016-05-30T18:10:08","guid":{"rendered":"http:\/\/beauty.kbsolution.pl\/?page_id=1439"},"modified":"2020-09-17T13:10:15","modified_gmt":"2020-09-17T11:10:15","slug":"promocje","status":"publish","type":"page","link":"https:\/\/beauty-center.pl\/index.php\/promocje\/","title":{"rendered":"PROMOCJE"},"content":{"rendered":"<div  class=\"ui--tagline-box-wrapper ui--animation clearfix\"><div  id=\"tagline-1\" class=\"ui--tagline-box ui-row clearfix ui--tagline-box-custom-color radius-3px\" data-responsive=\"{&quot;css&quot;:{&quot;min-height&quot;:{&quot;phone&quot;:&quot;auto&quot;,&quot;tablet&quot;:&quot;auto&quot;,&quot;widescreen&quot;:&quot;&quot;}}}\"><div  class=\"ui--tagline-background-container ui--tagline-background-overlay radius-3px\"><\/div><div  class=\"ui--tagline-background-container ui--tagline-background-image radius-3px\"><\/div><div  class=\"ui--tagline-content\"><div id=\"blog-1\" class=\"ui--blog ui--blog-wrapper ui--pass\" data-layout=\"standard\" data-columns=\"1\"><div class=\"post-2298 post type-post status-publish format-standard hentry ui--blog-item clearfix layout--medium\"><div class=\"ui--blog-side ui--blog-date ui--accent-gradient-hover-parent ui--box\"><h3><span class=\"ui--blog-date-day ui--accent-gradient-hover\">18<\/span><\/h3><h6 class=\"ui--blog-date-month ui--gradient ui--gradient-grey\"><span>wrz<\/span><span>2020<\/span><\/h6><\/div><div class=\"ui--blog-content-wrapper\"><div class=\"ui--blog-header\"><h5 class=\"ui--blog-title entry-title clearfix\"><a class=\"ui--blog-link\" href=\"https:\/\/beauty-center.pl\/index.php\/2020\/09\/18\/rzesy-11\/\">RZ\u0118SY 1:1<\/a><\/h5><\/div><div class=\"ui--blog-content\">Drogie Klientki\r\n\r\nOd dzi\u015b mo\u017cecie zapisywa\u0107 si\u0119 na rz\u0119sy metod\u0105 1:1 \u00a0do naszej sta\u017cystki, u kt\u00f3rej obowi\u0105zuj\u0105 promocje. Sta\u017cystka jest po szkoleniu, bardzo dok\u0142adna. Niskie ceny us\u0142ug ze wzgl\u0119du na wyd\u0142u\u017cony czas pracy.\r\n\r\nCENA 35 Z\u0141.\r\n\r\nZainteresowane osoby zapraszamy do zapis\u00f3w telefonicznych 91 813 74 76 jak i poprzez Messenger z zaznaczeniem \u017ce chodzi o us\u0142ug\u0119 promocyjn\u0105. <\/div><\/div><div style=\"display:none;\"><span class=\"date updated published\">18 wrze\u015bnia 2020<\/span><span class=\"vcard author\"><a href=\"https:\/\/beauty-center.pl\/index.php\/author\/rkowalska\/\" class=\"fn\">rkowalska<\/a><\/span><\/div><\/div><div class=\"post-2295 post type-post status-publish format-standard hentry ui--blog-item clearfix layout--medium\"><div class=\"ui--blog-side ui--blog-date ui--accent-gradient-hover-parent ui--box\"><h3><span class=\"ui--blog-date-day ui--accent-gradient-hover\">18<\/span><\/h3><h6 class=\"ui--blog-date-month ui--gradient ui--gradient-grey\"><span>wrz<\/span><span>2020<\/span><\/h6><\/div><div class=\"ui--blog-content-wrapper\"><div class=\"ui--blog-header\"><h5 class=\"ui--blog-title entry-title clearfix\"><a class=\"ui--blog-link\" href=\"https:\/\/beauty-center.pl\/index.php\/2020\/09\/18\/manicure-i-pedicure-hybrydowy-zelowy\/\">MANICURE I PEDICURE HYBRYDOWY, \u017bELOWY<\/a><\/h5><\/div><div class=\"ui--blog-content\">Drogie Klientki manicure lub pedicure hybrydowy (25z\u0142) do naszej sta\u017cystki, u kt\u00f3rej obowi\u0105zuj\u0105 promocje. Sta\u017cystka jest po szkoleniu, bardzo dok\u0142adna. Niskie ceny us\u0142ug ze wzgl\u0119du na wyd\u0142u\u017cony czas pracy. Zainteresowane osoby zapraszamy do zapis\u00f3w telefonicznych 91 813 74 76 jak i poprzez Messenger z zaznaczeniem \u017ce chodzi o us\u0142ug\u0119 promocyjn\u0105. <\/div><\/div><div style=\"display:none;\"><span class=\"date updated published\">18 wrze\u015bnia 2020<\/span><span class=\"vcard author\"><a href=\"https:\/\/beauty-center.pl\/index.php\/author\/rkowalska\/\" class=\"fn\">rkowalska<\/a><\/span><\/div><\/div><div class=\"post-2224 post type-post status-publish format-standard hentry ui--blog-item clearfix layout--medium last-item\"><div class=\"ui--blog-side ui--blog-date ui--accent-gradient-hover-parent ui--box\"><h3><span class=\"ui--blog-date-day ui--accent-gradient-hover\">10<\/span><\/h3><h6 class=\"ui--blog-date-month ui--gradient ui--gradient-grey\"><span>lip<\/span><span>2020<\/span><\/h6><\/div><div class=\"ui--blog-content-wrapper\"><div class=\"ui--blog-header\"><h5 class=\"ui--blog-title entry-title clearfix\"><a class=\"ui--blog-link\" href=\"https:\/\/beauty-center.pl\/index.php\/2020\/07\/10\/powiekszanie-ust-nicmi-pdo\/\">Powi\u0119kszanie ust ni\u0107mi PDO<\/a><\/h5><\/div><div class=\"ui--blog-content\">Powi\u0119kszanie ust ni\u0107mi PDO\r\n\r\nNici PDO to syntetyczne w\u0142\u00f3kna, kt\u00f3re wszczepia si\u0119 pod sk\u00f3r\u0119, gdzie stymuluj\u0105 one mi\u0119dzy innymi syntez\u0119 kolagenu, elastyny oraz kwasu hialuronowego. W efekcie sk\u00f3ra staje si\u0119 bardziej g\u0142adka i napi\u0119ta, jej pory ulegaj\u0105 zw\u0119\u017ceniu, a tkanki zostaj\u0105 uniesione. Nici liftinguj\u0105ce wprowadzone w wargi mog\u0105 nie tylko wp\u0142yn\u0105\u0107 na ich kszta\u0142t (mo\u017cna z ich pomoc\u0105 unie\u015b\u0107 opadaj\u0105ce k\u0105ciki ust), ale te\u017c wyg\u0142adzi\u0107 je, uj\u0119drni\u0107 i uczyni\u0107 bardziej pe\u0142nymi. Metoda polega na wszczepieniu wch\u0142anialnych, chirurgicznych nici w g\u0142\u0105b sk\u00f3ry. Metoda wszczepiania nici jest praktycznie bezinwazyjna, prawie bezbolesna.Zabieg nie pozostawia blizn. Nici nie powoduj\u0105 reakcji alergicznych, nawet u bardzo wra\u017cliwych ... <span class=\"more-link\"><a class=\"btn btn-small btn-grey\" href=\"https:\/\/beauty-center.pl\/index.php\/2020\/07\/10\/powiekszanie-ust-nicmi-pdo\/\" title=\"\">Czytaj wi\u0119cej<\/a><\/span>\n<\/div><\/div><div style=\"display:none;\"><span class=\"date updated published\">10 lipca 2020<\/span><span class=\"vcard author\"><a href=\"https:\/\/beauty-center.pl\/index.php\/author\/rkowalska\/\" class=\"fn\">rkowalska<\/a><\/span><\/div><\/div><\/div><\/div><\/div><\/div>","protected":false},"excerpt":{"rendered":"<p>18wrz2020RZ\u0118SY 1:1Drogie Klientki Od dzi\u015b mo\u017cecie zapisywa\u0107 si\u0119 na rz\u0119sy metod\u0105 1:1 \u00a0do naszej sta\u017cystki, u kt\u00f3rej obowi\u0105zuj\u0105 promocje. Sta\u017cystka jest po szkoleniu, bardzo dok\u0142adna. Niskie ceny us\u0142ug ze wzgl\u0119du na wyd\u0142u\u017cony czas pracy. CENA 35 Z\u0141. Zainteresowane osoby zapraszamy do zapis\u00f3w telefonicznych 91 813 74 76 jak i poprzez Messenger z zaznaczeniem \u017ce chodzi [&hellip;]<\/p>\n","protected":false},"author":1,"featured_media":0,"parent":0,"menu_order":0,"comment_status":"closed","ping_status":"closed","template":"","meta":{"footnotes":""},"class_list":["post-1439","page","type-page","status-publish","hentry"],"_links":{"self":[{"href":"https:\/\/beauty-center.pl\/index.php\/wp-json\/wp\/v2\/pages\/1439","targetHints":{"allow":["GET"]}}],"collection":[{"href":"https:\/\/beauty-center.pl\/index.php\/wp-json\/wp\/v2\/pages"}],"about":[{"href":"https:\/\/beauty-center.pl\/index.php\/wp-json\/wp\/v2\/types\/page"}],"author":[{"embeddable":true,"href":"https:\/\/beauty-center.pl\/index.php\/wp-json\/wp\/v2\/users\/1"}],"replies":[{"embeddable":true,"href":"https:\/\/beauty-center.pl\/index.php\/wp-json\/wp\/v2\/comments?post=1439"}],"version-history":[{"count":2,"href":"https:\/\/beauty-center.pl\/index.php\/wp-json\/wp\/v2\/pages\/1439\/revisions"}],"predecessor-version":[{"id":2259,"href":"https:\/\/beauty-center.pl\/index.php\/wp-json\/wp\/v2\/pages\/1439\/revisions\/2259"}],"wp:attachment":[{"href":"https:\/\/beauty-center.pl\/index.php\/wp-json\/wp\/v2\/media?parent=1439"}],"curies":[{"name":"wp","href":"https:\/\/api.w.org\/{rel}","templated":true}]}}