{"id":1517,"date":"2016-08-27T12:12:42","date_gmt":"2016-08-27T10:12:42","guid":{"rendered":"http:\/\/beauty.kbsolution.pl\/?page_id=1517"},"modified":"2016-08-27T14:07:34","modified_gmt":"2016-08-27T12:07:34","slug":"usuwanie-makijazu-permanentnego","status":"publish","type":"page","link":"https:\/\/beauty-center.pl\/index.php\/usuwanie-makijazu-permanentnego\/","title":{"rendered":"Usuwanie makija\u017cu permanentnego"},"content":{"rendered":"<div  class=\"ui--tagline-box-wrapper ui--animation clearfix\"><div  id=\"tagline-1\" class=\"ui--tagline-box ui-row clearfix ui--tagline-box-custom-color radius-3px\" data-responsive=\"{&quot;css&quot;:{&quot;min-height&quot;:{&quot;phone&quot;:&quot;auto&quot;,&quot;tablet&quot;:&quot;auto&quot;,&quot;widescreen&quot;:&quot;&quot;}}}\"><div  class=\"ui--tagline-background-container ui--tagline-background-overlay radius-3px\"><\/div><div  class=\"ui--tagline-background-container ui--tagline-background-image radius-3px\"><\/div><div  class=\"ui--tagline-content\"><div class=\"ui-row row\">\n <div   class=\"ui-column span4\"><div id=\"nav_menu-3\" class=\"widget widget_nav_menu\"><h4 class=\"sidebar-widget-title ui--widget-title\"><span>ZABIEGI KOSMETYCZNE<\/span><\/h4><div class=\"menu-zabiegi-kosmetyczne-container\"><ul id=\"menu-zabiegi-kosmetyczne\" class=\"menu\"><li id=\"menu-item-1410\" class=\"menu-item menu-item-type-post_type menu-item-object-page depth-0 to-right\"><a href=\"https:\/\/beauty-center.pl\/index.php\/makijaz-permanentny-brwi-metoda-piorkowa\/\"><strong>MAKIJA\u017b PERMANENTNY METOD\u0104 PI\u00d3RKOW\u0104<\/strong><\/a><\/li>\n<li id=\"menu-item-1417\" class=\"menu-item menu-item-type-post_type menu-item-object-page depth-0 to-right\"><a href=\"https:\/\/beauty-center.pl\/index.php\/depilacja-pasta-cukrowa\/\">DEPILACJA PAST\u0104 CUKROW\u0104<\/a><\/li>\n<li id=\"menu-item-1423\" class=\"menu-item menu-item-type-post_type menu-item-object-page depth-0 to-right\"><a href=\"https:\/\/beauty-center.pl\/index.php\/trwale-przedluzanie-rzes\/\">TRWA\u0141E PRZED\u0141U\u017bANIE RZ\u0118S<\/a><\/li>\n<li id=\"menu-item-1435\" class=\"menu-item menu-item-type-post_type menu-item-object-page depth-0 to-right\"><a href=\"https:\/\/beauty-center.pl\/index.php\/rzesy-od-3d-do-8d\/\">RZ\u0118SY od 3D do 8D<\/a><\/li>\n<li id=\"menu-item-1438\" class=\"menu-item menu-item-type-post_type menu-item-object-page depth-0 to-right\"><a href=\"https:\/\/beauty-center.pl\/index.php\/usuwanie-kurzajek-i-wlokniakow\/\">USUWANIE KURZAJEK I W\u0141\u00d3KNIAK\u00d3W<\/a><\/li>\n<li id=\"menu-item-1476\" class=\"menu-item menu-item-type-post_type menu-item-object-page depth-0 to-right\"><a href=\"https:\/\/beauty-center.pl\/index.php\/1472-2\/\">HENNA I REGULACJA BRWI<\/a><\/li>\n<li id=\"menu-item-1483\" class=\"menu-item menu-item-type-post_type menu-item-object-page depth-0 to-right\"><a href=\"https:\/\/beauty-center.pl\/index.php\/mikrodermabrazja-2\/\">MIKRODERMABRAZJA<\/a><\/li>\n<li id=\"menu-item-1516\" class=\"menu-item menu-item-type-post_type menu-item-object-page depth-0 to-right\"><a href=\"https:\/\/beauty-center.pl\/index.php\/makijaz-permanentny-2\/\">MAKIJA\u017b PERMANENTNY<\/a><\/li>\n<li id=\"menu-item-1519\" class=\"menu-item menu-item-type-post_type menu-item-object-page depth-0 to-right\"><a href=\"https:\/\/beauty-center.pl\/index.php\/usuwanie-makijazu-permanentnego\/\">USUWANIE MAKIJA\u017bU PERMANENTNEGO<\/a><\/li>\n<li id=\"menu-item-1523\" class=\"menu-item menu-item-type-post_type menu-item-object-page depth-0 to-right\"><a href=\"https:\/\/beauty-center.pl\/index.php\/peeling-kawitacyjny\/\">PEELING KAWITACYJNY<\/a><\/li>\n<li id=\"menu-item-1526\" class=\"menu-item menu-item-type-post_type menu-item-object-page depth-0 to-right\"><a href=\"https:\/\/beauty-center.pl\/index.php\/usuwanie-brodawek-i-wlokniakow\/\">USUWANIE BRODAWEK I W\u0141\u00d3KNIAK\u00d3W<\/a><\/li>\n<li id=\"menu-item-1538\" class=\"menu-item menu-item-type-post_type menu-item-object-page depth-0 to-right\"><a href=\"https:\/\/beauty-center.pl\/index.php\/fale-radiowe-2\/\">FALE RADIOWE<\/a><\/li>\n<li id=\"menu-item-1539\" class=\"menu-item menu-item-type-post_type menu-item-object-page depth-0 to-right\"><a href=\"https:\/\/beauty-center.pl\/index.php\/leczenie-nadpotliwosci\/\">LECZENIE NADPOTLIWO\u015aCI<\/a><\/li>\n<li id=\"menu-item-1541\" class=\"menu-item menu-item-type-post_type menu-item-object-page depth-0 to-right\"><a href=\"https:\/\/beauty-center.pl\/index.php\/zabiegi-na-twarz-2\/\">ZABIEGI NA TWARZ<\/a><\/li>\n<li id=\"menu-item-1548\" class=\"menu-item menu-item-type-post_type menu-item-object-page depth-0 to-right\"><a href=\"https:\/\/beauty-center.pl\/index.php\/zabieg-relaksacyjno-dotleniajacy\/\">ZABIEG RELAKSACYJNO \u2013 DOTLENIAJ\u0104CY<\/a><\/li>\n<li id=\"menu-item-1549\" class=\"menu-item menu-item-type-post_type menu-item-object-page depth-0 to-right\"><a href=\"https:\/\/beauty-center.pl\/index.php\/elektrokoagulacja\/\">ELEKTROKOAGULACJA<\/a><\/li>\n<li id=\"menu-item-1557\" class=\"menu-item menu-item-type-post_type menu-item-object-page depth-0 to-right\"><a href=\"https:\/\/beauty-center.pl\/index.php\/zabieg-oczyszczajacy\/\">ZABIEG OCZYSZCZAJ\u0104CY<\/a><\/li>\n<li id=\"menu-item-1558\" class=\"menu-item menu-item-type-post_type menu-item-object-page depth-0 to-right\"><a href=\"https:\/\/beauty-center.pl\/index.php\/zabieg-liftingujacy\/\">ZABIEG LIFTINGUJ\u0104CY<\/a><\/li>\n<li id=\"menu-item-1562\" class=\"menu-item menu-item-type-post_type menu-item-object-page depth-0 to-right\"><a href=\"https:\/\/beauty-center.pl\/index.php\/efekt-motyla\/\">EFEKT MOTYLA<\/a><\/li>\n<li id=\"menu-item-1828\" class=\"menu-item menu-item-type-post_type menu-item-object-page depth-0 to-right\"><a href=\"https:\/\/beauty-center.pl\/index.php\/kwas-migdalowy\/\">KWAS MIGDA\u0141OWY<\/a><\/li>\n<li id=\"menu-item-1831\" class=\"menu-item menu-item-type-post_type menu-item-object-page depth-0 to-right\"><a href=\"https:\/\/beauty-center.pl\/index.php\/peeling-ziolowy\/\">PEELING ZIO\u0141OWY<\/a><\/li>\n<li id=\"menu-item-1576\" class=\"menu-item menu-item-type-post_type menu-item-object-page depth-0 to-right\"><a href=\"https:\/\/beauty-center.pl\/index.php\/mezoterapia-mikroiglowa\/\">MEZOTERAPIA MIKROIG\u0141OWA<\/a><\/li>\n<li id=\"menu-item-1577\" class=\"menu-item menu-item-type-post_type menu-item-object-page depth-0 to-right\"><a href=\"https:\/\/beauty-center.pl\/index.php\/mezoterapia-iglowa-plytka\/\">MEZOTERAPIA IG\u0141OWA P\u0141YTKA<\/a><\/li>\n<li id=\"menu-item-1578\" class=\"menu-item menu-item-type-post_type menu-item-object-page depth-0 to-right\"><a href=\"https:\/\/beauty-center.pl\/index.php\/mezoterapia-beziglowa-2\/\">MEZOTERAPIA BEZIG\u0141OWA<\/a><\/li>\n<li id=\"menu-item-1579\" class=\"menu-item menu-item-type-post_type menu-item-object-page depth-0 to-right\"><a href=\"https:\/\/beauty-center.pl\/index.php\/mezoterapia-iglowa\/\">MEZOTERAPIA IG\u0141OWA<\/a><\/li>\n<li id=\"menu-item-1591\" class=\"menu-item menu-item-type-post_type menu-item-object-page depth-0 to-right\"><a href=\"https:\/\/beauty-center.pl\/index.php\/trwala-na-rzesy\/\">TRWA\u0141A NA RZ\u0118SY<\/a><\/li>\n<li id=\"menu-item-1603\" class=\"menu-item menu-item-type-post_type menu-item-object-page depth-0 to-right\"><a href=\"https:\/\/beauty-center.pl\/index.php\/zabiegi-dla-mezczyzn\/\">ZABIEGI DLA M\u0118\u017bCZYZN<\/a><\/li>\n<li id=\"menu-item-1604\" class=\"menu-item menu-item-type-post_type menu-item-object-page depth-0 to-right\"><a href=\"https:\/\/beauty-center.pl\/index.php\/masaz-cisnieniowy\/\">MASA\u017b CI\u015aNIENIOWY<\/a><\/li>\n<li id=\"menu-item-1605\" class=\"menu-item menu-item-type-post_type menu-item-object-page depth-0 to-right\"><a href=\"https:\/\/beauty-center.pl\/index.php\/ultradzwieki\/\">ULTRAD\u0179WI\u0118KI<\/a><\/li>\n<li id=\"menu-item-1606\" class=\"menu-item menu-item-type-post_type menu-item-object-page depth-0 to-right\"><a href=\"https:\/\/beauty-center.pl\/index.php\/depilacja-2\/\">DEPILACJA<\/a><\/li>\n<li id=\"menu-item-1607\" class=\"menu-item menu-item-type-post_type menu-item-object-page depth-0 to-right\"><a href=\"https:\/\/beauty-center.pl\/index.php\/opalanie-natryskowe\/\">OPALANIE NATRYSKOWE<\/a><\/li>\n<li id=\"menu-item-2002\" class=\"menu-item menu-item-type-post_type menu-item-object-page depth-0 to-right\"><a href=\"https:\/\/beauty-center.pl\/index.php\/bb-glow-3\/\">BB GLOW<\/a><\/li>\n<li id=\"menu-item-2021\" class=\"menu-item menu-item-type-post_type menu-item-object-page depth-0 to-right\"><a href=\"https:\/\/beauty-center.pl\/index.php\/henna-marokanska-2\/\">HENNA MAROKA\u0143SKA<\/a><\/li>\n<\/ul><\/div><\/div><\/div> \n\n <div   class=\"ui-column span8\"><div class=\"ui--title ui--animation ui--title-bordered text-center\"><div class=\"ui--title-holder\"><h3 class=\"ui--title-text\" style=\"color: #bd1e9d !important;\">USUWANEI MAKIJA\u017bU PERMANENTNEGO<\/h3><div style=\"border-color: #bd1e9d !important;\" class=\"ui--title-borders ui--title-border-left\"><\/div><div style=\"border-color: #bd1e9d !important;\" class=\"ui--title-borders ui--title-border-right\"><\/div><\/div><\/div><div class=\"ui--title ui--animation ui--title-bordered text-center\"><div class=\"ui--title-holder\"><h4 class=\"ui--title-text\" style=\"color: #bd1e9d !important;\">Co to jest Metoda Rejuvi Tattoo Remover ?<\/h4><div style=\"border-color: #bd1e9d !important;\" class=\"ui--title-borders ui--title-border-left\"><\/div><div style=\"border-color: #bd1e9d !important;\" class=\"ui--title-borders ui--title-border-right\"><\/div><\/div><\/div><div class=\"auto-format ui--animation\"><p>Tattoo Remover to unikalna metoda ekstrakcji tatua\u017cu lub makija\u017cu permanentnego, kt\u00f3ra zosta\u0142a tak zaprojektowana aby ca\u0142kowicie usun\u0105\u0107 tatua\u017c lub makija\u017c permanentny. Tattoo Remover to bezpieczna substancja chemiczna, kt\u00f3rej aplikacja odbywa si\u0119 w podobnej formie jak wykonanie zabiegu tatua\u017cu lub mikropigmentacji. Jego zadaniem jest absorpcja pigmentu na powierzchni\u0119 sk\u00f3ry, skumulowanie go w posta\u0107 strupa i przeprowadzenie sk\u00f3ry przez proces pe\u0142nej regneracji.  Zabieg zosta\u0142 dok\u0142adnie zbadany, opracowany i sprawdzony przez ponad dziesi\u0119\u0107 lat. Od o\u015bmiu lat jest stosowany z powodzeniem na ca\u0142ym \u015bwiecie.<\/p>\n<\/div><div class=\"ui--title ui--animation ui--title-bordered text-center\"><div class=\"ui--title-holder\"><h4 class=\"ui--title-text\" style=\"color: #bd1e9d !important;\">Kto mo\u017ce wykonywa\u0107 zabieg z u\u017cyciem Rejuvi Remover ?<\/h4><div style=\"border-color: #bd1e9d !important;\" class=\"ui--title-borders ui--title-border-left\"><\/div><div style=\"border-color: #bd1e9d !important;\" class=\"ui--title-borders ui--title-border-right\"><\/div><\/div><\/div><div class=\"auto-format ui--animation\"><p>Tattoo Remover jest przeznaczony do stosowania wy\u0142\u0105cznie prze  przeszkolonych specjalist\u00f3w z dziedziny tatua\u017cu lub mikropigmentacji, kt\u00f3rzy posiadaj\u0105 mi\u0119dzynarodowy certyfikat dokumentuj\u0105cy odbyte szkolenie.<br \/>\nUprawnia on do zakupu preparatu we wszystkich oddzia\u0142ach Rejuvi na ca\u0142ym \u015bwiecie. <\/p>\n<\/div><div class=\"ui--title ui--animation ui--title-bordered text-center\"><div class=\"ui--title-holder\"><h4 class=\"ui--title-text\" style=\"color: #bd1e9d !important;\">Zalety metody Tattoo Remover?  <\/h4><div style=\"border-color: #bd1e9d !important;\" class=\"ui--title-borders ui--title-border-left\"><\/div><div style=\"border-color: #bd1e9d !important;\" class=\"ui--title-borders ui--title-border-right\"><\/div><\/div><\/div><ul class=\"ui--list list-font-icon parent-1\"><li class=\"child-1 total-7 ui--animation\"><i class=\"list-icon 14px fontawesome-ok\" style=\"color: #d400cd !important;\"><\/i>Skuteczno\u015b\u0107 na poziomie 92% potwierdzona naukowymi badaniami, wystarcz\u0105 2-3 zabiegi do pe\u0142nego sukcesu,<\/li><li class=\"child-2 total-7 ui--animation\"><i class=\"list-icon 14px fontawesome-ok\" style=\"color: #d400cd !important;\"><\/i>Nie reaguje selektywnie na \u017caden kolor, co oznacza, \u017ce tak samo skutecznie dzia\u0142a na pigment czarny, zielony, czerwie\u0144  czy niebieski,<\/li><li class=\"child-3 total-7 ui--animation\"><i class=\"list-icon 14px fontawesome-ok\" style=\"color: #d400cd !important;\"><\/i>Ni\u017csze koszty i mniejszy b\u00f3l -  znacznie ta\u0144sza i mniej bolesna od innych bardziej inwazyjnych metod,<\/li><li class=\"child-4 total-7 ui--animation\"><i class=\"list-icon 14px fontawesome-ok\" style=\"color: #d400cd !important;\"><\/i>Bardzo niskie ryzyko blizn,<\/li><li class=\"child-5 total-7 ui--animation\"><i class=\"list-icon 14px fontawesome-ok\" style=\"color: #d400cd !important;\"><\/i>R\u00f3wnie skuteczna w stosunku do profesjonalnych pigment\u00f3w jak i substancji barwi\u0105cych wykonanych \"systemem domowym\",<\/li><li class=\"child-6 total-7 ui--animation\"><i class=\"list-icon 14px fontawesome-ok\" style=\"color: #d400cd !important;\"><\/i>Nie ma negatywnego wp\u0142ywu na melanin\u0119 sk\u00f3ry oraz mieszki w\u0142osowe.<\/li><li class=\"child-7 total-7 ui--animation\"><i class=\"list-icon 14px fontawesome-ok\" style=\"color: #d400cd !important;\"><\/i>Kreski dolne - 290z\u0142<\/li>  <\/ul><div class=\"ui--title ui--animation ui--title-bordered text-center\"><div class=\"ui--title-holder\"><h4 class=\"ui--title-text\" style=\"color: #bd1e9d !important;\">GALERIA<\/h4><div style=\"border-color: #bd1e9d !important;\" class=\"ui--title-borders ui--title-border-left\"><\/div><div style=\"border-color: #bd1e9d !important;\" class=\"ui--title-borders ui--title-border-right\"><\/div><\/div><\/div><\/div> \n\n<\/div> \n<\/div><\/div><\/div>","protected":false},"excerpt":{"rendered":"<p>ZABIEGI KOSMETYCZNEMAKIJA\u017b PERMANENTNY METOD\u0104 PI\u00d3RKOW\u0104 DEPILACJA PAST\u0104 CUKROW\u0104 TRWA\u0141E PRZED\u0141U\u017bANIE RZ\u0118S RZ\u0118SY od 3D do 8D USUWANIE KURZAJEK I W\u0141\u00d3KNIAK\u00d3W HENNA I REGULACJA BRWI MIKRODERMABRAZJA MAKIJA\u017b PERMANENTNY USUWANIE MAKIJA\u017bU PERMANENTNEGO PEELING KAWITACYJNY USUWANIE BRODAWEK I W\u0141\u00d3KNIAK\u00d3W FALE RADIOWE LECZENIE NADPOTLIWO\u015aCI ZABIEGI NA TWARZ ZABIEG RELAKSACYJNO \u2013 DOTLENIAJ\u0104CY ELEKTROKOAGULACJA ZABIEG OCZYSZCZAJ\u0104CY ZABIEG LIFTINGUJ\u0104CY EFEKT MOTYLA KWAS [&hellip;]<\/p>\n","protected":false},"author":1,"featured_media":0,"parent":0,"menu_order":0,"comment_status":"closed","ping_status":"closed","template":"","meta":{"footnotes":""},"class_list":["post-1517","page","type-page","status-publish","hentry"],"_links":{"self":[{"href":"https:\/\/beauty-center.pl\/index.php\/wp-json\/wp\/v2\/pages\/1517","targetHints":{"allow":["GET"]}}],"collection":[{"href":"https:\/\/beauty-center.pl\/index.php\/wp-json\/wp\/v2\/pages"}],"about":[{"href":"https:\/\/beauty-center.pl\/index.php\/wp-json\/wp\/v2\/types\/page"}],"author":[{"embeddable":true,"href":"https:\/\/beauty-center.pl\/index.php\/wp-json\/wp\/v2\/users\/1"}],"replies":[{"embeddable":true,"href":"https:\/\/beauty-center.pl\/index.php\/wp-json\/wp\/v2\/comments?post=1517"}],"version-history":[{"count":2,"href":"https:\/\/beauty-center.pl\/index.php\/wp-json\/wp\/v2\/pages\/1517\/revisions"}],"predecessor-version":[{"id":1608,"href":"https:\/\/beauty-center.pl\/index.php\/wp-json\/wp\/v2\/pages\/1517\/revisions\/1608"}],"wp:attachment":[{"href":"https:\/\/beauty-center.pl\/index.php\/wp-json\/wp\/v2\/media?parent=1517"}],"curies":[{"name":"wp","href":"https:\/\/api.w.org\/{rel}","templated":true}]}}