{"id":1542,"date":"2016-08-27T12:40:30","date_gmt":"2016-08-27T10:40:30","guid":{"rendered":"http:\/\/beauty.kbsolution.pl\/?page_id=1542"},"modified":"2016-08-27T12:40:30","modified_gmt":"2016-08-27T10:40:30","slug":"elektrokoagulacja","status":"publish","type":"page","link":"https:\/\/beauty-center.pl\/index.php\/elektrokoagulacja\/","title":{"rendered":"ELEKTROKOAGULACJA"},"content":{"rendered":"<div  class=\"ui--tagline-box-wrapper ui--animation clearfix\"><div  id=\"tagline-1\" class=\"ui--tagline-box ui-row clearfix ui--tagline-box-custom-color radius-3px\" data-responsive=\"{&quot;css&quot;:{&quot;min-height&quot;:{&quot;phone&quot;:&quot;auto&quot;,&quot;tablet&quot;:&quot;auto&quot;,&quot;widescreen&quot;:&quot;&quot;}}}\"><div  class=\"ui--tagline-background-container ui--tagline-background-overlay radius-3px\"><\/div><div  class=\"ui--tagline-background-container ui--tagline-background-image radius-3px\"><\/div><div  class=\"ui--tagline-content\"><div class=\"ui-row row\">\n <div   class=\"ui-column span4\"><div id=\"nav_menu-3\" class=\"widget widget_nav_menu\"><h4 class=\"sidebar-widget-title ui--widget-title\"><span>ZABIEGI KOSMETYCZNE<\/span><\/h4><div class=\"menu-zabiegi-kosmetyczne-container\"><ul id=\"menu-zabiegi-kosmetyczne\" class=\"menu\"><li id=\"menu-item-1410\" class=\"menu-item menu-item-type-post_type menu-item-object-page depth-0 to-right\"><a href=\"https:\/\/beauty-center.pl\/index.php\/makijaz-permanentny-brwi-metoda-piorkowa\/\"><strong>MAKIJA\u017b PERMANENTNY METOD\u0104 PI\u00d3RKOW\u0104<\/strong><\/a><\/li>\n<li id=\"menu-item-1417\" class=\"menu-item menu-item-type-post_type menu-item-object-page depth-0 to-right\"><a href=\"https:\/\/beauty-center.pl\/index.php\/depilacja-pasta-cukrowa\/\">DEPILACJA PAST\u0104 CUKROW\u0104<\/a><\/li>\n<li id=\"menu-item-1423\" class=\"menu-item menu-item-type-post_type menu-item-object-page depth-0 to-right\"><a href=\"https:\/\/beauty-center.pl\/index.php\/trwale-przedluzanie-rzes\/\">TRWA\u0141E PRZED\u0141U\u017bANIE RZ\u0118S<\/a><\/li>\n<li id=\"menu-item-1435\" class=\"menu-item menu-item-type-post_type menu-item-object-page depth-0 to-right\"><a href=\"https:\/\/beauty-center.pl\/index.php\/rzesy-od-3d-do-8d\/\">RZ\u0118SY od 3D do 8D<\/a><\/li>\n<li id=\"menu-item-1438\" class=\"menu-item menu-item-type-post_type menu-item-object-page depth-0 to-right\"><a href=\"https:\/\/beauty-center.pl\/index.php\/usuwanie-kurzajek-i-wlokniakow\/\">USUWANIE KURZAJEK I W\u0141\u00d3KNIAK\u00d3W<\/a><\/li>\n<li id=\"menu-item-1476\" class=\"menu-item menu-item-type-post_type menu-item-object-page depth-0 to-right\"><a href=\"https:\/\/beauty-center.pl\/index.php\/1472-2\/\">HENNA I REGULACJA BRWI<\/a><\/li>\n<li id=\"menu-item-1483\" class=\"menu-item menu-item-type-post_type menu-item-object-page depth-0 to-right\"><a href=\"https:\/\/beauty-center.pl\/index.php\/mikrodermabrazja-2\/\">MIKRODERMABRAZJA<\/a><\/li>\n<li id=\"menu-item-1516\" class=\"menu-item menu-item-type-post_type menu-item-object-page depth-0 to-right\"><a href=\"https:\/\/beauty-center.pl\/index.php\/makijaz-permanentny-2\/\">MAKIJA\u017b PERMANENTNY<\/a><\/li>\n<li id=\"menu-item-1519\" class=\"menu-item menu-item-type-post_type menu-item-object-page depth-0 to-right\"><a href=\"https:\/\/beauty-center.pl\/index.php\/usuwanie-makijazu-permanentnego\/\">USUWANIE MAKIJA\u017bU PERMANENTNEGO<\/a><\/li>\n<li id=\"menu-item-1523\" class=\"menu-item menu-item-type-post_type menu-item-object-page depth-0 to-right\"><a href=\"https:\/\/beauty-center.pl\/index.php\/peeling-kawitacyjny\/\">PEELING KAWITACYJNY<\/a><\/li>\n<li id=\"menu-item-1526\" class=\"menu-item menu-item-type-post_type menu-item-object-page depth-0 to-right\"><a href=\"https:\/\/beauty-center.pl\/index.php\/usuwanie-brodawek-i-wlokniakow\/\">USUWANIE BRODAWEK I W\u0141\u00d3KNIAK\u00d3W<\/a><\/li>\n<li id=\"menu-item-1538\" class=\"menu-item menu-item-type-post_type menu-item-object-page depth-0 to-right\"><a href=\"https:\/\/beauty-center.pl\/index.php\/fale-radiowe-2\/\">FALE RADIOWE<\/a><\/li>\n<li id=\"menu-item-1539\" class=\"menu-item menu-item-type-post_type menu-item-object-page depth-0 to-right\"><a href=\"https:\/\/beauty-center.pl\/index.php\/leczenie-nadpotliwosci\/\">LECZENIE NADPOTLIWO\u015aCI<\/a><\/li>\n<li id=\"menu-item-1541\" class=\"menu-item menu-item-type-post_type menu-item-object-page depth-0 to-right\"><a href=\"https:\/\/beauty-center.pl\/index.php\/zabiegi-na-twarz-2\/\">ZABIEGI NA TWARZ<\/a><\/li>\n<li id=\"menu-item-1548\" class=\"menu-item menu-item-type-post_type menu-item-object-page depth-0 to-right\"><a href=\"https:\/\/beauty-center.pl\/index.php\/zabieg-relaksacyjno-dotleniajacy\/\">ZABIEG RELAKSACYJNO \u2013 DOTLENIAJ\u0104CY<\/a><\/li>\n<li id=\"menu-item-1549\" class=\"menu-item menu-item-type-post_type menu-item-object-page depth-0 to-right\"><a href=\"https:\/\/beauty-center.pl\/index.php\/elektrokoagulacja\/\">ELEKTROKOAGULACJA<\/a><\/li>\n<li id=\"menu-item-1557\" class=\"menu-item menu-item-type-post_type menu-item-object-page depth-0 to-right\"><a href=\"https:\/\/beauty-center.pl\/index.php\/zabieg-oczyszczajacy\/\">ZABIEG OCZYSZCZAJ\u0104CY<\/a><\/li>\n<li id=\"menu-item-1558\" class=\"menu-item menu-item-type-post_type menu-item-object-page depth-0 to-right\"><a href=\"https:\/\/beauty-center.pl\/index.php\/zabieg-liftingujacy\/\">ZABIEG LIFTINGUJ\u0104CY<\/a><\/li>\n<li id=\"menu-item-1562\" class=\"menu-item menu-item-type-post_type menu-item-object-page depth-0 to-right\"><a href=\"https:\/\/beauty-center.pl\/index.php\/efekt-motyla\/\">EFEKT MOTYLA<\/a><\/li>\n<li id=\"menu-item-1828\" class=\"menu-item menu-item-type-post_type menu-item-object-page depth-0 to-right\"><a href=\"https:\/\/beauty-center.pl\/index.php\/kwas-migdalowy\/\">KWAS MIGDA\u0141OWY<\/a><\/li>\n<li id=\"menu-item-1831\" class=\"menu-item menu-item-type-post_type menu-item-object-page depth-0 to-right\"><a href=\"https:\/\/beauty-center.pl\/index.php\/peeling-ziolowy\/\">PEELING ZIO\u0141OWY<\/a><\/li>\n<li id=\"menu-item-1576\" class=\"menu-item menu-item-type-post_type menu-item-object-page depth-0 to-right\"><a href=\"https:\/\/beauty-center.pl\/index.php\/mezoterapia-mikroiglowa\/\">MEZOTERAPIA MIKROIG\u0141OWA<\/a><\/li>\n<li id=\"menu-item-1577\" class=\"menu-item menu-item-type-post_type menu-item-object-page depth-0 to-right\"><a href=\"https:\/\/beauty-center.pl\/index.php\/mezoterapia-iglowa-plytka\/\">MEZOTERAPIA IG\u0141OWA P\u0141YTKA<\/a><\/li>\n<li id=\"menu-item-1578\" class=\"menu-item menu-item-type-post_type menu-item-object-page depth-0 to-right\"><a href=\"https:\/\/beauty-center.pl\/index.php\/mezoterapia-beziglowa-2\/\">MEZOTERAPIA BEZIG\u0141OWA<\/a><\/li>\n<li id=\"menu-item-1579\" class=\"menu-item menu-item-type-post_type menu-item-object-page depth-0 to-right\"><a href=\"https:\/\/beauty-center.pl\/index.php\/mezoterapia-iglowa\/\">MEZOTERAPIA IG\u0141OWA<\/a><\/li>\n<li id=\"menu-item-1591\" class=\"menu-item menu-item-type-post_type menu-item-object-page depth-0 to-right\"><a href=\"https:\/\/beauty-center.pl\/index.php\/trwala-na-rzesy\/\">TRWA\u0141A NA RZ\u0118SY<\/a><\/li>\n<li id=\"menu-item-1603\" class=\"menu-item menu-item-type-post_type menu-item-object-page depth-0 to-right\"><a href=\"https:\/\/beauty-center.pl\/index.php\/zabiegi-dla-mezczyzn\/\">ZABIEGI DLA M\u0118\u017bCZYZN<\/a><\/li>\n<li id=\"menu-item-1604\" class=\"menu-item menu-item-type-post_type menu-item-object-page depth-0 to-right\"><a href=\"https:\/\/beauty-center.pl\/index.php\/masaz-cisnieniowy\/\">MASA\u017b CI\u015aNIENIOWY<\/a><\/li>\n<li id=\"menu-item-1605\" class=\"menu-item menu-item-type-post_type menu-item-object-page depth-0 to-right\"><a href=\"https:\/\/beauty-center.pl\/index.php\/ultradzwieki\/\">ULTRAD\u0179WI\u0118KI<\/a><\/li>\n<li id=\"menu-item-1606\" class=\"menu-item menu-item-type-post_type menu-item-object-page depth-0 to-right\"><a href=\"https:\/\/beauty-center.pl\/index.php\/depilacja-2\/\">DEPILACJA<\/a><\/li>\n<li id=\"menu-item-1607\" class=\"menu-item menu-item-type-post_type menu-item-object-page depth-0 to-right\"><a href=\"https:\/\/beauty-center.pl\/index.php\/opalanie-natryskowe\/\">OPALANIE NATRYSKOWE<\/a><\/li>\n<li id=\"menu-item-2002\" class=\"menu-item menu-item-type-post_type menu-item-object-page depth-0 to-right\"><a href=\"https:\/\/beauty-center.pl\/index.php\/bb-glow-3\/\">BB GLOW<\/a><\/li>\n<li id=\"menu-item-2021\" class=\"menu-item menu-item-type-post_type menu-item-object-page depth-0 to-right\"><a href=\"https:\/\/beauty-center.pl\/index.php\/henna-marokanska-2\/\">HENNA MAROKA\u0143SKA<\/a><\/li>\n<\/ul><\/div><\/div><\/div> \n\n <div   class=\"ui-column span8\"><div class=\"ui--title ui--animation ui--title-bordered text-center\"><div class=\"ui--title-holder\"><h3 class=\"ui--title-text\" style=\"color: #bd1e9d !important;\">ELEKTROKOAGULACJA<\/h3><div style=\"border-color: #bd1e9d !important;\" class=\"ui--title-borders ui--title-border-left\"><\/div><div style=\"border-color: #bd1e9d !important;\" class=\"ui--title-borders ui--title-border-right\"><\/div><\/div><\/div><div class=\"auto-format ui--animation\"><p>Elektrokoagulacja to oddzia\u0142ywanie na sk\u00f3r\u0119 impulsami pr\u0105du elektrycznego w celu usuni\u0119cia r\u00f3\u017cnych niepo\u017c\u0105danych zmian. Za pomoc\u0105 impuls\u00f3w elektrycznych mo\u017cna na przyk\u0142ad wyeliminowa\u0107 rozszerzone naczynka krwiono\u015bne, usun\u0105\u0107 prosaki, torbiele i brodawki. Elektrokoagulacja jest skuteczna tak\u017ce w usuwaniu nadmiernego ow\u0142osienia i w\u0142\u00f3kniak\u00f3w. Fachowo wykonane zabiegi wykorzystuj\u0105ce impulsy elektryczne s\u0105 ca\u0142kowicie bezpieczne dla sk\u00f3ry i \u2013 co najwa\u017cniejsze \u2013 bezinwazyjne.<\/p>\n<\/div><div class=\"ui--image-wrap clearfix text-center ui--block\" style=\"margin-top: 10px;  margin-bottom: 25px;\"><img loading=\"lazy\" decoding=\"async\" width=\"432\" height=\"288\" src=\"https:\/\/beauty-center.pl\/wp-content\/uploads\/2016\/08\/pobrane-2-1.jpg\" class=\"ui--image ui--animation\" alt=\"\" id=\"ui--image-1\" srcset=\"https:\/\/beauty-center.pl\/wp-content\/uploads\/2016\/08\/pobrane-2-1.jpg 432w, https:\/\/beauty-center.pl\/wp-content\/uploads\/2016\/08\/pobrane-2-1-300x200.jpg 300w\" sizes=\"auto, (max-width: 432px) 100vw, 432px\" \/><\/div><div class=\"auto-format ui--animation\"><p>Elektrokoagulacja jest zabiegiem zupe\u0142nie bezbolesnym, cho\u0107 oczywi\u015bcie odczucia towarzysz\u0105ce zale\u017c\u0105 od indywidualnej pobudliwo\u015bci b\u00f3lowej, wielko\u015bci zmiany i jej lokalizacji. Ma\u0142e, drobne i liczne zmiany (np. w\u0142\u00f3kniaki) najcz\u0119\u015bciej nie wymagaj\u0105 znieczulenia, usuwa si\u0119 je szybko, bez odczucia wi\u0119kszego dyskomfortu. W przypadku wi\u0119kszych i g\u0142\u0119bszych zmian mo\u017cna zastosowa\u0107 znieczulenie miejscowe w postaci kremu znieczulaj\u0105cego (nak\u0142adanego bezpo\u015brednio na zmian\u0119 kilkana\u015bcie minut przed zabiegiem).<\/p>\n<p>Zabieg polega na przy\u0142o\u017ceniu elektrody &#8211; igie\u0142ki do zmiany i zniszczeniu jej za pomoc\u0105 \u0142uku elektrycznego, jaki pojawia si\u0119 mi\u0119dzy elektrod\u0105 czynn\u0105 (kt\u00f3r\u0105 pos\u0142uguje si\u0119 lekarz) i biern\u0105 (o\u0142owian\u0105 p\u0142ytk\u0105, kt\u00f3r\u0105 lekarz u\u0142o\u017cy w danej okolicy cia\u0142a). Czas trwania zabiegu to zaledwie kilka, kilkana\u015bcie minut.<\/p>\n<\/div><div class=\"ui--title ui--animation ui--title-bordered text-center\"><div class=\"ui--title-holder\"><h4 class=\"ui--title-text\" style=\"color: #bd1e9d !important;\">Elektrokoagulacja na rozszerzone naczynka<\/h4><div style=\"border-color: #bd1e9d !important;\" class=\"ui--title-borders ui--title-border-left\"><\/div><div style=\"border-color: #bd1e9d !important;\" class=\"ui--title-borders ui--title-border-right\"><\/div><\/div><\/div><div class=\"auto-format ui--animation\"><p>\nNa powstawanie rozszerzonych naczy\u0144 krwiono\u015bnych wp\u0142yw ma wiele czynnik\u00f3w zar\u00f3wno zewn\u0119trznych (mr\u00f3z, wiatr, chlorowana woda, nag\u0142a zmiana temperatury, nieodpowiednia piel\u0119gnacja, \u015bwiat\u0142o s\u0142oneczne, sztuczne \u017ar\u00f3d\u0142a ciep\u0142a, wysi\u0142ek fizyczny, ostre przyprawy, stres, alkohol i u\u017cywki) oraz czynnik\u00f3w wewn\u0119trznych (zaburzona gospodarka hormonalna, uwarunkowania genetyczne). W pierwszej fazie dochodzi do powstawania rumienia, kt\u00f3ry po jakim\u015b czasie zanika. Z czasem jednak zmiany te utrwalaj\u0105 si\u0119 i dochodzi do trwa\u0142ego rozszerzenia naczy\u0144 krwiono\u015bnych tzw. teleangiektazji. Zabieg elektrokoagulacji prowadzi do trwa\u0142ego zniszczenia \u015bcian naczy\u0144 krwiono\u015bnych, kt\u00f3re zostaj\u0105 wch\u0142oni\u0119te przez uk\u0142ad krwiono\u015bny i limfatyczny, a nast\u0119pnie wydalone z organizmu.<\/p>\n<p>Dla mniejszych naczynek wystarczaj\u0105 1-2 zabiegi, dla naczynek wi\u0119kszych lub sieci otwartych naczynek trzeba przygotowa\u0107 specjaln\u0105 kuracj\u0119 i ustali\u0107 indywidualnie terminy wizyt.<\/p>\n<\/div><div class=\"ui--title ui--animation ui--title-bordered text-center\"><div class=\"ui--title-holder\"><h4 class=\"ui--title-text\" style=\"color: #bd1e9d !important;\">Jakiej reakcji sk\u00f3ry mo\u017cna si\u0119 spodziewa\u0107?<\/h4><div style=\"border-color: #bd1e9d !important;\" class=\"ui--title-borders ui--title-border-left\"><\/div><div style=\"border-color: #bd1e9d !important;\" class=\"ui--title-borders ui--title-border-right\"><\/div><\/div><\/div><ul class=\"ui--list list-font-icon parent-1\"><li class=\"child-1 total-5 ui--animation\"><i class=\"list-icon 14px fontawesome-ok\" style=\"color: #d400cd !important;\"><\/i>W przypadku niewykonania znieczulenia mo\u017cna odczuwa\u0107 bolesno\u015b\u0107 lub pieczenie w miejscu wykonywania zabiegu (w trakcie zabiegu).<\/li><li class=\"child-2 total-5 ui--animation\"><i class=\"list-icon 14px fontawesome-ok\" style=\"color: #d400cd !important;\"><\/i>Bezpo\u015brednio po zabiegu mo\u017ce wyst\u0105pi\u0107 niewielki obrz\u0119k, rumie\u0144 (zaczerwienienie), stwardnienie sk\u00f3ry, lekkie zasinienie lub delikatny b\u00f3l, kt\u00f3re ust\u0119puj\u0105 w ci\u0105gu kilku godzin.<\/li><li class=\"child-3 total-5 ui--animation\"><i class=\"list-icon 14px fontawesome-ok\" style=\"color: #d400cd !important;\"><\/i>Najcz\u0119\u015bciej w miejscu koagulowanej zmiany pojawia si\u0119 drobne krwawienie, nast\u0119pnie ma\u0142y strupek, kt\u00f3ry zaniknie w ci\u0105gu kilku dni.<\/li><li class=\"child-4 total-5 ui--animation\"><i class=\"list-icon 14px fontawesome-ok\" style=\"color: #d400cd !important;\"><\/i>Zmiany zabarwienia sk\u00f3ry (przebarwienia i odbarwienia) wyst\u0119puj\u0105 rzadko, podobnie jak blizny, kt\u00f3re je\u015bli si\u0119 pojawi\u0105 s\u0105 nast\u0119pstwem nieprawid\u0142owego gojenia sk\u00f3ry lub zdrapywania strupk\u00f3w przez pacjenta.<\/li><li class=\"child-5 total-5 ui--animation\"><i class=\"list-icon 14px fontawesome-ok\" style=\"color: #d400cd !important;\"><\/i>Najcz\u0119\u015bciej sk\u00f3ra goi si\u0119 bardzo \u0142adnie, bez pozostawienia trwa\u0142ych \u015blad\u00f3w. Ca\u0142kowity okres gojenia wynosi od 5 do 21 dni, w zale\u017cno\u015bci od wra\u017cliwo\u015bci i szybko\u015bci gojenia sk\u00f3ry oraz rodzaju usuni\u0119tej zmiany.<\/li>  <\/ul><div class=\"ui--title ui--animation ui--title-bordered text-center\"><div class=\"ui--title-holder\"><h4 class=\"ui--title-text\" style=\"color: #bd1e9d !important;\">WSKAZANIA<\/h4><div style=\"border-color: #bd1e9d !important;\" class=\"ui--title-borders ui--title-border-left\"><\/div><div style=\"border-color: #bd1e9d !important;\" class=\"ui--title-borders ui--title-border-right\"><\/div><\/div><\/div><div class=\"auto-format ui--animation\"><p>Brodawki wirusowe d\u0142oni i st\u00f3p (tzw. kurzajki), brodawki p\u0142askie zwane brodawkami m\u0142odocianych, brodawki \u0142ojotokowe potocznie zwane brodawkami starczymi, w\u0142\u00f3kniaki, k\u0119pki \u017c\u00f3\u0142te, prosaki ,kaszaki, mi\u0119czaki zaka\u017ane, przeros\u0142e gruczo\u0142y \u0142ojowe i potowe, rozszerzone naczynia krwiono\u015bne na twarzy i ciele, naczyniaki gwia\u017adziste ,nadmierne ow\u0142osienie \u2013 w przypadku w\u0142os\u00f3w ciemnych i jasnych.<\/p>\n<\/div><div class=\"ui--title ui--animation ui--title-bordered text-center\"><div class=\"ui--title-holder\"><h3 class=\"ui--title-text\" style=\"color: #bd1e9d !important;\">Cena zabiegu: od 50z\u0142<\/h3><div style=\"border-color: #bd1e9d !important;\" class=\"ui--title-borders ui--title-border-left\"><\/div><div style=\"border-color: #bd1e9d !important;\" class=\"ui--title-borders ui--title-border-right\"><\/div><\/div><\/div><div class=\"ui--title ui--animation ui--title-bordered text-center\"><div class=\"ui--title-holder\"><h4 class=\"ui--title-text\" style=\"color: #bd1e9d !important;\">GALERIA<\/h4><div style=\"border-color: #bd1e9d !important;\" class=\"ui--title-borders ui--title-border-left\"><\/div><div style=\"border-color: #bd1e9d !important;\" class=\"ui--title-borders ui--title-border-right\"><\/div><\/div><\/div><div id=\"ui--gallery-1\" class=\"ui--gallery ui--pass\" data-columns=\"4\"><div class=\"unstyled-all clearfix ui--gallery-wrapper columns-4 \"><div class=\"ui-row row\">\n <div   class=\"ui-column span3\"><div class=\"ui--gallery-item ui--animation\"><div class=\"inner\"><a href=\"http:\/\/beauty-center.pl\/wp-content\/uploads\/2016\/08\/pobrane-2-1.jpg\" target=\"_blank\" data-rel=\"prettyPhoto[ui--gallery-1]\"><img loading=\"lazy\" decoding=\"async\" width=\"432\" height=\"288\" src=\"https:\/\/beauty-center.pl\/wp-content\/uploads\/2016\/08\/pobrane-2-1.jpg\" class=\"attachment-custom_500x500x1 size-custom_500x500x1\" alt=\"\" srcset=\"https:\/\/beauty-center.pl\/wp-content\/uploads\/2016\/08\/pobrane-2-1.jpg 432w, https:\/\/beauty-center.pl\/wp-content\/uploads\/2016\/08\/pobrane-2-1-300x200.jpg 300w\" sizes=\"auto, (max-width: 432px) 100vw, 432px\" \/><div class=\"ui--gallery-overlay\"><div class=\"center\"><span class=\"btn btn-normal btn-icon-left btn-grey ui--animation\" href=\"#\" style=\"\"><i class=\"ui--icon fontawesome-fullscreen\"><\/i><\/span> <\/div><\/div><\/a><\/div><\/div><\/div> \n\n<\/div> \n<\/div><div class=\"clearfix\"><\/div><\/div><\/div> \n\n<\/div> \n<\/div><\/div><\/div>","protected":false},"excerpt":{"rendered":"<p>ZABIEGI KOSMETYCZNEMAKIJA\u017b PERMANENTNY METOD\u0104 PI\u00d3RKOW\u0104 DEPILACJA PAST\u0104 CUKROW\u0104 TRWA\u0141E PRZED\u0141U\u017bANIE RZ\u0118S RZ\u0118SY od 3D do 8D USUWANIE KURZAJEK I W\u0141\u00d3KNIAK\u00d3W HENNA I REGULACJA BRWI MIKRODERMABRAZJA MAKIJA\u017b PERMANENTNY USUWANIE MAKIJA\u017bU PERMANENTNEGO PEELING KAWITACYJNY USUWANIE BRODAWEK I W\u0141\u00d3KNIAK\u00d3W FALE RADIOWE LECZENIE NADPOTLIWO\u015aCI ZABIEGI NA TWARZ ZABIEG RELAKSACYJNO \u2013 DOTLENIAJ\u0104CY ELEKTROKOAGULACJA ZABIEG OCZYSZCZAJ\u0104CY ZABIEG LIFTINGUJ\u0104CY EFEKT MOTYLA KWAS [&hellip;]<\/p>\n","protected":false},"author":1,"featured_media":0,"parent":0,"menu_order":0,"comment_status":"closed","ping_status":"closed","template":"","meta":{"footnotes":""},"class_list":["post-1542","page","type-page","status-publish","hentry"],"_links":{"self":[{"href":"https:\/\/beauty-center.pl\/index.php\/wp-json\/wp\/v2\/pages\/1542","targetHints":{"allow":["GET"]}}],"collection":[{"href":"https:\/\/beauty-center.pl\/index.php\/wp-json\/wp\/v2\/pages"}],"about":[{"href":"https:\/\/beauty-center.pl\/index.php\/wp-json\/wp\/v2\/types\/page"}],"author":[{"embeddable":true,"href":"https:\/\/beauty-center.pl\/index.php\/wp-json\/wp\/v2\/users\/1"}],"replies":[{"embeddable":true,"href":"https:\/\/beauty-center.pl\/index.php\/wp-json\/wp\/v2\/comments?post=1542"}],"version-history":[{"count":2,"href":"https:\/\/beauty-center.pl\/index.php\/wp-json\/wp\/v2\/pages\/1542\/revisions"}],"predecessor-version":[{"id":1713,"href":"https:\/\/beauty-center.pl\/index.php\/wp-json\/wp\/v2\/pages\/1542\/revisions\/1713"}],"wp:attachment":[{"href":"https:\/\/beauty-center.pl\/index.php\/wp-json\/wp\/v2\/media?parent=1542"}],"curies":[{"name":"wp","href":"https:\/\/api.w.org\/{rel}","templated":true}]}}