{"id":1567,"date":"2016-08-27T13:23:47","date_gmt":"2016-08-27T11:23:47","guid":{"rendered":"http:\/\/beauty.kbsolution.pl\/?page_id=1567"},"modified":"2016-08-27T13:23:47","modified_gmt":"2016-08-27T11:23:47","slug":"mezoterapia-beziglowa-2","status":"publish","type":"page","link":"https:\/\/beauty-center.pl\/index.php\/mezoterapia-beziglowa-2\/","title":{"rendered":"MEZOTERAPIA BEZIG\u0141OWA"},"content":{"rendered":"<div  class=\"ui--tagline-box-wrapper ui--animation clearfix\"><div  id=\"tagline-1\" class=\"ui--tagline-box ui-row clearfix ui--tagline-box-custom-color radius-3px\" data-responsive=\"{&quot;css&quot;:{&quot;min-height&quot;:{&quot;phone&quot;:&quot;auto&quot;,&quot;tablet&quot;:&quot;auto&quot;,&quot;widescreen&quot;:&quot;&quot;}}}\"><div  class=\"ui--tagline-background-container ui--tagline-background-overlay radius-3px\"><\/div><div  class=\"ui--tagline-background-container ui--tagline-background-image radius-3px\"><\/div><div  class=\"ui--tagline-content\"><div class=\"ui-row row\">\n <div   class=\"ui-column span4\"><div id=\"nav_menu-3\" class=\"widget widget_nav_menu\"><h4 class=\"sidebar-widget-title ui--widget-title\"><span>ZABIEGI KOSMETYCZNE<\/span><\/h4><div class=\"menu-zabiegi-kosmetyczne-container\"><ul id=\"menu-zabiegi-kosmetyczne\" class=\"menu\"><li id=\"menu-item-1410\" class=\"menu-item menu-item-type-post_type menu-item-object-page depth-0 to-right\"><a href=\"https:\/\/beauty-center.pl\/index.php\/makijaz-permanentny-brwi-metoda-piorkowa\/\"><strong>MAKIJA\u017b PERMANENTNY METOD\u0104 PI\u00d3RKOW\u0104<\/strong><\/a><\/li>\n<li id=\"menu-item-1417\" class=\"menu-item menu-item-type-post_type menu-item-object-page depth-0 to-right\"><a href=\"https:\/\/beauty-center.pl\/index.php\/depilacja-pasta-cukrowa\/\">DEPILACJA PAST\u0104 CUKROW\u0104<\/a><\/li>\n<li id=\"menu-item-1423\" class=\"menu-item menu-item-type-post_type menu-item-object-page depth-0 to-right\"><a href=\"https:\/\/beauty-center.pl\/index.php\/trwale-przedluzanie-rzes\/\">TRWA\u0141E PRZED\u0141U\u017bANIE RZ\u0118S<\/a><\/li>\n<li id=\"menu-item-1435\" class=\"menu-item menu-item-type-post_type menu-item-object-page depth-0 to-right\"><a href=\"https:\/\/beauty-center.pl\/index.php\/rzesy-od-3d-do-8d\/\">RZ\u0118SY od 3D do 8D<\/a><\/li>\n<li id=\"menu-item-1438\" class=\"menu-item menu-item-type-post_type menu-item-object-page depth-0 to-right\"><a href=\"https:\/\/beauty-center.pl\/index.php\/usuwanie-kurzajek-i-wlokniakow\/\">USUWANIE KURZAJEK I W\u0141\u00d3KNIAK\u00d3W<\/a><\/li>\n<li id=\"menu-item-1476\" class=\"menu-item menu-item-type-post_type menu-item-object-page depth-0 to-right\"><a href=\"https:\/\/beauty-center.pl\/index.php\/1472-2\/\">HENNA I REGULACJA BRWI<\/a><\/li>\n<li id=\"menu-item-1483\" class=\"menu-item menu-item-type-post_type menu-item-object-page depth-0 to-right\"><a href=\"https:\/\/beauty-center.pl\/index.php\/mikrodermabrazja-2\/\">MIKRODERMABRAZJA<\/a><\/li>\n<li id=\"menu-item-1516\" class=\"menu-item menu-item-type-post_type menu-item-object-page depth-0 to-right\"><a href=\"https:\/\/beauty-center.pl\/index.php\/makijaz-permanentny-2\/\">MAKIJA\u017b PERMANENTNY<\/a><\/li>\n<li id=\"menu-item-1519\" class=\"menu-item menu-item-type-post_type menu-item-object-page depth-0 to-right\"><a href=\"https:\/\/beauty-center.pl\/index.php\/usuwanie-makijazu-permanentnego\/\">USUWANIE MAKIJA\u017bU PERMANENTNEGO<\/a><\/li>\n<li id=\"menu-item-1523\" class=\"menu-item menu-item-type-post_type menu-item-object-page depth-0 to-right\"><a href=\"https:\/\/beauty-center.pl\/index.php\/peeling-kawitacyjny\/\">PEELING KAWITACYJNY<\/a><\/li>\n<li id=\"menu-item-1526\" class=\"menu-item menu-item-type-post_type menu-item-object-page depth-0 to-right\"><a href=\"https:\/\/beauty-center.pl\/index.php\/usuwanie-brodawek-i-wlokniakow\/\">USUWANIE BRODAWEK I W\u0141\u00d3KNIAK\u00d3W<\/a><\/li>\n<li id=\"menu-item-1538\" class=\"menu-item menu-item-type-post_type menu-item-object-page depth-0 to-right\"><a href=\"https:\/\/beauty-center.pl\/index.php\/fale-radiowe-2\/\">FALE RADIOWE<\/a><\/li>\n<li id=\"menu-item-1539\" class=\"menu-item menu-item-type-post_type menu-item-object-page depth-0 to-right\"><a href=\"https:\/\/beauty-center.pl\/index.php\/leczenie-nadpotliwosci\/\">LECZENIE NADPOTLIWO\u015aCI<\/a><\/li>\n<li id=\"menu-item-1541\" class=\"menu-item menu-item-type-post_type menu-item-object-page depth-0 to-right\"><a href=\"https:\/\/beauty-center.pl\/index.php\/zabiegi-na-twarz-2\/\">ZABIEGI NA TWARZ<\/a><\/li>\n<li id=\"menu-item-1548\" class=\"menu-item menu-item-type-post_type menu-item-object-page depth-0 to-right\"><a href=\"https:\/\/beauty-center.pl\/index.php\/zabieg-relaksacyjno-dotleniajacy\/\">ZABIEG RELAKSACYJNO \u2013 DOTLENIAJ\u0104CY<\/a><\/li>\n<li id=\"menu-item-1549\" class=\"menu-item menu-item-type-post_type menu-item-object-page depth-0 to-right\"><a href=\"https:\/\/beauty-center.pl\/index.php\/elektrokoagulacja\/\">ELEKTROKOAGULACJA<\/a><\/li>\n<li id=\"menu-item-1557\" class=\"menu-item menu-item-type-post_type menu-item-object-page depth-0 to-right\"><a href=\"https:\/\/beauty-center.pl\/index.php\/zabieg-oczyszczajacy\/\">ZABIEG OCZYSZCZAJ\u0104CY<\/a><\/li>\n<li id=\"menu-item-1558\" class=\"menu-item menu-item-type-post_type menu-item-object-page depth-0 to-right\"><a href=\"https:\/\/beauty-center.pl\/index.php\/zabieg-liftingujacy\/\">ZABIEG LIFTINGUJ\u0104CY<\/a><\/li>\n<li id=\"menu-item-1562\" class=\"menu-item menu-item-type-post_type menu-item-object-page depth-0 to-right\"><a href=\"https:\/\/beauty-center.pl\/index.php\/efekt-motyla\/\">EFEKT MOTYLA<\/a><\/li>\n<li id=\"menu-item-1828\" class=\"menu-item menu-item-type-post_type menu-item-object-page depth-0 to-right\"><a href=\"https:\/\/beauty-center.pl\/index.php\/kwas-migdalowy\/\">KWAS MIGDA\u0141OWY<\/a><\/li>\n<li id=\"menu-item-1831\" class=\"menu-item menu-item-type-post_type menu-item-object-page depth-0 to-right\"><a href=\"https:\/\/beauty-center.pl\/index.php\/peeling-ziolowy\/\">PEELING ZIO\u0141OWY<\/a><\/li>\n<li id=\"menu-item-1576\" class=\"menu-item menu-item-type-post_type menu-item-object-page depth-0 to-right\"><a href=\"https:\/\/beauty-center.pl\/index.php\/mezoterapia-mikroiglowa\/\">MEZOTERAPIA MIKROIG\u0141OWA<\/a><\/li>\n<li id=\"menu-item-1577\" class=\"menu-item menu-item-type-post_type menu-item-object-page depth-0 to-right\"><a href=\"https:\/\/beauty-center.pl\/index.php\/mezoterapia-iglowa-plytka\/\">MEZOTERAPIA IG\u0141OWA P\u0141YTKA<\/a><\/li>\n<li id=\"menu-item-1578\" class=\"menu-item menu-item-type-post_type menu-item-object-page depth-0 to-right\"><a href=\"https:\/\/beauty-center.pl\/index.php\/mezoterapia-beziglowa-2\/\">MEZOTERAPIA BEZIG\u0141OWA<\/a><\/li>\n<li id=\"menu-item-1579\" class=\"menu-item menu-item-type-post_type menu-item-object-page depth-0 to-right\"><a href=\"https:\/\/beauty-center.pl\/index.php\/mezoterapia-iglowa\/\">MEZOTERAPIA IG\u0141OWA<\/a><\/li>\n<li id=\"menu-item-1591\" class=\"menu-item menu-item-type-post_type menu-item-object-page depth-0 to-right\"><a href=\"https:\/\/beauty-center.pl\/index.php\/trwala-na-rzesy\/\">TRWA\u0141A NA RZ\u0118SY<\/a><\/li>\n<li id=\"menu-item-1603\" class=\"menu-item menu-item-type-post_type menu-item-object-page depth-0 to-right\"><a href=\"https:\/\/beauty-center.pl\/index.php\/zabiegi-dla-mezczyzn\/\">ZABIEGI DLA M\u0118\u017bCZYZN<\/a><\/li>\n<li id=\"menu-item-1604\" class=\"menu-item menu-item-type-post_type menu-item-object-page depth-0 to-right\"><a href=\"https:\/\/beauty-center.pl\/index.php\/masaz-cisnieniowy\/\">MASA\u017b CI\u015aNIENIOWY<\/a><\/li>\n<li id=\"menu-item-1605\" class=\"menu-item menu-item-type-post_type menu-item-object-page depth-0 to-right\"><a href=\"https:\/\/beauty-center.pl\/index.php\/ultradzwieki\/\">ULTRAD\u0179WI\u0118KI<\/a><\/li>\n<li id=\"menu-item-1606\" class=\"menu-item menu-item-type-post_type menu-item-object-page depth-0 to-right\"><a href=\"https:\/\/beauty-center.pl\/index.php\/depilacja-2\/\">DEPILACJA<\/a><\/li>\n<li id=\"menu-item-1607\" class=\"menu-item menu-item-type-post_type menu-item-object-page depth-0 to-right\"><a href=\"https:\/\/beauty-center.pl\/index.php\/opalanie-natryskowe\/\">OPALANIE NATRYSKOWE<\/a><\/li>\n<li id=\"menu-item-2002\" class=\"menu-item menu-item-type-post_type menu-item-object-page depth-0 to-right\"><a href=\"https:\/\/beauty-center.pl\/index.php\/bb-glow-3\/\">BB GLOW<\/a><\/li>\n<li id=\"menu-item-2021\" class=\"menu-item menu-item-type-post_type menu-item-object-page depth-0 to-right\"><a href=\"https:\/\/beauty-center.pl\/index.php\/henna-marokanska-2\/\">HENNA MAROKA\u0143SKA<\/a><\/li>\n<\/ul><\/div><\/div><\/div> \n\n <div   class=\"ui-column span8\"><div class=\"ui--title ui--animation ui--title-bordered text-center\"><div class=\"ui--title-holder\"><h3 class=\"ui--title-text\" style=\"color: #bd1e9d !important;\">MEZOTERAPIA BEZIG\u0141OWA<\/h3><div style=\"border-color: #bd1e9d !important;\" class=\"ui--title-borders ui--title-border-left\"><\/div><div style=\"border-color: #bd1e9d !important;\" class=\"ui--title-borders ui--title-border-right\"><\/div><\/div><\/div><div class=\"auto-format ui--animation\"><p>Mezoterapia bezig\u0142owa jest to najnowocze\u015bniejszy, nieinwazyjny system odm\u0142adzania sk\u00f3ry oraz redukcji cellulitu i tkanki t\u0142uszczowej. Mezoterapia bezig\u0142owa wykorzystuje zjawisko elektroporacji. Fala elektromagnetyczna wyst\u0119puja w postaci impuls\u00f3w dociera do wn\u0119trza sk\u00f3ry, jak r\u00f3wnie\u017c poprzez b\u0142on\u0119 kom\u00f3rkow\u0105 do wn\u0119trza kom\u00f3rki, co powoduje, \u017ce terapia jest bardzo efektywna.<\/p>\n<\/div><div class=\"ui--image-wrap clearfix text-center ui--block\" style=\"margin-top: 15px;  margin-bottom: 25px;\"><img loading=\"lazy\" decoding=\"async\" width=\"145\" height=\"145\" src=\"https:\/\/beauty-center.pl\/wp-content\/uploads\/2016\/08\/pobrane-7.jpg\" class=\"ui--image ui--animation\" alt=\"\" id=\"ui--image-1\" \/><\/div><div class=\"auto-format ui--animation\"><p>R\u00f3wnocze\u015bnie z mezoterapi\u0105 wykonujemy mikrodermabrazj\u0119 ko\u0144c\u00f3wk\u0105 diamentow\u0105, kt\u00f3ra przygotowuje sk\u00f3r\u0119 do lepszego wch\u0142aniania preparat\u00f3w zwi\u0119kszaj\u0105c mikrocyrkulacj\u0119, pobudza drena\u017c limfatyczny, zwi\u0119ksza ukrwienie i dotlenienie.<\/p>\n<\/div><div class=\"ui--title ui--animation ui--title-bordered text-center\"><div class=\"ui--title-holder\"><h4 class=\"ui--title-text\" style=\"color: #bd1e9d !important;\">Podstawowe dzia\u0142anie mezoterapii bezig\u0142owej to:<\/h4><div style=\"border-color: #bd1e9d !important;\" class=\"ui--title-borders ui--title-border-left\"><\/div><div style=\"border-color: #bd1e9d !important;\" class=\"ui--title-borders ui--title-border-right\"><\/div><\/div><\/div><ul class=\"ui--list list-font-icon parent-1\"><li class=\"child-1 total-7 ui--animation\"><i class=\"list-icon 14px fontawesome-ok\" style=\"color: #d400cd !important;\"><\/i>odm\u0142adzanie, rewitalizowanie, nawil\u017canie<\/li><li class=\"child-2 total-7 ui--animation\"><i class=\"list-icon 14px fontawesome-ok\" style=\"color: #d400cd !important;\"><\/i>rozja\u015bnianie plam<\/li><li class=\"child-3 total-7 ui--animation\"><i class=\"list-icon 14px fontawesome-ok\" style=\"color: #d400cd !important;\"><\/i>wzmacnianie naczynek<\/li><li class=\"child-4 total-7 ui--animation\"><i class=\"list-icon 14px fontawesome-ok\" style=\"color: #d400cd !important;\"><\/i>sp\u0142ycanie zmarszczek, lifting<\/li><li class=\"child-5 total-7 ui--animation\"><i class=\"list-icon 14px fontawesome-ok\" style=\"color: #d400cd !important;\"><\/i>usuwanie cellulitu, rozst\u0119p\u00f3w<\/li><li class=\"child-6 total-7 ui--animation\"><i class=\"list-icon 14px fontawesome-ok\" style=\"color: #d400cd !important;\"><\/i>uj\u0119drnienie biustu<\/li><li class=\"child-7 total-7 ui--animation\"><i class=\"list-icon 14px fontawesome-ok\" style=\"color: #d400cd !important;\"><\/i>odchudzanie i modelowanie sylwetki<\/li>  <\/ul><div class=\"ui--title ui--animation ui--title-bordered text-center\"><div class=\"ui--title-holder\"><h4 class=\"ui--title-text\" style=\"color: #bd1e9d !important;\">Mezoterapia bezig\u0142owa w terapii przeciwzmarszczkowej.<\/h4><div style=\"border-color: #bd1e9d !important;\" class=\"ui--title-borders ui--title-border-left\"><\/div><div style=\"border-color: #bd1e9d !important;\" class=\"ui--title-borders ui--title-border-right\"><\/div><\/div><\/div><div class=\"auto-format ui--animation\"><p>Wraz z up\u0142ywem lat sk\u00f3ra si\u0119 starzeje. Zanikaj\u0105 w\u0142\u00f3kna kolagenowe i elastyna, spada poziom nawil\u017cenia, zwi\u0119ksza si\u0119 ilo\u015b\u0107 wolnych rodnik\u00f3w. Powstaj\u0105 zmarszczki i zmienia si\u0119 si\u0119 owal twarzy. Nie mo\u017cemy tego procesu powstrzyma\u0107, ale mo\u017cemy go znacznie spowolni\u0107. W codziennej kosmetyce oraz podczas klasycznych zabieg\u00f3w nie jeste\u015bmy w stanie dostarczy\u0107 sk\u00f3rze odpowiednich sk\u0142adnik\u00f3w od\u017cywczych. Nie pozwala na to warstwa rogowa nask\u00f3rka.<br \/>\nDzi\u0119ki zastosowaniu mikrodermabrazji i odpowiedniej fali elektromagnetycznej pory otwieraj\u0105 si\u0119 i do wn\u0119trza sk\u00f3ry oraz przez b\u0142on\u0119 kom\u00f3rkow\u0105 do wn\u0119trza kom\u00f3rki przedostaj\u0105 si\u0119 potrzebne substancje aktywne. Tkanka zostaje od\u017cywiona, wydrenowana z toksyn, dotleniona oraz pobudzona do wytwarzania kolagenu i elastyny. Sk\u00f3ra regeneruje si\u0119, nawil\u017ca, uj\u0119drnia i wyg\u0142adza.<\/p>\n<p><strong>Mezoterapi\u0119 bezig\u0142ow\u0105 mo\u017cna wykonywa\u0107 w okolicach oczu. Dla uzyskania efektu nale\u017cy podda\u0107 si\u0119 serii zabieg\u00f3w \/co najmniej 4\/ w odst\u0119pach 5-10 dni. Dla utrzymania efektu dobrze jest powt\u00f3rzy\u0107 mezoterapi\u0119 bezig\u0142ow\u0105 raz na miesi\u0105c.<\/strong><\/p>\n<\/div><div class=\"ui--title ui--animation ui--title-bordered text-center\"><div class=\"ui--title-holder\"><h4 class=\"ui--title-text\" style=\"color: #bd1e9d !important;\">Mezoterapia bezig\u0142owa w terapii antycellulitowej i na tkank\u0119 t\u0142uszczow\u0105.<\/h4><div style=\"border-color: #bd1e9d !important;\" class=\"ui--title-borders ui--title-border-left\"><\/div><div style=\"border-color: #bd1e9d !important;\" class=\"ui--title-borders ui--title-border-right\"><\/div><\/div><\/div><div class=\"auto-format ui--animation\"><p>Dzi\u0119ki mo\u017cliwo\u015bci regulacji mocy impulsu mo\u017cemy skutecznie zadzia\u0142a\u0107 na g\u0142\u0119biej po\u0142o\u017cone warstwy tkanki t\u0142uszczowej. Dobieraj\u0105c odpowiedni do problemu koktajl substancji aktywnych osi\u0105gamy redukcj\u0119 tkanki t\u0142uszczowej, cellulitu, rozst\u0119p\u00f3w oraz uj\u0119drnienie biustu. Po przeprowadzeniu serii zabieg\u00f3w \/10-12\/ 2,3 razy w tygodniu, poprawia si\u0119 metabolizm sk\u00f3ry, co pozwala utrzyma\u0107 efekt przez d\u0142u\u017cszy czas. Cellulit zmniejszy si\u0119, sk\u00f3ra bardziej j\u0119drna. Redukcj\u0119 tkanki t\u0142uszczowej mo\u017cemy uzyska\u0107 dzi\u0119ki mo\u017cliwo\u015bci penetracji preparatu do wewn\u0105trz kom\u00f3rki t\u0142uszczowej.<\/p>\n<\/div><div class=\"ui--title ui--animation ui--title-bordered text-center\"><div class=\"ui--title-holder\"><h4 class=\"ui--title-text\" style=\"color: #bd1e9d !important;\">PRZECIWSKAZANIA<\/h4><div style=\"border-color: #bd1e9d !important;\" class=\"ui--title-borders ui--title-border-left\"><\/div><div style=\"border-color: #bd1e9d !important;\" class=\"ui--title-borders ui--title-border-right\"><\/div><\/div><\/div><ul class=\"ui--list list-font-icon parent-2\"><li class=\"child-1 total-7 ui--animation\"><i class=\"list-icon 14px fontawesome-ok\" style=\"color: #d400cd !important;\"><\/i>ci\u0105\u017ca<\/li><li class=\"child-2 total-7 ui--animation\"><i class=\"list-icon 14px fontawesome-ok\" style=\"color: #d400cd !important;\"><\/i>metalowe elementy w ciele<\/li><li class=\"child-3 total-7 ui--animation\"><i class=\"list-icon 14px fontawesome-ok\" style=\"color: #d400cd !important;\"><\/i>choroby serca<\/li><li class=\"child-4 total-7 ui--animation\"><i class=\"list-icon 14px fontawesome-ok\" style=\"color: #d400cd !important;\"><\/i>rozrusznik serca<\/li><li class=\"child-5 total-7 ui--animation\"><i class=\"list-icon 14px fontawesome-ok\" style=\"color: #d400cd !important;\"><\/i>choroby \u017cy\u0142<\/li><li class=\"child-6 total-7 ui--animation\"><i class=\"list-icon 14px fontawesome-ok\" style=\"color: #d400cd !important;\"><\/i>epilepsja<\/li><li class=\"child-7 total-7 ui--animation\"><i class=\"list-icon 14px fontawesome-ok\" style=\"color: #d400cd !important;\"><\/i>stany zapalne<\/li>  <\/ul><div class=\"ui--title ui--animation ui--title-bordered text-center\"><div class=\"ui--title-holder\"><h2 class=\"ui--title-text\" style=\"color: #bd1e9d !important;\">CENA<\/h2><div style=\"border-color: #bd1e9d !important;\" class=\"ui--title-borders ui--title-border-left\"><\/div><div style=\"border-color: #bd1e9d !important;\" class=\"ui--title-borders ui--title-border-right\"><\/div><\/div><\/div><div class=\"ui--title ui--animation ui--title-bordered-bottom text-center\"><div class=\"ui--title-holder\"><h4 class=\"ui--title-text\" style=\"color: #bd1e9d !important;\">Mezoterapia bezig\u0142owa<span style=\"border-color: #bd1e9d !important;\" class=\"ui--title-borders ui--title-border-bottom\"><\/span><\/h4><\/div><\/div><div class=\"auto-format ui--animation\"><ul>\n<li>Twarz (100z\u0142) + ampu\u0142ka<\/li>\n<li>Twarz + szyja + dekolt (120z\u0142) + ampu\u0142ka<\/li>\n<li>Cia\u0142o (dowolnie wybrana cz\u0119\u015b\u0107 cia\u0142a) (150z\u0142) + ampu\u0142ki<\/li>\n<\/ul>\n<\/div><div class=\"ui--title ui--animation ui--title-bordered-bottom text-center\"><div class=\"ui--title-holder\"><h4 class=\"ui--title-text\" style=\"color: #bd1e9d !important;\">Mezoterapia bezig\u0142owa seria 10 zabieg\u00f3w (karnet)<span style=\"border-color: #bd1e9d !important;\" class=\"ui--title-borders ui--title-border-bottom\"><\/span><\/h4><\/div><\/div><div class=\"auto-format ui--animation\">\n<ul>\n<li>Karnet Twarz (900z\u0142) + ampu\u0142ki<\/li>\n<li>Karnet twarz + szyja + dekolt (1000z\u0142) + ampu\u0142ki<\/li>\n<li>Karnet cia\u0142o (wybrana cz\u0119\u015b\u0107 cia\u0142a) (1300z\u0142) + ampu\u0142ki<\/li>\n<\/ul>\n<\/div><div class=\"ui--title ui--animation ui--title-bordered text-center\"><div class=\"ui--title-holder\"><h4 class=\"ui--title-text\" style=\"color: #bd1e9d !important;\">GALERIA<\/h4><div style=\"border-color: #bd1e9d !important;\" class=\"ui--title-borders ui--title-border-left\"><\/div><div style=\"border-color: #bd1e9d !important;\" class=\"ui--title-borders ui--title-border-right\"><\/div><\/div><\/div><div class=\"ui--image-wrap clearfix text-center ui--block\" style=\"margin-top: 15px;  margin-bottom: 25px;\"><img loading=\"lazy\" decoding=\"async\" width=\"422\" height=\"258\" src=\"https:\/\/beauty-center.pl\/wp-content\/uploads\/2016\/08\/mezoterapia-beziglowa.jpg\" class=\"ui--image ui--animation\" alt=\"\" id=\"ui--image-2\" srcset=\"https:\/\/beauty-center.pl\/wp-content\/uploads\/2016\/08\/mezoterapia-beziglowa.jpg 422w, https:\/\/beauty-center.pl\/wp-content\/uploads\/2016\/08\/mezoterapia-beziglowa-300x183.jpg 300w\" sizes=\"auto, (max-width: 422px) 100vw, 422px\" \/><\/div><\/div> \n\n<\/div> \n<\/div><\/div><\/div>","protected":false},"excerpt":{"rendered":"<p>ZABIEGI KOSMETYCZNEMAKIJA\u017b PERMANENTNY METOD\u0104 PI\u00d3RKOW\u0104 DEPILACJA PAST\u0104 CUKROW\u0104 TRWA\u0141E PRZED\u0141U\u017bANIE RZ\u0118S RZ\u0118SY od 3D do 8D USUWANIE KURZAJEK I W\u0141\u00d3KNIAK\u00d3W HENNA I REGULACJA BRWI MIKRODERMABRAZJA MAKIJA\u017b PERMANENTNY USUWANIE MAKIJA\u017bU PERMANENTNEGO PEELING KAWITACYJNY USUWANIE BRODAWEK I W\u0141\u00d3KNIAK\u00d3W FALE RADIOWE LECZENIE NADPOTLIWO\u015aCI ZABIEGI NA TWARZ ZABIEG RELAKSACYJNO \u2013 DOTLENIAJ\u0104CY ELEKTROKOAGULACJA ZABIEG OCZYSZCZAJ\u0104CY ZABIEG LIFTINGUJ\u0104CY EFEKT MOTYLA KWAS [&hellip;]<\/p>\n","protected":false},"author":1,"featured_media":0,"parent":0,"menu_order":0,"comment_status":"closed","ping_status":"closed","template":"","meta":{"footnotes":""},"class_list":["post-1567","page","type-page","status-publish","hentry"],"_links":{"self":[{"href":"https:\/\/beauty-center.pl\/index.php\/wp-json\/wp\/v2\/pages\/1567","targetHints":{"allow":["GET"]}}],"collection":[{"href":"https:\/\/beauty-center.pl\/index.php\/wp-json\/wp\/v2\/pages"}],"about":[{"href":"https:\/\/beauty-center.pl\/index.php\/wp-json\/wp\/v2\/types\/page"}],"author":[{"embeddable":true,"href":"https:\/\/beauty-center.pl\/index.php\/wp-json\/wp\/v2\/users\/1"}],"replies":[{"embeddable":true,"href":"https:\/\/beauty-center.pl\/index.php\/wp-json\/wp\/v2\/comments?post=1567"}],"version-history":[{"count":1,"href":"https:\/\/beauty-center.pl\/index.php\/wp-json\/wp\/v2\/pages\/1567\/revisions"}],"predecessor-version":[{"id":1570,"href":"https:\/\/beauty-center.pl\/index.php\/wp-json\/wp\/v2\/pages\/1567\/revisions\/1570"}],"wp:attachment":[{"href":"https:\/\/beauty-center.pl\/index.php\/wp-json\/wp\/v2\/media?parent=1567"}],"curies":[{"name":"wp","href":"https:\/\/api.w.org\/{rel}","templated":true}]}}