{"id":1574,"date":"2016-08-27T13:36:19","date_gmt":"2016-08-27T11:36:19","guid":{"rendered":"http:\/\/beauty.kbsolution.pl\/?page_id=1574"},"modified":"2016-08-27T13:36:19","modified_gmt":"2016-08-27T11:36:19","slug":"mezoterapia-mikroiglowa","status":"publish","type":"page","link":"https:\/\/beauty-center.pl\/index.php\/mezoterapia-mikroiglowa\/","title":{"rendered":"MEZOTERAPIA MIKROIG\u0141OWA"},"content":{"rendered":"<div  class=\"ui--tagline-box-wrapper ui--animation clearfix\"><div  id=\"tagline-1\" class=\"ui--tagline-box ui-row clearfix ui--tagline-box-custom-color radius-3px\" data-responsive=\"{&quot;css&quot;:{&quot;min-height&quot;:{&quot;phone&quot;:&quot;auto&quot;,&quot;tablet&quot;:&quot;auto&quot;,&quot;widescreen&quot;:&quot;&quot;}}}\"><div  class=\"ui--tagline-background-container ui--tagline-background-overlay radius-3px\"><\/div><div  class=\"ui--tagline-background-container ui--tagline-background-image radius-3px\"><\/div><div  class=\"ui--tagline-content\"><div class=\"ui-row row\">\n <div   class=\"ui-column span4\"><div id=\"nav_menu-3\" class=\"widget widget_nav_menu\"><h4 class=\"sidebar-widget-title ui--widget-title\"><span>ZABIEGI KOSMETYCZNE<\/span><\/h4><div class=\"menu-zabiegi-kosmetyczne-container\"><ul id=\"menu-zabiegi-kosmetyczne\" class=\"menu\"><li id=\"menu-item-1410\" class=\"menu-item menu-item-type-post_type menu-item-object-page depth-0 to-right\"><a href=\"https:\/\/beauty-center.pl\/index.php\/makijaz-permanentny-brwi-metoda-piorkowa\/\"><strong>MAKIJA\u017b PERMANENTNY METOD\u0104 PI\u00d3RKOW\u0104<\/strong><\/a><\/li>\n<li id=\"menu-item-1417\" class=\"menu-item menu-item-type-post_type menu-item-object-page depth-0 to-right\"><a href=\"https:\/\/beauty-center.pl\/index.php\/depilacja-pasta-cukrowa\/\">DEPILACJA PAST\u0104 CUKROW\u0104<\/a><\/li>\n<li id=\"menu-item-1423\" class=\"menu-item menu-item-type-post_type menu-item-object-page depth-0 to-right\"><a href=\"https:\/\/beauty-center.pl\/index.php\/trwale-przedluzanie-rzes\/\">TRWA\u0141E PRZED\u0141U\u017bANIE RZ\u0118S<\/a><\/li>\n<li id=\"menu-item-1435\" class=\"menu-item menu-item-type-post_type menu-item-object-page depth-0 to-right\"><a href=\"https:\/\/beauty-center.pl\/index.php\/rzesy-od-3d-do-8d\/\">RZ\u0118SY od 3D do 8D<\/a><\/li>\n<li id=\"menu-item-1438\" class=\"menu-item menu-item-type-post_type menu-item-object-page depth-0 to-right\"><a href=\"https:\/\/beauty-center.pl\/index.php\/usuwanie-kurzajek-i-wlokniakow\/\">USUWANIE KURZAJEK I W\u0141\u00d3KNIAK\u00d3W<\/a><\/li>\n<li id=\"menu-item-1476\" class=\"menu-item menu-item-type-post_type menu-item-object-page depth-0 to-right\"><a href=\"https:\/\/beauty-center.pl\/index.php\/1472-2\/\">HENNA I REGULACJA BRWI<\/a><\/li>\n<li id=\"menu-item-1483\" class=\"menu-item menu-item-type-post_type menu-item-object-page depth-0 to-right\"><a href=\"https:\/\/beauty-center.pl\/index.php\/mikrodermabrazja-2\/\">MIKRODERMABRAZJA<\/a><\/li>\n<li id=\"menu-item-1516\" class=\"menu-item menu-item-type-post_type menu-item-object-page depth-0 to-right\"><a href=\"https:\/\/beauty-center.pl\/index.php\/makijaz-permanentny-2\/\">MAKIJA\u017b PERMANENTNY<\/a><\/li>\n<li id=\"menu-item-1519\" class=\"menu-item menu-item-type-post_type menu-item-object-page depth-0 to-right\"><a href=\"https:\/\/beauty-center.pl\/index.php\/usuwanie-makijazu-permanentnego\/\">USUWANIE MAKIJA\u017bU PERMANENTNEGO<\/a><\/li>\n<li id=\"menu-item-1523\" class=\"menu-item menu-item-type-post_type menu-item-object-page depth-0 to-right\"><a href=\"https:\/\/beauty-center.pl\/index.php\/peeling-kawitacyjny\/\">PEELING KAWITACYJNY<\/a><\/li>\n<li id=\"menu-item-1526\" class=\"menu-item menu-item-type-post_type menu-item-object-page depth-0 to-right\"><a href=\"https:\/\/beauty-center.pl\/index.php\/usuwanie-brodawek-i-wlokniakow\/\">USUWANIE BRODAWEK I W\u0141\u00d3KNIAK\u00d3W<\/a><\/li>\n<li id=\"menu-item-1538\" class=\"menu-item menu-item-type-post_type menu-item-object-page depth-0 to-right\"><a href=\"https:\/\/beauty-center.pl\/index.php\/fale-radiowe-2\/\">FALE RADIOWE<\/a><\/li>\n<li id=\"menu-item-1539\" class=\"menu-item menu-item-type-post_type menu-item-object-page depth-0 to-right\"><a href=\"https:\/\/beauty-center.pl\/index.php\/leczenie-nadpotliwosci\/\">LECZENIE NADPOTLIWO\u015aCI<\/a><\/li>\n<li id=\"menu-item-1541\" class=\"menu-item menu-item-type-post_type menu-item-object-page depth-0 to-right\"><a href=\"https:\/\/beauty-center.pl\/index.php\/zabiegi-na-twarz-2\/\">ZABIEGI NA TWARZ<\/a><\/li>\n<li id=\"menu-item-1548\" class=\"menu-item menu-item-type-post_type menu-item-object-page depth-0 to-right\"><a href=\"https:\/\/beauty-center.pl\/index.php\/zabieg-relaksacyjno-dotleniajacy\/\">ZABIEG RELAKSACYJNO \u2013 DOTLENIAJ\u0104CY<\/a><\/li>\n<li id=\"menu-item-1549\" class=\"menu-item menu-item-type-post_type menu-item-object-page depth-0 to-right\"><a href=\"https:\/\/beauty-center.pl\/index.php\/elektrokoagulacja\/\">ELEKTROKOAGULACJA<\/a><\/li>\n<li id=\"menu-item-1557\" class=\"menu-item menu-item-type-post_type menu-item-object-page depth-0 to-right\"><a href=\"https:\/\/beauty-center.pl\/index.php\/zabieg-oczyszczajacy\/\">ZABIEG OCZYSZCZAJ\u0104CY<\/a><\/li>\n<li id=\"menu-item-1558\" class=\"menu-item menu-item-type-post_type menu-item-object-page depth-0 to-right\"><a href=\"https:\/\/beauty-center.pl\/index.php\/zabieg-liftingujacy\/\">ZABIEG LIFTINGUJ\u0104CY<\/a><\/li>\n<li id=\"menu-item-1562\" class=\"menu-item menu-item-type-post_type menu-item-object-page depth-0 to-right\"><a href=\"https:\/\/beauty-center.pl\/index.php\/efekt-motyla\/\">EFEKT MOTYLA<\/a><\/li>\n<li id=\"menu-item-1828\" class=\"menu-item menu-item-type-post_type menu-item-object-page depth-0 to-right\"><a href=\"https:\/\/beauty-center.pl\/index.php\/kwas-migdalowy\/\">KWAS MIGDA\u0141OWY<\/a><\/li>\n<li id=\"menu-item-1831\" class=\"menu-item menu-item-type-post_type menu-item-object-page depth-0 to-right\"><a href=\"https:\/\/beauty-center.pl\/index.php\/peeling-ziolowy\/\">PEELING ZIO\u0141OWY<\/a><\/li>\n<li id=\"menu-item-1576\" class=\"menu-item menu-item-type-post_type menu-item-object-page depth-0 to-right\"><a href=\"https:\/\/beauty-center.pl\/index.php\/mezoterapia-mikroiglowa\/\">MEZOTERAPIA MIKROIG\u0141OWA<\/a><\/li>\n<li id=\"menu-item-1577\" class=\"menu-item menu-item-type-post_type menu-item-object-page depth-0 to-right\"><a href=\"https:\/\/beauty-center.pl\/index.php\/mezoterapia-iglowa-plytka\/\">MEZOTERAPIA IG\u0141OWA P\u0141YTKA<\/a><\/li>\n<li id=\"menu-item-1578\" class=\"menu-item menu-item-type-post_type menu-item-object-page depth-0 to-right\"><a href=\"https:\/\/beauty-center.pl\/index.php\/mezoterapia-beziglowa-2\/\">MEZOTERAPIA BEZIG\u0141OWA<\/a><\/li>\n<li id=\"menu-item-1579\" class=\"menu-item menu-item-type-post_type menu-item-object-page depth-0 to-right\"><a href=\"https:\/\/beauty-center.pl\/index.php\/mezoterapia-iglowa\/\">MEZOTERAPIA IG\u0141OWA<\/a><\/li>\n<li id=\"menu-item-1591\" class=\"menu-item menu-item-type-post_type menu-item-object-page depth-0 to-right\"><a href=\"https:\/\/beauty-center.pl\/index.php\/trwala-na-rzesy\/\">TRWA\u0141A NA RZ\u0118SY<\/a><\/li>\n<li id=\"menu-item-1603\" class=\"menu-item menu-item-type-post_type menu-item-object-page depth-0 to-right\"><a href=\"https:\/\/beauty-center.pl\/index.php\/zabiegi-dla-mezczyzn\/\">ZABIEGI DLA M\u0118\u017bCZYZN<\/a><\/li>\n<li id=\"menu-item-1604\" class=\"menu-item menu-item-type-post_type menu-item-object-page depth-0 to-right\"><a href=\"https:\/\/beauty-center.pl\/index.php\/masaz-cisnieniowy\/\">MASA\u017b CI\u015aNIENIOWY<\/a><\/li>\n<li id=\"menu-item-1605\" class=\"menu-item menu-item-type-post_type menu-item-object-page depth-0 to-right\"><a href=\"https:\/\/beauty-center.pl\/index.php\/ultradzwieki\/\">ULTRAD\u0179WI\u0118KI<\/a><\/li>\n<li id=\"menu-item-1606\" class=\"menu-item menu-item-type-post_type menu-item-object-page depth-0 to-right\"><a href=\"https:\/\/beauty-center.pl\/index.php\/depilacja-2\/\">DEPILACJA<\/a><\/li>\n<li id=\"menu-item-1607\" class=\"menu-item menu-item-type-post_type menu-item-object-page depth-0 to-right\"><a href=\"https:\/\/beauty-center.pl\/index.php\/opalanie-natryskowe\/\">OPALANIE NATRYSKOWE<\/a><\/li>\n<li id=\"menu-item-2002\" class=\"menu-item menu-item-type-post_type menu-item-object-page depth-0 to-right\"><a href=\"https:\/\/beauty-center.pl\/index.php\/bb-glow-3\/\">BB GLOW<\/a><\/li>\n<li id=\"menu-item-2021\" class=\"menu-item menu-item-type-post_type menu-item-object-page depth-0 to-right\"><a href=\"https:\/\/beauty-center.pl\/index.php\/henna-marokanska-2\/\">HENNA MAROKA\u0143SKA<\/a><\/li>\n<\/ul><\/div><\/div><\/div> \n\n <div   class=\"ui-column span8\"><div class=\"ui--title ui--animation ui--title-bordered text-center\"><div class=\"ui--title-holder\"><h3 class=\"ui--title-text\" style=\"color: #bd1e9d !important;\">MEZOTERAPIA MIKROIG\u0141OWA <\/h3><div style=\"border-color: #bd1e9d !important;\" class=\"ui--title-borders ui--title-border-left\"><\/div><div style=\"border-color: #bd1e9d !important;\" class=\"ui--title-borders ui--title-border-right\"><\/div><\/div><\/div><div class=\"auto-format ui--animation\"><p>Mezoterapia wp\u0142ywa przede wszystkim na rewitalizacje sk\u00f3ry stymuluj\u0105c naturalne w\u0142a\u015bciwo\u015bci regeneracyjne sk\u00f3ry. Proces ten jest skutkiem dobroczynnego \u201euszkodzenia\u201d sk\u00f3ry wynikaj\u0105cego z techniki zabiegu, jak i w\u0142a\u015bciwo\u015bci podawanych substancji.<\/p>\n<\/div><div class=\"ui--title ui--animation ui--title-bordered text-center\"><div class=\"ui--title-holder\"><h4 class=\"ui--title-text\" style=\"color: #bd1e9d !important;\">Na czym polega?<\/h4><div style=\"border-color: #bd1e9d !important;\" class=\"ui--title-borders ui--title-border-left\"><\/div><div style=\"border-color: #bd1e9d !important;\" class=\"ui--title-borders ui--title-border-right\"><\/div><\/div><\/div><div class=\"auto-format ui--animation\"><p>Mezoterapia polega na \u015br\u00f3dsk\u00f3rnym lub podsk\u00f3rnym podawaniu ma\u0142ych obj\u0119to\u015bci substancji aktywnej lub mieszanki kilku substancji w celu leczenia miejscowych zmian o charakterze kosmetycznym. Przesuwaj\u0105c kartrid\u017c po sk\u00f3rze, 18 bardzo cienkich i ostrych mikroigie\u0142 przedostaje si\u0119 przez nask\u00f3rek, a\u017c do sk\u00f3ry w\u0142a\u015bciwej &#8211; podczas tego typu zabiegu powstaj\u0105 mikrokanaliki w sk\u00f3rze, przez kt\u00f3re witaminy i zwi\u0105zki aktywne wnikaj\u0105 w g\u0142\u0105b sk\u00f3ry. Efektem takiego dzia\u0142ania jest zwi\u0119kszenie produkcji Collagenu i Elastyny.<br \/>\n    Wstrzykiwana substancja dociera od razu i bezpo\u015brednio do miejsca, w kt\u00f3rym ma zadzia\u0142a\u0107 na okre\u015blony spos\u00f3b. To jak wp\u0142ywa na sk\u00f3r\u0119 zale\u017cy od rodzaju substancji aktywnej czy leku.<\/p>\n<\/div><div class=\"ui--title ui--animation ui--title-bordered text-center\"><div class=\"ui--title-holder\"><h4 class=\"ui--title-text\" style=\"color: #bd1e9d !important;\">Jak dzia\u0142a?<\/h4><div style=\"border-color: #bd1e9d !important;\" class=\"ui--title-borders ui--title-border-left\"><\/div><div style=\"border-color: #bd1e9d !important;\" class=\"ui--title-borders ui--title-border-right\"><\/div><\/div><\/div><div class=\"auto-format ui--animation\"><p>Zwi\u0119ksza ukrwienie sk\u00f3ry, pobudza metabolizm kom\u00f3rek, stymuluje do podzia\u0142\u00f3w kom\u00f3rkowych i odnowy, pobudza, nawil\u017ca poprzez przyci\u0105gni\u0119cie i zatrzymanie wody. Dzi\u0119ki mezoterapii szybko i w spos\u00f3b nie chirurgiczny poprawiamy kondycje oraz wygl\u0105d sk\u00f3ry. Iniekcje takich substancji, jak: kwas hialuronowy, krzemionka organiczna i kompleksy multiwitaminowe stymuluj\u0105 metabolizm kom\u00f3rek, zwi\u0119kszaj\u0105 produkcje kolagenu i elastyny. Sk\u00f3ra sprawia wra\u017cenie m\u0142odszej. Jest dobrze od\u017cywiona i wypocz\u0119ta, co ma wp\u0142yw na samopoczucie i pewno\u015b\u0107 siebie.<\/p>\n<\/div><div class=\"ui--title ui--animation ui--title-bordered text-center\"><div class=\"ui--title-holder\"><h4 class=\"ui--title-text\" style=\"color: #bd1e9d !important;\">Wskazania<\/h4><div style=\"border-color: #bd1e9d !important;\" class=\"ui--title-borders ui--title-border-left\"><\/div><div style=\"border-color: #bd1e9d !important;\" class=\"ui--title-borders ui--title-border-right\"><\/div><\/div><\/div><ul class=\"ui--list list-font-icon parent-1\"><li class=\"child-1 total-5 ui--animation\"><i class=\"list-icon 14px fontawesome-ok\" style=\"color: #d400cd !important;\"><\/i>wiotko\u015b\u0107 i sucho\u015b\u0107 sk\u00f3ry twarzy, szyi i dekoltu<\/li><li class=\"child-2 total-5 ui--animation\"><i class=\"list-icon 14px fontawesome-ok\" style=\"color: #d400cd !important;\"><\/i>zmarszczki na twarzy, ciele i na d\u0142oniach<\/li><li class=\"child-3 total-5 ui--animation\"><i class=\"list-icon 14px fontawesome-ok\" style=\"color: #d400cd !important;\"><\/i>cellulit w obr\u0119bie ud, brzucha, po\u015bladk\u00f3w<\/li><li class=\"child-4 total-5 ui--animation\"><i class=\"list-icon 14px fontawesome-ok\" style=\"color: #d400cd !important;\"><\/i>rozst\u0119py<\/li><li class=\"child-5 total-5 ui--animation\"><i class=\"list-icon 14px fontawesome-ok\" style=\"color: #d400cd !important;\"><\/i>\u0142ysienie lud nadmierne wypadanie w\u0142os\u00f3w, zar\u00f3wno w przypadku pan\u00f3w, jak i kobiet<\/li>  <\/ul><div class=\"ui--title ui--animation ui--title-bordered text-center\"><div class=\"ui--title-holder\"><h4 class=\"ui--title-text\" style=\"color: #bd1e9d !important;\">Rezultaty mezoterapii mikroig\u0142owej:<\/h4><div style=\"border-color: #bd1e9d !important;\" class=\"ui--title-borders ui--title-border-left\"><\/div><div style=\"border-color: #bd1e9d !important;\" class=\"ui--title-borders ui--title-border-right\"><\/div><\/div><\/div><ul class=\"ui--list list-font-icon parent-2\"><li class=\"child-1 total-10 ui--animation\"><i class=\"list-icon 14px fontawesome-ok\" style=\"color: #d400cd !important;\"><\/i>modeluje twarz i sylwetk\u0119<\/li><li class=\"child-2 total-10 ui--animation\"><i class=\"list-icon 14px fontawesome-ok\" style=\"color: #d400cd !important;\"><\/i>redukuje cellulit i wszelkie nier\u00f3wno\u015bci (zgrubienia) podsk\u00f3rne<\/li><li class=\"child-3 total-10 ui--animation\"><i class=\"list-icon 14px fontawesome-ok\" style=\"color: #d400cd !important;\"><\/i>pomaga odbudowa\u0107 prawid\u0142owe napi\u0119cie sk\u00f3ry<\/li><li class=\"child-4 total-10 ui--animation\"><i class=\"list-icon 14px fontawesome-ok\" style=\"color: #d400cd !important;\"><\/i>wyg\u0142adza zmarszczki g\u0142\u0119bokie a drobne ca\u0142kowicie niweluje<\/li><li class=\"child-5 total-10 ui--animation\"><i class=\"list-icon 14px fontawesome-ok\" style=\"color: #d400cd !important;\"><\/i>podnosi sk\u00f3r\u0119 wok\u00f3\u0142 powiek, w k\u0105cikach ust i na policzkach, co daje zdecydowanie m\u0142odszy wygl\u0105d<\/li><li class=\"child-6 total-10 ui--animation\"><i class=\"list-icon 14px fontawesome-ok\" style=\"color: #d400cd !important;\"><\/i>wizualnie redukuje blizny i rozst\u0119py<\/li><li class=\"child-7 total-10 ui--animation\"><i class=\"list-icon 14px fontawesome-ok\" style=\"color: #d400cd !important;\"><\/i>redukuje przebarwienia sk\u00f3ry i rozszerzone naczynka<\/li><li class=\"child-8 total-10 ui--animation\"><i class=\"list-icon 14px fontawesome-ok\" style=\"color: #d400cd !important;\"><\/i>wspomaga leczenie tr\u0105dziku<\/li><li class=\"child-9 total-10 ui--animation\"><i class=\"list-icon 14px fontawesome-ok\" style=\"color: #d400cd !important;\"><\/i>przeciwdzia\u0142a wypadaniu w\u0142os\u00f3w<\/li><li class=\"child-10 total-10 ui--animation\"><i class=\"list-icon 14px fontawesome-ok\" style=\"color: #d400cd !important;\"><\/i>uj\u0119drnia lu\u017an\u0105 sk\u00f3r\u0119 cia\u0142a po odchudzaniu i po ci\u0105\u017cy<\/li>  <\/ul><div class=\"ui--title ui--animation ui--title-bordered text-center\"><div class=\"ui--title-holder\"><h4 class=\"ui--title-text\" style=\"color: #bd1e9d !important;\">Korzy\u015bci mikro- nak\u0142uwania nask\u00f3rka  <\/h4><div style=\"border-color: #bd1e9d !important;\" class=\"ui--title-borders ui--title-border-left\"><\/div><div style=\"border-color: #bd1e9d !important;\" class=\"ui--title-borders ui--title-border-right\"><\/div><\/div><\/div><ul class=\"ui--list list-font-icon parent-3\"><li class=\"child-1 total-4 ui--animation\"><i class=\"list-icon 14px fontawesome-ok\" style=\"color: #d400cd !important;\"><\/i>zabieg jest ca\u0142kowicie naturalny<\/li><li class=\"child-2 total-4 ui--animation\"><i class=\"list-icon 14px fontawesome-ok\" style=\"color: #d400cd !important;\"><\/i>nie powoduje niszczenia sk\u00f3ry<\/li><li class=\"child-3 total-4 ui--animation\"><i class=\"list-icon 14px fontawesome-ok\" style=\"color: #d400cd !important;\"><\/i>mo\u017ce by\u0107 u\u017cywany na cienkiej sk\u00f3rze<\/li><li class=\"child-4 total-4 ui--animation\"><i class=\"list-icon 14px fontawesome-ok\" style=\"color: #d400cd !important;\"><\/i>daj znakomite rezultaty por\u00f3wnywalne do lasera<\/li>  <\/ul><div class=\"ui--title ui--animation ui--title-bordered text-center\"><div class=\"ui--title-holder\"><h4 class=\"ui--title-text\" style=\"color: #bd1e9d !important;\">Jak cz\u0119sto wykonywa\u0107 zabieg?<\/h4><div style=\"border-color: #bd1e9d !important;\" class=\"ui--title-borders ui--title-border-left\"><\/div><div style=\"border-color: #bd1e9d !important;\" class=\"ui--title-borders ui--title-border-right\"><\/div><\/div><\/div><div class=\"auto-format ui--animation\"><p>Mezoterapi\u0119 nale\u017cy wykonywa\u0107 w serii, a ilo\u015b\u0107 zabieg\u00f3w zale\u017cy od cech osobniczych osoby poddanej zabiegowi. Z regu\u0142y na pocz\u0105tek nale\u017cy podda\u0107 si\u0119 jednemu zabiegowi, co 7-14 dni przez oko\u0142o 2 miesi\u0105ce. Nast\u0119pnie wykonuj\u0119 si\u0119 1 zabieg raz na 1-3 miesi\u0105ce dla podtrzymania efekt\u00f3w.<\/p>\n<\/div><div class=\"ui--title ui--animation ui--title-bordered text-center\"><div class=\"ui--title-holder\"><h4 class=\"ui--title-text\" style=\"color: #bd1e9d !important;\">Przeciwwskazania do zabiegu:<\/h4><div style=\"border-color: #bd1e9d !important;\" class=\"ui--title-borders ui--title-border-left\"><\/div><div style=\"border-color: #bd1e9d !important;\" class=\"ui--title-borders ui--title-border-right\"><\/div><\/div><\/div><ul class=\"ui--list list-font-icon parent-4\"><li class=\"child-1 total-8 ui--animation\"><i class=\"list-icon 14px fontawesome-ok\" style=\"color: #d400cd !important;\"><\/i>alergie<\/li><li class=\"child-2 total-8 ui--animation\"><i class=\"list-icon 14px fontawesome-ok\" style=\"color: #d400cd !important;\"><\/i>ci\u0105\u017ca i okres karmienia piersi\u0105<\/li><li class=\"child-3 total-8 ui--animation\"><i class=\"list-icon 14px fontawesome-ok\" style=\"color: #d400cd !important;\"><\/i>cukrzyca<\/li><li class=\"child-4 total-8 ui--animation\"><i class=\"list-icon 14px fontawesome-ok\" style=\"color: #d400cd !important;\"><\/i>stany zapalne na sk\u00f3rze<\/li><li class=\"child-5 total-8 ui--animation\"><i class=\"list-icon 14px fontawesome-ok\" style=\"color: #d400cd !important;\"><\/i>opryszczka<\/li><li class=\"child-6 total-8 ui--animation\"><i class=\"list-icon 14px fontawesome-ok\" style=\"color: #d400cd !important;\"><\/i>sk\u00f3ra \u017ale toleruj\u0105ca iniekcje<\/li><li class=\"child-7 total-8 ui--animation\"><i class=\"list-icon 14px fontawesome-ok\" style=\"color: #d400cd !important;\"><\/i>choroby nowotworowe<\/li><li class=\"child-8 total-8 ui--animation\"><i class=\"list-icon 14px fontawesome-ok\" style=\"color: #d400cd !important;\"><\/i>stosowanie lek\u00f3w przeciwkrzepliwych<\/li>  <\/ul><div class=\"ui--title ui--animation ui--title-bordered text-center\"><div class=\"ui--title-holder\"><h4 class=\"ui--title-text\" style=\"color: #bd1e9d !important;\">CENNIK<\/h4><div style=\"border-color: #bd1e9d !important;\" class=\"ui--title-borders ui--title-border-left\"><\/div><div style=\"border-color: #bd1e9d !important;\" class=\"ui--title-borders ui--title-border-right\"><\/div><\/div><\/div><div class=\"auto-format ui--animation\"><ul>\n<li>Twarz + szyja + dekolt   250z\u0142<\/li>\n<li>Twarz + szyja lub szyja + dekolt  200z\u0142<\/li>\n<li>Twarz lub szyja lub dekolt  150z\u0142<\/li>\n<\/ul>\n<p>Dla wzmocnienia efektu zabiegu zalecane jest  wykonanie fal radiowych &#8211; cena przy zabiegu 75 z\u0142.<\/p>\n<\/div><\/div> \n\n<\/div> \n<\/div><\/div><\/div>","protected":false},"excerpt":{"rendered":"<p>ZABIEGI KOSMETYCZNEMAKIJA\u017b PERMANENTNY METOD\u0104 PI\u00d3RKOW\u0104 DEPILACJA PAST\u0104 CUKROW\u0104 TRWA\u0141E PRZED\u0141U\u017bANIE RZ\u0118S RZ\u0118SY od 3D do 8D USUWANIE KURZAJEK I W\u0141\u00d3KNIAK\u00d3W HENNA I REGULACJA BRWI MIKRODERMABRAZJA MAKIJA\u017b PERMANENTNY USUWANIE MAKIJA\u017bU PERMANENTNEGO PEELING KAWITACYJNY USUWANIE BRODAWEK I W\u0141\u00d3KNIAK\u00d3W FALE RADIOWE LECZENIE NADPOTLIWO\u015aCI ZABIEGI NA TWARZ ZABIEG RELAKSACYJNO \u2013 DOTLENIAJ\u0104CY ELEKTROKOAGULACJA ZABIEG OCZYSZCZAJ\u0104CY ZABIEG LIFTINGUJ\u0104CY EFEKT MOTYLA KWAS [&hellip;]<\/p>\n","protected":false},"author":1,"featured_media":0,"parent":0,"menu_order":0,"comment_status":"closed","ping_status":"closed","template":"","meta":{"footnotes":""},"class_list":["post-1574","page","type-page","status-publish","hentry"],"_links":{"self":[{"href":"https:\/\/beauty-center.pl\/index.php\/wp-json\/wp\/v2\/pages\/1574","targetHints":{"allow":["GET"]}}],"collection":[{"href":"https:\/\/beauty-center.pl\/index.php\/wp-json\/wp\/v2\/pages"}],"about":[{"href":"https:\/\/beauty-center.pl\/index.php\/wp-json\/wp\/v2\/types\/page"}],"author":[{"embeddable":true,"href":"https:\/\/beauty-center.pl\/index.php\/wp-json\/wp\/v2\/users\/1"}],"replies":[{"embeddable":true,"href":"https:\/\/beauty-center.pl\/index.php\/wp-json\/wp\/v2\/comments?post=1574"}],"version-history":[{"count":1,"href":"https:\/\/beauty-center.pl\/index.php\/wp-json\/wp\/v2\/pages\/1574\/revisions"}],"predecessor-version":[{"id":1575,"href":"https:\/\/beauty-center.pl\/index.php\/wp-json\/wp\/v2\/pages\/1574\/revisions\/1575"}],"wp:attachment":[{"href":"https:\/\/beauty-center.pl\/index.php\/wp-json\/wp\/v2\/media?parent=1574"}],"curies":[{"name":"wp","href":"https:\/\/api.w.org\/{rel}","templated":true}]}}