{"id":1583,"date":"2016-08-27T13:44:29","date_gmt":"2016-08-27T11:44:29","guid":{"rendered":"http:\/\/beauty.kbsolution.pl\/?page_id=1583"},"modified":"2016-08-27T13:44:29","modified_gmt":"2016-08-27T11:44:29","slug":"opalanie-natryskowe","status":"publish","type":"page","link":"https:\/\/beauty-center.pl\/index.php\/opalanie-natryskowe\/","title":{"rendered":"OPALANIE NATRYSKOWE"},"content":{"rendered":"<div  class=\"ui--tagline-box-wrapper ui--animation clearfix\"><div  id=\"tagline-1\" class=\"ui--tagline-box ui-row clearfix ui--tagline-box-custom-color radius-3px\" data-responsive=\"{&quot;css&quot;:{&quot;min-height&quot;:{&quot;phone&quot;:&quot;auto&quot;,&quot;tablet&quot;:&quot;auto&quot;,&quot;widescreen&quot;:&quot;&quot;}}}\"><div  class=\"ui--tagline-background-container ui--tagline-background-overlay radius-3px\"><\/div><div  class=\"ui--tagline-background-container ui--tagline-background-image radius-3px\"><\/div><div  class=\"ui--tagline-content\"><div class=\"ui-row row\">\n <div   class=\"ui-column span4\"><div id=\"nav_menu-3\" class=\"widget widget_nav_menu\"><h4 class=\"sidebar-widget-title ui--widget-title\"><span>ZABIEGI KOSMETYCZNE<\/span><\/h4><div class=\"menu-zabiegi-kosmetyczne-container\"><ul id=\"menu-zabiegi-kosmetyczne\" class=\"menu\"><li id=\"menu-item-1410\" class=\"menu-item menu-item-type-post_type menu-item-object-page depth-0 to-right\"><a href=\"https:\/\/beauty-center.pl\/index.php\/makijaz-permanentny-brwi-metoda-piorkowa\/\"><strong>MAKIJA\u017b PERMANENTNY METOD\u0104 PI\u00d3RKOW\u0104<\/strong><\/a><\/li>\n<li id=\"menu-item-1417\" class=\"menu-item menu-item-type-post_type menu-item-object-page depth-0 to-right\"><a href=\"https:\/\/beauty-center.pl\/index.php\/depilacja-pasta-cukrowa\/\">DEPILACJA PAST\u0104 CUKROW\u0104<\/a><\/li>\n<li id=\"menu-item-1423\" class=\"menu-item menu-item-type-post_type menu-item-object-page depth-0 to-right\"><a href=\"https:\/\/beauty-center.pl\/index.php\/trwale-przedluzanie-rzes\/\">TRWA\u0141E PRZED\u0141U\u017bANIE RZ\u0118S<\/a><\/li>\n<li id=\"menu-item-1435\" class=\"menu-item menu-item-type-post_type menu-item-object-page depth-0 to-right\"><a href=\"https:\/\/beauty-center.pl\/index.php\/rzesy-od-3d-do-8d\/\">RZ\u0118SY od 3D do 8D<\/a><\/li>\n<li id=\"menu-item-1438\" class=\"menu-item menu-item-type-post_type menu-item-object-page depth-0 to-right\"><a href=\"https:\/\/beauty-center.pl\/index.php\/usuwanie-kurzajek-i-wlokniakow\/\">USUWANIE KURZAJEK I W\u0141\u00d3KNIAK\u00d3W<\/a><\/li>\n<li id=\"menu-item-1476\" class=\"menu-item menu-item-type-post_type menu-item-object-page depth-0 to-right\"><a href=\"https:\/\/beauty-center.pl\/index.php\/1472-2\/\">HENNA I REGULACJA BRWI<\/a><\/li>\n<li id=\"menu-item-1483\" class=\"menu-item menu-item-type-post_type menu-item-object-page depth-0 to-right\"><a href=\"https:\/\/beauty-center.pl\/index.php\/mikrodermabrazja-2\/\">MIKRODERMABRAZJA<\/a><\/li>\n<li id=\"menu-item-1516\" class=\"menu-item menu-item-type-post_type menu-item-object-page depth-0 to-right\"><a href=\"https:\/\/beauty-center.pl\/index.php\/makijaz-permanentny-2\/\">MAKIJA\u017b PERMANENTNY<\/a><\/li>\n<li id=\"menu-item-1519\" class=\"menu-item menu-item-type-post_type menu-item-object-page depth-0 to-right\"><a href=\"https:\/\/beauty-center.pl\/index.php\/usuwanie-makijazu-permanentnego\/\">USUWANIE MAKIJA\u017bU PERMANENTNEGO<\/a><\/li>\n<li id=\"menu-item-1523\" class=\"menu-item menu-item-type-post_type menu-item-object-page depth-0 to-right\"><a href=\"https:\/\/beauty-center.pl\/index.php\/peeling-kawitacyjny\/\">PEELING KAWITACYJNY<\/a><\/li>\n<li id=\"menu-item-1526\" class=\"menu-item menu-item-type-post_type menu-item-object-page depth-0 to-right\"><a href=\"https:\/\/beauty-center.pl\/index.php\/usuwanie-brodawek-i-wlokniakow\/\">USUWANIE BRODAWEK I W\u0141\u00d3KNIAK\u00d3W<\/a><\/li>\n<li id=\"menu-item-1538\" class=\"menu-item menu-item-type-post_type menu-item-object-page depth-0 to-right\"><a href=\"https:\/\/beauty-center.pl\/index.php\/fale-radiowe-2\/\">FALE RADIOWE<\/a><\/li>\n<li id=\"menu-item-1539\" class=\"menu-item menu-item-type-post_type menu-item-object-page depth-0 to-right\"><a href=\"https:\/\/beauty-center.pl\/index.php\/leczenie-nadpotliwosci\/\">LECZENIE NADPOTLIWO\u015aCI<\/a><\/li>\n<li id=\"menu-item-1541\" class=\"menu-item menu-item-type-post_type menu-item-object-page depth-0 to-right\"><a href=\"https:\/\/beauty-center.pl\/index.php\/zabiegi-na-twarz-2\/\">ZABIEGI NA TWARZ<\/a><\/li>\n<li id=\"menu-item-1548\" class=\"menu-item menu-item-type-post_type menu-item-object-page depth-0 to-right\"><a href=\"https:\/\/beauty-center.pl\/index.php\/zabieg-relaksacyjno-dotleniajacy\/\">ZABIEG RELAKSACYJNO \u2013 DOTLENIAJ\u0104CY<\/a><\/li>\n<li id=\"menu-item-1549\" class=\"menu-item menu-item-type-post_type menu-item-object-page depth-0 to-right\"><a href=\"https:\/\/beauty-center.pl\/index.php\/elektrokoagulacja\/\">ELEKTROKOAGULACJA<\/a><\/li>\n<li id=\"menu-item-1557\" class=\"menu-item menu-item-type-post_type menu-item-object-page depth-0 to-right\"><a href=\"https:\/\/beauty-center.pl\/index.php\/zabieg-oczyszczajacy\/\">ZABIEG OCZYSZCZAJ\u0104CY<\/a><\/li>\n<li id=\"menu-item-1558\" class=\"menu-item menu-item-type-post_type menu-item-object-page depth-0 to-right\"><a href=\"https:\/\/beauty-center.pl\/index.php\/zabieg-liftingujacy\/\">ZABIEG LIFTINGUJ\u0104CY<\/a><\/li>\n<li id=\"menu-item-1562\" class=\"menu-item menu-item-type-post_type menu-item-object-page depth-0 to-right\"><a href=\"https:\/\/beauty-center.pl\/index.php\/efekt-motyla\/\">EFEKT MOTYLA<\/a><\/li>\n<li id=\"menu-item-1828\" class=\"menu-item menu-item-type-post_type menu-item-object-page depth-0 to-right\"><a href=\"https:\/\/beauty-center.pl\/index.php\/kwas-migdalowy\/\">KWAS MIGDA\u0141OWY<\/a><\/li>\n<li id=\"menu-item-1831\" class=\"menu-item menu-item-type-post_type menu-item-object-page depth-0 to-right\"><a href=\"https:\/\/beauty-center.pl\/index.php\/peeling-ziolowy\/\">PEELING ZIO\u0141OWY<\/a><\/li>\n<li id=\"menu-item-1576\" class=\"menu-item menu-item-type-post_type menu-item-object-page depth-0 to-right\"><a href=\"https:\/\/beauty-center.pl\/index.php\/mezoterapia-mikroiglowa\/\">MEZOTERAPIA MIKROIG\u0141OWA<\/a><\/li>\n<li id=\"menu-item-1577\" class=\"menu-item menu-item-type-post_type menu-item-object-page depth-0 to-right\"><a href=\"https:\/\/beauty-center.pl\/index.php\/mezoterapia-iglowa-plytka\/\">MEZOTERAPIA IG\u0141OWA P\u0141YTKA<\/a><\/li>\n<li id=\"menu-item-1578\" class=\"menu-item menu-item-type-post_type menu-item-object-page depth-0 to-right\"><a href=\"https:\/\/beauty-center.pl\/index.php\/mezoterapia-beziglowa-2\/\">MEZOTERAPIA BEZIG\u0141OWA<\/a><\/li>\n<li id=\"menu-item-1579\" class=\"menu-item menu-item-type-post_type menu-item-object-page depth-0 to-right\"><a href=\"https:\/\/beauty-center.pl\/index.php\/mezoterapia-iglowa\/\">MEZOTERAPIA IG\u0141OWA<\/a><\/li>\n<li id=\"menu-item-1591\" class=\"menu-item menu-item-type-post_type menu-item-object-page depth-0 to-right\"><a href=\"https:\/\/beauty-center.pl\/index.php\/trwala-na-rzesy\/\">TRWA\u0141A NA RZ\u0118SY<\/a><\/li>\n<li id=\"menu-item-1603\" class=\"menu-item menu-item-type-post_type menu-item-object-page depth-0 to-right\"><a href=\"https:\/\/beauty-center.pl\/index.php\/zabiegi-dla-mezczyzn\/\">ZABIEGI DLA M\u0118\u017bCZYZN<\/a><\/li>\n<li id=\"menu-item-1604\" class=\"menu-item menu-item-type-post_type menu-item-object-page depth-0 to-right\"><a href=\"https:\/\/beauty-center.pl\/index.php\/masaz-cisnieniowy\/\">MASA\u017b CI\u015aNIENIOWY<\/a><\/li>\n<li id=\"menu-item-1605\" class=\"menu-item menu-item-type-post_type menu-item-object-page depth-0 to-right\"><a href=\"https:\/\/beauty-center.pl\/index.php\/ultradzwieki\/\">ULTRAD\u0179WI\u0118KI<\/a><\/li>\n<li id=\"menu-item-1606\" class=\"menu-item menu-item-type-post_type menu-item-object-page depth-0 to-right\"><a href=\"https:\/\/beauty-center.pl\/index.php\/depilacja-2\/\">DEPILACJA<\/a><\/li>\n<li id=\"menu-item-1607\" class=\"menu-item menu-item-type-post_type menu-item-object-page depth-0 to-right\"><a href=\"https:\/\/beauty-center.pl\/index.php\/opalanie-natryskowe\/\">OPALANIE NATRYSKOWE<\/a><\/li>\n<li id=\"menu-item-2002\" class=\"menu-item menu-item-type-post_type menu-item-object-page depth-0 to-right\"><a href=\"https:\/\/beauty-center.pl\/index.php\/bb-glow-3\/\">BB GLOW<\/a><\/li>\n<li id=\"menu-item-2021\" class=\"menu-item menu-item-type-post_type menu-item-object-page depth-0 to-right\"><a href=\"https:\/\/beauty-center.pl\/index.php\/henna-marokanska-2\/\">HENNA MAROKA\u0143SKA<\/a><\/li>\n<\/ul><\/div><\/div><\/div> \n\n <div   class=\"ui-column span8\"><div class=\"ui--title ui--animation ui--title-bordered text-center\"><div class=\"ui--title-holder\"><h3 class=\"ui--title-text\" style=\"color: #bd1e9d !important;\">OPALANIE NATRYSKOWE<\/h3><div style=\"border-color: #bd1e9d !important;\" class=\"ui--title-borders ui--title-border-left\"><\/div><div style=\"border-color: #bd1e9d !important;\" class=\"ui--title-borders ui--title-border-right\"><\/div><\/div><\/div><div class=\"auto-format ui--animation\"><p><strong><CENTER>Opalanie natryskowe &#8211; SunFX<br \/>\nZ tego najch\u0119tniej korzystaj\u0105 gwiazdy!<br \/>\nAIRBRUSH<\/p>\n<p> \u015awiatowy lider opalania natryskowego<br \/>\n Profesjonalizm prosto z Australii- o zdrowej opaleni\u017anie wiemy wszystko!<\/CENTER><\/strong><\/p>\n<\/div><div class=\"ui--image-wrap clearfix text-center ui--block\"><img loading=\"lazy\" decoding=\"async\" width=\"673\" height=\"673\" src=\"https:\/\/beauty-center.pl\/wp-content\/uploads\/2016\/08\/award_zpsisfuyqix.png\" class=\"ui--image ui--animation\" alt=\"\" id=\"ui--image-1\" srcset=\"https:\/\/beauty-center.pl\/wp-content\/uploads\/2016\/08\/award_zpsisfuyqix.png 673w, https:\/\/beauty-center.pl\/wp-content\/uploads\/2016\/08\/award_zpsisfuyqix-150x150.png 150w, https:\/\/beauty-center.pl\/wp-content\/uploads\/2016\/08\/award_zpsisfuyqix-300x300.png 300w\" sizes=\"auto, (max-width: 673px) 100vw, 673px\" \/><\/div><div class=\"ui--image-wrap clearfix text-center ui--block\"><img loading=\"lazy\" decoding=\"async\" width=\"421\" height=\"323\" src=\"https:\/\/beauty-center.pl\/wp-content\/uploads\/2016\/08\/medal_zpslz6nfopr.jpg\" class=\"ui--image ui--animation\" alt=\"\" id=\"ui--image-2\" srcset=\"https:\/\/beauty-center.pl\/wp-content\/uploads\/2016\/08\/medal_zpslz6nfopr.jpg 421w, https:\/\/beauty-center.pl\/wp-content\/uploads\/2016\/08\/medal_zpslz6nfopr-300x230.jpg 300w\" sizes=\"auto, (max-width: 421px) 100vw, 421px\" \/><\/div><div class=\"auto-format ui--animation\"><p>Opalanie natryskowe SunFX to propozycja dla wszystkich tych, kt\u00f3rzy pragn\u0105 cieszy\u0107 si\u0119 pi\u0119kn\u0105 opalenizn\u0105, zachowuj\u0105c m\u0142odo\u015b\u0107 i zdrowie swojej sk\u00f3ry, bez ryzyka przedwczesnego starzenia si\u0119, alergii i nowotwor\u00f3w.<br \/>\nProfesjonalnie przeprowadzony zabieg opalania  z wykorzystaniem sprz\u0119tu i  100% naturalnych p\u0142yn\u00f3w SunFX, gwarantuje najwy\u017csz\u0105 precyzj\u0119 oraz jako\u015b\u0107 us\u0142ugi i zapewnia bezpiecze\u0144stwo nawet dla najbardziej wra\u017cliwych, jasnych karnacji, os\u00f3b z bielactwem, alergik\u00f3w oraz przysz\u0142ych mam.<\/p>\n<\/div><div class=\"ui--image-wrap clearfix text-center ui--block\" style=\"margin-top: 20px;  margin-bottom: 35px;\"><img loading=\"lazy\" decoding=\"async\" width=\"593\" height=\"820\" src=\"https:\/\/beauty-center.pl\/wp-content\/uploads\/2016\/08\/sunfix_zpslp80t8a9.jpg\" class=\"ui--image ui--animation\" alt=\"\" id=\"ui--image-3\" srcset=\"https:\/\/beauty-center.pl\/wp-content\/uploads\/2016\/08\/sunfix_zpslp80t8a9.jpg 593w, https:\/\/beauty-center.pl\/wp-content\/uploads\/2016\/08\/sunfix_zpslp80t8a9-217x300.jpg 217w\" sizes=\"auto, (max-width: 593px) 100vw, 593px\" \/><\/div><div class=\"auto-format ui--animation\"><p>Wyobra\u017a sobie pi\u0119kn\u0105 i zdrow\u0105 opalenizn\u0119 w pi\u0119\u0107 minut&#8230;<br \/>\nTeraz jest to ju\u017c mo\u017cliwe dzi\u0119ki systemowi SunFX niezwykle precyzyjnej profesjonalnej maszynie oraz gamie naturalnych produkt\u00f3w do opalania natryskowego.<br \/>\nNaturalna pigmentacja SunFX to doskona\u0142a alternatywa dla szkodliwego promieniowania UV.<br \/>\nSunFX to gwarancja pi\u0119knej opalenizny:<\/p>\n<ul>\n<li>    Natychmiastowy efekt,<\/li>\n<li>    Najwy\u017csza jako\u015b\u0107 produkt\u00f3w<\/li>\n<li>    Pi\u0119kny, zdrowy odcie\u0144 opalenizny<\/li>\n<li>    100% bezpiecze\u0144stwo dla sk\u00f3ry<\/li>\n<\/ul>\n<\/div><div class=\"ui--title ui--animation ui--title-bordered text-center\"><div class=\"ui--title-holder\"><h3 class=\"ui--title-text\" style=\"color: #bd1e9d !important;\">OPALANIE NATRYSKOWE PROSTO OD MATKI NATURY 100% Z NATURALNYCH SK\u0141ADNIK\u00d3W,<\/h3><div style=\"border-color: #bd1e9d !important;\" class=\"ui--title-borders ui--title-border-left\"><\/div><div style=\"border-color: #bd1e9d !important;\" class=\"ui--title-borders ui--title-border-right\"><\/div><\/div><\/div><div class=\"auto-format ui--animation\"><p>W czasach kiedy nasza sk\u00f3ra ka\u017cdego dnia nara\u017cana jest na szkodliwe promieniowanie UV, zanieczyszczenia \u015brodowiska oraz silne alergeny pochodz\u0105ce z kosmetyk\u00f3w,<br \/>\nSunFX postawi\u0142 na zdrowie i najwy\u017csz\u0105 czysto\u015b\u0107 technologiczn\u0105 swoich produkt\u00f3w.<br \/>\nKa\u017cda receptura SunFX oparta jest o wyselekcjonowane naturalne barwniki organiczne, zapewniaj\u0105c przepi\u0119kny odcie\u0144 opalenizny oraz optymalne zdrowie sk\u00f3rze.<br \/>\nJako\u015b\u0107 oraz profesjonalizm SunFX potwierdzona licznymi mi\u0119dzynarodowymi nagrodami.<\/p>\n<\/div><div class=\"ui--image-wrap clearfix text-center ui--block\" style=\"margin-top: 20px;  margin-bottom: 35px;\"><img loading=\"lazy\" decoding=\"async\" width=\"994\" height=\"544\" src=\"https:\/\/beauty-center.pl\/wp-content\/uploads\/2016\/08\/paris_zpss3mrkamo.jpg\" class=\"ui--image ui--animation\" alt=\"\" id=\"ui--image-4\" srcset=\"https:\/\/beauty-center.pl\/wp-content\/uploads\/2016\/08\/paris_zpss3mrkamo.jpg 994w, https:\/\/beauty-center.pl\/wp-content\/uploads\/2016\/08\/paris_zpss3mrkamo-300x164.jpg 300w, https:\/\/beauty-center.pl\/wp-content\/uploads\/2016\/08\/paris_zpss3mrkamo-768x420.jpg 768w\" sizes=\"auto, (max-width: 994px) 100vw, 994px\" \/><\/div><div class=\"auto-format ui--animation\"><ul>\n<li>CENA BEZ PEELINGU:180 z\u0142.<\/strong><\/li>\n<p>     Cz\u0119\u015b\u0107iowe bez peelingu 100-120 z\u0142\n<\/ul>\n<p>Preparaty SunFX zawieraj\u0105 najskuteczniejsz\u0105 na rynku substancj\u0119 barwi\u0105c\u0105 zwan\u0105 Dihydroksyaceton powszechnie okre\u015blany skr\u00f3tem DHA. Ta wyj\u0105tkowa substancja zosta\u0142a odkryta ponad 50 lat temu i dzi\u0119ki stopniowemu ulepszaniu obecnie oferuje doskona\u0142e wyniki w opalaniu, idealnie zast\u0119puj\u0105c\u0105c metody wykorzystuj\u0105ce \u017ar\u00f3d\u0142a promieniowania UV.<br \/>\nSubstancja DHA pierwotnie stosowane by\u0142a w lekach doustnych u\u017cywanych przy leczeniu niekt\u00f3rych chor\u00f3b dzieci\u0119cych (w szczeg\u00f3lno\u015bci choroby spichrzeniowej glikogenu), a w\u0142a\u015bciwo\u015bci opalaj\u0105ce tej substancji odkryto przypadkiem, gdy nieumy\u015blnie rozlano j\u0105 na sk\u00f3r\u0119.<br \/>\nDHA reaguje z proteinami obecnymi w najwy\u017cszych warstwach sk\u00f3ry. Zbr\u0105zowienie mo\u017ce pojawi\u0107 si\u0119 ju\u017c po 2 godzinach, jednak najlepsze wyniki uzyskuje si\u0119 po 5-7 godzinach. Szczeg\u00f3ln\u0105 zalet\u0105 substancji opalaj\u0105cej DHA jest to, \u017ce opalenizny nie da si\u0119 zmy\u0107, znika ona samoistnie w miar\u0119 naturalnego z\u0142uszczania si\u0119 nask\u00f3rka.<br \/>\nW chwili obecnej na \u015bwiatowym rynku wyst\u0119puje wiele tanich postaci DHA, charakteryzuj\u0105cych si\u0119 intensywnym przykrym zapachem.<\/p>\n<\/div><div class=\"ui--image-wrap clearfix\" style=\"margin-top: 20px;  margin-bottom: 35px;\"><img loading=\"lazy\" decoding=\"async\" width=\"1024\" height=\"433\" src=\"https:\/\/beauty-center.pl\/wp-content\/uploads\/2016\/08\/SUN0055_1200x508px_03-01_zpsmmppeb74.jpg\" class=\"ui--image ui--animation\" alt=\"\" id=\"ui--image-5\" srcset=\"https:\/\/beauty-center.pl\/wp-content\/uploads\/2016\/08\/SUN0055_1200x508px_03-01_zpsmmppeb74.jpg 1024w, https:\/\/beauty-center.pl\/wp-content\/uploads\/2016\/08\/SUN0055_1200x508px_03-01_zpsmmppeb74-300x127.jpg 300w, https:\/\/beauty-center.pl\/wp-content\/uploads\/2016\/08\/SUN0055_1200x508px_03-01_zpsmmppeb74-768x325.jpg 768w\" sizes=\"auto, (max-width: 1024px) 100vw, 1024px\" \/><\/div><div class=\"ui--title ui--animation ui--title-bordered text-center\"><div class=\"ui--title-holder\"><h4 class=\"ui--title-text\" style=\"color: #bd1e9d !important;\">Najwy\u017cszej jako\u015bci DHA stosowane w p\u0142ynach SunFX to:<\/h4><div style=\"border-color: #bd1e9d !important;\" class=\"ui--title-borders ui--title-border-left\"><\/div><div style=\"border-color: #bd1e9d !important;\" class=\"ui--title-borders ui--title-border-right\"><\/div><\/div><\/div><div class=\"auto-format ui--animation\"><p>\u2022  Naturalny, idealnie dopasowuj\u0105cy si\u0119 kolor<br \/>\n\u2022 Formu\u0142a wolna od przykrych zapach\u00f3w<br \/>\n\u2022  Gwarancja zdrowia sk\u00f3ry<\/p>\n<p>Substancja DHA u\u017cywana w p\u0142ynach SunFX to najwy\u017cszej jako\u015bci sk\u0142adnik opalaj\u0105cy posiadaj\u0105cy certyfikat ECOCERT.<br \/>\nZnak ECOCERT jest jednym z najwa\u017cniejszym oznaczeniem potwierdzaj\u0105cym, jako\u015b\u0107, pozytywny wp\u0142yw na zdrowie oraz czysto\u015b\u0107 ekologiczn\u0105.<\/p>\n<p>Dla najlepszego efektu opalania oraz zachowania optymalnego zdrowia sk\u00f3ry p\u0142yny SunFX zawieraj\u0105 100 % substancji naturalnych. Wykluczyli\u015bmy tak\u017ce wszelkie substancje chemiczne mog\u0105ce powodowa\u0107 skutki uboczne jako: alkohol, parabeny, perfumy oraz innych potencjalnie niebezpieczne zwi\u0105zki chemiczne.<br \/>\nZabieg wykonywany jest na stoj\u0105co za pomoc\u0105 urz\u0105dzenia rozpylaj\u0105cego preparat opalaj\u0105cy. Odcie\u0144 opalenizny dobierany jest indywidualnie do karnacji, za\u015b samo nak\u0142adanie opalenizny trwa oko\u0142o 5 minut. Wcze\u015bniej jednak, w celu uzyskania najlepszego efektu  nale\u017cy wykona\u0107 peeling ca\u0142ego cia\u0142a. Nie nale\u017cy u\u017cywa\u0107 antyperspirant\u00f3w, perfum i balsam\u00f3w nawil\u017caj\u0105cych przed opalaniem. Po na\u0142o\u017ceniu preparatu, kosmetyczka osusza cia\u0142o, w celu ca\u0142kowitego wch\u0142oni\u0119cia preparatu. Kolor utrwala si\u0119 jeszcze w zale\u017cno\u015bci od u\u017cytego preparatu przez kolejne 5 do 8 godzin wi\u0119c nie nale\u017cy w tym czasie bra\u0107 k\u0105pieli. Nast\u0119pnie zaleca si\u0119 umycie sk\u00f3ry \u017celem nawil\u017caj\u0105cym, bez u\u017cycia g\u0105bki. Podczas pierwszej k\u0105pieli cz\u0119\u015b\u0107 bronzera zmywa si\u0119 \u2013 jest to naturalny proces opalania natryskowego, opalenizna nadal utrwala si\u0119 na sk\u00f3rze. W zale\u017cno\u015bci od rodzaju sk\u00f3ry i sposobu jej piel\u0119gnacji opalenizna utrzymuje si\u0119 od 7 do 10 dni.<\/p>\n<p>Trwa\u0142o\u015b\u0107 opalania natryskowego zale\u017cy od kilku czynnik\u00f3w: odpowiedniego przygotowania si\u0119 przed zabiegiem, od rodzaju sk\u00f3ry oraz piel\u0119gnacji. Zalecamy intensywne nawil\u017canie sk\u00f3ry po opalaniu. Ponadto, aby d\u0142u\u017cej utrzyma\u0107 opalenizn\u0119, nale\u017cy unika\u0107 d\u0142ugich k\u0105pieli, zabieg\u00f3w spa oraz produkt\u00f3w z\u0142uszczaj\u0105cych nask\u00f3rek.<br \/>\nJe\u015bli chcemy wygl\u0105da\u0107 pi\u0119knie na szczeg\u00f3ln\u0105 okazj\u0119, najlepiej opala\u0107 si\u0119 na dwa lub jeden dzie\u0144 przed wielkim wyj\u015bciem.<br \/>\nWysoka jako\u015b\u0107 opalania natryskowego podobnie jak ka\u017cda us\u0142uga kosmetyczna zale\u017cy przede wszystkim od rodzaju sprz\u0119tu i kosmetyku na jakim pracujemy oraz od sposobu wykonania zabiegu.<\/p>\n<\/div><\/div> \n\n<\/div> \n<\/div><\/div><\/div>","protected":false},"excerpt":{"rendered":"<p>ZABIEGI KOSMETYCZNEMAKIJA\u017b PERMANENTNY METOD\u0104 PI\u00d3RKOW\u0104 DEPILACJA PAST\u0104 CUKROW\u0104 TRWA\u0141E PRZED\u0141U\u017bANIE RZ\u0118S RZ\u0118SY od 3D do 8D USUWANIE KURZAJEK I W\u0141\u00d3KNIAK\u00d3W HENNA I REGULACJA BRWI MIKRODERMABRAZJA MAKIJA\u017b PERMANENTNY USUWANIE MAKIJA\u017bU PERMANENTNEGO PEELING KAWITACYJNY USUWANIE BRODAWEK I W\u0141\u00d3KNIAK\u00d3W FALE RADIOWE LECZENIE NADPOTLIWO\u015aCI ZABIEGI NA TWARZ ZABIEG RELAKSACYJNO \u2013 DOTLENIAJ\u0104CY ELEKTROKOAGULACJA ZABIEG OCZYSZCZAJ\u0104CY ZABIEG LIFTINGUJ\u0104CY EFEKT MOTYLA KWAS [&hellip;]<\/p>\n","protected":false},"author":1,"featured_media":0,"parent":0,"menu_order":0,"comment_status":"closed","ping_status":"closed","template":"","meta":{"footnotes":""},"class_list":["post-1583","page","type-page","status-publish","hentry"],"_links":{"self":[{"href":"https:\/\/beauty-center.pl\/index.php\/wp-json\/wp\/v2\/pages\/1583","targetHints":{"allow":["GET"]}}],"collection":[{"href":"https:\/\/beauty-center.pl\/index.php\/wp-json\/wp\/v2\/pages"}],"about":[{"href":"https:\/\/beauty-center.pl\/index.php\/wp-json\/wp\/v2\/types\/page"}],"author":[{"embeddable":true,"href":"https:\/\/beauty-center.pl\/index.php\/wp-json\/wp\/v2\/users\/1"}],"replies":[{"embeddable":true,"href":"https:\/\/beauty-center.pl\/index.php\/wp-json\/wp\/v2\/comments?post=1583"}],"version-history":[{"count":1,"href":"https:\/\/beauty-center.pl\/index.php\/wp-json\/wp\/v2\/pages\/1583\/revisions"}],"predecessor-version":[{"id":1589,"href":"https:\/\/beauty-center.pl\/index.php\/wp-json\/wp\/v2\/pages\/1583\/revisions\/1589"}],"wp:attachment":[{"href":"https:\/\/beauty-center.pl\/index.php\/wp-json\/wp\/v2\/media?parent=1583"}],"curies":[{"name":"wp","href":"https:\/\/api.w.org\/{rel}","templated":true}]}}