{"id":1595,"date":"2016-08-27T13:55:14","date_gmt":"2016-08-27T11:55:14","guid":{"rendered":"http:\/\/beauty.kbsolution.pl\/?page_id=1595"},"modified":"2016-08-27T13:55:44","modified_gmt":"2016-08-27T11:55:44","slug":"ultradzwieki","status":"publish","type":"page","link":"https:\/\/beauty-center.pl\/index.php\/ultradzwieki\/","title":{"rendered":"ULTRAD\u0179WI\u0118KI"},"content":{"rendered":"<div  class=\"ui--tagline-box-wrapper ui--animation clearfix\"><div  id=\"tagline-1\" class=\"ui--tagline-box ui-row clearfix ui--tagline-box-custom-color radius-3px\" data-responsive=\"{&quot;css&quot;:{&quot;min-height&quot;:{&quot;phone&quot;:&quot;auto&quot;,&quot;tablet&quot;:&quot;auto&quot;,&quot;widescreen&quot;:&quot;&quot;}}}\"><div  class=\"ui--tagline-background-container ui--tagline-background-overlay radius-3px\"><\/div><div  class=\"ui--tagline-background-container ui--tagline-background-image radius-3px\"><\/div><div  class=\"ui--tagline-content\"><div class=\"ui-row row\">\n <div   class=\"ui-column span4\"><div id=\"nav_menu-3\" class=\"widget widget_nav_menu\"><h4 class=\"sidebar-widget-title ui--widget-title\"><span>ZABIEGI KOSMETYCZNE<\/span><\/h4><div class=\"menu-zabiegi-kosmetyczne-container\"><ul id=\"menu-zabiegi-kosmetyczne\" class=\"menu\"><li id=\"menu-item-1410\" class=\"menu-item menu-item-type-post_type menu-item-object-page depth-0 to-right\"><a href=\"https:\/\/beauty-center.pl\/index.php\/makijaz-permanentny-brwi-metoda-piorkowa\/\"><strong>MAKIJA\u017b PERMANENTNY METOD\u0104 PI\u00d3RKOW\u0104<\/strong><\/a><\/li>\n<li id=\"menu-item-1417\" class=\"menu-item menu-item-type-post_type menu-item-object-page depth-0 to-right\"><a href=\"https:\/\/beauty-center.pl\/index.php\/depilacja-pasta-cukrowa\/\">DEPILACJA PAST\u0104 CUKROW\u0104<\/a><\/li>\n<li id=\"menu-item-1423\" class=\"menu-item menu-item-type-post_type menu-item-object-page depth-0 to-right\"><a href=\"https:\/\/beauty-center.pl\/index.php\/trwale-przedluzanie-rzes\/\">TRWA\u0141E PRZED\u0141U\u017bANIE RZ\u0118S<\/a><\/li>\n<li id=\"menu-item-1435\" class=\"menu-item menu-item-type-post_type menu-item-object-page depth-0 to-right\"><a href=\"https:\/\/beauty-center.pl\/index.php\/rzesy-od-3d-do-8d\/\">RZ\u0118SY od 3D do 8D<\/a><\/li>\n<li id=\"menu-item-1438\" class=\"menu-item menu-item-type-post_type menu-item-object-page depth-0 to-right\"><a href=\"https:\/\/beauty-center.pl\/index.php\/usuwanie-kurzajek-i-wlokniakow\/\">USUWANIE KURZAJEK I W\u0141\u00d3KNIAK\u00d3W<\/a><\/li>\n<li id=\"menu-item-1476\" class=\"menu-item menu-item-type-post_type menu-item-object-page depth-0 to-right\"><a href=\"https:\/\/beauty-center.pl\/index.php\/1472-2\/\">HENNA I REGULACJA BRWI<\/a><\/li>\n<li id=\"menu-item-1483\" class=\"menu-item menu-item-type-post_type menu-item-object-page depth-0 to-right\"><a href=\"https:\/\/beauty-center.pl\/index.php\/mikrodermabrazja-2\/\">MIKRODERMABRAZJA<\/a><\/li>\n<li id=\"menu-item-1516\" class=\"menu-item menu-item-type-post_type menu-item-object-page depth-0 to-right\"><a href=\"https:\/\/beauty-center.pl\/index.php\/makijaz-permanentny-2\/\">MAKIJA\u017b PERMANENTNY<\/a><\/li>\n<li id=\"menu-item-1519\" class=\"menu-item menu-item-type-post_type menu-item-object-page depth-0 to-right\"><a href=\"https:\/\/beauty-center.pl\/index.php\/usuwanie-makijazu-permanentnego\/\">USUWANIE MAKIJA\u017bU PERMANENTNEGO<\/a><\/li>\n<li id=\"menu-item-1523\" class=\"menu-item menu-item-type-post_type menu-item-object-page depth-0 to-right\"><a href=\"https:\/\/beauty-center.pl\/index.php\/peeling-kawitacyjny\/\">PEELING KAWITACYJNY<\/a><\/li>\n<li id=\"menu-item-1526\" class=\"menu-item menu-item-type-post_type menu-item-object-page depth-0 to-right\"><a href=\"https:\/\/beauty-center.pl\/index.php\/usuwanie-brodawek-i-wlokniakow\/\">USUWANIE BRODAWEK I W\u0141\u00d3KNIAK\u00d3W<\/a><\/li>\n<li id=\"menu-item-1538\" class=\"menu-item menu-item-type-post_type menu-item-object-page depth-0 to-right\"><a href=\"https:\/\/beauty-center.pl\/index.php\/fale-radiowe-2\/\">FALE RADIOWE<\/a><\/li>\n<li id=\"menu-item-1539\" class=\"menu-item menu-item-type-post_type menu-item-object-page depth-0 to-right\"><a href=\"https:\/\/beauty-center.pl\/index.php\/leczenie-nadpotliwosci\/\">LECZENIE NADPOTLIWO\u015aCI<\/a><\/li>\n<li id=\"menu-item-1541\" class=\"menu-item menu-item-type-post_type menu-item-object-page depth-0 to-right\"><a href=\"https:\/\/beauty-center.pl\/index.php\/zabiegi-na-twarz-2\/\">ZABIEGI NA TWARZ<\/a><\/li>\n<li id=\"menu-item-1548\" class=\"menu-item menu-item-type-post_type menu-item-object-page depth-0 to-right\"><a href=\"https:\/\/beauty-center.pl\/index.php\/zabieg-relaksacyjno-dotleniajacy\/\">ZABIEG RELAKSACYJNO \u2013 DOTLENIAJ\u0104CY<\/a><\/li>\n<li id=\"menu-item-1549\" class=\"menu-item menu-item-type-post_type menu-item-object-page depth-0 to-right\"><a href=\"https:\/\/beauty-center.pl\/index.php\/elektrokoagulacja\/\">ELEKTROKOAGULACJA<\/a><\/li>\n<li id=\"menu-item-1557\" class=\"menu-item menu-item-type-post_type menu-item-object-page depth-0 to-right\"><a href=\"https:\/\/beauty-center.pl\/index.php\/zabieg-oczyszczajacy\/\">ZABIEG OCZYSZCZAJ\u0104CY<\/a><\/li>\n<li id=\"menu-item-1558\" class=\"menu-item menu-item-type-post_type menu-item-object-page depth-0 to-right\"><a href=\"https:\/\/beauty-center.pl\/index.php\/zabieg-liftingujacy\/\">ZABIEG LIFTINGUJ\u0104CY<\/a><\/li>\n<li id=\"menu-item-1562\" class=\"menu-item menu-item-type-post_type menu-item-object-page depth-0 to-right\"><a href=\"https:\/\/beauty-center.pl\/index.php\/efekt-motyla\/\">EFEKT MOTYLA<\/a><\/li>\n<li id=\"menu-item-1828\" class=\"menu-item menu-item-type-post_type menu-item-object-page depth-0 to-right\"><a href=\"https:\/\/beauty-center.pl\/index.php\/kwas-migdalowy\/\">KWAS MIGDA\u0141OWY<\/a><\/li>\n<li id=\"menu-item-1831\" class=\"menu-item menu-item-type-post_type menu-item-object-page depth-0 to-right\"><a href=\"https:\/\/beauty-center.pl\/index.php\/peeling-ziolowy\/\">PEELING ZIO\u0141OWY<\/a><\/li>\n<li id=\"menu-item-1576\" class=\"menu-item menu-item-type-post_type menu-item-object-page depth-0 to-right\"><a href=\"https:\/\/beauty-center.pl\/index.php\/mezoterapia-mikroiglowa\/\">MEZOTERAPIA MIKROIG\u0141OWA<\/a><\/li>\n<li id=\"menu-item-1577\" class=\"menu-item menu-item-type-post_type menu-item-object-page depth-0 to-right\"><a href=\"https:\/\/beauty-center.pl\/index.php\/mezoterapia-iglowa-plytka\/\">MEZOTERAPIA IG\u0141OWA P\u0141YTKA<\/a><\/li>\n<li id=\"menu-item-1578\" class=\"menu-item menu-item-type-post_type menu-item-object-page depth-0 to-right\"><a href=\"https:\/\/beauty-center.pl\/index.php\/mezoterapia-beziglowa-2\/\">MEZOTERAPIA BEZIG\u0141OWA<\/a><\/li>\n<li id=\"menu-item-1579\" class=\"menu-item menu-item-type-post_type menu-item-object-page depth-0 to-right\"><a href=\"https:\/\/beauty-center.pl\/index.php\/mezoterapia-iglowa\/\">MEZOTERAPIA IG\u0141OWA<\/a><\/li>\n<li id=\"menu-item-1591\" class=\"menu-item menu-item-type-post_type menu-item-object-page depth-0 to-right\"><a href=\"https:\/\/beauty-center.pl\/index.php\/trwala-na-rzesy\/\">TRWA\u0141A NA RZ\u0118SY<\/a><\/li>\n<li id=\"menu-item-1603\" class=\"menu-item menu-item-type-post_type menu-item-object-page depth-0 to-right\"><a href=\"https:\/\/beauty-center.pl\/index.php\/zabiegi-dla-mezczyzn\/\">ZABIEGI DLA M\u0118\u017bCZYZN<\/a><\/li>\n<li id=\"menu-item-1604\" class=\"menu-item menu-item-type-post_type menu-item-object-page depth-0 to-right\"><a href=\"https:\/\/beauty-center.pl\/index.php\/masaz-cisnieniowy\/\">MASA\u017b CI\u015aNIENIOWY<\/a><\/li>\n<li id=\"menu-item-1605\" class=\"menu-item menu-item-type-post_type menu-item-object-page depth-0 to-right\"><a href=\"https:\/\/beauty-center.pl\/index.php\/ultradzwieki\/\">ULTRAD\u0179WI\u0118KI<\/a><\/li>\n<li id=\"menu-item-1606\" class=\"menu-item menu-item-type-post_type menu-item-object-page depth-0 to-right\"><a href=\"https:\/\/beauty-center.pl\/index.php\/depilacja-2\/\">DEPILACJA<\/a><\/li>\n<li id=\"menu-item-1607\" class=\"menu-item menu-item-type-post_type menu-item-object-page depth-0 to-right\"><a href=\"https:\/\/beauty-center.pl\/index.php\/opalanie-natryskowe\/\">OPALANIE NATRYSKOWE<\/a><\/li>\n<li id=\"menu-item-2002\" class=\"menu-item menu-item-type-post_type menu-item-object-page depth-0 to-right\"><a href=\"https:\/\/beauty-center.pl\/index.php\/bb-glow-3\/\">BB GLOW<\/a><\/li>\n<li id=\"menu-item-2021\" class=\"menu-item menu-item-type-post_type menu-item-object-page depth-0 to-right\"><a href=\"https:\/\/beauty-center.pl\/index.php\/henna-marokanska-2\/\">HENNA MAROKA\u0143SKA<\/a><\/li>\n<\/ul><\/div><\/div><\/div> \n\n <div   class=\"ui-column span8\"><div class=\"ui--title ui--animation ui--title-bordered text-center\"><div class=\"ui--title-holder\"><h3 class=\"ui--title-text\" style=\"color: #bd1e9d !important;\">ULTRAD\u0179WI\u0118KI<\/h3><div style=\"border-color: #bd1e9d !important;\" class=\"ui--title-borders ui--title-border-left\"><\/div><div style=\"border-color: #bd1e9d !important;\" class=\"ui--title-borders ui--title-border-right\"><\/div><\/div><\/div><div class=\"auto-format ui--animation\"><p>Ultrad\u017awi\u0119ki &#8222;DOTYK PI\u0118KNA&#8221;, a przede wszystkim wywo\u0142ywany przez nie efekt tzw. sonoforeza to relaksuj\u0105cy i korzystny spos\u00f3b g\u0142\u0119bokiego wt\u0142aczania aktywnych substancji zawartych w kosmetykach.<\/p>\n<\/div><div class=\"ui--title ui--animation ui--title-bordered text-center\"><div class=\"ui--title-holder\"><h4 class=\"ui--title-text\" style=\"color: #bd1e9d !important;\">Ultrad\u017awi\u0119ki - zastosowanie kosmetyczne:<\/h4><div style=\"border-color: #bd1e9d !important;\" class=\"ui--title-borders ui--title-border-left\"><\/div><div style=\"border-color: #bd1e9d !important;\" class=\"ui--title-borders ui--title-border-right\"><\/div><\/div><\/div><ul class=\"ui--list list-font-icon parent-1\"><li class=\"child-1 total-13 ui--animation\"><i class=\"list-icon 14px fontawesome-ok\" style=\"color: #d400cd !important;\"><\/i>Wyg\u0142adzanie zmarszczek.<\/li><li class=\"child-2 total-13 ui--animation\"><i class=\"list-icon 14px fontawesome-ok\" style=\"color: #d400cd !important;\"><\/i>Rozja\u015bnianie przebarwie\u0144 i plam.<\/li><li class=\"child-3 total-13 ui--animation\"><i class=\"list-icon 14px fontawesome-ok\" style=\"color: #d400cd !important;\"><\/i>Dotlenienie i bardzo mocne nawil\u017cenie sk\u00f3ry.<\/li><li class=\"child-4 total-13 ui--animation\"><i class=\"list-icon 14px fontawesome-ok\" style=\"color: #d400cd !important;\"><\/i>Odm\u0142adzanie i regeneracja kom\u00f3rek<\/li><li class=\"child-5 total-13 ui--animation\"><i class=\"list-icon 14px fontawesome-ok\" style=\"color: #d400cd !important;\"><\/i>Wzmagaj\u0105 produkcj\u0119 kolagenu, elastyny i kwasu hialuronowego.<\/li><li class=\"child-6 total-13 ui--animation\"><i class=\"list-icon 14px fontawesome-ok\" style=\"color: #d400cd !important;\"><\/i>Przyspieszaj\u0105 leczenie tr\u0105dziku r\u00f3\u017cowatego, rumienia.<\/li><li class=\"child-7 total-13 ui--animation\"><i class=\"list-icon 14px fontawesome-ok\" style=\"color: #d400cd !important;\"><\/i>Eliminuj\u0105 skrzepy.<\/li><li class=\"child-8 total-13 ui--animation\"><i class=\"list-icon 14px fontawesome-ok\" style=\"color: #d400cd !important;\"><\/i>Niszcz\u0105 bakterie i drobnoustroje wywo\u0142uj\u0105ce tr\u0105dzik pospolity.<\/li><li class=\"child-9 total-13 ui--animation\"><i class=\"list-icon 14px fontawesome-ok\" style=\"color: #d400cd !important;\"><\/i>U\u0142atwiaj\u0105 penetracj\u0119 substancjom leczniczym, preparatom dzia\u0142aj\u0105cym uszczelniaj\u0105co na naczynia krwiono\u015bne, nawil\u017caj\u0105cym, od\u017cywiaj\u0105cym sk\u00f3r\u0119 such\u0105, z\u0142uszczaj\u0105c\u0105 si\u0119, niedotlenion\u0105, wiotk\u0105, poszarza\u0142\u0105.<\/li><li class=\"child-10 total-13 ui--animation\"><i class=\"list-icon 14px fontawesome-ok\" style=\"color: #d400cd !important;\"><\/i>Powoduj\u0105 rozpad skupisk t\u0142uszczu, dzi\u0119ki czemu przy\u015bpieszaj\u0105 odchudzanie, likwiduj\u0105 cellulitu.<\/li><li class=\"child-11 total-13 ui--animation\"><i class=\"list-icon 14px fontawesome-ok\" style=\"color: #d400cd !important;\"><\/i>Zabieg wspomaga leczenie rozst\u0119p\u00f3w, artretyzmu, nerwob\u00f3li, odmro\u017ce\u0144, zapalenia nerw\u00f3w.<\/li><li class=\"child-12 total-13 ui--animation\"><i class=\"list-icon 14px fontawesome-ok\" style=\"color: #d400cd !important;\"><\/i>Ciep\u0142o wytworzone przez ultrad\u017awi\u0119ki penetruje g\u0142\u0119boko tkank\u0119, dzia\u0142a odpr\u0119\u017caj\u0105co na sk\u00f3r\u0119 i mi\u0119\u015bnie, wywo\u0142uje g\u0142\u0119boki delikatny masa\u017c.<\/li><li class=\"child-13 total-13 ui--animation\"><i class=\"list-icon 14px fontawesome-ok\" style=\"color: #d400cd !important;\"><\/i>Zabieg \u0142agodny, polecany dla ka\u017cdego rodzaju cery.<\/li>  <\/ul><div class=\"ui--title ui--animation ui--title-bordered text-center\"><div class=\"ui--title-holder\"><h4 class=\"ui--title-text\" style=\"color: #bd1e9d !important;\">Cena zabieg\u00f3w z ultrad\u017awi\u0119kami od 35z\u0142<\/h4><div style=\"border-color: #bd1e9d !important;\" class=\"ui--title-borders ui--title-border-left\"><\/div><div style=\"border-color: #bd1e9d !important;\" class=\"ui--title-borders ui--title-border-right\"><\/div><\/div><\/div><\/div> \n\n<\/div> \n<\/div><\/div><\/div>","protected":false},"excerpt":{"rendered":"<p>ZABIEGI KOSMETYCZNEMAKIJA\u017b PERMANENTNY METOD\u0104 PI\u00d3RKOW\u0104 DEPILACJA PAST\u0104 CUKROW\u0104 TRWA\u0141E PRZED\u0141U\u017bANIE RZ\u0118S RZ\u0118SY od 3D do 8D USUWANIE KURZAJEK I W\u0141\u00d3KNIAK\u00d3W HENNA I REGULACJA BRWI MIKRODERMABRAZJA MAKIJA\u017b PERMANENTNY USUWANIE MAKIJA\u017bU PERMANENTNEGO PEELING KAWITACYJNY USUWANIE BRODAWEK I W\u0141\u00d3KNIAK\u00d3W FALE RADIOWE LECZENIE NADPOTLIWO\u015aCI ZABIEGI NA TWARZ ZABIEG RELAKSACYJNO \u2013 DOTLENIAJ\u0104CY ELEKTROKOAGULACJA ZABIEG OCZYSZCZAJ\u0104CY ZABIEG LIFTINGUJ\u0104CY EFEKT MOTYLA KWAS [&hellip;]<\/p>\n","protected":false},"author":1,"featured_media":0,"parent":0,"menu_order":0,"comment_status":"closed","ping_status":"closed","template":"","meta":{"footnotes":""},"class_list":["post-1595","page","type-page","status-publish","hentry"],"_links":{"self":[{"href":"https:\/\/beauty-center.pl\/index.php\/wp-json\/wp\/v2\/pages\/1595","targetHints":{"allow":["GET"]}}],"collection":[{"href":"https:\/\/beauty-center.pl\/index.php\/wp-json\/wp\/v2\/pages"}],"about":[{"href":"https:\/\/beauty-center.pl\/index.php\/wp-json\/wp\/v2\/types\/page"}],"author":[{"embeddable":true,"href":"https:\/\/beauty-center.pl\/index.php\/wp-json\/wp\/v2\/users\/1"}],"replies":[{"embeddable":true,"href":"https:\/\/beauty-center.pl\/index.php\/wp-json\/wp\/v2\/comments?post=1595"}],"version-history":[{"count":1,"href":"https:\/\/beauty-center.pl\/index.php\/wp-json\/wp\/v2\/pages\/1595\/revisions"}],"predecessor-version":[{"id":1596,"href":"https:\/\/beauty-center.pl\/index.php\/wp-json\/wp\/v2\/pages\/1595\/revisions\/1596"}],"wp:attachment":[{"href":"https:\/\/beauty-center.pl\/index.php\/wp-json\/wp\/v2\/media?parent=1595"}],"curies":[{"name":"wp","href":"https:\/\/api.w.org\/{rel}","templated":true}]}}