{"id":1609,"date":"2016-08-30T09:59:40","date_gmt":"2016-08-30T07:59:40","guid":{"rendered":"http:\/\/beauty.kbsolution.pl\/?page_id=1609"},"modified":"2016-08-30T09:59:40","modified_gmt":"2016-08-30T07:59:40","slug":"lipo-laser","status":"publish","type":"page","link":"https:\/\/beauty-center.pl\/index.php\/lipo-laser\/","title":{"rendered":"LIPO LASER"},"content":{"rendered":"<div  class=\"ui--tagline-box-wrapper ui--animation clearfix\"><div  id=\"tagline-1\" class=\"ui--tagline-box ui-row clearfix ui--tagline-box-custom-color radius-3px\" data-responsive=\"{&quot;css&quot;:{&quot;min-height&quot;:{&quot;phone&quot;:&quot;auto&quot;,&quot;tablet&quot;:&quot;auto&quot;,&quot;widescreen&quot;:&quot;&quot;}}}\"><div  class=\"ui--tagline-background-container ui--tagline-background-overlay radius-3px\"><\/div><div  class=\"ui--tagline-background-container ui--tagline-background-image radius-3px\"><\/div><div  class=\"ui--tagline-content\"><div class=\"ui-row row\">\n <div   class=\"ui-column span4\"><div id=\"nav_menu-4\" class=\"widget widget_nav_menu\"><h4 class=\"sidebar-widget-title ui--widget-title\"><span>ZABIEGI WYSZCZUPLAJ\u0104CE<\/span><\/h4><div class=\"menu-zabiegi-wyszczuplajace-container\"><ul id=\"menu-zabiegi-wyszczuplajace\" class=\"menu\"><li id=\"menu-item-1614\" class=\"menu-item menu-item-type-post_type menu-item-object-page depth-0 to-right\"><a href=\"https:\/\/beauty-center.pl\/index.php\/lipo-laser\/\">LIPO LASER<\/a><\/li>\n<li id=\"menu-item-1619\" class=\"menu-item menu-item-type-post_type menu-item-object-page depth-0 to-right\"><a href=\"https:\/\/beauty-center.pl\/index.php\/kriolipoliza\/\">KRIOLIPOLIZA<\/a><\/li>\n<li id=\"menu-item-1623\" class=\"menu-item menu-item-type-post_type menu-item-object-page depth-0 to-right\"><a href=\"https:\/\/beauty-center.pl\/index.php\/elektrostymulacja-ciala\/\">ELEKTROSTYMULACJA CIA\u0141A<\/a><\/li>\n<li id=\"menu-item-1627\" class=\"menu-item menu-item-type-post_type menu-item-object-page depth-0 to-right\"><a href=\"https:\/\/beauty-center.pl\/index.php\/endermologia\/\">ENDERMOLOGIA<\/a><\/li>\n<li id=\"menu-item-1993\" class=\"menu-item menu-item-type-post_type menu-item-object-page depth-0 to-right\"><a href=\"https:\/\/beauty-center.pl\/index.php\/prosoterapia\/\">PRESOTERAPIA<\/a><\/li>\n<li id=\"menu-item-2014\" class=\"menu-item menu-item-type-post_type menu-item-object-page depth-0 to-right\"><a href=\"https:\/\/beauty-center.pl\/index.php\/lipoliza-iniekcyjna\/\">LIPOLIZA INIEKCYJNA<\/a><\/li>\n<\/ul><\/div><\/div><\/div> \n\n <div   class=\"ui-column span8\"><div class=\"ui--title ui--animation ui--title-bordered text-center\"><div class=\"ui--title-holder\"><h3 class=\"ui--title-text\" style=\"color: #bd1e9d !important;\">LIPO LASER<\/h3><div style=\"border-color: #bd1e9d !important;\" class=\"ui--title-borders ui--title-border-left\"><\/div><div style=\"border-color: #bd1e9d !important;\" class=\"ui--title-borders ui--title-border-right\"><\/div><\/div><\/div><div class=\"ui--title ui--animation ui--title-bordered text-center\"><div class=\"ui--title-holder\"><h4 class=\"ui--title-text\" style=\"color: #bd1e9d !important;\">Lipo Laser - zimny laser diodowy LIPO LASER -  innowacyjna technologia lasera diodowego do frakcyjnej redukcji tkanki t\u0142uszczowej!<\/h4><div style=\"border-color: #bd1e9d !important;\" class=\"ui--title-borders ui--title-border-left\"><\/div><div style=\"border-color: #bd1e9d !important;\" class=\"ui--title-borders ui--title-border-right\"><\/div><\/div><\/div><div class=\"auto-format ui--animation\"><p>LIPO Laser jest zimnym laserem diodowym klasy 3D, kt\u00f3rego skuteczno\u015b\u0107 potwierdzona zosta\u0142a licznymi badaniami klinicznymi. Pozwala on na kontrolowane modelowanie sylwetki i utrat\u0119 zb\u0119dnych centymetr\u00f3w nawet z tych okolic, z kt\u00f3rych najtrudniej jest si\u0119 ich pozby\u0107!<br \/>\nLipo Laser, to rozwi\u0105zanie dla tych, kt\u00f3rzy chc\u0105 pozby\u0107 si\u0119 centymetrow w obwodzie, ale nie chc\u0105 (b\u0105d\u017a nie mog\u0105) podda\u0107 si\u0119 bardziej inwazyjnym zabiegom medycyny estetycznej.<\/p>\n<p>Lipo Laser jest zabiegiem bezpiecznym, bezbolesnym, nie wymaga \u017cadnego przygotowania, a zaraz po zabiegu mo\u017cna wr\u00f3ci\u0107 do normalnych zaj\u0119\u0107.<\/p>\n<p>Zabieg mo\u017ce by\u0107 przeprowadzony na dowolnym obszarze cia\u0142a, np.: brzuch, boki brzucha, plecy, ramiona, uda, po\u015bladki. Efekty wida\u0107 ju\u017c po pierwszym zabiegu.<br \/>\nJak dzia\u0142a LIPO LASER (&#8222;zimny laser&#8221;)?<\/p>\n<p>Urz\u0105dzenie emituje promieniowanie o d\u0142ugo\u015bci fali 650 nanometr\u00f3w (jest to tzw. zimny laser), kt\u00f3re przenika g\u0142\u0119boko do tkanki podsk\u00f3rnej i oddzia\u0142uje tylko i wy\u0142\u0105cznie na adipocyty (kom\u00f3rki t\u0142uszczowe). W tych kom\u00f3rkach t\u0142uszczowych pod wp\u0142ywem przenikaj\u0105cego przez sk\u00f3r\u0119 promieniowania laserowego dochodzi do naturalnej reakcji chemicznej powoduj\u0105cej rozbicie tr\u00f3jgliceryd\u00f3w na wolne kwasy t\u0142uszczowe i glicerol, kt\u00f3re przekazywane s\u0105 do uk\u0142adu limfatycznego, a nast\u0119pnie metabolizowane, czyli usuwane naturaln\u0105 drog\u0105 z organizmu, a cz\u0119\u015b\u0107 zamieniana na energi\u0119.<\/p>\n<p>Lipo  laser oddzia\u0142uje jedynie na kom\u00f3rki t\u0142uszczowe, nie uszkadzaj\u0105c s\u0105siednich tkanek i naczy\u0144 krwiono\u015bnych. Lipo Laser nie niszczy b\u0142ony kom\u00f3rek t\u0142uszczowych, a jedynie redukuje w spos\u00f3b znaczny i kontrolowany ich zawarto\u015b\u0107 i obj\u0119to\u015b\u0107. Efekty tego procesu mo\u017cna por\u00f3wna\u0107 do winogron, kt\u00f3re z czasem wysuszaj\u0105 si\u0119 zamieniaj\u0105c si\u0119 w rodzynki.<\/p>\n<\/div><div class=\"ui-row row\">\n <div   class=\"ui-column span6\"><div class=\"ui--image-wrap clearfix\" style=\"margin-top: 15px;  margin-bottom: 25px;\"><img loading=\"lazy\" decoding=\"async\" width=\"788\" height=\"788\" src=\"https:\/\/beauty-center.pl\/wp-content\/uploads\/2016\/08\/lipo_laser.jpg\" class=\"ui--image ui--animation\" alt=\"\" title=\"lipo_laser\" id=\"ui--image-1\" srcset=\"https:\/\/beauty-center.pl\/wp-content\/uploads\/2016\/08\/lipo_laser.jpg 788w, https:\/\/beauty-center.pl\/wp-content\/uploads\/2016\/08\/lipo_laser-150x150.jpg 150w, https:\/\/beauty-center.pl\/wp-content\/uploads\/2016\/08\/lipo_laser-300x300.jpg 300w, https:\/\/beauty-center.pl\/wp-content\/uploads\/2016\/08\/lipo_laser-768x768.jpg 768w\" sizes=\"auto, (max-width: 788px) 100vw, 788px\" \/><\/div><\/div> \n\n <div   class=\"ui-column span6\"><div class=\"ui--image-wrap clearfix\" style=\"margin-top: 15px;  margin-bottom: 25px;\"><img loading=\"lazy\" decoding=\"async\" width=\"788\" height=\"788\" src=\"https:\/\/beauty-center.pl\/wp-content\/uploads\/2016\/08\/lipo_laser2.jpg\" class=\"ui--image ui--animation\" alt=\"\" title=\"lipo_laser2\" id=\"ui--image-2\" srcset=\"https:\/\/beauty-center.pl\/wp-content\/uploads\/2016\/08\/lipo_laser2.jpg 788w, https:\/\/beauty-center.pl\/wp-content\/uploads\/2016\/08\/lipo_laser2-150x150.jpg 150w, https:\/\/beauty-center.pl\/wp-content\/uploads\/2016\/08\/lipo_laser2-300x300.jpg 300w, https:\/\/beauty-center.pl\/wp-content\/uploads\/2016\/08\/lipo_laser2-768x768.jpg 768w\" sizes=\"auto, (max-width: 788px) 100vw, 788px\" \/><\/div><\/div> \n\n<\/div> \n<div class=\"auto-format ui--animation\"><p>Kaskada biochemiczna- naste\u0328puje rozpad tro\u0301jglicerydo\u0301w na kwas t\u0142uszczowy i glicerol. Naturalne elementy komo\u0301rki wydostaja\u0328 sie\u0328 przez kana\u0142y w komo\u0301rce. Nast\u0119puje obkurczenie komo\u0301rki t\u0142uszczowej. Kwas t\u0142uszczowy i glicerol jest transportowany do uk\u0142adu limfatycznego i metabolizowany.<br \/>\nZabieg jest ca\u0142kowicie bezbolesny, nieinwazyjny i nie pozostawia \u017cadnych \u015blad\u00f3w na sk\u00f3rze. Trwa 20-40 min, a efekty widoczne s\u0105 od razu i narastaj\u0105 w trakcie kolejnych sesji:<\/p>\n<\/div><div class=\"ui--title ui--animation ui--title-bordered text-center\"><div class=\"ui--title-holder\"><h4 class=\"ui--title-text\" style=\"color: #bd1e9d !important;\">Czy efekty zabiegu i-lipo s\u0105 trwa\u0142e?<\/h4><div style=\"border-color: #bd1e9d !important;\" class=\"ui--title-borders ui--title-border-left\"><\/div><div style=\"border-color: #bd1e9d !important;\" class=\"ui--title-borders ui--title-border-right\"><\/div><\/div><\/div><div class=\"auto-format ui--animation\"><p>Jak w przypadku ka\u017cdej kuracji odchudzaj\u0105cej, uzyskanie po\u017c\u0105danego efektu oraz zachowanie go wymaga zmiany stylu \u017cycia.<br \/>\nStosuj\u0105c i-lipo doradzamy Ci w\u0142\u0105czenie do procesu trwaj\u0105cego ok. 4 tygodnie, regularnych \u0107wicze\u0144 fizycznych oraz zmian\u0119 nawyk\u00f3w \u017cywieniowych. Badania udowadniaj\u0105, i\u017c zwi\u0119kszenie aktywno\u015bci fizycznej poprawia wyniki zabieg\u00f3w I-lipo o 150%. Je\u017celi wi\u0119c chcesz trwale cieszy\u0107 si\u0119 swoj\u0105 wymodelowan\u0105, odchudzon\u0105 sylwetk\u0105 zadbaj o odpowiedni\u0105 diet\u0119 i regularne \u0107wiczenia.<\/p>\n<\/div><ul class=\"ui--list list-font-icon parent-1\"><li class=\"child-1 total-8 ui--animation\"><i class=\"list-icon 14px fontawesome-check\" style=\"color: #bd00bd !important;\"><\/i>ci\u0105\u017ca,<\/li><li class=\"child-2 total-8 ui--animation\"><i class=\"list-icon 14px fontawesome-check\" style=\"color: #bd00bd !important;\"><\/i>padaczka,<\/li><li class=\"child-3 total-8 ui--animation\"><i class=\"list-icon 14px fontawesome-check\" style=\"color: #bd00bd !important;\"><\/i>stosowanie zi\u00f3\u0142 i lek\u00f3w \u015bwiat\u0142o-uczulaj\u0105cych,<\/li><li class=\"child-4 total-8 ui--animation\"><i class=\"list-icon 14px fontawesome-check\" style=\"color: #bd00bd !important;\"><\/i>metalowe, silikonowe implanty bezpo\u015brednio w miejscu zabiegu,<\/li><li class=\"child-5 total-8 ui--animation\"><i class=\"list-icon 14px fontawesome-check\" style=\"color: #bd00bd !important;\"><\/i>zaburzenia rytmu, rozrusznik serca,<\/li><li class=\"child-6 total-8 ui--animation\"><i class=\"list-icon 14px fontawesome-check\" style=\"color: #bd00bd !important;\"><\/i>choroby nowotworowe,<\/li><li class=\"child-7 total-8 ui--animation\"><i class=\"list-icon 14px fontawesome-check\" style=\"color: #bd00bd !important;\"><\/i>choroby nerek\/w\u0105troby,<\/li><li class=\"child-8 total-8 ui--animation\"><i class=\"list-icon 14px fontawesome-check\" style=\"color: #bd00bd !important;\"><\/i>choroby autoimmunologiczne<\/li>  <\/ul><div class=\"ui--title ui--animation ui--title-bordered text-center\"><div class=\"ui--title-holder\"><h4 class=\"ui--title-text\" style=\"color: #bd1e9d !important;\">CENA ZABIEGU OD 80 - 120 Z\u0141. <\/h4><div style=\"border-color: #bd1e9d !important;\" class=\"ui--title-borders ui--title-border-left\"><\/div><div style=\"border-color: #bd1e9d !important;\" class=\"ui--title-borders ui--title-border-right\"><\/div><\/div><\/div><div class=\"auto-format ui--animation\"><ul>\n<li>20 minut 80 z\u0142<\/li>\n<li>40 minut 100 z\u0142<\/li>\n<\/ul>\n<p>Caly zabieg : 130 z\u0142. &#8211; 1 zabieg \/ 110 z\u0142 w serii (karnet na 5 zabieg\u00f3w). W sk\u0142ad zabiegu wchodzi:<\/p>\n<ul>\n<li>lipo laser 20 min<\/li>\n<li>liposukcja ultrad\u017awi\u0119kowa 10 min<\/li>\n<li>fale radiowe 10 min<\/li>\n<li>i masa\u017c na podci\u015bnienie 5 min<\/li>\n<\/ul>\n<\/div><div class=\"ui--title ui--animation ui--title-bordered text-center\"><div class=\"ui--title-holder\"><h4 class=\"ui--title-text\" style=\"color: #bd1e9d !important;\">GALERIA<\/h4><div style=\"border-color: #bd1e9d !important;\" class=\"ui--title-borders ui--title-border-left\"><\/div><div style=\"border-color: #bd1e9d !important;\" class=\"ui--title-borders ui--title-border-right\"><\/div><\/div><\/div><\/div> \n\n<\/div> \n<\/div><\/div><\/div>","protected":false},"excerpt":{"rendered":"<p>ZABIEGI WYSZCZUPLAJ\u0104CELIPO LASER KRIOLIPOLIZA ELEKTROSTYMULACJA CIA\u0141A ENDERMOLOGIA PRESOTERAPIA LIPOLIZA INIEKCYJNA LIPO LASERLipo Laser &#8211; zimny laser diodowy LIPO LASER &#8211; innowacyjna technologia lasera diodowego do frakcyjnej redukcji tkanki t\u0142uszczowej!LIPO Laser jest zimnym laserem diodowym klasy 3D, kt\u00f3rego skuteczno\u015b\u0107 potwierdzona zosta\u0142a licznymi badaniami klinicznymi. Pozwala on na kontrolowane modelowanie sylwetki i utrat\u0119 zb\u0119dnych centymetr\u00f3w nawet z [&hellip;]<\/p>\n","protected":false},"author":1,"featured_media":0,"parent":0,"menu_order":0,"comment_status":"closed","ping_status":"closed","template":"","meta":{"footnotes":""},"class_list":["post-1609","page","type-page","status-publish","hentry"],"_links":{"self":[{"href":"https:\/\/beauty-center.pl\/index.php\/wp-json\/wp\/v2\/pages\/1609","targetHints":{"allow":["GET"]}}],"collection":[{"href":"https:\/\/beauty-center.pl\/index.php\/wp-json\/wp\/v2\/pages"}],"about":[{"href":"https:\/\/beauty-center.pl\/index.php\/wp-json\/wp\/v2\/types\/page"}],"author":[{"embeddable":true,"href":"https:\/\/beauty-center.pl\/index.php\/wp-json\/wp\/v2\/users\/1"}],"replies":[{"embeddable":true,"href":"https:\/\/beauty-center.pl\/index.php\/wp-json\/wp\/v2\/comments?post=1609"}],"version-history":[{"count":1,"href":"https:\/\/beauty-center.pl\/index.php\/wp-json\/wp\/v2\/pages\/1609\/revisions"}],"predecessor-version":[{"id":1611,"href":"https:\/\/beauty-center.pl\/index.php\/wp-json\/wp\/v2\/pages\/1609\/revisions\/1611"}],"wp:attachment":[{"href":"https:\/\/beauty-center.pl\/index.php\/wp-json\/wp\/v2\/media?parent=1609"}],"curies":[{"name":"wp","href":"https:\/\/api.w.org\/{rel}","templated":true}]}}