{"id":1615,"date":"2016-08-30T10:13:26","date_gmt":"2016-08-30T08:13:26","guid":{"rendered":"http:\/\/beauty.kbsolution.pl\/?page_id=1615"},"modified":"2016-08-30T10:13:26","modified_gmt":"2016-08-30T08:13:26","slug":"kriolipoliza","status":"publish","type":"page","link":"https:\/\/beauty-center.pl\/index.php\/kriolipoliza\/","title":{"rendered":"KRIOLIPOLIZA"},"content":{"rendered":"<div  class=\"ui--tagline-box-wrapper ui--animation clearfix\"><div  id=\"tagline-1\" class=\"ui--tagline-box ui-row clearfix ui--tagline-box-custom-color radius-3px\" data-responsive=\"{&quot;css&quot;:{&quot;min-height&quot;:{&quot;phone&quot;:&quot;auto&quot;,&quot;tablet&quot;:&quot;auto&quot;,&quot;widescreen&quot;:&quot;&quot;}}}\"><div  class=\"ui--tagline-background-container ui--tagline-background-overlay radius-3px\"><\/div><div  class=\"ui--tagline-background-container ui--tagline-background-image radius-3px\"><\/div><div  class=\"ui--tagline-content\"><div class=\"ui-row row\">\n <div   class=\"ui-column span4\"><div id=\"nav_menu-4\" class=\"widget widget_nav_menu\"><h4 class=\"sidebar-widget-title ui--widget-title\"><span>ZABIEGI WYSZCZUPLAJ\u0104CE<\/span><\/h4><div class=\"menu-zabiegi-wyszczuplajace-container\"><ul id=\"menu-zabiegi-wyszczuplajace\" class=\"menu\"><li id=\"menu-item-1614\" class=\"menu-item menu-item-type-post_type menu-item-object-page depth-0 to-right\"><a href=\"https:\/\/beauty-center.pl\/index.php\/lipo-laser\/\">LIPO LASER<\/a><\/li>\n<li id=\"menu-item-1619\" class=\"menu-item menu-item-type-post_type menu-item-object-page depth-0 to-right\"><a href=\"https:\/\/beauty-center.pl\/index.php\/kriolipoliza\/\">KRIOLIPOLIZA<\/a><\/li>\n<li id=\"menu-item-1623\" class=\"menu-item menu-item-type-post_type menu-item-object-page depth-0 to-right\"><a href=\"https:\/\/beauty-center.pl\/index.php\/elektrostymulacja-ciala\/\">ELEKTROSTYMULACJA CIA\u0141A<\/a><\/li>\n<li id=\"menu-item-1627\" class=\"menu-item menu-item-type-post_type menu-item-object-page depth-0 to-right\"><a href=\"https:\/\/beauty-center.pl\/index.php\/endermologia\/\">ENDERMOLOGIA<\/a><\/li>\n<li id=\"menu-item-1993\" class=\"menu-item menu-item-type-post_type menu-item-object-page depth-0 to-right\"><a href=\"https:\/\/beauty-center.pl\/index.php\/prosoterapia\/\">PRESOTERAPIA<\/a><\/li>\n<li id=\"menu-item-2014\" class=\"menu-item menu-item-type-post_type menu-item-object-page depth-0 to-right\"><a href=\"https:\/\/beauty-center.pl\/index.php\/lipoliza-iniekcyjna\/\">LIPOLIZA INIEKCYJNA<\/a><\/li>\n<\/ul><\/div><\/div><\/div> \n\n <div   class=\"ui-column span8\"><div class=\"ui--title ui--animation ui--title-bordered text-center\"><div class=\"ui--title-holder\"><h3 class=\"ui--title-text\" style=\"color: #bd1e9d !important;\">KRIOLIPOLIZA - usuwanie tkanki t\u0142uszczowej poprzez ch\u0142odzenie.  <\/h3><div style=\"border-color: #bd1e9d !important;\" class=\"ui--title-borders ui--title-border-left\"><\/div><div style=\"border-color: #bd1e9d !important;\" class=\"ui--title-borders ui--title-border-right\"><\/div><\/div><\/div><div class=\"auto-format ui--animation\"><p>Jest to absolutnie nieinwazyjny, bezbolesny zabieg, kt\u00f3rego skuteczno\u015b\u0107 poparta jest licznymi badaniami klinicznymi.<\/p>\n<p>KRIOLIZA jest now\u0105 technika, kt\u00f3ra pozwala na miejscowe usuwanie tkanki t\u0142uszczowej bez urzycia igie\u0142, skalpela i bez znieczulenia.<br \/>\nJest to idealne rozwi\u0105zanie dla ludzi zabieganych, cierpi\u0105cych na brak czasu, kt\u00f3rzy chc\u0105 unikn\u0105\u0107 b\u00f3lu, ryzyka i d\u0142ugiej rekonwalestencji zwi\u0105zanej np. z zabiegami chirurgicznymi.<\/p>\n<\/div><div class=\"ui--image-wrap clearfix text-center ui--block\" style=\"margin-top: 15px;  margin-bottom: 25px;\"><img loading=\"lazy\" decoding=\"async\" width=\"450\" height=\"300\" src=\"https:\/\/beauty-center.pl\/wp-content\/uploads\/2016\/08\/pobrane-9.jpg\" class=\"ui--image ui--animation\" alt=\"\" title=\"lipo_laser\" id=\"ui--image-1\" srcset=\"https:\/\/beauty-center.pl\/wp-content\/uploads\/2016\/08\/pobrane-9.jpg 450w, https:\/\/beauty-center.pl\/wp-content\/uploads\/2016\/08\/pobrane-9-300x200.jpg 300w\" sizes=\"auto, (max-width: 450px) 100vw, 450px\" \/><\/div><div class=\"auto-format ui--animation\"><p>To metoda polegaj\u0105ca na ch\u0142odzeniu tkanek t\u0142uszczowych w celu spowodowania ich rozpadu (lipolizy).Wynikiem zabiegu ma by\u0107 redukcja tkanki t\u0142uszczowej. Na skutek mro\u017cenia lipidy z kom\u00f3rek t\u0142uszczowych s\u0105 uwalniane i transportowane przez uk\u0142ad limfatyczny. Lipidy w kom\u00f3rkach t\u0142uszczowych krystalizuj\u0105 si\u0119 w wy\u017cszej temperaturze ni\u017c inne kom\u00f3rki zawieraj\u0105ce wod\u0119. Dzi\u0119ki temu kriolipoliza niszczy tylko kom\u00f3rki t\u0142uszczowe, a oszcz\u0119dza inne tkanki, takie jak sk\u00f3ra, mi\u0119\u015bnie i nerwy.<\/p>\n<\/div><div class=\"ui--title ui--animation ui--title-bordered text-center\"><div class=\"ui--title-holder\"><h4 class=\"ui--title-text\" style=\"color: #bd1e9d !important;\">Ja wygl\u0105da zabieg?<\/h4><div style=\"border-color: #bd1e9d !important;\" class=\"ui--title-borders ui--title-border-left\"><\/div><div style=\"border-color: #bd1e9d !important;\" class=\"ui--title-borders ui--title-border-right\"><\/div><\/div><\/div><div class=\"auto-format ui--animation\"><p>Zabieg trwa godzin\u0119. Specjalny aplikator zostaje przy\u0142o\u017cony do obszaru, z kt\u00f3rego chcemy pozby\u0107 si\u0119 t\u0142uszczyku. Aplikator jest pr\u00f3\u017cniowy i zasysa tkank\u0119. Dzi\u0119ki aplikatorowi zostaje pobrane ciep\u0142o z kom\u00f3rek, zgodnie z wybranym profilem zabiegowym. Czujniki wbudowane w aplikator s\u0105 po\u0142\u0105czone z panelem sterowania w celu sta\u0142ego monitorowania i regulowania ch\u0142odzenia. G\u0142\u00f3wnym celem zabiegu jest takie och\u0142odzenie kom\u00f3rek t\u0142uszczowych, aby spowodowa\u0107 ich obumarcie. Zamro\u017cone kom\u00f3rki t\u0142uszczowe stopniowo s\u0105 eliminowane i wydalane z organizmu, dzi\u0119ki czemu z tygodnia na tydzie\u0144 po zabiegu grubo\u015b\u0107 tkanki t\u0142uszczowej maleje.<\/p>\n<\/div><div class=\"ui--title ui--animation ui--title-bordered text-center\"><div class=\"ui--title-holder\"><h4 class=\"ui--title-text\" style=\"color: #bd1e9d !important;\">Czy to boli?<\/h4><div style=\"border-color: #bd1e9d !important;\" class=\"ui--title-borders ui--title-border-left\"><\/div><div style=\"border-color: #bd1e9d !important;\" class=\"ui--title-borders ui--title-border-right\"><\/div><\/div><\/div><div class=\"auto-format ui--animation\"><p>Zabieg jest nieinwazyjny i raczej bezbolesny, chocia\u017c mo\u017cna poczu\u0107 zimno i odczucie zasysania sk\u00f3ry. Mog\u0105 pojawi\u0107 si\u0119 zaczerwienienia i siniaki. W przypadku niekt\u00f3rych pacjent\u00f3w mo\u017ce te\u017c wyst\u0105pi\u0107 os\u0142abienie czucia w obszarze sk\u00f3ry poddanej zabiegowi.<\/p>\n<\/div><div class=\"ui--title ui--animation ui--title-bordered text-center\"><div class=\"ui--title-holder\"><h4 class=\"ui--title-text\" style=\"color: #bd1e9d !important;\">Co si\u0119 dzieje po zabiegu?<\/h4><div style=\"border-color: #bd1e9d !important;\" class=\"ui--title-borders ui--title-border-left\"><\/div><div style=\"border-color: #bd1e9d !important;\" class=\"ui--title-borders ui--title-border-right\"><\/div><\/div><\/div><div class=\"auto-format ui--animation\"><p>Rezultaty nie s\u0105 widoczne od razu. Trzeba czeka\u0107 kilka miesi\u0119cy, aby organizm pozby\u0142 si\u0119 uszkodzonych podczas zabiegu kom\u00f3rek t\u0142uszczowych. S\u0105 one usuwane z cia\u0142a powoli, w trakcie procesu metabolicznego organizmu, tak samo jak t\u0142uszcze pochodz\u0105ce z po\u017cywienia. Dopiero po czterech miesi\u0105cach mo\u017cna ogl\u0105da\u0107 finalny efekt zabiegu. Mo\u017cna straci\u0107 do 25 do 40 proc. tkanki t\u0142uszczowej z obszaru poddanego zabiegowi. Efekty powinny si\u0119 utrzyma\u0107 przynajmniej p\u00f3\u0142 roku.<\/p>\n<\/div><div class=\"ui--title ui--animation ui--title-bordered text-center\"><div class=\"ui--title-holder\"><h4 class=\"ui--title-text\" style=\"color: #bd1e9d !important;\">Przeciwskazania<\/h4><div style=\"border-color: #bd1e9d !important;\" class=\"ui--title-borders ui--title-border-left\"><\/div><div style=\"border-color: #bd1e9d !important;\" class=\"ui--title-borders ui--title-border-right\"><\/div><\/div><\/div><ul class=\"ui--list list-font-icon parent-1\"><li class=\"child-1 total-16 ui--animation\"><i class=\"list-icon 14px fontawesome-check\" style=\"color: #bd00bd !important;\"><\/i>problemy z w\u0105trob\u0105<\/li><li class=\"child-2 total-16 ui--animation\"><i class=\"list-icon 14px fontawesome-check\" style=\"color: #bd00bd !important;\"><\/i>niewydolno\u015b\u0107 nerek<\/li><li class=\"child-3 total-16 ui--animation\"><i class=\"list-icon 14px fontawesome-check\" style=\"color: #bd00bd !important;\"><\/i>choroba Raynaud'a<\/li><li class=\"child-4 total-16 ui--animation\"><i class=\"list-icon 14px fontawesome-check\" style=\"color: #bd00bd !important;\"><\/i>pokrzywka<\/li><li class=\"child-5 total-16 ui--animation\"><i class=\"list-icon 14px fontawesome-check\" style=\"color: #bd00bd !important;\"><\/i>rany<\/li><li class=\"child-6 total-16 ui--animation\"><i class=\"list-icon 14px fontawesome-check\" style=\"color: #bd00bd !important;\"><\/i>nietolerancja krioterapii<\/li><li class=\"child-7 total-16 ui--animation\"><i class=\"list-icon 14px fontawesome-check\" style=\"color: #bd00bd !important;\"><\/i>hipoproteinemia<\/li><li class=\"child-8 total-16 ui--animation\"><i class=\"list-icon 14px fontawesome-check\" style=\"color: #bd00bd !important;\"><\/i>zaawansowana cukrzyca<\/li><li class=\"child-9 total-16 ui--animation\"><i class=\"list-icon 14px fontawesome-check\" style=\"color: #bd00bd !important;\"><\/i>gor\u0105czka<\/li><li class=\"child-10 total-16 ui--animation\"><i class=\"list-icon 14px fontawesome-check\" style=\"color: #bd00bd !important;\"><\/i>infekcja<\/li><li class=\"child-11 total-16 ui--animation\"><i class=\"list-icon 14px fontawesome-check\" style=\"color: #bd00bd !important;\"><\/i>nowotwory<\/li><li class=\"child-12 total-16 ui--animation\"><i class=\"list-icon 14px fontawesome-check\" style=\"color: #bd00bd !important;\"><\/i>ci\u0105\u017ca i karmienie piersi\u0105<\/li><li class=\"child-13 total-16 ui--animation\"><i class=\"list-icon 14px fontawesome-check\" style=\"color: #bd00bd !important;\"><\/i>zapalenie sk\u00f3ry, egzema<\/li><li class=\"child-14 total-16 ui--animation\"><i class=\"list-icon 14px fontawesome-check\" style=\"color: #bd00bd !important;\"><\/i>AIDS<\/li><li class=\"child-15 total-16 ui--animation\"><i class=\"list-icon 14px fontawesome-check\" style=\"color: #bd00bd !important;\"><\/i>krioglobulinemia (uszkodzenie antycia\u0142 w niskich temperaturach)<\/li><li class=\"child-16 total-16 ui--animation\"><i class=\"list-icon 14px fontawesome-check\" style=\"color: #bd00bd !important;\"><\/i>opalanie lub inny zabieg z wykorzystaniem UVA kr\u00f3cej ni\u017c 5 dni przed zabiegiem<\/li>  <\/ul><div class=\"ui--title ui--animation ui--title-bordered text-center\"><div class=\"ui--title-holder\"><h4 class=\"ui--title-text\" style=\"color: #bd1e9d !important;\">CENNIK<\/h4><div style=\"border-color: #bd1e9d !important;\" class=\"ui--title-borders ui--title-border-left\"><\/div><div style=\"border-color: #bd1e9d !important;\" class=\"ui--title-borders ui--title-border-right\"><\/div><\/div><\/div><div class=\"auto-format ui--animation\"><ul>\n<li>2 przy\u0142o\u017cenia (1 godz. , 2 miejsca  ) = 220 z\u0142<\/li>\n<li>Karnet: 4 wej\u015bcia = 750 z\u0142.<\/li>\n<\/ul>\n<\/div><div class=\"ui--title ui--animation ui--title-bordered text-center\"><div class=\"ui--title-holder\"><h4 class=\"ui--title-text\" style=\"color: #bd1e9d !important;\">GALERIA<\/h4><div style=\"border-color: #bd1e9d !important;\" class=\"ui--title-borders ui--title-border-left\"><\/div><div style=\"border-color: #bd1e9d !important;\" class=\"ui--title-borders ui--title-border-right\"><\/div><\/div><\/div><div class=\"ui--image-wrap clearfix text-center ui--block\"><img loading=\"lazy\" decoding=\"async\" width=\"400\" height=\"299\" src=\"https:\/\/beauty-center.pl\/wp-content\/uploads\/2016\/08\/niebieskie.jpg\" class=\"ui--image ui--animation\" alt=\"\" id=\"ui--image-2\" srcset=\"https:\/\/beauty-center.pl\/wp-content\/uploads\/2016\/08\/niebieskie.jpg 400w, https:\/\/beauty-center.pl\/wp-content\/uploads\/2016\/08\/niebieskie-300x224.jpg 300w\" sizes=\"auto, (max-width: 400px) 100vw, 400px\" \/><\/div><\/div> \n\n<\/div> \n<\/div><\/div><\/div>","protected":false},"excerpt":{"rendered":"<p>ZABIEGI WYSZCZUPLAJ\u0104CELIPO LASER KRIOLIPOLIZA ELEKTROSTYMULACJA CIA\u0141A ENDERMOLOGIA PRESOTERAPIA LIPOLIZA INIEKCYJNA KRIOLIPOLIZA &#8211; usuwanie tkanki t\u0142uszczowej poprzez ch\u0142odzenie. Jest to absolutnie nieinwazyjny, bezbolesny zabieg, kt\u00f3rego skuteczno\u015b\u0107 poparta jest licznymi badaniami klinicznymi. KRIOLIZA jest now\u0105 technika, kt\u00f3ra pozwala na miejscowe usuwanie tkanki t\u0142uszczowej bez urzycia igie\u0142, skalpela i bez znieczulenia. Jest to idealne rozwi\u0105zanie dla ludzi zabieganych, [&hellip;]<\/p>\n","protected":false},"author":1,"featured_media":0,"parent":0,"menu_order":0,"comment_status":"closed","ping_status":"closed","template":"","meta":{"footnotes":""},"class_list":["post-1615","page","type-page","status-publish","hentry"],"_links":{"self":[{"href":"https:\/\/beauty-center.pl\/index.php\/wp-json\/wp\/v2\/pages\/1615","targetHints":{"allow":["GET"]}}],"collection":[{"href":"https:\/\/beauty-center.pl\/index.php\/wp-json\/wp\/v2\/pages"}],"about":[{"href":"https:\/\/beauty-center.pl\/index.php\/wp-json\/wp\/v2\/types\/page"}],"author":[{"embeddable":true,"href":"https:\/\/beauty-center.pl\/index.php\/wp-json\/wp\/v2\/users\/1"}],"replies":[{"embeddable":true,"href":"https:\/\/beauty-center.pl\/index.php\/wp-json\/wp\/v2\/comments?post=1615"}],"version-history":[{"count":1,"href":"https:\/\/beauty-center.pl\/index.php\/wp-json\/wp\/v2\/pages\/1615\/revisions"}],"predecessor-version":[{"id":1617,"href":"https:\/\/beauty-center.pl\/index.php\/wp-json\/wp\/v2\/pages\/1615\/revisions\/1617"}],"wp:attachment":[{"href":"https:\/\/beauty-center.pl\/index.php\/wp-json\/wp\/v2\/media?parent=1615"}],"curies":[{"name":"wp","href":"https:\/\/api.w.org\/{rel}","templated":true}]}}