{"id":1620,"date":"2016-08-30T10:17:10","date_gmt":"2016-08-30T08:17:10","guid":{"rendered":"http:\/\/beauty.kbsolution.pl\/?page_id=1620"},"modified":"2016-09-14T21:08:07","modified_gmt":"2016-09-14T19:08:07","slug":"elektrostymulacja-ciala","status":"publish","type":"page","link":"https:\/\/beauty-center.pl\/index.php\/elektrostymulacja-ciala\/","title":{"rendered":"ENDERMOLOGIA"},"content":{"rendered":"<div  class=\"ui--tagline-box-wrapper ui--animation clearfix\"><div  id=\"tagline-1\" class=\"ui--tagline-box ui-row clearfix ui--tagline-box-custom-color radius-3px\" data-responsive=\"{&quot;css&quot;:{&quot;min-height&quot;:{&quot;phone&quot;:&quot;auto&quot;,&quot;tablet&quot;:&quot;auto&quot;,&quot;widescreen&quot;:&quot;&quot;}}}\"><div  class=\"ui--tagline-background-container ui--tagline-background-overlay radius-3px\"><\/div><div  class=\"ui--tagline-background-container ui--tagline-background-image radius-3px\"><\/div><div  class=\"ui--tagline-content\"><div class=\"ui-row row\">\n <div   class=\"ui-column span4\"><div id=\"nav_menu-4\" class=\"widget widget_nav_menu\"><h4 class=\"sidebar-widget-title ui--widget-title\"><span>ZABIEGI WYSZCZUPLAJ\u0104CE<\/span><\/h4><div class=\"menu-zabiegi-wyszczuplajace-container\"><ul id=\"menu-zabiegi-wyszczuplajace\" class=\"menu\"><li id=\"menu-item-1614\" class=\"menu-item menu-item-type-post_type menu-item-object-page depth-0 to-right\"><a href=\"https:\/\/beauty-center.pl\/index.php\/lipo-laser\/\">LIPO LASER<\/a><\/li>\n<li id=\"menu-item-1619\" class=\"menu-item menu-item-type-post_type menu-item-object-page depth-0 to-right\"><a href=\"https:\/\/beauty-center.pl\/index.php\/kriolipoliza\/\">KRIOLIPOLIZA<\/a><\/li>\n<li id=\"menu-item-1623\" class=\"menu-item menu-item-type-post_type menu-item-object-page depth-0 to-right\"><a href=\"https:\/\/beauty-center.pl\/index.php\/elektrostymulacja-ciala\/\">ELEKTROSTYMULACJA CIA\u0141A<\/a><\/li>\n<li id=\"menu-item-1627\" class=\"menu-item menu-item-type-post_type menu-item-object-page depth-0 to-right\"><a href=\"https:\/\/beauty-center.pl\/index.php\/endermologia\/\">ENDERMOLOGIA<\/a><\/li>\n<li id=\"menu-item-1993\" class=\"menu-item menu-item-type-post_type menu-item-object-page depth-0 to-right\"><a href=\"https:\/\/beauty-center.pl\/index.php\/prosoterapia\/\">PRESOTERAPIA<\/a><\/li>\n<li id=\"menu-item-2014\" class=\"menu-item menu-item-type-post_type menu-item-object-page depth-0 to-right\"><a href=\"https:\/\/beauty-center.pl\/index.php\/lipoliza-iniekcyjna\/\">LIPOLIZA INIEKCYJNA<\/a><\/li>\n<\/ul><\/div><\/div><\/div> \n\n <div   class=\"ui-column span8\"><div class=\"ui--title ui--animation ui--title-bordered text-center\"><div class=\"ui--title-holder\"><h3 class=\"ui--title-text\" style=\"color: #bd1e9d !important;\">ENDERMOLOGIA<\/h3><div style=\"border-color: #bd1e9d !important;\" class=\"ui--title-borders ui--title-border-left\"><\/div><div style=\"border-color: #bd1e9d !important;\" class=\"ui--title-borders ui--title-border-right\"><\/div><\/div><\/div><div class=\"ui--title ui--animation ui--title-bordered text-center\"><div class=\"ui--title-holder\"><h3 class=\"ui--title-text\" style=\"color: #bd1e9d !important;\">Czy chcesz mie\u0107 \u0142adne, spr\u0119\u017cyste, wysportowane cia\u0142o, p\u0142aski brzuch, j\u0119drne po\u015bladki i uda?<\/h3><div style=\"border-color: #bd1e9d !important;\" class=\"ui--title-borders ui--title-border-left\"><\/div><div style=\"border-color: #bd1e9d !important;\" class=\"ui--title-borders ui--title-border-right\"><\/div><\/div><\/div><div class=\"auto-format ui--animation\"><p>Zamiast sp\u0119dza\u0107 godziny na sali treningowej mo\u017cna podobne efekty osi\u0105gn\u0105\u0107 za pomoc\u0105 elektrostymulacji mi\u0119\u015bni relaksuj\u0105c si\u0119, zapominaj\u0105c o ci\u0105g\u0142ym po\u015bpiechu, podczas koj\u0105cej zmys\u0142y muzyki w aromatycznych nutach olejk\u00f3w.<\/p>\n<p>45 minutowa elektrostymulacja odpowiada 2- 3 godzinnemu wysi\u0142kowi fizycznemu nie powoduj\u0105c jednak nadmiernego wzrostu mi\u0119\u015bni, obci\u0105\u017cenia staw\u00f3w oraz uk\u0142adu kr\u0105\u017cenia. Podczas zabiegu mi\u0119\u015bnie pracuj\u0105 tak jak podczas normalnych \u0107wicze\u0144 na si\u0142owni (nawet intensywniej i bardziej regularnie). Oferta skierowana jest zar\u00f3wno do Pa\u0144 jak i Pan\u00f3w.<\/p>\n<p>Stymulacja mi\u0119\u015bni po\u0142\u0105czona jest z na\u015bwietleniem promieniami podczerwonymi, kt\u00f3re powoduj\u0105 rozbicie t\u0142uszczu, przy\u015bpieszaj\u0105 kr\u0105\u017cenie krwi, poprawiaj\u0105 metabolizmu tkanki t\u0142uszczowej, podwy\u017cszj\u0105 temperatur\u0119 tkanki podsk\u00f3rnej i mi\u0119\u015bni. Nasza sk\u00f3ra najszybciej oddaje cz\u0105steczki t\u0142uszczu w miejscach dobrze ukrwionych.<\/p>\n<p>Taka kombinacja wywo\u0142uje SILNE DZIA\u0141ANIE ANTYCELLULITOWE, UJ\u0118DRNIAJ\u0104CE I ODCHUDZAJ\u0104CE.<br \/>\nAktywizacja metabolizmu wp\u0142ywa r\u00f3wnie\u017c na zmniejszenie apetytu. Ka\u017cdy w kr\u00f3tkim czasie mo\u017ce osi\u0105gn\u0105\u0107 efekt w postaci wymarzonej wysportowanej sylwetki.<\/p>\n<\/div><div class=\"ui--title ui--animation ui--title-bordered text-center\"><div class=\"ui--title-holder\"><h4 class=\"ui--title-text\" style=\"color: #bd1e9d !important;\">GALERIA<\/h4><div style=\"border-color: #bd1e9d !important;\" class=\"ui--title-borders ui--title-border-left\"><\/div><div style=\"border-color: #bd1e9d !important;\" class=\"ui--title-borders ui--title-border-right\"><\/div><\/div><\/div><div class=\"ui--image-wrap clearfix text-center ui--block\"><img loading=\"lazy\" decoding=\"async\" width=\"320\" height=\"278\" src=\"https:\/\/beauty-center.pl\/wp-content\/uploads\/2016\/08\/15.jpg\" class=\"ui--image ui--animation\" alt=\"\" title=\"lipo_laser\" id=\"ui--image-1\" srcset=\"https:\/\/beauty-center.pl\/wp-content\/uploads\/2016\/08\/15.jpg 320w, https:\/\/beauty-center.pl\/wp-content\/uploads\/2016\/08\/15-300x261.jpg 300w\" sizes=\"auto, (max-width: 320px) 100vw, 320px\" \/><\/div><\/div> \n\n<\/div> \n<\/div><\/div><\/div>","protected":false},"excerpt":{"rendered":"<p>ZABIEGI WYSZCZUPLAJ\u0104CELIPO LASER KRIOLIPOLIZA ELEKTROSTYMULACJA CIA\u0141A ENDERMOLOGIA PRESOTERAPIA LIPOLIZA INIEKCYJNA ENDERMOLOGIACzy chcesz mie\u0107 \u0142adne, spr\u0119\u017cyste, wysportowane cia\u0142o, p\u0142aski brzuch, j\u0119drne po\u015bladki i uda?Zamiast sp\u0119dza\u0107 godziny na sali treningowej mo\u017cna podobne efekty osi\u0105gn\u0105\u0107 za pomoc\u0105 elektrostymulacji mi\u0119\u015bni relaksuj\u0105c si\u0119, zapominaj\u0105c o ci\u0105g\u0142ym po\u015bpiechu, podczas koj\u0105cej zmys\u0142y muzyki w aromatycznych nutach olejk\u00f3w. 45 minutowa elektrostymulacja odpowiada 2- [&hellip;]<\/p>\n","protected":false},"author":1,"featured_media":0,"parent":0,"menu_order":0,"comment_status":"closed","ping_status":"closed","template":"","meta":{"footnotes":""},"class_list":["post-1620","page","type-page","status-publish","hentry"],"_links":{"self":[{"href":"https:\/\/beauty-center.pl\/index.php\/wp-json\/wp\/v2\/pages\/1620","targetHints":{"allow":["GET"]}}],"collection":[{"href":"https:\/\/beauty-center.pl\/index.php\/wp-json\/wp\/v2\/pages"}],"about":[{"href":"https:\/\/beauty-center.pl\/index.php\/wp-json\/wp\/v2\/types\/page"}],"author":[{"embeddable":true,"href":"https:\/\/beauty-center.pl\/index.php\/wp-json\/wp\/v2\/users\/1"}],"replies":[{"embeddable":true,"href":"https:\/\/beauty-center.pl\/index.php\/wp-json\/wp\/v2\/comments?post=1620"}],"version-history":[{"count":2,"href":"https:\/\/beauty-center.pl\/index.php\/wp-json\/wp\/v2\/pages\/1620\/revisions"}],"predecessor-version":[{"id":1719,"href":"https:\/\/beauty-center.pl\/index.php\/wp-json\/wp\/v2\/pages\/1620\/revisions\/1719"}],"wp:attachment":[{"href":"https:\/\/beauty-center.pl\/index.php\/wp-json\/wp\/v2\/media?parent=1620"}],"curies":[{"name":"wp","href":"https:\/\/api.w.org\/{rel}","templated":true}]}}