{"id":1624,"date":"2016-08-30T10:28:23","date_gmt":"2016-08-30T08:28:23","guid":{"rendered":"http:\/\/beauty.kbsolution.pl\/?page_id=1624"},"modified":"2016-09-14T21:07:35","modified_gmt":"2016-09-14T19:07:35","slug":"endermologia","status":"publish","type":"page","link":"https:\/\/beauty-center.pl\/index.php\/endermologia\/","title":{"rendered":"ELEKTROSTYMULACJA CIA\u0141A"},"content":{"rendered":"<div  class=\"ui--tagline-box-wrapper ui--animation clearfix\"><div  id=\"tagline-1\" class=\"ui--tagline-box ui-row clearfix ui--tagline-box-custom-color radius-3px\" data-responsive=\"{&quot;css&quot;:{&quot;min-height&quot;:{&quot;phone&quot;:&quot;auto&quot;,&quot;tablet&quot;:&quot;auto&quot;,&quot;widescreen&quot;:&quot;&quot;}}}\"><div  class=\"ui--tagline-background-container ui--tagline-background-overlay radius-3px\"><\/div><div  class=\"ui--tagline-background-container ui--tagline-background-image radius-3px\"><\/div><div  class=\"ui--tagline-content\"><div class=\"ui-row row\">\n <div   class=\"ui-column span4\"><div id=\"nav_menu-4\" class=\"widget widget_nav_menu\"><h4 class=\"sidebar-widget-title ui--widget-title\"><span>ZABIEGI WYSZCZUPLAJ\u0104CE<\/span><\/h4><div class=\"menu-zabiegi-wyszczuplajace-container\"><ul id=\"menu-zabiegi-wyszczuplajace\" class=\"menu\"><li id=\"menu-item-1614\" class=\"menu-item menu-item-type-post_type menu-item-object-page depth-0 to-right\"><a href=\"https:\/\/beauty-center.pl\/index.php\/lipo-laser\/\">LIPO LASER<\/a><\/li>\n<li id=\"menu-item-1619\" class=\"menu-item menu-item-type-post_type menu-item-object-page depth-0 to-right\"><a href=\"https:\/\/beauty-center.pl\/index.php\/kriolipoliza\/\">KRIOLIPOLIZA<\/a><\/li>\n<li id=\"menu-item-1623\" class=\"menu-item menu-item-type-post_type menu-item-object-page depth-0 to-right\"><a href=\"https:\/\/beauty-center.pl\/index.php\/elektrostymulacja-ciala\/\">ELEKTROSTYMULACJA CIA\u0141A<\/a><\/li>\n<li id=\"menu-item-1627\" class=\"menu-item menu-item-type-post_type menu-item-object-page depth-0 to-right\"><a href=\"https:\/\/beauty-center.pl\/index.php\/endermologia\/\">ENDERMOLOGIA<\/a><\/li>\n<li id=\"menu-item-1993\" class=\"menu-item menu-item-type-post_type menu-item-object-page depth-0 to-right\"><a href=\"https:\/\/beauty-center.pl\/index.php\/prosoterapia\/\">PRESOTERAPIA<\/a><\/li>\n<li id=\"menu-item-2014\" class=\"menu-item menu-item-type-post_type menu-item-object-page depth-0 to-right\"><a href=\"https:\/\/beauty-center.pl\/index.php\/lipoliza-iniekcyjna\/\">LIPOLIZA INIEKCYJNA<\/a><\/li>\n<\/ul><\/div><\/div><\/div> \n\n <div   class=\"ui-column span8\"><div class=\"ui--title ui--animation ui--title-bordered text-center\"><div class=\"ui--title-holder\"><h3 class=\"ui--title-text\" style=\"color: #bd1e9d !important;\">ELEKTROSTYMULACJA CIA\u0141A<\/h3><div style=\"border-color: #bd1e9d !important;\" class=\"ui--title-borders ui--title-border-left\"><\/div><div style=\"border-color: #bd1e9d !important;\" class=\"ui--title-borders ui--title-border-right\"><\/div><\/div><\/div><div class=\"ui--title ui--animation ui--title-bordered text-center\"><div class=\"ui--title-holder\"><h3 class=\"ui--title-text\" style=\"color: #bd1e9d !important;\">Endermologie uwa\u017ca si\u0119 na \u015bwiecie za zabieg numer jeden w zwalczaniu cellulitu i nadmiaru tkanki t\u0142uszczowej!!! <\/h3><div style=\"border-color: #bd1e9d !important;\" class=\"ui--title-borders ui--title-border-left\"><\/div><div style=\"border-color: #bd1e9d !important;\" class=\"ui--title-borders ui--title-border-right\"><\/div><\/div><\/div><div class=\"auto-format ui--animation\"><p>Endermologia jest to masa\u017c ca\u0142ego cia\u0142a specjaln\u0105 g\u0142owic\u0105 wyposa\u017con\u0105 w dwie ruchome, niezale\u017cnie pracuj\u0105ce rolki. Masowany fa\u0142d sk\u00f3ry jest uprzednio zassany przez podci\u015bnienie wytwarzane w specjalnej komorze, kt\u00f3ra posiada mo\u017cliwo\u015b\u0107 regulacji dzi\u0119ki czemu ssanie mo\u017ce by\u0107 ci\u0105g\u0142e lub pulsacyjne.<\/p>\n<p>Zabiegi s\u0105 ca\u0142kowicie nieinwazyjne, wspomagaj\u0105 jedynie naturalne procesy zachodz\u0105ce w organizmie. U wielu os\u00f3b po 15-20 zabiegach efekty s\u0105 por\u00f3wnywalne do efekt\u00f3w chirurgicznej liposukcji, dlatego Endermologie uwa\u017ca si\u0119 na \u015bwiecie za zabieg numer jeden w zwalczaniu cellulitu i nadmiaru tkanki t\u0142uszczowej.<\/p>\n<\/div><div class=\"ui--title ui--animation ui--title-bordered text-center\"><div class=\"ui--title-holder\"><h3 class=\"ui--title-text\" style=\"color: #bd1e9d !important;\">Cele zabiegu:<\/h3><div style=\"border-color: #bd1e9d !important;\" class=\"ui--title-borders ui--title-border-left\"><\/div><div style=\"border-color: #bd1e9d !important;\" class=\"ui--title-borders ui--title-border-right\"><\/div><\/div><\/div><ul class=\"ui--list list-font-icon parent-1\"><li class=\"child-1 total-8 ui--animation\"><i class=\"list-icon 14px fontawesome-check\" style=\"color: #d100d1 !important;\"><\/i>uj\u0119drnienie sk\u00f3ry<\/li><li class=\"child-2 total-8 ui--animation\"><i class=\"list-icon 14px fontawesome-check\" style=\"color: #d100d1 !important;\"><\/i>redukcja tkanki t\u0142uszczowej i cellulitu<\/li><li class=\"child-3 total-8 ui--animation\"><i class=\"list-icon 14px fontawesome-check\" style=\"color: #d100d1 !important;\"><\/i>modelowanie i kszta\u0142towanie sylwetki<\/li><li class=\"child-4 total-8 ui--animation\"><i class=\"list-icon 14px fontawesome-check\" style=\"color: #d100d1 !important;\"><\/i>zmniejszenie retencji wody poprzez uaktywnienie uk\u0142adu \u017cylnego i limfatycznego<\/li><li class=\"child-5 total-8 ui--animation\"><i class=\"list-icon 14px fontawesome-check\" style=\"color: #d100d1 !important;\"><\/i>usuwanie toksyn<\/li><li class=\"child-6 total-8 ui--animation\"><i class=\"list-icon 14px fontawesome-check\" style=\"color: #d100d1 !important;\"><\/i>wspomaganie leczenia blizn, regeneracji sk\u00f3ry po operacjach, oparze\u0144 obrz\u0119k\u00f3w<\/li><li class=\"child-7 total-8 ui--animation\"><i class=\"list-icon 14px fontawesome-check\" style=\"color: #d100d1 !important;\"><\/i>z\u0142uszczenie nask\u00f3rka; rewitalizacja stanu sk\u00f3ry<\/li><li class=\"child-8 total-8 ui--animation\"><i class=\"list-icon 14px fontawesome-check\" style=\"color: #d100d1 !important;\"><\/i>poprawa samopoczucia<\/li>  <\/ul><div class=\"auto-format ui--animation\"><p>Masa\u017c na podci\u015bnienie wykonywany przy u\u017cyciu rolki masuj\u0105cej bywa czasem nazywany lipomasa\u017cem, poniewa\u017c jednym z jego efekt\u00f3w jest drena\u017c limfatyczny, pozwalaj\u0105cy pozby\u0107 si\u0119 z organizmu toksyn (tak\u017ce rozbitych cz\u0105steczek t\u0142uszczu). Lipomasa\u017c poprawia ukrwienie tkanek, drenuje nadmiar p\u0142yn\u00f3w i wzmaga wymian\u0119 mi\u0119dzykom\u00f3rkow\u0105. W celu wzmocnienia efektu drenuj\u0105cego zaleca si\u0119 tak\u017ce wypijanie ok. 2 litr\u00f3w wody dziennie (najlepiej niskozmineralizowanej).<\/p>\n<\/div><div class=\"ui--title ui--animation ui--title-bordered text-center\"><div class=\"ui--title-holder\"><h3 class=\"ui--title-text\" style=\"color: #bd1e9d !important;\">Nieinwazyjno\u015b\u0107<\/h3><div style=\"border-color: #bd1e9d !important;\" class=\"ui--title-borders ui--title-border-left\"><\/div><div style=\"border-color: #bd1e9d !important;\" class=\"ui--title-borders ui--title-border-right\"><\/div><\/div><\/div><div class=\"auto-format ui--animation\"><p>Zabieg jest wykonywany w specjalnym trykocie (tzw. endermowear), kt\u00f3ry zwi\u0119ksza po\u015blizg rolek i nie dopuszcza do uszkodzenia sk\u00f3ry.<br \/>\nPojedynczy zabieg trwa oko\u0142o 30min. &#8211; 1 godz. W jego trakcie masujemy ca\u0142e cia\u0142o, skupiaj\u0105c si\u0119 na miejscach szczeg\u00f3lnie dotkni\u0119tych cellulitem. Aby uzyska\u0107 najlepsze efekty, zabieg wykonywany jest w seriach od 5-10 zabieg\u00f3w, jeden-dwa razy w tygodniu. Jednocze\u015bnie mo\u017cna stosowa\u0107 inne zabiegi redukuj\u0105ce celulit i modeluj\u0105ce sylwetk\u0119.<\/p>\n<p><strong>Efekty s\u0105 naprawd\u0119 rewelacyjne!<\/strong><\/p>\n<\/div><div class=\"ui--image-wrap clearfix text-center ui--block\"><img loading=\"lazy\" decoding=\"async\" width=\"300\" height=\"434\" src=\"https:\/\/beauty-center.pl\/wp-content\/uploads\/2016\/08\/endermologia3.jpg\" class=\"ui--image ui--animation\" alt=\"\" id=\"ui--image-1\" srcset=\"https:\/\/beauty-center.pl\/wp-content\/uploads\/2016\/08\/endermologia3.jpg 300w, https:\/\/beauty-center.pl\/wp-content\/uploads\/2016\/08\/endermologia3-207x300.jpg 207w\" sizes=\"auto, (max-width: 300px) 100vw, 300px\" \/><\/div><div class=\"ui--title ui--animation ui--title-bordered text-center\"><div class=\"ui--title-holder\"><h3 class=\"ui--title-text\" style=\"color: #bd1e9d !important;\">Przeciwskazania<\/h3><div style=\"border-color: #bd1e9d !important;\" class=\"ui--title-borders ui--title-border-left\"><\/div><div style=\"border-color: #bd1e9d !important;\" class=\"ui--title-borders ui--title-border-right\"><\/div><\/div><\/div><ul class=\"ui--list list-font-icon parent-2\"><li class=\"child-1 total-4 ui--animation\"><i class=\"list-icon 14px fontawesome-check\" style=\"color: #d100d1 !important;\"><\/i>zapalenie \u017cy\u0142<\/li><li class=\"child-2 total-4 ui--animation\"><i class=\"list-icon 14px fontawesome-check\" style=\"color: #d100d1 !important;\"><\/i>czynny nowotw\u00f3r<\/li><li class=\"child-3 total-4 ui--animation\"><i class=\"list-icon 14px fontawesome-check\" style=\"color: #d100d1 !important;\"><\/i>leczenie antykoagulantami<\/li><li class=\"child-4 total-4 ui--animation\"><i class=\"list-icon 14px fontawesome-check\" style=\"color: #d100d1 !important;\"><\/i>ci\u0105\u017ca<\/li>  <\/ul><div class=\"ui--title ui--animation ui--title-bordered text-center\"><div class=\"ui--title-holder\"><h3 class=\"ui--title-text\" style=\"color: #bd1e9d !important;\">Ograniczenia miejscowe<\/h3><div style=\"border-color: #bd1e9d !important;\" class=\"ui--title-borders ui--title-border-left\"><\/div><div style=\"border-color: #bd1e9d !important;\" class=\"ui--title-borders ui--title-border-right\"><\/div><\/div><\/div><ul class=\"ui--list list-font-icon parent-3\"><li class=\"child-1 total-4 ui--animation\"><i class=\"list-icon 14px fontawesome-check\" style=\"color: #d100d1 !important;\"><\/i>naczyniak<\/li><li class=\"child-2 total-4 ui--animation\"><i class=\"list-icon 14px fontawesome-check\" style=\"color: #d100d1 !important;\"><\/i>przepuklina<\/li><li class=\"child-3 total-4 ui--animation\"><i class=\"list-icon 14px fontawesome-check\" style=\"color: #d100d1 !important;\"><\/i>\u017cylaki<\/li><li class=\"child-4 total-4 ui--animation\"><i class=\"list-icon 14px fontawesome-check\" style=\"color: #d100d1 !important;\"><\/i>liczne t\u0142uszczaki<\/li>  <\/ul><div class=\"ui--title ui--animation ui--title-bordered text-center\"><div class=\"ui--title-holder\"><h4 class=\"ui--title-text\" style=\"color: #bd1e9d !important;\">Cena zabiegu: 100 z\u0142 (1 godz.)<\/h4><div style=\"border-color: #bd1e9d !important;\" class=\"ui--title-borders ui--title-border-left\"><\/div><div style=\"border-color: #bd1e9d !important;\" class=\"ui--title-borders ui--title-border-right\"><\/div><\/div><\/div><\/div> \n\n<\/div> \n<\/div><\/div><\/div>","protected":false},"excerpt":{"rendered":"<p>ZABIEGI WYSZCZUPLAJ\u0104CELIPO LASER KRIOLIPOLIZA ELEKTROSTYMULACJA CIA\u0141A ENDERMOLOGIA PRESOTERAPIA LIPOLIZA INIEKCYJNA ELEKTROSTYMULACJA CIA\u0141AEndermologie uwa\u017ca si\u0119 na \u015bwiecie za zabieg numer jeden w zwalczaniu cellulitu i nadmiaru tkanki t\u0142uszczowej!!! Endermologia jest to masa\u017c ca\u0142ego cia\u0142a specjaln\u0105 g\u0142owic\u0105 wyposa\u017con\u0105 w dwie ruchome, niezale\u017cnie pracuj\u0105ce rolki. Masowany fa\u0142d sk\u00f3ry jest uprzednio zassany przez podci\u015bnienie wytwarzane w specjalnej komorze, kt\u00f3ra [&hellip;]<\/p>\n","protected":false},"author":1,"featured_media":0,"parent":0,"menu_order":0,"comment_status":"closed","ping_status":"closed","template":"","meta":{"footnotes":""},"class_list":["post-1624","page","type-page","status-publish","hentry"],"_links":{"self":[{"href":"https:\/\/beauty-center.pl\/index.php\/wp-json\/wp\/v2\/pages\/1624","targetHints":{"allow":["GET"]}}],"collection":[{"href":"https:\/\/beauty-center.pl\/index.php\/wp-json\/wp\/v2\/pages"}],"about":[{"href":"https:\/\/beauty-center.pl\/index.php\/wp-json\/wp\/v2\/types\/page"}],"author":[{"embeddable":true,"href":"https:\/\/beauty-center.pl\/index.php\/wp-json\/wp\/v2\/users\/1"}],"replies":[{"embeddable":true,"href":"https:\/\/beauty-center.pl\/index.php\/wp-json\/wp\/v2\/comments?post=1624"}],"version-history":[{"count":2,"href":"https:\/\/beauty-center.pl\/index.php\/wp-json\/wp\/v2\/pages\/1624\/revisions"}],"predecessor-version":[{"id":1718,"href":"https:\/\/beauty-center.pl\/index.php\/wp-json\/wp\/v2\/pages\/1624\/revisions\/1718"}],"wp:attachment":[{"href":"https:\/\/beauty-center.pl\/index.php\/wp-json\/wp\/v2\/media?parent=1624"}],"curies":[{"name":"wp","href":"https:\/\/api.w.org\/{rel}","templated":true}]}}