{"id":1633,"date":"2016-08-30T12:25:25","date_gmt":"2016-08-30T10:25:25","guid":{"rendered":"http:\/\/beauty.kbsolution.pl\/?page_id=1633"},"modified":"2016-08-30T12:25:25","modified_gmt":"2016-08-30T10:25:25","slug":"laserowe-usuwanie-naczynek","status":"publish","type":"page","link":"https:\/\/beauty-center.pl\/index.php\/laserowe-usuwanie-naczynek\/","title":{"rendered":"LASEROWE USUWANIE NACZYNEK"},"content":{"rendered":"<div  class=\"ui--tagline-box-wrapper ui--animation clearfix\"><div  id=\"tagline-1\" class=\"ui--tagline-box ui-row clearfix ui--tagline-box-custom-color radius-3px\" data-responsive=\"{&quot;css&quot;:{&quot;min-height&quot;:{&quot;phone&quot;:&quot;auto&quot;,&quot;tablet&quot;:&quot;auto&quot;,&quot;widescreen&quot;:&quot;&quot;}}}\"><div  class=\"ui--tagline-background-container ui--tagline-background-overlay radius-3px\"><\/div><div  class=\"ui--tagline-background-container ui--tagline-background-image radius-3px\"><\/div><div  class=\"ui--tagline-content\"><div class=\"ui-row row\">\n <div   class=\"ui-column span4\"><div id=\"nav_menu-5\" class=\"widget widget_nav_menu\"><h4 class=\"sidebar-widget-title ui--widget-title\"><span>LASER DIODOWY<\/span><\/h4><div class=\"menu-zabiegi-laserowe-container\"><ul id=\"menu-zabiegi-laserowe\" class=\"menu\"><li id=\"menu-item-1780\" class=\"menu-item menu-item-type-post_type menu-item-object-page depth-0 to-right\"><a href=\"https:\/\/beauty-center.pl\/index.php\/depilacja-laserowa-na-stale-cennik\/\">DEPILACJA LASEROWA NA STA\u0141E- CENNIK<\/a><\/li>\n<li id=\"menu-item-1638\" class=\"menu-item menu-item-type-post_type menu-item-object-page depth-0 to-right\"><a href=\"https:\/\/beauty-center.pl\/index.php\/laserowe-usuwanie-tradziku\/\">LASEROWE USUWANIE TR\u0104DZIKU<\/a><\/li>\n<li id=\"menu-item-1639\" class=\"menu-item menu-item-type-post_type menu-item-object-page depth-0 to-right\"><a href=\"https:\/\/beauty-center.pl\/index.php\/laserowe-usuwanie-naczynek\/\">LASEROWE USUWANIE NACZYNEK<\/a><\/li>\n<li id=\"menu-item-1640\" class=\"menu-item menu-item-type-post_type menu-item-object-page depth-0 to-right\"><a href=\"https:\/\/beauty-center.pl\/index.php\/depilacja-laserowa\/\">DEPILACJA LASEROWA<\/a><\/li>\n<li id=\"menu-item-1644\" class=\"menu-item menu-item-type-post_type menu-item-object-page depth-0 to-right\"><a href=\"https:\/\/beauty-center.pl\/index.php\/fotoodmladzanie\/\">FOTOODM\u0141ADZANIE<\/a><\/li>\n<li id=\"menu-item-2360\" class=\"menu-item menu-item-type-post_type menu-item-object-page depth-0 to-right\"><a href=\"https:\/\/beauty-center.pl\/index.php\/osocze-bogatoplytkowe-czyli-wampirzy-lifting\/\">OSOCZE BOGATOP\u0141YTKOWE, CZYLI WAMPIRZY LIFTING<\/a><\/li>\n<\/ul><\/div><\/div><\/div> \n\n <div   class=\"ui-column span8\"><div class=\"ui--title ui--animation ui--title-bordered text-center\"><div class=\"ui--title-holder\"><h3 class=\"ui--title-text\" style=\"color: #bd1e9d !important;\">LASEROWE USUWANIE NACZYNEK<\/h3><div style=\"border-color: #bd1e9d !important;\" class=\"ui--title-borders ui--title-border-left\"><\/div><div style=\"border-color: #bd1e9d !important;\" class=\"ui--title-borders ui--title-border-right\"><\/div><\/div><\/div><div class=\"auto-format ui--animation\"><p>W trosce o pi\u0119kny wygl\u0105d sk\u00f3ry oferujemy Pa\u0144stwu wy\u0142\u0105cznie sprz\u0119t najwy\u017cszej jako\u015bci, b\u0119d\u0105cy najnowszym rozwi\u0105zaniem w kosmetologii i medycynie estetycznej. P\u00f3\u0142przewodnikowy laser diodowy BY- YOUNG z systemem z systemem Lightsheer  to jedna z najbardziej zaawansowanych metod zamykania naczynek, walki z tr\u0105dzikiem, to najnowszej technologii p\u00f3\u0142przewodnikowy laser diodowy, kt\u00f3ry niezwykle efektywnie zamyka pop\u0119kane naczynka, niezale\u017cnie od ich umiejscowienia. Emituj\u0105c fal\u0119 odpowiedniej d\u0142ugo\u015bci zapewnia ca\u0142kowit\u0105 koagulacj\u0119 naczynia, dzi\u0119ki czemu przynosi natychmiastowe rezultaty. Cienkie naczynka (tzw. paj\u0105czki) zazwyczaj usuwane s\u0105 natychmiast, zaraz po pierwszym zabiegu.<br \/>\nLaser diodowy umo\u017cliwia zamkni\u0119cie zar\u00f3wno drobnych zmian naczyniowych jak i barwnikowych. Celem dzia\u0142ania energii laserowej w przypadku leczenia zmian naczyniowych jest hemoglobina i oxyhemoglobina. Po absobcji energii dochodzi do miejscowego podwy\u017cszenia temperatury w obr\u0119bie naczy\u0144 krwiono\u015bnych. Ko\u0144cowym efektem tego zjawiska jest zmniejszenie \u015brednicy naczynia z nast\u0119powym zamkni\u0119ciem jego \u015bwiat\u0142a.<\/p>\n<\/div><div class=\"ui--title ui--animation ui--title-bordered text-center\"><div class=\"ui--title-holder\"><h4 class=\"ui--title-text\" style=\"color: #bd1e9d !important;\">Przeciwskazania<\/h4><div style=\"border-color: #bd1e9d !important;\" class=\"ui--title-borders ui--title-border-left\"><\/div><div style=\"border-color: #bd1e9d !important;\" class=\"ui--title-borders ui--title-border-right\"><\/div><\/div><\/div><ul class=\"ui--list list-font-icon parent-1\"><li class=\"child-1 total-9 ui--animation\"><i class=\"list-icon 14px fontawesome-check\" style=\"color: #bd00bd !important;\"><\/i>ci\u0105\u017ca<\/li><li class=\"child-2 total-9 ui--animation\"><i class=\"list-icon 14px fontawesome-check\" style=\"color: #bd00bd !important;\"><\/i>opalona sk\u00f3ra,<\/li><li class=\"child-3 total-9 ui--animation\"><i class=\"list-icon 14px fontawesome-check\" style=\"color: #bd00bd !important;\"><\/i>stosowanie samoopalaczy,<\/li><li class=\"child-4 total-9 ui--animation\"><i class=\"list-icon 14px fontawesome-check\" style=\"color: #bd00bd !important;\"><\/i>stosowanie lek\u00f3w fotouczulaj\u0105cych tj. retinoidy, tetracykliny,<\/li><li class=\"child-5 total-9 ui--animation\"><i class=\"list-icon 14px fontawesome-check\" style=\"color: #bd00bd !important;\"><\/i>stosowanie zi\u00f3\u0142 fotouczulaj\u0105cych tj. dziurawiec, nagietek, mi\u0142orz\u0105b,<\/li><li class=\"child-6 total-9 ui--animation\"><i class=\"list-icon 14px fontawesome-check\" style=\"color: #bd00bd !important;\"><\/i>choroby sk\u00f3ry,<\/li><li class=\"child-7 total-9 ui--animation\"><i class=\"list-icon 14px fontawesome-check\" style=\"color: #bd00bd !important;\"><\/i>bielactwo, \u0142uszczyca, padaczka<\/li><li class=\"child-8 total-9 ui--animation\"><i class=\"list-icon 14px fontawesome-check\" style=\"color: #bd00bd !important;\"><\/i>zaburzenia krzepni\u0119cia i stosowanie lek\u00f3w zmniejszaj\u0105cych krzepliwo\u015b\u0107,<\/li><li class=\"child-9 total-9 ui--animation\"><i class=\"list-icon 14px fontawesome-check\" style=\"color: #bd00bd !important;\"><\/i>sk\u0142onno\u015b\u0107 do bliznowc\u00f3w, przebarwie\u0144.<\/li>  <\/ul><div class=\"ui--title ui--animation ui--title-bordered text-center\"><div class=\"ui--title-holder\"><h4 class=\"ui--title-text\" style=\"color: #bd1e9d !important;\">Przed zabiegiem:<\/h4><div style=\"border-color: #bd1e9d !important;\" class=\"ui--title-borders ui--title-border-left\"><\/div><div style=\"border-color: #bd1e9d !important;\" class=\"ui--title-borders ui--title-border-right\"><\/div><\/div><\/div><ul class=\"ui--list list-font-icon parent-2\"><li class=\"child-1 total-2 ui--animation\"><i class=\"list-icon 14px fontawesome-check\" style=\"color: #bd00bd !important;\"><\/i>nie stosowa\u0107 samoopalaczy, peeling\u00f3w, dermabrazji, krem\u00f3w z wit. C, retinolem,kwasami,<\/li><li class=\"child-2 total-2 ui--animation\"><i class=\"list-icon 14px fontawesome-check\" style=\"color: #bd00bd !important;\"><\/i>nie opala\u0107 si\u0119.<\/li>  <\/ul><div class=\"ui--title ui--animation ui--title-bordered text-center\"><div class=\"ui--title-holder\"><h4 class=\"ui--title-text\" style=\"color: #bd1e9d !important;\">Po zabiegu<\/h4><div style=\"border-color: #bd1e9d !important;\" class=\"ui--title-borders ui--title-border-left\"><\/div><div style=\"border-color: #bd1e9d !important;\" class=\"ui--title-borders ui--title-border-right\"><\/div><\/div><\/div><ul class=\"ui--list list-font-icon parent-3\"><li class=\"child-1 total-5 ui--animation\"><i class=\"list-icon 14px fontawesome-check\" style=\"color: #bd00bd !important;\"><\/i>nie opala\u0107 si\u0119 i unika\u0107 s\u0142o\u0144ca do 4 tygodni po zabiegu,<\/li><li class=\"child-2 total-5 ui--animation\"><i class=\"list-icon 14px fontawesome-check\" style=\"color: #bd00bd !important;\"><\/i>stosowa\u0107 kremy z filtrem (minimum 30 SPF),<\/li><li class=\"child-3 total-5 ui--animation\"><i class=\"list-icon 14px fontawesome-check\" style=\"color: #bd00bd !important;\"><\/i>zrezygnowa\u0107 z sauny, gor\u0105cych k\u0105pieli i intensywnych \u0107wicze\u0144 fizycznych do 2 tygodni,<\/li><li class=\"child-4 total-5 ui--animation\"><i class=\"list-icon 14px fontawesome-check\" style=\"color: #bd00bd !important;\"><\/i>miejsca poddane zabiegowi nie powinno by\u0107 dra\u017cnione, nie stosowa\u0107 peeling\u00f3w, preparat\u00f3w na bazie alkoholu, myd\u0142a, kwas\u00f3w,<\/li><li class=\"child-5 total-5 ui--animation\"><i class=\"list-icon 14px fontawesome-check\" style=\"color: #bd00bd !important;\"><\/i>bezwzgl\u0119dny zakaz drapania strupk\u00f3w.\r\n \r\nBezpo\u015brednio po zabiegu sk\u00f3ra jest zaczerwieniona , w miejscu zabiegu mog\u0105 pojawi\u0107 si\u0119 strupki, kt\u00f3re goj\u0105 si\u0119 ok. 3-7 dni. Mo\u017cna stosowa\u0107 makija\u017c. W przypadku wi\u0119kszych naczynek na nogach, poddawane zabiegowi naczynko mo\u017ce pocz\u0105tkowo \u015bciemnie\u0107, a nast\u0119pnie wch\u0142ania\u0107 si\u0119 do kilku m-cy po zabiegu.<\/li>  <\/ul><div class=\"ui--title ui--animation ui--title-bordered text-center\"><div class=\"ui--title-holder\"><h4 class=\"ui--title-text\" style=\"color: #bd1e9d !important;\">CENNIK<\/h4><div style=\"border-color: #bd1e9d !important;\" class=\"ui--title-borders ui--title-border-left\"><\/div><div style=\"border-color: #bd1e9d !important;\" class=\"ui--title-borders ui--title-border-right\"><\/div><\/div><\/div><div class=\"auto-format ui--animation\"><p>\n<table id=\"tablepress-18\" class=\"tablepress tablepress-id-18\">\n<thead>\n<tr class=\"row-1\">\n\t<th class=\"column-1\"><center>RODZAJ ZABIEGU<\/th><th class=\"column-2\"><center>CZAS<\/th><th class=\"column-3\"><center>CENA<\/th>\n<\/tr>\n<\/thead>\n<tbody class=\"row-striping row-hover\">\n<tr class=\"row-2\">\n\t<td class=\"column-1\"><center>Pojedyncze naczynko<\/td><td class=\"column-2\"><center>5min<\/td><td class=\"column-3\"><center>30z\u0142<\/td>\n<\/tr>\n<tr class=\"row-3\">\n\t<td class=\"column-1\"><center>Policzki<\/td><td class=\"column-2\"><center>15min<\/td><td class=\"column-3\"><center>60z\u0142<\/td>\n<\/tr>\n<tr class=\"row-4\">\n\t<td class=\"column-1\"><center>Nos<\/td><td class=\"column-2\"><center>10min<\/td><td class=\"column-3\"><center>50z\u0142<\/td>\n<\/tr>\n<tr class=\"row-5\">\n\t<td class=\"column-1\"><center>\u0141ydki\/uda<\/td><td class=\"column-2\"><center>40min<\/td><td class=\"column-3\"><center>100-200z\u0142<\/td>\n<\/tr>\n<tr class=\"row-6\">\n\t<td class=\"column-1\"><center>Nogi<\/td><td class=\"column-2\"><center>60min<\/td><td class=\"column-3\"><center>300z\u0142<\/td>\n<\/tr>\n<\/tbody>\n<\/table>\n<!-- #tablepress-18 from cache --><\/p>\n<\/div><div class=\"auto-format ui--animation\"><p>w karnecie taniej- cena po konsultacji indywidualnej w zale\u017cno\u015bci od ilo\u015bci zmian naczyniowych<\/p>\n<\/div><div class=\"ui--title ui--animation ui--title-bordered text-center\"><div class=\"ui--title-holder\"><h4 class=\"ui--title-text\" style=\"color: #bd1e9d !important;\">GALERIA<\/h4><div style=\"border-color: #bd1e9d !important;\" class=\"ui--title-borders ui--title-border-left\"><\/div><div style=\"border-color: #bd1e9d !important;\" class=\"ui--title-borders ui--title-border-right\"><\/div><\/div><\/div><\/div> \n\n<\/div> \n<\/div><\/div><\/div>","protected":false},"excerpt":{"rendered":"<p>LASER DIODOWYDEPILACJA LASEROWA NA STA\u0141E- CENNIK LASEROWE USUWANIE TR\u0104DZIKU LASEROWE USUWANIE NACZYNEK DEPILACJA LASEROWA FOTOODM\u0141ADZANIE OSOCZE BOGATOP\u0141YTKOWE, CZYLI WAMPIRZY LIFTING LASEROWE USUWANIE NACZYNEKW trosce o pi\u0119kny wygl\u0105d sk\u00f3ry oferujemy Pa\u0144stwu wy\u0142\u0105cznie sprz\u0119t najwy\u017cszej jako\u015bci, b\u0119d\u0105cy najnowszym rozwi\u0105zaniem w kosmetologii i medycynie estetycznej. P\u00f3\u0142przewodnikowy laser diodowy BY- YOUNG z systemem z systemem Lightsheer to jedna z [&hellip;]<\/p>\n","protected":false},"author":1,"featured_media":0,"parent":0,"menu_order":0,"comment_status":"closed","ping_status":"closed","template":"","meta":{"footnotes":""},"class_list":["post-1633","page","type-page","status-publish","hentry"],"_links":{"self":[{"href":"https:\/\/beauty-center.pl\/index.php\/wp-json\/wp\/v2\/pages\/1633","targetHints":{"allow":["GET"]}}],"collection":[{"href":"https:\/\/beauty-center.pl\/index.php\/wp-json\/wp\/v2\/pages"}],"about":[{"href":"https:\/\/beauty-center.pl\/index.php\/wp-json\/wp\/v2\/types\/page"}],"author":[{"embeddable":true,"href":"https:\/\/beauty-center.pl\/index.php\/wp-json\/wp\/v2\/users\/1"}],"replies":[{"embeddable":true,"href":"https:\/\/beauty-center.pl\/index.php\/wp-json\/wp\/v2\/comments?post=1633"}],"version-history":[{"count":1,"href":"https:\/\/beauty-center.pl\/index.php\/wp-json\/wp\/v2\/pages\/1633\/revisions"}],"predecessor-version":[{"id":1634,"href":"https:\/\/beauty-center.pl\/index.php\/wp-json\/wp\/v2\/pages\/1633\/revisions\/1634"}],"wp:attachment":[{"href":"https:\/\/beauty-center.pl\/index.php\/wp-json\/wp\/v2\/media?parent=1633"}],"curies":[{"name":"wp","href":"https:\/\/api.w.org\/{rel}","templated":true}]}}