{"id":1641,"date":"2016-08-30T12:35:42","date_gmt":"2016-08-30T10:35:42","guid":{"rendered":"http:\/\/beauty.kbsolution.pl\/?page_id=1641"},"modified":"2016-08-30T12:35:42","modified_gmt":"2016-08-30T10:35:42","slug":"fotoodmladzanie","status":"publish","type":"page","link":"https:\/\/beauty-center.pl\/index.php\/fotoodmladzanie\/","title":{"rendered":"FOTOODM\u0141ADZANIE"},"content":{"rendered":"<div  class=\"ui--tagline-box-wrapper ui--animation clearfix\"><div  id=\"tagline-1\" class=\"ui--tagline-box ui-row clearfix ui--tagline-box-custom-color radius-3px\" data-responsive=\"{&quot;css&quot;:{&quot;min-height&quot;:{&quot;phone&quot;:&quot;auto&quot;,&quot;tablet&quot;:&quot;auto&quot;,&quot;widescreen&quot;:&quot;&quot;}}}\"><div  class=\"ui--tagline-background-container ui--tagline-background-overlay radius-3px\"><\/div><div  class=\"ui--tagline-background-container ui--tagline-background-image radius-3px\"><\/div><div  class=\"ui--tagline-content\"><div class=\"ui-row row\">\n <div   class=\"ui-column span4\"><div id=\"nav_menu-5\" class=\"widget widget_nav_menu\"><h4 class=\"sidebar-widget-title ui--widget-title\"><span>LASER DIODOWY<\/span><\/h4><div class=\"menu-zabiegi-laserowe-container\"><ul id=\"menu-zabiegi-laserowe\" class=\"menu\"><li id=\"menu-item-1780\" class=\"menu-item menu-item-type-post_type menu-item-object-page depth-0 to-right\"><a href=\"https:\/\/beauty-center.pl\/index.php\/depilacja-laserowa-na-stale-cennik\/\">DEPILACJA LASEROWA NA STA\u0141E- CENNIK<\/a><\/li>\n<li id=\"menu-item-1638\" class=\"menu-item menu-item-type-post_type menu-item-object-page depth-0 to-right\"><a href=\"https:\/\/beauty-center.pl\/index.php\/laserowe-usuwanie-tradziku\/\">LASEROWE USUWANIE TR\u0104DZIKU<\/a><\/li>\n<li id=\"menu-item-1639\" class=\"menu-item menu-item-type-post_type menu-item-object-page depth-0 to-right\"><a href=\"https:\/\/beauty-center.pl\/index.php\/laserowe-usuwanie-naczynek\/\">LASEROWE USUWANIE NACZYNEK<\/a><\/li>\n<li id=\"menu-item-1640\" class=\"menu-item menu-item-type-post_type menu-item-object-page depth-0 to-right\"><a href=\"https:\/\/beauty-center.pl\/index.php\/depilacja-laserowa\/\">DEPILACJA LASEROWA<\/a><\/li>\n<li id=\"menu-item-1644\" class=\"menu-item menu-item-type-post_type menu-item-object-page depth-0 to-right\"><a href=\"https:\/\/beauty-center.pl\/index.php\/fotoodmladzanie\/\">FOTOODM\u0141ADZANIE<\/a><\/li>\n<li id=\"menu-item-2360\" class=\"menu-item menu-item-type-post_type menu-item-object-page depth-0 to-right\"><a href=\"https:\/\/beauty-center.pl\/index.php\/osocze-bogatoplytkowe-czyli-wampirzy-lifting\/\">OSOCZE BOGATOP\u0141YTKOWE, CZYLI WAMPIRZY LIFTING<\/a><\/li>\n<\/ul><\/div><\/div><\/div> \n\n <div   class=\"ui-column span8\"><div class=\"ui--title ui--animation ui--title-bordered text-center\"><div class=\"ui--title-holder\"><h3 class=\"ui--title-text\" style=\"color: #bd1e9d !important;\">Odm\u0142adzanie sk\u00f3ry Laserem Diodowym <\/h3><div style=\"border-color: #bd1e9d !important;\" class=\"ui--title-borders ui--title-border-left\"><\/div><div style=\"border-color: #bd1e9d !important;\" class=\"ui--title-borders ui--title-border-right\"><\/div><\/div><\/div><div class=\"ui--image-wrap clearfix text-center ui--block\"><img loading=\"lazy\" decoding=\"async\" width=\"344\" height=\"146\" src=\"https:\/\/beauty-center.pl\/wp-content\/uploads\/2016\/08\/CZKMAc.jpg\" class=\"ui--image ui--animation\" alt=\"\" id=\"ui--image-1\" srcset=\"https:\/\/beauty-center.pl\/wp-content\/uploads\/2016\/08\/CZKMAc.jpg 344w, https:\/\/beauty-center.pl\/wp-content\/uploads\/2016\/08\/CZKMAc-300x127.jpg 300w\" sizes=\"auto, (max-width: 344px) 100vw, 344px\" \/><\/div><div class=\"auto-format ui--animation\"><p>Dermatolodzy coraz cz\u0119\u015bciej spotykaj\u0105 si\u0119 z \u017cyczeniem przywr\u00f3cenia jasnego i m\u0142odego wygl\u0105du sk\u00f3ry, praktycznie w ka\u017cdej cz\u0119\u015bci \u015bwiata. Nie ma prostszego rozwi\u0105zania ni\u017c Laser diodowy BY- YOUNG z systemem Lightsheer, kt\u00f3ry jest obecnie najnowocze\u015bniejszym i zarazem najlepszym urz\u0105dzeniem do depilacji laserowej na \u015bwiecie. Zintegrowany system ch\u0142odzenia sk\u00f3ry i jednolito\u015b\u0107 plamki ograniczaj\u0105 dzia\u0142ania niepo\u017c\u0105dane do minimum i zapewniaj\u0105 niezwykle kr\u00f3tki czas gojenia. Efekty widoczne ju\u017c po pierwszym zabiegu.<\/p>\n<p>Fotoodm\u0142adzanie, to nie tylko poprawa wygl\u0105du sk\u00f3ry, ale r\u00f3wnie\u017c jej leczenie. W spos\u00f3b kompleksowy likwidowane s\u0105 objawy starzenia si\u0119 sk\u00f3ry: zmiany naczyniowe, zmiany pigmentowe tj. przebarwienia, piegi, plamy pos\u0142oneczne i starcze. Zabiegi skracaj\u0105 i przebudowuj\u0105 w\u0142\u00f3kna kolagenowe, dzi\u0119ki czemu sk\u00f3ra jest j\u0119drniejsza, bardziej elastyczna, zmniejszaj\u0105 si\u0119 rozszerzone pory i zanikaj\u0105 zmarszczki.<\/p>\n<\/div><div class=\"ui--title ui--animation ui--title-bordered text-center\"><div class=\"ui--title-holder\"><h2 class=\"ui--title-text\" style=\"color: #bd1e9d !important;\">Jakie s\u0105 wskazania po zabiegu?<\/h2><div style=\"border-color: #bd1e9d !important;\" class=\"ui--title-borders ui--title-border-left\"><\/div><div style=\"border-color: #bd1e9d !important;\" class=\"ui--title-borders ui--title-border-right\"><\/div><\/div><\/div><div class=\"auto-format ui--animation\"><p>Po zabiegu cz\u0119sto pojawia si\u0119 zaczerwienienie i zgrubienia. W takich wypadkach pomaga zimny ok\u0142ad. Poza tym, nale\u017cy przestrzega\u0107 og\u00f3lnych \u015brodk\u00f3w zaradczych, takich jak:<\/p>\n<ul>\n<li>minimalny makija\u017c i obficie aplikowany krem nawil\u017caj\u0105cy<\/li>\n<li>stosowa\u0107 krem z filtrem co najmniej SPF 25 lub wy\u017cszym przez kilka tygodni po zabiegu<\/li>\n<li>przez 2 tygodnie od zabiegu nale\u017cy unika\u0107 s\u0142o\u0144ca,<\/li>\n<li>nie wolno podra\u017cnia\u0107 sk\u00f3ry, na kt\u00f3rej by\u0142 wykonywany zabieg,<\/li>\n<li>w przypadku podra\u017cnie\u0144 mo\u017cna stosowa\u0107 preparaty z pantenolem lub alantoin\u0105<\/li>\n<li>do kilku dni po zabiegu na depilowanej powierzchni nie stosowa\u0107: preparat\u00f3w na bazie alkoholu, dezodorant\u00f3w, tonik\u00f3w na bazie alkoholu itd., myd\u0142a oraz wszelkiego rodzaju peeling\u00f3w.<\/li>\n<\/ul>\n<p>Laser diodowy BY- YOUNG z systemem z systemem Lightsheer   jest najnowocze\u015bniejszym urz\u0105dzeniem do usuwania zb\u0119dnego ow\u0142osienia. Diode Laser System posiada certyfikat CE, a tak\u017ce bezpiecze\u0144stwa i jako\u015bci wydany przez U.S. FDA (Ameryka\u0144skie Ministerstwo ds. \u017bywno\u015bci i Lek\u00f3w)<\/p>\n<\/div><div class=\"ui--title ui--animation ui--title-bordered text-center\"><div class=\"ui--title-holder\"><h2 class=\"ui--title-text\" style=\"color: #bd1e9d !important;\">Przeciwskazania<\/h2><div style=\"border-color: #bd1e9d !important;\" class=\"ui--title-borders ui--title-border-left\"><\/div><div style=\"border-color: #bd1e9d !important;\" class=\"ui--title-borders ui--title-border-right\"><\/div><\/div><\/div><ul class=\"ui--list list-font-icon parent-1\"><li class=\"child-1 total-7 ui--animation\"><i class=\"list-icon 14px fontawesome-check\"><\/i>ci\u0105\u017ca<\/li><li class=\"child-2 total-7 ui--animation\"><i class=\"list-icon 14px fontawesome-check\"><\/i>opalona sk\u00f3ra,<\/li><li class=\"child-3 total-7 ui--animation\"><i class=\"list-icon 14px fontawesome-check\"><\/i>stosowanie samoopalaczy,<\/li><li class=\"child-4 total-7 ui--animation\"><i class=\"list-icon 14px fontawesome-check\"><\/i>stosowanie lek\u00f3w fotouczulaj\u0105cych tj. retinoidy, tetracykliny,<\/li><li class=\"child-5 total-7 ui--animation\"><i class=\"list-icon 14px fontawesome-check\"><\/i>stosowanie zi\u00f3\u0142 fotouczulaj\u0105cych tj. dziurawiec, nagietek, mi\u0142orz\u0105b,<\/li><li class=\"child-6 total-7 ui--animation\"><i class=\"list-icon 14px fontawesome-check\"><\/i>bielactwo, \u0142uszczyca, padaczka<\/li><li class=\"child-7 total-7 ui--animation\"><i class=\"list-icon 14px fontawesome-check\"><\/i>sk\u0142onno\u015b\u0107 do bliznowc\u00f3w, przebarwie\u0144.<\/li>  <\/ul><div class=\"ui--title ui--animation ui--title-bordered text-center\"><div class=\"ui--title-holder\"><h2 class=\"ui--title-text\" style=\"color: #bd1e9d !important;\">CENNIK<\/h2><div style=\"border-color: #bd1e9d !important;\" class=\"ui--title-borders ui--title-border-left\"><\/div><div style=\"border-color: #bd1e9d !important;\" class=\"ui--title-borders ui--title-border-right\"><\/div><\/div><\/div><div class=\"auto-format ui--animation\"><p>\n<table id=\"tablepress-19\" class=\"tablepress tablepress-id-19\">\n<thead>\n<tr class=\"row-1\">\n\t<th class=\"column-1\"><center>PARTIA CIA\u0141A<\/th><th class=\"column-2\"><center>CENA<\/th>\n<\/tr>\n<\/thead>\n<tbody class=\"row-striping row-hover\">\n<tr class=\"row-2\">\n\t<td class=\"column-1\"><center>Twarz<\/td><td class=\"column-2\"><center>100z\u0142<\/td>\n<\/tr>\n<tr class=\"row-3\">\n\t<td class=\"column-1\"><center>Dekolt<\/td><td class=\"column-2\"><center>100z\u0142<\/td>\n<\/tr>\n<tr class=\"row-4\">\n\t<td class=\"column-1\"><center>Szyja<\/td><td class=\"column-2\"><center>80z\u0142<\/td>\n<\/tr>\n<tr class=\"row-5\">\n\t<td class=\"column-1\"><center>D\u0142onie<\/td><td class=\"column-2\"><center>80z\u0142<\/td>\n<\/tr>\n<\/tbody>\n<\/table>\n<!-- #tablepress-19 from cache --><\/p>\n<\/div><div class=\"auto-format ui--animation\"><p><strong>W KARNECIE 5 ZABIEG\u00d3W \u2013 6 GRATIS<\/strong><\/p>\n<p>&nbsp;<\/p>\n<p>Ka\u017cda sk\u00f3ra reaguje na footoodm\u0142adzanie laserowe w spos\u00f3b indywidualny. W niekt\u00f3rych przypadkach, bezpo\u015brednio po zabiegu, mog\u0105 wyst\u0105pi\u0107 podra\u017cnienia, rumie\u0144, pieczenie, lekki obrz\u0119k i strupki w miejscach przebarwie\u0144. Obajwy ust\u0119puj\u0105 pokilku dniach.<\/p>\n<\/div><div class=\"ui--title ui--animation ui--title-bordered text-center\"><div class=\"ui--title-holder\"><h4 class=\"ui--title-text\" style=\"color: #bd1e9d !important;\">GALERIA<\/h4><div style=\"border-color: #bd1e9d !important;\" class=\"ui--title-borders ui--title-border-left\"><\/div><div style=\"border-color: #bd1e9d !important;\" class=\"ui--title-borders ui--title-border-right\"><\/div><\/div><\/div><\/div> \n\n<\/div> \n<\/div><\/div><\/div>","protected":false},"excerpt":{"rendered":"<p>LASER DIODOWYDEPILACJA LASEROWA NA STA\u0141E- CENNIK LASEROWE USUWANIE TR\u0104DZIKU LASEROWE USUWANIE NACZYNEK DEPILACJA LASEROWA FOTOODM\u0141ADZANIE OSOCZE BOGATOP\u0141YTKOWE, CZYLI WAMPIRZY LIFTING Odm\u0142adzanie sk\u00f3ry Laserem Diodowym Dermatolodzy coraz cz\u0119\u015bciej spotykaj\u0105 si\u0119 z \u017cyczeniem przywr\u00f3cenia jasnego i m\u0142odego wygl\u0105du sk\u00f3ry, praktycznie w ka\u017cdej cz\u0119\u015bci \u015bwiata. Nie ma prostszego rozwi\u0105zania ni\u017c Laser diodowy BY- YOUNG z systemem Lightsheer, kt\u00f3ry [&hellip;]<\/p>\n","protected":false},"author":1,"featured_media":0,"parent":0,"menu_order":0,"comment_status":"closed","ping_status":"closed","template":"","meta":{"footnotes":""},"class_list":["post-1641","page","type-page","status-publish","hentry"],"_links":{"self":[{"href":"https:\/\/beauty-center.pl\/index.php\/wp-json\/wp\/v2\/pages\/1641","targetHints":{"allow":["GET"]}}],"collection":[{"href":"https:\/\/beauty-center.pl\/index.php\/wp-json\/wp\/v2\/pages"}],"about":[{"href":"https:\/\/beauty-center.pl\/index.php\/wp-json\/wp\/v2\/types\/page"}],"author":[{"embeddable":true,"href":"https:\/\/beauty-center.pl\/index.php\/wp-json\/wp\/v2\/users\/1"}],"replies":[{"embeddable":true,"href":"https:\/\/beauty-center.pl\/index.php\/wp-json\/wp\/v2\/comments?post=1641"}],"version-history":[{"count":1,"href":"https:\/\/beauty-center.pl\/index.php\/wp-json\/wp\/v2\/pages\/1641\/revisions"}],"predecessor-version":[{"id":1643,"href":"https:\/\/beauty-center.pl\/index.php\/wp-json\/wp\/v2\/pages\/1641\/revisions\/1643"}],"wp:attachment":[{"href":"https:\/\/beauty-center.pl\/index.php\/wp-json\/wp\/v2\/media?parent=1641"}],"curies":[{"name":"wp","href":"https:\/\/api.w.org\/{rel}","templated":true}]}}