{"id":1645,"date":"2016-08-30T12:51:37","date_gmt":"2016-08-30T10:51:37","guid":{"rendered":"http:\/\/beauty.kbsolution.pl\/?page_id=1645"},"modified":"2016-08-30T12:51:37","modified_gmt":"2016-08-30T10:51:37","slug":"przedluzanie-wlosow","status":"publish","type":"page","link":"https:\/\/beauty-center.pl\/index.php\/przedluzanie-wlosow\/","title":{"rendered":"PRZED\u0141U\u017bANIE W\u0141OS\u00d3W"},"content":{"rendered":"<div  class=\"ui--tagline-box-wrapper ui--animation clearfix\"><div  id=\"tagline-1\" class=\"ui--tagline-box ui-row clearfix ui--tagline-box-custom-color radius-3px\" data-responsive=\"{&quot;css&quot;:{&quot;min-height&quot;:{&quot;phone&quot;:&quot;auto&quot;,&quot;tablet&quot;:&quot;auto&quot;,&quot;widescreen&quot;:&quot;&quot;}}}\"><div  class=\"ui--tagline-background-container ui--tagline-background-overlay radius-3px\"><\/div><div  class=\"ui--tagline-background-container ui--tagline-background-image radius-3px\"><\/div><div  class=\"ui--tagline-content\"><div class=\"ui-row row\">\n <div   class=\"ui-column span4\"><div id=\"nav_menu-5\" class=\"widget widget_nav_menu\"><h4 class=\"sidebar-widget-title ui--widget-title\"><span>LASER DIODOWY<\/span><\/h4><div class=\"menu-zabiegi-laserowe-container\"><ul id=\"menu-zabiegi-laserowe\" class=\"menu\"><li id=\"menu-item-1780\" class=\"menu-item menu-item-type-post_type menu-item-object-page depth-0 to-right\"><a href=\"https:\/\/beauty-center.pl\/index.php\/depilacja-laserowa-na-stale-cennik\/\">DEPILACJA LASEROWA NA STA\u0141E- CENNIK<\/a><\/li>\n<li id=\"menu-item-1638\" class=\"menu-item menu-item-type-post_type menu-item-object-page depth-0 to-right\"><a href=\"https:\/\/beauty-center.pl\/index.php\/laserowe-usuwanie-tradziku\/\">LASEROWE USUWANIE TR\u0104DZIKU<\/a><\/li>\n<li id=\"menu-item-1639\" class=\"menu-item menu-item-type-post_type menu-item-object-page depth-0 to-right\"><a href=\"https:\/\/beauty-center.pl\/index.php\/laserowe-usuwanie-naczynek\/\">LASEROWE USUWANIE NACZYNEK<\/a><\/li>\n<li id=\"menu-item-1640\" class=\"menu-item menu-item-type-post_type menu-item-object-page depth-0 to-right\"><a href=\"https:\/\/beauty-center.pl\/index.php\/depilacja-laserowa\/\">DEPILACJA LASEROWA<\/a><\/li>\n<li id=\"menu-item-1644\" class=\"menu-item menu-item-type-post_type menu-item-object-page depth-0 to-right\"><a href=\"https:\/\/beauty-center.pl\/index.php\/fotoodmladzanie\/\">FOTOODM\u0141ADZANIE<\/a><\/li>\n<li id=\"menu-item-2360\" class=\"menu-item menu-item-type-post_type menu-item-object-page depth-0 to-right\"><a href=\"https:\/\/beauty-center.pl\/index.php\/osocze-bogatoplytkowe-czyli-wampirzy-lifting\/\">OSOCZE BOGATOP\u0141YTKOWE, CZYLI WAMPIRZY LIFTING<\/a><\/li>\n<\/ul><\/div><\/div><div class=\"auto-format ui--animation\"><\/div><\/div> \n\n <div   class=\"ui-column span8\"><div class=\"ui--title ui--animation ui--title-bordered text-center\"><div class=\"ui--title-holder\"><h3 class=\"ui--title-text\" style=\"color: #bd1e9d !important;\">PRZED\u0141U\u017bANIE W\u0141OS\u00d3W - MICRO RINGI <\/h3><div style=\"border-color: #bd1e9d !important;\" class=\"ui--title-borders ui--title-border-left\"><\/div><div style=\"border-color: #bd1e9d !important;\" class=\"ui--title-borders ui--title-border-right\"><\/div><\/div><\/div><div class=\"auto-format ui--animation\"><p>Przed\u0142u\u017canie w\u0142os\u00f3w za pomoc\u0105 niewielkich i niewidocznych aluminiowych obr\u0105czek tzw. &#8222;ring\u00f3w&#8221; (pier\u015bcieni) dopasowanych do naturalnego koloru w\u0142os\u00f3w.<br \/>\nDzi\u0119ki tej metodzie pasemka do Twoich w\u0142os\u00f3w doczepisz w bardzo prosty spos\u00f3b, a dzi\u0119ki szerokiemu wachlarzowi kolor\u00f3w microringi s\u0105 niewidoczne, przez co zar\u00f3wno przed\u0142u\u017caj\u0105c jak i zag\u0119szczajac Twoja fryzura zyska nowy estetyczny wygl\u0105d.<br \/>\nWarto tutaj zaznaczy\u0107, \u017ce microringi nie uszkadzaj\u0105 w\u0142os\u00f3w, g\u0142\u00f3wnie za spraw\u0105 braku potrzeby wykorzystywania jakichkolwiek klej\u00f3w, czy innej chemii.<br \/>\nPrzy odpowiedniej piel\u0119gnacji przed\u0142u\u017conych w\u0142os\u00f3w za pomoc\u0105 microring\u00f3w mo\u017cna si\u0119 z nich cieszy\u0107 przez ok. 3 miesi\u0105ce lub bardziej precyzuj\u0105c &#8211; do czasu, gdy odrost nie b\u0119dzie Ci przeszkadza\u0142. Po tym czasie nalezy otworzy\u0107 microringi, podci\u0105gn\u0105\u0107 je do g\u00f3ry i ponownie zacisn\u0105\u0107 je na kolejne 3 miesi\u0105ce&#8230;<\/p>\n<\/div><div class=\"ui--image-wrap clearfix text-center ui--block\"><img loading=\"lazy\" decoding=\"async\" width=\"275\" height=\"183\" src=\"https:\/\/beauty-center.pl\/wp-content\/uploads\/2016\/08\/pobrane-10.jpg\" class=\"ui--image ui--animation\" alt=\"\" id=\"ui--image-1\" \/><\/div><div class=\"ui--title ui--animation ui--title-bordered text-center\"><div class=\"ui--title-holder\"><h2 class=\"ui--title-text\" style=\"color: #bd1e9d !important;\">PRZED\u0141U\u017bANIE I ZAG\u0118SZCZANIE W\u0141OSOW \"NA CIEP\u0141O\" - METODA Z WYKORZYSTANIEM ZGRZEWARKI<\/h2><div style=\"border-color: #bd1e9d !important;\" class=\"ui--title-borders ui--title-border-left\"><\/div><div style=\"border-color: #bd1e9d !important;\" class=\"ui--title-borders ui--title-border-right\"><\/div><\/div><\/div><div class=\"auto-format ui--animation\"><p>Ta metoda warta jest polecenia dla os\u00f3b maj\u0105cych suche, zniszczone i kruche w\u0142osy, a to za spraw\u0105 wykorzystania przy przed\u0142u\u017caniu w\u0142os\u00f3w &#8222;na cieplo&#8221; pasemek z ko\u0144c\u00f3wk\u0105 zako\u0144czon\u0105 \u0142uska keratynow\u0105, kt\u00f3ra ma w\u0142a\u015bciwo\u015bci regeneruj\u0105ce.<br \/>\nOczywi\u015bcie ka\u017cda osoba dbaj\u0105ca o swoje w\u0142osy i chc\u0105ca je przed\u0142u\u017cy\u0107 lub zag\u0119sci\u0107 mo\u017ce skorzysta\u0107 z tej metody.<br \/>\nPasemka zdejmujemy specjalnym p\u0142ynem po oko\u0142o 3 &#8211; 4 miesi\u0105cach. Po tym czasie \u015bci\u0105gamy doczepione w\u0142osy.<\/p>\n<p>Do przed\u0142u\u017cania w\u0142os\u00f3w metod\u0105 na ringi , jak i na zgrzewy to w\u0142osy naturalne europejskie. Do przed\u0142u\u017cenia ca\u0142ej g\u0142owy potrzebne jest ok. 100 pasemek.<br \/>\nCzas trwania zabiegu ok. 2 godz.<\/p>\n<\/div><div class=\"ui--image-wrap clearfix text-center ui--block\"><img loading=\"lazy\" decoding=\"async\" width=\"251\" height=\"201\" src=\"https:\/\/beauty-center.pl\/wp-content\/uploads\/2016\/08\/pobrane-11.jpg\" class=\"ui--image ui--animation\" alt=\"\" id=\"ui--image-2\" \/><\/div><div class=\"ui--title ui--animation ui--title-bordered text-center\"><div class=\"ui--title-holder\"><h2 class=\"ui--title-text\" style=\"color: #bd1e9d !important;\">Cennik<\/h2><div style=\"border-color: #bd1e9d !important;\" class=\"ui--title-borders ui--title-border-left\"><\/div><div style=\"border-color: #bd1e9d !important;\" class=\"ui--title-borders ui--title-border-right\"><\/div><\/div><\/div><div class=\"auto-format ui--animation\"><p>40cm &#8211; 700z\u0142<br \/>\n50cm &#8211; 800z\u0142<br \/>\n60cm &#8211; 900z\u0142<\/p>\n<\/div><ul class=\"ui--list list-font-icon parent-1\"><li class=\"child-1 total-7 ui--animation\"><i class=\"list-icon 14px fontawesome-check\"><\/i>ci\u0105\u017ca<\/li><li class=\"child-2 total-7 ui--animation\"><i class=\"list-icon 14px fontawesome-check\"><\/i>opalona sk\u00f3ra,<\/li><li class=\"child-3 total-7 ui--animation\"><i class=\"list-icon 14px fontawesome-check\"><\/i>stosowanie samoopalaczy,<\/li><li class=\"child-4 total-7 ui--animation\"><i class=\"list-icon 14px fontawesome-check\"><\/i>stosowanie lek\u00f3w fotouczulaj\u0105cych tj. retinoidy, tetracykliny,<\/li><li class=\"child-5 total-7 ui--animation\"><i class=\"list-icon 14px fontawesome-check\"><\/i>stosowanie zi\u00f3\u0142 fotouczulaj\u0105cych tj. dziurawiec, nagietek, mi\u0142orz\u0105b,<\/li><li class=\"child-6 total-7 ui--animation\"><i class=\"list-icon 14px fontawesome-check\"><\/i>bielactwo, \u0142uszczyca, padaczka<\/li><li class=\"child-7 total-7 ui--animation\"><i class=\"list-icon 14px fontawesome-check\"><\/i>sk\u0142onno\u015b\u0107 do bliznowc\u00f3w, przebarwie\u0144.<\/li>  <\/ul><div class=\"auto-format ui--animation\"><p><strong>CENY PROMOCYJNE!!<\/strong><\/p>\n<p>&nbsp;<\/p>\n<table border=\"1\" cellspacing=\"1\" cellpadding=\"1\">\n<tbody>\n<tr>\n<td>Twarz<\/td>\n<td>100 z\u0142<\/td>\n<\/tr>\n<tr>\n<td>Dekolt<\/td>\n<td>100 z\u0142<\/td>\n<\/tr>\n<tr>\n<td>Szyja<\/td>\n<td>80 z\u0142<\/td>\n<\/tr>\n<tr>\n<td>D\u0142onie<\/td>\n<td>80 z\u0142<\/td>\n<\/tr>\n<\/tbody>\n<\/table>\n<p><strong>W KARNECIE 5 ZABIEG\u00d3W \u2013 6 GRATIS<\/strong><\/p>\n<p>&nbsp;<\/p>\n<p>Ka\u017cda sk\u00f3ra reaguje na footoodm\u0142adzanie laserowe w spos\u00f3b indywidualny. W niekt\u00f3rych przypadkach, bezpo\u015brednio po zabiegu, mog\u0105 wyst\u0105pi\u0107 podra\u017cnienia, rumie\u0144, pieczenie, lekki obrz\u0119k i strupki w miejscach przebarwie\u0144. Obajwy ust\u0119puj\u0105 pokilku dniach.<\/p>\n<\/div><div class=\"ui--title ui--animation ui--title-bordered text-center\"><div class=\"ui--title-holder\"><h4 class=\"ui--title-text\" style=\"color: #bd1e9d !important;\">GALERIA<\/h4><div style=\"border-color: #bd1e9d !important;\" class=\"ui--title-borders ui--title-border-left\"><\/div><div style=\"border-color: #bd1e9d !important;\" class=\"ui--title-borders ui--title-border-right\"><\/div><\/div><\/div><\/div> \n\n<\/div> \n<\/div><\/div><\/div>","protected":false},"excerpt":{"rendered":"<p>LASER DIODOWYDEPILACJA LASEROWA NA STA\u0141E- CENNIK LASEROWE USUWANIE TR\u0104DZIKU LASEROWE USUWANIE NACZYNEK DEPILACJA LASEROWA FOTOODM\u0141ADZANIE OSOCZE BOGATOP\u0141YTKOWE, CZYLI WAMPIRZY LIFTING PRZED\u0141U\u017bANIE W\u0141OS\u00d3W &#8211; MICRO RINGI Przed\u0142u\u017canie w\u0142os\u00f3w za pomoc\u0105 niewielkich i niewidocznych aluminiowych obr\u0105czek tzw. &#8222;ring\u00f3w&#8221; (pier\u015bcieni) dopasowanych do naturalnego koloru w\u0142os\u00f3w. Dzi\u0119ki tej metodzie pasemka do Twoich w\u0142os\u00f3w doczepisz w bardzo prosty spos\u00f3b, a [&hellip;]<\/p>\n","protected":false},"author":1,"featured_media":0,"parent":0,"menu_order":0,"comment_status":"closed","ping_status":"closed","template":"","meta":{"footnotes":""},"class_list":["post-1645","page","type-page","status-publish","hentry"],"_links":{"self":[{"href":"https:\/\/beauty-center.pl\/index.php\/wp-json\/wp\/v2\/pages\/1645","targetHints":{"allow":["GET"]}}],"collection":[{"href":"https:\/\/beauty-center.pl\/index.php\/wp-json\/wp\/v2\/pages"}],"about":[{"href":"https:\/\/beauty-center.pl\/index.php\/wp-json\/wp\/v2\/types\/page"}],"author":[{"embeddable":true,"href":"https:\/\/beauty-center.pl\/index.php\/wp-json\/wp\/v2\/users\/1"}],"replies":[{"embeddable":true,"href":"https:\/\/beauty-center.pl\/index.php\/wp-json\/wp\/v2\/comments?post=1645"}],"version-history":[{"count":1,"href":"https:\/\/beauty-center.pl\/index.php\/wp-json\/wp\/v2\/pages\/1645\/revisions"}],"predecessor-version":[{"id":1648,"href":"https:\/\/beauty-center.pl\/index.php\/wp-json\/wp\/v2\/pages\/1645\/revisions\/1648"}],"wp:attachment":[{"href":"https:\/\/beauty-center.pl\/index.php\/wp-json\/wp\/v2\/media?parent=1645"}],"curies":[{"name":"wp","href":"https:\/\/api.w.org\/{rel}","templated":true}]}}