{"id":1651,"date":"2016-08-30T12:57:52","date_gmt":"2016-08-30T10:57:52","guid":{"rendered":"http:\/\/beauty.kbsolution.pl\/?page_id=1651"},"modified":"2016-08-30T12:57:52","modified_gmt":"2016-08-30T10:57:52","slug":"keratynowy-zabieg-odbudowujacy-wlosy","status":"publish","type":"page","link":"https:\/\/beauty-center.pl\/index.php\/keratynowy-zabieg-odbudowujacy-wlosy\/","title":{"rendered":"KERATYNOWY ZABIEG ODBUDOWUJ\u0104CY W\u0141OSY"},"content":{"rendered":"<div  class=\"ui--tagline-box-wrapper ui--animation clearfix\"><div  id=\"tagline-1\" class=\"ui--tagline-box ui-row clearfix ui--tagline-box-custom-color radius-3px\" data-responsive=\"{&quot;css&quot;:{&quot;min-height&quot;:{&quot;phone&quot;:&quot;auto&quot;,&quot;tablet&quot;:&quot;auto&quot;,&quot;widescreen&quot;:&quot;&quot;}}}\"><div  class=\"ui--tagline-background-container ui--tagline-background-overlay radius-3px\"><\/div><div  class=\"ui--tagline-background-container ui--tagline-background-image radius-3px\"><\/div><div  class=\"ui--tagline-content\"><div class=\"ui-row row\">\n <div   class=\"ui-column span4\"><div id=\"nav_menu-6\" class=\"widget widget_nav_menu\"><h4 class=\"sidebar-widget-title ui--widget-title\"><span>FRYZJERSTWO<\/span><\/h4><div class=\"menu-uslugi-fryzjerskie-container\"><ul id=\"menu-uslugi-fryzjerskie\" class=\"menu\"><li id=\"menu-item-1662\" class=\"menu-item menu-item-type-post_type menu-item-object-page depth-0 to-right\"><a href=\"https:\/\/beauty-center.pl\/index.php\/ceenik-salon-fryzjerski\/\">CENNIK \u2013 SALON FRYZJERSKI<\/a><\/li>\n<li id=\"menu-item-1665\" class=\"menu-item menu-item-type-post_type menu-item-object-page depth-0 to-right\"><a href=\"https:\/\/beauty-center.pl\/index.php\/keratynowy-zabieg-odbudowujacy-wlosy\/\">KERATYNOWY ZABIEG ODBUDOWUJ\u0104CY W\u0141OSY<\/a><\/li>\n<li id=\"menu-item-2863\" class=\"menu-item menu-item-type-post_type menu-item-object-page depth-0 to-right\"><a href=\"https:\/\/beauty-center.pl\/index.php\/przedluzanie-wlosow-metoda-ultradzwiekowa\/\">PRZED\u0141U\u017bANIE W\u0141OS\u00d3W METOD\u0104 ULTRAD\u0179WI\u0118KOW\u0104<\/a><\/li>\n<li id=\"menu-item-2874\" class=\"menu-item menu-item-type-post_type menu-item-object-page depth-0 to-right\"><a href=\"https:\/\/beauty-center.pl\/index.php\/przedluzanie-wlosow-metoda-keratynowa\/\">PRZED\u0141U\u017bANIE W\u0141OS\u00d3W METOD\u0104 KERATYNOW\u0104<\/a><\/li>\n<li id=\"menu-item-1663\" class=\"menu-item menu-item-type-post_type menu-item-object-page depth-0 to-right\"><a href=\"https:\/\/beauty-center.pl\/index.php\/gorace-nozyczki\/\">GOR\u0104CE NO\u017bYCZKI<\/a><\/li>\n<li id=\"menu-item-1664\" class=\"menu-item menu-item-type-post_type menu-item-object-page depth-0 to-right\"><a href=\"https:\/\/beauty-center.pl\/index.php\/salon-fryzjerski\/\">SALON FRYZJERSKI<\/a><\/li>\n<li id=\"menu-item-1937\" class=\"menu-item menu-item-type-post_type menu-item-object-page depth-0 to-right\"><a href=\"https:\/\/beauty-center.pl\/index.php\/1933-2\/\">KERATYNOWE PROSTOWANIE W\u0141OS\u00d3W<\/a><\/li>\n<li id=\"menu-item-1964\" class=\"menu-item menu-item-type-post_type menu-item-object-page depth-0 to-right\"><a href=\"https:\/\/beauty-center.pl\/index.php\/swiatloterapia-sauna-magnetique-led-z-ozonem\/\">\u015aWIAT\u0141OTERAPIA SAUN\u0104 MAGNETIQUE LED Z OZONEM<\/a><\/li>\n<\/ul><\/div><\/div><div class=\"auto-format ui--animation\"><\/div><\/div> \n\n <div   class=\"ui-column span8\"><div class=\"ui--title ui--animation ui--title-bordered text-center\"><div class=\"ui--title-holder\"><h3 class=\"ui--title-text\" style=\"color: #bd1e9d !important;\">3 PROSTE KROKI DO NIESAMOWITEJ KONDYCJI W\u0141OS\u00d3W<\/h3><div style=\"border-color: #bd1e9d !important;\" class=\"ui--title-borders ui--title-border-left\"><\/div><div style=\"border-color: #bd1e9d !important;\" class=\"ui--title-borders ui--title-border-right\"><\/div><\/div><\/div><div class=\"ui--title ui--animation ui--title-bordered text-center\"><div class=\"ui--title-holder\"><h2 class=\"ui--title-text\" style=\"color: #bd1e9d !important;\">1)  SZAMPON ODBUDOWUJ\u0104CY W\u0141OSY:<\/h2><div style=\"border-color: #bd1e9d !important;\" class=\"ui--title-borders ui--title-border-left\"><\/div><div style=\"border-color: #bd1e9d !important;\" class=\"ui--title-borders ui--title-border-right\"><\/div><\/div><\/div><ul class=\"ui--list list-font-icon parent-1\"><li class=\"child-1 total-3 ui--animation\"><i class=\"list-icon 14px fontawesome-check\" style=\"color: #e000e0 !important;\"><\/i>szampon zawiera serycyn\u0119 - najdoskonalsz\u0105 protein\u0119 jedwabn\u0105 zapewniaj\u0105c\u0105 nawil\u017cenie<\/li><li class=\"child-2 total-3 ui--animation\"><i class=\"list-icon 14px fontawesome-check\" style=\"color: #e000e0 !important;\"><\/i>delikatne sk\u0142adniki aktywne oczyszczaj\u0105 wl\u00f3kno w\u0142osa, spajaj\u0105 rozdwojone ko\u0144c\u00f3wki<\/li><li class=\"child-3 total-3 ui--animation\"><i class=\"list-icon 14px fontawesome-check\" style=\"color: #e000e0 !important;\"><\/i>zwieksza g\u0119sto\u015b\u0107 oraz uelastycznia w\u0142osy, zapobiegaj\u0105c ich \u0142amliwo\u015bci<\/li>  <\/ul><div class=\"ui--title ui--animation ui--title-bordered text-center\"><div class=\"ui--title-holder\"><h2 class=\"ui--title-text\" style=\"color: #bd1e9d !important;\">2)  KERATYNOWY FLUID ODBUDOWUJ\u0104CY:<\/h2><div style=\"border-color: #bd1e9d !important;\" class=\"ui--title-borders ui--title-border-left\"><\/div><div style=\"border-color: #bd1e9d !important;\" class=\"ui--title-borders ui--title-border-right\"><\/div><\/div><\/div><ul class=\"ui--list list-font-icon parent-2\"><li class=\"child-1 total-3 ui--animation\"><i class=\"list-icon 14px fontawesome-check\" style=\"color: #e000e0 !important;\"><\/i>keratyna odbudowuje w\u0142osy od wewn\u0105trz<\/li><li class=\"child-2 total-3 ui--animation\"><i class=\"list-icon 14px fontawesome-check\" style=\"color: #e000e0 !important;\"><\/i>bogactwo sk\u0142adnik\u00f3w: olejek z jojoby i awokado oraz serycyna, kt\u00f3ra uelastycznia i wzmacnia w\u0142osy<\/li><li class=\"child-3 total-3 ui--animation\"><i class=\"list-icon 14px fontawesome-check\" style=\"color: #e000e0 !important;\"><\/i>niezwykly efekt odbudowy uwra\u017cliwionych w\u0142os\u00f3w<\/li>  <\/ul><div class=\"ui--title ui--animation ui--title-bordered text-center\"><div class=\"ui--title-holder\"><h2 class=\"ui--title-text\" style=\"color: #bd1e9d !important;\">3)   MASKA ODBUDOWUJ\u0104CA W\u0141OSY:<\/h2><div style=\"border-color: #bd1e9d !important;\" class=\"ui--title-borders ui--title-border-left\"><\/div><div style=\"border-color: #bd1e9d !important;\" class=\"ui--title-borders ui--title-border-right\"><\/div><\/div><\/div><ul class=\"ui--list list-font-icon parent-3\"><li class=\"child-1 total-3 ui--animation\"><i class=\"list-icon 14px fontawesome-check\" style=\"color: #e000e0 !important;\"><\/i>maska dzi\u0119ki zawarto\u015bci olejk\u00f3w z jojoby i awokado intensywnie od\u017cywia w\u0142osy<\/li><li class=\"child-2 total-3 ui--animation\"><i class=\"list-icon 14px fontawesome-check\" style=\"color: #e000e0 !important;\"><\/i>odbudowuj\u0119 struktur\u0119 w\u0142os\u00f3w, nadaj\u0105c jedwabisty po\u0142ysk<\/li><li class=\"child-3 total-3 ui--animation\"><i class=\"list-icon 14px fontawesome-check\" style=\"color: #e000e0 !important;\"><\/i>dzi\u0119ki naturalnym sk\u0142adnikom w\u0142osy staj\u0105 si\u0119 g\u0142adsze i \u0142atwiej si\u0119 rozczesuj\u0105<\/li>  <\/ul><div class=\"ui--title ui--animation ui--title-bordered text-center\"><div class=\"ui--title-holder\"><h2 class=\"ui--title-text\" style=\"color: #bd1e9d !important;\">Sk\u0142adniki aktywne zawarte w produktach to mi\u0119dzy innymi:<\/h2><div style=\"border-color: #bd1e9d !important;\" class=\"ui--title-borders ui--title-border-left\"><\/div><div style=\"border-color: #bd1e9d !important;\" class=\"ui--title-borders ui--title-border-right\"><\/div><\/div><\/div><div class=\"auto-format ui--animation\"><p>\u2022 hydrolizowana keratyna: sk\u0142adnik ten dociera do zniszczonego w\u0142\u00f3kna kory i odbudowuje je od wewn\u0105trz,<br \/>\n\u2022 serycyna: odbudowuje w\u0142osy z zewn\u0105trz wype\u0142niaj\u0105c zniszczenia, wyg\u0142adza powierzchni\u0119 w\u0142os\u00f3w.<br \/>\n\u2022 olejek z jojoby: olejek nab\u0142yszcza i chroni w\u0142osy<br \/>\n\u2022 olejek z awokado: tworzy ochronny film wok\u00f3\u0142 w\u0142osa, dzi\u0119ki czemu staj\u0105 si\u0119 on bardziej b\u0142yszcz\u0105ce<\/p>\n<\/div><div class=\"ui--image-wrap clearfix text-center ui--block\"><img loading=\"lazy\" decoding=\"async\" width=\"251\" height=\"201\" src=\"https:\/\/beauty-center.pl\/wp-content\/uploads\/2016\/08\/pobrane-11.jpg\" class=\"ui--image ui--animation\" alt=\"\" id=\"ui--image-1\" \/><\/div><div class=\"ui--title ui--animation ui--title-bordered text-center\"><div class=\"ui--title-holder\"><h2 class=\"ui--title-text\" style=\"color: #bd1e9d !important;\">Cennik<\/h2><div style=\"border-color: #bd1e9d !important;\" class=\"ui--title-borders ui--title-border-left\"><\/div><div style=\"border-color: #bd1e9d !important;\" class=\"ui--title-borders ui--title-border-right\"><\/div><\/div><\/div><div class=\"auto-format ui--animation\"><p>Cena zabiegu: 100-200z\u0142<br \/>\nCzas trwania zabiegu: 1-1,5godz.<\/p>\n<\/div><\/div> \n\n<\/div> \n<\/div><\/div><\/div>","protected":false},"excerpt":{"rendered":"<p>FRYZJERSTWOCENNIK \u2013 SALON FRYZJERSKI KERATYNOWY ZABIEG ODBUDOWUJ\u0104CY W\u0141OSY PRZED\u0141U\u017bANIE W\u0141OS\u00d3W METOD\u0104 ULTRAD\u0179WI\u0118KOW\u0104 PRZED\u0141U\u017bANIE W\u0141OS\u00d3W METOD\u0104 KERATYNOW\u0104 GOR\u0104CE NO\u017bYCZKI SALON FRYZJERSKI KERATYNOWE PROSTOWANIE W\u0141OS\u00d3W \u015aWIAT\u0141OTERAPIA SAUN\u0104 MAGNETIQUE LED Z OZONEM 3 PROSTE KROKI DO NIESAMOWITEJ KONDYCJI W\u0141OS\u00d3W1) SZAMPON ODBUDOWUJ\u0104CY W\u0141OSY:szampon zawiera serycyn\u0119 &#8211; najdoskonalsz\u0105 protein\u0119 jedwabn\u0105 zapewniaj\u0105c\u0105 nawil\u017ceniedelikatne sk\u0142adniki aktywne oczyszczaj\u0105 wl\u00f3kno w\u0142osa, spajaj\u0105 rozdwojone ko\u0144c\u00f3wkizwieksza [&hellip;]<\/p>\n","protected":false},"author":1,"featured_media":0,"parent":0,"menu_order":0,"comment_status":"closed","ping_status":"closed","template":"","meta":{"footnotes":""},"class_list":["post-1651","page","type-page","status-publish","hentry"],"_links":{"self":[{"href":"https:\/\/beauty-center.pl\/index.php\/wp-json\/wp\/v2\/pages\/1651","targetHints":{"allow":["GET"]}}],"collection":[{"href":"https:\/\/beauty-center.pl\/index.php\/wp-json\/wp\/v2\/pages"}],"about":[{"href":"https:\/\/beauty-center.pl\/index.php\/wp-json\/wp\/v2\/types\/page"}],"author":[{"embeddable":true,"href":"https:\/\/beauty-center.pl\/index.php\/wp-json\/wp\/v2\/users\/1"}],"replies":[{"embeddable":true,"href":"https:\/\/beauty-center.pl\/index.php\/wp-json\/wp\/v2\/comments?post=1651"}],"version-history":[{"count":1,"href":"https:\/\/beauty-center.pl\/index.php\/wp-json\/wp\/v2\/pages\/1651\/revisions"}],"predecessor-version":[{"id":1652,"href":"https:\/\/beauty-center.pl\/index.php\/wp-json\/wp\/v2\/pages\/1651\/revisions\/1652"}],"wp:attachment":[{"href":"https:\/\/beauty-center.pl\/index.php\/wp-json\/wp\/v2\/media?parent=1651"}],"curies":[{"name":"wp","href":"https:\/\/api.w.org\/{rel}","templated":true}]}}