{"id":1653,"date":"2016-08-30T13:00:04","date_gmt":"2016-08-30T11:00:04","guid":{"rendered":"http:\/\/beauty.kbsolution.pl\/?page_id=1653"},"modified":"2016-08-30T13:00:04","modified_gmt":"2016-08-30T11:00:04","slug":"salon-fryzjerski","status":"publish","type":"page","link":"https:\/\/beauty-center.pl\/index.php\/salon-fryzjerski\/","title":{"rendered":"SALON FRYZJERSKI"},"content":{"rendered":"<div  class=\"ui--tagline-box-wrapper ui--animation clearfix\"><div  id=\"tagline-1\" class=\"ui--tagline-box ui-row clearfix ui--tagline-box-custom-color radius-3px\" data-responsive=\"{&quot;css&quot;:{&quot;min-height&quot;:{&quot;phone&quot;:&quot;auto&quot;,&quot;tablet&quot;:&quot;auto&quot;,&quot;widescreen&quot;:&quot;&quot;}}}\"><div  class=\"ui--tagline-background-container ui--tagline-background-overlay radius-3px\"><\/div><div  class=\"ui--tagline-background-container ui--tagline-background-image radius-3px\"><\/div><div  class=\"ui--tagline-content\"><div class=\"ui-row row\">\n <div   class=\"ui-column span4\"><div id=\"nav_menu-6\" class=\"widget widget_nav_menu\"><h4 class=\"sidebar-widget-title ui--widget-title\"><span>FRYZJERSTWO<\/span><\/h4><div class=\"menu-uslugi-fryzjerskie-container\"><ul id=\"menu-uslugi-fryzjerskie\" class=\"menu\"><li id=\"menu-item-1662\" class=\"menu-item menu-item-type-post_type menu-item-object-page depth-0 to-right\"><a href=\"https:\/\/beauty-center.pl\/index.php\/ceenik-salon-fryzjerski\/\">CENNIK \u2013 SALON FRYZJERSKI<\/a><\/li>\n<li id=\"menu-item-1665\" class=\"menu-item menu-item-type-post_type menu-item-object-page depth-0 to-right\"><a href=\"https:\/\/beauty-center.pl\/index.php\/keratynowy-zabieg-odbudowujacy-wlosy\/\">KERATYNOWY ZABIEG ODBUDOWUJ\u0104CY W\u0141OSY<\/a><\/li>\n<li id=\"menu-item-2863\" class=\"menu-item menu-item-type-post_type menu-item-object-page depth-0 to-right\"><a href=\"https:\/\/beauty-center.pl\/index.php\/przedluzanie-wlosow-metoda-ultradzwiekowa\/\">PRZED\u0141U\u017bANIE W\u0141OS\u00d3W METOD\u0104 ULTRAD\u0179WI\u0118KOW\u0104<\/a><\/li>\n<li id=\"menu-item-2874\" class=\"menu-item menu-item-type-post_type menu-item-object-page depth-0 to-right\"><a href=\"https:\/\/beauty-center.pl\/index.php\/przedluzanie-wlosow-metoda-keratynowa\/\">PRZED\u0141U\u017bANIE W\u0141OS\u00d3W METOD\u0104 KERATYNOW\u0104<\/a><\/li>\n<li id=\"menu-item-1663\" class=\"menu-item menu-item-type-post_type menu-item-object-page depth-0 to-right\"><a href=\"https:\/\/beauty-center.pl\/index.php\/gorace-nozyczki\/\">GOR\u0104CE NO\u017bYCZKI<\/a><\/li>\n<li id=\"menu-item-1664\" class=\"menu-item menu-item-type-post_type menu-item-object-page depth-0 to-right\"><a href=\"https:\/\/beauty-center.pl\/index.php\/salon-fryzjerski\/\">SALON FRYZJERSKI<\/a><\/li>\n<li id=\"menu-item-1937\" class=\"menu-item menu-item-type-post_type menu-item-object-page depth-0 to-right\"><a href=\"https:\/\/beauty-center.pl\/index.php\/1933-2\/\">KERATYNOWE PROSTOWANIE W\u0141OS\u00d3W<\/a><\/li>\n<li id=\"menu-item-1964\" class=\"menu-item menu-item-type-post_type menu-item-object-page depth-0 to-right\"><a href=\"https:\/\/beauty-center.pl\/index.php\/swiatloterapia-sauna-magnetique-led-z-ozonem\/\">\u015aWIAT\u0141OTERAPIA SAUN\u0104 MAGNETIQUE LED Z OZONEM<\/a><\/li>\n<\/ul><\/div><\/div><div class=\"auto-format ui--animation\"><\/div><\/div> \n\n <div   class=\"ui-column span8\"><div class=\"ui--title ui--animation ui--title-bordered text-center\"><div class=\"ui--title-holder\"><h3 class=\"ui--title-text\" style=\"color: #bd1e9d !important;\">W Naszym Salonie Fryzjerskim poczujesz si\u0119 wyj\u0105tkowo...<\/h3><div style=\"border-color: #bd1e9d !important;\" class=\"ui--title-borders ui--title-border-left\"><\/div><div style=\"border-color: #bd1e9d !important;\" class=\"ui--title-borders ui--title-border-right\"><\/div><\/div><\/div><div class=\"auto-format ui--animation\"><p>Estetycznie i przytulnie urz\u0105dzone wn\u0119trza, sterylna czysto\u015b\u0107, mi\u0142a obs\u0142uga pozwol\u0105 Ci oderwa\u0107 si\u0119 od rzeczywisto\u015bci i codziennych problem\u00f3w.<\/p>\n<p>Oferujemy szeroki wachlarz us\u0142ug fryzjerskich, fachowe doradztwo w doborze indywidualnej piel\u0119gnacji i stylizacji jak r\u00f3wnie\u017c:<\/p>\n<\/div><ul class=\"ui--list list-font-icon parent-1\"><li class=\"child-1 total-10 ui--animation\"><i class=\"list-icon 14px fontawesome-check\"><\/i>regeneracj\u0119,<\/li><li class=\"child-2 total-10 ui--animation\"><i class=\"list-icon 14px fontawesome-check\"><\/i>czesanie,<\/li><li class=\"child-3 total-10 ui--animation\"><i class=\"list-icon 14px fontawesome-check\"><\/i>strzy\u017cenie m\u0119skie, damskie, dzieci\u0119ce,<\/li><li class=\"child-4 total-10 ui--animation\"><i class=\"list-icon 14px fontawesome-check\"><\/i>farbowanie,<\/li><li class=\"child-5 total-10 ui--animation\"><i class=\"list-icon 14px fontawesome-check\"><\/i>innowacyjne techniki koloryzacji,<\/li><li class=\"child-6 total-10 ui--animation\"><i class=\"list-icon 14px fontawesome-check\"><\/i>baleyage,<\/li><li class=\"child-7 total-10 ui--animation\"><i class=\"list-icon 14px fontawesome-check\"><\/i>trwa\u0142\u0105,<\/li><li class=\"child-8 total-10 ui--animation\"><i class=\"list-icon 14px fontawesome-check\"><\/i>fryzury \u015blubne i okoliczno\u015bciowe,<\/li><li class=\"child-9 total-10 ui--animation\"><i class=\"list-icon 14px fontawesome-check\"><\/i>sauna z ozonem wspomagaj\u0105ca leczenie: wypadania w\u0142os\u00f3w, \u0142ysienia, \u0142upie\u017cu, przet\u0142uszczania si\u0119 w\u0142os\u00f3w, problem\u00f3w z rozczesywaniem,<\/li><li class=\"child-10 total-10 ui--animation\"><i class=\"list-icon 14px fontawesome-check\"><\/i>przed\u0142u\u017canie i zag\u0119szczanie w\u0142os\u00f3w.<\/li>  <\/ul><div class=\"ui--image-wrap clearfix text-center ui--block\"><img loading=\"lazy\" decoding=\"async\" width=\"350\" height=\"228\" src=\"https:\/\/beauty-center.pl\/wp-content\/uploads\/2016\/08\/fryzjer1.jpg\" class=\"ui--image ui--animation\" alt=\"\" id=\"ui--image-1\" srcset=\"https:\/\/beauty-center.pl\/wp-content\/uploads\/2016\/08\/fryzjer1.jpg 350w, https:\/\/beauty-center.pl\/wp-content\/uploads\/2016\/08\/fryzjer1-300x195.jpg 300w\" sizes=\"auto, (max-width: 350px) 100vw, 350px\" \/><\/div><\/div> \n\n<\/div> \n<\/div><\/div><\/div>","protected":false},"excerpt":{"rendered":"<p>FRYZJERSTWOCENNIK \u2013 SALON FRYZJERSKI KERATYNOWY ZABIEG ODBUDOWUJ\u0104CY W\u0141OSY PRZED\u0141U\u017bANIE W\u0141OS\u00d3W METOD\u0104 ULTRAD\u0179WI\u0118KOW\u0104 PRZED\u0141U\u017bANIE W\u0141OS\u00d3W METOD\u0104 KERATYNOW\u0104 GOR\u0104CE NO\u017bYCZKI SALON FRYZJERSKI KERATYNOWE PROSTOWANIE W\u0141OS\u00d3W \u015aWIAT\u0141OTERAPIA SAUN\u0104 MAGNETIQUE LED Z OZONEM W Naszym Salonie Fryzjerskim poczujesz si\u0119 wyj\u0105tkowo&#8230;Estetycznie i przytulnie urz\u0105dzone wn\u0119trza, sterylna czysto\u015b\u0107, mi\u0142a obs\u0142uga pozwol\u0105 Ci oderwa\u0107 si\u0119 od rzeczywisto\u015bci i codziennych problem\u00f3w. Oferujemy szeroki [&hellip;]<\/p>\n","protected":false},"author":1,"featured_media":0,"parent":0,"menu_order":0,"comment_status":"closed","ping_status":"closed","template":"","meta":{"footnotes":""},"class_list":["post-1653","page","type-page","status-publish","hentry"],"_links":{"self":[{"href":"https:\/\/beauty-center.pl\/index.php\/wp-json\/wp\/v2\/pages\/1653","targetHints":{"allow":["GET"]}}],"collection":[{"href":"https:\/\/beauty-center.pl\/index.php\/wp-json\/wp\/v2\/pages"}],"about":[{"href":"https:\/\/beauty-center.pl\/index.php\/wp-json\/wp\/v2\/types\/page"}],"author":[{"embeddable":true,"href":"https:\/\/beauty-center.pl\/index.php\/wp-json\/wp\/v2\/users\/1"}],"replies":[{"embeddable":true,"href":"https:\/\/beauty-center.pl\/index.php\/wp-json\/wp\/v2\/comments?post=1653"}],"version-history":[{"count":1,"href":"https:\/\/beauty-center.pl\/index.php\/wp-json\/wp\/v2\/pages\/1653\/revisions"}],"predecessor-version":[{"id":1655,"href":"https:\/\/beauty-center.pl\/index.php\/wp-json\/wp\/v2\/pages\/1653\/revisions\/1655"}],"wp:attachment":[{"href":"https:\/\/beauty-center.pl\/index.php\/wp-json\/wp\/v2\/media?parent=1653"}],"curies":[{"name":"wp","href":"https:\/\/api.w.org\/{rel}","templated":true}]}}