{"id":1656,"date":"2016-08-30T13:01:57","date_gmt":"2016-08-30T11:01:57","guid":{"rendered":"http:\/\/beauty.kbsolution.pl\/?page_id=1656"},"modified":"2016-08-30T13:01:57","modified_gmt":"2016-08-30T11:01:57","slug":"gorace-nozyczki","status":"publish","type":"page","link":"https:\/\/beauty-center.pl\/index.php\/gorace-nozyczki\/","title":{"rendered":"GOR\u0104CE NO\u017bYCZKI"},"content":{"rendered":"<div  class=\"ui--tagline-box-wrapper ui--animation clearfix\"><div  id=\"tagline-1\" class=\"ui--tagline-box ui-row clearfix ui--tagline-box-custom-color radius-3px\" data-responsive=\"{&quot;css&quot;:{&quot;min-height&quot;:{&quot;phone&quot;:&quot;auto&quot;,&quot;tablet&quot;:&quot;auto&quot;,&quot;widescreen&quot;:&quot;&quot;}}}\"><div  class=\"ui--tagline-background-container ui--tagline-background-overlay radius-3px\"><\/div><div  class=\"ui--tagline-background-container ui--tagline-background-image radius-3px\"><\/div><div  class=\"ui--tagline-content\"><div class=\"ui-row row\">\n <div   class=\"ui-column span4\"><div id=\"nav_menu-6\" class=\"widget widget_nav_menu\"><h4 class=\"sidebar-widget-title ui--widget-title\"><span>FRYZJERSTWO<\/span><\/h4><div class=\"menu-uslugi-fryzjerskie-container\"><ul id=\"menu-uslugi-fryzjerskie\" class=\"menu\"><li id=\"menu-item-1662\" class=\"menu-item menu-item-type-post_type menu-item-object-page depth-0 to-right\"><a href=\"https:\/\/beauty-center.pl\/index.php\/ceenik-salon-fryzjerski\/\">CENNIK \u2013 SALON FRYZJERSKI<\/a><\/li>\n<li id=\"menu-item-1665\" class=\"menu-item menu-item-type-post_type menu-item-object-page depth-0 to-right\"><a href=\"https:\/\/beauty-center.pl\/index.php\/keratynowy-zabieg-odbudowujacy-wlosy\/\">KERATYNOWY ZABIEG ODBUDOWUJ\u0104CY W\u0141OSY<\/a><\/li>\n<li id=\"menu-item-2863\" class=\"menu-item menu-item-type-post_type menu-item-object-page depth-0 to-right\"><a href=\"https:\/\/beauty-center.pl\/index.php\/przedluzanie-wlosow-metoda-ultradzwiekowa\/\">PRZED\u0141U\u017bANIE W\u0141OS\u00d3W METOD\u0104 ULTRAD\u0179WI\u0118KOW\u0104<\/a><\/li>\n<li id=\"menu-item-2874\" class=\"menu-item menu-item-type-post_type menu-item-object-page depth-0 to-right\"><a href=\"https:\/\/beauty-center.pl\/index.php\/przedluzanie-wlosow-metoda-keratynowa\/\">PRZED\u0141U\u017bANIE W\u0141OS\u00d3W METOD\u0104 KERATYNOW\u0104<\/a><\/li>\n<li id=\"menu-item-1663\" class=\"menu-item menu-item-type-post_type menu-item-object-page depth-0 to-right\"><a href=\"https:\/\/beauty-center.pl\/index.php\/gorace-nozyczki\/\">GOR\u0104CE NO\u017bYCZKI<\/a><\/li>\n<li id=\"menu-item-1664\" class=\"menu-item menu-item-type-post_type menu-item-object-page depth-0 to-right\"><a href=\"https:\/\/beauty-center.pl\/index.php\/salon-fryzjerski\/\">SALON FRYZJERSKI<\/a><\/li>\n<li id=\"menu-item-1937\" class=\"menu-item menu-item-type-post_type menu-item-object-page depth-0 to-right\"><a href=\"https:\/\/beauty-center.pl\/index.php\/1933-2\/\">KERATYNOWE PROSTOWANIE W\u0141OS\u00d3W<\/a><\/li>\n<li id=\"menu-item-1964\" class=\"menu-item menu-item-type-post_type menu-item-object-page depth-0 to-right\"><a href=\"https:\/\/beauty-center.pl\/index.php\/swiatloterapia-sauna-magnetique-led-z-ozonem\/\">\u015aWIAT\u0141OTERAPIA SAUN\u0104 MAGNETIQUE LED Z OZONEM<\/a><\/li>\n<\/ul><\/div><\/div><div class=\"auto-format ui--animation\"><\/div><\/div> \n\n <div   class=\"ui-column span8\"><div class=\"ui--title ui--animation ui--title-bordered text-center\"><div class=\"ui--title-holder\"><h3 class=\"ui--title-text\" style=\"color: #bd1e9d !important;\">WELLNESS DLA TWOICH W\u0141OS\u00d3W<\/h3><div style=\"border-color: #bd1e9d !important;\" class=\"ui--title-borders ui--title-border-left\"><\/div><div style=\"border-color: #bd1e9d !important;\" class=\"ui--title-borders ui--title-border-right\"><\/div><\/div><\/div><div class=\"auto-format ui--animation\"><p>Gor\u0105ce no\u017cyczki firmy Jaguar obcinaj\u0105 w\u0142osy przy pomocy gor\u0105cej temperatury od 180 c do 300 c zamykaj\u0105c \u0142usk\u0119 w\u0142osa, co powoduje naturaln\u0105 kuracje. W\u0142osy nie rozdwajaj\u0105 si\u0119, nie \u0142ami\u0105, szybciej rosn\u0105, nie wypadaj\u0105, s\u0105 nawil\u017cone i bujniejsze.  gorace no\u017cyczki Szczecin<br \/>\nTradycyjne strzy\u017cenie pozostawia ko\u0144c\u00f3wki w\u0142os\u00f3w nieuszczelnione. Otwarte ko\u0144c\u00f3wki s\u0105 przyczyn\u0105 nadmiernej utraty wilgoci, co prowadzi do rozdwajania si\u0119 w\u0142os\u00f3w i pozbawia je ochrony przed dalszymi uszkodzeniami.<\/p>\n<p>Pomys\u0142 uszczelniania ko\u0144c\u00f3wek w\u0142os\u00f3w przy pomocy wysokiej temperatury powsta\u0142 w odleg\u0142ej przesz\u0142o\u015bci.<br \/>\nDawniej do sklejania rozdwojonych ko\u0144c\u00f3wek u\u017cywano \u015bwiec. Metoda ta jednak uszkadza\u0142a w\u0142osy, poniewa\u017c spala\u0142a ko\u0144c\u00f3wki, zamiast je skleja\u0107.<\/p>\n<\/div><div class=\"ui--image-wrap clearfix text-center ui--block\"><img loading=\"lazy\" decoding=\"async\" width=\"336\" height=\"448\" src=\"https:\/\/beauty-center.pl\/wp-content\/uploads\/2016\/08\/gorace_nozyczki.jpg\" class=\"ui--image ui--animation\" alt=\"\" id=\"ui--image-1\" srcset=\"https:\/\/beauty-center.pl\/wp-content\/uploads\/2016\/08\/gorace_nozyczki.jpg 336w, https:\/\/beauty-center.pl\/wp-content\/uploads\/2016\/08\/gorace_nozyczki-225x300.jpg 225w\" sizes=\"auto, (max-width: 336px) 100vw, 336px\" \/><\/div><div class=\"ui--title ui--animation ui--title-bordered text-center\"><div class=\"ui--title-holder\"><h3 class=\"ui--title-text\" style=\"color: #bd1e9d !important;\">CENNIK<\/h3><div style=\"border-color: #bd1e9d !important;\" class=\"ui--title-borders ui--title-border-left\"><\/div><div style=\"border-color: #bd1e9d !important;\" class=\"ui--title-borders ui--title-border-right\"><\/div><\/div><\/div><div class=\"auto-format ui--animation\"><p>Ci\u0119cie gor\u0105cymi no\u017cyczkami 100 z\u0142<\/p>\n<\/div><\/div> \n\n<\/div> \n<\/div><\/div><\/div>","protected":false},"excerpt":{"rendered":"<p>FRYZJERSTWOCENNIK \u2013 SALON FRYZJERSKI KERATYNOWY ZABIEG ODBUDOWUJ\u0104CY W\u0141OSY PRZED\u0141U\u017bANIE W\u0141OS\u00d3W METOD\u0104 ULTRAD\u0179WI\u0118KOW\u0104 PRZED\u0141U\u017bANIE W\u0141OS\u00d3W METOD\u0104 KERATYNOW\u0104 GOR\u0104CE NO\u017bYCZKI SALON FRYZJERSKI KERATYNOWE PROSTOWANIE W\u0141OS\u00d3W \u015aWIAT\u0141OTERAPIA SAUN\u0104 MAGNETIQUE LED Z OZONEM WELLNESS DLA TWOICH W\u0141OS\u00d3WGor\u0105ce no\u017cyczki firmy Jaguar obcinaj\u0105 w\u0142osy przy pomocy gor\u0105cej temperatury od 180 c do 300 c zamykaj\u0105c \u0142usk\u0119 w\u0142osa, co powoduje naturaln\u0105 kuracje. [&hellip;]<\/p>\n","protected":false},"author":1,"featured_media":0,"parent":0,"menu_order":0,"comment_status":"closed","ping_status":"closed","template":"","meta":{"footnotes":""},"class_list":["post-1656","page","type-page","status-publish","hentry"],"_links":{"self":[{"href":"https:\/\/beauty-center.pl\/index.php\/wp-json\/wp\/v2\/pages\/1656","targetHints":{"allow":["GET"]}}],"collection":[{"href":"https:\/\/beauty-center.pl\/index.php\/wp-json\/wp\/v2\/pages"}],"about":[{"href":"https:\/\/beauty-center.pl\/index.php\/wp-json\/wp\/v2\/types\/page"}],"author":[{"embeddable":true,"href":"https:\/\/beauty-center.pl\/index.php\/wp-json\/wp\/v2\/users\/1"}],"replies":[{"embeddable":true,"href":"https:\/\/beauty-center.pl\/index.php\/wp-json\/wp\/v2\/comments?post=1656"}],"version-history":[{"count":1,"href":"https:\/\/beauty-center.pl\/index.php\/wp-json\/wp\/v2\/pages\/1656\/revisions"}],"predecessor-version":[{"id":1658,"href":"https:\/\/beauty-center.pl\/index.php\/wp-json\/wp\/v2\/pages\/1656\/revisions\/1658"}],"wp:attachment":[{"href":"https:\/\/beauty-center.pl\/index.php\/wp-json\/wp\/v2\/media?parent=1656"}],"curies":[{"name":"wp","href":"https:\/\/api.w.org\/{rel}","templated":true}]}}