{"id":1666,"date":"2016-08-30T13:13:06","date_gmt":"2016-08-30T11:13:06","guid":{"rendered":"http:\/\/beauty.kbsolution.pl\/?page_id=1666"},"modified":"2016-08-30T13:13:06","modified_gmt":"2016-08-30T11:13:06","slug":"przekluwanie-uszu","status":"publish","type":"page","link":"https:\/\/beauty-center.pl\/index.php\/przekluwanie-uszu\/","title":{"rendered":"PRZEK\u0141UWANIE USZU"},"content":{"rendered":"<div  class=\"ui--tagline-box-wrapper ui--animation clearfix\"><div  id=\"tagline-1\" class=\"ui--tagline-box ui-row clearfix ui--tagline-box-custom-color radius-3px\" data-responsive=\"{&quot;css&quot;:{&quot;min-height&quot;:{&quot;phone&quot;:&quot;auto&quot;,&quot;tablet&quot;:&quot;auto&quot;,&quot;widescreen&quot;:&quot;&quot;}}}\"><div  class=\"ui--tagline-background-container ui--tagline-background-overlay radius-3px\"><\/div><div  class=\"ui--tagline-background-container ui--tagline-background-image radius-3px\"><\/div><div  class=\"ui--tagline-content\"><div class=\"ui-row row\">\n <div   class=\"ui-column span4\"><div id=\"nav_menu-7\" class=\"widget widget_nav_menu\"><h4 class=\"sidebar-widget-title ui--widget-title\"><span>PRZEK\u0141UWANIE USZU<\/span><\/h4><div class=\"menu-przekluwanie-uszu-container\"><ul id=\"menu-przekluwanie-uszu\" class=\"menu\"><li id=\"menu-item-1672\" class=\"menu-item menu-item-type-post_type menu-item-object-page depth-0 to-right\"><a href=\"https:\/\/beauty-center.pl\/index.php\/przekluwanie-uszu\/\">PRZEK\u0141UWANIE USZU<\/a><\/li>\n<li id=\"menu-item-1671\" class=\"menu-item menu-item-type-post_type menu-item-object-page depth-0 to-right\"><a href=\"https:\/\/beauty-center.pl\/index.php\/cennik-przekluwanie-uszu\/\">CENNIK \u2013 PRZEK\u0141UWANIE USZU<\/a><\/li>\n<\/ul><\/div><\/div><div class=\"auto-format ui--animation\"><\/div><\/div> \n\n <div   class=\"ui-column span8\"><div class=\"ui--title ui--animation ui--title-bordered text-center\"><div class=\"ui--title-holder\"><h3 class=\"ui--title-text\" style=\"color: #bd1e9d !important;\">BEZBOLESNE PRZEK\u0141UWANIE USZU<\/h3><div style=\"border-color: #bd1e9d !important;\" class=\"ui--title-borders ui--title-border-left\"><\/div><div style=\"border-color: #bd1e9d !important;\" class=\"ui--title-borders ui--title-border-right\"><\/div><\/div><\/div><div class=\"auto-format ui--animation\"><p>Pierwsze przek\u0142ucie uszu to wa\u017cne wydarzenie i dla dzieci, i dla rodzic\u00f3w. Jednak bez wzgl\u0119du na to, z jak\u0105 wpraw\u0105 przeprowadzony zostanie zabieg, zawsze istnieje ryzyko, \u017ce dziecko zrezygnuje z przek\u0142ucia drugiego ucha.<\/p>\n<p>Mamy rozwi\u0105zanie &#8211; obydwoje uszu przek\u0142ujemy r\u00f3wnocze\u015bnie w tym samy momencie niweluj\u0105c stres dziecka i rodzica do niezb\u0119dnego minimum.<\/p>\n<\/div><div class=\"ui--title ui--animation ui--title-bordered text-center\"><div class=\"ui--title-holder\"><h3 class=\"ui--title-text\" style=\"color: #bd1e9d !important;\">PRZEK\u0141UWAMY DWA USZKA JEDNOCZE\u015aNIE<\/h3><div style=\"border-color: #bd1e9d !important;\" class=\"ui--title-borders ui--title-border-left\"><\/div><div style=\"border-color: #bd1e9d !important;\" class=\"ui--title-borders ui--title-border-right\"><\/div><\/div><\/div><div class=\"ui--image-wrap clearfix text-center ui--block\"><img loading=\"lazy\" decoding=\"async\" width=\"750\" height=\"375\" src=\"https:\/\/beauty-center.pl\/wp-content\/uploads\/2016\/08\/blomdahl51.jpg\" class=\"ui--image ui--animation\" alt=\"\" id=\"ui--image-1\" srcset=\"https:\/\/beauty-center.pl\/wp-content\/uploads\/2016\/08\/blomdahl51.jpg 750w, https:\/\/beauty-center.pl\/wp-content\/uploads\/2016\/08\/blomdahl51-300x150.jpg 300w\" sizes=\"auto, (max-width: 750px) 100vw, 750px\" \/><\/div><div class=\"ui--title ui--animation ui--title-bordered text-center\"><div class=\"ui--title-holder\"><h3 class=\"ui--title-text\" style=\"color: #bd1e9d !important;\">W cen\u0119 przek\u0142ucia wliczono par\u0119 sterylnych, bezniklowych kolczyk\u00f3w, znieczulenie, nagrod\u0119 i dyplom.<\/h3><div style=\"border-color: #bd1e9d !important;\" class=\"ui--title-borders ui--title-border-left\"><\/div><div style=\"border-color: #bd1e9d !important;\" class=\"ui--title-borders ui--title-border-right\"><\/div><\/div><\/div><div class=\"ui--title ui--animation ui--title-bordered text-left\"><div class=\"ui--title-holder\"><h3 class=\"ui--title-text\" style=\"color: #bd1e9d !important;\">GWARANTUJEMY<\/h3><div style=\"border-color: #bd1e9d !important;\" class=\"ui--title-borders ui--title-border-left\"><\/div><div style=\"border-color: #bd1e9d !important;\" class=\"ui--title-borders ui--title-border-right\"><\/div><\/div><\/div><ul class=\"ui--list list-font-icon parent-1\"><li class=\"child-1 total-4 ui--animation\"><i class=\"list-icon 14px fontawesome-check\"><\/i>precyzj\u0119 nak\u0142ucia<\/li><li class=\"child-2 total-4 ui--animation\"><i class=\"list-icon 14px fontawesome-check\"><\/i>przyspieszone gojenie ucha<\/li><li class=\"child-3 total-4 ui--animation\"><i class=\"list-icon 14px fontawesome-check\"><\/i>szeroki wyb\u00f3r kolczyk\u00f3w<\/li><li class=\"child-4 total-4 ui--animation\"><i class=\"list-icon 14px fontawesome-check\"><\/i>sterylno\u015b\u0107<\/li>  <\/ul><div class=\"ui--title ui--animation ui--title-bordered text-center\"><div class=\"ui--title-holder\"><h3 class=\"ui--title-text\" style=\"color: #bd1e9d !important;\">Pracujemy najnowszym sprz\u0119tem ameryka\u0144skiej firmy \"STUDEX\" i \u2018\u2019BLOMDAHL\u201d - \u015bwiatowych lider\u00f3w w tej dziedzinie.   Kolczyki z plastiku medycznego dla alergik\u00f3w PRZEK\u0141UWANIE USZU SZCZECIN BEAUTY CENTER<\/h3><div style=\"border-color: #bd1e9d !important;\" class=\"ui--title-borders ui--title-border-left\"><\/div><div style=\"border-color: #bd1e9d !important;\" class=\"ui--title-borders ui--title-border-right\"><\/div><\/div><\/div><\/div> \n\n<\/div> \n<\/div><\/div><\/div>","protected":false},"excerpt":{"rendered":"<p>PRZEK\u0141UWANIE USZUPRZEK\u0141UWANIE USZU CENNIK \u2013 PRZEK\u0141UWANIE USZU BEZBOLESNE PRZEK\u0141UWANIE USZUPierwsze przek\u0142ucie uszu to wa\u017cne wydarzenie i dla dzieci, i dla rodzic\u00f3w. Jednak bez wzgl\u0119du na to, z jak\u0105 wpraw\u0105 przeprowadzony zostanie zabieg, zawsze istnieje ryzyko, \u017ce dziecko zrezygnuje z przek\u0142ucia drugiego ucha. Mamy rozwi\u0105zanie &#8211; obydwoje uszu przek\u0142ujemy r\u00f3wnocze\u015bnie w tym samy momencie niweluj\u0105c stres [&hellip;]<\/p>\n","protected":false},"author":1,"featured_media":0,"parent":0,"menu_order":0,"comment_status":"closed","ping_status":"closed","template":"","meta":{"footnotes":""},"class_list":["post-1666","page","type-page","status-publish","hentry"],"_links":{"self":[{"href":"https:\/\/beauty-center.pl\/index.php\/wp-json\/wp\/v2\/pages\/1666","targetHints":{"allow":["GET"]}}],"collection":[{"href":"https:\/\/beauty-center.pl\/index.php\/wp-json\/wp\/v2\/pages"}],"about":[{"href":"https:\/\/beauty-center.pl\/index.php\/wp-json\/wp\/v2\/types\/page"}],"author":[{"embeddable":true,"href":"https:\/\/beauty-center.pl\/index.php\/wp-json\/wp\/v2\/users\/1"}],"replies":[{"embeddable":true,"href":"https:\/\/beauty-center.pl\/index.php\/wp-json\/wp\/v2\/comments?post=1666"}],"version-history":[{"count":1,"href":"https:\/\/beauty-center.pl\/index.php\/wp-json\/wp\/v2\/pages\/1666\/revisions"}],"predecessor-version":[{"id":1668,"href":"https:\/\/beauty-center.pl\/index.php\/wp-json\/wp\/v2\/pages\/1666\/revisions\/1668"}],"wp:attachment":[{"href":"https:\/\/beauty-center.pl\/index.php\/wp-json\/wp\/v2\/media?parent=1666"}],"curies":[{"name":"wp","href":"https:\/\/api.w.org\/{rel}","templated":true}]}}