{"id":1669,"date":"2016-08-30T13:14:52","date_gmt":"2016-08-30T11:14:52","guid":{"rendered":"http:\/\/beauty.kbsolution.pl\/?page_id=1669"},"modified":"2016-08-30T13:14:52","modified_gmt":"2016-08-30T11:14:52","slug":"cennik-przekluwanie-uszu","status":"publish","type":"page","link":"https:\/\/beauty-center.pl\/index.php\/cennik-przekluwanie-uszu\/","title":{"rendered":"CENNIK &#8211; PRZEK\u0141UWANIE USZU"},"content":{"rendered":"<div  class=\"ui--tagline-box-wrapper ui--animation clearfix\"><div  id=\"tagline-1\" class=\"ui--tagline-box ui-row clearfix ui--tagline-box-custom-color radius-3px\" data-responsive=\"{&quot;css&quot;:{&quot;min-height&quot;:{&quot;phone&quot;:&quot;auto&quot;,&quot;tablet&quot;:&quot;auto&quot;,&quot;widescreen&quot;:&quot;&quot;}}}\"><div  class=\"ui--tagline-background-container ui--tagline-background-overlay radius-3px\"><\/div><div  class=\"ui--tagline-background-container ui--tagline-background-image radius-3px\"><\/div><div  class=\"ui--tagline-content\"><div class=\"ui-row row\">\n <div   class=\"ui-column span4\"><div id=\"nav_menu-7\" class=\"widget widget_nav_menu\"><h4 class=\"sidebar-widget-title ui--widget-title\"><span>PRZEK\u0141UWANIE USZU<\/span><\/h4><div class=\"menu-przekluwanie-uszu-container\"><ul id=\"menu-przekluwanie-uszu\" class=\"menu\"><li id=\"menu-item-1672\" class=\"menu-item menu-item-type-post_type menu-item-object-page depth-0 to-right\"><a href=\"https:\/\/beauty-center.pl\/index.php\/przekluwanie-uszu\/\">PRZEK\u0141UWANIE USZU<\/a><\/li>\n<li id=\"menu-item-1671\" class=\"menu-item menu-item-type-post_type menu-item-object-page depth-0 to-right\"><a href=\"https:\/\/beauty-center.pl\/index.php\/cennik-przekluwanie-uszu\/\">CENNIK \u2013 PRZEK\u0141UWANIE USZU<\/a><\/li>\n<\/ul><\/div><\/div><div class=\"auto-format ui--animation\"><\/div><\/div> \n\n <div   class=\"ui-column span8\"><div class=\"auto-format ui--animation\"><p>\n<table id=\"tablepress-21\" class=\"tablepress tablepress-id-21\">\n<thead>\n<tr class=\"row-1\">\n\t<th class=\"column-1\"><center>RODZAJ ZABIEGU<br \/>\nPRZEK\u0141UWANIE USZU<\/th><th class=\"column-2\"><center>CZAS <br \/>\n<\/th><th class=\"column-3\"><center>CENA<\/th>\n<\/tr>\n<\/thead>\n<tbody class=\"row-striping row-hover\">\n<tr class=\"row-2\">\n\t<td class=\"column-1\"><center>Przek\u0142uwanie uszu\u00a0+ kolczyki (stal chirurgiczna)<\/br>+ znieczulenie + dyplom + lizaczek<\/td><td class=\"column-2\"><center>30min.<\/td><td class=\"column-3\"><center>90 z\u0142<\/td>\n<\/tr>\n<tr class=\"row-3\">\n\t<td class=\"column-1\"><center>Przek\u0142uwanie uszu + kolczyki z cyrkoniami Swarowskiego<\/br> (plastik medyczny \u2013kolczyki do przek\u0142uwania uszu <\/br>z 0% zawarto\u015bci\u0105 niklu!) + znieczulenie + dyplom + lizaczek<\/td><td class=\"column-2\"><center>30min.<\/td><td class=\"column-3\"><center>160 z\u0142<\/td>\n<\/tr>\n<tr class=\"row-4\">\n\t<td class=\"column-1\"><center>Czysty Tytan Medyczny + znieczulenie + dyplom + lizaczek<\/td><td class=\"column-2\"><center>30 min.<\/td><td class=\"column-3\"><center>160 z\u0142<\/td>\n<\/tr>\n<\/tbody>\n<\/table>\n<\/p>\n<\/div><\/div> \n\n<\/div> \n<\/div><\/div><\/div>","protected":false},"excerpt":{"rendered":"<p>PRZEK\u0141UWANIE USZUPRZEK\u0141UWANIE USZU CENNIK \u2013 PRZEK\u0141UWANIE USZU RODZAJ ZABIEGU PRZEK\u0141UWANIE USZUCZAS CENA Przek\u0142uwanie uszu\u00a0+ kolczyki (stal chirurgiczna)+ znieczulenie + dyplom + lizaczek30min.90 z\u0142 Przek\u0142uwanie uszu + kolczyki z cyrkoniami Swarowskiego (plastik medyczny \u2013kolczyki do przek\u0142uwania uszu z 0% zawarto\u015bci\u0105 niklu!) + znieczulenie + dyplom + lizaczek30min.160 z\u0142 Czysty Tytan Medyczny + znieczulenie + dyplom + [&hellip;]<\/p>\n","protected":false},"author":1,"featured_media":0,"parent":0,"menu_order":0,"comment_status":"closed","ping_status":"closed","template":"","meta":{"footnotes":""},"class_list":["post-1669","page","type-page","status-publish","hentry"],"_links":{"self":[{"href":"https:\/\/beauty-center.pl\/index.php\/wp-json\/wp\/v2\/pages\/1669","targetHints":{"allow":["GET"]}}],"collection":[{"href":"https:\/\/beauty-center.pl\/index.php\/wp-json\/wp\/v2\/pages"}],"about":[{"href":"https:\/\/beauty-center.pl\/index.php\/wp-json\/wp\/v2\/types\/page"}],"author":[{"embeddable":true,"href":"https:\/\/beauty-center.pl\/index.php\/wp-json\/wp\/v2\/users\/1"}],"replies":[{"embeddable":true,"href":"https:\/\/beauty-center.pl\/index.php\/wp-json\/wp\/v2\/comments?post=1669"}],"version-history":[{"count":1,"href":"https:\/\/beauty-center.pl\/index.php\/wp-json\/wp\/v2\/pages\/1669\/revisions"}],"predecessor-version":[{"id":1670,"href":"https:\/\/beauty-center.pl\/index.php\/wp-json\/wp\/v2\/pages\/1669\/revisions\/1670"}],"wp:attachment":[{"href":"https:\/\/beauty-center.pl\/index.php\/wp-json\/wp\/v2\/media?parent=1669"}],"curies":[{"name":"wp","href":"https:\/\/api.w.org\/{rel}","templated":true}]}}