{"id":1673,"date":"2016-08-30T13:21:41","date_gmt":"2016-08-30T11:21:41","guid":{"rendered":"http:\/\/beauty.kbsolution.pl\/?page_id=1673"},"modified":"2016-08-30T13:21:41","modified_gmt":"2016-08-30T11:21:41","slug":"piercing-2","status":"publish","type":"page","link":"https:\/\/beauty-center.pl\/index.php\/piercing-2\/","title":{"rendered":"PIERCING"},"content":{"rendered":"<div  class=\"ui--tagline-box-wrapper ui--animation clearfix\"><div  id=\"tagline-1\" class=\"ui--tagline-box ui-row clearfix ui--tagline-box-custom-color radius-3px\" data-responsive=\"{&quot;css&quot;:{&quot;min-height&quot;:{&quot;phone&quot;:&quot;auto&quot;,&quot;tablet&quot;:&quot;auto&quot;,&quot;widescreen&quot;:&quot;&quot;}}}\"><div  class=\"ui--tagline-background-container ui--tagline-background-overlay radius-3px\"><\/div><div  class=\"ui--tagline-background-container ui--tagline-background-image radius-3px\"><\/div><div  class=\"ui--tagline-content\"><div class=\"ui-row row\">\n <div   class=\"ui-column span4\"><div id=\"nav_menu-8\" class=\"widget widget_nav_menu\"><h4 class=\"sidebar-widget-title ui--widget-title\"><span>PIERCING<\/span><\/h4><div class=\"menu-piercing-container\"><ul id=\"menu-piercing\" class=\"menu\"><li id=\"menu-item-1679\" class=\"menu-item menu-item-type-post_type menu-item-object-page depth-0 to-right\"><a href=\"https:\/\/beauty-center.pl\/index.php\/piercing-2\/\">PIERCING<\/a><\/li>\n<li id=\"menu-item-1678\" class=\"menu-item menu-item-type-post_type menu-item-object-page depth-0 to-right\"><a href=\"https:\/\/beauty-center.pl\/index.php\/piercing-cennik\/\">PIERCING CENNIK<\/a><\/li>\n<\/ul><\/div><\/div><div class=\"auto-format ui--animation\"><\/div><\/div> \n\n <div   class=\"ui-column span8\"><div class=\"ui--title ui--animation ui--title-bordered text-center\"><div class=\"ui--title-holder\"><h3 class=\"ui--title-text\" style=\"color: #bd1e9d !important;\">Czyli przek\u0142uwanie cia\u0142a, bezbole\u015bnie ze znieczuleniem w sterylnych warunkach.<\/h3><div style=\"border-color: #bd1e9d !important;\" class=\"ui--title-borders ui--title-border-left\"><\/div><div style=\"border-color: #bd1e9d !important;\" class=\"ui--title-borders ui--title-border-right\"><\/div><\/div><\/div><div class=\"auto-format ui--animation\"><ul>\n<li>Kolczyki do przek\u0142ucia s\u0105 w sterylnych opakowniach.<\/li>\n<li>OFERUJEMY BARDZO DU\u017bY WYB\u00d3R KOLCZYK\u00d3W. R\u00f3wnie\u017c dla alergik\u00f3w.<\/li>\n<li>Kolczyki najwy\u017cszej jako\u015bci &#8211; tytan G23, PTFE, stal chirurgiczna.<\/li>\n<\/ul>\n<\/div><div class=\"auto-format ui--animation\"><p>Piercing spotykamy dzisiaj na ka\u017cdym kroku &#8211; moda na kolczyki jest niezale\u017cna od wieku, p\u0142ci czy pozycji spo\u0142ecznej. Kolczykowanie sta\u0142o si\u0119 niezwykle popularn\u0105 i stosunkowo bezpieczn\u0105 metod\u0105 ozdabiania cia\u0142a.<\/p>\n<\/div><div class=\"ui--image-wrap clearfix text-center ui--block\" style=\"margin-top: 10px;  margin-bottom: 25px;\"><img loading=\"lazy\" decoding=\"async\" width=\"300\" height=\"305\" src=\"https:\/\/beauty-center.pl\/wp-content\/uploads\/2016\/08\/piercing1.jpg\" class=\"ui--image ui--animation\" alt=\"\" id=\"ui--image-1\" srcset=\"https:\/\/beauty-center.pl\/wp-content\/uploads\/2016\/08\/piercing1.jpg 300w, https:\/\/beauty-center.pl\/wp-content\/uploads\/2016\/08\/piercing1-295x300.jpg 295w\" sizes=\"auto, (max-width: 300px) 100vw, 300px\" \/><\/div><div class=\"ui--title ui--animation ui--title-bordered text-center\"><div class=\"ui--title-holder\"><h3 class=\"ui--title-text\" style=\"color: #bd1e9d !important;\">Przek\u0142uwanie cia\u0142a trwa bardzo kr\u00f3tko - oko\u0142o dw\u00f3ch minut!!!<\/h3><div style=\"border-color: #bd1e9d !important;\" class=\"ui--title-borders ui--title-border-left\"><\/div><div style=\"border-color: #bd1e9d !important;\" class=\"ui--title-borders ui--title-border-right\"><\/div><\/div><\/div><div class=\"auto-format ui--animation\"><p>Wykonujemy to w stuprocentowo sterylnych i bezpiecznych warunkach profesjonalnym sprz\u0119tem. Do wykonania zabiegu u\u017cywamy specjalistycznej p\u0119sety oczkowej z zaciskiem \u015brubowym. Jest to jedno z najbardziej profesjonalnych narz\u0119dzi o nast\u0119puj\u0105cych zaletach:<\/p>\n<\/div><ul class=\"ui--list list-font-icon parent-1\"><li class=\"child-1 total-3 ui--animation\"><i class=\"list-icon 14px fontawesome-check\"><\/i>idealnie trzyma wszystkie warstwy tkanki, pozwalaj\u0105c na precyzyjne przek\u0142ucie,<\/li><li class=\"child-2 total-3 ui--animation\"><i class=\"list-icon 14px fontawesome-check\"><\/i>pozwala na odci\u0119cie dop\u0142ywu krwi co daje szybki efekt znieczulenia i pozbawia nas przykrych dozna\u0144 b\u00f3lowych,<\/li><li class=\"child-3 total-3 ui--animation\"><i class=\"list-icon 14px fontawesome-check\"><\/i>tamuje krwawienie.<\/li>  <\/ul><div class=\"ui--title ui--animation ui--title-bordered text-center\"><div class=\"ui--title-holder\"><h3 class=\"ui--title-text\" style=\"color: #bd1e9d !important;\">Przeciwwskazania do zabiegu:<\/h3><div style=\"border-color: #bd1e9d !important;\" class=\"ui--title-borders ui--title-border-left\"><\/div><div style=\"border-color: #bd1e9d !important;\" class=\"ui--title-borders ui--title-border-right\"><\/div><\/div><\/div><ul class=\"ui--list list-font-icon parent-2\"><li class=\"child-1 total-10 ui--animation\"><i class=\"list-icon 14px fontawesome-check\" style=\"color: #e600e6 !important;\"><\/i>wirusowe zapalenie w\u0105troby (WZW) lub dodatni HBS<\/li><li class=\"child-2 total-10 ui--animation\"><i class=\"list-icon 14px fontawesome-check\" style=\"color: #e600e6 !important;\"><\/i>HIV<\/li><li class=\"child-3 total-10 ui--animation\"><i class=\"list-icon 14px fontawesome-check\" style=\"color: #e600e6 !important;\"><\/i>hemofilia<\/li><li class=\"child-4 total-10 ui--animation\"><i class=\"list-icon 14px fontawesome-check\" style=\"color: #e600e6 !important;\"><\/i>choroby serca<\/li><li class=\"child-5 total-10 ui--animation\"><i class=\"list-icon 14px fontawesome-check\" style=\"color: #e600e6 !important;\"><\/i>cukrzyca<\/li><li class=\"child-6 total-10 ui--animation\"><i class=\"list-icon 14px fontawesome-check\" style=\"color: #e600e6 !important;\"><\/i>epilepsja<\/li><li class=\"child-7 total-10 ui--animation\"><i class=\"list-icon 14px fontawesome-check\" style=\"color: #e600e6 !important;\"><\/i>zaburzenia uk\u0142adu kr\u0105\u017cenia<\/li><li class=\"child-8 total-10 ui--animation\"><i class=\"list-icon 14px fontawesome-check\" style=\"color: #e600e6 !important;\"><\/i>choroby sk\u00f3ry lub zmiany chorobowe w miejscu przek\u0142ucia<\/li><li class=\"child-9 total-10 ui--animation\"><i class=\"list-icon 14px fontawesome-check\" style=\"color: #e600e6 !important;\"><\/i>uzale\u017cnienie od alkoholu i narkotyk\u00f3w<\/li><li class=\"child-10 total-10 ui--animation\"><i class=\"list-icon 14px fontawesome-check\" style=\"color: #e600e6 !important;\"><\/i>ci\u0105\u017ca<\/li>  <\/ul><div class=\"ui--title ui--animation ui--title-bordered text-left\"><div class=\"ui--title-holder\"><h3 class=\"ui--title-text\" style=\"color: #bd1e9d !important;\">Po zabiegu ka\u017cdy klient otrzymuje pisemne zalecenia o sposobie piel\u0119gnacji.<\/h3><div style=\"border-color: #bd1e9d !important;\" class=\"ui--title-borders ui--title-border-left\"><\/div><div style=\"border-color: #bd1e9d !important;\" class=\"ui--title-borders ui--title-border-right\"><\/div><\/div><\/div><div class=\"ui--title ui--animation ui--title-bordered text-left\"><div class=\"ui--title-holder\"><h3 class=\"ui--title-text\" style=\"color: #bd1e9d !important;\">Osoby niepe\u0142noletnie mog\u0105 wykona\u0107 zabieg tylko za zgod\u0105 rodzic\u00f3w.<\/h3><div style=\"border-color: #bd1e9d !important;\" class=\"ui--title-borders ui--title-border-left\"><\/div><div style=\"border-color: #bd1e9d !important;\" class=\"ui--title-borders ui--title-border-right\"><\/div><\/div><\/div><div class=\"ui--title ui--animation ui--title-bordered text-center\"><div class=\"ui--title-holder\"><h3 class=\"ui--title-text\" style=\"color: #bd1e9d !important;\">Pracujemy najnowszym sprz\u0119tem ameryka\u0144skiej firmy \"STUDEX\" i \u2018\u2019BLOMDAHL\u201d - \u015bwiatowych lider\u00f3w w tej dziedzinie.   Kolczyki z plastiku medycznego dla alergik\u00f3w PRZEK\u0141UWANIE USZU SZCZECIN BEAUTY CENTER<\/h3><div style=\"border-color: #bd1e9d !important;\" class=\"ui--title-borders ui--title-border-left\"><\/div><div style=\"border-color: #bd1e9d !important;\" class=\"ui--title-borders ui--title-border-right\"><\/div><\/div><\/div><\/div> \n\n<\/div> \n<\/div><\/div><\/div>","protected":false},"excerpt":{"rendered":"<p>PIERCINGPIERCING PIERCING CENNIK Czyli przek\u0142uwanie cia\u0142a, bezbole\u015bnie ze znieczuleniem w sterylnych warunkach. Kolczyki do przek\u0142ucia s\u0105 w sterylnych opakowniach. OFERUJEMY BARDZO DU\u017bY WYB\u00d3R KOLCZYK\u00d3W. R\u00f3wnie\u017c dla alergik\u00f3w. Kolczyki najwy\u017cszej jako\u015bci &#8211; tytan G23, PTFE, stal chirurgiczna. Piercing spotykamy dzisiaj na ka\u017cdym kroku &#8211; moda na kolczyki jest niezale\u017cna od wieku, p\u0142ci czy pozycji spo\u0142ecznej. Kolczykowanie [&hellip;]<\/p>\n","protected":false},"author":1,"featured_media":0,"parent":0,"menu_order":0,"comment_status":"closed","ping_status":"closed","template":"","meta":{"footnotes":""},"class_list":["post-1673","page","type-page","status-publish","hentry"],"_links":{"self":[{"href":"https:\/\/beauty-center.pl\/index.php\/wp-json\/wp\/v2\/pages\/1673","targetHints":{"allow":["GET"]}}],"collection":[{"href":"https:\/\/beauty-center.pl\/index.php\/wp-json\/wp\/v2\/pages"}],"about":[{"href":"https:\/\/beauty-center.pl\/index.php\/wp-json\/wp\/v2\/types\/page"}],"author":[{"embeddable":true,"href":"https:\/\/beauty-center.pl\/index.php\/wp-json\/wp\/v2\/users\/1"}],"replies":[{"embeddable":true,"href":"https:\/\/beauty-center.pl\/index.php\/wp-json\/wp\/v2\/comments?post=1673"}],"version-history":[{"count":1,"href":"https:\/\/beauty-center.pl\/index.php\/wp-json\/wp\/v2\/pages\/1673\/revisions"}],"predecessor-version":[{"id":1675,"href":"https:\/\/beauty-center.pl\/index.php\/wp-json\/wp\/v2\/pages\/1673\/revisions\/1675"}],"wp:attachment":[{"href":"https:\/\/beauty-center.pl\/index.php\/wp-json\/wp\/v2\/media?parent=1673"}],"curies":[{"name":"wp","href":"https:\/\/api.w.org\/{rel}","templated":true}]}}