{"id":1693,"date":"2016-08-30T13:40:37","date_gmt":"2016-08-30T11:40:37","guid":{"rendered":"http:\/\/beauty.kbsolution.pl\/?page_id=1693"},"modified":"2016-08-30T13:40:37","modified_gmt":"2016-08-30T11:40:37","slug":"cennik-stylizacja-paznokci","status":"publish","type":"page","link":"https:\/\/beauty-center.pl\/index.php\/cennik-stylizacja-paznokci\/","title":{"rendered":"CENNIK STYLIZACJA PAZNOKCI"},"content":{"rendered":"<div  class=\"ui--tagline-box-wrapper ui--animation clearfix\"><div  id=\"tagline-1\" class=\"ui--tagline-box ui-row clearfix ui--tagline-box-custom-color radius-3px\" data-responsive=\"{&quot;css&quot;:{&quot;min-height&quot;:{&quot;phone&quot;:&quot;auto&quot;,&quot;tablet&quot;:&quot;auto&quot;,&quot;widescreen&quot;:&quot;&quot;}}}\"><div  class=\"ui--tagline-background-container ui--tagline-background-overlay radius-3px\"><\/div><div  class=\"ui--tagline-background-container ui--tagline-background-image radius-3px\"><\/div><div  class=\"ui--tagline-content\"><div class=\"ui-row row\">\n <div   class=\"ui-column span4\"><div id=\"nav_menu-9\" class=\"widget widget_nav_menu\"><h4 class=\"sidebar-widget-title ui--widget-title\"><span>STYLIZACJA PAZNOKCI<\/span><\/h4><div class=\"menu-stylizacja-paznokci-container\"><ul id=\"menu-stylizacja-paznokci\" class=\"menu\"><li id=\"menu-item-1696\" class=\"menu-item menu-item-type-post_type menu-item-object-page depth-0 to-right\"><a href=\"https:\/\/beauty-center.pl\/index.php\/pielegnacja-dloni-i-paznokci\/\">PIEL\u0118GNACJA D\u0141ONI I PAZNOKCI<\/a><\/li>\n<li id=\"menu-item-1698\" class=\"menu-item menu-item-type-post_type menu-item-object-page depth-0 to-right\"><a href=\"https:\/\/beauty-center.pl\/index.php\/tipsy-2\/\">TIPSY<\/a><\/li>\n<li id=\"menu-item-1699\" class=\"menu-item menu-item-type-post_type menu-item-object-page depth-0 to-right\"><a href=\"https:\/\/beauty-center.pl\/index.php\/manicure-i-pedicure-hybrydowy\/\">MANICURE I PEDICURE HYBRYDOWY<\/a><\/li>\n<li id=\"menu-item-1695\" class=\"menu-item menu-item-type-post_type menu-item-object-page depth-0 to-right\"><a href=\"https:\/\/beauty-center.pl\/index.php\/cennik-stylizacja-paznokci\/\">CENNIK STYLIZACJA PAZNOKCI<\/a><\/li>\n<\/ul><\/div><\/div><div class=\"auto-format ui--animation\"><\/div><\/div> \n\n <div   class=\"ui-column span8\"><div class=\"ui--title ui--animation ui--title-bordered text-center\"><div class=\"ui--title-holder\"><h3 class=\"ui--title-text\" style=\"color: #bd1e9d !important;\">MANICURE<\/h3><div style=\"border-color: #bd1e9d !important;\" class=\"ui--title-borders ui--title-border-left\"><\/div><div style=\"border-color: #bd1e9d !important;\" class=\"ui--title-borders ui--title-border-right\"><\/div><\/div><\/div><div class=\"auto-format ui--animation\"><p>\n<table id=\"tablepress-23\" class=\"tablepress tablepress-id-23\">\n<thead>\n<tr class=\"row-1\">\n\t<th class=\"column-1\"><center>Rodzaj zabiegu<\/th><th class=\"column-2\"><center>Czas zabiegu<\/th><th class=\"column-3\"><center>Cena zabiegu<\/th>\n<\/tr>\n<\/thead>\n<tbody class=\"row-striping row-hover\">\n<tr class=\"row-2\">\n\t<td class=\"column-1\"><center>Manicure\u00a0(z malowaniem)<\/td><td class=\"column-2\"><center>1godz.<\/td><td class=\"column-3\"><center>60 z\u0142<\/td>\n<\/tr>\n<tr class=\"row-3\">\n\t<td class=\"column-1\"><center>Manicure m\u0119ski<\/td><td class=\"column-2\"><center>1godz.<\/td><td class=\"column-3\"><center>60 z\u0142<\/td>\n<\/tr>\n<tr class=\"row-4\">\n\t<td class=\"column-1\"><center>\u017bel  na paznokcie jeden kolor<\/td><td class=\"column-2\"><center>1,5-2godz.<\/td><td class=\"column-3\"><center>od 120 z\u0142<\/td>\n<\/tr>\n<tr class=\"row-5\">\n\t<td class=\"column-1\"><center>Przed\u0142u\u017canie paznokci \u017celem na szablonie (1 kolor)<\/td><td class=\"column-2\"><center>1,5-2godz.<\/td><td class=\"column-3\"><center>od 140 z\u0142 do 150 z\u0142<\/td>\n<\/tr>\n<tr class=\"row-6\">\n\t<td class=\"column-1\"><center>\u017bel odnowa<\/td><td class=\"column-2\"><center>1,5-2godz.<\/td><td class=\"column-3\"><center>od 120 z\u0142<\/td>\n<\/tr>\n<tr class=\"row-7\">\n\t<td class=\"column-1\"><center>\u017bel odnowa (1 kolor)<\/td><td class=\"column-2\"><center><center>1,5-2godz.<\/td><td class=\"column-3\"><center>od 120z\u0142<\/td>\n<\/tr>\n<tr class=\"row-8\">\n\t<td class=\"column-1\"><center>przedlu\u017canie paznokci \u017celem dla alergik\u00f3w<\/td><td class=\"column-2\"><center>1,5 - 2 godz.<\/td><td class=\"column-3\"><center>150 z\u0142<\/td>\n<\/tr>\n<tr class=\"row-9\">\n\t<td class=\"column-1\"><center>odnowa paznokci \u017celem dla alergikow <\/td><td class=\"column-2\"><center>1,5-2 godz.<\/td><td class=\"column-3\"><center>140 z\u0142<\/td>\n<\/tr>\n<tr class=\"row-10\">\n\t<td class=\"column-1\"><center>Usuni\u0119cie \u017celu<\/td><td class=\"column-2\"><center>30 min<\/td><td class=\"column-3\"><center>75z\u0142<\/td>\n<\/tr>\n<tr class=\"row-11\">\n\t<td class=\"column-1\"><center>Zdobienie, r\u0119czne malowanie<\/td><td class=\"column-2\"><center>od 15 min<\/td><td class=\"column-3\"><center>od 10z\u0142<\/td>\n<\/tr>\n<tr class=\"row-12\">\n\t<td class=\"column-1\"><center>Ca\u0142e paznokcie w cyrkoniach<\/td><td class=\"column-2\"><center>15 min<\/td><td class=\"column-3\"><center>10z\u0142<\/td>\n<\/tr>\n<tr class=\"row-13\">\n\t<td class=\"column-1\"><center>Naprawa 1 paznokcia<\/td><td class=\"column-2\"><center>15 min<\/td><td class=\"column-3\"><center>20z\u0142<\/td>\n<\/tr>\n<\/tbody>\n<\/table>\n<\/p>\n<\/div><div class=\"ui--title ui--animation ui--title-bordered text-center\"><div class=\"ui--title-holder\"><h3 class=\"ui--title-text\" style=\"color: #bd1e9d !important;\">PEDICURE<\/h3><div style=\"border-color: #bd1e9d !important;\" class=\"ui--title-borders ui--title-border-left\"><\/div><div style=\"border-color: #bd1e9d !important;\" class=\"ui--title-borders ui--title-border-right\"><\/div><\/div><\/div><div class=\"auto-format ui--animation\"><p>\n<table id=\"tablepress-24\" class=\"tablepress tablepress-id-24\">\n<thead>\n<tr class=\"row-1\">\n\t<th class=\"column-1\"><center>Rodzaj zabiegu<\/th><th class=\"column-2\"><center>Czas zabiegu<\/th><th class=\"column-3\"><center>Cena zabiegu<\/th>\n<\/tr>\n<\/thead>\n<tbody class=\"row-striping row-hover\">\n<tr class=\"row-2\">\n\t<td class=\"column-1\"><center>Pedicure (1 kolor)<\/td><td class=\"column-2\"><center>1,5 godz.<\/td><td class=\"column-3\"><center> od 110 z\u0142<\/td>\n<\/tr>\n<tr class=\"row-3\">\n\t<td class=\"column-1\"><center>Pedicure + french<\/td><td class=\"column-2\"><center>1.5 godz.<\/td><td class=\"column-3\"><center>120 z\u0142<\/td>\n<\/tr>\n<tr class=\"row-4\">\n\t<td class=\"column-1\"><center>Pedicure hybrydowy +  french <\/td><td class=\"column-2\"><center>1,5 godz.<\/td><td class=\"column-3\"><center>160 z\u0142<\/td>\n<\/tr>\n<tr class=\"row-5\">\n\t<td class=\"column-1\"><center>Pedicure hybrydowy ze wzmocnieniem <\/td><td class=\"column-2\"><center>1,5 godz.<\/td><td class=\"column-3\"><center>od 160z\u0142<\/td>\n<\/tr>\n<tr class=\"row-6\">\n\t<td class=\"column-1\"><center>Pedicure + hybryda (1 kolor) <\/td><td class=\"column-2\"><center>1.5 godz.<\/td><td class=\"column-3\"><center>150 z\u0142<\/td>\n<\/tr>\n<tr class=\"row-7\">\n\t<td class=\"column-1\"><center>Pedicure  hybrydowy  dla alergik\u00f3w<\/td><td class=\"column-2\"><center>1,5 godz.<\/td><td class=\"column-3\"><center>160 z\u0142<\/td>\n<\/tr>\n<tr class=\"row-8\">\n\t<td class=\"column-1\"><center>Usuwanie wrastaj\u0105cego paznokcia za 1 paznokie\u0107<\/td><td class=\"column-2\"><center>0,5 godz.<\/td><td class=\"column-3\"><center>od 50 z\u0142<\/td>\n<\/tr>\n<tr class=\"row-9\">\n\t<td class=\"column-1\"><center>usuwanie odcisk\u00f3w  (1 odcisk)<\/td><td class=\"column-2\"><center>0,5 godz.<\/td><td class=\"column-3\"><center>od 50 z\u0142<\/td>\n<\/tr>\n<tr class=\"row-10\">\n\t<td class=\"column-1\"><center>Naprawa 1 paznokcia<\/td><td class=\"column-2\"><center>15 min<\/td><td class=\"column-3\"><center>20-30 z\u0142<\/td>\n<\/tr>\n<\/tbody>\n<\/table>\n<\/p>\n<\/div><div class=\"ui--title ui--animation ui--title-bordered text-center\"><div class=\"ui--title-holder\"><h3 class=\"ui--title-text\" style=\"color: #bd1e9d !important;\">HYBRYDOWY MANICURE \/ PEDICURE<\/h3><div style=\"border-color: #bd1e9d !important;\" class=\"ui--title-borders ui--title-border-left\"><\/div><div style=\"border-color: #bd1e9d !important;\" class=\"ui--title-borders ui--title-border-right\"><\/div><\/div><\/div><div class=\"auto-format ui--animation\"><p>\n<table id=\"tablepress-25\" class=\"tablepress tablepress-id-25\">\n<thead>\n<tr class=\"row-1\">\n\t<th class=\"column-1\"><center>Rodzaj zabiegu<\/th><th class=\"column-2\"><center>Czas zabiegu<\/th><th class=\"column-3\"><center>Cena zabiegu<\/th>\n<\/tr>\n<\/thead>\n<tbody class=\"row-striping row-hover\">\n<tr class=\"row-2\">\n\t<td class=\"column-1\"><center>Manicure hybrydowy (1 kolor)<\/td><td class=\"column-2\"><center>1godz.<\/td><td class=\"column-3\"><center>100 z\u0142<\/td>\n<\/tr>\n<tr class=\"row-3\">\n\t<td class=\"column-1\"><center>Manicure hybrydowy (French)<\/td><td class=\"column-2\"><center>1godz.<\/td><td class=\"column-3\"><center>od 110 z\u0142<\/td>\n<\/tr>\n<tr class=\"row-4\">\n\t<td class=\"column-1\"><center>Manicure hybrydowy ze wzmocnieniem<\/td><td class=\"column-2\"><center>1godz.<\/td><td class=\"column-3\"><center>110z\u0142<\/td>\n<\/tr>\n<tr class=\"row-5\">\n\t<td class=\"column-1\"><center>Pedicure hybrydowy<\/td><td class=\"column-2\"><center>1godz.<\/td><td class=\"column-3\"><center>150z\u0142<\/td>\n<\/tr>\n<tr class=\"row-6\">\n\t<td class=\"column-1\"><center>Usuni\u0119cie lakieru hybrydowego<\/td><td class=\"column-2\"><center>30min.<\/td><td class=\"column-3\"><center>50 z\u0142<\/td>\n<\/tr>\n<tr class=\"row-7\">\n\t<td class=\"column-1\"><center>Manicure hybrydowy dla alergik\u00f3w <\/td><td class=\"column-2\"><center> 1 godz.<\/td><td class=\"column-3\"><center>120 z\u0142<\/td>\n<\/tr>\n<tr class=\"row-8\">\n\t<td class=\"column-1\"><center>Usuni\u0119cie hybrydy  + manicure 1 kolor<\/td><td class=\"column-2\"><center>1godz.<\/td><td class=\"column-3\"><center>80z\u0142<\/td>\n<\/tr>\n<\/tbody>\n<\/table>\n<\/p>\n<\/div><div class=\"ui--title ui--animation ui--title-bordered text-center\"><div class=\"ui--title-holder\"><h3 class=\"ui--title-text\" style=\"color: #bd1e9d !important;\">TIPSY<\/h3><div style=\"border-color: #bd1e9d !important;\" class=\"ui--title-borders ui--title-border-left\"><\/div><div style=\"border-color: #bd1e9d !important;\" class=\"ui--title-borders ui--title-border-right\"><\/div><\/div><\/div><div class=\"auto-format ui--animation\"><p>\n<table id=\"tablepress-26\" class=\"tablepress tablepress-id-26\">\n<thead>\n<tr class=\"row-1\">\n\t<th class=\"column-1\"><center>Rodzaj zabiegu<\/th><th class=\"column-2\"><center>Czas zabiegu<\/th><th class=\"column-3\"><center>Cena zabiegu<\/th>\n<\/tr>\n<\/thead>\n<tbody class=\"row-striping row-hover\">\n<tr class=\"row-2\">\n\t<td class=\"column-1\"><center>Tipsy + malowanie<\/td><td class=\"column-2\"><center>1,5-2godz.<\/td><td class=\"column-3\"><center>od 130z\u0142<\/td>\n<\/tr>\n<tr class=\"row-3\">\n\t<td class=\"column-1\"><center>Tipsy + french<\/td><td class=\"column-2\"><center>1,5-2godz.<\/td><td class=\"column-3\"><center>140 z\u0142<\/td>\n<\/tr>\n<tr class=\"row-4\">\n\t<td class=\"column-1\"><center>Tipsy + wtapianie (brokat, kamienie, kwiaty) <\/td><td class=\"column-2\"><center>1,5-2godz.<\/td><td class=\"column-3\"><center>150-180z\u0142<\/td>\n<\/tr>\n<tr class=\"row-5\">\n\t<td class=\"column-1\"><center>Usuni\u0119cie tips\u00f3w<\/td><td class=\"column-2\"><center>30min.<\/td><td class=\"column-3\"><center>85 z\u0142<\/td>\n<\/tr>\n<tr class=\"row-6\">\n\t<td class=\"column-1\"><center>Odnowa tips\u00f3w<\/td><td class=\"column-2\"><center>1,5-2godz.<\/td><td class=\"column-3\"><center>120 z\u0142<\/td>\n<\/tr>\n<\/tbody>\n<\/table>\n<\/p>\n<\/div><\/div> \n\n<\/div> \n<\/div><\/div><\/div>","protected":false},"excerpt":{"rendered":"<p>STYLIZACJA PAZNOKCIPIEL\u0118GNACJA D\u0141ONI I PAZNOKCI TIPSY MANICURE I PEDICURE HYBRYDOWY CENNIK STYLIZACJA PAZNOKCI MANICURE Rodzaj zabieguCzas zabieguCena zabiegu Manicure\u00a0(z malowaniem)1godz.60 z\u0142 Manicure m\u0119ski1godz.60 z\u0142 \u017bel na paznokcie jeden kolor1,5-2godz.od 120 z\u0142 Przed\u0142u\u017canie paznokci \u017celem na szablonie (1 kolor)1,5-2godz.od 140 z\u0142 do 150 z\u0142 \u017bel odnowa1,5-2godz.od 120 z\u0142 \u017bel odnowa (1 kolor)1,5-2godz.od 120z\u0142 przedlu\u017canie paznokci \u017celem [&hellip;]<\/p>\n","protected":false},"author":1,"featured_media":0,"parent":0,"menu_order":0,"comment_status":"closed","ping_status":"closed","template":"","meta":{"footnotes":""},"class_list":["post-1693","page","type-page","status-publish","hentry"],"_links":{"self":[{"href":"https:\/\/beauty-center.pl\/index.php\/wp-json\/wp\/v2\/pages\/1693","targetHints":{"allow":["GET"]}}],"collection":[{"href":"https:\/\/beauty-center.pl\/index.php\/wp-json\/wp\/v2\/pages"}],"about":[{"href":"https:\/\/beauty-center.pl\/index.php\/wp-json\/wp\/v2\/types\/page"}],"author":[{"embeddable":true,"href":"https:\/\/beauty-center.pl\/index.php\/wp-json\/wp\/v2\/users\/1"}],"replies":[{"embeddable":true,"href":"https:\/\/beauty-center.pl\/index.php\/wp-json\/wp\/v2\/comments?post=1693"}],"version-history":[{"count":1,"href":"https:\/\/beauty-center.pl\/index.php\/wp-json\/wp\/v2\/pages\/1693\/revisions"}],"predecessor-version":[{"id":1694,"href":"https:\/\/beauty-center.pl\/index.php\/wp-json\/wp\/v2\/pages\/1693\/revisions\/1694"}],"wp:attachment":[{"href":"https:\/\/beauty-center.pl\/index.php\/wp-json\/wp\/v2\/media?parent=1693"}],"curies":[{"name":"wp","href":"https:\/\/api.w.org\/{rel}","templated":true}]}}