{"id":1726,"date":"2016-09-14T21:31:37","date_gmt":"2016-09-14T19:31:37","guid":{"rendered":"http:\/\/beauty.kbsolution.pl\/?page_id=1726"},"modified":"2019-10-25T18:25:29","modified_gmt":"2019-10-25T16:25:29","slug":"nici-liftingujace-pdo","status":"publish","type":"page","link":"https:\/\/beauty-center.pl\/index.php\/nici-liftingujace-pdo\/","title":{"rendered":"NICI LIFTINGUJ\u0104CE PDO"},"content":{"rendered":"<div  class=\"ui--tagline-box-wrapper ui--animation clearfix\"><div  id=\"tagline-2\" class=\"ui--tagline-box ui-row clearfix ui--tagline-box-custom-color radius-3px\" data-responsive=\"{&quot;css&quot;:{&quot;min-height&quot;:{&quot;phone&quot;:&quot;auto&quot;,&quot;tablet&quot;:&quot;auto&quot;,&quot;widescreen&quot;:&quot;&quot;}}}\"><div  class=\"ui--tagline-background-container ui--tagline-background-overlay radius-3px\"><\/div><div  class=\"ui--tagline-background-container ui--tagline-background-image radius-3px\"><\/div><div  class=\"ui--tagline-content\"><div class=\"ui-row row\">\n <div   class=\"ui-column span4\"><div id=\"nav_menu-10\" class=\"widget widget_nav_menu\"><h4 class=\"sidebar-widget-title ui--widget-title\"><span>KOSMETOLOGIA MEDYCZNA<\/span><\/h4><div class=\"menu-kosmetologia-medyczna-container\"><ul id=\"menu-kosmetologia-medyczna\" class=\"menu\"><li id=\"menu-item-1786\" class=\"menu-item menu-item-type-post_type menu-item-object-page menu-item-has-children depth-0 to-right\"><a href=\"https:\/\/beauty-center.pl\/index.php\/botox\/\">BOTOKS- likwidowanie zmarszczek<\/a>\n<ul class=\"sub-menu\">\n\t<li id=\"menu-item-2747\" class=\"menu-item menu-item-type-post_type menu-item-object-page depth-1 to-right\"><a href=\"https:\/\/beauty-center.pl\/index.php\/blokowanie-receptorow-glodu-botoxem\/\">Blokowanie receptor\u00f3w g\u0142odu botoxem<\/a><\/li>\n\t<li id=\"menu-item-2087\" class=\"menu-item menu-item-type-post_type menu-item-object-page depth-1 to-right\"><a href=\"https:\/\/beauty-center.pl\/index.php\/botox-leczenie-bruksizmu\/\">botoks-  bruksizm<\/a><\/li>\n\t<li id=\"menu-item-2092\" class=\"menu-item menu-item-type-post_type menu-item-object-page depth-1 to-right\"><a href=\"https:\/\/beauty-center.pl\/index.php\/botoks-leczenie-nadpotliwosci\/\">botoks- nadpotliwo\u015bci<\/a><\/li>\n\t<li id=\"menu-item-2946\" class=\"menu-item menu-item-type-post_type menu-item-object-page depth-1 to-right\"><a href=\"https:\/\/beauty-center.pl\/index.php\/botoks-full-face-2\/\">Botoks Full Face<\/a><\/li>\n<\/ul>\n<\/li>\n<li id=\"menu-item-2642\" class=\"menu-item menu-item-type-post_type menu-item-object-page depth-0 to-right\"><a href=\"https:\/\/beauty-center.pl\/index.php\/lip-flip-usta-botoks\/\">LIP FLIP \u2013 usta botoks<\/a><\/li>\n<li id=\"menu-item-2233\" class=\"menu-item menu-item-type-post_type menu-item-object-page depth-0 to-right\"><a href=\"https:\/\/beauty-center.pl\/index.php\/nici-liftingujace-haczykowe-4d\/\">NICI LIFTINGUJ\u0104CE HACZYKOWE 4D<\/a><\/li>\n<li id=\"menu-item-1728\" class=\"menu-item menu-item-type-post_type menu-item-object-page depth-0 to-right\"><a href=\"https:\/\/beauty-center.pl\/index.php\/nici-liftingujace-pdo\/\">NICI LIFTINGUJ\u0104CE PDO<\/a><\/li>\n<li id=\"menu-item-2637\" class=\"menu-item menu-item-type-post_type menu-item-object-page depth-0 to-right\"><a href=\"https:\/\/beauty-center.pl\/index.php\/nici-liftingujace-plla\/\">NICI LIFTINGUJ\u0104CE PLLA<\/a><\/li>\n<li id=\"menu-item-1729\" class=\"menu-item menu-item-type-post_type menu-item-object-page depth-0 to-right\"><a href=\"https:\/\/beauty-center.pl\/index.php\/powiekszanie-ust-i-wypelnianie-zmarszczeck\/\">POWI\u0118KSZANIE UST I WYPE\u0141NIANIE ZMARSZCZEK<\/a><\/li>\n<li id=\"menu-item-1733\" class=\"menu-item menu-item-type-post_type menu-item-object-page depth-0 to-right\"><a href=\"https:\/\/beauty-center.pl\/index.php\/wolumetria\/\">WOLUMETRIA<\/a><\/li>\n<li id=\"menu-item-1923\" class=\"menu-item menu-item-type-post_type menu-item-object-page depth-0 to-right\"><a href=\"https:\/\/beauty-center.pl\/index.php\/osocze-bogatoplytkowe-czyli-wampirzy-lifting\/\">OSOCZE BOGATOP\u0141YTKOWE, CZYLI WAMPIRZY LIFTING<\/a><\/li>\n<li id=\"menu-item-2564\" class=\"menu-item menu-item-type-post_type menu-item-object-page menu-item-has-children depth-0 to-right\"><a href=\"https:\/\/beauty-center.pl\/index.php\/stymulatory-tkankowe\/\">STYMULATORY TKANKOWE<\/a>\n<ul class=\"sub-menu\">\n\t<li id=\"menu-item-2774\" class=\"menu-item menu-item-type-post_type menu-item-object-page depth-1 to-right\"><a href=\"https:\/\/beauty-center.pl\/index.php\/kwas-polimlekowy\/\">kwas polimlekowy<\/a><\/li>\n\t<li id=\"menu-item-2782\" class=\"menu-item menu-item-type-post_type menu-item-object-page depth-1 to-right\"><a href=\"https:\/\/beauty-center.pl\/index.php\/tropokolagen\/\">tropokolagen<\/a><\/li>\n\t<li id=\"menu-item-2650\" class=\"menu-item menu-item-type-post_type menu-item-object-page depth-1 to-right\"><a href=\"https:\/\/beauty-center.pl\/index.php\/radisse\/\">radiesse<\/a><\/li>\n\t<li id=\"menu-item-2064\" class=\"menu-item menu-item-type-post_type menu-item-object-page depth-1 to-right\"><a href=\"https:\/\/beauty-center.pl\/index.php\/profhilo-molekula-mlodosci\/\">profhilo- moleku\u0142a m\u0142odo\u015bci<\/a><\/li>\n\t<li id=\"menu-item-2719\" class=\"menu-item menu-item-type-post_type menu-item-object-page depth-1 to-right\"><a href=\"https:\/\/beauty-center.pl\/index.php\/neauvia-stimulate\/\">Neauvia stimulate<\/a><\/li>\n\t<li id=\"menu-item-2662\" class=\"menu-item menu-item-type-post_type menu-item-object-page depth-1 to-right\"><a href=\"https:\/\/beauty-center.pl\/index.php\/neauvia-hydro-deluxe\/\">Neauvia Hydro Deluxe<\/a><\/li>\n\t<li id=\"menu-item-2676\" class=\"menu-item menu-item-type-post_type menu-item-object-page depth-1 to-right\"><a href=\"https:\/\/beauty-center.pl\/index.php\/neauvia\/\">neauvia Instense Flux<\/a><\/li>\n\t<li id=\"menu-item-2657\" class=\"menu-item menu-item-type-post_type menu-item-object-page depth-1 to-right\"><a href=\"https:\/\/beauty-center.pl\/index.php\/nithya\/\">nithya<\/a><\/li>\n\t<li id=\"menu-item-2274\" class=\"menu-item menu-item-type-post_type menu-item-object-page depth-1 to-right\"><a href=\"https:\/\/beauty-center.pl\/index.php\/nucleofill\/\">nucleofill<\/a><\/li>\n\t<li id=\"menu-item-2683\" class=\"menu-item menu-item-type-post_type menu-item-object-page depth-1 to-right\"><a href=\"https:\/\/beauty-center.pl\/index.php\/juvelook\/\">Juvelook<\/a><\/li>\n\t<li id=\"menu-item-2069\" class=\"menu-item menu-item-type-post_type menu-item-object-page depth-1 to-right\"><a href=\"https:\/\/beauty-center.pl\/index.php\/ellanse\/\">ellanse<\/a><\/li>\n\t<li id=\"menu-item-2080\" class=\"menu-item menu-item-type-post_type menu-item-object-page depth-1 to-right\"><a href=\"https:\/\/beauty-center.pl\/index.php\/sunekos-2\/\">sunekos<\/a><\/li>\n\t<li id=\"menu-item-2288\" class=\"menu-item menu-item-type-post_type menu-item-object-page depth-1 to-right\"><a href=\"https:\/\/beauty-center.pl\/index.php\/prostrolane\/\">prostolane<\/a><\/li>\n<\/ul>\n<\/li>\n<li id=\"menu-item-2293\" class=\"menu-item menu-item-type-post_type menu-item-object-page depth-0 to-right\"><a href=\"https:\/\/beauty-center.pl\/index.php\/laser-frakcyjny\/\">LASER FRAKCYJNY<\/a><\/li>\n<li id=\"menu-item-2797\" class=\"menu-item menu-item-type-post_type menu-item-object-page depth-0 to-right\"><a href=\"https:\/\/beauty-center.pl\/index.php\/laserowe-usuwanie-tatuazu\/\">LASEROWE USUWANIE TATUA\u017bU<\/a><\/li>\n<li id=\"menu-item-2356\" class=\"menu-item menu-item-type-post_type menu-item-object-page menu-item-has-children depth-0 to-right\"><a href=\"https:\/\/beauty-center.pl\/index.php\/mezoterapia-iglowa-2\/\">MEZOTERAPIA IG\u0141OWA<\/a>\n<ul class=\"sub-menu\">\n\t<li id=\"menu-item-2559\" class=\"menu-item menu-item-type-post_type menu-item-object-page depth-1 to-right\"><a href=\"https:\/\/beauty-center.pl\/index.php\/2556-2\/\">mezoterapia worki i cienie pod oczami<\/a><\/li>\n\t<li id=\"menu-item-2560\" class=\"menu-item menu-item-type-post_type menu-item-object-page depth-1 to-right\"><a href=\"https:\/\/beauty-center.pl\/index.php\/2553-2\/\">mezoterapia Koktajl witaminowy<\/a><\/li>\n\t<li id=\"menu-item-2379\" class=\"menu-item menu-item-type-post_type menu-item-object-page depth-1 to-right\"><a href=\"https:\/\/beauty-center.pl\/index.php\/mezoterapia-pod-oczy\/\">mezoterapia pod oczy<\/a><\/li>\n<\/ul>\n<\/li>\n<li id=\"menu-item-2539\" class=\"menu-item menu-item-type-post_type menu-item-object-page depth-0 to-right\"><a href=\"https:\/\/beauty-center.pl\/index.php\/kwasy-tca\/\">Peelingi chemiczne PRZEBARWIENIA<\/a><\/li>\n<li id=\"menu-item-2544\" class=\"menu-item menu-item-type-post_type menu-item-object-page depth-0 to-right\"><a href=\"https:\/\/beauty-center.pl\/index.php\/peelingi-chemiczne-tradzik\/\">Peelingi chemiczne TR\u0104DZIK<\/a><\/li>\n<\/ul><\/div><\/div><div class=\"auto-format ui--animation\"><\/div><\/div> \n\n <div   class=\"ui-column span8\"><div class=\"ui--title ui--animation ui--title-bordered text-center\"><div class=\"ui--title-holder\"><h3 class=\"ui--title-text\" style=\"color: #bd1e9d !important;\">NICI LIFTINGUJ\u0104CE PDO<\/h3><div style=\"border-color: #bd1e9d !important;\" class=\"ui--title-borders ui--title-border-left\"><\/div><div style=\"border-color: #bd1e9d !important;\" class=\"ui--title-borders ui--title-border-right\"><\/div><\/div><\/div><div class=\"auto-format ui--animation\"><p>\nPDO (polidioksanon) jest materia\u0142em znanym i stosowanym w medycynie od wielu lat. Znajduje zastosowanie g\u0142\u00f3wnie w chirurgii plastycznej, gastroenterologii, urologii, ginekologii i okulistyce.<\/p>\n<p>Nici PDO przeznaczone s\u0105 do korekty r\u00f3\u017cnych defekt\u00f3w estetycznych twarzy. Ni\u0107 umieszczona jest na sterylnej, bardzo cienkiej igle, przy pomocy kt\u00f3rej wprowadzamy j\u0105 w okre\u015blone okolice sk\u00f3ry twarzy, szyi, dekoltu, biustu, po\u015bladk\u00f3w, brzucha i n\u00f3g.<\/p>\n<p>Efekt jest d\u0142ugotrwa\u0142y (do 2 lat).<\/p>\n<p><strong>Jakie s\u0105 zalety zabiegu z u\u017cyciem nici PDO?<\/strong><\/p>\n<ul>\n<li>wysoka skuteczno\u015b\u0107<\/li>\n<li>natychmiastowe wyniki<\/li>\n<li>brak naci\u0119\u0107 i blizn<\/li>\n<li>nici s\u0105 ca\u0142kowicie wch\u0142anialne<\/li>\n<li>mo\u017cliwo\u015b\u0107 powt\u00f3rzenia zabiegu<\/li>\n<li>brak widoczno\u015bci i wyczuwalno\u015bci nici<\/li>\n<\/ul>\n<p><strong>Jakie s\u0105 wskazania do zabiegu z u\u017cyciem nici PDO?<\/strong><\/p>\n<ul>\n<li>Lifting twarzy (opadaj\u0105ce policzki)<\/li>\n<li>Lifting czo\u0142a (obni\u017cone i opadaj\u0105ce brwi)<\/li>\n<li>Wyra\u017any fa\u0142d nosowo-wargowy<\/li>\n<li>Fa\u0142d podbr\u00f3dkowy<\/li>\n<li>Fa\u0142d marionetkowy<\/li>\n<li>V-lifting<\/li>\n<li>Opadaj\u0105ce policzki<\/li>\n<li>Fa\u0142dy sk\u00f3ry na policzku<\/li>\n<\/ul>\n<p><strong>Jakie s\u0105 przeciwwskazania:<\/strong><\/p>\n<ul>\n<li>ci\u0105\u017ca i okres karmienia piersi\u0105<\/li>\n<li>choroba nowotworowa<\/li>\n<li>choroby autoimmunologiczne<\/li>\n<li>niewyr\u00f3wnana cukrzyca<\/li>\n<li>tendencje do powstawania bliznowc\u00f3w<\/li>\n<li>otwarte rany lub zmiany chorobowe sk\u00f3ry<\/li>\n<li>infekcje wirusowe (opryszczka)<\/li>\n<li>przezi\u0119bienie, choroby gor\u0105czkowe<\/li>\n<li>zaburzenia krzepliwo\u015bci krwi<\/li>\n<li>terapia przeciwzakrzepowa<\/li>\n<\/ul>\n<p><strong>Czy zabieg jest bolesny?<\/strong><br \/>\nPacjent mo\u017ce odczuwa\u0107 delikatne uk\u0142ucia, jak przy zabiegu akupunktury. W naszym Centrum staramy si\u0119 zapewni\u0107 Klientom jak najwi\u0119kszy komfort podczas zabieg\u00f3w, dlatego ka\u017cda osoba ma na\u0142o\u017cony krem znieczulaj\u0105cy, co czyni zabiegi praktycznie bezbolesnymi.<\/p>\n<p><strong>Zalecenia pozabiegowe<\/strong><br \/>\nNie ma przeciwwskaza\u0144 by wr\u00f3ci\u0107 do codziennych czynno\u015bci. Powsta\u0142e od wk\u0142u\u0107 zaczerwienienia ust\u0119puj\u0105 po 3-5 godzinach od zabiegu.<\/p>\n<p><strong>Koszt zabiegu 40 z\u0142. za nitk\u0119<\/strong><br \/>\n\u015aredni koszt zabiegu uniesienia brwi i liftingu czo\u0142a to koszt oko\u0142o 400 PLN,<br \/>\nPoprawa konturu \u017cuchwy i podniesienie tzw chomik\u00f3w to koszt oko\u0142o 500 z\u0142 PLN<br \/>\nPoprawa podbr\u00f3dka oko\u0142o 300 PLN.<br \/>\nNici z haczykami unosz\u0105ce policzki, wysmuklaj\u0105ce, likwiduj\u0105ce chomiki &#8211; 190 z\u0142. 1 sztuka<br \/>\nPodane ceny s\u0105 tylko orientacyjne i ka\u017cdorazowo uzale\u017cnione od ilo\u015bci zu\u017cytych nici.<\/p>\n<p>Ze wzgl\u0119du na niewielk\u0105 inwazyjno\u015b\u0107 procedury, brak powik\u0142a\u0144, natychmiastowe efekty, brak dyskomfortu, zabiegi z zastosowaniem nici PDO w najbli\u017cszym czasie mog\u0105 zdominowa\u0107 rynek medycyny i kosmetologii estetycznej, zw\u0142aszcza, \u017ce osi\u0105gane efekty zbli\u017cone s\u0105 do zabieg\u00f3w chirurgicznych.<\/p>\n<p>PDO (polidioksanon) jest materia\u0142em znanym i stosowanym w medycynie od wielu lat. Znajduje zastosowanie g\u0142\u00f3wnie w chirurgii plastycznej, gastroenterologii, urologii, ginekologii i okulistyce.<\/p>\n<p>Nici PDO przeznaczone s\u0105 do korekty r\u00f3\u017cnych defekt\u00f3w estetycznych twarzy. Ni\u0107 umieszczona jest na sterylnej, bardzo cienkiej igle, przy pomocy kt\u00f3rej wprowadzamy j\u0105 w okre\u015blone okolice sk\u00f3ry twarzy, szyi, dekoltu, biustu, po\u015bladk\u00f3w, brzucha i n\u00f3g.<\/p>\n<p>Efekt jest d\u0142ugotrwa\u0142y (do 2 lat).<\/p>\n<p>Jakie s\u0105 zalety zabiegu z u\u017cyciem nici PDO?<\/p>\n<p>wysoka skuteczno\u015b\u0107<br \/>\nnatychmiastowe wyniki<br \/>\nbrak naci\u0119\u0107 i blizn<br \/>\nnici s\u0105 ca\u0142kowicie wch\u0142anialne<br \/>\nmo\u017cliwo\u015b\u0107 powt\u00f3rzenia zabiegu<br \/>\nbrak widoczno\u015bci i wyczuwalno\u015bci nici<br \/>\nJakie s\u0105 wskazania do zabiegu z u\u017cyciem nici PDO?<\/p>\n<p>Lifting twarzy (opadaj\u0105ce policzki)<br \/>\nLifting czo\u0142a (obni\u017cone i opadaj\u0105ce brwi)<br \/>\nWyra\u017any fa\u0142d nosowo-wargowy<br \/>\nFa\u0142d podbr\u00f3dkowy<br \/>\nFa\u0142d marionetkowy<br \/>\nV-lifting<br \/>\nOpadaj\u0105ce policzki<br \/>\nFa\u0142dy sk\u00f3ry na policzku<br \/>\nJakie s\u0105 przeciwwskazania:<\/p>\n<p>ci\u0105\u017ca i okres karmienia piersi\u0105<br \/>\nchoroba nowotworowa<br \/>\nchoroby autoimmunologiczne<br \/>\nniewyr\u00f3wnana cukrzyca<br \/>\ntendencje do powstawania bliznowc\u00f3w<br \/>\notwarte rany lub zmiany chorobowe sk\u00f3ry<br \/>\ninfekcje wirusowe (opryszczka)<br \/>\nprzezi\u0119bienie, choroby gor\u0105czkowe<br \/>\nzaburzenia krzepliwo\u015bci krwi<br \/>\nterapia przeciwzakrzepowa<br \/>\nCzy zabieg jest bolesny?<br \/>\nPacjent mo\u017ce odczuwa\u0107 delikatne uk\u0142ucia, jak przy zabiegu akupunktury. W naszym Centrum staramy si\u0119 zapewni\u0107 Klientom jak najwi\u0119kszy komfort podczas zabieg\u00f3w, dlatego ka\u017cda osoba ma na\u0142o\u017cony krem znieczulaj\u0105cy, co czyni zabiegi praktycznie bezbolesnymi.<\/p>\n<p>Zalecenia pozabiegowe<br \/>\nNie ma przeciwwskaza\u0144 by wr\u00f3ci\u0107 do codziennych czynno\u015bci. Powsta\u0142e od wk\u0142u\u0107 zaczerwienienia ust\u0119puj\u0105 po 3-5 godzinach od zabiegu.<br \/>\n<a href=\"http:\/\/lorena.nazwa.pl\/blog_nici\/\"> ZAPRASZAMY NA BLOG <\/a><\/p>\n<\/div><div  class=\"ui--tagline-box-wrapper ui--animation clearfix\"><div  id=\"tagline-1\" class=\"ui--tagline-box ui-row clearfix ui--tagline-box-custom-color radius-3px\" data-responsive=\"{&quot;css&quot;:{&quot;min-height&quot;:{&quot;phone&quot;:&quot;auto&quot;,&quot;tablet&quot;:&quot;auto&quot;,&quot;widescreen&quot;:&quot;&quot;}}}\"><div  class=\"ui--tagline-background-container ui--tagline-background-overlay radius-3px\"><\/div><div  class=\"ui--tagline-background-container ui--tagline-background-image radius-3px\"><\/div><div  class=\"ui--tagline-content\"><\/div><\/div><\/div><\/div> \n\n<\/div> \n<\/div><\/div><\/div>","protected":false},"excerpt":{"rendered":"<p>KOSMETOLOGIA MEDYCZNABOTOKS- likwidowanie zmarszczek Blokowanie receptor\u00f3w g\u0142odu botoxem botoks- bruksizm botoks- nadpotliwo\u015bci Botoks Full Face LIP FLIP \u2013 usta botoks NICI LIFTINGUJ\u0104CE HACZYKOWE 4D NICI LIFTINGUJ\u0104CE PDO NICI LIFTINGUJ\u0104CE PLLA POWI\u0118KSZANIE UST I WYPE\u0141NIANIE ZMARSZCZEK WOLUMETRIA OSOCZE BOGATOP\u0141YTKOWE, CZYLI WAMPIRZY LIFTING STYMULATORY TKANKOWE kwas polimlekowy tropokolagen radiesse profhilo- moleku\u0142a m\u0142odo\u015bci Neauvia stimulate Neauvia Hydro Deluxe [&hellip;]<\/p>\n","protected":false},"author":1,"featured_media":0,"parent":0,"menu_order":0,"comment_status":"closed","ping_status":"closed","template":"","meta":{"footnotes":""},"class_list":["post-1726","page","type-page","status-publish","hentry"],"_links":{"self":[{"href":"https:\/\/beauty-center.pl\/index.php\/wp-json\/wp\/v2\/pages\/1726","targetHints":{"allow":["GET"]}}],"collection":[{"href":"https:\/\/beauty-center.pl\/index.php\/wp-json\/wp\/v2\/pages"}],"about":[{"href":"https:\/\/beauty-center.pl\/index.php\/wp-json\/wp\/v2\/types\/page"}],"author":[{"embeddable":true,"href":"https:\/\/beauty-center.pl\/index.php\/wp-json\/wp\/v2\/users\/1"}],"replies":[{"embeddable":true,"href":"https:\/\/beauty-center.pl\/index.php\/wp-json\/wp\/v2\/comments?post=1726"}],"version-history":[{"count":3,"href":"https:\/\/beauty-center.pl\/index.php\/wp-json\/wp\/v2\/pages\/1726\/revisions"}],"predecessor-version":[{"id":2073,"href":"https:\/\/beauty-center.pl\/index.php\/wp-json\/wp\/v2\/pages\/1726\/revisions\/2073"}],"wp:attachment":[{"href":"https:\/\/beauty-center.pl\/index.php\/wp-json\/wp\/v2\/media?parent=1726"}],"curies":[{"name":"wp","href":"https:\/\/api.w.org\/{rel}","templated":true}]}}