{"id":1734,"date":"2016-09-14T21:56:40","date_gmt":"2016-09-14T19:56:40","guid":{"rendered":"http:\/\/beauty.kbsolution.pl\/?page_id=1734"},"modified":"2016-09-14T21:56:40","modified_gmt":"2016-09-14T19:56:40","slug":"solarium-3","status":"publish","type":"page","link":"https:\/\/beauty-center.pl\/index.php\/solarium-3\/","title":{"rendered":"SOLARIUM"},"content":{"rendered":"<div  class=\"ui--tagline-box-wrapper ui--animation clearfix\"><div  id=\"tagline-1\" class=\"ui--tagline-box ui-row clearfix ui--tagline-box-custom-color radius-3px\" data-responsive=\"{&quot;css&quot;:{&quot;min-height&quot;:{&quot;phone&quot;:&quot;auto&quot;,&quot;tablet&quot;:&quot;auto&quot;,&quot;widescreen&quot;:&quot;&quot;}}}\"><div  class=\"ui--tagline-background-container ui--tagline-background-overlay radius-3px\"><\/div><div  class=\"ui--tagline-background-container ui--tagline-background-image radius-3px\"><\/div><div  class=\"ui--tagline-content\"><div class=\"ui-row row\">\n <div   class=\"ui-column span4\"><div id=\"nav_menu-11\" class=\"widget widget_nav_menu\"><h4 class=\"sidebar-widget-title ui--widget-title\"><span>SOLARIUM<\/span><\/h4><div class=\"menu-solarium-container\"><ul id=\"menu-solarium\" class=\"menu\"><li id=\"menu-item-1739\" class=\"menu-item menu-item-type-post_type menu-item-object-page depth-0 to-right\"><a href=\"https:\/\/beauty-center.pl\/index.php\/solarium-3\/\">SOLARIUM<\/a><\/li>\n<\/ul><\/div><\/div><\/div> \n\n <div   class=\"ui-column span8\"><div class=\"ui--title ui--animation ui--title-bordered text-center\"><div class=\"ui--title-holder\"><h3 class=\"ui--title-text\" style=\"color: #bd1e9d !important;\">SOLARIUM<\/h3><div style=\"border-color: #bd1e9d !important;\" class=\"ui--title-borders ui--title-border-left\"><\/div><div style=\"border-color: #bd1e9d !important;\" class=\"ui--title-borders ui--title-border-right\"><\/div><\/div><\/div><div class=\"ui--title ui--animation ui--title-bordered text-center\"><div class=\"ui--title-holder\"><h3 class=\"ui--title-text\" style=\"color: #bd1e9d !important;\">Perfekcyjna opalenizna + Witamina D<\/h3><div style=\"border-color: #bd1e9d !important;\" class=\"ui--title-borders ui--title-border-left\"><\/div><div style=\"border-color: #bd1e9d !important;\" class=\"ui--title-borders ui--title-border-right\"><\/div><\/div><\/div><div class=\"ui--title ui--animation ui--title-bordered text-center\"><div class=\"ui--title-holder\"><h3 class=\"ui--title-text\" style=\"color: #bd1e9d !important;\"> Zapraszamy codziennie na s\u0142oneczn\u0105 opalenizn\u0119. Nowe lampy podw\u00f3jnie br\u0105zuj\u0105ce!<\/h3><div style=\"border-color: #bd1e9d !important;\" class=\"ui--title-borders ui--title-border-left\"><\/div><div style=\"border-color: #bd1e9d !important;\" class=\"ui--title-borders ui--title-border-right\"><\/div><\/div><\/div><div class=\"auto-format ui--animation\"><p>Nasz Salon charakteryzuje si\u0119 najnowocze\u015bniejszymi lampami i l\u00f3\u017ckami, absolutn\u0105 higien\u0105 oraz niepowtarzalnym klimatem. Nasz\u0105 dewiz\u0105 jest zadowolony klient, \u0142adna, zdrowa i trwa\u0142a opalenizna po konkurencyjnej cenie. Oferujemy w nim mo\u017cliwo\u015b\u0107 uzyskania pi\u0119knej opalenizny na najnowszych i najbezpieczniejszych urz\u0105dzeniach. Nasza dewiza to komfort, bezpiecze\u0144stwo i skuteczno\u015b\u0107 opalania.<br \/>\nMEGASUN &#8211; TUBA z platworm\u0105 wibracyjn\u0105 i programami kszta\u0142tuj\u0105cymi sylwetk\u0119.<\/p>\n<p><strong>CENA: 1 min.=2,50 z\u0142.<\/strong><\/p>\n<p>Kabina odchudzaj\u0105co &#8211; uj\u0119drniaj\u0105ca &#8211; to lider w\u015br\u00f3d profesjonalnych produkt\u00f3w w nowoczesnych salonach, to innowacyjno\u015b\u0107 i styl. Poza lampami solaryjnymi (2m) posiada ruchoma platform\u0119, kt\u00f3ra daje mo\u017cliwo\u015b\u0107 przeprowadzenia kompleksowego treningu zar\u00f3wno dla os\u00f3b rozpoczynaj\u0105cych kszta\u0142towanie sylwetki jak i tych zaawansowanych. Podczas sesji opalania mo\u017cesz zrelaksowa\u0107 si\u0119 przy wspania\u0142ej muzyce w odbiorze stereo, kt\u00f3ra poprowadzi Twoje cia\u0142o i mi\u0119\u015bnie w stan treningu. Pe\u0142en komfort i mo\u017cliwo\u015b\u0107 wyboru techniki wibracji pozwala Tobie na kontrol\u0119 intensywno\u015bci treningu a co za tym idzie na kontrol\u0119 w\u0142asnego cia\u0142a. Program ch\u0142odz\u0105cy tworzy wewn\u0105trz ch\u0142odz\u0105cy wir. Zainstalowane w pod\u0142odze lustro wzmacnia efekt opalenizny. Wszystkie te nowoczesne rozwi\u0105zania pozwalaj\u0105 w kr\u00f3tszym czasie przyjemniej si\u0119 opali\u0107.<\/p>\n<\/div><div class=\"ui--image-wrap clearfix text-center ui--block\" style=\"margin-top: 10px;  margin-bottom: 25px;\"><img loading=\"lazy\" decoding=\"async\" width=\"525\" height=\"600\" src=\"https:\/\/beauty-center.pl\/wp-content\/uploads\/2016\/09\/megasun_pure_energy_big.jpg\" class=\"ui--image ui--animation\" alt=\"\" id=\"ui--image-1\" srcset=\"https:\/\/beauty-center.pl\/wp-content\/uploads\/2016\/09\/megasun_pure_energy_big.jpg 525w, https:\/\/beauty-center.pl\/wp-content\/uploads\/2016\/09\/megasun_pure_energy_big-263x300.jpg 263w\" sizes=\"auto, (max-width: 525px) 100vw, 525px\" \/><\/div><div class=\"ui--image-wrap clearfix text-center ui--block\" style=\"margin-top: 10px;  margin-bottom: 25px;\"><img loading=\"lazy\" decoding=\"async\" width=\"550\" height=\"416\" src=\"https:\/\/beauty-center.pl\/wp-content\/uploads\/2016\/09\/vibra12.jpg\" class=\"ui--image ui--animation\" alt=\"\" id=\"ui--image-2\" srcset=\"https:\/\/beauty-center.pl\/wp-content\/uploads\/2016\/09\/vibra12.jpg 550w, https:\/\/beauty-center.pl\/wp-content\/uploads\/2016\/09\/vibra12-300x227.jpg 300w\" sizes=\"auto, (max-width: 550px) 100vw, 550px\" \/><\/div><div class=\"auto-format ui--animation\"><p><strong>SOLTRON XL 75 -KIWI KING<br \/>\nBARDZO MOCNE LAMPY<br \/>\nCENA: 1 min.= 2,50 z\u0142.<\/strong><\/p>\n<ul>\n<li>lustrzany opalacz karku,<\/li>\n<li>profilowana pleksa g\u0142\u00f3wna Body Comfort,<\/li>\n<li>dwustrefowy regulowany nawiew na klienta, oddzielny dla cia\u0142a i twarzy,<\/li>\n<li>Klimatyzacja &#8211; zapewniaj\u0105ca komfortow\u0105 temperatur\u0119 sch\u0142adzania podczas opalania, wed\u0142ug nastawy klienta, niezale\u017cne ch\u0142odzenie dolnej pleksy,<\/li>\n<\/ul>\n<\/div><div class=\"ui--image-wrap clearfix text-center ui--block\" style=\"margin-top: 10px;  margin-bottom: 25px;\"><img loading=\"lazy\" decoding=\"async\" width=\"730\" height=\"467\" src=\"https:\/\/beauty-center.pl\/wp-content\/uploads\/2016\/09\/XL-75_KiwiK_72dpi1.jpg\" class=\"ui--image ui--animation\" alt=\"\" id=\"ui--image-3\" srcset=\"https:\/\/beauty-center.pl\/wp-content\/uploads\/2016\/09\/XL-75_KiwiK_72dpi1.jpg 730w, https:\/\/beauty-center.pl\/wp-content\/uploads\/2016\/09\/XL-75_KiwiK_72dpi1-300x192.jpg 300w\" sizes=\"auto, (max-width: 730px) 100vw, 730px\" \/><\/div><\/div> \n\n<\/div> \n<\/div><\/div><\/div>","protected":false},"excerpt":{"rendered":"<p>SOLARIUMSOLARIUM SOLARIUMPerfekcyjna opalenizna + Witamina D Zapraszamy codziennie na s\u0142oneczn\u0105 opalenizn\u0119. Nowe lampy podw\u00f3jnie br\u0105zuj\u0105ce!Nasz Salon charakteryzuje si\u0119 najnowocze\u015bniejszymi lampami i l\u00f3\u017ckami, absolutn\u0105 higien\u0105 oraz niepowtarzalnym klimatem. Nasz\u0105 dewiz\u0105 jest zadowolony klient, \u0142adna, zdrowa i trwa\u0142a opalenizna po konkurencyjnej cenie. Oferujemy w nim mo\u017cliwo\u015b\u0107 uzyskania pi\u0119knej opalenizny na najnowszych i najbezpieczniejszych urz\u0105dzeniach. Nasza dewiza to [&hellip;]<\/p>\n","protected":false},"author":1,"featured_media":0,"parent":0,"menu_order":0,"comment_status":"closed","ping_status":"closed","template":"","meta":{"footnotes":""},"class_list":["post-1734","page","type-page","status-publish","hentry"],"_links":{"self":[{"href":"https:\/\/beauty-center.pl\/index.php\/wp-json\/wp\/v2\/pages\/1734","targetHints":{"allow":["GET"]}}],"collection":[{"href":"https:\/\/beauty-center.pl\/index.php\/wp-json\/wp\/v2\/pages"}],"about":[{"href":"https:\/\/beauty-center.pl\/index.php\/wp-json\/wp\/v2\/types\/page"}],"author":[{"embeddable":true,"href":"https:\/\/beauty-center.pl\/index.php\/wp-json\/wp\/v2\/users\/1"}],"replies":[{"embeddable":true,"href":"https:\/\/beauty-center.pl\/index.php\/wp-json\/wp\/v2\/comments?post=1734"}],"version-history":[{"count":1,"href":"https:\/\/beauty-center.pl\/index.php\/wp-json\/wp\/v2\/pages\/1734\/revisions"}],"predecessor-version":[{"id":1738,"href":"https:\/\/beauty-center.pl\/index.php\/wp-json\/wp\/v2\/pages\/1734\/revisions\/1738"}],"wp:attachment":[{"href":"https:\/\/beauty-center.pl\/index.php\/wp-json\/wp\/v2\/media?parent=1734"}],"curies":[{"name":"wp","href":"https:\/\/api.w.org\/{rel}","templated":true}]}}