{"id":1740,"date":"2016-09-14T22:04:11","date_gmt":"2016-09-14T20:04:11","guid":{"rendered":"http:\/\/beauty.kbsolution.pl\/?page_id=1740"},"modified":"2016-09-14T22:04:11","modified_gmt":"2016-09-14T20:04:11","slug":"masaze","status":"publish","type":"page","link":"https:\/\/beauty-center.pl\/index.php\/masaze\/","title":{"rendered":"MASA\u017bE"},"content":{"rendered":"<div  class=\"ui--tagline-box-wrapper ui--animation clearfix\"><div  id=\"tagline-1\" class=\"ui--tagline-box ui-row clearfix ui--tagline-box-custom-color radius-3px\" data-responsive=\"{&quot;css&quot;:{&quot;min-height&quot;:{&quot;phone&quot;:&quot;auto&quot;,&quot;tablet&quot;:&quot;auto&quot;,&quot;widescreen&quot;:&quot;&quot;}}}\"><div  class=\"ui--tagline-background-container ui--tagline-background-overlay radius-3px\"><\/div><div  class=\"ui--tagline-background-container ui--tagline-background-image radius-3px\"><\/div><div  class=\"ui--tagline-content\"><div class=\"ui-row row\">\n <div   class=\"ui-column span4\"><div id=\"nav_menu-11\" class=\"widget widget_nav_menu\"><h4 class=\"sidebar-widget-title ui--widget-title\"><span>SOLARIUM<\/span><\/h4><div class=\"menu-solarium-container\"><ul id=\"menu-solarium\" class=\"menu\"><li id=\"menu-item-1739\" class=\"menu-item menu-item-type-post_type menu-item-object-page depth-0 to-right\"><a href=\"https:\/\/beauty-center.pl\/index.php\/solarium-3\/\">SOLARIUM<\/a><\/li>\n<\/ul><\/div><\/div><\/div> \n\n <div   class=\"ui-column span8\"><div class=\"ui--title ui--animation ui--title-bordered text-center\"><div class=\"ui--title-holder\"><h3 class=\"ui--title-text\" style=\"color: #bd1e9d !important;\">MASA\u017bE<\/h3><div style=\"border-color: #bd1e9d !important;\" class=\"ui--title-borders ui--title-border-left\"><\/div><div style=\"border-color: #bd1e9d !important;\" class=\"ui--title-borders ui--title-border-right\"><\/div><\/div><\/div><div class=\"ui--title ui--animation ui--title-bordered text-center\"><div class=\"ui--title-holder\"><h3 class=\"ui--title-text\" style=\"color: #bd1e9d !important;\">WITAMY W GABINECIE MASA\u017bU<\/h3><div style=\"border-color: #bd1e9d !important;\" class=\"ui--title-borders ui--title-border-left\"><\/div><div style=\"border-color: #bd1e9d !important;\" class=\"ui--title-borders ui--title-border-right\"><\/div><\/div><\/div><div class=\"auto-format ui--animation\"><p>Masa\u017c to jedna z form terapii manualnych przez stulecia dost\u0119pna tylko dla wybranych. Ostatnie pi\u0119\u0107dziesi\u0119ciolecie przynios\u0142y rozkwit tej formy terapii. Teraz ka\u017cdy kto odczuwa dokuczliwe b\u00f3le karku, plec\u00f3w, g\u0142owy, uk\u0142adu kostno-mie\u015bniowego mo\u017ce uzyska\u0107 pomoc. Nasi masa\u017cy\u015bci s\u0105 wy\u015bmienitymi profesjonalistami, a w ich r\u0119kach Wasze cia\u0142a odzyskaj\u0105 sprawno\u015b\u0107 a samopoczucie si\u0119 poprawi.<\/p>\n<p><strong>Rodzaje masa\u017cy:<\/strong><\/p>\n<ul>\n<li>Masa\u017c klasyczny<\/li>\n<li>Masa\u017c segmentarny<\/li>\n<li>Drena\u017c limfatyczny<\/li>\n<li>Masa\u017c relaksacyjny<\/li>\n<li>Masa\u017c pulsacyjny<\/li>\n<li>Masa\u017c odchudzaj\u0105cy<\/li>\n<li>Masa\u017c sportowy, kondycyjny<\/li>\n<li>Refleksologia st\u00f3p<\/li>\n<li>Masa\u017c KOBIDO\n<li>\n<p>Masa\u017ce mog\u0105 by\u0107 po\u0142\u0105czone z aromaterapi\u0105 oraz muzykoterapi\u0105.<br \/>\nNa miejscu mo\u017cna uzyska\u0107 porady dot. profilaktyki, diety oraz innych metod wspomagaj\u0105cych leczenie.<br \/>\nPacjent ma mo\u017cliwo\u015b\u0107 uzyskania wyczerpuj\u0105cych informacji na temat wyboru technik terapeutycznych.<\/p>\n<p>Refleksologia st\u00f3p to si\u0119gaj\u0105ca czas\u00f3w staro\u017cytnego Egiptu i epoki cesarzy chi\u0144skich, metoda terapeutycznego masa\u017cu, zak\u0142adaj\u0105ca, \u017ce wszystkie narz\u0105dy i organy cia\u0142a odpowiadaj\u0105 punktom i strefom odruchowym, zwanych receptorami, znajduj\u0105cym si\u0119 na stopach.<\/p>\n<p>Refleksologia to metoda &#8222;czytania ze st\u00f3p&#8221; i dzia\u0142ania poprzez nie na ca\u0142y organizm.<br \/>\nTo skuteczna, bezinwazyjna terapia naturalna, kt\u00f3ra obni\u017ca stresy, \u0142agodzi b\u00f3le i napi\u0119cia oraz przywraca naturaln\u0105 r\u00f3wnowag\u0119 biologiczn\u0105 ca\u0142ego cia\u0142a.<br \/>\nStopy to mikrokosmos organizmu. Mog\u0105 nam wiele powiedzie\u0107 o cz\u0142owieku, jego zdrowiu, dolegliwo\u015bciach jak i stylu \u017cycia jaki prowadzi.<\/p>\n<p>Masa\u017c polega na &#8222;w\u0119drowaniu&#8221; kolejno po wszystkich punktach i ich stymulowaniu.<br \/>\nStymulacja receptor\u00f3w &#8211; poprzez odpowiedni ucisk &#8211; wywo\u0142uje reakcj\u0119 rozpoczynaj\u0105c\u0105 proces samoleczenia organizmu.<\/p>\n<p>Refleksologia jest terapi\u0105 holistyczn\u0105, wed\u0142ug kt\u00f3rej cz\u0142owiek traktowany jest jako ca\u0142o\u015b\u0107, obejmuj\u0105ca cia\u0142o, umys\u0142 i ducha. Z tego wzgl\u0119du terapeuta nie koncentruje si\u0119 jedynie na widocznych objawach, ale rozwa\u017ca dolegliwo\u015b\u0107 w kontek\u015bcie ca\u0142ego organizmu i stylu \u017cycia klienta.<\/p>\n<p>cena od 100 z\u0142. \/ 1 godz.<\/p>\n<\/div><div class=\"ui--image-wrap clearfix text-center ui--block\" style=\"margin-top: 10px;  margin-bottom: 25px;\"><img loading=\"lazy\" decoding=\"async\" width=\"286\" height=\"176\" src=\"https:\/\/beauty-center.pl\/wp-content\/uploads\/2016\/09\/indeks-1.jpg\" class=\"ui--image ui--animation\" alt=\"\" id=\"ui--image-1\" \/><\/div><div class=\"auto-format ui--animation\"><p><strong>CENNIK ZABIEG\u00d3W  RELAKSACYJNO \u2013 REHABILITACYJNYCH W BEAUTY CENTER<\/strong><br \/>\n<strong>MASA\u017bE<\/strong><br \/>\n1. Masa\u017c relaksacyjny plec\u00f3w + masa\u017c karku\t60 min\t150z\u0142<br \/>\n2. Masa\u017c relaksacyjny ca\u0142ego cia\u0142a\t60 min\t160-200 z\u0142<br \/>\n3. Masa\u017c sportowy plec\u00f3w\t60 min \t150 z\u0142<br \/>\n4. Masa\u017c sportowy ca\u0142ego cia\u0142a\t60 min \t200 z\u0142<br \/>\n5. Masa\u017c leczniczy plec\u00f3w + masa\u017c karku \t\t60 min \t150-200 z\u0142<br \/>\n6. Masa\u017c leczniczy ca\u0142ego cia\u0142a\t60 min\t160-200 z\u0142<br \/>\n7. Masa\u017c wyszczuplaj\u0105co \u2013 modeluj\u0105cy ba\u0144k\u0105 chi\u0144sk\u0105 \tplec\u00f3w + brzuch<br \/>\n60 min\t150 z\u0142<br \/>\n8. Masa\u017c wyszczuplaj\u0105co \u2013 modeluj\u0105cy ba\u0144k\u0105 chi\u0144sk\u0105  plec\u00f3w + brzuch + uda + po\u015bladki \t60 min \t180 z\u0142           90 min\t200 z\u0142<br \/>\n9. Drena\u017c limfatyczny n\u00f3g \t60 min \t150-200 z\u0142<br \/>\n10.  Drena\u017c limfatyczny ca\u0142ego cia\u0142a \t\t90 min\t200 z\u0142<br \/>\n11.  Terapia manualna \t60 min \t150 z\u0142 \t90 min \t200 z\u0142<br \/>\n12.  Kinesiotaping \t\t45-60 min \t\twizyta: 150-200 z\u0142<br \/>\n13.  Kinesiotaping kobiet w ci\u0105\u017cy 45-60 min \twizyta: 150-200 z\u0142<br \/>\n14.  Masa\u017c migrenowych b\u00f3l\u00f3w g\u0142owy \t60 min \t150 z\u0142<br \/>\n15.  Masa\u017c napi\u0119ciowych b\u00f3l\u00f3w g\u0142owy \t60 min \t150 z\u0142<br \/>\n16.  Masa\u017c tajski plec\u00f3w + kark \t60 min \t160-200 z\u0142<br \/>\n17.  Masa\u017c tajski ca\u0142ego cia\u0142a\t 60 min \t200 z\u0142<br \/>\n18.  Masa\u017c plec\u00f3w gor\u0105cymi kamieniami \t60 min\t160-200 z\u0142<br \/>\n19.  Masa\u017c ca\u0142ego cia\u0142a gor\u0105cymi kamieniami \t60 min \t200 z\u0142<br \/>\n20.  Masa\u017c GUASHA plec\u00f3w \t60 min \t150 z\u0142<br \/>\n21.  Masa\u017c GUASHA ca\u0142ego cia\u0142a \t60 min \t150-200 z\u0142<br \/>\n22.  Masa\u017c kombo relaks \u2013 stopy + d\u0142onie + dekolt + kark + szyja + g\u0142owa<br \/>\n60 min \t170 z\u0142  \t90 min \t200 z\u0142<br \/>\n23.  Korygowanie wad postawy \t60 min     150 z\u0142 \t 90 min  200 z\u0142<br \/>\n24. Masa\u017c twarzy  30 min   40 z\u0142<br \/>\n25. Masa\u017c twarzy   60 min  70 z\u0142<br \/>\n<strong>SPECIAL<\/strong><br \/>\n1. Masa\u017c relaksacyjny ca\u0142ego cia\u0142a na 4 r\u0119ce \t60 min\t300 z\u0142<br \/>\n2. Masa\u017c tajski ca\u0142ego cia\u0142a na 4 r\u0119ce \t60 min\t300 z\u0142<br \/>\n3. Masa\u017c akupresur\u0105 ca\u0142ego cia\u0142a + odblokowanie punkt\u00f3w spustowych 60 min \t200 z\u0142<br \/>\n4. Rytua\u0142 czekoladowy\t&#8211;  peeling cappuccino ca\u0142ego + masa\u017c mas\u0142em kakaowym + pocz\u0119stunek czekolad\u0105 \t90 min \t200 z\u0142<br \/>\n5. Rytua\u0142 orze\u017awiaj\u0105cy \u2013 peeling  og\u00f3rkowy\/pomara\u0144czowy\/melon\/arbuz + masa\u017c olejem z esencj\u0105 owoc\u00f3w + pocz\u0119stunek owocami \t\t90 min 200 z\u0142<br \/>\n6. Rytua\u0142 dla dwojga &#8211; masa\u017c ca\u0142ego cia\u0142a dla dw\u00f3ch os\u00f3b + pocz\u0119stunek (kawa, owoce, czekolada). Zabieg jest przeprowadzany przez dwoje masa\u017cyst\u00f3w (kobieta i m\u0119\u017cczyzna), istnieje mo\u017cliwo\u015b\u0107 zamian terapeut\u00f3w w trakcie zabiegu \t90 min      400 z\u0142       120min  500 z\u0142 <\/p>\n<p><strong>KARNETY<br \/>\n<\/strong><br \/>\n1. BEAUTY FITT LIGHT \u2013 10 masa\u017cy ba\u0144k\u0105 chi\u0144sk\u0105 + konsultacja dietetyczna + indywidualny trening wyszczuplaj\u0105cy na brzuch, uda, po\u015bladki \t10 x 60 min \t\t1700 z\u0142<br \/>\n(W trakcie realizacji karnetu klient jest prowadzony kompleksowo na wielu p\u0142aszczyznach pod k\u0105tem \u017cywienia, treningu i wsparcia mentalnego. Karnet obowi\u0105zuje przez 3 miesi\u0105ce)<\/p>\n<p>2. BEAUTY FULL EXCLUSIVE \u2013 10 masa\u017cy ba\u0144k\u0105 chi\u0144sk\u0105 po\u0142\u0105czonych z drena\u017cami limfatycznymi + konsultacja dietetyczna + indywidualny trening wyszczuplaj\u0105cy na brzuch, uda, po\u015bladki<br \/>\n10 x 60 min \t2000 z\u0142<br \/>\n(W trakcie realizacji karnetu klient jest prowadzony kompleksowo na wielu p\u0142aszczyznach pod k\u0105tem \u017cywienia, treningu i wsparcia mentalnego. Karnet obowi\u0105zuje przez 3 miesi\u0105ce)<\/p>\n<p><strong>PROMOCJE<\/strong><br \/>\n1. Imieninowe \u2013 2 osoby dziennie maj\u0105 zni\u017ck\u0119 20% na dowolny zabieg z kategorii masa\u017cy<br \/>\n2. Hot Hours (godziny relaksu) \u2013 2 godziny w ci\u0105gu dnia, w kt\u00f3rych obowi\u0105zuje 20 % zni\u017cki na dowolny zabieg z kategorii masa\u017cy<br \/>\n3. Promocja dla sta\u0142ych klient\u00f3w \u2013 klienci, kt\u00f3rzy bior\u0105 u Nas us\u0142ug\u0119 w danym dniu, je\u015bli si\u0119 zdecyduj\u0105 na poszerzenie us\u0142ugi o zabieg z kategorii masa\u017cy maj\u0105 na niego 10 % zni\u017cki<\/p>\n<\/div><div class=\"auto-format ui--animation\"><p><em><strong>Masa\u017c twarzy, szyi, dekoltu i g\u0142owy KOBIDO<\/strong><\/em> &#8211; Nazwa oznacza \u201cStaro\u017cytn\u0105 drog\u0119 do pi\u0119kna\u201d. To rytua\u0142, kt\u00f3ry pokocha\u0142y Gwiazdy! Kobido sta\u0142o si\u0119 jedn\u0105 z najbardziej ekskluzywnych technik masa\u017cu na \u015bwiecie. Celem tego masa\u017cu jest stymulowanie punkt\u00f3w energetycznych twarzy oraz wzrost produkcji kolagenu i elastyny, co prowadzi do wyg\u0142adzenia zmarszczek, poprawy kontur\u00f3w twarzy oraz odm\u0142odzenia i rewitalizacji sk\u00f3ry. Technika Kobido \u0142\u0105czy w sobie r\u00f3\u017cnorodne ruchy m.in. delikatne uderzenia, g\u0142askanie, uciski, rozcieranie, podszczypywanie, kt\u00f3re przek\u0142adaj\u0105 si\u0119 na g\u0142\u0119bokie odpr\u0119\u017cenie i ukojenie zar\u00f3wno cia\u0142a, jak i umys\u0142u.<br \/>\nJest to jedna z najtrudniejszych i najbardziej zaawansowanych technik masa\u017cu.<br \/>\nWi\u0119kszo\u015b\u0107 masa\u017cy twarzy dzia\u0142a jedynie na powierzchni sk\u00f3ry, natomiast Kobido, poprzez  swoj\u0105 z\u0142o\u017cono\u015b\u0107 i intensywno\u015b\u0107, dzia\u0142a na g\u0142\u0119bszych warstwach sk\u00f3ry, mi\u0119\u015bni i powi\u0119zi. Masa\u017c ten, opr\u00f3cz efekt\u00f3w estetycznych ma r\u00f3wnie\u017c wp\u0142yw na popraw\u0119 samopoczucia, redukcj\u0119 stresu i napi\u0119cia, pomaga w problemach z bruksizmem \/ zaciskaniem z\u0119b\u00f3w.<br \/>\nJak cz\u0119sto korzysta\u0107?<br \/>\nAby uzyska\u0107 d\u0142ugotrwa\u0142y efekt odm\u0142odzenia twarzy , masa\u017c KOBIDO powinien by\u0107 wykonywany w serii 5-15 zabieg\u00f3w z cz\u0119stotliwo\u015bci\u0105 1-2 razy w tygodniu. P\u00f3\u017aniej raz w miesi\u0105cu dla podtrzymania efektu.<br \/>\nMo\u017ce by\u0107 r\u00f3wnie\u017c stosowany jako tzw. zabieg bankietowy, przynosz\u0105cy spektakularny efekt odm\u0142odzenia ju\u017c po pierwszym zabiegu ( konieczne jest jednak umycie g\u0142owy z olejk\u00f3w po zabiegu).<br \/>\nWskazania:<br \/>\n\u2022\tsk\u00f3ra wiotka, poszarza\u0142a kt\u00f3ra wymaga uj\u0119drnienia i od\u017cywienia.<br \/>\n\u2022\topadaj\u0105cy owal twarzy, opadaj\u0105ca powieka.<br \/>\n\u2022\tzmarszczki i oznaki starzenia si\u0119 sk\u00f3ry.<br \/>\n\u2022\tnapi\u0119cia mi\u0119\u015bni szyi, karku, klatki piersiowej, g\u0142owy i twarzy.<br \/>\n\u2022\tstres<br \/>\n\u2022\tmigrena<br \/>\n\u2022\tbruksizm \/ szcz\u0119ko\u015bcisk<br \/>\n\u2022\tzastoje limfatyczne lub wodne<br \/>\n\u2022\tw ka\u017cdym wieku, u os\u00f3b m\u0142odych jako prewencja przeciw-starzeniowa<br \/>\nPrzeciwwskazania:<br \/>\n\u2022\tZabiegi medycyny estetycznej (kwas hialuronowy  i inne wype\u0142niacze ok. 2,5 miesi\u0105ca, botoks 2 tyg, nici liftinguj\u0105ce 6 miesi\u0119cy)<br \/>\n\u2022\tStany zapalne sk\u00f3ry<br \/>\n\u2022\tStany zapalne organizmu- gor\u0105czka<br \/>\n\u2022\tPrzerwana ci\u0105g\u0142o\u015b\u0107 nask\u00f3rka<br \/>\n\u2022\tCera mocno naczyniowa \u2013  istnieje mo\u017cliwo\u015b\u0107 zabiegu, ale w delikatnej formie (efekt liftingu po d\u0142u\u017cszym czasie)<br \/>\n\u2022\tStany ropne oko\u0142o z\u0119bowe, ekstrakcja z\u0119ba 2 tygodnie, implant z\u0119ba 2 miesi\u0105ce<br \/>\n\u2022\tTr\u0105dzik r\u00f3\u017cowaty w fazie zaostrze\u0144<br \/>\n\u2022\tNowotwory<br \/>\n\u2022\tCi\u0105\u017ca zagro\u017cona<br \/>\n\u2022\tWysokie nadci\u015bnienie t\u0119tnicze<br \/>\nJak si\u0119 przygotowa\u0107?<br \/>\nW trakcie masa\u017cu korzystamy ze \u015brodk\u00f3w po\u015blizgowych: olejki lub krem do masa\u017cu. Nale\u017cy liczy\u0107 si\u0119 z tym, \u017ce w\u0142osy i sk\u00f3ra g\u0142owy po masa\u017cu b\u0119d\u0105 nat\u0142uszczone i zaraz po rytuale nie nadajemy si\u0119 na \u201ewielkie wyj\u015bcie\u201d. Mimo nat\u0142uszczenia w\u0142os\u00f3w, zalecamy jednak\u017ce wykonywa\u0107 rytua\u0142 na czystych w\u0142osach aby w trakcie zabiegu nie przenosi\u0107 zanieczyszcze\u0144 i sebum ze sk\u00f3ry g\u0142owy i w\u0142os\u00f3w na twarz, tylko skorzysta\u0107 z dobrodziejstw drogocennych olejk\u00f3w tak\u017ce na oczyszczonej sk\u00f3rze g\u0142owy.<br \/>\nCena:<br \/>\n180z\u0142 \u2013 60 min.<br \/>\nPromocja w Lutym: 150z\u0142 \u2013 60 min<br \/>\nPakiet  10 masa\u017cy (9 masa\u017cy +1 gratis) 1620z\u0142 (Do wykorzystania przez 1 osob\u0119 w ci\u0105gu 3 miesi\u0119cy)<br \/>\nRezerwacja: tel. 512 069 547<\/p>\n<\/div><div class=\"ui--image-wrap clearfix text-center ui--block\" style=\"margin-top: 10px;  margin-bottom: 25px;\"><img loading=\"lazy\" decoding=\"async\" width=\"578\" height=\"816\" src=\"https:\/\/beauty-center.pl\/wp-content\/uploads\/2024\/02\/Kobido.jpg\" class=\"ui--image ui--animation\" alt=\"\" title=\"Kobido\" id=\"ui--image-2\" srcset=\"https:\/\/beauty-center.pl\/wp-content\/uploads\/2024\/02\/Kobido.jpg 578w, https:\/\/beauty-center.pl\/wp-content\/uploads\/2024\/02\/Kobido-213x300.jpg 213w\" sizes=\"auto, (max-width: 578px) 100vw, 578px\" \/><\/div><\/div> \n\n<\/div> \n<\/div><\/div><\/div>","protected":false},"excerpt":{"rendered":"<p>SOLARIUMSOLARIUM MASA\u017bEWITAMY W GABINECIE MASA\u017bUMasa\u017c to jedna z form terapii manualnych przez stulecia dost\u0119pna tylko dla wybranych. Ostatnie pi\u0119\u0107dziesi\u0119ciolecie przynios\u0142y rozkwit tej formy terapii. Teraz ka\u017cdy kto odczuwa dokuczliwe b\u00f3le karku, plec\u00f3w, g\u0142owy, uk\u0142adu kostno-mie\u015bniowego mo\u017ce uzyska\u0107 pomoc. Nasi masa\u017cy\u015bci s\u0105 wy\u015bmienitymi profesjonalistami, a w ich r\u0119kach Wasze cia\u0142a odzyskaj\u0105 sprawno\u015b\u0107 a samopoczucie si\u0119 poprawi. [&hellip;]<\/p>\n","protected":false},"author":1,"featured_media":0,"parent":0,"menu_order":0,"comment_status":"closed","ping_status":"closed","template":"","meta":{"footnotes":""},"class_list":["post-1740","page","type-page","status-publish","hentry"],"_links":{"self":[{"href":"https:\/\/beauty-center.pl\/index.php\/wp-json\/wp\/v2\/pages\/1740","targetHints":{"allow":["GET"]}}],"collection":[{"href":"https:\/\/beauty-center.pl\/index.php\/wp-json\/wp\/v2\/pages"}],"about":[{"href":"https:\/\/beauty-center.pl\/index.php\/wp-json\/wp\/v2\/types\/page"}],"author":[{"embeddable":true,"href":"https:\/\/beauty-center.pl\/index.php\/wp-json\/wp\/v2\/users\/1"}],"replies":[{"embeddable":true,"href":"https:\/\/beauty-center.pl\/index.php\/wp-json\/wp\/v2\/comments?post=1740"}],"version-history":[{"count":1,"href":"https:\/\/beauty-center.pl\/index.php\/wp-json\/wp\/v2\/pages\/1740\/revisions"}],"predecessor-version":[{"id":1742,"href":"https:\/\/beauty-center.pl\/index.php\/wp-json\/wp\/v2\/pages\/1740\/revisions\/1742"}],"wp:attachment":[{"href":"https:\/\/beauty-center.pl\/index.php\/wp-json\/wp\/v2\/media?parent=1740"}],"curies":[{"name":"wp","href":"https:\/\/api.w.org\/{rel}","templated":true}]}}