{"id":1743,"date":"2016-09-14T22:07:08","date_gmt":"2016-09-14T20:07:08","guid":{"rendered":"http:\/\/beauty.kbsolution.pl\/?page_id=1743"},"modified":"2016-09-14T22:07:08","modified_gmt":"2016-09-14T20:07:08","slug":"przedluzanie-i-zageszczanie-rzes","status":"publish","type":"page","link":"https:\/\/beauty-center.pl\/index.php\/przedluzanie-i-zageszczanie-rzes\/","title":{"rendered":"PRZED\u0141U\u017bANIE I ZAG\u0118SZCZANIE RZ\u0118S"},"content":{"rendered":"<div  class=\"ui--tagline-box-wrapper ui--animation clearfix\"><div  id=\"tagline-1\" class=\"ui--tagline-box ui-row clearfix ui--tagline-box-custom-color radius-3px\" data-responsive=\"{&quot;css&quot;:{&quot;min-height&quot;:{&quot;phone&quot;:&quot;auto&quot;,&quot;tablet&quot;:&quot;auto&quot;,&quot;widescreen&quot;:&quot;&quot;}}}\"><div  class=\"ui--tagline-background-container ui--tagline-background-overlay radius-3px\"><\/div><div  class=\"ui--tagline-background-container ui--tagline-background-image radius-3px\"><\/div><div  class=\"ui--tagline-content\"><div class=\"ui-row row\">\n <div   class=\"ui-column span4\"><div id=\"nav_menu-12\" class=\"widget widget_nav_menu\"><h4 class=\"sidebar-widget-title ui--widget-title\"><span>SZKOLENIA<\/span><\/h4><div class=\"menu-szkolenia-container\"><ul id=\"menu-szkolenia\" class=\"menu\"><li id=\"menu-item-1745\" class=\"menu-item menu-item-type-post_type menu-item-object-page depth-0 to-right\"><a href=\"https:\/\/beauty-center.pl\/index.php\/przedluzanie-i-zageszczanie-rzes\/\">PRZED\u0141U\u017bANIE I ZAG\u0118SZCZANIE RZ\u0118S 2D I 3D<\/a><\/li>\n<li id=\"menu-item-1750\" class=\"menu-item menu-item-type-post_type menu-item-object-page depth-0 to-right\"><a href=\"https:\/\/beauty-center.pl\/index.php\/szkolenie-trwale-przedluzanie-rzes\/\">szkolenia TRWA\u0141E PRZED\u0141U\u017bANIE RZ\u0118S 1:1<\/a><\/li>\n<li id=\"menu-item-2597\" class=\"menu-item menu-item-type-post_type menu-item-object-page depth-0 to-right\"><a href=\"https:\/\/beauty-center.pl\/index.php\/szkolenie-nici-pdo\/\">szkolenie NICI PDO<\/a><\/li>\n<li id=\"menu-item-2600\" class=\"menu-item menu-item-type-post_type menu-item-object-page depth-0 to-right\"><a href=\"https:\/\/beauty-center.pl\/index.php\/szkolenie-z-makijazu-permanentnego\/\">szkolenie MAKIJA\u017b PERMANENTNY<\/a><\/li>\n<li id=\"menu-item-2603\" class=\"menu-item menu-item-type-post_type menu-item-object-page depth-0 to-right\"><a href=\"https:\/\/beauty-center.pl\/index.php\/szkolenie-z-kwasu-hialuronowego\/\">szkolenie z KWASU HIALURONOWEGO<\/a><\/li>\n<li id=\"menu-item-2612\" class=\"menu-item menu-item-type-post_type menu-item-object-page depth-0 to-right\"><a href=\"https:\/\/beauty-center.pl\/index.php\/2609-2\/\">szkolenie ze STYLIZACJI PAZNOKCI<\/a><\/li>\n<li id=\"menu-item-2615\" class=\"menu-item menu-item-type-post_type menu-item-object-page depth-0 to-right\"><a href=\"https:\/\/beauty-center.pl\/index.php\/modelowanie-ust-metoda-na-plasko\/\">MODELOWANIE UST METOD\u0104 NA P\u0141ASKO<\/a><\/li>\n<li id=\"menu-item-2619\" class=\"menu-item menu-item-type-post_type menu-item-object-page depth-0 to-right\"><a href=\"https:\/\/beauty-center.pl\/index.php\/szkolenie-z-piercingu\/\">szkolenie z PIERCINGU<\/a><\/li>\n<li id=\"menu-item-2623\" class=\"menu-item menu-item-type-post_type menu-item-object-page depth-0 to-right\"><a href=\"https:\/\/beauty-center.pl\/index.php\/intensywny-kurs-kosmetyki-stosowanej\/\">INTENSYWNY KURS KOSMETYKI STOSOWANEJ<\/a><\/li>\n<li id=\"menu-item-2627\" class=\"menu-item menu-item-type-post_type menu-item-object-page depth-0 to-right\"><a href=\"https:\/\/beauty-center.pl\/index.php\/szkolenie-z-zabiegow-eksfoliacji-kwasami\/\">szkolenie z ZABIEG\u00d3W EKSFOLIACJI KWASAMI<\/a><\/li>\n<li id=\"menu-item-1753\" class=\"menu-item menu-item-type-post_type menu-item-object-page depth-0 to-right\"><a href=\"https:\/\/beauty-center.pl\/index.php\/szkolenia-cennik\/\">SZKOLENIA CENNIK<\/a><\/li>\n<\/ul><\/div><\/div><\/div> \n\n <div   class=\"ui-column span8\"><div class=\"ui--title ui--animation ui--title-bordered text-center\"><div class=\"ui--title-holder\"><h3 class=\"ui--title-text\" style=\"color: #bd1e9d !important;\">PRZED\u0141U\u017bANIE I ZAG\u0118SZCZANIE RZ\u0118S<\/h3><div style=\"border-color: #bd1e9d !important;\" class=\"ui--title-borders ui--title-border-left\"><\/div><div style=\"border-color: #bd1e9d !important;\" class=\"ui--title-borders ui--title-border-right\"><\/div><\/div><\/div><div class=\"auto-format ui--animation\"><p>ZAPRASZAMY NA SZKOLENIE OBJ\u0118TO\u015aCIOWE RZ\u0118S 2D I 3D<br \/>\n( DWA SZKOLENIA W CENIE 850 z\u0142 )<\/p>\n<p><strong>Ka\u017cdy uczestnik szkolenia otrzymuje:<\/strong><\/p>\n<ul>\n<li>materia\u0142y szkoleniowe,<\/li>\n<li>2 plakaty Maxlashes wielko\u015b\u0107: 90\/60cm.,<\/li>\n<li>certyfikat.<\/li>\n<\/ul>\n<p><strong>ZAJ\u0118CIA TEORETYCZNE<\/strong><\/p>\n<ul>\n<li> om\u00f3wienie produkt\u00f3w i narz\u0119dzi do zabiegu,<\/li>\n<li>przygotowanie stanowiska,<\/li>\n<li>higiena pracy,<\/li>\n<li>wskazania i przeciwwskazania do zabiegu,<\/li>\n<li>om\u00f3wienie problem\u00f3w jakie mog\u0105 powsta\u0107 w trakcie zabiegu,<\/li>\n<li>piel\u0119gnacja po aplikacji,<\/li>\n<li>rodzaje rz\u0119s: d\u0142ugo\u015bci, grubo\u015bci, skr\u0119ty,<\/li>\n<li>czym si\u0119 r\u00f3\u017cni\u0105 rz\u0119sy silikonowe, naturalne i syntetyczne,<\/li>\n<li>zalecenia dla klientki po zabiegu,<\/li>\n<li>praktyczne wskaz\u00f3wki u\u0142atwiaj\u0105ce przeprowadzenie zabiegu,<\/li>\n<li>komfort klientki podczas zabiegu,<\/li>\n<li>przechowywanie produkt\u00f3w.<\/li>\n<\/ul>\n<p><strong>\u0106WICZENIA PRAKTYCZNE APLIKACJI RZ\u0118S<\/strong><\/p>\n<ul>\n<li>przygotowanie stanowiska,<\/li>\n<li>przygotowanie klientki do zabiegu,<\/li>\n<li>techniki zak\u0142adania rz\u0119s,<\/li>\n<li>\u0107wiczenia na modelce.<\/li>\n<\/ul>\n<p><strong>Prezentacja produkt\u00f3w do zabiegu (dla naszych kursantek mo\u017cliwo\u015b\u0107 zakupu po bardzo atrakcyjnych cenach)<\/strong><\/p>\n<p>PRZED\u0141U\u017bANIE I ZAG\u0118SZCZANIE RZ\u0118S METOD\u0104 OBJ\u0118TO\u015aCIOW\u0104<br \/>\n2:1, 3:1, EFEKT 3D<\/p>\n<ul>\n<li>czas trwania- Szkolenie Indywidualne ok. 5h<\/li>\n<li>cena : 850 z\u0142<\/li>\n<\/ul>\n<ul>\n<li>To luksusowy zabieg, kt\u00f3ry zachwyci ka\u017cd\u0105 kobiet\u0119.<\/li>\n<li>Rz\u0119sy do metody 3D s\u0105 wyj\u0105tkowo delikatne.<\/li>\n<li>To materia\u0142 unikatowy, kt\u00f3ry doskonale imituje rz\u0119sy ludzkie.<\/li>\n<li>Metoda ta polega na aplikacji minimum trzech niezwykle delikatnych rz\u0119s do jednej naturalnej bez jej obci\u0105\u017cania.<\/li>\n<\/ul>\n<p>Otrzymujemy efekt niezwykle mocno zag\u0119szczonych rz\u0119s. Wyr\u00f3\u017cnia je pi\u0119kne podkr\u0119cenie, niesamowita lekko\u015b\u0107 oraz niezwyk\u0142y komfort noszenia.<br \/>\nS\u0105 elastyczne, gi\u0119tkie i nie \u0142ami\u0105 si\u0119. Efekt ko\u0144cowy jest potrojony. Oko staje si\u0119 pe\u0142niejsze i mimo trybu wypadania ca\u0142y czas wydaje si\u0119 mocno zag\u0119szczone. Metoda obj\u0119to\u015bciowa to bezpieczna i delikatna technika przed\u0142u\u017cania i zag\u0119szczania rz\u0119s. Polega na precyzyjnym doklejeniu dw\u00f3ch lub trzech syntetycznych, bardzo cieniutkich (0,10 lub 0,05 lub 0,07mm), delikatnych rz\u0119s do rz\u0119sy naturalnej. Wykonany t\u0105 metod\u0105 zabieg daje spektakularne efekty nawet przy najrzadszych i kr\u00f3tkich rz\u0119sach naturalnych oraz gwarantuje utrzymanie rz\u0119s do 5 tygodni. Termin szkolenia dobierany jest indywidualnie do potrzeb Klienta. Na zako\u0144czenie kursantka otrzymuje certyfikat w j\u0119zyku polskim, angielskim, niemieckim lub w\u0142oskim do wyboru ( dodatkowy certyfikat p\u0142atny 40 z\u0142.)<\/p>\n<p><strong>Produkty w dniu szkolenia 20 % taniej!!!<\/strong><\/p>\n<p><strong>CENNIK SZKOLE\u0143:<\/strong><\/p>\n<ul>\n<li>Szkolenie\u00a0 1:1 &#8211; 500 z\u0142<\/li>\n<li>Szkolenie 2D-3D &#8211; 850 z\u0142<\/li>\n<li>Promocyjna cena obu szkole\u0144 (1:1 i 2D-3D) jednocze\u015bnie 1100 z\u0142<\/li>\n<\/ul>\n<\/div><\/div> \n\n<\/div> \n<\/div><\/div><\/div>","protected":false},"excerpt":{"rendered":"<p>SZKOLENIAPRZED\u0141U\u017bANIE I ZAG\u0118SZCZANIE RZ\u0118S 2D I 3D szkolenia TRWA\u0141E PRZED\u0141U\u017bANIE RZ\u0118S 1:1 szkolenie NICI PDO szkolenie MAKIJA\u017b PERMANENTNY szkolenie z KWASU HIALURONOWEGO szkolenie ze STYLIZACJI PAZNOKCI MODELOWANIE UST METOD\u0104 NA P\u0141ASKO szkolenie z PIERCINGU INTENSYWNY KURS KOSMETYKI STOSOWANEJ szkolenie z ZABIEG\u00d3W EKSFOLIACJI KWASAMI SZKOLENIA CENNIK PRZED\u0141U\u017bANIE I ZAG\u0118SZCZANIE RZ\u0118SZAPRASZAMY NA SZKOLENIE OBJ\u0118TO\u015aCIOWE RZ\u0118S 2D I [&hellip;]<\/p>\n","protected":false},"author":1,"featured_media":0,"parent":0,"menu_order":0,"comment_status":"closed","ping_status":"closed","template":"","meta":{"footnotes":""},"class_list":["post-1743","page","type-page","status-publish","hentry"],"_links":{"self":[{"href":"https:\/\/beauty-center.pl\/index.php\/wp-json\/wp\/v2\/pages\/1743","targetHints":{"allow":["GET"]}}],"collection":[{"href":"https:\/\/beauty-center.pl\/index.php\/wp-json\/wp\/v2\/pages"}],"about":[{"href":"https:\/\/beauty-center.pl\/index.php\/wp-json\/wp\/v2\/types\/page"}],"author":[{"embeddable":true,"href":"https:\/\/beauty-center.pl\/index.php\/wp-json\/wp\/v2\/users\/1"}],"replies":[{"embeddable":true,"href":"https:\/\/beauty-center.pl\/index.php\/wp-json\/wp\/v2\/comments?post=1743"}],"version-history":[{"count":1,"href":"https:\/\/beauty-center.pl\/index.php\/wp-json\/wp\/v2\/pages\/1743\/revisions"}],"predecessor-version":[{"id":1744,"href":"https:\/\/beauty-center.pl\/index.php\/wp-json\/wp\/v2\/pages\/1743\/revisions\/1744"}],"wp:attachment":[{"href":"https:\/\/beauty-center.pl\/index.php\/wp-json\/wp\/v2\/media?parent=1743"}],"curies":[{"name":"wp","href":"https:\/\/api.w.org\/{rel}","templated":true}]}}