{"id":1751,"date":"2016-09-14T22:21:15","date_gmt":"2016-09-14T20:21:15","guid":{"rendered":"http:\/\/beauty.kbsolution.pl\/?page_id=1751"},"modified":"2016-09-14T22:21:15","modified_gmt":"2016-09-14T20:21:15","slug":"szkolenia-cennik","status":"publish","type":"page","link":"https:\/\/beauty-center.pl\/index.php\/szkolenia-cennik\/","title":{"rendered":"SZKOLENIA CENNIK"},"content":{"rendered":"<div  class=\"ui--tagline-box-wrapper ui--animation clearfix\"><div  id=\"tagline-1\" class=\"ui--tagline-box ui-row clearfix ui--tagline-box-custom-color radius-3px\" data-responsive=\"{&quot;css&quot;:{&quot;min-height&quot;:{&quot;phone&quot;:&quot;auto&quot;,&quot;tablet&quot;:&quot;auto&quot;,&quot;widescreen&quot;:&quot;&quot;}}}\"><div  class=\"ui--tagline-background-container ui--tagline-background-overlay radius-3px\"><\/div><div  class=\"ui--tagline-background-container ui--tagline-background-image radius-3px\"><\/div><div  class=\"ui--tagline-content\"><div class=\"ui-row row\">\n <div   class=\"ui-column span4\"><div id=\"nav_menu-12\" class=\"widget widget_nav_menu\"><h4 class=\"sidebar-widget-title ui--widget-title\"><span>SZKOLENIA<\/span><\/h4><div class=\"menu-szkolenia-container\"><ul id=\"menu-szkolenia\" class=\"menu\"><li id=\"menu-item-1745\" class=\"menu-item menu-item-type-post_type menu-item-object-page depth-0 to-right\"><a href=\"https:\/\/beauty-center.pl\/index.php\/przedluzanie-i-zageszczanie-rzes\/\">PRZED\u0141U\u017bANIE I ZAG\u0118SZCZANIE RZ\u0118S 2D I 3D<\/a><\/li>\n<li id=\"menu-item-1750\" class=\"menu-item menu-item-type-post_type menu-item-object-page depth-0 to-right\"><a href=\"https:\/\/beauty-center.pl\/index.php\/szkolenie-trwale-przedluzanie-rzes\/\">szkolenia TRWA\u0141E PRZED\u0141U\u017bANIE RZ\u0118S 1:1<\/a><\/li>\n<li id=\"menu-item-2597\" class=\"menu-item menu-item-type-post_type menu-item-object-page depth-0 to-right\"><a href=\"https:\/\/beauty-center.pl\/index.php\/szkolenie-nici-pdo\/\">szkolenie NICI PDO<\/a><\/li>\n<li id=\"menu-item-2600\" class=\"menu-item menu-item-type-post_type menu-item-object-page depth-0 to-right\"><a href=\"https:\/\/beauty-center.pl\/index.php\/szkolenie-z-makijazu-permanentnego\/\">szkolenie MAKIJA\u017b PERMANENTNY<\/a><\/li>\n<li id=\"menu-item-2603\" class=\"menu-item menu-item-type-post_type menu-item-object-page depth-0 to-right\"><a href=\"https:\/\/beauty-center.pl\/index.php\/szkolenie-z-kwasu-hialuronowego\/\">szkolenie z KWASU HIALURONOWEGO<\/a><\/li>\n<li id=\"menu-item-2612\" class=\"menu-item menu-item-type-post_type menu-item-object-page depth-0 to-right\"><a href=\"https:\/\/beauty-center.pl\/index.php\/2609-2\/\">szkolenie ze STYLIZACJI PAZNOKCI<\/a><\/li>\n<li id=\"menu-item-2615\" class=\"menu-item menu-item-type-post_type menu-item-object-page depth-0 to-right\"><a href=\"https:\/\/beauty-center.pl\/index.php\/modelowanie-ust-metoda-na-plasko\/\">MODELOWANIE UST METOD\u0104 NA P\u0141ASKO<\/a><\/li>\n<li id=\"menu-item-2619\" class=\"menu-item menu-item-type-post_type menu-item-object-page depth-0 to-right\"><a href=\"https:\/\/beauty-center.pl\/index.php\/szkolenie-z-piercingu\/\">szkolenie z PIERCINGU<\/a><\/li>\n<li id=\"menu-item-2623\" class=\"menu-item menu-item-type-post_type menu-item-object-page depth-0 to-right\"><a href=\"https:\/\/beauty-center.pl\/index.php\/intensywny-kurs-kosmetyki-stosowanej\/\">INTENSYWNY KURS KOSMETYKI STOSOWANEJ<\/a><\/li>\n<li id=\"menu-item-2627\" class=\"menu-item menu-item-type-post_type menu-item-object-page depth-0 to-right\"><a href=\"https:\/\/beauty-center.pl\/index.php\/szkolenie-z-zabiegow-eksfoliacji-kwasami\/\">szkolenie z ZABIEG\u00d3W EKSFOLIACJI KWASAMI<\/a><\/li>\n<li id=\"menu-item-1753\" class=\"menu-item menu-item-type-post_type menu-item-object-page depth-0 to-right\"><a href=\"https:\/\/beauty-center.pl\/index.php\/szkolenia-cennik\/\">SZKOLENIA CENNIK<\/a><\/li>\n<\/ul><\/div><\/div><\/div> \n\n <div   class=\"ui-column span8\"><div class=\"ui--title ui--animation ui--title-bordered text-center\"><div class=\"ui--title-holder\"><h3 class=\"ui--title-text\" style=\"color: #bd1e9d !important;\">SZKOLENIA CENNIK<\/h3><div style=\"border-color: #bd1e9d !important;\" class=\"ui--title-borders ui--title-border-left\"><\/div><div style=\"border-color: #bd1e9d !important;\" class=\"ui--title-borders ui--title-border-right\"><\/div><\/div><\/div><div class=\"auto-format ui--animation\"><p>Wszyscy uczestnicy szkole\u0144 otrzymuj\u0105 materia\u0142y szkoleniowe i certyfikaty w j\u0119zyku polskim, niemieckim lub angielskim do wyboru.<br \/>\nWi\u0119cej na temat szkole\u0144 na stronce  www.beauty-sklep.pl<br \/>\n<strong>Szkolenie NICI PDO<\/strong><\/p>\n<ul>\n<li>Szkolenie (6godz.) =2800z\u0142 (wpisowe 500 z\u0142)<\/li>\n<\/ul>\n<p><strong>Szkolenie z kwasu hialuronowego<\/strong><\/p>\n<ul>\n<li>1 dzie\u0144 =1200 z\u0142 <\/li>\n<\/ul>\n<p><strong> Szkolenie paznokcie <\/strong><\/p>\n<ul>\n<li>   \u017bel na formie (8 godz.) = 1000z\u0142<\/li>\n<li>    Manicure hybrydowy (6 godz.) = 700z\u0142<\/li>\n<li>    \u017bel na tipsie &#8211; (8 godz.) = 1000z\u0142<\/li>\n<li>    Pedicure, pedicure hybrydowy &#8211; (8godz.) = 1200z\u0142<\/li>\n<p>    <strong>Kurs ca\u0142o\u015bciowy <\/strong> ( 3 dni-27 godz.  9-18) = 3600z\u0142<\/li>\n<li> manicure,pedicure, hybryda,pedicure hybrydowy, \u017cel na tipsie,\u017cel na formie, odnowa \u017celu<\/li>\n<li> kurs r\u0119ce ( manicure,hybryda,\u017cel,tipsy) 2500 z\u0142\n<\/ul>\n<p><strong>Przek\u0142uwanie cia\u0142a &#8211; piercing<\/strong><\/p>\n<ul>\n<li>    Przek\u0142uwanie cia\u0142a (6 godz.) = 600z\u0142<\/li>\n<\/ul>\n<p><strong>Kurs makija\u017cu permanentnego<\/strong><\/p>\n<ul>\n<li>    1 dzie\u0144 ( 6 godz. )= 2000z\u0142<\/li>\n<li>    2 dni ( po 6 godz.)= 3500z\u0142<\/li>\n<\/ul>\n<p><strong>PRZED\u0141U\u017bANIE I ZAG\u0118SZCZANIE RZ\u0118S<\/strong><\/p>\n<ul>\n<li>Szkolenie  1:1(3 godziny) = 500 z\u0142 <\/li>\n<li>Szkolenie 2D-3D (5 godzin) = 850 z\u0142 <\/li>\n<li>Promocyjna cena obu szkole\u0144 (1:1 i 2D-3D) jednocze\u015bnie= 1100 z\u0142!!!<\/li>\n<\/ul>\n<\/div><\/div> \n\n<\/div> \n<\/div><\/div><\/div>","protected":false},"excerpt":{"rendered":"<p>SZKOLENIAPRZED\u0141U\u017bANIE I ZAG\u0118SZCZANIE RZ\u0118S 2D I 3D szkolenia TRWA\u0141E PRZED\u0141U\u017bANIE RZ\u0118S 1:1 szkolenie NICI PDO szkolenie MAKIJA\u017b PERMANENTNY szkolenie z KWASU HIALURONOWEGO szkolenie ze STYLIZACJI PAZNOKCI MODELOWANIE UST METOD\u0104 NA P\u0141ASKO szkolenie z PIERCINGU INTENSYWNY KURS KOSMETYKI STOSOWANEJ szkolenie z ZABIEG\u00d3W EKSFOLIACJI KWASAMI SZKOLENIA CENNIK SZKOLENIA CENNIKWszyscy uczestnicy szkole\u0144 otrzymuj\u0105 materia\u0142y szkoleniowe i certyfikaty w [&hellip;]<\/p>\n","protected":false},"author":1,"featured_media":0,"parent":0,"menu_order":0,"comment_status":"closed","ping_status":"closed","template":"","meta":{"footnotes":""},"class_list":["post-1751","page","type-page","status-publish","hentry"],"_links":{"self":[{"href":"https:\/\/beauty-center.pl\/index.php\/wp-json\/wp\/v2\/pages\/1751","targetHints":{"allow":["GET"]}}],"collection":[{"href":"https:\/\/beauty-center.pl\/index.php\/wp-json\/wp\/v2\/pages"}],"about":[{"href":"https:\/\/beauty-center.pl\/index.php\/wp-json\/wp\/v2\/types\/page"}],"author":[{"embeddable":true,"href":"https:\/\/beauty-center.pl\/index.php\/wp-json\/wp\/v2\/users\/1"}],"replies":[{"embeddable":true,"href":"https:\/\/beauty-center.pl\/index.php\/wp-json\/wp\/v2\/comments?post=1751"}],"version-history":[{"count":1,"href":"https:\/\/beauty-center.pl\/index.php\/wp-json\/wp\/v2\/pages\/1751\/revisions"}],"predecessor-version":[{"id":1752,"href":"https:\/\/beauty-center.pl\/index.php\/wp-json\/wp\/v2\/pages\/1751\/revisions\/1752"}],"wp:attachment":[{"href":"https:\/\/beauty-center.pl\/index.php\/wp-json\/wp\/v2\/media?parent=1751"}],"curies":[{"name":"wp","href":"https:\/\/api.w.org\/{rel}","templated":true}]}}