{"id":1778,"date":"2016-09-21T12:03:09","date_gmt":"2016-09-21T10:03:09","guid":{"rendered":"http:\/\/beauty.kbsolution.pl\/?page_id=1778"},"modified":"2016-09-21T12:05:14","modified_gmt":"2016-09-21T10:05:14","slug":"depilacja-laserowa-na-stale-cennik","status":"publish","type":"page","link":"https:\/\/beauty-center.pl\/index.php\/depilacja-laserowa-na-stale-cennik\/","title":{"rendered":"DEPILACJA LASEROWA NA STA\u0141E- CENNIK"},"content":{"rendered":"<div  class=\"ui--tagline-box-wrapper ui--animation clearfix\"><div  id=\"tagline-1\" class=\"ui--tagline-box ui-row clearfix ui--tagline-box-custom-color radius-3px\" data-responsive=\"{&quot;css&quot;:{&quot;min-height&quot;:{&quot;phone&quot;:&quot;auto&quot;,&quot;tablet&quot;:&quot;auto&quot;,&quot;widescreen&quot;:&quot;&quot;}}}\"><div  class=\"ui--tagline-background-container ui--tagline-background-overlay radius-3px\"><\/div><div  class=\"ui--tagline-background-container ui--tagline-background-image radius-3px\"><\/div><div  class=\"ui--tagline-content\"><div class=\"ui-row row\">\n <div   class=\"ui-column span4\"><div id=\"nav_menu-5\" class=\"widget widget_nav_menu\"><h4 class=\"sidebar-widget-title ui--widget-title\"><span>LASER DIODOWY<\/span><\/h4><div class=\"menu-zabiegi-laserowe-container\"><ul id=\"menu-zabiegi-laserowe\" class=\"menu\"><li id=\"menu-item-1780\" class=\"menu-item menu-item-type-post_type menu-item-object-page depth-0 to-right\"><a href=\"https:\/\/beauty-center.pl\/index.php\/depilacja-laserowa-na-stale-cennik\/\">DEPILACJA LASEROWA NA STA\u0141E- CENNIK<\/a><\/li>\n<li id=\"menu-item-1638\" class=\"menu-item menu-item-type-post_type menu-item-object-page depth-0 to-right\"><a href=\"https:\/\/beauty-center.pl\/index.php\/laserowe-usuwanie-tradziku\/\">LASEROWE USUWANIE TR\u0104DZIKU<\/a><\/li>\n<li id=\"menu-item-1639\" class=\"menu-item menu-item-type-post_type menu-item-object-page depth-0 to-right\"><a href=\"https:\/\/beauty-center.pl\/index.php\/laserowe-usuwanie-naczynek\/\">LASEROWE USUWANIE NACZYNEK<\/a><\/li>\n<li id=\"menu-item-1640\" class=\"menu-item menu-item-type-post_type menu-item-object-page depth-0 to-right\"><a href=\"https:\/\/beauty-center.pl\/index.php\/depilacja-laserowa\/\">DEPILACJA LASEROWA<\/a><\/li>\n<li id=\"menu-item-1644\" class=\"menu-item menu-item-type-post_type menu-item-object-page depth-0 to-right\"><a href=\"https:\/\/beauty-center.pl\/index.php\/fotoodmladzanie\/\">FOTOODM\u0141ADZANIE<\/a><\/li>\n<li id=\"menu-item-2360\" class=\"menu-item menu-item-type-post_type menu-item-object-page depth-0 to-right\"><a href=\"https:\/\/beauty-center.pl\/index.php\/osocze-bogatoplytkowe-czyli-wampirzy-lifting\/\">OSOCZE BOGATOP\u0141YTKOWE, CZYLI WAMPIRZY LIFTING<\/a><\/li>\n<\/ul><\/div><\/div><div id=\"nav_menu-13\" class=\"widget widget_nav_menu\"><h4 class=\"sidebar-widget-title ui--widget-title\"><span>LASER FRAKCYJNY<\/span><\/h4><div class=\"menu-laser-frakcyjny-container\"><ul id=\"menu-laser-frakcyjny\" class=\"menu\"><li id=\"menu-item-1791\" class=\"menu-item menu-item-type-post_type menu-item-object-page depth-0 to-right\"><a href=\"https:\/\/beauty-center.pl\/index.php\/usuwanie-kurzajek-i-wlokniakow-laserem\/\">USUWANIE KURZAJEK I W\u0141\u00d3KNIAK\u00d3W LASEREM<\/a><\/li>\n<li id=\"menu-item-1795\" class=\"menu-item menu-item-type-post_type menu-item-object-page depth-0 to-right\"><a href=\"https:\/\/beauty-center.pl\/index.php\/laser-frakcyjny-cennik\/\">LASER FRAKCYJNY CENNIK<\/a><\/li>\n<\/ul><\/div><\/div><\/div> \n\n <div   class=\"ui-column span8\"><div class=\"ui--title ui--animation ui--title-bordered text-center\"><div class=\"ui--title-holder\"><h3 class=\"ui--title-text\" style=\"color: #bd1e9d !important;\">Laser diodowy BY- YOUNG<\/h3><div style=\"border-color: #bd1e9d !important;\" class=\"ui--title-borders ui--title-border-left\"><\/div><div style=\"border-color: #bd1e9d !important;\" class=\"ui--title-borders ui--title-border-right\"><\/div><\/div><\/div><div class=\"auto-format ui--animation\"><p>z systemem z systemem Lightsheer  jest obecnie najnowocze\u015bniejszym i zarazem najlepszym urz\u0105dzeniem do depilacji laserowej na \u015bwiecie, a co za tym idzie daj\u0105cym najlepsze efekty epilacyjne. Depilacja laserowa jest metod\u0105 trwa\u0142\u0105, bezpieczn\u0105 i praktycznie bezbolesn\u0105. Jest to metoda bezinwazyjna, nie powoduj\u0105ca uszkodze\u0144 sk\u00f3ry. Laser diodowy  jest pierwszym tego typu urz\u0105dzeniem, daj\u0105cym gwarancj\u0119 skuteczno\u015bci oraz oczekiwanego efektu. Oszcz\u0119dza b\u00f3lu, oraz nieprzyjemnych i czasoch\u0142onnych zabieg\u00f3w piel\u0119gnacyjnych, ostatecznie rozwi\u0105zuj\u0105c problem zb\u0119dnego ow\u0142osienia. Laser diodowy BY- YOUNG z systemem Lightsheer  w zaopatrzono w  g\u0142owic\u0119 emituj\u0105c\u0105 \u015bwiat\u0142o lasera diodowego o d\u0142ugo\u015b\u0107 fali 800 nm do 810 nm co daje mo\u017cliwo\u015b\u0107 wykonywania szybkich i bezpiecznych zabieg\u00f3w, tak\u017ce u os\u00f3b z ciemn\u0105 karnacj\u0105 i opalon\u0105 sk\u00f3r\u0105.<\/p>\n<\/div><div class=\"ui--title ui--animation ui--title-bordered text-center\"><div class=\"ui--title-holder\"><h3 class=\"ui--title-text\" style=\"color: #bd1e9d !important;\">SUPER PROMOCJA!! LASEROWE USUWANIE OW\u0141OSIENIA <br \/>NA STA\u0141E!!!<\/h3><div style=\"border-color: #bd1e9d !important;\" class=\"ui--title-borders ui--title-border-left\"><\/div><div style=\"border-color: #bd1e9d !important;\" class=\"ui--title-borders ui--title-border-right\"><\/div><\/div><\/div><div class=\"ui--title ui--animation ui--title-bordered text-center\"><div class=\"ui--title-holder\"><h3 class=\"ui--title-text\" style=\"color: #bd1e9d !important;\">LASER<\/h3><div style=\"border-color: #bd1e9d !important;\" class=\"ui--title-borders ui--title-border-left\"><\/div><div style=\"border-color: #bd1e9d !important;\" class=\"ui--title-borders ui--title-border-right\"><\/div><\/div><\/div><div class=\"auto-format ui--animation\"><p>Laser, na kt\u00f3rym pracujemy jest laserem diodowym typ o d\u0142ugo\u015bci fali 810 nm., kt\u00f3ra przez towarzystwa medycyny estetycznej uznawana jest za najskuteczniejsz\u0105 w zabiegach depilacji laserowej. Laser zaopatrzony jest w skaner, dzi\u0119ki kt\u00f3remu czas zabiegu skraca si\u0119 do minimum. Przyk\u0142adowo zabieg na ca\u0142e plecy trwa ok 20 min. Ten rodzaj lasera pozwala na szybk\u0105, bezpieczn\u0105 i w pe\u0142ni skuteczn\u0105 depilacj\u0119.<\/p>\n<\/div><div class=\"ui--title ui--animation ui--title-bordered text-center\"><div class=\"ui--title-holder\"><h3 class=\"ui--title-text\" style=\"color: #bd1e9d !important;\">Mechanizm dzia\u0142ania \u015bwiat\u0142a lasera na mieszek w\u0142osowy i w\u0142os.<\/h3><div style=\"border-color: #bd1e9d !important;\" class=\"ui--title-borders ui--title-border-left\"><\/div><div style=\"border-color: #bd1e9d !important;\" class=\"ui--title-borders ui--title-border-right\"><\/div><\/div><\/div><div class=\"auto-format ui--animation\"><p>Laser stosowany do zabieg\u00f3w depilacji dzia\u0142a powierzchownie, nie wp\u0142ywa na funkcje ca\u0142ego organizmu. Wi\u0105zka promieni skierowana ku sk\u00f3rze przenika ok. 2 mm w g\u0142\u0105b, powoduje uszkodzenie mieszka w\u0142osowego poprzez absorbcj\u0119  energii przez melanin\u0119, czyli barwnik znajduj\u0105cy si\u0119 we w\u0142osie, co w efekcie prowadzi do utraty w\u0142osa. Odpowiednia d\u0142ugo\u015b\u0107 wi\u0105zki \u015bwiat\u0142a niszczy ten barwnik, a przez to powoduje zanik kom\u00f3rek macierzystych mieszk\u00f3w w\u0142osowych. Nie wszystkie w\u0142osy rosn\u0105 r\u00f3wnocze\u015bnie. Oko\u0142o 30% z nich znajduje si\u0119 w fazie wzrostu  i w\u0142a\u015bnie one reaguj\u0105 na \u015bwiat\u0142o lasera, pozosta\u0142e w\u0142osy s\u0105 w fazie \u201eu\u015bpienia\u201d , kt\u00f3ra ma r\u00f3\u017cne okresy trwania ( od 3 do 8 tygodni)- po tym okresie zaczyna si\u0119 aktywny etap wzrostu nowego w\u0142osa. W wi\u0119kszo\u015bci przypadk\u00f3w po czterech zabiegach nast\u0119puje bardzo znacz\u0105ca redukcja ow\u0142osienia (ok. 80% os\u00f3b potrzebuje mi\u0119dzy 4 a 6 zabieg\u00f3w-, itp<br \/>\nRezultaty depilacji zale\u017c\u0105 od wielu czynnik\u00f3w tj. koloru i grubo\u015bci w\u0142osa, rodzaju w\u0142osa, fototypu sk\u00f3ry, gospodarki hormonalnej, w zale\u017cno\u015bci od cz\u0119\u015bci cia\u0142a, predyspozycji genetycznych, wieku, choroby i przyjmowanych lek\u00f3w itd. Niestety nie jest mo\u017cliwe dok\u0142adne okre\u015blenie liczby zabieg\u00f3w jakiej potrzebuje pacjent.<\/p>\n<\/div><div class=\"ui--image-wrap clearfix text-center ui--block\" style=\"margin-top: 10px;  margin-bottom: 25px;\"><img loading=\"lazy\" decoding=\"async\" width=\"533\" height=\"434\" src=\"https:\/\/beauty-center.pl\/wp-content\/uploads\/2016\/09\/1234.png\" class=\"ui--image ui--animation\" alt=\"\" id=\"ui--image-1\" srcset=\"https:\/\/beauty-center.pl\/wp-content\/uploads\/2016\/09\/1234.png 533w, https:\/\/beauty-center.pl\/wp-content\/uploads\/2016\/09\/1234-300x244.png 300w\" sizes=\"auto, (max-width: 533px) 100vw, 533px\" \/><\/div><div class=\"ui--image-wrap clearfix text-center ui--block\" style=\"margin-top: 10px;  margin-bottom: 25px;\"><img loading=\"lazy\" decoding=\"async\" width=\"1010\" height=\"502\" src=\"https:\/\/beauty-center.pl\/wp-content\/uploads\/2016\/09\/212.png\" class=\"ui--image ui--animation\" alt=\"\" id=\"ui--image-2\" srcset=\"https:\/\/beauty-center.pl\/wp-content\/uploads\/2016\/09\/212.png 1010w, https:\/\/beauty-center.pl\/wp-content\/uploads\/2016\/09\/212-300x149.png 300w, https:\/\/beauty-center.pl\/wp-content\/uploads\/2016\/09\/212-768x382.png 768w\" sizes=\"auto, (max-width: 1010px) 100vw, 1010px\" \/><\/div><div class=\"auto-format ui--animation\"><p><strong>Czy laserowe usuwanie ow\u0142osienia jest bolesne?<\/strong><br \/>\nW por\u00f3wnaniu do depilacji woskiem zabieg laserowego usuwania ow\u0142osienia jest bardzo \u0142agodny. Niekt\u00f3re okolice s\u0105 bardziej wra\u017cliwe ni\u017c inne. Uczucie dyskomfortu r\u00f3\u017cni si\u0119 w zale\u017cno\u015bci od rodzaju sk\u00f3ry, zastosowanego lasera i indywidualnej tolerancji na b\u00f3l. Najnowocze\u015bniejsza technologia, najwy\u017cszy komfort zabiegu dzi\u0119ki potr\u00f3jnemu systemowi ch\u0142odzenia (p\u00f3\u0142przewodnik, zamkni\u0119ty obieg wody, powietrze). Laser By-Young to najnowocze\u015bniejsza technologia, dzi\u0119ki potr\u00f3jnemu systemowi ch\u0142odzenia (p\u00f3\u0142przewodnik, zamkni\u0119ty obieg wody, powietrze) zabieg jest du\u017co bardziej komfortowy, ni\u017c w innych typach laser\u00f3w diodowych.<br \/>\nNajbardziej bolesna jest pierwsza sesja. Poniewa\u017c energia lasera jest wch\u0142aniana przez cebulk\u0119 w\u0142osow\u0105 generuj\u0105c\u0105 ciep\u0142o, laserowemu usuwaniu ow\u0142osienia towarzyszy lekkie odczucie dyskomfortu. W niekt\u00f3rych miejscach zabieg jest bardziej bolesny ni\u017c w innych. Ponadto pacjenci z grubymi, ciemnymi w\u0142osami mog\u0105 odczuwa\u0107 wi\u0119kszy dyskomfort ni\u017c pacjenci o cienkich w\u0142osach. Dzieje si\u0119 tak poniewa\u017c grubsze i ciemniejsze<br \/>\nw\u0142osy absorbuj\u0105 wi\u0119cej \u015bwiat\u0142a podczas danej sesji. Na og\u00f3\u0142, z zabiegu na zabieg w\u0142osy staj\u0105 si\u0119 coraz cie\u0144sze i ja\u015bniejsze. Dlatego te\u017c najwi\u0119kszy dyskomfort odczuwa si\u0119 przy pierwszym zabiegu Bolesno\u015b\u0107 zabieg\u00f3w IPL i laser\u00f3w jest podobna i uzale\u017cniona jest od wra\u017cliwo\u015bci pacjenta oraz urz\u0105dzenia do depilacji, oraz dobranych paramentr\u00f3w.<\/p>\n<p><strong>Dlaczego laser diodowy BY- YOUNG z systemem z systemem Lightsheer ?<\/strong><br \/>\nFale \u015bwietlne lasera maj\u0105 t\u0119 sam\u0105 d\u0142ugo\u015b\u0107 fali i niewielk\u0105 rozbie\u017cno\u015b\u0107 w zwi\u0105zku z tym dzia\u0142aj\u0105 w spos\u00f3b celowany na w\u0142os, a konkretnie na jego barwnik, nie szkodz\u0105 tkankom dooko\u0142a. Skuteczno\u015b\u0107 epilacji (depilacji laserowej) laserem si\u0119ga 95%. To znaczy, \u017ce mo\u017ce odrosn\u0105\u0107 5 % w\u0142osk\u00f3w, kt\u00f3re s\u0105 jasne, cienkie i nie maj\u0105 ciemnego barwnika &#8211; melaniny.<br \/>\nNa rynku jest dost\u0119pnych co najmniej kilka system\u00f3w do depilacji, a ich skuteczno\u015b\u0107 znacz\u0105co si\u0119 r\u00f3\u017cni. Chcieli\u015bmy zaoferowa\u0107 Pa\u0144stwu us\u0142ug\u0119 na najwy\u017cszym poziomie. Naszymi priorytetami przy wyborze lasera by\u0142y:<br \/>\n&#8211; najwy\u017csza skuteczno\u015b\u0107<br \/>\n&#8211; bezpiecze\u0144stwo<br \/>\n&#8211; jednorodny profil plamki dla zmniejszenia efekt\u00f3w ubocznych<br \/>\n&#8211; komfort dla pacjenta<br \/>\n&#8211; kr\u00f3tki czas trwania zabiegu- du\u017ca g\u0142owica- 11x18mm<br \/>\n&#8211; efektywne ch\u0142odzenie nask\u00f3rka nast\u0119puje za po\u015brednictwem metalowej sondy, umieszczonej w g\u0142owicy lasera<br \/>\n&#8211; stosunkowo ma\u0142a ilo\u015b\u0107 zabieg\u00f3w do osi\u0105gni\u0119cia zadowalaj\u0105cego efektu<br \/>\nLaser diodowy BY- YOUNG z systemem z systemem Lightsheer   jest najnowocze\u015bniejszym urz\u0105dzeniem do usuwania zb\u0119dnego ow\u0142osienia. Diode Laser System posiada certyfikat bezpiecze\u0144stwa i jako\u015bci wydany przez U.S. FDA (Ameryka\u0144skie Ministerstwo ds. \u017bywno\u015bci i Lek\u00f3w) respektowany na ca\u0142ym \u015bwiecie.<\/p>\n<p><strong>Kiedy stosuje si\u0119 zabiegi epilacji?<\/strong><br \/>\n&#8211; w celu usuni\u0119cia w\u0142os\u00f3w pojawiaj\u0105cych si\u0119 na sk\u00f3rze w przebiegu zaburze\u0144 endokrynologicznych -hirsutyzm, hipertrychoza,<br \/>\n&#8211; w celach kosmetycznych -wszystkie cz\u0119\u015bci cia\u0142a,<br \/>\n&#8211; u os\u00f3b, u kt\u00f3rych wyst\u0119puj\u0105 objawy wrastania w\u0142os\u00f3w po innych metodach depilacji,<br \/>\n&#8211; u os\u00f3b ze zmianami naczyniowymi na nogach,<br \/>\n&#8211; u pacjent\u00f3w z wra\u017cliw\u0105 sk\u00f3r\u0105, u kt\u00f3rych pojawia si\u0119 odczyn zapalny na sk\u00f3rze (zaczerwienienie) po woskowaniu, goleniu b\u0105d\u017a depilacjach chemicznych,<br \/>\n&#8211; zabiegi mo\u017cna wykonywa\u0107 u m\u0119\u017cczyzn w wypadku nadwra\u017cliwo\u015bci sk\u00f3ry po goleniu (przerzedzenie w\u0142os\u00f3w)<\/p>\n<p><strong>Czy konieczna jest seria zabieg\u00f3w?<\/strong><br \/>\nCa\u0142a kuracja laserowego usuwania ow\u0142osienia trwa kilka sesji, kt\u00f3re zazwyczaj wykonuje si\u0119 od 4-8 tyg . Aby osi\u0105gn\u0105\u0107 ok. 80-procentow\u0105 redukcj\u0119 ow\u0142osienia u 80-90% dobrych kandydat\u00f3w potrzebnych b\u0119dzie ok. 4-7 sesji. Pomi\u0119dzy sesjami niekt\u00f3re w\u0142osy b\u0119d\u0105 odrasta\u0107, poniewa\u017c te, kt\u00f3re by\u0142y w fazie u\u015bpienia podczas ostatniego zabiegu, teraz mog\u0105 by\u0107 w fazie wzrostu. Dlatego istnieje potrzeba wykonania wielu zabieg\u00f3w. Przeprowadzenie kilku zabieg\u00f3w zapewnia, ze laser dotrze do wszystkich w\u0142osk\u00f3w. Pacjent mo\u017ce goli\u0107 w\u0142oski odrastaj\u0105ce pomi\u0119dzy kolejnymi sesjami.<br \/>\nMo\u017ce wyst\u0105pi\u0107 potrzeba powt\u00f3rzenia co rok sesji utrwalaj\u0105cych rezultaty.<br \/>\nWielu pacjent\u00f3w uwa\u017ca, \u017ce po wst\u0119pnej kuracji sk\u0142adaj\u0105cej si\u0119 z kilku zabieg\u00f3w, sesje utrwalaj\u0105ce rezultaty powtarzane raz lub dwa razy do roku s\u0105 najlepszym sposobem na zahamowanie wzrostu w\u0142os\u00f3w.<br \/>\nZaledwie u mniejszo\u015bci pacjent\u00f3w, kt\u00f3rzy s\u0105 dobrymi kandydatami do zabiegu utrata ow\u0142osienia jest tylko tymczasowa i wyst\u0119puje ca\u0142kowite odro\u015bni\u0119cie w\u0142os\u00f3w. Zazwyczaj takie zjawisko wyst\u0119puje u os\u00f3b o w\u0142osach w kolorze bia\u0142ym i blond lub maj\u0105cych problemy hormonalne. Zabieg trwa 15-45 minut, a w jego trakcie pacjent odczuwa delikatne impulsy ciep\u0142a.<\/p>\n<p><strong>Jakie s\u0105 wskazania po zabiegu?<\/strong><br \/>\nPo zabiegu cz\u0119sto pojawia si\u0119 zaczerwienienie i zgrubienia. W takich wypadkach pomaga zimny ok\u0142ad. Poza tym, nale\u017cy przestrzega\u0107 og\u00f3lnych \u015brodk\u00f3w zaradczych, takich jak:<br \/>\n&#8211; minimalny makija\u017c i obficie aplikowany krem nawil\u017caj\u0105cy<br \/>\n&#8211; dwa-trzy razy dziennie stosowa\u0107 krem termcool, alantan lub bepanten (do czasu     ust\u0105pienia podra\u017cnienia)<br \/>\n&#8211; nie u\u017cywa\u0107 dezodorant\u00f3w<br \/>\n&#8211; stosowa\u0107 krem z filtrem co najmniej SPF 25 lub wy\u017cszym przez kilka tygodni po zabiegu<br \/>\n&#8211; je\u017celi jest to konieczne, jedyn\u0105 dopuszczaln\u0105 metod\u0105 usuwania w\u0142os\u00f3w w okresie bezpo\u015brednio po zabiegu jest golenie<br \/>\n&#8211; przez 2 tygodnie od zabiegu nale\u017cy unika\u0107 s\u0142o\u0144ca,<br \/>\n&#8211; nie wolno podra\u017cnia\u0107 sk\u00f3ry, na kt\u00f3rej by\u0142 wykonywany zabieg,<br \/>\n&#8211; w przypadku podra\u017cnie\u0144 mo\u017cna stosowa\u0107 preparaty z pantenolem lub alantoin\u0105<br \/>\n&#8211; do kilku dni po zabiegu na depilowanej powierzchni nie stosowa\u0107: preparat\u00f3w na bazie alkoholu, dezodorant\u00f3w, tonik\u00f3w itd., myd\u0142a oraz wszelkiego rodzaju peeling\u00f3w.<br \/>\nNale\u017cy pami\u0119ta\u0107, \u017ce do trzech tygodni po zabiegu w\u0142osy b\u0119d\u0105 samoczynnie wychodzi\u0107. Mo\u017cna w\u00f3wczas u\u017cy\u0107 specjalnej myjki lub g\u0105bki \u015bcieraj\u0105cej, co przyspieszy ca\u0142y proces.<br \/>\nTrzeba mie\u0107 na uwadze, \u017ce ka\u017cda sk\u00f3ra reaguje na zabieg w spos\u00f3b indywidualny. W miejscach obj\u0119tych zabiegiem mo\u017ce wyst\u0105pi\u0107 niewielki rumie\u0144 lub obrz\u0119k oko\u0142o mieszkowy. Zar\u00f3wno zaczerwienienia, jak i niewielkie strupki i przebarwienia ust\u0119puj\u0105 po kilku dniach. Przy wyj\u0105tkowej nadwra\u017cliwo\u015bci sk\u00f3ry mog\u0105 si\u0119 utrzymywa\u0107 do kilku tygodni.<\/p>\n<p><strong>Przeciwwskazania do zabiegu i \u015brodki ostro\u017cno\u015bci:<\/strong><br \/>\n&#8211; opalona sk\u00f3ra, zw\u0142aszcza \u015bwie\u017ca opalenizna( ryzyko oparze\u0144, mniejsza skuteczno\u015b\u0107 zabiegu)<br \/>\n&#8211; stosowanie samoopalaczy<br \/>\n&#8211; ci\u0105\u017ca<br \/>\n&#8211; stosowanie lek\u00f3w fotouczulaj\u0105cych tj. retinoidy, tetracykliny,<br \/>\n&#8211; stosowanie krem\u00f3w z retinolem, wit.C, kwasami w miejscu poddanym zabiegowi<br \/>\n&#8211; za\u017cywanie zi\u00f3\u0142 fotouczulaj\u0105cych tj. dziurawiec, nagietek, mi\u0142orz\u0105b<br \/>\n&#8211; stosowanie lek\u00f3w hormonalnych<br \/>\n&#8211; zaburzenia hormonalne, padaczka, \u0142uszczyca, bielactwo<br \/>\n&#8211; aktywna opryszczka<br \/>\n&#8211; infekcje sk\u00f3rne w miejscu zabiegu<br \/>\n&#8211; sk\u0142onno\u015b\u0107 do bliznowc\u00f3w i przebarwie\u0144<\/p>\n<p><strong>Przygotowanie pacjenta do zabiegu:<\/strong><br \/>\nSk\u00f3ra przed zabiegiem powinna by\u0107 ogolona, mo\u017ce zaledwie cie\u0144 w\u0142osa. W dniu zabiegu nie stosowa\u0107 antyperspirant\u00f3w, sk\u00f3ra powinna by\u0107  umyta, sucha i niczym nie posmarowana.<br \/>\n1 miesi\u0105c przed zabiegiem nie nale\u017cy usuwa\u0107 w\u0142os\u00f3w przy pomocy depilatora czy pensety.<br \/>\n1 tydzie\u0144 przed zabiegiem nie stosowa\u0107 krem\u00f3w depiluj\u0105cych.<br \/>\nJe\u015bli sk\u00f3ra jest opalona nale\u017cy odczeka\u0107 a\u017c ust\u0105pi \u015bwie\u017ca opalenizna.<\/p>\n<\/div><\/div> \n\n<\/div> \n<\/div><\/div><\/div>","protected":false},"excerpt":{"rendered":"<p>LASER DIODOWYDEPILACJA LASEROWA NA STA\u0141E- CENNIK LASEROWE USUWANIE TR\u0104DZIKU LASEROWE USUWANIE NACZYNEK DEPILACJA LASEROWA FOTOODM\u0141ADZANIE OSOCZE BOGATOP\u0141YTKOWE, CZYLI WAMPIRZY LIFTING LASER FRAKCYJNYUSUWANIE KURZAJEK I W\u0141\u00d3KNIAK\u00d3W LASEREM LASER FRAKCYJNY CENNIK Laser diodowy BY- YOUNGz systemem z systemem Lightsheer jest obecnie najnowocze\u015bniejszym i zarazem najlepszym urz\u0105dzeniem do depilacji laserowej na \u015bwiecie, a co za tym idzie daj\u0105cym [&hellip;]<\/p>\n","protected":false},"author":1,"featured_media":0,"parent":0,"menu_order":0,"comment_status":"closed","ping_status":"closed","template":"","meta":{"footnotes":""},"class_list":["post-1778","page","type-page","status-publish","hentry"],"_links":{"self":[{"href":"https:\/\/beauty-center.pl\/index.php\/wp-json\/wp\/v2\/pages\/1778","targetHints":{"allow":["GET"]}}],"collection":[{"href":"https:\/\/beauty-center.pl\/index.php\/wp-json\/wp\/v2\/pages"}],"about":[{"href":"https:\/\/beauty-center.pl\/index.php\/wp-json\/wp\/v2\/types\/page"}],"author":[{"embeddable":true,"href":"https:\/\/beauty-center.pl\/index.php\/wp-json\/wp\/v2\/users\/1"}],"replies":[{"embeddable":true,"href":"https:\/\/beauty-center.pl\/index.php\/wp-json\/wp\/v2\/comments?post=1778"}],"version-history":[{"count":2,"href":"https:\/\/beauty-center.pl\/index.php\/wp-json\/wp\/v2\/pages\/1778\/revisions"}],"predecessor-version":[{"id":1781,"href":"https:\/\/beauty-center.pl\/index.php\/wp-json\/wp\/v2\/pages\/1778\/revisions\/1781"}],"wp:attachment":[{"href":"https:\/\/beauty-center.pl\/index.php\/wp-json\/wp\/v2\/media?parent=1778"}],"curies":[{"name":"wp","href":"https:\/\/api.w.org\/{rel}","templated":true}]}}