{"id":1789,"date":"2016-09-21T13:22:45","date_gmt":"2016-09-21T11:22:45","guid":{"rendered":"http:\/\/beauty.kbsolution.pl\/?page_id=1789"},"modified":"2016-09-21T13:22:45","modified_gmt":"2016-09-21T11:22:45","slug":"usuwanie-kurzajek-i-wlokniakow-laserem","status":"publish","type":"page","link":"https:\/\/beauty-center.pl\/index.php\/usuwanie-kurzajek-i-wlokniakow-laserem\/","title":{"rendered":"USUWANIE KURZAJEK I W\u0141\u00d3KNIAK\u00d3W LASEREM"},"content":{"rendered":"<div  class=\"ui--tagline-box-wrapper ui--animation clearfix\"><div  id=\"tagline-1\" class=\"ui--tagline-box ui-row clearfix ui--tagline-box-custom-color radius-3px\" data-responsive=\"{&quot;css&quot;:{&quot;min-height&quot;:{&quot;phone&quot;:&quot;auto&quot;,&quot;tablet&quot;:&quot;auto&quot;,&quot;widescreen&quot;:&quot;&quot;}}}\"><div  class=\"ui--tagline-background-container ui--tagline-background-overlay radius-3px\"><\/div><div  class=\"ui--tagline-background-container ui--tagline-background-image radius-3px\"><\/div><div  class=\"ui--tagline-content\"><div class=\"ui-row row\">\n <div   class=\"ui-column span4\"><div id=\"nav_menu-13\" class=\"widget widget_nav_menu\"><h4 class=\"sidebar-widget-title ui--widget-title\"><span>LASER FRAKCYJNY<\/span><\/h4><div class=\"menu-laser-frakcyjny-container\"><ul id=\"menu-laser-frakcyjny\" class=\"menu\"><li id=\"menu-item-1791\" class=\"menu-item menu-item-type-post_type menu-item-object-page depth-0 to-right\"><a href=\"https:\/\/beauty-center.pl\/index.php\/usuwanie-kurzajek-i-wlokniakow-laserem\/\">USUWANIE KURZAJEK I W\u0141\u00d3KNIAK\u00d3W LASEREM<\/a><\/li>\n<li id=\"menu-item-1795\" class=\"menu-item menu-item-type-post_type menu-item-object-page depth-0 to-right\"><a href=\"https:\/\/beauty-center.pl\/index.php\/laser-frakcyjny-cennik\/\">LASER FRAKCYJNY CENNIK<\/a><\/li>\n<\/ul><\/div><\/div><div class=\"auto-format ui--animation\"><\/div><\/div> \n\n <div   class=\"ui-column span8\"><div class=\"ui--title ui--animation ui--title-bordered text-center\"><div class=\"ui--title-holder\"><h3 class=\"ui--title-text\" style=\"color: #bd1e9d !important;\">USUWANIE KURZAJEK I W\u0141\u00d3KNIAK\u00d3W LASEREM <\/h3><div style=\"border-color: #bd1e9d !important;\" class=\"ui--title-borders ui--title-border-left\"><\/div><div style=\"border-color: #bd1e9d !important;\" class=\"ui--title-borders ui--title-border-right\"><\/div><\/div><\/div><div class=\"ui--title ui--animation ui--title-bordered text-center\"><div class=\"ui--title-holder\"><h3 class=\"ui--title-text\" style=\"color: #bd1e9d !important;\">USUWANIE BRODAWEK I W\u0141\u00d3KNIAK\u00d3W LASEREM CO2- SZYBKO I BEZBOLE\u015aNIE <\/h3><div style=\"border-color: #bd1e9d !important;\" class=\"ui--title-borders ui--title-border-left\"><\/div><div style=\"border-color: #bd1e9d !important;\" class=\"ui--title-borders ui--title-border-right\"><\/div><\/div><\/div><div class=\"auto-format ui--animation\"><p><strong>CENA  OD 60 Z\u0141. ZA 1 ZMIAN\u0118 ( przy wi\u0119kszych zmianach do 100 z\u0142., wi\u0119ksza ilo\u015b\u0107 &#8211; cena do uzgodnienia)<\/strong><\/p>\n<p>W\u0142\u00f3kniaki mi\u0119kkie wygl\u0105daj\u0105 jak drobna kaszka lub mi\u0119kkie kilkumilimetrowe guzki barwy sk\u00f3ry lub nieco ciemniejsze. Czasem s\u0105 d\u0142ugie i nitkowate. Zwykle umiejscawiaj\u0105 si\u0119 na tu\u0142owiu, powiekach i szyi, a tak\u017ce na dekolcie, pod piersiami, pachami i w pachwinach, czyli tam, gdzie sk\u00f3ra jest najbardziej nara\u017cona na otarcia. Ich obecno\u015b\u0107 jest najcz\u0119\u015bciej uwarunkowana genetycznie, a wraz z wiekiem mo\u017ce pojawia\u0107 si\u0119 ich coraz wi\u0119cej. Na szcz\u0119\u015bcie mo\u017cna z nimi skutecznie i bezpiecznie walczy\u0107. Mowa o w\u0142\u00f3kniakach mi\u0119kkich, niegro\u017anych nowotworach tkanki \u0142\u0105cznej.<br \/>\nZmiany nie s\u0105 gro\u017ane, jednak dra\u017cnione przez wiele lat mog\u0105 ulec zez\u0142o\u015bliwieniu, wytworzy\u0107 si\u0119 stan zapalny (szczeg\u00f3lnie u os\u00f3b oty\u0142ych).<\/p>\n<p><strong>Brodawki<\/strong> to \u0142agodne zmiany grudkowe o nier\u00f3wnej powierzchni, dotycz\u0105ce sk\u00f3ry lub b\u0142on \u015bluzowych. S\u0105 powodowane przez wirusy brodawczaka ludzkiego (HPV). Brodawki wyst\u0119puj\u0105 na r\u00f3\u017cnych cz\u0119\u015bciach cia\u0142a, m.in. d\u0142oniach, stopach, powiekach.<\/p>\n<p>Zabieg jest ca\u0142kowicie bezbolesny i szybki. Podczas zabiegu odczuwa si\u0119 jedynie delikatne ciep\u0142o i pieczenie.<br \/>\nCzas trwania zabiegu uzale\u017cniony jest od powierzchni wielko\u015bci i ilo\u015bci zmian, kt\u00f3re maj\u0105 zosta\u0107 usuni\u0119te.<\/p>\n<p><strong>Przeciwwskazania<\/strong><br \/>\n<strong>Zabiegu nie nale\u017cy wykonywa\u0107:<\/strong><br \/>\n\u2013 u kobiet w ci\u0105\u017cy,<br \/>\n\u2013 w przypadku wyst\u0119powania schorze\u0144 sk\u00f3rnych: bielactwa, nowotworu sk\u00f3ry, \u0142uszczycy,<br \/>\n\u2013 podczas przyjmowania niekt\u00f3rych lek\u00f3w: retinoidy, leki psychotropowe, antybiotyki tetracyklinowe,<br \/>\n\u2013 u pacjent\u00f3w ze sk\u0142onno\u015bci\u0105 do bliznowc\u00f3w,<\/p>\n<p>Nasz laser  wyposa\u017cony w funkcje super i ultra puls, co oznacza, \u017ce pracuje w trybie impulsowym i nie dochodzi do termicznego uszkodzenia otaczaj\u0105cych zmian\u0119 tkanek, dzi\u0119ki czemu gojenie nast\u0119puje niemal zawsze bez blizn.<br \/>\nenergia lasera jest absorbowana przez uwodnion\u0105 tkank\u0119, dochodzi do jej odparowania zmiany i wytworzenia w tym miejscu strefy koagulacji, dzi\u0119ki czemu w trakcie zabiegu nie wyst\u0119puje krwawienie,  naczynia od razu s\u0105 przypalane,nie ma krwawienia, niepotrzebne s\u0105 szwy i nie istnieje ryzyko zaka\u017cenia.<\/p>\n<p><strong>Etapy zabiegu:<\/strong><br \/>\n1. Znieczulenie \u2013 miejscowe podanie podsk\u00f3rne preparatu znieczulaj\u0105cego.<br \/>\n2. Odparowanie wi\u0105zk\u0105 \u015bwiat\u0142a laserowego &#8211; w zale\u017cno\u015bci od g\u0142\u0119boko\u015bci i wielko\u015bci zmiany chorobowej mo\u017ce by\u0107 wykonywane przy u\u017cyciu r\u00f3\u017cnych tryb\u00f3w pracy lasera (normalpuls, superpuls lub ultrapuls). W zetkni\u0119ciu z uwodnion\u0105 tkank\u0105 chorobow\u0105 dochodzi do jej bezkrwawego odparowania. Miejsce po odparowaniu nast\u0119pnego dnia pokrywa si\u0119 powierzchownym br\u0105zowym strupkiem.<br \/>\n3. Gojenie i piel\u0119gnacja domowa \u2013 ranki po zabiegu mo\u017cna my\u0107 wod\u0105 z myd\u0142em, powinno si\u0119 tak\u017ce dezynfekowa\u0107 je preparatem spirytusowym. W przypadku wi\u0119kszych ran zaleca si\u0119 zak\u0142adanie plastra z opatrunkiem przepuszczaj\u0105cym do niej powietrze. Je\u015bli jest taka konieczno\u015b\u0107, powierzchowne strupki na twarzy i szyi mo\u017cna pokry\u0107 makija\u017cem. Proces gojenia trwa od kilku dni do 3-4 tygodni<\/p>\n<\/div><\/div> \n\n<\/div> \n<\/div><\/div><\/div>","protected":false},"excerpt":{"rendered":"<p>LASER FRAKCYJNYUSUWANIE KURZAJEK I W\u0141\u00d3KNIAK\u00d3W LASEREM LASER FRAKCYJNY CENNIK USUWANIE KURZAJEK I W\u0141\u00d3KNIAK\u00d3W LASEREM USUWANIE BRODAWEK I W\u0141\u00d3KNIAK\u00d3W LASEREM CO2- SZYBKO I BEZBOLE\u015aNIE CENA OD 60 Z\u0141. ZA 1 ZMIAN\u0118 ( przy wi\u0119kszych zmianach do 100 z\u0142., wi\u0119ksza ilo\u015b\u0107 &#8211; cena do uzgodnienia) W\u0142\u00f3kniaki mi\u0119kkie wygl\u0105daj\u0105 jak drobna kaszka lub mi\u0119kkie kilkumilimetrowe guzki barwy sk\u00f3ry [&hellip;]<\/p>\n","protected":false},"author":1,"featured_media":0,"parent":0,"menu_order":0,"comment_status":"closed","ping_status":"closed","template":"","meta":{"footnotes":""},"class_list":["post-1789","page","type-page","status-publish","hentry"],"_links":{"self":[{"href":"https:\/\/beauty-center.pl\/index.php\/wp-json\/wp\/v2\/pages\/1789","targetHints":{"allow":["GET"]}}],"collection":[{"href":"https:\/\/beauty-center.pl\/index.php\/wp-json\/wp\/v2\/pages"}],"about":[{"href":"https:\/\/beauty-center.pl\/index.php\/wp-json\/wp\/v2\/types\/page"}],"author":[{"embeddable":true,"href":"https:\/\/beauty-center.pl\/index.php\/wp-json\/wp\/v2\/users\/1"}],"replies":[{"embeddable":true,"href":"https:\/\/beauty-center.pl\/index.php\/wp-json\/wp\/v2\/comments?post=1789"}],"version-history":[{"count":1,"href":"https:\/\/beauty-center.pl\/index.php\/wp-json\/wp\/v2\/pages\/1789\/revisions"}],"predecessor-version":[{"id":1790,"href":"https:\/\/beauty-center.pl\/index.php\/wp-json\/wp\/v2\/pages\/1789\/revisions\/1790"}],"wp:attachment":[{"href":"https:\/\/beauty-center.pl\/index.php\/wp-json\/wp\/v2\/media?parent=1789"}],"curies":[{"name":"wp","href":"https:\/\/api.w.org\/{rel}","templated":true}]}}