{"id":1792,"date":"2016-09-21T13:25:03","date_gmt":"2016-09-21T11:25:03","guid":{"rendered":"http:\/\/beauty.kbsolution.pl\/?page_id=1792"},"modified":"2016-09-21T13:25:03","modified_gmt":"2016-09-21T11:25:03","slug":"laser-frakcyjny-cennik","status":"publish","type":"page","link":"https:\/\/beauty-center.pl\/index.php\/laser-frakcyjny-cennik\/","title":{"rendered":"LASER FRAKCYJNY CENNIK"},"content":{"rendered":"<div  class=\"ui--tagline-box-wrapper ui--animation clearfix\"><div  id=\"tagline-1\" class=\"ui--tagline-box ui-row clearfix ui--tagline-box-custom-color radius-3px\" data-responsive=\"{&quot;css&quot;:{&quot;min-height&quot;:{&quot;phone&quot;:&quot;auto&quot;,&quot;tablet&quot;:&quot;auto&quot;,&quot;widescreen&quot;:&quot;&quot;}}}\"><div  class=\"ui--tagline-background-container ui--tagline-background-overlay radius-3px\"><\/div><div  class=\"ui--tagline-background-container ui--tagline-background-image radius-3px\"><\/div><div  class=\"ui--tagline-content\"><div class=\"ui-row row\">\n <div   class=\"ui-column span4\"><div id=\"nav_menu-13\" class=\"widget widget_nav_menu\"><h4 class=\"sidebar-widget-title ui--widget-title\"><span>LASER FRAKCYJNY<\/span><\/h4><div class=\"menu-laser-frakcyjny-container\"><ul id=\"menu-laser-frakcyjny\" class=\"menu\"><li id=\"menu-item-1791\" class=\"menu-item menu-item-type-post_type menu-item-object-page depth-0 to-right\"><a href=\"https:\/\/beauty-center.pl\/index.php\/usuwanie-kurzajek-i-wlokniakow-laserem\/\">USUWANIE KURZAJEK I W\u0141\u00d3KNIAK\u00d3W LASEREM<\/a><\/li>\n<li id=\"menu-item-1795\" class=\"menu-item menu-item-type-post_type menu-item-object-page depth-0 to-right\"><a href=\"https:\/\/beauty-center.pl\/index.php\/laser-frakcyjny-cennik\/\">LASER FRAKCYJNY CENNIK<\/a><\/li>\n<\/ul><\/div><\/div><div class=\"auto-format ui--animation\"><\/div><\/div> \n\n <div   class=\"ui-column span8\"><div class=\"ui--title ui--animation ui--title-bordered text-center\"><div class=\"ui--title-holder\"><h3 class=\"ui--title-text\" style=\"color: #bd1e9d !important;\">LASER FRAKCYJNY CENNIK<\/h3><div style=\"border-color: #bd1e9d !important;\" class=\"ui--title-borders ui--title-border-left\"><\/div><div style=\"border-color: #bd1e9d !important;\" class=\"ui--title-borders ui--title-border-right\"><\/div><\/div><\/div><div class=\"auto-format ui--animation\"><p><strong><center>Laserowe usuwanie blizn potr\u0105dzikowych i pourazowych, resrfacing \u2013 lifting twarzy, szyi i dekoltu, poprawa wiotko\u015bci sk\u00f3ry usuwanie zmarszczek<\/p>\n<p>\n<table id=\"tablepress-37\" class=\"tablepress tablepress-id-37\">\n<thead>\n<tr class=\"row-1\">\n\t<th class=\"column-1\">Rodzaj zabiegu i powierzchnia<\/th><th class=\"column-2\">Cena (z\u0142)<\/th>\n<\/tr>\n<\/thead>\n<tbody class=\"row-striping row-hover\">\n<tr class=\"row-2\">\n\t<td class=\"column-1\">Ca\u0142a twarz<\/td><td class=\"column-2\">900<\/td>\n<\/tr>\n<tr class=\"row-3\">\n\t<td class=\"column-1\">Czo\u0142o lub r\u0119ce<\/td><td class=\"column-2\">300<\/td>\n<\/tr>\n<tr class=\"row-4\">\n\t<td class=\"column-1\">Policzki<\/td><td class=\"column-2\">450<\/td>\n<\/tr>\n<tr class=\"row-5\">\n\t<td class=\"column-1\">Plecy<\/td><td class=\"column-2\">1000<\/td>\n<\/tr>\n<tr class=\"row-6\">\n\t<td class=\"column-1\">Broda<\/td><td class=\"column-2\">200<\/td>\n<\/tr>\n<tr class=\"row-7\">\n\t<td class=\"column-1\">Szyja<\/td><td class=\"column-2\">400<\/td>\n<\/tr>\n<tr class=\"row-8\">\n\t<td class=\"column-1\">Dekolt<\/td><td class=\"column-2\">800<\/td>\n<\/tr>\n<tr class=\"row-9\">\n\t<td class=\"column-1\">Brzuch, po\u015bladki, uda (jedna wybrana okolica)<\/td><td class=\"column-2\">500-800<\/td>\n<\/tr>\n<tr class=\"row-10\">\n\t<td class=\"column-1\">Powieki lifting usuwanie zmarszczek<\/td><td class=\"column-2\">300<\/td>\n<\/tr>\n<tr class=\"row-11\">\n\t<td class=\"column-1\">Blizny pourazowe, bliznowce, rozst\u0119py, nos: zale\u017cy od powierzchni<\/td><td class=\"column-2\">od 100<\/td>\n<\/tr>\n<tr class=\"row-12\">\n\t<td class=\"column-1\">usuwanie- Pojedynczy wykwit, w\u0142\u00f3kniak, blizna do 4 cm.<\/td><td class=\"column-2\">120<\/td>\n<\/tr>\n<tr class=\"row-13\">\n\t<td class=\"column-1\">Twarz +szyja + dekolt<\/td><td class=\"column-2\">1200<\/td>\n<\/tr>\n<tr class=\"row-14\">\n\t<td class=\"column-1\">usuwanie kurzajek <\/td><td class=\"column-2\">100-150<\/td>\n<\/tr>\n<\/tbody>\n<\/table>\n<\/p>\n<p>Cena zabiegu ustalana jest indywidualnie podczas konsultacji i zale\u017cy od ilo\u015bci potrzebnych sesji i obszaru zabiegu. Cena zawiera znieczulenie i konsultacj\u0119<\/p>\n<\/div><div class=\"ui--image-wrap clearfix text-center ui--block\"><img loading=\"lazy\" decoding=\"async\" width=\"949\" height=\"147\" src=\"https:\/\/beauty-center.pl\/wp-content\/uploads\/2016\/09\/Bez-nazwy-7.png\" class=\"ui--image ui--animation\" alt=\"\" id=\"ui--image-1\" srcset=\"https:\/\/beauty-center.pl\/wp-content\/uploads\/2016\/09\/Bez-nazwy-7.png 949w, https:\/\/beauty-center.pl\/wp-content\/uploads\/2016\/09\/Bez-nazwy-7-300x46.png 300w, https:\/\/beauty-center.pl\/wp-content\/uploads\/2016\/09\/Bez-nazwy-7-768x119.png 768w\" sizes=\"auto, (max-width: 949px) 100vw, 949px\" \/><\/div><div class=\"auto-format ui--animation\"><p>Projekt wsp\u00f3\u0142finansowany przez Uni\u0119 Europejsk\u0105 z Europejskiego Funduszu Rozwoju Regionalnego oraz bud\u017cetu pa\u0144stwa w ramach Regionalnego Programu Operacyjnego Wojew\u00f3dztwa Zachodniopomorskiego na lata 2007-2013<br \/>\nTytu\u0142 projektu &#8222;Poniesienie konkurencyjne\u015bci firmy Imperium Urdoy Lorena poprzez zakup innowacyjnych urz\u0105dze\u0144 wykorzystywanych w procesie \u015bwiadczenia nowych i udoskonalonych us\u0142ug kosmetycznych&#8221;<br \/>\nUmowa o dofinansowanie nr UDA-RPZP.01.01.03-32-085\/12-00<\/p>\n<\/div><div  class=\"ui--divider ui--animation clearfix ui--divider-solid-line\"><\/div><\/div> \n\n<\/div> \n<\/div><\/div><\/div>","protected":false},"excerpt":{"rendered":"<p>LASER FRAKCYJNYUSUWANIE KURZAJEK I W\u0141\u00d3KNIAK\u00d3W LASEREM LASER FRAKCYJNY CENNIK LASER FRAKCYJNY CENNIKLaserowe usuwanie blizn potr\u0105dzikowych i pourazowych, resrfacing \u2013 lifting twarzy, szyi i dekoltu, poprawa wiotko\u015bci sk\u00f3ry usuwanie zmarszczek Rodzaj zabiegu i powierzchniaCena (z\u0142) Ca\u0142a twarz900 Czo\u0142o lub r\u0119ce300 Policzki450 Plecy1000 Broda200 Szyja400 Dekolt800 Brzuch, po\u015bladki, uda (jedna wybrana okolica)500-800 Powieki lifting usuwanie zmarszczek300 Blizny [&hellip;]<\/p>\n","protected":false},"author":1,"featured_media":0,"parent":0,"menu_order":0,"comment_status":"closed","ping_status":"closed","template":"","meta":{"footnotes":""},"class_list":["post-1792","page","type-page","status-publish","hentry"],"_links":{"self":[{"href":"https:\/\/beauty-center.pl\/index.php\/wp-json\/wp\/v2\/pages\/1792","targetHints":{"allow":["GET"]}}],"collection":[{"href":"https:\/\/beauty-center.pl\/index.php\/wp-json\/wp\/v2\/pages"}],"about":[{"href":"https:\/\/beauty-center.pl\/index.php\/wp-json\/wp\/v2\/types\/page"}],"author":[{"embeddable":true,"href":"https:\/\/beauty-center.pl\/index.php\/wp-json\/wp\/v2\/users\/1"}],"replies":[{"embeddable":true,"href":"https:\/\/beauty-center.pl\/index.php\/wp-json\/wp\/v2\/comments?post=1792"}],"version-history":[{"count":1,"href":"https:\/\/beauty-center.pl\/index.php\/wp-json\/wp\/v2\/pages\/1792\/revisions"}],"predecessor-version":[{"id":1794,"href":"https:\/\/beauty-center.pl\/index.php\/wp-json\/wp\/v2\/pages\/1792\/revisions\/1794"}],"wp:attachment":[{"href":"https:\/\/beauty-center.pl\/index.php\/wp-json\/wp\/v2\/media?parent=1792"}],"curies":[{"name":"wp","href":"https:\/\/api.w.org\/{rel}","templated":true}]}}