{"id":1917,"date":"2016-12-05T14:35:18","date_gmt":"2016-12-05T13:35:18","guid":{"rendered":"http:\/\/beauty-center.pl\/?page_id=1917"},"modified":"2016-12-05T14:35:18","modified_gmt":"2016-12-05T13:35:18","slug":"osocze-bogatoplytkowe-czyli-wampirzy-lifting","status":"publish","type":"page","link":"https:\/\/beauty-center.pl\/index.php\/osocze-bogatoplytkowe-czyli-wampirzy-lifting\/","title":{"rendered":"OSOCZE BOGATOP\u0141YTKOWE, CZYLI WAMPIRZY LIFTING"},"content":{"rendered":"<div  class=\"ui--tagline-box-wrapper ui--animation clearfix\"><div  id=\"tagline-1\" class=\"ui--tagline-box ui-row clearfix ui--tagline-box-custom-color radius-3px\" data-responsive=\"{&quot;css&quot;:{&quot;min-height&quot;:{&quot;phone&quot;:&quot;auto&quot;,&quot;tablet&quot;:&quot;auto&quot;,&quot;widescreen&quot;:&quot;&quot;}}}\"><div  class=\"ui--tagline-background-container ui--tagline-background-overlay radius-3px\"><\/div><div  class=\"ui--tagline-background-container ui--tagline-background-image radius-3px\"><\/div><div  class=\"ui--tagline-content\"><div class=\"ui-row row\">\n <div   class=\"ui-column span4\"><div id=\"nav_menu-10\" class=\"widget widget_nav_menu\"><h4 class=\"sidebar-widget-title ui--widget-title\"><span>KOSMETOLOGIA MEDYCZNA<\/span><\/h4><div class=\"menu-kosmetologia-medyczna-container\"><ul id=\"menu-kosmetologia-medyczna\" class=\"menu\"><li id=\"menu-item-1786\" class=\"menu-item menu-item-type-post_type menu-item-object-page menu-item-has-children depth-0 to-right\"><a href=\"https:\/\/beauty-center.pl\/index.php\/botox\/\">BOTOKS- likwidowanie zmarszczek<\/a>\n<ul class=\"sub-menu\">\n\t<li id=\"menu-item-2747\" class=\"menu-item menu-item-type-post_type menu-item-object-page depth-1 to-right\"><a href=\"https:\/\/beauty-center.pl\/index.php\/blokowanie-receptorow-glodu-botoxem\/\">Blokowanie receptor\u00f3w g\u0142odu botoxem<\/a><\/li>\n\t<li id=\"menu-item-2087\" class=\"menu-item menu-item-type-post_type menu-item-object-page depth-1 to-right\"><a href=\"https:\/\/beauty-center.pl\/index.php\/botox-leczenie-bruksizmu\/\">botoks-  bruksizm<\/a><\/li>\n\t<li id=\"menu-item-2092\" class=\"menu-item menu-item-type-post_type menu-item-object-page depth-1 to-right\"><a href=\"https:\/\/beauty-center.pl\/index.php\/botoks-leczenie-nadpotliwosci\/\">botoks- nadpotliwo\u015bci<\/a><\/li>\n\t<li id=\"menu-item-2946\" class=\"menu-item menu-item-type-post_type menu-item-object-page depth-1 to-right\"><a href=\"https:\/\/beauty-center.pl\/index.php\/botoks-full-face-2\/\">Botoks Full Face<\/a><\/li>\n<\/ul>\n<\/li>\n<li id=\"menu-item-2642\" class=\"menu-item menu-item-type-post_type menu-item-object-page depth-0 to-right\"><a href=\"https:\/\/beauty-center.pl\/index.php\/lip-flip-usta-botoks\/\">LIP FLIP \u2013 usta botoks<\/a><\/li>\n<li id=\"menu-item-2233\" class=\"menu-item menu-item-type-post_type menu-item-object-page depth-0 to-right\"><a href=\"https:\/\/beauty-center.pl\/index.php\/nici-liftingujace-haczykowe-4d\/\">NICI LIFTINGUJ\u0104CE HACZYKOWE 4D<\/a><\/li>\n<li id=\"menu-item-1728\" class=\"menu-item menu-item-type-post_type menu-item-object-page depth-0 to-right\"><a href=\"https:\/\/beauty-center.pl\/index.php\/nici-liftingujace-pdo\/\">NICI LIFTINGUJ\u0104CE PDO<\/a><\/li>\n<li id=\"menu-item-2637\" class=\"menu-item menu-item-type-post_type menu-item-object-page depth-0 to-right\"><a href=\"https:\/\/beauty-center.pl\/index.php\/nici-liftingujace-plla\/\">NICI LIFTINGUJ\u0104CE PLLA<\/a><\/li>\n<li id=\"menu-item-1729\" class=\"menu-item menu-item-type-post_type menu-item-object-page depth-0 to-right\"><a href=\"https:\/\/beauty-center.pl\/index.php\/powiekszanie-ust-i-wypelnianie-zmarszczeck\/\">POWI\u0118KSZANIE UST I WYPE\u0141NIANIE ZMARSZCZEK<\/a><\/li>\n<li id=\"menu-item-1733\" class=\"menu-item menu-item-type-post_type menu-item-object-page depth-0 to-right\"><a href=\"https:\/\/beauty-center.pl\/index.php\/wolumetria\/\">WOLUMETRIA<\/a><\/li>\n<li id=\"menu-item-1923\" class=\"menu-item menu-item-type-post_type menu-item-object-page depth-0 to-right\"><a href=\"https:\/\/beauty-center.pl\/index.php\/osocze-bogatoplytkowe-czyli-wampirzy-lifting\/\">OSOCZE BOGATOP\u0141YTKOWE, CZYLI WAMPIRZY LIFTING<\/a><\/li>\n<li id=\"menu-item-2564\" class=\"menu-item menu-item-type-post_type menu-item-object-page menu-item-has-children depth-0 to-right\"><a href=\"https:\/\/beauty-center.pl\/index.php\/stymulatory-tkankowe\/\">STYMULATORY TKANKOWE<\/a>\n<ul class=\"sub-menu\">\n\t<li id=\"menu-item-2774\" class=\"menu-item menu-item-type-post_type menu-item-object-page depth-1 to-right\"><a href=\"https:\/\/beauty-center.pl\/index.php\/kwas-polimlekowy\/\">kwas polimlekowy<\/a><\/li>\n\t<li id=\"menu-item-2782\" class=\"menu-item menu-item-type-post_type menu-item-object-page depth-1 to-right\"><a href=\"https:\/\/beauty-center.pl\/index.php\/tropokolagen\/\">tropokolagen<\/a><\/li>\n\t<li id=\"menu-item-2650\" class=\"menu-item menu-item-type-post_type menu-item-object-page depth-1 to-right\"><a href=\"https:\/\/beauty-center.pl\/index.php\/radisse\/\">radiesse<\/a><\/li>\n\t<li id=\"menu-item-2064\" class=\"menu-item menu-item-type-post_type menu-item-object-page depth-1 to-right\"><a href=\"https:\/\/beauty-center.pl\/index.php\/profhilo-molekula-mlodosci\/\">profhilo- moleku\u0142a m\u0142odo\u015bci<\/a><\/li>\n\t<li id=\"menu-item-2719\" class=\"menu-item menu-item-type-post_type menu-item-object-page depth-1 to-right\"><a href=\"https:\/\/beauty-center.pl\/index.php\/neauvia-stimulate\/\">Neauvia stimulate<\/a><\/li>\n\t<li id=\"menu-item-2662\" class=\"menu-item menu-item-type-post_type menu-item-object-page depth-1 to-right\"><a href=\"https:\/\/beauty-center.pl\/index.php\/neauvia-hydro-deluxe\/\">Neauvia Hydro Deluxe<\/a><\/li>\n\t<li id=\"menu-item-2676\" class=\"menu-item menu-item-type-post_type menu-item-object-page depth-1 to-right\"><a href=\"https:\/\/beauty-center.pl\/index.php\/neauvia\/\">neauvia Instense Flux<\/a><\/li>\n\t<li id=\"menu-item-2657\" class=\"menu-item menu-item-type-post_type menu-item-object-page depth-1 to-right\"><a href=\"https:\/\/beauty-center.pl\/index.php\/nithya\/\">nithya<\/a><\/li>\n\t<li id=\"menu-item-2274\" class=\"menu-item menu-item-type-post_type menu-item-object-page depth-1 to-right\"><a href=\"https:\/\/beauty-center.pl\/index.php\/nucleofill\/\">nucleofill<\/a><\/li>\n\t<li id=\"menu-item-2683\" class=\"menu-item menu-item-type-post_type menu-item-object-page depth-1 to-right\"><a href=\"https:\/\/beauty-center.pl\/index.php\/juvelook\/\">Juvelook<\/a><\/li>\n\t<li id=\"menu-item-2069\" class=\"menu-item menu-item-type-post_type menu-item-object-page depth-1 to-right\"><a href=\"https:\/\/beauty-center.pl\/index.php\/ellanse\/\">ellanse<\/a><\/li>\n\t<li id=\"menu-item-2080\" class=\"menu-item menu-item-type-post_type menu-item-object-page depth-1 to-right\"><a href=\"https:\/\/beauty-center.pl\/index.php\/sunekos-2\/\">sunekos<\/a><\/li>\n\t<li id=\"menu-item-2288\" class=\"menu-item menu-item-type-post_type menu-item-object-page depth-1 to-right\"><a href=\"https:\/\/beauty-center.pl\/index.php\/prostrolane\/\">prostolane<\/a><\/li>\n<\/ul>\n<\/li>\n<li id=\"menu-item-2293\" class=\"menu-item menu-item-type-post_type menu-item-object-page depth-0 to-right\"><a href=\"https:\/\/beauty-center.pl\/index.php\/laser-frakcyjny\/\">LASER FRAKCYJNY<\/a><\/li>\n<li id=\"menu-item-2797\" class=\"menu-item menu-item-type-post_type menu-item-object-page depth-0 to-right\"><a href=\"https:\/\/beauty-center.pl\/index.php\/laserowe-usuwanie-tatuazu\/\">LASEROWE USUWANIE TATUA\u017bU<\/a><\/li>\n<li id=\"menu-item-2356\" class=\"menu-item menu-item-type-post_type menu-item-object-page menu-item-has-children depth-0 to-right\"><a href=\"https:\/\/beauty-center.pl\/index.php\/mezoterapia-iglowa-2\/\">MEZOTERAPIA IG\u0141OWA<\/a>\n<ul class=\"sub-menu\">\n\t<li id=\"menu-item-2559\" class=\"menu-item menu-item-type-post_type menu-item-object-page depth-1 to-right\"><a href=\"https:\/\/beauty-center.pl\/index.php\/2556-2\/\">mezoterapia worki i cienie pod oczami<\/a><\/li>\n\t<li id=\"menu-item-2560\" class=\"menu-item menu-item-type-post_type menu-item-object-page depth-1 to-right\"><a href=\"https:\/\/beauty-center.pl\/index.php\/2553-2\/\">mezoterapia Koktajl witaminowy<\/a><\/li>\n\t<li id=\"menu-item-2379\" class=\"menu-item menu-item-type-post_type menu-item-object-page depth-1 to-right\"><a href=\"https:\/\/beauty-center.pl\/index.php\/mezoterapia-pod-oczy\/\">mezoterapia pod oczy<\/a><\/li>\n<\/ul>\n<\/li>\n<li id=\"menu-item-2539\" class=\"menu-item menu-item-type-post_type menu-item-object-page depth-0 to-right\"><a href=\"https:\/\/beauty-center.pl\/index.php\/kwasy-tca\/\">Peelingi chemiczne PRZEBARWIENIA<\/a><\/li>\n<li id=\"menu-item-2544\" class=\"menu-item menu-item-type-post_type menu-item-object-page depth-0 to-right\"><a href=\"https:\/\/beauty-center.pl\/index.php\/peelingi-chemiczne-tradzik\/\">Peelingi chemiczne TR\u0104DZIK<\/a><\/li>\n<\/ul><\/div><\/div><div class=\"auto-format ui--animation\"><\/div><\/div> \n\n <div   class=\"ui-column span8\"><div class=\"ui--title ui--animation ui--title-bordered text-center\"><div class=\"ui--title-holder\"><h3 class=\"ui--title-text\" style=\"color: #bd1e9d !important;\">OSOCZE BOGATOP\u0141YTKOWE, CZYLI WAMPIRZY LIFTING<\/h3><div style=\"border-color: #bd1e9d !important;\" class=\"ui--title-borders ui--title-border-left\"><\/div><div style=\"border-color: #bd1e9d !important;\" class=\"ui--title-borders ui--title-border-right\"><\/div><\/div><\/div><div class=\"auto-format ui--animation\"><p>Zabieg o nieco gro\u017anie brzmi\u0105cej nazwie \u2013 wampirzy lifting to nowa metoda walki ze zmarszczkami, kt\u00f3ra bazuje na naturalnych zdolno\u015bciach ludzkiego organizmu do samoregeneracji.<br \/>\nOsocze krwi w swym sk\u0142adzie zawiera du\u017c\u0105 ilo\u015b\u0107 czynnik\u00f3w niezb\u0119dnych do funkcjonowania naszych kom\u00f3rek, s\u0105 to np.: substancje od\u017cywcze, witaminy, bia\u0142ka i elektrolity. Za\u015b p\u0142ytki krwi i czynniki wzrostu zawarte w osoczu stanowi\u0105 podstawowy element ca\u0142ego mechanizmu regeneracyjnego tkanek. Dzi\u0119ki pobudzeniu proces\u00f3w regeneracji, sk\u00f3ra staje si\u0119 bardziej elastyczna, g\u0142adsza oraz odzyskuje m\u0142odzie\u0144cz\u0105 witalno\u015b\u0107.<br \/>\nWraz z wiekiem stopniowo zmniejsza si\u0119 zdolno\u015b\u0107 regeneracyjna kom\u00f3rek macierzystych. Im starszy organizm, tym coraz gorzej radzi sobie z napraw\u0105 r\u00f3\u017cnych uszkodze\u0144 sk\u00f3ry. Warto wi\u0119c \u201epom\u00f3c\u201d mu w odbudowie poprzez wysy\u0142anie kom\u00f3rkom impulsu do ich autoodnowy.<\/p>\n<\/div><div class=\"ui--image-wrap clearfix text-center ui--block\" style=\"margin-bottom: 20px;\"><img loading=\"lazy\" decoding=\"async\" width=\"931\" height=\"612\" src=\"https:\/\/beauty-center.pl\/wp-content\/uploads\/2016\/12\/osocze1.jpgoso-oso.jpg\" class=\"ui--image ui--animation\" alt=\"\" id=\"ui--image-1\" srcset=\"https:\/\/beauty-center.pl\/wp-content\/uploads\/2016\/12\/osocze1.jpgoso-oso.jpg 931w, https:\/\/beauty-center.pl\/wp-content\/uploads\/2016\/12\/osocze1.jpgoso-oso-300x197.jpg 300w, https:\/\/beauty-center.pl\/wp-content\/uploads\/2016\/12\/osocze1.jpgoso-oso-768x505.jpg 768w\" sizes=\"auto, (max-width: 931px) 100vw, 931px\" \/><\/div><div class=\"auto-format ui--animation\"><p>Osocze bogatop\u0142ytkowe PRP (Platelet Rich Plasma) to koncentrat w\u0142asnych p\u0142ytek krwi w niewielkiej obj\u0119to\u015bci osocza<br \/>\nJu\u017c przed dziesi\u0119cioma laty osocze bogatop\u0142ytkowe zacz\u0119to wykorzystywa\u0107 w chirurgii rekonstrukcyjnej, ortopedii, stomatologii oraz w celu przyspieszenia i poprawienia procesu gojenia ran.<br \/>\nOsocze bogatop\u0142ytkowe to jeden z zabieg\u00f3w przeciwstarzeniowych, do kt\u00f3rych pacjenci wracaj\u0105 najch\u0119tniej. Szybka rekonwalescencja i poprawa kondycji sk\u00f3ry powoduj\u0105, \u017ce procesy starzenia zostaj\u0105 spowolnione a satysfakcja pacjenta jest na wysokim poziomie.<br \/>\nW efekcie sk\u00f3ra si\u0119 regeneruje, nast\u0119puje poprawa jej elastyczno\u015bci, g\u0119sto\u015bci i napi\u0119cia, natomiast fa\u0142dy i zmarszczki ulegaj\u0105 wyg\u0142adzeniu.<br \/>\nSk\u00f3ra staje si\u0119 lepiej ukrwiona i nawil\u017cona, wyra\u017anie m\u0142odsza, a twarz nabiera blasku.<\/p>\n<\/div><div class=\"ui--image-wrap clearfix text-center ui--block\" style=\"margin-bottom: 20px;\"><img loading=\"lazy\" decoding=\"async\" width=\"715\" height=\"477\" src=\"https:\/\/beauty-center.pl\/wp-content\/uploads\/2016\/12\/lysienie-plackowate.jpg\" class=\"ui--image ui--animation\" alt=\"\" id=\"ui--image-2\" srcset=\"https:\/\/beauty-center.pl\/wp-content\/uploads\/2016\/12\/lysienie-plackowate.jpg 715w, https:\/\/beauty-center.pl\/wp-content\/uploads\/2016\/12\/lysienie-plackowate-300x200.jpg 300w\" sizes=\"auto, (max-width: 715px) 100vw, 715px\" \/><\/div><div class=\"ui--title ui--animation ui--title-bordered text-center\"><div class=\"ui--title-holder\"><h3 class=\"ui--title-text\" style=\"color: #bd1e9d !important;\">Efekty widoczne po zabiegu:<\/h3><div style=\"border-color: #bd1e9d !important;\" class=\"ui--title-borders ui--title-border-left\"><\/div><div style=\"border-color: #bd1e9d !important;\" class=\"ui--title-borders ui--title-border-right\"><\/div><\/div><\/div><ul class=\"ui--list list-circle parent-1\"><li class=\"child-1 total-14 ui--animation\">Wyg\u0142adzenie zmarszczek i bruzd poprzez stymulacj\u0119 kom\u00f3rek sk\u00f3ry<\/li><li class=\"child-2 total-14 ui--animation\">Poprawa elastyczno\u015bci, napi\u0119cia i g\u0119sto\u015bci sk\u00f3ry<\/li><li class=\"child-3 total-14 ui--animation\">Lwia zmarszczka<\/li><li class=\"child-4 total-14 ui--animation\">Poprawa ukrwienia, dotlenienia i nawil\u017cenia sk\u00f3ry<\/li><li class=\"child-5 total-14 ui--animation\">Pobudzenie regeneracji cebulek w\u0142os\u00f3w u pacjent\u00f3w z \u0142ysieniem typu m\u0119skiego<\/li><li class=\"child-6 total-14 ui--animation\">Przeciwwskazaniem do podania osocza bogatop\u0142ytkowego:<\/li><li class=\"child-7 total-14 ui--animation\">ci\u0105\u017ca oraz okres karmienia,<\/li><li class=\"child-8 total-14 ui--animation\">choroby autoimmunologiczne,<\/li><li class=\"child-9 total-14 ui--animation\">choroba nowotworowa,<\/li><li class=\"child-10 total-14 ui--animation\">choroby przebiegaj\u0105ce z zaburzeniami funkcji lub liczby p\u0142ytek krwi,<\/li><li class=\"child-11 total-14 ui--animation\">zaburzenia krzepliwo\u015bci krwi,<\/li><li class=\"child-12 total-14 ui--animation\">choroby krwi,<\/li><li class=\"child-13 total-14 ui--animation\">nietolerancja iniekcji,<\/li><li class=\"child-14 total-14 ui--animation\">aktywna opryszczka lub inne zaka\u017cenia sk\u00f3ry.<\/li>  <\/ul><div class=\"ui--title ui--animation ui--title-bordered text-center\"><div class=\"ui--title-holder\"><h3 class=\"ui--title-text\" style=\"color: #bd1e9d !important;\">Jak cz\u0119sto nale\u017cy wykonywa\u0107 zabieg?<\/h3><div style=\"border-color: #bd1e9d !important;\" class=\"ui--title-borders ui--title-border-left\"><\/div><div style=\"border-color: #bd1e9d !important;\" class=\"ui--title-borders ui--title-border-right\"><\/div><\/div><\/div><div class=\"auto-format ui--animation\"><p>Przede wszystkim zauwa\u017caln\u0105 popraw\u0119 napi\u0119cia sk\u00f3ry. Dla podtrzymania efektu u m\u0142odszych pacjentek zaleca si\u0119 powt\u00f3rzenie zabiegu po 6 miesi\u0105cach, u starszych stosowanie co 4 miesi\u0105ce.<\/p>\n<\/div><ul class=\"ui--list list-circle parent-2\"><li class=\"child-1 total-3 ui--animation\">U os\u00f3b poni\u017cej 35 roku \u017cycia wystarczy 1 zabieg na 6-24 miesi\u0105ce, \u017ceby osi\u0105gn\u0105\u0107 rewitalizuj\u0105cy efekt.  W tym przypadku osocze podaje si\u0119 najcz\u0119\u015bciej jako profilaktyk\u0119 starzenia si\u0119 sk\u00f3ry.<\/li><li class=\"child-2 total-3 ui--animation\">Osoby od 35 do 45 roku \u017cycia wymagaj\u0105 kolejnego podania po 9-12 miesi\u0105cach.<\/li><li class=\"child-3 total-3 ui--animation\">Po 60 roku \u017cycia wymagane jest podanie osocza po  4 -12 miesi\u0105cach od pierwszego zabiegu.<\/li>  <\/ul><div class=\"auto-format ui--animation\"><p>W chwili obecnej nie ma jednolitego standardu terapii osoczem bogatop\u0142ytkowym, ka\u017cdy, nawet pojedynczy zabieg daje widoczn\u0105 popraw\u0119 kondycji sk\u00f3ry.<\/p>\n<\/div><div class=\"ui--title ui--animation ui--title-bordered text-center\"><div class=\"ui--title-holder\"><h3 class=\"ui--title-text\" style=\"color: #bd1e9d !important;\">Czy zabieg jest bolesny?<\/h3><div style=\"border-color: #bd1e9d !important;\" class=\"ui--title-borders ui--title-border-left\"><\/div><div style=\"border-color: #bd1e9d !important;\" class=\"ui--title-borders ui--title-border-right\"><\/div><\/div><\/div><div class=\"auto-format ui--animation\"><p>Zabieg wykonywany jest w znieczulaniu, pacjent tak jak podczas klasycznej mezoterapii odczuwa uk\u0142ucia delikatne ig\u0142\u0105.<br \/>\nOsocze bogatop\u0142ytkowe daje rewelacyjne efekty w po\u0142\u0105czeniu z terapi\u0105 laserem frakcyjnym. Sk\u00f3ra po terapii laserowej z wi\u0119kszym nat\u0119\u017ceniem ch\u0142onie r\u00f3\u017cne substancje, kt\u00f3re jej aplikujemy, a osocze dostarcza jej wielu substancji od\u017cywczych, witamin, bia\u0142ek i elektrolit\u00f3w. Osocze bogatop\u0142ytkowe przy\u015bpiesza gojenie i powr\u00f3t do codziennych obowi\u0105zk\u00f3w. Dzi\u0119ki swojemu dzia\u0142aniu przeciwzapalnemu, a nawet przeciwbakteryjnemu wywiera ochronny wp\u0142yw na nasz\u0105 sk\u00f3r\u0119. Czynniki wzrostu zawarte w osoczu i kom\u00f3rkach krwi (przede wszystkim w p\u0142ytkach krwi) pobudzaj\u0105 kom\u00f3rki sk\u00f3ry do regeneracji.<\/p>\n<\/div><div class=\"ui--title ui--animation ui--title-bordered text-center\"><div class=\"ui--title-holder\"><h3 class=\"ui--title-text\" style=\"color: #bd1e9d !important;\">Jak wygl\u0105da procedura zabiegu?<\/h3><div style=\"border-color: #bd1e9d !important;\" class=\"ui--title-borders ui--title-border-left\"><\/div><div style=\"border-color: #bd1e9d !important;\" class=\"ui--title-borders ui--title-border-right\"><\/div><\/div><\/div><div class=\"auto-format ui--animation\"><p>Przyst\u0119puj\u0105c do zabiegu wampirzego liftingu najpierw nale\u017cy pobra\u0107 do specjalnych pr\u00f3bek ok. od 8 do 24 krwi Pacjenta(pacjent nie musi by\u0107 na czczo). Nast\u0119pnie za spraw\u0105 wirowania prob\u00f3wek oddzielamy bogate w p\u0142ytki osocze od pozosta\u0142ych sk\u0142adnik\u00f3w krwi. pobiera niewielk\u0105 ilo\u015b\u0107 krwi<br \/>\nKolejnym etapem jest odwirowanie pobranej od pacjenta krwi w specjalnej wir\u00f3wce laboratoryjnej przez oko\u0142o 5 minut, w kt\u00f3rej nast\u0119puje oddzielenie erytrocyt\u00f3w i leukocyt\u00f3w od osocza z koncentratem p\u0142ytek  krwi. Nast\u0119pny krok to podanie uzyskanego w ten spos\u00f3b koncentratu w sk\u00f3r\u0119 za pomoc\u0105 cienkich igie\u0142.<\/p>\n<\/div><div class=\"ui--image-wrap clearfix\"><img loading=\"lazy\" decoding=\"async\" width=\"1148\" height=\"411\" src=\"https:\/\/beauty-center.pl\/wp-content\/uploads\/2016\/12\/osoczw_jpg.jpg\" class=\"ui--image ui--animation\" alt=\"\" id=\"ui--image-3\" srcset=\"https:\/\/beauty-center.pl\/wp-content\/uploads\/2016\/12\/osoczw_jpg.jpg 1148w, https:\/\/beauty-center.pl\/wp-content\/uploads\/2016\/12\/osoczw_jpg-300x107.jpg 300w, https:\/\/beauty-center.pl\/wp-content\/uploads\/2016\/12\/osoczw_jpg-768x275.jpg 768w, https:\/\/beauty-center.pl\/wp-content\/uploads\/2016\/12\/osoczw_jpg-1024x367.jpg 1024w\" sizes=\"auto, (max-width: 1148px) 100vw, 1148px\" \/><\/div><div class=\"auto-format ui--animation\"><p>W zale\u017cno\u015bci od wielko\u015bci  wybranego obszaru cia\u0142a czas trwania zabiegu wynosi od 30 \u2013 60 min.<\/p>\n<\/div><div class=\"ui--title ui--animation ui--title-bordered text-center\"><div class=\"ui--title-holder\"><h3 class=\"ui--title-text\" style=\"color: #bd1e9d !important;\">OSOCZE BOGATOP\u0141YTKOWE CENNIK:<\/h3><div style=\"border-color: #bd1e9d !important;\" class=\"ui--title-borders ui--title-border-left\"><\/div><div style=\"border-color: #bd1e9d !important;\" class=\"ui--title-borders ui--title-border-right\"><\/div><\/div><\/div><div class=\"auto-format ui--animation\"><p>\n<table id=\"tablepress-31\" class=\"tablepress tablepress-id-31\">\n<thead>\n<tr class=\"row-1\">\n\t<th class=\"column-1\"><center>PARTIA CIA\u0141A <\/th><th class=\"column-2\"><center>CENA<\/th>\n<\/tr>\n<\/thead>\n<tbody class=\"row-striping row-hover\">\n<tr class=\"row-2\">\n\t<td class=\"column-1\"><center>Twarz<\/td><td class=\"column-2\"><center>600z\u0142<br \/>\n<\/td>\n<\/tr>\n<tr class=\"row-3\">\n\t<td class=\"column-1\"><center>Dekolt<\/td><td class=\"column-2\"><center>450z\u0142<\/td>\n<\/tr>\n<tr class=\"row-4\">\n\t<td class=\"column-1\"><center>Szyja<\/td><td class=\"column-2\"><center>350z\u0142<\/td>\n<\/tr>\n<tr class=\"row-5\">\n\t<td class=\"column-1\"><center>Twarz + Szyja<\/td><td class=\"column-2\"><center>750z\u0142<\/td>\n<\/tr>\n<tr class=\"row-6\">\n\t<td class=\"column-1\"><center>Twarz + Szyja + Dekolt<\/td><td class=\"column-2\"><center>1000z\u0142<\/td>\n<\/tr>\n<tr class=\"row-7\">\n\t<td class=\"column-1\"><center>Okolica Oczu<\/td><td class=\"column-2\"><center>250z\u0142<\/td>\n<\/tr>\n<tr class=\"row-8\">\n\t<td class=\"column-1\"><center>\u0141ysienie<\/td><td class=\"column-2\"><center>400z\u0142<\/td>\n<\/tr>\n<tr class=\"row-9\">\n\t<td class=\"column-1\"><center>Zmarszczki Palacza<\/td><td class=\"column-2\"><center>250z\u0142<\/td>\n<\/tr>\n<tr class=\"row-10\">\n\t<td class=\"column-1\"><center>Dwie D\u0142onie<\/td><td class=\"column-2\"><center>250z\u0142<\/td>\n<\/tr>\n<tr class=\"row-11\">\n\t<td class=\"column-1\"><center>Blizny, Blizny Potr\u0105dzikowe<\/td><td class=\"column-2\"><center>250z\u0142<\/td>\n<\/tr>\n<\/tbody>\n<\/table>\n<\/p>\n<\/div><\/div> \n\n<\/div> \n<\/div><\/div><\/div>","protected":false},"excerpt":{"rendered":"<p>KOSMETOLOGIA MEDYCZNABOTOKS- likwidowanie zmarszczek Blokowanie receptor\u00f3w g\u0142odu botoxem botoks- bruksizm botoks- nadpotliwo\u015bci Botoks Full Face LIP FLIP \u2013 usta botoks NICI LIFTINGUJ\u0104CE HACZYKOWE 4D NICI LIFTINGUJ\u0104CE PDO NICI LIFTINGUJ\u0104CE PLLA POWI\u0118KSZANIE UST I WYPE\u0141NIANIE ZMARSZCZEK WOLUMETRIA OSOCZE BOGATOP\u0141YTKOWE, CZYLI WAMPIRZY LIFTING STYMULATORY TKANKOWE kwas polimlekowy tropokolagen radiesse profhilo- moleku\u0142a m\u0142odo\u015bci Neauvia stimulate Neauvia Hydro Deluxe [&hellip;]<\/p>\n","protected":false},"author":1,"featured_media":0,"parent":0,"menu_order":0,"comment_status":"closed","ping_status":"closed","template":"","meta":{"footnotes":""},"class_list":["post-1917","page","type-page","status-publish","hentry"],"_links":{"self":[{"href":"https:\/\/beauty-center.pl\/index.php\/wp-json\/wp\/v2\/pages\/1917","targetHints":{"allow":["GET"]}}],"collection":[{"href":"https:\/\/beauty-center.pl\/index.php\/wp-json\/wp\/v2\/pages"}],"about":[{"href":"https:\/\/beauty-center.pl\/index.php\/wp-json\/wp\/v2\/types\/page"}],"author":[{"embeddable":true,"href":"https:\/\/beauty-center.pl\/index.php\/wp-json\/wp\/v2\/users\/1"}],"replies":[{"embeddable":true,"href":"https:\/\/beauty-center.pl\/index.php\/wp-json\/wp\/v2\/comments?post=1917"}],"version-history":[{"count":1,"href":"https:\/\/beauty-center.pl\/index.php\/wp-json\/wp\/v2\/pages\/1917\/revisions"}],"predecessor-version":[{"id":1922,"href":"https:\/\/beauty-center.pl\/index.php\/wp-json\/wp\/v2\/pages\/1917\/revisions\/1922"}],"wp:attachment":[{"href":"https:\/\/beauty-center.pl\/index.php\/wp-json\/wp\/v2\/media?parent=1917"}],"curies":[{"name":"wp","href":"https:\/\/api.w.org\/{rel}","templated":true}]}}