{"id":1960,"date":"2018-05-09T12:35:49","date_gmt":"2018-05-09T10:35:49","guid":{"rendered":"http:\/\/beauty-center.pl\/?page_id=1960"},"modified":"2018-05-09T12:37:03","modified_gmt":"2018-05-09T10:37:03","slug":"swiatloterapia-sauna-magnetique-led-z-ozonem","status":"publish","type":"page","link":"https:\/\/beauty-center.pl\/index.php\/swiatloterapia-sauna-magnetique-led-z-ozonem\/","title":{"rendered":"\u015aWIAT\u0141OTERAPIA SAUN\u0104 MAGNETIQUE LED Z OZONEM"},"content":{"rendered":"<div  class=\"ui--tagline-box-wrapper ui--animation clearfix\"><div  id=\"tagline-1\" class=\"ui--tagline-box ui-row clearfix ui--tagline-box-custom-color radius-3px\" data-responsive=\"{&quot;css&quot;:{&quot;min-height&quot;:{&quot;phone&quot;:&quot;auto&quot;,&quot;tablet&quot;:&quot;auto&quot;,&quot;widescreen&quot;:&quot;&quot;}}}\"><div  class=\"ui--tagline-background-container ui--tagline-background-overlay radius-3px\"><\/div><div  class=\"ui--tagline-background-container ui--tagline-background-image radius-3px\"><\/div><div  class=\"ui--tagline-content\"><div class=\"ui-row row\">\n <div   class=\"ui-column span4\"><div id=\"nav_menu-6\" class=\"widget widget_nav_menu\"><h4 class=\"sidebar-widget-title ui--widget-title\"><span>FRYZJERSTWO<\/span><\/h4><div class=\"menu-uslugi-fryzjerskie-container\"><ul id=\"menu-uslugi-fryzjerskie\" class=\"menu\"><li id=\"menu-item-1662\" class=\"menu-item menu-item-type-post_type menu-item-object-page depth-0 to-right\"><a href=\"https:\/\/beauty-center.pl\/index.php\/ceenik-salon-fryzjerski\/\">CENNIK \u2013 SALON FRYZJERSKI<\/a><\/li>\n<li id=\"menu-item-1665\" class=\"menu-item menu-item-type-post_type menu-item-object-page depth-0 to-right\"><a href=\"https:\/\/beauty-center.pl\/index.php\/keratynowy-zabieg-odbudowujacy-wlosy\/\">KERATYNOWY ZABIEG ODBUDOWUJ\u0104CY W\u0141OSY<\/a><\/li>\n<li id=\"menu-item-2863\" class=\"menu-item menu-item-type-post_type menu-item-object-page depth-0 to-right\"><a href=\"https:\/\/beauty-center.pl\/index.php\/przedluzanie-wlosow-metoda-ultradzwiekowa\/\">PRZED\u0141U\u017bANIE W\u0141OS\u00d3W METOD\u0104 ULTRAD\u0179WI\u0118KOW\u0104<\/a><\/li>\n<li id=\"menu-item-2874\" class=\"menu-item menu-item-type-post_type menu-item-object-page depth-0 to-right\"><a href=\"https:\/\/beauty-center.pl\/index.php\/przedluzanie-wlosow-metoda-keratynowa\/\">PRZED\u0141U\u017bANIE W\u0141OS\u00d3W METOD\u0104 KERATYNOW\u0104<\/a><\/li>\n<li id=\"menu-item-1663\" class=\"menu-item menu-item-type-post_type menu-item-object-page depth-0 to-right\"><a href=\"https:\/\/beauty-center.pl\/index.php\/gorace-nozyczki\/\">GOR\u0104CE NO\u017bYCZKI<\/a><\/li>\n<li id=\"menu-item-1664\" class=\"menu-item menu-item-type-post_type menu-item-object-page depth-0 to-right\"><a href=\"https:\/\/beauty-center.pl\/index.php\/salon-fryzjerski\/\">SALON FRYZJERSKI<\/a><\/li>\n<li id=\"menu-item-1937\" class=\"menu-item menu-item-type-post_type menu-item-object-page depth-0 to-right\"><a href=\"https:\/\/beauty-center.pl\/index.php\/1933-2\/\">KERATYNOWE PROSTOWANIE W\u0141OS\u00d3W<\/a><\/li>\n<li id=\"menu-item-1964\" class=\"menu-item menu-item-type-post_type menu-item-object-page depth-0 to-right\"><a href=\"https:\/\/beauty-center.pl\/index.php\/swiatloterapia-sauna-magnetique-led-z-ozonem\/\">\u015aWIAT\u0141OTERAPIA SAUN\u0104 MAGNETIQUE LED Z OZONEM<\/a><\/li>\n<\/ul><\/div><\/div><div class=\"auto-format ui--animation\"><\/div><\/div> \n\n <div   class=\"ui-column span8\"><div class=\"ui--title ui--animation ui--title-bordered text-center\"><div class=\"ui--title-holder\"><h3 class=\"ui--title-text\" style=\"color: #bd1e9d !important;\">\u015aWIAT\u0141OTERAPIA SAUN\u0104 MAGNETIQUE LED Z OZONEM<\/h3><div style=\"border-color: #bd1e9d !important;\" class=\"ui--title-borders ui--title-border-left\"><\/div><div style=\"border-color: #bd1e9d !important;\" class=\"ui--title-borders ui--title-border-right\"><\/div><\/div><\/div><div class=\"auto-format ui--animation\"><p>Terapia dla w\u0142os\u00f3w dost\u0119pna wy\u0142\u0105cznie w salonie fryzjerskim. Woda posiada ukryt\u0105 moc. Potrafi wnikn\u0105\u0107 g\u0142\u0119boko we w\u0142osy, jej potencja\u0142 mo\u017ce spowodowa\u0107 zwi\u0119kszenie ich obj\u0119to\u015bci, wzmocnienie efekt\u00f3w kuracji. Dzi\u0119ki systemowi dok\u0142adnie kontrolowanych fal ultrad\u017awi\u0119kowych, w spos\u00f3b nieprzerwany wytwarza on ogromn\u0105 ilo\u015b\u0107 mikroskopijnej, leczniczej mgie\u0142ki. Urz\u0105dzenie wykorzystuj\u0105c si\u0142\u0119 wody intensywnie wspomaga kuracj\u0119 w\u0142os\u00f3w. Obecnie, w czasach gdy stosowanie trwa\u0142ej ondulacji i farbowanie w\u0142os\u00f3w nale\u017c\u0105 do powszechnych zabieg\u00f3w, w\u0142a\u015bnie zdrowe w\u0142osy sta\u0142y si\u0119 tym czego chcemy najbardziej.<\/p>\n<\/div><div class=\"ui--title ui--animation ui--title-bordered text-center\"><div class=\"ui--title-holder\"><h4 class=\"ui--title-text\" style=\"color: #bd1e9d !important;\">CENNIK<\/h4><div style=\"border-color: #bd1e9d !important;\" class=\"ui--title-borders ui--title-border-left\"><\/div><div style=\"border-color: #bd1e9d !important;\" class=\"ui--title-borders ui--title-border-right\"><\/div><\/div><\/div><div class=\"auto-format ui--animation\"><ul>\n<li>W\u0142osy zniszczone &#8211; cena 60 z\u0142<\/li>\n<li>W\u0142osy przet\u0142uszczaj\u0105ce si\u0119 -60 z\u0142<\/li>\n<li>W\u0142osy naturalne &#8211; 60 z\u0142.<\/li>\n<\/ul>\n<p><strong>Cena zabiegu nie obejmuje strzy\u017cenia i modelowania.<\/strong><\/p>\n<\/div><div class=\"ui--image-wrap clearfix text-center ui--block\"><img loading=\"lazy\" decoding=\"async\" width=\"512\" height=\"292\" src=\"https:\/\/beauty-center.pl\/wp-content\/uploads\/2018\/05\/Untitled-5.png\" class=\"ui--image ui--animation\" alt=\"\" id=\"ui--image-1\" srcset=\"https:\/\/beauty-center.pl\/wp-content\/uploads\/2018\/05\/Untitled-5.png 512w, https:\/\/beauty-center.pl\/wp-content\/uploads\/2018\/05\/Untitled-5-300x171.png 300w\" sizes=\"auto, (max-width: 512px) 100vw, 512px\" \/><\/div><\/div> \n\n<\/div> \n<\/div><\/div><\/div>","protected":false},"excerpt":{"rendered":"<p>FRYZJERSTWOCENNIK \u2013 SALON FRYZJERSKI KERATYNOWY ZABIEG ODBUDOWUJ\u0104CY W\u0141OSY PRZED\u0141U\u017bANIE W\u0141OS\u00d3W METOD\u0104 ULTRAD\u0179WI\u0118KOW\u0104 PRZED\u0141U\u017bANIE W\u0141OS\u00d3W METOD\u0104 KERATYNOW\u0104 GOR\u0104CE NO\u017bYCZKI SALON FRYZJERSKI KERATYNOWE PROSTOWANIE W\u0141OS\u00d3W \u015aWIAT\u0141OTERAPIA SAUN\u0104 MAGNETIQUE LED Z OZONEM \u015aWIAT\u0141OTERAPIA SAUN\u0104 MAGNETIQUE LED Z OZONEMTerapia dla w\u0142os\u00f3w dost\u0119pna wy\u0142\u0105cznie w salonie fryzjerskim. Woda posiada ukryt\u0105 moc. Potrafi wnikn\u0105\u0107 g\u0142\u0119boko we w\u0142osy, jej potencja\u0142 mo\u017ce spowodowa\u0107 [&hellip;]<\/p>\n","protected":false},"author":1,"featured_media":0,"parent":0,"menu_order":0,"comment_status":"closed","ping_status":"closed","template":"","meta":{"footnotes":""},"class_list":["post-1960","page","type-page","status-publish","hentry"],"_links":{"self":[{"href":"https:\/\/beauty-center.pl\/index.php\/wp-json\/wp\/v2\/pages\/1960","targetHints":{"allow":["GET"]}}],"collection":[{"href":"https:\/\/beauty-center.pl\/index.php\/wp-json\/wp\/v2\/pages"}],"about":[{"href":"https:\/\/beauty-center.pl\/index.php\/wp-json\/wp\/v2\/types\/page"}],"author":[{"embeddable":true,"href":"https:\/\/beauty-center.pl\/index.php\/wp-json\/wp\/v2\/users\/1"}],"replies":[{"embeddable":true,"href":"https:\/\/beauty-center.pl\/index.php\/wp-json\/wp\/v2\/comments?post=1960"}],"version-history":[{"count":2,"href":"https:\/\/beauty-center.pl\/index.php\/wp-json\/wp\/v2\/pages\/1960\/revisions"}],"predecessor-version":[{"id":1963,"href":"https:\/\/beauty-center.pl\/index.php\/wp-json\/wp\/v2\/pages\/1960\/revisions\/1963"}],"wp:attachment":[{"href":"https:\/\/beauty-center.pl\/index.php\/wp-json\/wp\/v2\/media?parent=1960"}],"curies":[{"name":"wp","href":"https:\/\/api.w.org\/{rel}","templated":true}]}}