{"id":1991,"date":"2018-11-22T10:52:29","date_gmt":"2018-11-22T09:52:29","guid":{"rendered":"http:\/\/beauty-center.pl\/?page_id=1991"},"modified":"2018-11-23T11:45:03","modified_gmt":"2018-11-23T10:45:03","slug":"prosoterapia","status":"publish","type":"page","link":"https:\/\/beauty-center.pl\/index.php\/prosoterapia\/","title":{"rendered":"PRESOTERAPIA"},"content":{"rendered":"<div  class=\"ui--tagline-box-wrapper ui--animation clearfix\"><div  id=\"tagline-1\" class=\"ui--tagline-box ui-row clearfix ui--tagline-box-custom-color radius-3px\" data-responsive=\"{&quot;css&quot;:{&quot;min-height&quot;:{&quot;phone&quot;:&quot;auto&quot;,&quot;tablet&quot;:&quot;auto&quot;,&quot;widescreen&quot;:&quot;&quot;}}}\"><div  class=\"ui--tagline-background-container ui--tagline-background-overlay radius-3px\"><\/div><div  class=\"ui--tagline-background-container ui--tagline-background-image radius-3px\"><\/div><div  class=\"ui--tagline-content\"><div class=\"ui-row row\">\n <div   class=\"ui-column span4\"><div id=\"nav_menu-4\" class=\"widget widget_nav_menu\"><h4 class=\"sidebar-widget-title ui--widget-title\"><span>ZABIEGI WYSZCZUPLAJ\u0104CE<\/span><\/h4><div class=\"menu-zabiegi-wyszczuplajace-container\"><ul id=\"menu-zabiegi-wyszczuplajace\" class=\"menu\"><li id=\"menu-item-1614\" class=\"menu-item menu-item-type-post_type menu-item-object-page depth-0 to-right\"><a href=\"https:\/\/beauty-center.pl\/index.php\/lipo-laser\/\">LIPO LASER<\/a><\/li>\n<li id=\"menu-item-1619\" class=\"menu-item menu-item-type-post_type menu-item-object-page depth-0 to-right\"><a href=\"https:\/\/beauty-center.pl\/index.php\/kriolipoliza\/\">KRIOLIPOLIZA<\/a><\/li>\n<li id=\"menu-item-1623\" class=\"menu-item menu-item-type-post_type menu-item-object-page depth-0 to-right\"><a href=\"https:\/\/beauty-center.pl\/index.php\/elektrostymulacja-ciala\/\">ELEKTROSTYMULACJA CIA\u0141A<\/a><\/li>\n<li id=\"menu-item-1627\" class=\"menu-item menu-item-type-post_type menu-item-object-page depth-0 to-right\"><a href=\"https:\/\/beauty-center.pl\/index.php\/endermologia\/\">ENDERMOLOGIA<\/a><\/li>\n<li id=\"menu-item-1993\" class=\"menu-item menu-item-type-post_type menu-item-object-page depth-0 to-right\"><a href=\"https:\/\/beauty-center.pl\/index.php\/prosoterapia\/\">PRESOTERAPIA<\/a><\/li>\n<li id=\"menu-item-2014\" class=\"menu-item menu-item-type-post_type menu-item-object-page depth-0 to-right\"><a href=\"https:\/\/beauty-center.pl\/index.php\/lipoliza-iniekcyjna\/\">LIPOLIZA INIEKCYJNA<\/a><\/li>\n<\/ul><\/div><\/div><\/div> \n\n <div   class=\"ui-column span8\"><div class=\"ui--title ui--animation ui--title-bordered text-center\"><div class=\"ui--title-holder\"><h3 class=\"ui--title-text\" style=\"color: #bd1e9d !important;\">PROSOTERAPIA<\/h3><div style=\"border-color: #bd1e9d !important;\" class=\"ui--title-borders ui--title-border-left\"><\/div><div style=\"border-color: #bd1e9d !important;\" class=\"ui--title-borders ui--title-border-right\"><\/div><\/div><\/div><div class=\"auto-format ui--animation\"><p><strong>Presoterapia,<\/strong> czyli masa\u017c uciskowy lub drena\u017c limfatyczny to wspania\u0142y spos\u00f3b na wymodelowanie n\u00f3g, bioder czy po\u015bladk\u00f3w, dzi\u0119ki tej metodzie pozb\u0119dziesz si\u0119 obrz\u0119k\u00f3w wodnych i t\u0142uszczowych, czy tak dokuczliwego cellulitu.<\/p>\n<p>Presoterapia jest to pneumatyczny masa\u017c uciskowy dzia\u0142aj\u0105cy bezpo\u015brednio na uk\u0142ad limfatyczny i krwiono\u015bny. Urz\u0105dzenie wykorzystuje pomp\u0119 pr\u00f3\u017cniow\u0105, kt\u00f3ra wype\u0142niaj\u0105c w odpowiedniej kolejno\u015bci komory kombinezonu ci\u015bnieniowego, oddzia\u0142uje na poszczeg\u00f3lne partie cia\u0142a. Ruchy te wykonywane s\u0105 w okre\u015blonej kolejno\u015bci i odpowiednim tempie, w celach piel\u0119gnacyjnych i leczniczych. Delikatny, rytmiczny masa\u017c uciskowy sprzyja relaksacji, odpr\u0119\u017ca i dzia\u0142a lekko przeciwb\u00f3lowo, wspomagaj\u0105c walk\u0119 ze skutkami stresu i zm\u0119czenia.<\/p>\n<p>To jedyna bezinwazyjna skuteczna metoda posiadaj\u0105ca certyfikat FDA. Skutecznie wspomaga odchudzanie, likwidacj\u0119 toksyn z organizmu i masa\u017c. Urz\u0105dzenie to ma wp\u0142yw na wewn\u0119trzny uk\u0142ad kr\u0105\u017cenia, oddzia\u0142uje na sk\u00f3r\u0119, podsk\u00f3rn\u0105 tkank\u0119 \u0142\u0105czn\u0105, tkank\u0119 mi\u0119\u015bniow\u0105 i t\u0142uszczow\u0105 pobudzaj\u0105ca jedynie naturalne procesy organizmu. Stymuluje usuwanie toksyn, zmniejsza retencj\u0119 wody poprzez uaktywnienie uk\u0142adu \u017cylnego i limfatycznego, zwi\u0119ksza lipoliz\u0119 na r\u00f3\u017cnych poziomach tkanki \u0142\u0105cznej oraz pobudza syntez\u0119 kolagenu.<\/p>\n<p>Rewelacyjne efekty uzyskuj\u0119 si\u0119 \u0142\u0105cz\u0105c presoterapi\u0119 z E Vela (potr\u00f3jna technologia RF, IR i vaccum), elektrostymulacj\u0105, czy z lipoliz\u0105 kawitacyjn\u0105 podczas jednego zabiegu w celu zmniejszenia obrz\u0119ku oraz przyspieszenia usuniecia z\u0142og\u00f3w t\u0142uszczu.<\/p>\n<\/div><div class=\"ui--title ui--animation ui--title-bordered text-center\"><div class=\"ui--title-holder\"><h4 class=\"ui--title-text\" style=\"color: #bd1e9d !important;\">Przeciwskazania<\/h4><div style=\"border-color: #bd1e9d !important;\" class=\"ui--title-borders ui--title-border-left\"><\/div><div style=\"border-color: #bd1e9d !important;\" class=\"ui--title-borders ui--title-border-right\"><\/div><\/div><\/div><ul class=\"ui--list list-font-icon parent-1\"><li class=\"child-1 total-8 ui--animation\"><i class=\"list-icon 14px fontawesome-check\" style=\"color: #bd00bd !important;\"><\/i>Choroby serca i niewydolno\u015b\u0107 kr\u0105\u017cenia<\/li><li class=\"child-2 total-8 ui--animation\"><i class=\"list-icon 14px fontawesome-check\" style=\"color: #bd00bd !important;\"><\/i>Metalowe protezy<\/li><li class=\"child-3 total-8 ui--animation\"><i class=\"list-icon 14px fontawesome-check\" style=\"color: #bd00bd !important;\"><\/i>Rozrusznik serca<\/li><li class=\"child-4 total-8 ui--animation\"><i class=\"list-icon 14px fontawesome-check\" style=\"color: #bd00bd !important;\"><\/i>Epilepsja;<\/li><li class=\"child-5 total-8 ui--animation\"><i class=\"list-icon 14px fontawesome-check\" style=\"color: #bd00bd !important;\"><\/i>Choroby nowotworowe<\/li><li class=\"child-6 total-8 ui--animation\"><i class=\"list-icon 14px fontawesome-check\" style=\"color: #bd00bd !important;\"><\/i>Zaburzenia psychosomatyczne<\/li><li class=\"child-7 total-8 ui--animation\"><i class=\"list-icon 14px fontawesome-check\" style=\"color: #bd00bd !important;\"><\/i>Niewydolno\u015b\u0107 oddechowa, nerek czy w\u0105troby<\/li><li class=\"child-8 total-8 ui--animation\"><i class=\"list-icon 14px fontawesome-check\" style=\"color: #bd00bd !important;\"><\/i>Aktywne infekcje, stan podgor\u0105czkowy<\/li>  <\/ul><div class=\"ui--title ui--animation ui--title-bordered text-center\"><div class=\"ui--title-holder\"><h4 class=\"ui--title-text\" style=\"color: #bd1e9d !important;\">Cz\u0119stotliwo\u015b\u0107 i czas zabiegu presoterapii:<\/h4><div style=\"border-color: #bd1e9d !important;\" class=\"ui--title-borders ui--title-border-left\"><\/div><div style=\"border-color: #bd1e9d !important;\" class=\"ui--title-borders ui--title-border-right\"><\/div><\/div><\/div><ul class=\"ui--list list-font-icon parent-2\"><li class=\"child-1 total-3 ui--animation\"><i class=\"list-icon 14px fontawesome-check\" style=\"color: #bd00bd !important;\"><\/i>Czas zabiegu to 30-60 minut.<\/li><li class=\"child-2 total-3 ui--animation\"><i class=\"list-icon 14px fontawesome-check\" style=\"color: #bd00bd !important;\"><\/i>Zalecana ilo\u015b\u0107 zabieg\u00f3w 1-2 razy w tygodniu, w kuracji: 10-12 zabieg\u00f3w.<\/li><li class=\"child-3 total-3 ui--animation\"><i class=\"list-icon 14px fontawesome-check\" style=\"color: #bd00bd !important;\"><\/i>Nast\u0119pnie dla podtrzymania efektu 1 raz w miesi\u0105cu.<\/li>  <\/ul><div class=\"ui--title ui--animation ui--title-bordered text-center\"><div class=\"ui--title-holder\"><h4 class=\"ui--title-text\" style=\"color: #bd1e9d !important;\">CENNIK<\/h4><div style=\"border-color: #bd1e9d !important;\" class=\"ui--title-borders ui--title-border-left\"><\/div><div style=\"border-color: #bd1e9d !important;\" class=\"ui--title-borders ui--title-border-right\"><\/div><\/div><\/div><div class=\"auto-format ui--animation\"><ul>\n<li>30 minut-45 z\u0142<\/li>\n<li>60 minut- 80 z\u0142<\/li>\n<\/ul>\n<\/div><div class=\"ui--title ui--animation ui--title-bordered text-center\"><div class=\"ui--title-holder\"><h4 class=\"ui--title-text\" style=\"color: #bd1e9d !important;\">GALERIA<\/h4><div style=\"border-color: #bd1e9d !important;\" class=\"ui--title-borders ui--title-border-left\"><\/div><div style=\"border-color: #bd1e9d !important;\" class=\"ui--title-borders ui--title-border-right\"><\/div><\/div><\/div><div id=\"ui--gallery-1\" class=\"ui--gallery ui--pass\" data-columns=\"3\"><div class=\"unstyled-all clearfix ui--gallery-wrapper columns-3 \"><div class=\"ui-row row\">\n <div   class=\"ui-column span4\"><div class=\"ui--gallery-item ui--animation\"><div class=\"inner\"><a href=\"http:\/\/beauty-center.pl\/wp-content\/uploads\/2018\/11\/d339f7dc48eea2d8e8e2923356a758d1.jpg\" target=\"_blank\" data-rel=\"prettyPhoto[ui--gallery-1]\"><img loading=\"lazy\" decoding=\"async\" width=\"451\" height=\"450\" src=\"https:\/\/beauty-center.pl\/wp-content\/uploads\/2018\/11\/d339f7dc48eea2d8e8e2923356a758d1.jpg\" class=\"attachment-custom_500x500x1 size-custom_500x500x1\" alt=\"\" srcset=\"https:\/\/beauty-center.pl\/wp-content\/uploads\/2018\/11\/d339f7dc48eea2d8e8e2923356a758d1.jpg 451w, https:\/\/beauty-center.pl\/wp-content\/uploads\/2018\/11\/d339f7dc48eea2d8e8e2923356a758d1-150x150.jpg 150w, https:\/\/beauty-center.pl\/wp-content\/uploads\/2018\/11\/d339f7dc48eea2d8e8e2923356a758d1-300x300.jpg 300w\" sizes=\"auto, (max-width: 451px) 100vw, 451px\" \/><div class=\"ui--gallery-overlay\"><div class=\"center\"><span class=\"btn btn-normal btn-icon-left btn-grey ui--animation\" href=\"#\" style=\"\"><i class=\"ui--icon fontawesome-fullscreen\"><\/i><\/span> <\/div><\/div><\/a><\/div><\/div><\/div> \n\n <div   class=\"ui-column span4\"><div class=\"ui--gallery-item ui--animation\"><div class=\"inner\"><a href=\"http:\/\/beauty-center.pl\/wp-content\/uploads\/2018\/11\/received_274844706503066.jpeg\" target=\"_blank\" data-rel=\"prettyPhoto[ui--gallery-1]\"><img loading=\"lazy\" decoding=\"async\" width=\"500\" height=\"438\" src=\"https:\/\/beauty-center.pl\/wp-content\/uploads\/2018\/11\/received_274844706503066-500x438.jpeg\" class=\"attachment-custom_500x500x1 size-custom_500x500x1\" alt=\"\" \/><div class=\"ui--gallery-overlay\"><div class=\"center\"><span class=\"btn btn-normal btn-icon-left btn-grey ui--animation\" href=\"#\" style=\"\"><i class=\"ui--icon fontawesome-fullscreen\"><\/i><\/span> <\/div><\/div><\/a><\/div><\/div><\/div> \n\n <div   class=\"ui-column span4\"><div class=\"ui--gallery-item ui--animation\"><div class=\"inner\"><a href=\"http:\/\/beauty-center.pl\/wp-content\/uploads\/2018\/11\/received_281433512713490.jpeg\" target=\"_blank\" data-rel=\"prettyPhoto[ui--gallery-1]\"><img loading=\"lazy\" decoding=\"async\" width=\"500\" height=\"322\" src=\"https:\/\/beauty-center.pl\/wp-content\/uploads\/2018\/11\/received_281433512713490-500x322.jpeg\" class=\"attachment-custom_500x500x1 size-custom_500x500x1\" alt=\"\" \/><div class=\"ui--gallery-overlay\"><div class=\"center\"><span class=\"btn btn-normal btn-icon-left btn-grey ui--animation\" href=\"#\" style=\"\"><i class=\"ui--icon fontawesome-fullscreen\"><\/i><\/span> <\/div><\/div><\/a><\/div><\/div><\/div> \n\n<\/div> \n<div class=\"ui-row row\">\n <div   class=\"ui-column span4\"><div class=\"ui--gallery-item ui--animation\"><div class=\"inner\"><a href=\"http:\/\/beauty-center.pl\/wp-content\/uploads\/2018\/11\/received_1762055313906640.jpeg\" target=\"_blank\" data-rel=\"prettyPhoto[ui--gallery-1]\"><img loading=\"lazy\" decoding=\"async\" width=\"500\" height=\"399\" src=\"https:\/\/beauty-center.pl\/wp-content\/uploads\/2018\/11\/received_1762055313906640-500x399.jpeg\" class=\"attachment-custom_500x500x1 size-custom_500x500x1\" alt=\"\" \/><div class=\"ui--gallery-overlay\"><div class=\"center\"><span class=\"btn btn-normal btn-icon-left btn-grey ui--animation\" href=\"#\" style=\"\"><i class=\"ui--icon fontawesome-fullscreen\"><\/i><\/span> <\/div><\/div><\/a><\/div><\/div><\/div> \n\n<\/div> \n<\/div><div class=\"clearfix\"><\/div><\/div><\/div> \n\n<\/div> \n<\/div><\/div><\/div>","protected":false},"excerpt":{"rendered":"<p>ZABIEGI WYSZCZUPLAJ\u0104CELIPO LASER KRIOLIPOLIZA ELEKTROSTYMULACJA CIA\u0141A ENDERMOLOGIA PRESOTERAPIA LIPOLIZA INIEKCYJNA PROSOTERAPIAPresoterapia, czyli masa\u017c uciskowy lub drena\u017c limfatyczny to wspania\u0142y spos\u00f3b na wymodelowanie n\u00f3g, bioder czy po\u015bladk\u00f3w, dzi\u0119ki tej metodzie pozb\u0119dziesz si\u0119 obrz\u0119k\u00f3w wodnych i t\u0142uszczowych, czy tak dokuczliwego cellulitu. Presoterapia jest to pneumatyczny masa\u017c uciskowy dzia\u0142aj\u0105cy bezpo\u015brednio na uk\u0142ad limfatyczny i krwiono\u015bny. Urz\u0105dzenie wykorzystuje pomp\u0119 [&hellip;]<\/p>\n","protected":false},"author":1,"featured_media":0,"parent":0,"menu_order":0,"comment_status":"closed","ping_status":"closed","template":"","meta":{"footnotes":""},"class_list":["post-1991","page","type-page","status-publish","hentry"],"_links":{"self":[{"href":"https:\/\/beauty-center.pl\/index.php\/wp-json\/wp\/v2\/pages\/1991","targetHints":{"allow":["GET"]}}],"collection":[{"href":"https:\/\/beauty-center.pl\/index.php\/wp-json\/wp\/v2\/pages"}],"about":[{"href":"https:\/\/beauty-center.pl\/index.php\/wp-json\/wp\/v2\/types\/page"}],"author":[{"embeddable":true,"href":"https:\/\/beauty-center.pl\/index.php\/wp-json\/wp\/v2\/users\/1"}],"replies":[{"embeddable":true,"href":"https:\/\/beauty-center.pl\/index.php\/wp-json\/wp\/v2\/comments?post=1991"}],"version-history":[{"count":2,"href":"https:\/\/beauty-center.pl\/index.php\/wp-json\/wp\/v2\/pages\/1991\/revisions"}],"predecessor-version":[{"id":2003,"href":"https:\/\/beauty-center.pl\/index.php\/wp-json\/wp\/v2\/pages\/1991\/revisions\/2003"}],"wp:attachment":[{"href":"https:\/\/beauty-center.pl\/index.php\/wp-json\/wp\/v2\/media?parent=1991"}],"curies":[{"name":"wp","href":"https:\/\/api.w.org\/{rel}","templated":true}]}}