{"id":1998,"date":"2018-11-22T11:02:34","date_gmt":"2018-11-22T10:02:34","guid":{"rendered":"http:\/\/beauty-center.pl\/?page_id=1998"},"modified":"2018-11-22T11:03:03","modified_gmt":"2018-11-22T10:03:03","slug":"bb-glow-3","status":"publish","type":"page","link":"https:\/\/beauty-center.pl\/index.php\/bb-glow-3\/","title":{"rendered":"BB GLOW"},"content":{"rendered":"<div  class=\"ui--tagline-box-wrapper ui--animation clearfix\"><div  id=\"tagline-1\" class=\"ui--tagline-box ui-row clearfix ui--tagline-box-custom-color radius-3px\" data-responsive=\"{&quot;css&quot;:{&quot;min-height&quot;:{&quot;phone&quot;:&quot;auto&quot;,&quot;tablet&quot;:&quot;auto&quot;,&quot;widescreen&quot;:&quot;&quot;}}}\"><div  class=\"ui--tagline-background-container ui--tagline-background-overlay radius-3px\"><\/div><div  class=\"ui--tagline-background-container ui--tagline-background-image radius-3px\"><\/div><div  class=\"ui--tagline-content\"><div class=\"ui-row row\">\n <div   class=\"ui-column span4\"><div id=\"nav_menu-3\" class=\"widget widget_nav_menu\"><h4 class=\"sidebar-widget-title ui--widget-title\"><span>ZABIEGI KOSMETYCZNE<\/span><\/h4><div class=\"menu-zabiegi-kosmetyczne-container\"><ul id=\"menu-zabiegi-kosmetyczne\" class=\"menu\"><li id=\"menu-item-1410\" class=\"menu-item menu-item-type-post_type menu-item-object-page depth-0 to-right\"><a href=\"https:\/\/beauty-center.pl\/index.php\/makijaz-permanentny-brwi-metoda-piorkowa\/\"><strong>MAKIJA\u017b PERMANENTNY METOD\u0104 PI\u00d3RKOW\u0104<\/strong><\/a><\/li>\n<li id=\"menu-item-1417\" class=\"menu-item menu-item-type-post_type menu-item-object-page depth-0 to-right\"><a href=\"https:\/\/beauty-center.pl\/index.php\/depilacja-pasta-cukrowa\/\">DEPILACJA PAST\u0104 CUKROW\u0104<\/a><\/li>\n<li id=\"menu-item-1423\" class=\"menu-item menu-item-type-post_type menu-item-object-page depth-0 to-right\"><a href=\"https:\/\/beauty-center.pl\/index.php\/trwale-przedluzanie-rzes\/\">TRWA\u0141E PRZED\u0141U\u017bANIE RZ\u0118S<\/a><\/li>\n<li id=\"menu-item-1435\" class=\"menu-item menu-item-type-post_type menu-item-object-page depth-0 to-right\"><a href=\"https:\/\/beauty-center.pl\/index.php\/rzesy-od-3d-do-8d\/\">RZ\u0118SY od 3D do 8D<\/a><\/li>\n<li id=\"menu-item-1438\" class=\"menu-item menu-item-type-post_type menu-item-object-page depth-0 to-right\"><a href=\"https:\/\/beauty-center.pl\/index.php\/usuwanie-kurzajek-i-wlokniakow\/\">USUWANIE KURZAJEK I W\u0141\u00d3KNIAK\u00d3W<\/a><\/li>\n<li id=\"menu-item-1476\" class=\"menu-item menu-item-type-post_type menu-item-object-page depth-0 to-right\"><a href=\"https:\/\/beauty-center.pl\/index.php\/1472-2\/\">HENNA I REGULACJA BRWI<\/a><\/li>\n<li id=\"menu-item-1483\" class=\"menu-item menu-item-type-post_type menu-item-object-page depth-0 to-right\"><a href=\"https:\/\/beauty-center.pl\/index.php\/mikrodermabrazja-2\/\">MIKRODERMABRAZJA<\/a><\/li>\n<li id=\"menu-item-1516\" class=\"menu-item menu-item-type-post_type menu-item-object-page depth-0 to-right\"><a href=\"https:\/\/beauty-center.pl\/index.php\/makijaz-permanentny-2\/\">MAKIJA\u017b PERMANENTNY<\/a><\/li>\n<li id=\"menu-item-1519\" class=\"menu-item menu-item-type-post_type menu-item-object-page depth-0 to-right\"><a href=\"https:\/\/beauty-center.pl\/index.php\/usuwanie-makijazu-permanentnego\/\">USUWANIE MAKIJA\u017bU PERMANENTNEGO<\/a><\/li>\n<li id=\"menu-item-1523\" class=\"menu-item menu-item-type-post_type menu-item-object-page depth-0 to-right\"><a href=\"https:\/\/beauty-center.pl\/index.php\/peeling-kawitacyjny\/\">PEELING KAWITACYJNY<\/a><\/li>\n<li id=\"menu-item-1526\" class=\"menu-item menu-item-type-post_type menu-item-object-page depth-0 to-right\"><a href=\"https:\/\/beauty-center.pl\/index.php\/usuwanie-brodawek-i-wlokniakow\/\">USUWANIE BRODAWEK I W\u0141\u00d3KNIAK\u00d3W<\/a><\/li>\n<li id=\"menu-item-1538\" class=\"menu-item menu-item-type-post_type menu-item-object-page depth-0 to-right\"><a href=\"https:\/\/beauty-center.pl\/index.php\/fale-radiowe-2\/\">FALE RADIOWE<\/a><\/li>\n<li id=\"menu-item-1539\" class=\"menu-item menu-item-type-post_type menu-item-object-page depth-0 to-right\"><a href=\"https:\/\/beauty-center.pl\/index.php\/leczenie-nadpotliwosci\/\">LECZENIE NADPOTLIWO\u015aCI<\/a><\/li>\n<li id=\"menu-item-1541\" class=\"menu-item menu-item-type-post_type menu-item-object-page depth-0 to-right\"><a href=\"https:\/\/beauty-center.pl\/index.php\/zabiegi-na-twarz-2\/\">ZABIEGI NA TWARZ<\/a><\/li>\n<li id=\"menu-item-1548\" class=\"menu-item menu-item-type-post_type menu-item-object-page depth-0 to-right\"><a href=\"https:\/\/beauty-center.pl\/index.php\/zabieg-relaksacyjno-dotleniajacy\/\">ZABIEG RELAKSACYJNO \u2013 DOTLENIAJ\u0104CY<\/a><\/li>\n<li id=\"menu-item-1549\" class=\"menu-item menu-item-type-post_type menu-item-object-page depth-0 to-right\"><a href=\"https:\/\/beauty-center.pl\/index.php\/elektrokoagulacja\/\">ELEKTROKOAGULACJA<\/a><\/li>\n<li id=\"menu-item-1557\" class=\"menu-item menu-item-type-post_type menu-item-object-page depth-0 to-right\"><a href=\"https:\/\/beauty-center.pl\/index.php\/zabieg-oczyszczajacy\/\">ZABIEG OCZYSZCZAJ\u0104CY<\/a><\/li>\n<li id=\"menu-item-1558\" class=\"menu-item menu-item-type-post_type menu-item-object-page depth-0 to-right\"><a href=\"https:\/\/beauty-center.pl\/index.php\/zabieg-liftingujacy\/\">ZABIEG LIFTINGUJ\u0104CY<\/a><\/li>\n<li id=\"menu-item-1562\" class=\"menu-item menu-item-type-post_type menu-item-object-page depth-0 to-right\"><a href=\"https:\/\/beauty-center.pl\/index.php\/efekt-motyla\/\">EFEKT MOTYLA<\/a><\/li>\n<li id=\"menu-item-1828\" class=\"menu-item menu-item-type-post_type menu-item-object-page depth-0 to-right\"><a href=\"https:\/\/beauty-center.pl\/index.php\/kwas-migdalowy\/\">KWAS MIGDA\u0141OWY<\/a><\/li>\n<li id=\"menu-item-1831\" class=\"menu-item menu-item-type-post_type menu-item-object-page depth-0 to-right\"><a href=\"https:\/\/beauty-center.pl\/index.php\/peeling-ziolowy\/\">PEELING ZIO\u0141OWY<\/a><\/li>\n<li id=\"menu-item-1576\" class=\"menu-item menu-item-type-post_type menu-item-object-page depth-0 to-right\"><a href=\"https:\/\/beauty-center.pl\/index.php\/mezoterapia-mikroiglowa\/\">MEZOTERAPIA MIKROIG\u0141OWA<\/a><\/li>\n<li id=\"menu-item-1577\" class=\"menu-item menu-item-type-post_type menu-item-object-page depth-0 to-right\"><a href=\"https:\/\/beauty-center.pl\/index.php\/mezoterapia-iglowa-plytka\/\">MEZOTERAPIA IG\u0141OWA P\u0141YTKA<\/a><\/li>\n<li id=\"menu-item-1578\" class=\"menu-item menu-item-type-post_type menu-item-object-page depth-0 to-right\"><a href=\"https:\/\/beauty-center.pl\/index.php\/mezoterapia-beziglowa-2\/\">MEZOTERAPIA BEZIG\u0141OWA<\/a><\/li>\n<li id=\"menu-item-1579\" class=\"menu-item menu-item-type-post_type menu-item-object-page depth-0 to-right\"><a href=\"https:\/\/beauty-center.pl\/index.php\/mezoterapia-iglowa\/\">MEZOTERAPIA IG\u0141OWA<\/a><\/li>\n<li id=\"menu-item-1591\" class=\"menu-item menu-item-type-post_type menu-item-object-page depth-0 to-right\"><a href=\"https:\/\/beauty-center.pl\/index.php\/trwala-na-rzesy\/\">TRWA\u0141A NA RZ\u0118SY<\/a><\/li>\n<li id=\"menu-item-1603\" class=\"menu-item menu-item-type-post_type menu-item-object-page depth-0 to-right\"><a href=\"https:\/\/beauty-center.pl\/index.php\/zabiegi-dla-mezczyzn\/\">ZABIEGI DLA M\u0118\u017bCZYZN<\/a><\/li>\n<li id=\"menu-item-1604\" class=\"menu-item menu-item-type-post_type menu-item-object-page depth-0 to-right\"><a href=\"https:\/\/beauty-center.pl\/index.php\/masaz-cisnieniowy\/\">MASA\u017b CI\u015aNIENIOWY<\/a><\/li>\n<li id=\"menu-item-1605\" class=\"menu-item menu-item-type-post_type menu-item-object-page depth-0 to-right\"><a href=\"https:\/\/beauty-center.pl\/index.php\/ultradzwieki\/\">ULTRAD\u0179WI\u0118KI<\/a><\/li>\n<li id=\"menu-item-1606\" class=\"menu-item menu-item-type-post_type menu-item-object-page depth-0 to-right\"><a href=\"https:\/\/beauty-center.pl\/index.php\/depilacja-2\/\">DEPILACJA<\/a><\/li>\n<li id=\"menu-item-1607\" class=\"menu-item menu-item-type-post_type menu-item-object-page depth-0 to-right\"><a href=\"https:\/\/beauty-center.pl\/index.php\/opalanie-natryskowe\/\">OPALANIE NATRYSKOWE<\/a><\/li>\n<li id=\"menu-item-2002\" class=\"menu-item menu-item-type-post_type menu-item-object-page depth-0 to-right\"><a href=\"https:\/\/beauty-center.pl\/index.php\/bb-glow-3\/\">BB GLOW<\/a><\/li>\n<li id=\"menu-item-2021\" class=\"menu-item menu-item-type-post_type menu-item-object-page depth-0 to-right\"><a href=\"https:\/\/beauty-center.pl\/index.php\/henna-marokanska-2\/\">HENNA MAROKA\u0143SKA<\/a><\/li>\n<\/ul><\/div><\/div><\/div> \n\n <div   class=\"ui-column span8\"><div class=\"ui--title ui--animation ui--title-bordered text-center\"><div class=\"ui--title-holder\"><h3 class=\"ui--title-text\" style=\"color: #bd1e9d !important;\">BB GLOW - Poznaj sekret nieskazitelnych cer Koreanek!!!<\/h3><div style=\"border-color: #bd1e9d !important;\" class=\"ui--title-borders ui--title-border-left\"><\/div><div style=\"border-color: #bd1e9d !important;\" class=\"ui--title-borders ui--title-border-right\"><\/div><\/div><\/div><div class=\"ui--image-wrap clearfix text-center ui--block\" style=\"margin-top: 10px;  margin-bottom: 25px;\"><img loading=\"lazy\" decoding=\"async\" width=\"488\" height=\"438\" src=\"https:\/\/beauty-center.pl\/wp-content\/uploads\/2018\/11\/bb_glow.png\" class=\"ui--image ui--animation\" alt=\"\" id=\"ui--image-1\" srcset=\"https:\/\/beauty-center.pl\/wp-content\/uploads\/2018\/11\/bb_glow.png 488w, https:\/\/beauty-center.pl\/wp-content\/uploads\/2018\/11\/bb_glow-300x269.png 300w\" sizes=\"auto, (max-width: 488px) 100vw, 488px\" \/><\/div><div class=\"auto-format ui--animation\"><p>Zabieg polega na wt\u0142aczaniu na poziomie nask\u00f3rkowym preparatu koloryzuj\u0105co \u2013 roz\u015bwietlaj\u0105cego. Delikatnie ujednolica koloryt cery, tworz\u0105c transparentny kamufla\u017c. Bogactwo ekstrakt\u00f3w ro\u015blinnych, kt\u00f3re zawarte jest w ampu\u0142ce bardzo mocno nawil\u017ca, od\u017cywia i piel\u0119gnuje sk\u00f3r\u0119 sprawiaj\u0105c, \u017ce staje si\u0119 ona jedwabi\u015bcie g\u0142adka i mi\u0119kka, a tak\u017ce niesamowicie roz\u015bwietlona.<\/p>\n<p>BB Glow Skin by Physiolab to niezwyk\u0142y kosmetyk. Preparaty s\u0105 ca\u0142kowicie wega\u0144skie bogate w priobiotyki, izoflawonoidy, naturalne filtry UV, a tak\u017ce substancje antyhistaminowe.<br \/>\nOpr\u00f3cz tego, \u017ce niezwykle nawil\u017caj\u0105 i rewitalizuj\u0105 sk\u00f3r\u0119, dzia\u0142aj\u0105 mocno przeciwzapalnie, przeciwgrzybiczo, neutralizuj\u0105 toksyny, dzia\u0142aj\u0105 antyoksydacyjnie, hamuj\u0105 powstawanie przebarwie\u0144, przyspieszaj\u0105 gojenie si\u0119 wykwit\u00f3w sk\u00f3rnych. BB Glow podnosi odporno\u015b\u0107 sk\u00f3ry po antybiotykoterarapii i leczeniu dermatologicznym. Stosowany po zabiegach laserowych i chirurgicznych przyspiesza okres rekonwalescencji. <\/p>\n<p>W ampu\u0142kach, opr\u00f3cz kwasu hialuronowego, zawarte s\u0105 wyci\u0105gi ro\u015blinne z broku\u0142u, bor\u00f3wki, pomara\u0144czy, pomidora, z igie\u0142 sosny Thunberga, rumianku, z\u0142ocienia, korzeni tarczycy bajkalskiej, lukrecji, arcydzi\u0119gla olbrzymiego, kudzu; a tak\u017ce ro\u015blin pochodzenia azjatyckiego: sumaka chi\u0144skiego czy te\u017c grzyba reishi.  <\/p>\n<\/div><div class=\"ui--title ui--animation ui--title-bordered text-center\"><div class=\"ui--title-holder\"><h4 class=\"ui--title-text\" style=\"color: #bd1e9d !important;\">DLA KOGO BB GLOW? DLA OS\u00d3B:<\/h4><div style=\"border-color: #bd1e9d !important;\" class=\"ui--title-borders ui--title-border-left\"><\/div><div style=\"border-color: #bd1e9d !important;\" class=\"ui--title-borders ui--title-border-right\"><\/div><\/div><\/div><ul class=\"ui--list list-circle parent-1\"><li class=\"child-1 total-11 ui--animation\">Z matow\u0105, poszarza\u0142\u0105 cer\u0105 (sk\u00f3ra palacza)<\/li><li class=\"child-2 total-11 ui--animation\">Z problemami przebarwie\u0144 pozapalnych i hormonalnych<\/li><li class=\"child-3 total-11 ui--animation\">Z fotostarzeniem, z plamami soczewicowatymi<\/li><li class=\"child-4 total-11 ui--animation\">Ze sk\u0142onno\u015bciami do zaczerwienie\u0144, ze sk\u00f3r\u0105 nadreaktywn\u0105<\/li><li class=\"child-5 total-11 ui--animation\">Z nier\u00f3wnym kolorytem<\/li><li class=\"child-6 total-11 ui--animation\">Ze sk\u00f3r\u0105 atopow\u0105, szczeg\u00f3lnie such\u0105 o szczeg\u00f3lnie niskiej tolerancji<\/li><li class=\"child-7 total-11 ui--animation\">Ze sk\u00f3r\u0105 wyja\u0142owion\u0105 po przebytych chorobach i terapiach antybiotykowych<\/li><li class=\"child-8 total-11 ui--animation\">Z widocznym zm\u0119czeniem sk\u00f3ry<\/li><li class=\"child-9 total-11 ui--animation\">Ze sk\u00f3r\u0105 wiotk\u0105 o niskiej elastyczno\u015bci<\/li><li class=\"child-10 total-11 ui--animation\">Jako terapia antyrodnikowa<\/li><li class=\"child-11 total-11 ui--animation\">Jako terapia naprawcza dla sk\u00f3r zniszczonych<\/li>  <\/ul><div class=\"ui--title ui--animation ui--title-bordered text-center\"><div class=\"ui--title-holder\"><h4 class=\"ui--title-text\" style=\"color: #bd1e9d !important;\">PRZECIWWSKAZANIA:<\/h4><div style=\"border-color: #bd1e9d !important;\" class=\"ui--title-borders ui--title-border-left\"><\/div><div style=\"border-color: #bd1e9d !important;\" class=\"ui--title-borders ui--title-border-right\"><\/div><\/div><\/div><div class=\"auto-format ui--animation\"><ul>\n<li>ci\u0105\u017ca i okres laktacji<\/li>\n<li>ostre choroby zaka\u017ane<\/li>\n<li>sk\u0142onno\u015b\u0107 do powstawanie blizn i bliznowc\u00f3w<\/li>\n<li>nowotwory<\/li>\n<li>padaczka<\/li>\n<li>nieleczona cukrzyca<\/li>\n<li>choroby i zranienia sk\u00f3ry w miejscu zabiegowym<\/li>\n<li>zaburzenia krzepni\u0119cia krwi oraz choroby krwi<\/li>\n<li>aktywny tr\u0105dzik<\/li>\n<li>alergia na sk\u0142adniki<\/li>\n<\/ul>\n<\/div><div class=\"ui--title ui--animation ui--title-bordered text-center\"><div class=\"ui--title-holder\"><h4 class=\"ui--title-text\" style=\"color: #bd1e9d !important;\">W SK\u0141AD ZABIEGU WCHODZI<\/h4><div style=\"border-color: #bd1e9d !important;\" class=\"ui--title-borders ui--title-border-left\"><\/div><div style=\"border-color: #bd1e9d !important;\" class=\"ui--title-borders ui--title-border-right\"><\/div><\/div><\/div><div class=\"auto-format ui--animation\"><ul>\n<li>Peeling kawitacyjny<\/li>\n<li>Sonoforeza z u\u017cyciem dedykowanej przez producenta ampu\u0142ki mezo booster<\/li>\n<li>Mezoterapia mikroig\u0142owa (u\u017cywamy ca\u0142ej ampu\u0142ki, nie dzielimy jej na cz\u0119\u015bci)<\/li>\n<li>Maska bogata w sk\u0142adniki aktywne (wycisza sk\u00f3r\u0119 po zabiegu).<\/li>\n<\/ul>\n<p>W preparatach firmy Physiolab, na kt\u00f3rych pracujemy NIE wyst\u0119puj\u0105 takie substancje jak: parabeny, parafiny i oleje mineralne, ftalany, triclosan, SLS, SLES, PEG-i, aluminium, silikony, talk, metale ci\u0119\u017ckie.<br \/>\nS\u0105 ca\u0142kowicie bezpieczne!<\/p>\n<\/div><div class=\"ui--image-wrap clearfix text-center ui--block\"><img loading=\"lazy\" decoding=\"async\" width=\"400\" height=\"410\" src=\"https:\/\/beauty-center.pl\/wp-content\/uploads\/2018\/11\/bb-glow-2.jpg\" class=\"ui--image ui--animation\" alt=\"\" id=\"ui--image-2\" srcset=\"https:\/\/beauty-center.pl\/wp-content\/uploads\/2018\/11\/bb-glow-2.jpg 400w, https:\/\/beauty-center.pl\/wp-content\/uploads\/2018\/11\/bb-glow-2-293x300.jpg 293w\" sizes=\"auto, (max-width: 400px) 100vw, 400px\" \/><\/div><div class=\"ui--title ui--animation ui--title-bordered text-center\"><div class=\"ui--title-holder\"><h4 class=\"ui--title-text\" style=\"color: #bd1e9d !important;\">CENNIK<\/h4><div style=\"border-color: #bd1e9d !important;\" class=\"ui--title-borders ui--title-border-left\"><\/div><div style=\"border-color: #bd1e9d !important;\" class=\"ui--title-borders ui--title-border-right\"><\/div><\/div><\/div><div class=\"auto-format ui--animation\"><ul>\n<li>Czas trwania zabiegu: 1,5-2 godziny<\/li>\n<li>Cena 290z\u0142 1 zabieg<\/li>\n<li>Seria 3 zabieg\u00f3w w odst\u0119pach 2 tygodniowych (750zl)<\/li>\n<\/ul>\n<\/div><\/div> \n\n<\/div> \n<\/div><\/div><\/div>","protected":false},"excerpt":{"rendered":"<p>ZABIEGI KOSMETYCZNEMAKIJA\u017b PERMANENTNY METOD\u0104 PI\u00d3RKOW\u0104 DEPILACJA PAST\u0104 CUKROW\u0104 TRWA\u0141E PRZED\u0141U\u017bANIE RZ\u0118S RZ\u0118SY od 3D do 8D USUWANIE KURZAJEK I W\u0141\u00d3KNIAK\u00d3W HENNA I REGULACJA BRWI MIKRODERMABRAZJA MAKIJA\u017b PERMANENTNY USUWANIE MAKIJA\u017bU PERMANENTNEGO PEELING KAWITACYJNY USUWANIE BRODAWEK I W\u0141\u00d3KNIAK\u00d3W FALE RADIOWE LECZENIE NADPOTLIWO\u015aCI ZABIEGI NA TWARZ ZABIEG RELAKSACYJNO \u2013 DOTLENIAJ\u0104CY ELEKTROKOAGULACJA ZABIEG OCZYSZCZAJ\u0104CY ZABIEG LIFTINGUJ\u0104CY EFEKT MOTYLA KWAS [&hellip;]<\/p>\n","protected":false},"author":1,"featured_media":0,"parent":0,"menu_order":0,"comment_status":"closed","ping_status":"closed","template":"","meta":{"footnotes":""},"class_list":["post-1998","page","type-page","status-publish","hentry"],"_links":{"self":[{"href":"https:\/\/beauty-center.pl\/index.php\/wp-json\/wp\/v2\/pages\/1998","targetHints":{"allow":["GET"]}}],"collection":[{"href":"https:\/\/beauty-center.pl\/index.php\/wp-json\/wp\/v2\/pages"}],"about":[{"href":"https:\/\/beauty-center.pl\/index.php\/wp-json\/wp\/v2\/types\/page"}],"author":[{"embeddable":true,"href":"https:\/\/beauty-center.pl\/index.php\/wp-json\/wp\/v2\/users\/1"}],"replies":[{"embeddable":true,"href":"https:\/\/beauty-center.pl\/index.php\/wp-json\/wp\/v2\/comments?post=1998"}],"version-history":[{"count":1,"href":"https:\/\/beauty-center.pl\/index.php\/wp-json\/wp\/v2\/pages\/1998\/revisions"}],"predecessor-version":[{"id":2001,"href":"https:\/\/beauty-center.pl\/index.php\/wp-json\/wp\/v2\/pages\/1998\/revisions\/2001"}],"wp:attachment":[{"href":"https:\/\/beauty-center.pl\/index.php\/wp-json\/wp\/v2\/media?parent=1998"}],"curies":[{"name":"wp","href":"https:\/\/api.w.org\/{rel}","templated":true}]}}