{"id":2010,"date":"2018-12-07T08:32:02","date_gmt":"2018-12-07T07:32:02","guid":{"rendered":"http:\/\/beauty-center.pl\/?page_id=2010"},"modified":"2018-12-07T08:32:52","modified_gmt":"2018-12-07T07:32:52","slug":"lipoliza-iniekcyjna","status":"publish","type":"page","link":"https:\/\/beauty-center.pl\/index.php\/lipoliza-iniekcyjna\/","title":{"rendered":"LIPOLIZA INIEKCYJNA"},"content":{"rendered":"<div  class=\"ui--tagline-box-wrapper ui--animation clearfix\"><div  id=\"tagline-1\" class=\"ui--tagline-box ui-row clearfix ui--tagline-box-custom-color radius-3px\" data-responsive=\"{&quot;css&quot;:{&quot;min-height&quot;:{&quot;phone&quot;:&quot;auto&quot;,&quot;tablet&quot;:&quot;auto&quot;,&quot;widescreen&quot;:&quot;&quot;}}}\"><div  class=\"ui--tagline-background-container ui--tagline-background-overlay radius-3px\"><\/div><div  class=\"ui--tagline-background-container ui--tagline-background-image radius-3px\"><\/div><div  class=\"ui--tagline-content\"><div class=\"ui-row row\">\n <div   class=\"ui-column span4\"><div id=\"nav_menu-4\" class=\"widget widget_nav_menu\"><h4 class=\"sidebar-widget-title ui--widget-title\"><span>ZABIEGI WYSZCZUPLAJ\u0104CE<\/span><\/h4><div class=\"menu-zabiegi-wyszczuplajace-container\"><ul id=\"menu-zabiegi-wyszczuplajace\" class=\"menu\"><li id=\"menu-item-1614\" class=\"menu-item menu-item-type-post_type menu-item-object-page depth-0 to-right\"><a href=\"https:\/\/beauty-center.pl\/index.php\/lipo-laser\/\">LIPO LASER<\/a><\/li>\n<li id=\"menu-item-1619\" class=\"menu-item menu-item-type-post_type menu-item-object-page depth-0 to-right\"><a href=\"https:\/\/beauty-center.pl\/index.php\/kriolipoliza\/\">KRIOLIPOLIZA<\/a><\/li>\n<li id=\"menu-item-1623\" class=\"menu-item menu-item-type-post_type menu-item-object-page depth-0 to-right\"><a href=\"https:\/\/beauty-center.pl\/index.php\/elektrostymulacja-ciala\/\">ELEKTROSTYMULACJA CIA\u0141A<\/a><\/li>\n<li id=\"menu-item-1627\" class=\"menu-item menu-item-type-post_type menu-item-object-page depth-0 to-right\"><a href=\"https:\/\/beauty-center.pl\/index.php\/endermologia\/\">ENDERMOLOGIA<\/a><\/li>\n<li id=\"menu-item-1993\" class=\"menu-item menu-item-type-post_type menu-item-object-page depth-0 to-right\"><a href=\"https:\/\/beauty-center.pl\/index.php\/prosoterapia\/\">PRESOTERAPIA<\/a><\/li>\n<li id=\"menu-item-2014\" class=\"menu-item menu-item-type-post_type menu-item-object-page depth-0 to-right\"><a href=\"https:\/\/beauty-center.pl\/index.php\/lipoliza-iniekcyjna\/\">LIPOLIZA INIEKCYJNA<\/a><\/li>\n<\/ul><\/div><\/div><\/div> \n\n <div   class=\"ui-column span8\"><div class=\"ui--title ui--animation ui--title-bordered text-center\"><div class=\"ui--title-holder\"><h3 class=\"ui--title-text\" style=\"color: #bd1e9d !important;\">LIPOLIZA INIEKCYJNA<\/h3><div style=\"border-color: #bd1e9d !important;\" class=\"ui--title-borders ui--title-border-left\"><\/div><div style=\"border-color: #bd1e9d !important;\" class=\"ui--title-borders ui--title-border-right\"><\/div><\/div><\/div><div class=\"auto-format ui--animation\"><p>Formu\u0142a Lipo Lax+ powoduje natychmiastowe rozpuszczenie tkanki t\u0142uszczowej. Lipoliza to modelowanie sylwetki, polegaj\u0105ce na iniekcyjnym podaniu substancji czynnych powoduj\u0105cych rozpuszczenie kom\u00f3rki t\u0142uszczowej. \u201eObrz\u0119kni\u0119te\u201d kom\u00f3rki p\u0119kaj\u0105, a uwolnione z nich t\u0142uszcze przechodz\u0105 do krwi, z kt\u00f3r\u0105 trafiaj\u0105 do w\u0105troby, gdzie s\u0105 rozk\u0142adane, a nast\u0119pnie wydalane z organizmu. W efekcie zabiegowym nadmiar nagromadzonej tkanki zanika, a obw\u00f3d miejsca zabiegowego widocznie maleje. Zabieg jest bezpieczny i nie wymaga \u017cadnego przygotowania ani czasu rekonwalescencji, a jego skuteczno\u015b\u0107 zosta\u0142a potwierdzona w licznych badaniach.  <\/p>\n<p>Efekty s\u0105 widoczne ju\u017c po pierwszym zabiegu. Zabieg nale\u017cy powtarza\u0107 w zale\u017cno\u015bci od potrzeb od 1 do 5  raz w miesi\u0105cu.<\/p>\n<\/div><div class=\"ui--image-wrap clearfix text-center ui--block\" style=\"margin-top: 15px;  margin-bottom: 25px;\"><img loading=\"lazy\" decoding=\"async\" width=\"480\" height=\"480\" src=\"https:\/\/beauty-center.pl\/wp-content\/uploads\/2018\/12\/lipoliza.jpg\" class=\"ui--image ui--animation\" alt=\"\" title=\"lipo_laser\" id=\"ui--image-1\" srcset=\"https:\/\/beauty-center.pl\/wp-content\/uploads\/2018\/12\/lipoliza.jpg 480w, https:\/\/beauty-center.pl\/wp-content\/uploads\/2018\/12\/lipoliza-150x150.jpg 150w, https:\/\/beauty-center.pl\/wp-content\/uploads\/2018\/12\/lipoliza-300x300.jpg 300w\" sizes=\"auto, (max-width: 480px) 100vw, 480px\" \/><\/div><div class=\"ui--title ui--animation ui--title-bordered text-center\"><div class=\"ui--title-holder\"><h4 class=\"ui--title-text\" style=\"color: #bd1e9d !important;\">ZALETY LIPOLIZY INIEKCYJNEJ LIPO LAX+:<\/h4><div style=\"border-color: #bd1e9d !important;\" class=\"ui--title-borders ui--title-border-left\"><\/div><div style=\"border-color: #bd1e9d !important;\" class=\"ui--title-borders ui--title-border-right\"><\/div><\/div><\/div><div class=\"auto-format ui--animation\"><ul>\n<li>minimalna ilo\u015b\u0107 zabieg\u00f3w konieczna do uzyskania satysfakcjonuj\u0105cych efekt\u00f3w<\/li>\n<li>brak przygotowa\u0144 do zabiegu<\/li>\n<li>brak czasu rekonwalescencji<\/li>\n<li>brak konieczno\u015bci stosowania znieczulenia<\/li>\n<li>klinicznie potwierdzona skuteczno\u015b\u0107<\/li>\n<li>innowacyjny sk\u0142ad preparatu optymalizuj\u0105cy efekty terapii<\/li>\n<li>wysokie bezpiecze\u0144stwo terapii wynikaj\u0105ce z najwy\u017cszej jako\u015bci i czysto\u015bci substancji czynnych Lipo Lax+<\/li>\n<li>po\u0142\u0105czenie dzia\u0142ania lipolitycznego LipoLax+ z silnym kondycjonowaniem sk\u00f3ry, zapobiegaj\u0105ce zwiotczeniom sk\u00f3rnym w miejscu zmniejszaj\u0105cych si\u0119 obwod\u00f3w tkanek<\/li>\n<li>terapia dedykowana r\u00f3wnie\u017c dla szczup\u0142ych os\u00f3b, niemog\u0105cych pozby\u0107 si\u0119 zb\u0119dnej tkanki t\u0142uszczowej za pomoc\u0105 diety lub \u0107wicze\u0144 fizycznych<\/li>\n<\/ul>\n<\/div><div class=\"ui--title ui--animation ui--title-bordered text-center\"><div class=\"ui--title-holder\"><h4 class=\"ui--title-text\" style=\"color: #bd1e9d !important;\">PRZECIWWSKAZANIA: <\/h4><div style=\"border-color: #bd1e9d !important;\" class=\"ui--title-borders ui--title-border-left\"><\/div><div style=\"border-color: #bd1e9d !important;\" class=\"ui--title-borders ui--title-border-right\"><\/div><\/div><\/div><div class=\"auto-format ui--animation\"><ul>\n<li>ci\u0105\u017ca i laktacja<\/li>\n<li>nowotw\u00f3r<\/li>\n<li>ostre choroby nerek i w\u0105troby<\/li>\n<li>cukrzyca<\/li>\n<li>epilepsja<\/li>\n<li>choroby uk\u0142adu immunologicznego<\/li>\n<li>choroby kr\u0105\u017cenia<\/li>\n<li>choroby krwi zwi\u0105zane z nadmiernym krwawieniem<\/li>\n<li>nieustabilizowane choroby tarczycy<\/li>\n<li>nietolerancja na jakikolwiek sk\u0142adnik preparatu<\/li>\n<\/ul>\n<\/div><div class=\"ui--title ui--animation ui--title-bordered text-center\"><div class=\"ui--title-holder\"><h4 class=\"ui--title-text\" style=\"color: #bd1e9d !important;\">CENNIK<\/h4><div style=\"border-color: #bd1e9d !important;\" class=\"ui--title-borders ui--title-border-left\"><\/div><div style=\"border-color: #bd1e9d !important;\" class=\"ui--title-borders ui--title-border-right\"><\/div><\/div><\/div><div class=\"auto-format ui--animation\"><p><strong>Cena zabiegu: 10ml 500-600 z\u0142<\/strong><\/p>\n<\/div><div class=\"ui--image-wrap clearfix text-center ui--block\"><img loading=\"lazy\" decoding=\"async\" width=\"480\" height=\"480\" src=\"https:\/\/beauty-center.pl\/wp-content\/uploads\/2018\/12\/lipoliza1.jpg\" class=\"ui--image ui--animation\" alt=\"\" id=\"ui--image-2\" srcset=\"https:\/\/beauty-center.pl\/wp-content\/uploads\/2018\/12\/lipoliza1.jpg 480w, https:\/\/beauty-center.pl\/wp-content\/uploads\/2018\/12\/lipoliza1-150x150.jpg 150w, https:\/\/beauty-center.pl\/wp-content\/uploads\/2018\/12\/lipoliza1-300x300.jpg 300w\" sizes=\"auto, (max-width: 480px) 100vw, 480px\" \/><\/div><\/div> \n\n<\/div> \n<\/div><\/div><\/div>","protected":false},"excerpt":{"rendered":"<p>ZABIEGI WYSZCZUPLAJ\u0104CELIPO LASER KRIOLIPOLIZA ELEKTROSTYMULACJA CIA\u0141A ENDERMOLOGIA PRESOTERAPIA LIPOLIZA INIEKCYJNA LIPOLIZA INIEKCYJNAFormu\u0142a Lipo Lax+ powoduje natychmiastowe rozpuszczenie tkanki t\u0142uszczowej. Lipoliza to modelowanie sylwetki, polegaj\u0105ce na iniekcyjnym podaniu substancji czynnych powoduj\u0105cych rozpuszczenie kom\u00f3rki t\u0142uszczowej. \u201eObrz\u0119kni\u0119te\u201d kom\u00f3rki p\u0119kaj\u0105, a uwolnione z nich t\u0142uszcze przechodz\u0105 do krwi, z kt\u00f3r\u0105 trafiaj\u0105 do w\u0105troby, gdzie s\u0105 rozk\u0142adane, a nast\u0119pnie wydalane [&hellip;]<\/p>\n","protected":false},"author":1,"featured_media":0,"parent":0,"menu_order":0,"comment_status":"closed","ping_status":"closed","template":"","meta":{"footnotes":""},"class_list":["post-2010","page","type-page","status-publish","hentry"],"_links":{"self":[{"href":"https:\/\/beauty-center.pl\/index.php\/wp-json\/wp\/v2\/pages\/2010","targetHints":{"allow":["GET"]}}],"collection":[{"href":"https:\/\/beauty-center.pl\/index.php\/wp-json\/wp\/v2\/pages"}],"about":[{"href":"https:\/\/beauty-center.pl\/index.php\/wp-json\/wp\/v2\/types\/page"}],"author":[{"embeddable":true,"href":"https:\/\/beauty-center.pl\/index.php\/wp-json\/wp\/v2\/users\/1"}],"replies":[{"embeddable":true,"href":"https:\/\/beauty-center.pl\/index.php\/wp-json\/wp\/v2\/comments?post=2010"}],"version-history":[{"count":1,"href":"https:\/\/beauty-center.pl\/index.php\/wp-json\/wp\/v2\/pages\/2010\/revisions"}],"predecessor-version":[{"id":2013,"href":"https:\/\/beauty-center.pl\/index.php\/wp-json\/wp\/v2\/pages\/2010\/revisions\/2013"}],"wp:attachment":[{"href":"https:\/\/beauty-center.pl\/index.php\/wp-json\/wp\/v2\/media?parent=2010"}],"curies":[{"name":"wp","href":"https:\/\/api.w.org\/{rel}","templated":true}]}}