{"id":2100,"date":"2019-10-25T22:11:58","date_gmt":"2019-10-25T20:11:58","guid":{"rendered":"http:\/\/beauty-center.pl\/?page_id=2100"},"modified":"2020-07-10T15:30:23","modified_gmt":"2020-07-10T13:30:23","slug":"nici-liftingujace-haczykowe-4d","status":"publish","type":"page","link":"https:\/\/beauty-center.pl\/index.php\/nici-liftingujace-haczykowe-4d\/","title":{"rendered":"NICI LIFTINGUJ\u0104CE HACZYKOWE 4D"},"content":{"rendered":"<div  class=\"ui--tagline-box-wrapper ui--animation clearfix\"><div  id=\"tagline-1\" class=\"ui--tagline-box ui-row clearfix ui--tagline-box-custom-color radius-3px\" data-responsive=\"{&quot;css&quot;:{&quot;min-height&quot;:{&quot;phone&quot;:&quot;auto&quot;,&quot;tablet&quot;:&quot;auto&quot;,&quot;widescreen&quot;:&quot;&quot;}}}\"><div  class=\"ui--tagline-background-container ui--tagline-background-overlay radius-3px\"><\/div><div  class=\"ui--tagline-background-container ui--tagline-background-image radius-3px\"><\/div><div  class=\"ui--tagline-content\"><div class=\"ui-row row\">\n <div   class=\"ui-column span4\"><div id=\"nav_menu-10\" class=\"widget widget_nav_menu\"><h4 class=\"sidebar-widget-title ui--widget-title\"><span>KOSMETOLOGIA MEDYCZNA<\/span><\/h4><div class=\"menu-kosmetologia-medyczna-container\"><ul id=\"menu-kosmetologia-medyczna\" class=\"menu\"><li id=\"menu-item-1786\" class=\"menu-item menu-item-type-post_type menu-item-object-page menu-item-has-children depth-0 to-right\"><a href=\"https:\/\/beauty-center.pl\/index.php\/botox\/\">BOTOKS- likwidowanie zmarszczek<\/a>\n<ul class=\"sub-menu\">\n\t<li id=\"menu-item-2747\" class=\"menu-item menu-item-type-post_type menu-item-object-page depth-1 to-right\"><a href=\"https:\/\/beauty-center.pl\/index.php\/blokowanie-receptorow-glodu-botoxem\/\">Blokowanie receptor\u00f3w g\u0142odu botoxem<\/a><\/li>\n\t<li id=\"menu-item-2087\" class=\"menu-item menu-item-type-post_type menu-item-object-page depth-1 to-right\"><a href=\"https:\/\/beauty-center.pl\/index.php\/botox-leczenie-bruksizmu\/\">botoks-  bruksizm<\/a><\/li>\n\t<li id=\"menu-item-2092\" class=\"menu-item menu-item-type-post_type menu-item-object-page depth-1 to-right\"><a href=\"https:\/\/beauty-center.pl\/index.php\/botoks-leczenie-nadpotliwosci\/\">botoks- nadpotliwo\u015bci<\/a><\/li>\n\t<li id=\"menu-item-2946\" class=\"menu-item menu-item-type-post_type menu-item-object-page depth-1 to-right\"><a href=\"https:\/\/beauty-center.pl\/index.php\/botoks-full-face-2\/\">Botoks Full Face<\/a><\/li>\n<\/ul>\n<\/li>\n<li id=\"menu-item-2642\" class=\"menu-item menu-item-type-post_type menu-item-object-page depth-0 to-right\"><a href=\"https:\/\/beauty-center.pl\/index.php\/lip-flip-usta-botoks\/\">LIP FLIP \u2013 usta botoks<\/a><\/li>\n<li id=\"menu-item-2233\" class=\"menu-item menu-item-type-post_type menu-item-object-page depth-0 to-right\"><a href=\"https:\/\/beauty-center.pl\/index.php\/nici-liftingujace-haczykowe-4d\/\">NICI LIFTINGUJ\u0104CE HACZYKOWE 4D<\/a><\/li>\n<li id=\"menu-item-1728\" class=\"menu-item menu-item-type-post_type menu-item-object-page depth-0 to-right\"><a href=\"https:\/\/beauty-center.pl\/index.php\/nici-liftingujace-pdo\/\">NICI LIFTINGUJ\u0104CE PDO<\/a><\/li>\n<li id=\"menu-item-2637\" class=\"menu-item menu-item-type-post_type menu-item-object-page depth-0 to-right\"><a href=\"https:\/\/beauty-center.pl\/index.php\/nici-liftingujace-plla\/\">NICI LIFTINGUJ\u0104CE PLLA<\/a><\/li>\n<li id=\"menu-item-1729\" class=\"menu-item menu-item-type-post_type menu-item-object-page depth-0 to-right\"><a href=\"https:\/\/beauty-center.pl\/index.php\/powiekszanie-ust-i-wypelnianie-zmarszczeck\/\">POWI\u0118KSZANIE UST I WYPE\u0141NIANIE ZMARSZCZEK<\/a><\/li>\n<li id=\"menu-item-1733\" class=\"menu-item menu-item-type-post_type menu-item-object-page depth-0 to-right\"><a href=\"https:\/\/beauty-center.pl\/index.php\/wolumetria\/\">WOLUMETRIA<\/a><\/li>\n<li id=\"menu-item-1923\" class=\"menu-item menu-item-type-post_type menu-item-object-page depth-0 to-right\"><a href=\"https:\/\/beauty-center.pl\/index.php\/osocze-bogatoplytkowe-czyli-wampirzy-lifting\/\">OSOCZE BOGATOP\u0141YTKOWE, CZYLI WAMPIRZY LIFTING<\/a><\/li>\n<li id=\"menu-item-2564\" class=\"menu-item menu-item-type-post_type menu-item-object-page menu-item-has-children depth-0 to-right\"><a href=\"https:\/\/beauty-center.pl\/index.php\/stymulatory-tkankowe\/\">STYMULATORY TKANKOWE<\/a>\n<ul class=\"sub-menu\">\n\t<li id=\"menu-item-2774\" class=\"menu-item menu-item-type-post_type menu-item-object-page depth-1 to-right\"><a href=\"https:\/\/beauty-center.pl\/index.php\/kwas-polimlekowy\/\">kwas polimlekowy<\/a><\/li>\n\t<li id=\"menu-item-2782\" class=\"menu-item menu-item-type-post_type menu-item-object-page depth-1 to-right\"><a href=\"https:\/\/beauty-center.pl\/index.php\/tropokolagen\/\">tropokolagen<\/a><\/li>\n\t<li id=\"menu-item-2650\" class=\"menu-item menu-item-type-post_type menu-item-object-page depth-1 to-right\"><a href=\"https:\/\/beauty-center.pl\/index.php\/radisse\/\">radiesse<\/a><\/li>\n\t<li id=\"menu-item-2064\" class=\"menu-item menu-item-type-post_type menu-item-object-page depth-1 to-right\"><a href=\"https:\/\/beauty-center.pl\/index.php\/profhilo-molekula-mlodosci\/\">profhilo- moleku\u0142a m\u0142odo\u015bci<\/a><\/li>\n\t<li id=\"menu-item-2719\" class=\"menu-item menu-item-type-post_type menu-item-object-page depth-1 to-right\"><a href=\"https:\/\/beauty-center.pl\/index.php\/neauvia-stimulate\/\">Neauvia stimulate<\/a><\/li>\n\t<li id=\"menu-item-2662\" class=\"menu-item menu-item-type-post_type menu-item-object-page depth-1 to-right\"><a href=\"https:\/\/beauty-center.pl\/index.php\/neauvia-hydro-deluxe\/\">Neauvia Hydro Deluxe<\/a><\/li>\n\t<li id=\"menu-item-2676\" class=\"menu-item menu-item-type-post_type menu-item-object-page depth-1 to-right\"><a href=\"https:\/\/beauty-center.pl\/index.php\/neauvia\/\">neauvia Instense Flux<\/a><\/li>\n\t<li id=\"menu-item-2657\" class=\"menu-item menu-item-type-post_type menu-item-object-page depth-1 to-right\"><a href=\"https:\/\/beauty-center.pl\/index.php\/nithya\/\">nithya<\/a><\/li>\n\t<li id=\"menu-item-2274\" class=\"menu-item menu-item-type-post_type menu-item-object-page depth-1 to-right\"><a href=\"https:\/\/beauty-center.pl\/index.php\/nucleofill\/\">nucleofill<\/a><\/li>\n\t<li id=\"menu-item-2683\" class=\"menu-item menu-item-type-post_type menu-item-object-page depth-1 to-right\"><a href=\"https:\/\/beauty-center.pl\/index.php\/juvelook\/\">Juvelook<\/a><\/li>\n\t<li id=\"menu-item-2069\" class=\"menu-item menu-item-type-post_type menu-item-object-page depth-1 to-right\"><a href=\"https:\/\/beauty-center.pl\/index.php\/ellanse\/\">ellanse<\/a><\/li>\n\t<li id=\"menu-item-2080\" class=\"menu-item menu-item-type-post_type menu-item-object-page depth-1 to-right\"><a href=\"https:\/\/beauty-center.pl\/index.php\/sunekos-2\/\">sunekos<\/a><\/li>\n\t<li id=\"menu-item-2288\" class=\"menu-item menu-item-type-post_type menu-item-object-page depth-1 to-right\"><a href=\"https:\/\/beauty-center.pl\/index.php\/prostrolane\/\">prostolane<\/a><\/li>\n<\/ul>\n<\/li>\n<li id=\"menu-item-2293\" class=\"menu-item menu-item-type-post_type menu-item-object-page depth-0 to-right\"><a href=\"https:\/\/beauty-center.pl\/index.php\/laser-frakcyjny\/\">LASER FRAKCYJNY<\/a><\/li>\n<li id=\"menu-item-2797\" class=\"menu-item menu-item-type-post_type menu-item-object-page depth-0 to-right\"><a href=\"https:\/\/beauty-center.pl\/index.php\/laserowe-usuwanie-tatuazu\/\">LASEROWE USUWANIE TATUA\u017bU<\/a><\/li>\n<li id=\"menu-item-2356\" class=\"menu-item menu-item-type-post_type menu-item-object-page menu-item-has-children depth-0 to-right\"><a href=\"https:\/\/beauty-center.pl\/index.php\/mezoterapia-iglowa-2\/\">MEZOTERAPIA IG\u0141OWA<\/a>\n<ul class=\"sub-menu\">\n\t<li id=\"menu-item-2559\" class=\"menu-item menu-item-type-post_type menu-item-object-page depth-1 to-right\"><a href=\"https:\/\/beauty-center.pl\/index.php\/2556-2\/\">mezoterapia worki i cienie pod oczami<\/a><\/li>\n\t<li id=\"menu-item-2560\" class=\"menu-item menu-item-type-post_type menu-item-object-page depth-1 to-right\"><a href=\"https:\/\/beauty-center.pl\/index.php\/2553-2\/\">mezoterapia Koktajl witaminowy<\/a><\/li>\n\t<li id=\"menu-item-2379\" class=\"menu-item menu-item-type-post_type menu-item-object-page depth-1 to-right\"><a href=\"https:\/\/beauty-center.pl\/index.php\/mezoterapia-pod-oczy\/\">mezoterapia pod oczy<\/a><\/li>\n<\/ul>\n<\/li>\n<li id=\"menu-item-2539\" class=\"menu-item menu-item-type-post_type menu-item-object-page depth-0 to-right\"><a href=\"https:\/\/beauty-center.pl\/index.php\/kwasy-tca\/\">Peelingi chemiczne PRZEBARWIENIA<\/a><\/li>\n<li id=\"menu-item-2544\" class=\"menu-item menu-item-type-post_type menu-item-object-page depth-0 to-right\"><a href=\"https:\/\/beauty-center.pl\/index.php\/peelingi-chemiczne-tradzik\/\">Peelingi chemiczne TR\u0104DZIK<\/a><\/li>\n<\/ul><\/div><\/div><div class=\"auto-format ui--animation\"><\/div><\/div> \n\n <div   class=\"ui-column span8\"><div class=\"ui--title ui--animation ui--title-bordered text-center\"><div class=\"ui--title-holder\"><h3 class=\"ui--title-text\" style=\"color: #bd1e9d !important;\">NICI LIFTINGUJ\u0104CE PDO<\/h3><div style=\"border-color: #bd1e9d !important;\" class=\"ui--title-borders ui--title-border-left\"><\/div><div style=\"border-color: #bd1e9d !important;\" class=\"ui--title-borders ui--title-border-right\"><\/div><\/div><\/div><div class=\"ui--image-wrap clearfix text-center ui--block\" style=\"margin-bottom: 20px;\"><img loading=\"lazy\" decoding=\"async\" width=\"960\" height=\"540\" src=\"https:\/\/beauty-center.pl\/wp-content\/uploads\/2019\/10\/NICI-LIFTINGUJ\u0104CE-5.jpg\" class=\"ui--image ui--animation\" alt=\"\" id=\"ui--image-1\" srcset=\"https:\/\/beauty-center.pl\/wp-content\/uploads\/2019\/10\/NICI-LIFTINGUJ\u0104CE-5.jpg 960w, https:\/\/beauty-center.pl\/wp-content\/uploads\/2019\/10\/NICI-LIFTINGUJ\u0104CE-5-300x169.jpg 300w, https:\/\/beauty-center.pl\/wp-content\/uploads\/2019\/10\/NICI-LIFTINGUJ\u0104CE-5-768x432.jpg 768w\" sizes=\"auto, (max-width: 960px) 100vw, 960px\" \/><\/div><div class=\"auto-format ui--animation\"><p><strong>NICI LIFTINGUJ\u0104CE LIFT STRONG 4D<\/strong><br \/>\n[NOWO\u015a\u0106] Nici liftinguj\u0105ce Lift Strong 4D to najnowsza i najsilniejsza generacja nici haczykowych dost\u0119pnych na rynku. Nici posiadaj\u0105 haczyki powsta\u0142e drog\u0105 t\u0142oczenia &#8211; a nie jak wcze\u015bniej &#8211; nacinania. Dzi\u0119ki tej metodzie haczyki s\u0105 grubsze, g\u0119\u015bciej osadzone na nici, co znacznie zwi\u0119ksza si\u0142\u0119 uniesienia tkanki (si\u0142a ci\u0105gu nici to a\u017c 2,7 kg!). Silny efekt liftinguj\u0105cy pozwala na doskona\u0142e konturowanie twarzy i cia\u0142a.<\/p>\n<p>Nici liftinguj\u0105ce haczykowe Lift Strong 4D:<\/p>\n<p><strong>8 korzy\u015bci, kt\u00f3re przyniesie Ci zabieg:<\/strong><\/p>\n<p>\u25ba poprawa j\u0119drno\u015bci i g\u0119sto\u015bci sk\u00f3ry, wyra\u017ane uniesienie wiotkich, opadaj\u0105cych tkanek w obr\u0119bie policzk\u00f3w i podbr\u00f3dka<\/p>\n<p>\u25ba stopniowe wype\u0142nienie g\u0142\u0119bokich bruzd i zmarszczek poprzez stymulacj\u0119 syntezy kolagenu i elastyny<\/p>\n<p>\u25ba wyra\u017ana poprawa jako\u015bci, spr\u0119\u017cysto\u015bci i kolorytu sk\u00f3ry z natychmiastowym efektem odm\u0142odzenia<\/p>\n<p>\u25ba kr\u00f3tszy okres rekonwalescencji i zminimalizowany dyskomfort w okresie oko\u0142ozabiegowym<\/p>\n<p>\u25ba niesamowite rezultaty pod wzgl\u0119dem si\u0142y uniesienia tkanki (si\u0142a uci\u0105gu nici to a\u017c 2,7 kg)! <\/p>\n<p>\u25ba uj\u0119drnienie sk\u00f3ry na linii \u017cuchwy<\/p>\n<p>\u25ba pe\u0142en lifting twarzy, podbr\u00f3dka, szyi i dekoltu<\/p>\n<p>\u25ba podniesienie opadaj\u0105cych piersi i zwiotcza\u0142ej sk\u00f3ry brzucha<\/p>\n<p>Ni\u0107 liftinguj\u0105ca silnie stymuluje odbudow\u0119 w\u0142\u00f3kien kolagenowych i syntez\u0119 elastyny, dzi\u0119ki czemu uniesione podczas zabiegu medycyny estetycznej tkanki zyskuj\u0105 now\u0105 g\u0119sto\u015b\u0107 i j\u0119drno\u015b\u0107.<\/p>\n<p>Nici liftinguj\u0105ce haczykowe Lift Strong 4D to spektakularny lifting bez b\u00f3lu w zabiegach medycyny estetycznej.<\/p>\n<p><strong>Informacje dodatkowe<\/strong><br \/>\nJakie s\u0105 zalety zabiegu z u\u017cyciem nici liftinguj\u0105cych Lift Strong 4D?<\/p>\n<p>\u25ba natychmiastowy efekt liftingu utrzymuj\u0105cy si\u0119 nawet do 24 miesi\u0119cy<\/p>\n<p>\u25ba szybki i bezbolesny zabieg medycyny estetycznej<\/p>\n<p>\u25ba brak konieczno\u015bci szczeg\u00f3lnego przygotowywania si\u0119 do zabiegu<\/p>\n<p>\u25ba ca\u0142kowita wch\u0142anialno\u015b\u0107 przez organizm<\/p>\n<p>\u25ba mo\u017cliwo\u015b\u0107 powt\u00f3rzenia procedury<\/p>\n<p>\u25ba bezpiecze\u0144stwo zabiegu medycyny estetycznej<\/p>\n<p>\u25ba brak naci\u0119\u0107 i blizn<\/p>\n<p>\u25ba brak widoczno\u015bci i wyczuwalno\u015bci nici<\/p>\n<p><strong>Jakie s\u0105 wskazania do zabiegu z zastosowaniem nici Lift Strong 4D?<\/strong><\/p>\n<p>Nici liftinguj\u0105ce Lift Strong 4D polecane s\u0105 pacjentom ju\u017c od 30. roku \u017cycia. Wskazanie do zabiegu medycyny estetycznej stanowi utrata j\u0119drno\u015bci, napi\u0119cia i jako\u015bci sk\u00f3ry. <\/p>\n<p>Czym r\u00f3\u017cni\u0105 si\u0119 nici PDO Lift Strong 4D od nici bezhaczykowych?<\/p>\n<p>Po ogromnym sukcesie g\u0142adkich nici liftinguj\u0105cych First Lift Basic, pojawi\u0142a si\u0119 ich silniejsza ods\u0142ona &#8211; nici liftinguj\u0105ce PDO Lift Strong 4D z haczykami w czterech wymiarach! Dodatkowo ni\u0107 jest du\u017co grubsza od tradycyjnej nici PDO, co maksymalizuje efekt liftingu.<\/p>\n<p>Nici liftinguj\u0105ce PDO Lift Strong 4D zrewolucjonizowa\u0142y my\u015blenie o medycynie estetycznej, staj\u0105c si\u0119 bezapelacyjnie sprawdzon\u0105 i bezpieczn\u0105 metod\u0105 odm\u0142adzania twarzy i cia\u0142a. Korzy\u015bci z takich zabieg\u00f3w medycyny estetycznej s\u0105 d\u0142ugotrwa\u0142e, a efekty natychmiastowe.<\/p>\n<p>Jak wygl\u0105da zabieg medycyny estetycznej z u\u017cyciem nici PDO Lift Strong 4D?<\/p>\n<p>Technika implantacji jest szybka i bezpieczna. Nie wymaga nacinania sk\u00f3ry, poniewa\u017c nici liftinguj\u0105ce s\u0105 wprowadzane za pomoc\u0105 cienkiej kaniuli.<\/p>\n<p>Po zaimplantowaniu pod sk\u00f3r\u0119 haczyki otwieraj\u0105 si\u0119, unosz\u0105c opadaj\u0105ce tkanki i zapewniaj\u0105c tym samym efekt silnego liftingu. Ca\u0142y zabieg medycyny estetycznej trwa oko\u0142o godziny, a jedyne \u015blady, jakie pozostawia zabieg, to mo\u017cliwe lekkie zasinienia i obrz\u0119k, kt\u00f3re przewa\u017cnie utrzymuj\u0105 si\u0119 do 5-7 dni po zabiegu.<\/p>\n<p><strong>Jakie s\u0105 efekty dzia\u0142ania nici liftinguj\u0105cych Lift Strong 4D?<\/strong><\/p>\n<p>Tu\u017c po zabiegu medycyny estetycznej nast\u0119puje wyg\u0142adzenie zmarszczek i poprawa kontur\u00f3w twarzy, wynikaj\u0105ce z mechanicznego oddzia\u0142ywania wprowadzonej nici. Nici liftinguj\u0105ce wprowadzone pod sk\u00f3r\u0119 pracuj\u0105 jak mi\u0119\u015bnie napinaj\u0105ce, podtrzymuj\u0105c tkanki podsk\u00f3rne.<\/p>\n<p>W kolejnym etapie wykorzystywane s\u0105 biomedyczne w\u0142a\u015bciwo\u015bci polidioksanonu. Po oko\u0142o 14 dniach od zabiegu, ma miejsce proces neokolagenezy, czyli stymulacji produkcji nowego kolagenu \u2013 bia\u0142ka odpowiedzialnego za napi\u0119cie i j\u0119drno\u015b\u0107 sk\u00f3ry. Ponadto stymulacja fibroblast\u00f3w powoduje pobudzenie syntezy elastyny \u2013 bia\u0142ka odpowiedzialnego za spr\u0119\u017cysto\u015b\u0107 i elastyczno\u015b\u0107 sk\u00f3ry, dzi\u0119ki czemu sk\u00f3ra zyskuje nowe \u201erusztowanie\u201d. W badaniach in vivo stwierdzono r\u00f3wnie\u017c, \u017ce dzia\u0142anie polidioksanonu powoduje syntez\u0119 naturalnego kwasu hialuronowego.<\/p>\n<p>Dzi\u0119ki takiej synergii dzia\u0142ania uzyskiwane podczas zabiegu efekty estetyczne s\u0105 spektakularne i d\u0142ugotrwa\u0142e. Utrzymuj\u0105 si\u0119 \u015brednio oko\u0142o 24 miesi\u0119cy \u2013 po tym czasie nici rozpuszczaj\u0105 si\u0119 w tkankach. Dzi\u0119ki procesom neokolagenezy i pobudzeniu syntezy elastyny i kwasu hialuronowego, sk\u00f3ra poddana zabiegowi po rozpuszczeniu si\u0119 nici nie opada i nie wraca do poprzedniego stanu. Dla utrzymania pe\u0142nego efektu zalecane jest powtarzanie zabiegu co oko\u0142o 2 lata.<\/p>\n<p>Czy nici liftinguj\u0105ce haczykowe PDO Lift Strong 4D s\u0105 bezpieczne?<\/p>\n<p>Nici liftinguj\u0105ce Lift Strong 4D posiadaj\u0105 certyfikat bezpiecze\u0144stwa CE i mog\u0105 by\u0107 stosowane na terenie ca\u0142ej Unii Europejskiej. Dla osi\u0105gni\u0119cia optymalnych efekt\u00f3w, zaleca si\u0119 \u0142\u0105czenie zabieg\u00f3w ni\u0107mi liftinguj\u0105cymi Lift Strong 4D z innymi metodami odm\u0142adzania, np. wype\u0142niaczami z kwasem hialuronowym.<\/p>\n<p>Nici liftinguj\u0105ce i zabiegi wolumetryczne to dope\u0142niaj\u0105ce si\u0119 zabiegi medycyny estetycznej. Zdaniem wielu lekarzy specjalist\u00f3w zabiegi ni\u0107mi liftinguj\u0105cymi Lift Strong 4D to najlepsza alternatywa dla tradycyjnego liftingu chirurgicznego z uwagi na minimaln\u0105 inwazyjno\u015b\u0107 i brak skutk\u00f3w ubocznych oraz d\u0142ugotrwa\u0142e efekty estetyczne. Szeroka gama rozmiar\u00f3w nici i ich r\u00f3\u017cnorodno\u015b\u0107, a tak\u017ce wszechstronno\u015b\u0107 zastosowania daj\u0105 podstawy, by s\u0105dzi\u0107, i\u017c najbli\u017csze lata b\u0119d\u0105 zdominowane przez zabiegi wykonywane w oparciu o nici liftinguj\u0105ce PDO.<\/p>\n<p>Cennik<br \/>\n1 ni\u0107- 190 z\u0142<br \/>\nilo\u015b\u0107 nici potrzebna do opracowania danej okolicy: 4-12 nici<\/p>\n<\/div><\/div> \n\n<\/div> \n<\/div><\/div><\/div>","protected":false},"excerpt":{"rendered":"<p>KOSMETOLOGIA MEDYCZNABOTOKS- likwidowanie zmarszczek Blokowanie receptor\u00f3w g\u0142odu botoxem botoks- bruksizm botoks- nadpotliwo\u015bci Botoks Full Face LIP FLIP \u2013 usta botoks NICI LIFTINGUJ\u0104CE HACZYKOWE 4D NICI LIFTINGUJ\u0104CE PDO NICI LIFTINGUJ\u0104CE PLLA POWI\u0118KSZANIE UST I WYPE\u0141NIANIE ZMARSZCZEK WOLUMETRIA OSOCZE BOGATOP\u0141YTKOWE, CZYLI WAMPIRZY LIFTING STYMULATORY TKANKOWE kwas polimlekowy tropokolagen radiesse profhilo- moleku\u0142a m\u0142odo\u015bci Neauvia stimulate Neauvia Hydro Deluxe [&hellip;]<\/p>\n","protected":false},"author":2,"featured_media":0,"parent":0,"menu_order":0,"comment_status":"closed","ping_status":"closed","template":"","meta":{"footnotes":""},"class_list":["post-2100","page","type-page","status-publish","hentry"],"_links":{"self":[{"href":"https:\/\/beauty-center.pl\/index.php\/wp-json\/wp\/v2\/pages\/2100","targetHints":{"allow":["GET"]}}],"collection":[{"href":"https:\/\/beauty-center.pl\/index.php\/wp-json\/wp\/v2\/pages"}],"about":[{"href":"https:\/\/beauty-center.pl\/index.php\/wp-json\/wp\/v2\/types\/page"}],"author":[{"embeddable":true,"href":"https:\/\/beauty-center.pl\/index.php\/wp-json\/wp\/v2\/users\/2"}],"replies":[{"embeddable":true,"href":"https:\/\/beauty-center.pl\/index.php\/wp-json\/wp\/v2\/comments?post=2100"}],"version-history":[{"count":3,"href":"https:\/\/beauty-center.pl\/index.php\/wp-json\/wp\/v2\/pages\/2100\/revisions"}],"predecessor-version":[{"id":2232,"href":"https:\/\/beauty-center.pl\/index.php\/wp-json\/wp\/v2\/pages\/2100\/revisions\/2232"}],"wp:attachment":[{"href":"https:\/\/beauty-center.pl\/index.php\/wp-json\/wp\/v2\/media?parent=2100"}],"curies":[{"name":"wp","href":"https:\/\/api.w.org\/{rel}","templated":true}]}}