{"id":2270,"date":"2020-09-18T11:27:10","date_gmt":"2020-09-18T09:27:10","guid":{"rendered":"http:\/\/beauty-center.pl\/?page_id=2270"},"modified":"2020-09-18T11:33:30","modified_gmt":"2020-09-18T09:33:30","slug":"nucleofill","status":"publish","type":"page","link":"https:\/\/beauty-center.pl\/index.php\/nucleofill\/","title":{"rendered":"NUCLEOFILL"},"content":{"rendered":"<div  class=\"ui--tagline-box-wrapper ui--animation clearfix\"><div  id=\"tagline-1\" class=\"ui--tagline-box ui-row clearfix ui--tagline-box-custom-color radius-3px\" data-responsive=\"{&quot;css&quot;:{&quot;min-height&quot;:{&quot;phone&quot;:&quot;auto&quot;,&quot;tablet&quot;:&quot;auto&quot;,&quot;widescreen&quot;:&quot;&quot;}}}\"><div  class=\"ui--tagline-background-container ui--tagline-background-overlay radius-3px\"><\/div><div  class=\"ui--tagline-background-container ui--tagline-background-image radius-3px\"><\/div><div  class=\"ui--tagline-content\"><div class=\"ui-row row\">\n <div   class=\"ui-column span4\"><div id=\"nav_menu-10\" class=\"widget widget_nav_menu\"><h4 class=\"sidebar-widget-title ui--widget-title\"><span>KOSMETOLOGIA MEDYCZNA<\/span><\/h4><div class=\"menu-kosmetologia-medyczna-container\"><ul id=\"menu-kosmetologia-medyczna\" class=\"menu\"><li id=\"menu-item-1786\" class=\"menu-item menu-item-type-post_type menu-item-object-page menu-item-has-children depth-0 to-right\"><a href=\"https:\/\/beauty-center.pl\/index.php\/botox\/\">BOTOKS- likwidowanie zmarszczek<\/a>\n<ul class=\"sub-menu\">\n\t<li id=\"menu-item-2747\" class=\"menu-item menu-item-type-post_type menu-item-object-page depth-1 to-right\"><a href=\"https:\/\/beauty-center.pl\/index.php\/blokowanie-receptorow-glodu-botoxem\/\">Blokowanie receptor\u00f3w g\u0142odu botoxem<\/a><\/li>\n\t<li id=\"menu-item-2087\" class=\"menu-item menu-item-type-post_type menu-item-object-page depth-1 to-right\"><a href=\"https:\/\/beauty-center.pl\/index.php\/botox-leczenie-bruksizmu\/\">botoks-  bruksizm<\/a><\/li>\n\t<li id=\"menu-item-2092\" class=\"menu-item menu-item-type-post_type menu-item-object-page depth-1 to-right\"><a href=\"https:\/\/beauty-center.pl\/index.php\/botoks-leczenie-nadpotliwosci\/\">botoks- nadpotliwo\u015bci<\/a><\/li>\n\t<li id=\"menu-item-2946\" class=\"menu-item menu-item-type-post_type menu-item-object-page depth-1 to-right\"><a href=\"https:\/\/beauty-center.pl\/index.php\/botoks-full-face-2\/\">Botoks Full Face<\/a><\/li>\n<\/ul>\n<\/li>\n<li id=\"menu-item-2642\" class=\"menu-item menu-item-type-post_type menu-item-object-page depth-0 to-right\"><a href=\"https:\/\/beauty-center.pl\/index.php\/lip-flip-usta-botoks\/\">LIP FLIP \u2013 usta botoks<\/a><\/li>\n<li id=\"menu-item-2233\" class=\"menu-item menu-item-type-post_type menu-item-object-page depth-0 to-right\"><a href=\"https:\/\/beauty-center.pl\/index.php\/nici-liftingujace-haczykowe-4d\/\">NICI LIFTINGUJ\u0104CE HACZYKOWE 4D<\/a><\/li>\n<li id=\"menu-item-1728\" class=\"menu-item menu-item-type-post_type menu-item-object-page depth-0 to-right\"><a href=\"https:\/\/beauty-center.pl\/index.php\/nici-liftingujace-pdo\/\">NICI LIFTINGUJ\u0104CE PDO<\/a><\/li>\n<li id=\"menu-item-2637\" class=\"menu-item menu-item-type-post_type menu-item-object-page depth-0 to-right\"><a href=\"https:\/\/beauty-center.pl\/index.php\/nici-liftingujace-plla\/\">NICI LIFTINGUJ\u0104CE PLLA<\/a><\/li>\n<li id=\"menu-item-1729\" class=\"menu-item menu-item-type-post_type menu-item-object-page depth-0 to-right\"><a href=\"https:\/\/beauty-center.pl\/index.php\/powiekszanie-ust-i-wypelnianie-zmarszczeck\/\">POWI\u0118KSZANIE UST I WYPE\u0141NIANIE ZMARSZCZEK<\/a><\/li>\n<li id=\"menu-item-1733\" class=\"menu-item menu-item-type-post_type menu-item-object-page depth-0 to-right\"><a href=\"https:\/\/beauty-center.pl\/index.php\/wolumetria\/\">WOLUMETRIA<\/a><\/li>\n<li id=\"menu-item-1923\" class=\"menu-item menu-item-type-post_type menu-item-object-page depth-0 to-right\"><a href=\"https:\/\/beauty-center.pl\/index.php\/osocze-bogatoplytkowe-czyli-wampirzy-lifting\/\">OSOCZE BOGATOP\u0141YTKOWE, CZYLI WAMPIRZY LIFTING<\/a><\/li>\n<li id=\"menu-item-2564\" class=\"menu-item menu-item-type-post_type menu-item-object-page menu-item-has-children depth-0 to-right\"><a href=\"https:\/\/beauty-center.pl\/index.php\/stymulatory-tkankowe\/\">STYMULATORY TKANKOWE<\/a>\n<ul class=\"sub-menu\">\n\t<li id=\"menu-item-2774\" class=\"menu-item menu-item-type-post_type menu-item-object-page depth-1 to-right\"><a href=\"https:\/\/beauty-center.pl\/index.php\/kwas-polimlekowy\/\">kwas polimlekowy<\/a><\/li>\n\t<li id=\"menu-item-2782\" class=\"menu-item menu-item-type-post_type menu-item-object-page depth-1 to-right\"><a href=\"https:\/\/beauty-center.pl\/index.php\/tropokolagen\/\">tropokolagen<\/a><\/li>\n\t<li id=\"menu-item-2650\" class=\"menu-item menu-item-type-post_type menu-item-object-page depth-1 to-right\"><a href=\"https:\/\/beauty-center.pl\/index.php\/radisse\/\">radiesse<\/a><\/li>\n\t<li id=\"menu-item-2064\" class=\"menu-item menu-item-type-post_type menu-item-object-page depth-1 to-right\"><a href=\"https:\/\/beauty-center.pl\/index.php\/profhilo-molekula-mlodosci\/\">profhilo- moleku\u0142a m\u0142odo\u015bci<\/a><\/li>\n\t<li id=\"menu-item-2719\" class=\"menu-item menu-item-type-post_type menu-item-object-page depth-1 to-right\"><a href=\"https:\/\/beauty-center.pl\/index.php\/neauvia-stimulate\/\">Neauvia stimulate<\/a><\/li>\n\t<li id=\"menu-item-2662\" class=\"menu-item menu-item-type-post_type menu-item-object-page depth-1 to-right\"><a href=\"https:\/\/beauty-center.pl\/index.php\/neauvia-hydro-deluxe\/\">Neauvia Hydro Deluxe<\/a><\/li>\n\t<li id=\"menu-item-2676\" class=\"menu-item menu-item-type-post_type menu-item-object-page depth-1 to-right\"><a href=\"https:\/\/beauty-center.pl\/index.php\/neauvia\/\">neauvia Instense Flux<\/a><\/li>\n\t<li id=\"menu-item-2657\" class=\"menu-item menu-item-type-post_type menu-item-object-page depth-1 to-right\"><a href=\"https:\/\/beauty-center.pl\/index.php\/nithya\/\">nithya<\/a><\/li>\n\t<li id=\"menu-item-2274\" class=\"menu-item menu-item-type-post_type menu-item-object-page depth-1 to-right\"><a href=\"https:\/\/beauty-center.pl\/index.php\/nucleofill\/\">nucleofill<\/a><\/li>\n\t<li id=\"menu-item-2683\" class=\"menu-item menu-item-type-post_type menu-item-object-page depth-1 to-right\"><a href=\"https:\/\/beauty-center.pl\/index.php\/juvelook\/\">Juvelook<\/a><\/li>\n\t<li id=\"menu-item-2069\" class=\"menu-item menu-item-type-post_type menu-item-object-page depth-1 to-right\"><a href=\"https:\/\/beauty-center.pl\/index.php\/ellanse\/\">ellanse<\/a><\/li>\n\t<li id=\"menu-item-2080\" class=\"menu-item menu-item-type-post_type menu-item-object-page depth-1 to-right\"><a href=\"https:\/\/beauty-center.pl\/index.php\/sunekos-2\/\">sunekos<\/a><\/li>\n\t<li id=\"menu-item-2288\" class=\"menu-item menu-item-type-post_type menu-item-object-page depth-1 to-right\"><a href=\"https:\/\/beauty-center.pl\/index.php\/prostrolane\/\">prostolane<\/a><\/li>\n<\/ul>\n<\/li>\n<li id=\"menu-item-2293\" class=\"menu-item menu-item-type-post_type menu-item-object-page depth-0 to-right\"><a href=\"https:\/\/beauty-center.pl\/index.php\/laser-frakcyjny\/\">LASER FRAKCYJNY<\/a><\/li>\n<li id=\"menu-item-2797\" class=\"menu-item menu-item-type-post_type menu-item-object-page depth-0 to-right\"><a href=\"https:\/\/beauty-center.pl\/index.php\/laserowe-usuwanie-tatuazu\/\">LASEROWE USUWANIE TATUA\u017bU<\/a><\/li>\n<li id=\"menu-item-2356\" class=\"menu-item menu-item-type-post_type menu-item-object-page menu-item-has-children depth-0 to-right\"><a href=\"https:\/\/beauty-center.pl\/index.php\/mezoterapia-iglowa-2\/\">MEZOTERAPIA IG\u0141OWA<\/a>\n<ul class=\"sub-menu\">\n\t<li id=\"menu-item-2559\" class=\"menu-item menu-item-type-post_type menu-item-object-page depth-1 to-right\"><a href=\"https:\/\/beauty-center.pl\/index.php\/2556-2\/\">mezoterapia worki i cienie pod oczami<\/a><\/li>\n\t<li id=\"menu-item-2560\" class=\"menu-item menu-item-type-post_type menu-item-object-page depth-1 to-right\"><a href=\"https:\/\/beauty-center.pl\/index.php\/2553-2\/\">mezoterapia Koktajl witaminowy<\/a><\/li>\n\t<li id=\"menu-item-2379\" class=\"menu-item menu-item-type-post_type menu-item-object-page depth-1 to-right\"><a href=\"https:\/\/beauty-center.pl\/index.php\/mezoterapia-pod-oczy\/\">mezoterapia pod oczy<\/a><\/li>\n<\/ul>\n<\/li>\n<li id=\"menu-item-2539\" class=\"menu-item menu-item-type-post_type menu-item-object-page depth-0 to-right\"><a href=\"https:\/\/beauty-center.pl\/index.php\/kwasy-tca\/\">Peelingi chemiczne PRZEBARWIENIA<\/a><\/li>\n<li id=\"menu-item-2544\" class=\"menu-item menu-item-type-post_type menu-item-object-page depth-0 to-right\"><a href=\"https:\/\/beauty-center.pl\/index.php\/peelingi-chemiczne-tradzik\/\">Peelingi chemiczne TR\u0104DZIK<\/a><\/li>\n<\/ul><\/div><\/div><div class=\"auto-format ui--animation\"><\/div><\/div> \n\n <div   class=\"ui-column span8\"><div class=\"ui--title ui--animation ui--title-bordered text-center\"><div class=\"ui--title-holder\"><h3 class=\"ui--title-text\" style=\"color: #bd1e9d !important;\">NUCLEOFILL<\/h3><div style=\"border-color: #bd1e9d !important;\" class=\"ui--title-borders ui--title-border-left\"><\/div><div style=\"border-color: #bd1e9d !important;\" class=\"ui--title-borders ui--title-border-right\"><\/div><\/div><\/div><div class=\"ui--image-wrap clearfix text-center ui--block\" style=\"margin-bottom: 20px;\"><img loading=\"lazy\" decoding=\"async\" width=\"2230\" height=\"1860\" src=\"https:\/\/beauty-center.pl\/wp-content\/uploads\/2020\/09\/nucleofill-beauty-center.jpg\" class=\"ui--image ui--animation\" alt=\"\" id=\"ui--image-1\" srcset=\"https:\/\/beauty-center.pl\/wp-content\/uploads\/2020\/09\/nucleofill-beauty-center.jpg 2230w, https:\/\/beauty-center.pl\/wp-content\/uploads\/2020\/09\/nucleofill-beauty-center-300x250.jpg 300w, https:\/\/beauty-center.pl\/wp-content\/uploads\/2020\/09\/nucleofill-beauty-center-768x641.jpg 768w, https:\/\/beauty-center.pl\/wp-content\/uploads\/2020\/09\/nucleofill-beauty-center-1024x854.jpg 1024w\" sizes=\"auto, (max-width: 2230px) 100vw, 2230px\" \/><\/div><div class=\"auto-format ui--animation\"><p><strong>CZYM JEST NUCLEOFILL?<\/strong><br \/>\nNucleofill to preparat do g\u0142\u0119bokiej odnowy i przebudowy sk\u00f3ry. Jest to innowacyjny zabieg, kt\u00f3ry dzia\u0142a na trzech poziomach:<br \/>\n\u2022\tliftingu<br \/>\n\u2022\tantyoksydacji<br \/>\n\u2022\tnawil\u017cenia <\/p>\n<p><strong>JAK DZIA\u0141A NUCLEOFILL?<\/strong><br \/>\nNucleofill jest to naukowo potwierdzona metoda biostymulacji sk\u00f3ry, kt\u00f3ra zawiera polinukleotydy pobudzaj\u0105ce sk\u00f3r\u0119 do odbudowy. Potr\u00f3jne dzia\u0142anie na poziomie kom\u00f3rkowym daje efekt wyra\u017anego i d\u0142ugotrwa\u0142ego odm\u0142odzenia.<br \/>\nPo pierwsze \u2013 stymulowanie procesu wytwarzania kolagenu typu I i elastyny, co powoduje zag\u0119szczenie sk\u00f3ry i jej lifting.<br \/>\nDrugim mechanizmem jest dzia\u0142anie antyoksydacyjne.<br \/>\nKolejny mechanizm to wi\u0105zanie wody przez polinukleotydy, co zapewnia d\u0142ugotrwa\u0142e izoosmotyczne nawodnienie sk\u00f3ry, dzi\u0119ki czemu czemu sk\u00f3ra zyskuje j\u0119drno\u015b\u0107 i nawil\u017cenie.<br \/>\nZabieg powoduje wprowadzenie sk\u00f3ry w proces biostymulacji, dzi\u0119ki czemu zacznie si\u0119 ona regenerowa\u0107, ulegnie zag\u0119szczeniu i uj\u0119drnieniu, a dzia\u0142anie antoksydacyjne i nawil\u017caj\u0105ce spowoduje wyra\u017ane odm\u0142odzenie. W konsekwencji sk\u00f3ra stanie si\u0119 promienna i zaczn\u0105 zanika\u0107 objawy stresu oksydacyjnego. Ponadto poprawi si\u0119 koloryt sk\u00f3ry, a drobne zmarszczki ulegn\u0105 wyp\u0142yceniu.<\/p>\n<p><strong>JAKIE S\u0104 WSKAZANIA DO ZABIEGU NUCLEOFILL?<\/strong><br \/>\n\u2022\tpoprawa elastyczno\u015bci i rewitalizacja sk\u00f3ry<br \/>\n\u2022\tredukcja wiotko\u015bci sk\u00f3ry (terapia elastozy), lifting<br \/>\n\u2022\tterapia fotostarzenia i fotouszkodze\u0144<br \/>\n\u2022\tregeneracja sk\u00f3ry i tkanki \u0142\u0105cznej<br \/>\n\u2022\tterapia sucho\u015bci sk\u00f3ry<br \/>\n\u2022\tprofilaktyka przeciwstarzeniowa<br \/>\nZabieg mo\u017cna wykona\u0107 niezale\u017cnie od wieku i rodzaju sk\u00f3ry.<\/p>\n<p><strong>JAK WYGL\u0104DA ZABIEG NUCLEOFILL?<\/strong><br \/>\nZabieg nie jest bolesny, mo\u017cna odczuwa\u0107 delikatne mrowienie. Procedura jest praktycznie nieinwazyjna, dzi\u0119ki czemu nie wymaga d\u0142ugiego okresu rekonwalescencji.<\/p>\n<p><strong>JAK WYGL\u0104DA PROTOK\u00d3\u0141 ZABIEGOWY NUCLEOFILL?<\/strong><br \/>\nW celu uzyskania najlepszych efekt\u00f3w, Nucleofill wykonuje si\u0119 w serii 4 zabieg\u00f3w co 2-4 tygodnie.<br \/>\nWarto zaznaczy\u0107, i\u017c w naszych klinikach opracowali\u015bmy z\u0142o\u017cone schematy i protoko\u0142y zabiegowe, kt\u00f3re \u0142\u0105czymy z wieloma innymi terapiami w zale\u017cno\u015bci od stanu sk\u00f3ry, wieku, problemu klinicznego i potrzeb indywidualnego pacjenta.<br \/>\nJAK WYGL\u0104DA TERAPIA PODTRZYMUJ\u0104CA NUCLEOFILL?<br \/>\n1 zabieg co 4-6 miesi\u0119cy.<br \/>\nJAKICH OBJAW\u00d3W TOWARZYSZ\u0104CYCH MO\u017bNA SI\u0118 SPODZIEWA\u0106?<br \/>\nPrzez 2-3 dni w obszarze zabiegowym mo\u017ce wyst\u0105pi\u0107 zaczerwienienie, sw\u0119dzenie, delikatny obrz\u0119k i tkliwo\u015b\u0107. Produkt jest ca\u0142kowicie naturalny i bezpieczny. Nie zawiera substancji o potencjale uczulaj\u0105cym.<\/p>\n<p><strong>PRZECIWWSKAZANIA<\/strong><br \/>\n\u2022\tci\u0105\u017ca<br \/>\n\u2022\tchoroby autoimmunologiczne<br \/>\n\u2022\tschorzenia og\u00f3lnoustrojowe niewyr\u00f3wnane<br \/>\n\u2022\tchoroba nowotworowa<\/p>\n<p><strong>CENA 600 Z\u0141.<\/strong><\/p>\n<\/div><div class=\"ui--image-wrap clearfix text-center ui--block\" style=\"margin-bottom: 20px;\"><img loading=\"lazy\" decoding=\"async\" width=\"1392\" height=\"653\" src=\"https:\/\/beauty-center.pl\/wp-content\/uploads\/2020\/09\/nucleofill-1-5.JPG\" class=\"ui--image ui--animation\" alt=\"\" id=\"ui--image-2\" srcset=\"https:\/\/beauty-center.pl\/wp-content\/uploads\/2020\/09\/nucleofill-1-5.JPG 1392w, https:\/\/beauty-center.pl\/wp-content\/uploads\/2020\/09\/nucleofill-1-5-300x141.jpg 300w, https:\/\/beauty-center.pl\/wp-content\/uploads\/2020\/09\/nucleofill-1-5-768x360.jpg 768w, https:\/\/beauty-center.pl\/wp-content\/uploads\/2020\/09\/nucleofill-1-5-1024x480.jpg 1024w\" sizes=\"auto, (max-width: 1392px) 100vw, 1392px\" \/><\/div><\/div> \n\n<\/div> \n<\/div><\/div><\/div>","protected":false},"excerpt":{"rendered":"<p>KOSMETOLOGIA MEDYCZNABOTOKS- likwidowanie zmarszczek Blokowanie receptor\u00f3w g\u0142odu botoxem botoks- bruksizm botoks- nadpotliwo\u015bci Botoks Full Face LIP FLIP \u2013 usta botoks NICI LIFTINGUJ\u0104CE HACZYKOWE 4D NICI LIFTINGUJ\u0104CE PDO NICI LIFTINGUJ\u0104CE PLLA POWI\u0118KSZANIE UST I WYPE\u0141NIANIE ZMARSZCZEK WOLUMETRIA OSOCZE BOGATOP\u0141YTKOWE, CZYLI WAMPIRZY LIFTING STYMULATORY TKANKOWE kwas polimlekowy tropokolagen radiesse profhilo- moleku\u0142a m\u0142odo\u015bci Neauvia stimulate Neauvia Hydro Deluxe [&hellip;]<\/p>\n","protected":false},"author":2,"featured_media":0,"parent":0,"menu_order":0,"comment_status":"closed","ping_status":"closed","template":"","meta":{"footnotes":""},"class_list":["post-2270","page","type-page","status-publish","hentry"],"_links":{"self":[{"href":"https:\/\/beauty-center.pl\/index.php\/wp-json\/wp\/v2\/pages\/2270","targetHints":{"allow":["GET"]}}],"collection":[{"href":"https:\/\/beauty-center.pl\/index.php\/wp-json\/wp\/v2\/pages"}],"about":[{"href":"https:\/\/beauty-center.pl\/index.php\/wp-json\/wp\/v2\/types\/page"}],"author":[{"embeddable":true,"href":"https:\/\/beauty-center.pl\/index.php\/wp-json\/wp\/v2\/users\/2"}],"replies":[{"embeddable":true,"href":"https:\/\/beauty-center.pl\/index.php\/wp-json\/wp\/v2\/comments?post=2270"}],"version-history":[{"count":2,"href":"https:\/\/beauty-center.pl\/index.php\/wp-json\/wp\/v2\/pages\/2270\/revisions"}],"predecessor-version":[{"id":2273,"href":"https:\/\/beauty-center.pl\/index.php\/wp-json\/wp\/v2\/pages\/2270\/revisions\/2273"}],"wp:attachment":[{"href":"https:\/\/beauty-center.pl\/index.php\/wp-json\/wp\/v2\/media?parent=2270"}],"curies":[{"name":"wp","href":"https:\/\/api.w.org\/{rel}","templated":true}]}}