{"id":2289,"date":"2020-09-18T12:52:33","date_gmt":"2020-09-18T10:52:33","guid":{"rendered":"http:\/\/beauty-center.pl\/?page_id=2289"},"modified":"2020-09-18T12:52:33","modified_gmt":"2020-09-18T10:52:33","slug":"laser-frakcyjny","status":"publish","type":"page","link":"https:\/\/beauty-center.pl\/index.php\/laser-frakcyjny\/","title":{"rendered":"LASER FRAKCYJNY"},"content":{"rendered":"<div  class=\"ui--tagline-box-wrapper ui--animation clearfix\"><div  id=\"tagline-1\" class=\"ui--tagline-box ui-row clearfix ui--tagline-box-custom-color radius-3px\" data-responsive=\"{&quot;css&quot;:{&quot;min-height&quot;:{&quot;phone&quot;:&quot;auto&quot;,&quot;tablet&quot;:&quot;auto&quot;,&quot;widescreen&quot;:&quot;&quot;}}}\"><div  class=\"ui--tagline-background-container ui--tagline-background-overlay radius-3px\"><\/div><div  class=\"ui--tagline-background-container ui--tagline-background-image radius-3px\"><\/div><div  class=\"ui--tagline-content\"><div class=\"ui-row row\">\n <div   class=\"ui-column span4\"><div id=\"nav_menu-10\" class=\"widget widget_nav_menu\"><h4 class=\"sidebar-widget-title ui--widget-title\"><span>KOSMETOLOGIA MEDYCZNA<\/span><\/h4><div class=\"menu-kosmetologia-medyczna-container\"><ul id=\"menu-kosmetologia-medyczna\" class=\"menu\"><li id=\"menu-item-1786\" class=\"menu-item menu-item-type-post_type menu-item-object-page menu-item-has-children depth-0 to-right\"><a href=\"https:\/\/beauty-center.pl\/index.php\/botox\/\">BOTOKS- likwidowanie zmarszczek<\/a>\n<ul class=\"sub-menu\">\n\t<li id=\"menu-item-2747\" class=\"menu-item menu-item-type-post_type menu-item-object-page depth-1 to-right\"><a href=\"https:\/\/beauty-center.pl\/index.php\/blokowanie-receptorow-glodu-botoxem\/\">Blokowanie receptor\u00f3w g\u0142odu botoxem<\/a><\/li>\n\t<li id=\"menu-item-2087\" class=\"menu-item menu-item-type-post_type menu-item-object-page depth-1 to-right\"><a href=\"https:\/\/beauty-center.pl\/index.php\/botox-leczenie-bruksizmu\/\">botoks-  bruksizm<\/a><\/li>\n\t<li id=\"menu-item-2092\" class=\"menu-item menu-item-type-post_type menu-item-object-page depth-1 to-right\"><a href=\"https:\/\/beauty-center.pl\/index.php\/botoks-leczenie-nadpotliwosci\/\">botoks- nadpotliwo\u015bci<\/a><\/li>\n\t<li id=\"menu-item-2946\" class=\"menu-item menu-item-type-post_type menu-item-object-page depth-1 to-right\"><a href=\"https:\/\/beauty-center.pl\/index.php\/botoks-full-face-2\/\">Botoks Full Face<\/a><\/li>\n<\/ul>\n<\/li>\n<li id=\"menu-item-2642\" class=\"menu-item menu-item-type-post_type menu-item-object-page depth-0 to-right\"><a href=\"https:\/\/beauty-center.pl\/index.php\/lip-flip-usta-botoks\/\">LIP FLIP \u2013 usta botoks<\/a><\/li>\n<li id=\"menu-item-2233\" class=\"menu-item menu-item-type-post_type menu-item-object-page depth-0 to-right\"><a href=\"https:\/\/beauty-center.pl\/index.php\/nici-liftingujace-haczykowe-4d\/\">NICI LIFTINGUJ\u0104CE HACZYKOWE 4D<\/a><\/li>\n<li id=\"menu-item-1728\" class=\"menu-item menu-item-type-post_type menu-item-object-page depth-0 to-right\"><a href=\"https:\/\/beauty-center.pl\/index.php\/nici-liftingujace-pdo\/\">NICI LIFTINGUJ\u0104CE PDO<\/a><\/li>\n<li id=\"menu-item-2637\" class=\"menu-item menu-item-type-post_type menu-item-object-page depth-0 to-right\"><a href=\"https:\/\/beauty-center.pl\/index.php\/nici-liftingujace-plla\/\">NICI LIFTINGUJ\u0104CE PLLA<\/a><\/li>\n<li id=\"menu-item-1729\" class=\"menu-item menu-item-type-post_type menu-item-object-page depth-0 to-right\"><a href=\"https:\/\/beauty-center.pl\/index.php\/powiekszanie-ust-i-wypelnianie-zmarszczeck\/\">POWI\u0118KSZANIE UST I WYPE\u0141NIANIE ZMARSZCZEK<\/a><\/li>\n<li id=\"menu-item-1733\" class=\"menu-item menu-item-type-post_type menu-item-object-page depth-0 to-right\"><a href=\"https:\/\/beauty-center.pl\/index.php\/wolumetria\/\">WOLUMETRIA<\/a><\/li>\n<li id=\"menu-item-1923\" class=\"menu-item menu-item-type-post_type menu-item-object-page depth-0 to-right\"><a href=\"https:\/\/beauty-center.pl\/index.php\/osocze-bogatoplytkowe-czyli-wampirzy-lifting\/\">OSOCZE BOGATOP\u0141YTKOWE, CZYLI WAMPIRZY LIFTING<\/a><\/li>\n<li id=\"menu-item-2564\" class=\"menu-item menu-item-type-post_type menu-item-object-page menu-item-has-children depth-0 to-right\"><a href=\"https:\/\/beauty-center.pl\/index.php\/stymulatory-tkankowe\/\">STYMULATORY TKANKOWE<\/a>\n<ul class=\"sub-menu\">\n\t<li id=\"menu-item-2774\" class=\"menu-item menu-item-type-post_type menu-item-object-page depth-1 to-right\"><a href=\"https:\/\/beauty-center.pl\/index.php\/kwas-polimlekowy\/\">kwas polimlekowy<\/a><\/li>\n\t<li id=\"menu-item-2782\" class=\"menu-item menu-item-type-post_type menu-item-object-page depth-1 to-right\"><a href=\"https:\/\/beauty-center.pl\/index.php\/tropokolagen\/\">tropokolagen<\/a><\/li>\n\t<li id=\"menu-item-2650\" class=\"menu-item menu-item-type-post_type menu-item-object-page depth-1 to-right\"><a href=\"https:\/\/beauty-center.pl\/index.php\/radisse\/\">radiesse<\/a><\/li>\n\t<li id=\"menu-item-2064\" class=\"menu-item menu-item-type-post_type menu-item-object-page depth-1 to-right\"><a href=\"https:\/\/beauty-center.pl\/index.php\/profhilo-molekula-mlodosci\/\">profhilo- moleku\u0142a m\u0142odo\u015bci<\/a><\/li>\n\t<li id=\"menu-item-2719\" class=\"menu-item menu-item-type-post_type menu-item-object-page depth-1 to-right\"><a href=\"https:\/\/beauty-center.pl\/index.php\/neauvia-stimulate\/\">Neauvia stimulate<\/a><\/li>\n\t<li id=\"menu-item-2662\" class=\"menu-item menu-item-type-post_type menu-item-object-page depth-1 to-right\"><a href=\"https:\/\/beauty-center.pl\/index.php\/neauvia-hydro-deluxe\/\">Neauvia Hydro Deluxe<\/a><\/li>\n\t<li id=\"menu-item-2676\" class=\"menu-item menu-item-type-post_type menu-item-object-page depth-1 to-right\"><a href=\"https:\/\/beauty-center.pl\/index.php\/neauvia\/\">neauvia Instense Flux<\/a><\/li>\n\t<li id=\"menu-item-2657\" class=\"menu-item menu-item-type-post_type menu-item-object-page depth-1 to-right\"><a href=\"https:\/\/beauty-center.pl\/index.php\/nithya\/\">nithya<\/a><\/li>\n\t<li id=\"menu-item-2274\" class=\"menu-item menu-item-type-post_type menu-item-object-page depth-1 to-right\"><a href=\"https:\/\/beauty-center.pl\/index.php\/nucleofill\/\">nucleofill<\/a><\/li>\n\t<li id=\"menu-item-2683\" class=\"menu-item menu-item-type-post_type menu-item-object-page depth-1 to-right\"><a href=\"https:\/\/beauty-center.pl\/index.php\/juvelook\/\">Juvelook<\/a><\/li>\n\t<li id=\"menu-item-2069\" class=\"menu-item menu-item-type-post_type menu-item-object-page depth-1 to-right\"><a href=\"https:\/\/beauty-center.pl\/index.php\/ellanse\/\">ellanse<\/a><\/li>\n\t<li id=\"menu-item-2080\" class=\"menu-item menu-item-type-post_type menu-item-object-page depth-1 to-right\"><a href=\"https:\/\/beauty-center.pl\/index.php\/sunekos-2\/\">sunekos<\/a><\/li>\n\t<li id=\"menu-item-2288\" class=\"menu-item menu-item-type-post_type menu-item-object-page depth-1 to-right\"><a href=\"https:\/\/beauty-center.pl\/index.php\/prostrolane\/\">prostolane<\/a><\/li>\n<\/ul>\n<\/li>\n<li id=\"menu-item-2293\" class=\"menu-item menu-item-type-post_type menu-item-object-page depth-0 to-right\"><a href=\"https:\/\/beauty-center.pl\/index.php\/laser-frakcyjny\/\">LASER FRAKCYJNY<\/a><\/li>\n<li id=\"menu-item-2797\" class=\"menu-item menu-item-type-post_type menu-item-object-page depth-0 to-right\"><a href=\"https:\/\/beauty-center.pl\/index.php\/laserowe-usuwanie-tatuazu\/\">LASEROWE USUWANIE TATUA\u017bU<\/a><\/li>\n<li id=\"menu-item-2356\" class=\"menu-item menu-item-type-post_type menu-item-object-page menu-item-has-children depth-0 to-right\"><a href=\"https:\/\/beauty-center.pl\/index.php\/mezoterapia-iglowa-2\/\">MEZOTERAPIA IG\u0141OWA<\/a>\n<ul class=\"sub-menu\">\n\t<li id=\"menu-item-2559\" class=\"menu-item menu-item-type-post_type menu-item-object-page depth-1 to-right\"><a href=\"https:\/\/beauty-center.pl\/index.php\/2556-2\/\">mezoterapia worki i cienie pod oczami<\/a><\/li>\n\t<li id=\"menu-item-2560\" class=\"menu-item menu-item-type-post_type menu-item-object-page depth-1 to-right\"><a href=\"https:\/\/beauty-center.pl\/index.php\/2553-2\/\">mezoterapia Koktajl witaminowy<\/a><\/li>\n\t<li id=\"menu-item-2379\" class=\"menu-item menu-item-type-post_type menu-item-object-page depth-1 to-right\"><a href=\"https:\/\/beauty-center.pl\/index.php\/mezoterapia-pod-oczy\/\">mezoterapia pod oczy<\/a><\/li>\n<\/ul>\n<\/li>\n<li id=\"menu-item-2539\" class=\"menu-item menu-item-type-post_type menu-item-object-page depth-0 to-right\"><a href=\"https:\/\/beauty-center.pl\/index.php\/kwasy-tca\/\">Peelingi chemiczne PRZEBARWIENIA<\/a><\/li>\n<li id=\"menu-item-2544\" class=\"menu-item menu-item-type-post_type menu-item-object-page depth-0 to-right\"><a href=\"https:\/\/beauty-center.pl\/index.php\/peelingi-chemiczne-tradzik\/\">Peelingi chemiczne TR\u0104DZIK<\/a><\/li>\n<\/ul><\/div><\/div><div class=\"auto-format ui--animation\"><\/div><\/div> \n\n <div   class=\"ui-column span8\"><div class=\"ui--title ui--animation ui--title-bordered text-center\"><div class=\"ui--title-holder\"><h3 class=\"ui--title-text\" style=\"color: #bd1e9d !important;\">LASER FRAKCYJNY<\/h3><div style=\"border-color: #bd1e9d !important;\" class=\"ui--title-borders ui--title-border-left\"><\/div><div style=\"border-color: #bd1e9d !important;\" class=\"ui--title-borders ui--title-border-right\"><\/div><\/div><\/div><div class=\"ui--image-wrap clearfix text-center ui--block\" style=\"margin-bottom: 20px;\"><img loading=\"lazy\" decoding=\"async\" width=\"510\" height=\"340\" src=\"https:\/\/beauty-center.pl\/wp-content\/uploads\/2020\/09\/LASER-FRAKCYJNY-BEAUTY.jpg\" class=\"ui--image ui--animation\" alt=\"\" id=\"ui--image-1\" srcset=\"https:\/\/beauty-center.pl\/wp-content\/uploads\/2020\/09\/LASER-FRAKCYJNY-BEAUTY.jpg 510w, https:\/\/beauty-center.pl\/wp-content\/uploads\/2020\/09\/LASER-FRAKCYJNY-BEAUTY-300x200.jpg 300w\" sizes=\"auto, (max-width: 510px) 100vw, 510px\" \/><\/div><div class=\"auto-format ui--animation\"><p><strong>Laser frakcyjny Fraxel<\/strong> jest najnowszym osi\u0105gni\u0119ciem techniki laserowej stosowanej w celu intensywnej regeneracji sk\u00f3ry. Wszyscy lubimy, aby efekty by\u0142y szybkie i zauwa\u017calne &#8211; zabieg\u00f3w wykonanych laserem frakcyjnym na pewno nie b\u0119dziesz \u017ca\u0142owa\u0107. Wystarczy jeden zabieg, aby przekona\u0107 si\u0119 o rewolucyjnym dzia\u0142aniu lasera. Technologia frakcyjna charakteryzuje si\u0119 wyj\u0105tkow\u0105 efektywno\u015bci\u0105 i bezpiecze\u0144stwem zabiegu.<br \/>\nEfektem dzia\u0142ania jest lifting, odm\u0142odzenie sk\u00f3ry,  wyg\u0142adzenie zmarszczek, likwidacja blizn, rozst\u0119p\u00f3w, rozszerzonych por\u00f3w i r\u00f3\u017cnego rodzaju przebarwie\u0144 oraz ujednolicenie koloru sk\u00f3ry. Rezultaty s\u0105 natychmiastowe i post\u0119puj\u0105ce. Zabieg jest efektywny dla ka\u017cdego typu sk\u00f3ry.<br \/>\nW trakcie pojedynczego zabiegu z u\u017cyciem lasera frakcyjnego na\u015bwietlaniu poddaje si\u0119 jakie\u015b 25% do 30% powierzchni leczonej laseroterapi\u0105 sk\u00f3ry. Wg bada\u0144 klinicznych najlepsze rezultaty daje przeprowadzenie 3-5 zabieg\u00f3w, wykonywanych w odst\u0119pach 3- 6 tygodniowych.<br \/>\nKa\u017cda sesja trwa od 10 do 45 minut, w zale\u017cno\u015bci od rozmiaru obszaru poddawanego zabiegowi. Wi\u0119kszo\u015b\u0107 pacjent\u00f3w podejmuje normaln\u0105 aktywno\u015b\u0107 po 2-3 dniach po zabiegu.<br \/>\nW obszarach obj\u0119tych zabiegiem mo\u017ce wyst\u0105pi\u0107 nieznaczne zaczerwienienie, obrz\u0119k jak r\u00f3wnie\u017c umiarkowane pieczenie lub sw\u0119dzenie mijaj\u0105ce zazwyczaj w przeci\u0105gu kilku godzin. Zaczerwienienie mo\u017ce utrzymywa\u0107 si\u0119 przez kilka dni, a sk\u00f3ra mo\u017ce przybra\u0107 \u201eopalony\u201d odcie\u0144.<br \/>\nImpulsy lasera wnikaj\u0105 w sk\u00f3r\u0119 w odpowiedniej odleg\u0142o\u015bci tak, by nie powodowa\u0107 oparzenia ale skutecznie pobudzi\u0107 sk\u00f3r\u0119 w\u0142a\u015bciw\u0105 do regeneracji. Jest to mo\u017cliwe dzi\u0119ki temu, \u017ce ka\u017cde punktowe uszkodzenie otoczone jest fragmentem nieuszkodzonej, zdrowej tkanki,  co  pozwala na  szybk\u0105 odnow\u0119.<br \/>\n<strong>Laser frakcyjny<\/strong> umo\u017cliwia wymian\u0119 pewnej puli kom\u00f3rek sk\u00f3ry starych wiekiem lub uszkodzonych procesem chorobowym na zupe\u0142nie nowe zdrowe kom\u00f3rki.<br \/>\nDzia\u0142anie lasera z jednej strony powoduje ablacj\u0119 \u2013 odparowanie zewn\u0119trznych warstw nask\u00f3rka &#8211; z drugiej natomiast dochodzi do przegrzania w g\u0142\u0119bszych warstwach sk\u00f3ry i nast\u0119puje jej remodeling.<br \/>\nZasada dzia\u0142ania lasera frakcyjnego\/CO2 polega na odpowiednio g\u0142\u0119bokim wyparowaniu ma\u0142ych obszar\u00f3w sk\u00f3ry i pozostawieniu wok\u00f3\u0142 nich zdrowej sk\u00f3ry. Takie cz\u0119\u015bciowe uszkodzenie sprzyja szybkiej odnowie i dzi\u0119ki temu uzyskujemy kr\u00f3tki czas rekonwalescencji. Pozwala na powr\u00f3t do pracy w ci\u0105gu kilku dni.<br \/>\nZabieg nie wymaga specjalnego przygotowania poza unikaniem s\u0142o\u0144ca przez okres 2 tygodni. Zabiegi mog\u0105 by\u0107 wykonywane na dowolnej cz\u0119\u015bci cia\u0142a zar\u00f3wno u kobiet, m\u0119\u017cczyzn i dzieci.<br \/>\nPraca lasera polega na tym, \u017ce skaner wyznacza pole pracy, laser \u201estrzela\u201d wi\u0105zkami odpowiednio je zape\u0142niaj\u0105c. Po dokonaniu pe\u0142nej sekwencji \u201estrza\u0142u\u201d (z\u0142o\u017conego z licznych mikroimpuls\u00f3w) skaner przesuwany jest na nast\u0119pny fragment sk\u00f3ry poddawanej zabiegowi i ca\u0142y proces powtarza si\u0119. Do wykonania zabiegu wystarcza jedno \u201eprzej\u015bcie\u201d. Dzi\u0119ki specjalistycznej technologii i licznym zabezpieczeniom nie jest mo\u017cliwe trafienie impulsem lasera dwa razy w to samo miejsce.<br \/>\nStosowany przez nas laser posiada certyfikat bezpiecze\u0144stwa dla urz\u0105dze\u0144 medycznych oraz certyfikat europejski CE. <\/p>\n<p><strong>Wskazania:<\/strong><br \/>\n\u2022\ttwarz (fotoodm\u0142adzanie twarzy, laserowe usuwanie zmarszczek, usuwanie blizn potr\u0105dzikowych, przebarwie\u0144) \u2013 mo\u017cna wykonywa\u0107 zabiegi na fragmenty sk\u00f3ry twarzy, np. tylko policzki, czo\u0142o lub okolica ust<br \/>\n\u2022\tpoprawa owalu twarzy,<br \/>\n\u2022\tpoprawa g\u0119sto\u015bci i spr\u0119\u017cysto\u015bci sk\u00f3ry, zamykanie rozszerzonych por\u00f3w,rozst\u0119py,<br \/>\n\u2022\twiotko\u015b\u0107 sk\u00f3ry ramion, brzucha, po porodzie,usuwanie przebarwie\u0144 (melasma, ostuda),<br \/>\n\u2022\todm\u0142adzanie sk\u00f3ry twarzy, szyi, dekoltu oraz d\u0142oni,<br \/>\n\u2022\tokolica oczu (usuwanie zmarszczek),plecy ,brzuch (rozst\u0119py, wiotko\u015b\u0107 poci\u0105\u017cowa sk\u00f3ry) efekt g\u0142adkiej, \u015bwie\u017cej cery, poprawa kolorytu i struktury sk\u00f3ry, odnowa sk\u00f3ry<br \/>\n\u2022\trozszerzone pory, zask\u00f3rniki, szorstko\u015b\u0107 sk\u00f3ry, niejednolito\u015b\u0107 powierzchni sk\u00f3ry, rogowacenie s\u0142oneczne.<br \/>\nPrzeciwwskazania do zabieg\u00f3w resurfacingu:<br \/>\n\u2022\tsk\u0142onno\u015b\u0107 do tworzenia si\u0119 keloid\u00f3w (blizn przerostowych)<br \/>\n\u2022\tnowotwory sk\u00f3ry, ci\u0105\u017ca i okres karmienia<br \/>\n\u2022\taktywne infekcje bakteryjne i wirusowe (opryszczka, zaka\u017cenia bakteryjne, atopowe zapalenie sk\u00f3ry, korzystanie ze s\u0142o\u0144ca lub solarium w okresie 2 tygodni przed zabiegiem<br \/>\n\u2022\tci\u0105\u017ca, karmienie piersi\u0105, zaburzenia krzepni\u0119cia, u\u017cywanie \/ przyjmowanie preparat\u00f3w \u015bwiat\u0142ouczulajacych np. z retinolem, kwasami AHA, BHA, z dziurawcem, nagietkiem, tetracykliny (nale\u017cy odstawi\u0107 na miesi\u0105c przed seri\u0105), przyjmowanie steroid\u00f3w , epilepsja,<\/p>\n<\/div><div class=\"ui--image-wrap clearfix text-center ui--block\" style=\"margin-bottom: 20px;\"><img loading=\"lazy\" decoding=\"async\" width=\"187\" height=\"170\" src=\"https:\/\/beauty-center.pl\/wp-content\/uploads\/2020\/09\/wi\u0105zka-LASER-FRAKCYJNY.jpg\" class=\"ui--image ui--animation\" alt=\"\" id=\"ui--image-2\" \/><\/div><\/div> \n\n<\/div> \n<\/div><\/div><\/div>","protected":false},"excerpt":{"rendered":"<p>KOSMETOLOGIA MEDYCZNABOTOKS- likwidowanie zmarszczek Blokowanie receptor\u00f3w g\u0142odu botoxem botoks- bruksizm botoks- nadpotliwo\u015bci Botoks Full Face LIP FLIP \u2013 usta botoks NICI LIFTINGUJ\u0104CE HACZYKOWE 4D NICI LIFTINGUJ\u0104CE PDO NICI LIFTINGUJ\u0104CE PLLA POWI\u0118KSZANIE UST I WYPE\u0141NIANIE ZMARSZCZEK WOLUMETRIA OSOCZE BOGATOP\u0141YTKOWE, CZYLI WAMPIRZY LIFTING STYMULATORY TKANKOWE kwas polimlekowy tropokolagen radiesse profhilo- moleku\u0142a m\u0142odo\u015bci Neauvia stimulate Neauvia Hydro Deluxe [&hellip;]<\/p>\n","protected":false},"author":2,"featured_media":0,"parent":0,"menu_order":0,"comment_status":"closed","ping_status":"closed","template":"","meta":{"footnotes":""},"class_list":["post-2289","page","type-page","status-publish","hentry"],"_links":{"self":[{"href":"https:\/\/beauty-center.pl\/index.php\/wp-json\/wp\/v2\/pages\/2289","targetHints":{"allow":["GET"]}}],"collection":[{"href":"https:\/\/beauty-center.pl\/index.php\/wp-json\/wp\/v2\/pages"}],"about":[{"href":"https:\/\/beauty-center.pl\/index.php\/wp-json\/wp\/v2\/types\/page"}],"author":[{"embeddable":true,"href":"https:\/\/beauty-center.pl\/index.php\/wp-json\/wp\/v2\/users\/2"}],"replies":[{"embeddable":true,"href":"https:\/\/beauty-center.pl\/index.php\/wp-json\/wp\/v2\/comments?post=2289"}],"version-history":[{"count":1,"href":"https:\/\/beauty-center.pl\/index.php\/wp-json\/wp\/v2\/pages\/2289\/revisions"}],"predecessor-version":[{"id":2292,"href":"https:\/\/beauty-center.pl\/index.php\/wp-json\/wp\/v2\/pages\/2289\/revisions\/2292"}],"wp:attachment":[{"href":"https:\/\/beauty-center.pl\/index.php\/wp-json\/wp\/v2\/media?parent=2289"}],"curies":[{"name":"wp","href":"https:\/\/api.w.org\/{rel}","templated":true}]}}