{"id":2363,"date":"2021-06-17T14:36:31","date_gmt":"2021-06-17T12:36:31","guid":{"rendered":"http:\/\/beauty-center.pl\/?page_id=2363"},"modified":"2021-06-29T14:54:41","modified_gmt":"2021-06-29T12:54:41","slug":"teznia-2","status":"publish","type":"page","link":"https:\/\/beauty-center.pl\/index.php\/teznia-2\/","title":{"rendered":"T\u0118\u017bNIA"},"content":{"rendered":"<div  class=\"ui--tagline-box-wrapper ui--animation clearfix\"><div  id=\"tagline-1\" class=\"ui--tagline-box ui-row clearfix ui--tagline-box-custom-color radius-3px\" data-responsive=\"{&quot;css&quot;:{&quot;min-height&quot;:{&quot;phone&quot;:&quot;auto&quot;,&quot;tablet&quot;:&quot;auto&quot;,&quot;widescreen&quot;:&quot;&quot;}}}\"><div  class=\"ui--tagline-background-container ui--tagline-background-overlay radius-3px\"><\/div><div  class=\"ui--tagline-background-container ui--tagline-background-image radius-3px\"><\/div><div  class=\"ui--tagline-content\"><div class=\"ui-row row\">\n <div   class=\"ui-column span4\"><div id=\"nav_menu-14\" class=\"widget widget_nav_menu\"><div class=\"menu-biorezonans-container\"><ul id=\"menu-biorezonans\" class=\"menu\"><li id=\"menu-item-2381\" class=\"menu-item menu-item-type-post_type menu-item-object-page depth-0 to-right\"><a href=\"https:\/\/beauty-center.pl\/index.php\/biorezonans-2\/\">BIOREZONANS<\/a><\/li>\n<li id=\"menu-item-2380\" class=\"menu-item menu-item-type-post_type menu-item-object-page depth-0 to-right\"><a href=\"https:\/\/beauty-center.pl\/index.php\/teznia-2\/\">T\u0118\u017bNIA<\/a><\/li>\n<li id=\"menu-item-2390\" class=\"menu-item menu-item-type-post_type menu-item-object-page depth-0 to-right\"><a href=\"https:\/\/beauty-center.pl\/index.php\/generator-plazmowy\/\">GENERATOR PLAZMOWY RPZ-15<\/a><\/li>\n<\/ul><\/div><\/div><div class=\"auto-format ui--animation\"><\/div><\/div> \n\n <div   class=\"ui-column span8\"><div class=\"ui--title ui--animation ui--title-bordered text-center\"><div class=\"ui--title-holder\"><h3 class=\"ui--title-text\" style=\"color: #bd1e9d !important;\">T\u0118\u017bNIA<\/h3><div style=\"border-color: #bd1e9d !important;\" class=\"ui--title-borders ui--title-border-left\"><\/div><div style=\"border-color: #bd1e9d !important;\" class=\"ui--title-borders ui--title-border-right\"><\/div><\/div><\/div><div class=\"ui--image-wrap clearfix text-center ui--block\" style=\"margin-bottom: 20px;\"><img loading=\"lazy\" decoding=\"async\" width=\"1200\" height=\"1600\" src=\"https:\/\/beauty-center.pl\/wp-content\/uploads\/2021\/06\/t\u0119\u017ania.jpg\" class=\"ui--image ui--animation\" alt=\"\" id=\"ui--image-1\" srcset=\"https:\/\/beauty-center.pl\/wp-content\/uploads\/2021\/06\/t\u0119\u017ania.jpg 1200w, https:\/\/beauty-center.pl\/wp-content\/uploads\/2021\/06\/t\u0119\u017ania-225x300.jpg 225w, https:\/\/beauty-center.pl\/wp-content\/uploads\/2021\/06\/t\u0119\u017ania-768x1024.jpg 768w\" sizes=\"auto, (max-width: 1200px) 100vw, 1200px\" \/><\/div><div class=\"auto-format ui--animation\"><p><strong>T\u0119\u017cnia solankowa<\/strong> dzi\u0119ki st\u0119\u017ceniu minera\u0142\u00f3w posiada w\u0142a\u015bciwo\u015bci lecznicze. Powietrze wok\u00f3\u0142 T\u0119\u017cni w wyniku parowania solanki tworzy swoisty mikroklimat zbli\u017cony do klimatu, kt\u00f3rym mo\u017cemy cieszy\u0107 si\u0119 nad morzem. Minera\u0142y w nim zawarte wspomagaj\u0105 odbudow\u0119 i regeneracj\u0119 b\u0142ony \u015bluzowej g\u00f3rnych dr\u00f3g oddechowych. Dzia\u0142aj\u0105 tak\u017ce stymuluj\u0105co na prac\u0119 uk\u0142adu odporno\u015bciowego.<br \/>\n<strong>Szczeg\u00f3lnie istotne dla naszego zdrowia s\u0105 pierwiastki jod, brom, wap\u0144 oraz magnez.<\/strong><\/p>\n<p><strong>Minera\u0142y i mikroelementy<\/strong> znajduj\u0105ce si\u0119 w solance wch\u0142aniane s\u0105 przez b\u0142ony \u015bluzowe dr\u00f3g oddechowych i sk\u00f3r\u0119 uzupe\u0142niaj\u0105c niedob\u00f3r tych mikroelement\u00f3w w organizmie cz\u0142owieka.<\/p>\n<p>Dzia\u0142anie lecznicze solanki korzystnie wp\u0142ywa na uk\u0142ad nerwowy, uk\u0142ad gruczo\u0142\u00f3w dokrewnych oraz og\u00f3ln\u0105 odporno\u015b\u0107 organizmu.<\/p>\n<p><strong>Wskazania lecznicze i profilaktyczne:<\/strong><br \/>\n\u2022 przewlek\u0142e i nawracaj\u0105ce stany zapalne uk\u0142adu oddechowego,<br \/>\n\u2022 nerwica,<br \/>\n\u2022 nadci\u015bnienie t\u0119tnicze,<br \/>\n\u2022 praca w znacznym zapyleniu, w wysokiej temperaturze, przebywanie w du\u017cej aglomeracji miejskiej,<br \/>\n\u2022 palenie tytoniu,<br \/>\n\u2022 niedoczynno\u015b\u0107 tarczycy,<br \/>\n\u2022 alergie,<br \/>\n\u2022 zapalenie zatok. z niedoczynno\u015bci\u0105 tarczycy, reumatyzmem, osteoporoz\u0105, bezsenno\u015bci\u0105 itd.<\/p>\n<\/div><div class=\"ui--image-wrap clearfix text-center ui--block\" style=\"margin-bottom: 20px;\"><img loading=\"lazy\" decoding=\"async\" width=\"4032\" height=\"3024\" src=\"https:\/\/beauty-center.pl\/wp-content\/uploads\/2021\/06\/t\u0119\u017cnia.jpg\" class=\"ui--image ui--animation\" alt=\"\" id=\"ui--image-2\" srcset=\"https:\/\/beauty-center.pl\/wp-content\/uploads\/2021\/06\/t\u0119\u017cnia.jpg 4032w, https:\/\/beauty-center.pl\/wp-content\/uploads\/2021\/06\/t\u0119\u017cnia-300x225.jpg 300w, https:\/\/beauty-center.pl\/wp-content\/uploads\/2021\/06\/t\u0119\u017cnia-768x576.jpg 768w, https:\/\/beauty-center.pl\/wp-content\/uploads\/2021\/06\/t\u0119\u017cnia-1024x768.jpg 1024w\" sizes=\"auto, (max-width: 4032px) 100vw, 4032px\" \/><\/div><\/div> \n\n<\/div> \n<\/div><\/div><\/div>","protected":false},"excerpt":{"rendered":"<p>BIOREZONANS T\u0118\u017bNIA GENERATOR PLAZMOWY RPZ-15 T\u0118\u017bNIAT\u0119\u017cnia solankowa dzi\u0119ki st\u0119\u017ceniu minera\u0142\u00f3w posiada w\u0142a\u015bciwo\u015bci lecznicze. Powietrze wok\u00f3\u0142 T\u0119\u017cni w wyniku parowania solanki tworzy swoisty mikroklimat zbli\u017cony do klimatu, kt\u00f3rym mo\u017cemy cieszy\u0107 si\u0119 nad morzem. Minera\u0142y w nim zawarte wspomagaj\u0105 odbudow\u0119 i regeneracj\u0119 b\u0142ony \u015bluzowej g\u00f3rnych dr\u00f3g oddechowych. Dzia\u0142aj\u0105 tak\u017ce stymuluj\u0105co na prac\u0119 uk\u0142adu odporno\u015bciowego. Szczeg\u00f3lnie istotne dla [&hellip;]<\/p>\n","protected":false},"author":2,"featured_media":0,"parent":0,"menu_order":0,"comment_status":"closed","ping_status":"closed","template":"","meta":{"footnotes":""},"class_list":["post-2363","page","type-page","status-publish","hentry"],"_links":{"self":[{"href":"https:\/\/beauty-center.pl\/index.php\/wp-json\/wp\/v2\/pages\/2363","targetHints":{"allow":["GET"]}}],"collection":[{"href":"https:\/\/beauty-center.pl\/index.php\/wp-json\/wp\/v2\/pages"}],"about":[{"href":"https:\/\/beauty-center.pl\/index.php\/wp-json\/wp\/v2\/types\/page"}],"author":[{"embeddable":true,"href":"https:\/\/beauty-center.pl\/index.php\/wp-json\/wp\/v2\/users\/2"}],"replies":[{"embeddable":true,"href":"https:\/\/beauty-center.pl\/index.php\/wp-json\/wp\/v2\/comments?post=2363"}],"version-history":[{"count":2,"href":"https:\/\/beauty-center.pl\/index.php\/wp-json\/wp\/v2\/pages\/2363\/revisions"}],"predecessor-version":[{"id":2391,"href":"https:\/\/beauty-center.pl\/index.php\/wp-json\/wp\/v2\/pages\/2363\/revisions\/2391"}],"wp:attachment":[{"href":"https:\/\/beauty-center.pl\/index.php\/wp-json\/wp\/v2\/media?parent=2363"}],"curies":[{"name":"wp","href":"https:\/\/api.w.org\/{rel}","templated":true}]}}