{"id":2387,"date":"2021-06-29T14:45:04","date_gmt":"2021-06-29T12:45:04","guid":{"rendered":"http:\/\/beauty-center.pl\/?page_id=2387"},"modified":"2021-06-29T19:47:51","modified_gmt":"2021-06-29T17:47:51","slug":"generator-plazmowy","status":"publish","type":"page","link":"https:\/\/beauty-center.pl\/index.php\/generator-plazmowy\/","title":{"rendered":"GENERATOR PLAZMOWY RPZ-15"},"content":{"rendered":"<div  class=\"ui--tagline-box-wrapper ui--animation clearfix\"><div  id=\"tagline-1\" class=\"ui--tagline-box ui-row clearfix ui--tagline-box-custom-color radius-3px\" data-responsive=\"{&quot;css&quot;:{&quot;min-height&quot;:{&quot;phone&quot;:&quot;auto&quot;,&quot;tablet&quot;:&quot;auto&quot;,&quot;widescreen&quot;:&quot;&quot;}}}\"><div  class=\"ui--tagline-background-container ui--tagline-background-overlay radius-3px\"><\/div><div  class=\"ui--tagline-background-container ui--tagline-background-image radius-3px\"><\/div><div  class=\"ui--tagline-content\"><div class=\"ui-row row\">\n <div   class=\"ui-column span4\"><div id=\"nav_menu-14\" class=\"widget widget_nav_menu\"><div class=\"menu-biorezonans-container\"><ul id=\"menu-biorezonans\" class=\"menu\"><li id=\"menu-item-2381\" class=\"menu-item menu-item-type-post_type menu-item-object-page depth-0 to-right\"><a href=\"https:\/\/beauty-center.pl\/index.php\/biorezonans-2\/\">BIOREZONANS<\/a><\/li>\n<li id=\"menu-item-2380\" class=\"menu-item menu-item-type-post_type menu-item-object-page depth-0 to-right\"><a href=\"https:\/\/beauty-center.pl\/index.php\/teznia-2\/\">T\u0118\u017bNIA<\/a><\/li>\n<li id=\"menu-item-2390\" class=\"menu-item menu-item-type-post_type menu-item-object-page depth-0 to-right\"><a href=\"https:\/\/beauty-center.pl\/index.php\/generator-plazmowy\/\">GENERATOR PLAZMOWY RPZ-15<\/a><\/li>\n<\/ul><\/div><\/div><div class=\"auto-format ui--animation\"><\/div><\/div> \n\n <div   class=\"ui-column span8\"><div class=\"ui--title ui--animation ui--title-bordered text-center\"><div class=\"ui--title-holder\"><h3 class=\"ui--title-text\" style=\"color: #bd1e9d !important;\"><strong>GENERATOR PLAZMOWY RPZ 15<\/strong><\/h3><div style=\"border-color: #bd1e9d !important;\" class=\"ui--title-borders ui--title-border-left\"><\/div><div style=\"border-color: #bd1e9d !important;\" class=\"ui--title-borders ui--title-border-right\"><\/div><\/div><\/div><div class=\"ui--image-wrap clearfix text-center ui--block\" style=\"margin-bottom: 20px;\"><img loading=\"lazy\" decoding=\"async\" width=\"738\" height=\"413\" src=\"https:\/\/beauty-center.pl\/wp-content\/uploads\/2021\/06\/generator-plazmowy.JPG\" class=\"ui--image ui--animation\" alt=\"\" id=\"ui--image-1\" srcset=\"https:\/\/beauty-center.pl\/wp-content\/uploads\/2021\/06\/generator-plazmowy.JPG 738w, https:\/\/beauty-center.pl\/wp-content\/uploads\/2021\/06\/generator-plazmowy-300x168.jpg 300w\" sizes=\"auto, (max-width: 738px) 100vw, 738px\" \/><\/div><div class=\"auto-format ui--animation\"><p><strong>Terapia Generatorem Plazmowym Rife\u2019a<br \/>\ngenerator-plazmowy-rifea<\/strong><\/p>\n<p> Terapie przede wszystkim s\u0105 dedykowane dla os\u00f3b cierpi\u0105cych na schorzenia przewlek\u0142e, takie jak:<\/p>\n<p><strong>borelioza i neuroborelioza<\/strong><br \/>\n zajmujemy si\u0119 terapi\u0105 boreliozy poprzez usuwanie bakterii wywo\u0142uj\u0105cych chorob\u0119. Kluczem skutecznego leczenia jest szczeg\u00f3\u0142owe zdiagnozowanie obecno\u015bci w organizmie wszystkich bakterii b\u0119d\u0105cych przyczyn\u0105 boreliozy, mowa tutaj nie tylko o Borrelii, ale r\u00f3wnie\u017c o jej koinfekcjach, kt\u00f3re cz\u0119sto wywo\u0142uj\u0105 du\u017co ci\u0119\u017csze objawy ni\u017c sama Borrelia.<br \/>\nchoroby autoimmunologiczne (RZS, choroba Hashimoto, choroba Crohna, SM, tocze\u0144 i in.)<\/p>\n<p>choroby uk\u0142adu kr\u0105\u017cenia (nadci\u015bnienie, mia\u017cd\u017cyca i in.)<br \/>\nchoroby neurodegeneracyjne (choroba Alzheimera, Parkinsona i in.)<br \/>\ncukrzyca<br \/>\nalergie, astma<br \/>\nprzewlek\u0142e zm\u0119czenie, z\u0142e samopoczucie<br \/>\nb\u00f3le niewiadomego pochodzenia<br \/>\nzaburzony metabolizm, problemy gastryczne.<\/p>\n<p>    Przyczyn\u0105 tych, ale tak\u017ce innych chor\u00f3b tzw. cywilizacyjnych, obok diety i stylu \u017cycia, s\u0105 patogeny: bakterie, grzyby, wirusy i paso\u017cyty. Mog\u0105 \u017cy\u0107 w organizmie cz\u0142owieka przez wiele lat cz\u0119sto nie daj\u0105c objaw\u00f3w. Systematycznie jednak uszkadzaj\u0105 tkanki narz\u0105d\u00f3w i zaburzaj\u0105 prac\u0119 systemu odporno\u015bciowego. Po spadku odporno\u015bci w skutek np. ostrej infekcji, dzia\u0142ania niekorzystnych czynnik\u00f3w \u015brodowiskowych, permanentnego stresu, z\u0142ej diety, mog\u0105 pojawi\u0107 si\u0119 dolegliwo\u015bci zwi\u0105zane ich obecno\u015bci\u0105. S\u0105 to najcz\u0119\u015bciej problemy z uk\u0142adem pokarmowym, b\u00f3le i zawroty g\u0142owy, przewlek\u0142e zm\u0119czenie, b\u00f3le staw\u00f3w, ale tak\u017ce problemy z uk\u0142adem oddechowym, kr\u0105\u017ceniowym itp.<\/p>\n<p>Usuni\u0119cie patogen\u00f3w z organizmu jest niezb\u0119dnym warunkiem powrotu do zdrowia i zapobiegania wyst\u0105pienia chor\u00f3b w przysz\u0142o\u015bci.<\/p>\n<p> Obok kompleksowej diagnostyki oferujemy skuteczn\u0105 terapi\u0119 Rife\u2019a Generatorem Plazmowym, pozwalaj\u0105c\u0105 oczy\u015bci\u0107 organizm z chorobotw\u00f3rczych drobnoustroj\u00f3w. W trakcie zabiegu urz\u0105dzenie generuje fale o charakterystycznych dla danego patogenu cz\u0119stotliwo\u015bciach rezonansowych. Maj\u0105 one za zadanie wprawienie w drgania patogen\u00f3w, co po pewnym czasie prowadzi do zaburzenia ich proces\u00f3w metabolicznych i finalnie zniszczenia. Prekursorem tej metody by\u0142 genialny naukowiec dr Royal Raymond Rife, tw\u00f3rca rewolucyjnych do dzisiaj mikroskop\u00f3w optycznych, kt\u00f3ry ju\u017c w latach trzydziestych XX w. niszczy\u0142 patogeny chorobotw\u00f3rcze skonstruowanym przez siebie generatorem.<\/p>\n<p>W gabinecie znajduje si\u0119 t\u0119\u017cnia solankowa wzmacniaj\u0105ca regeneracj\u0119 organizmu.<\/p>\n<p>Na terapi\u0119 boreliozy sk\u0142adaj\u0105 si\u0119 2 do 2,5 godzinne zabiegi, dobierane indywidualnie zale\u017cnie od ilo\u015bci i rodzaju koinfekcji. Nale\u017cy by\u0107 przygotowanym na minimum 10 zabieg\u00f3w, kt\u00f3re powinny by\u0107 wykonywane nie rzadziej ni\u017c 1 raz w tygodniu, a optymalnie 2 &#8211; 3 razy w tygodniu. Po zako\u0144czeniu terapii wykonywane s\u0105 badania kontrolne. Po up\u0142ywie okre\u015blonego czasu od zako\u0144czenia terapii (min. 4 miesi\u0105ce), mo\u017cna r\u00f3wnie\u017c wykonywa\u0107 testy laboratoryjne w kierunku boreliozy, je\u017celi przed terapi\u0105 chory by\u0142 seropozytywny.<\/p>\n<p>CENA za 1 godzin\u0119 -50 z\u0142<\/p>\n<\/div><div class=\"ui--image-wrap clearfix text-center ui--block\" style=\"margin-bottom: 20px;\"><img loading=\"lazy\" decoding=\"async\" width=\"1066\" height=\"1421\" src=\"https:\/\/beauty-center.pl\/wp-content\/uploads\/2021\/06\/Screenshot_20210629-220611_WhatsApp.jpg\" class=\"ui--image ui--animation\" alt=\"\" id=\"ui--image-2\" srcset=\"https:\/\/beauty-center.pl\/wp-content\/uploads\/2021\/06\/Screenshot_20210629-220611_WhatsApp.jpg 1066w, https:\/\/beauty-center.pl\/wp-content\/uploads\/2021\/06\/Screenshot_20210629-220611_WhatsApp-225x300.jpg 225w, https:\/\/beauty-center.pl\/wp-content\/uploads\/2021\/06\/Screenshot_20210629-220611_WhatsApp-768x1024.jpg 768w\" sizes=\"auto, (max-width: 1066px) 100vw, 1066px\" \/><\/div><div class=\"ui--image-wrap clearfix text-center ui--block\" style=\"margin-bottom: 20px;\"><img loading=\"lazy\" decoding=\"async\" width=\"4032\" height=\"3024\" src=\"https:\/\/beauty-center.pl\/wp-content\/uploads\/2021\/06\/t\u0119\u017cnia-1.jpg\" class=\"ui--image ui--animation\" alt=\"\" id=\"ui--image-3\" srcset=\"https:\/\/beauty-center.pl\/wp-content\/uploads\/2021\/06\/t\u0119\u017cnia-1.jpg 4032w, https:\/\/beauty-center.pl\/wp-content\/uploads\/2021\/06\/t\u0119\u017cnia-1-300x225.jpg 300w, https:\/\/beauty-center.pl\/wp-content\/uploads\/2021\/06\/t\u0119\u017cnia-1-768x576.jpg 768w, https:\/\/beauty-center.pl\/wp-content\/uploads\/2021\/06\/t\u0119\u017cnia-1-1024x768.jpg 1024w\" sizes=\"auto, (max-width: 4032px) 100vw, 4032px\" \/><\/div><\/div> \n\n<\/div> \n<\/div><\/div><\/div>","protected":false},"excerpt":{"rendered":"<p>BIOREZONANS T\u0118\u017bNIA GENERATOR PLAZMOWY RPZ-15 GENERATOR PLAZMOWY RPZ 15Terapia Generatorem Plazmowym Rife\u2019a generator-plazmowy-rifea Terapie przede wszystkim s\u0105 dedykowane dla os\u00f3b cierpi\u0105cych na schorzenia przewlek\u0142e, takie jak: borelioza i neuroborelioza zajmujemy si\u0119 terapi\u0105 boreliozy poprzez usuwanie bakterii wywo\u0142uj\u0105cych chorob\u0119. Kluczem skutecznego leczenia jest szczeg\u00f3\u0142owe zdiagnozowanie obecno\u015bci w organizmie wszystkich bakterii b\u0119d\u0105cych przyczyn\u0105 boreliozy, mowa tutaj nie [&hellip;]<\/p>\n","protected":false},"author":2,"featured_media":0,"parent":0,"menu_order":0,"comment_status":"closed","ping_status":"closed","template":"","meta":{"footnotes":""},"class_list":["post-2387","page","type-page","status-publish","hentry"],"_links":{"self":[{"href":"https:\/\/beauty-center.pl\/index.php\/wp-json\/wp\/v2\/pages\/2387","targetHints":{"allow":["GET"]}}],"collection":[{"href":"https:\/\/beauty-center.pl\/index.php\/wp-json\/wp\/v2\/pages"}],"about":[{"href":"https:\/\/beauty-center.pl\/index.php\/wp-json\/wp\/v2\/types\/page"}],"author":[{"embeddable":true,"href":"https:\/\/beauty-center.pl\/index.php\/wp-json\/wp\/v2\/users\/2"}],"replies":[{"embeddable":true,"href":"https:\/\/beauty-center.pl\/index.php\/wp-json\/wp\/v2\/comments?post=2387"}],"version-history":[{"count":2,"href":"https:\/\/beauty-center.pl\/index.php\/wp-json\/wp\/v2\/pages\/2387\/revisions"}],"predecessor-version":[{"id":2394,"href":"https:\/\/beauty-center.pl\/index.php\/wp-json\/wp\/v2\/pages\/2387\/revisions\/2394"}],"wp:attachment":[{"href":"https:\/\/beauty-center.pl\/index.php\/wp-json\/wp\/v2\/media?parent=2387"}],"curies":[{"name":"wp","href":"https:\/\/api.w.org\/{rel}","templated":true}]}}