{"id":2579,"date":"2022-11-08T14:06:53","date_gmt":"2022-11-08T13:06:53","guid":{"rendered":"http:\/\/beauty-center.pl\/?page_id=2579"},"modified":"2022-11-08T14:08:02","modified_gmt":"2022-11-08T13:08:02","slug":"szkolenie-nici-pdo","status":"publish","type":"page","link":"https:\/\/beauty-center.pl\/index.php\/szkolenie-nici-pdo\/","title":{"rendered":"szkolenie nici PDO"},"content":{"rendered":"<div  class=\"ui--tagline-box-wrapper ui--animation clearfix\"><div  id=\"tagline-1\" class=\"ui--tagline-box ui-row clearfix ui--tagline-box-custom-color radius-3px\" data-responsive=\"{&quot;css&quot;:{&quot;min-height&quot;:{&quot;phone&quot;:&quot;auto&quot;,&quot;tablet&quot;:&quot;auto&quot;,&quot;widescreen&quot;:&quot;&quot;}}}\"><div  class=\"ui--tagline-background-container ui--tagline-background-overlay radius-3px\"><\/div><div  class=\"ui--tagline-background-container ui--tagline-background-image radius-3px\"><\/div><div  class=\"ui--tagline-content\"><div class=\"ui-row row\">\n <div   class=\"ui-column span4\"><div id=\"nav_menu-12\" class=\"widget widget_nav_menu\"><h4 class=\"sidebar-widget-title ui--widget-title\"><span>SZKOLENIA<\/span><\/h4><div class=\"menu-szkolenia-container\"><ul id=\"menu-szkolenia\" class=\"menu\"><li id=\"menu-item-1745\" class=\"menu-item menu-item-type-post_type menu-item-object-page depth-0 to-right\"><a href=\"https:\/\/beauty-center.pl\/index.php\/przedluzanie-i-zageszczanie-rzes\/\">PRZED\u0141U\u017bANIE I ZAG\u0118SZCZANIE RZ\u0118S 2D I 3D<\/a><\/li>\n<li id=\"menu-item-1750\" class=\"menu-item menu-item-type-post_type menu-item-object-page depth-0 to-right\"><a href=\"https:\/\/beauty-center.pl\/index.php\/szkolenie-trwale-przedluzanie-rzes\/\">szkolenia TRWA\u0141E PRZED\u0141U\u017bANIE RZ\u0118S 1:1<\/a><\/li>\n<li id=\"menu-item-2597\" class=\"menu-item menu-item-type-post_type menu-item-object-page depth-0 to-right\"><a href=\"https:\/\/beauty-center.pl\/index.php\/szkolenie-nici-pdo\/\">szkolenie NICI PDO<\/a><\/li>\n<li id=\"menu-item-2600\" class=\"menu-item menu-item-type-post_type menu-item-object-page depth-0 to-right\"><a href=\"https:\/\/beauty-center.pl\/index.php\/szkolenie-z-makijazu-permanentnego\/\">szkolenie MAKIJA\u017b PERMANENTNY<\/a><\/li>\n<li id=\"menu-item-2603\" class=\"menu-item menu-item-type-post_type menu-item-object-page depth-0 to-right\"><a href=\"https:\/\/beauty-center.pl\/index.php\/szkolenie-z-kwasu-hialuronowego\/\">szkolenie z KWASU HIALURONOWEGO<\/a><\/li>\n<li id=\"menu-item-2612\" class=\"menu-item menu-item-type-post_type menu-item-object-page depth-0 to-right\"><a href=\"https:\/\/beauty-center.pl\/index.php\/2609-2\/\">szkolenie ze STYLIZACJI PAZNOKCI<\/a><\/li>\n<li id=\"menu-item-2615\" class=\"menu-item menu-item-type-post_type menu-item-object-page depth-0 to-right\"><a href=\"https:\/\/beauty-center.pl\/index.php\/modelowanie-ust-metoda-na-plasko\/\">MODELOWANIE UST METOD\u0104 NA P\u0141ASKO<\/a><\/li>\n<li id=\"menu-item-2619\" class=\"menu-item menu-item-type-post_type menu-item-object-page depth-0 to-right\"><a href=\"https:\/\/beauty-center.pl\/index.php\/szkolenie-z-piercingu\/\">szkolenie z PIERCINGU<\/a><\/li>\n<li id=\"menu-item-2623\" class=\"menu-item menu-item-type-post_type menu-item-object-page depth-0 to-right\"><a href=\"https:\/\/beauty-center.pl\/index.php\/intensywny-kurs-kosmetyki-stosowanej\/\">INTENSYWNY KURS KOSMETYKI STOSOWANEJ<\/a><\/li>\n<li id=\"menu-item-2627\" class=\"menu-item menu-item-type-post_type menu-item-object-page depth-0 to-right\"><a href=\"https:\/\/beauty-center.pl\/index.php\/szkolenie-z-zabiegow-eksfoliacji-kwasami\/\">szkolenie z ZABIEG\u00d3W EKSFOLIACJI KWASAMI<\/a><\/li>\n<li id=\"menu-item-1753\" class=\"menu-item menu-item-type-post_type menu-item-object-page depth-0 to-right\"><a href=\"https:\/\/beauty-center.pl\/index.php\/szkolenia-cennik\/\">SZKOLENIA CENNIK<\/a><\/li>\n<\/ul><\/div><\/div><div class=\"auto-format ui--animation\"><\/div><\/div> \n\n <div   class=\"ui-column span8\"><div class=\"ui--title ui--animation ui--title-bordered text-center\"><div class=\"ui--title-holder\"><h3 class=\"ui--title-text\" style=\"color: #bd1e9d !important;\">szkolenie NICI  PDO<\/h3><div style=\"border-color: #bd1e9d !important;\" class=\"ui--title-borders ui--title-border-left\"><\/div><div style=\"border-color: #bd1e9d !important;\" class=\"ui--title-borders ui--title-border-right\"><\/div><\/div><\/div><div class=\"ui--image-wrap clearfix text-center ui--block\" style=\"margin-bottom: 20px;\"><img loading=\"lazy\" decoding=\"async\" width=\"492\" height=\"322\" src=\"https:\/\/beauty-center.pl\/wp-content\/uploads\/2016\/09\/nicipdo.png\" class=\"ui--image ui--animation\" alt=\"\" id=\"ui--image-1\" srcset=\"https:\/\/beauty-center.pl\/wp-content\/uploads\/2016\/09\/nicipdo.png 492w, https:\/\/beauty-center.pl\/wp-content\/uploads\/2016\/09\/nicipdo-300x196.png 300w\" sizes=\"auto, (max-width: 492px) 100vw, 492px\" \/><\/div><div class=\"auto-format ui--animation\"><p> Tematyka warsztat\u00f3w:<br \/>\nCzym s\u0105 wch\u0142anialne nici PDO,<br \/>\nRodzaje nici i miejsca zastosowania,<br \/>\nWskazania i przeciwwskazania do zastosowania nici PDO,<br \/>\nZalety i efekty zabiegu z u\u017cyciem nici PDO,<br \/>\nOkolice, w kt\u00f3rych mo\u017cna stosowa\u0107 terapi\u0119 na twarzy i ciele,<br \/>\nWp\u0142yw dzia\u0142ania nici PDO na tkank\u0119 sk\u00f3rn\u0105,<br \/>\nNa czym polega zabieg? \u2013 cz\u0119\u015b\u0107 teoretyczna i praktyczna wykonania zabieg\u00f3w,<br \/>\nPoszczeg\u00f3lne obszary zabiegowe \u2013 cz\u0119\u015b\u0107 warsztatowa,<br \/>\nNiedogodno\u015bci mog\u0105ce wyst\u0105pi\u0107 podczas zabieg\u00f3w.<\/p>\n<p><strong>Kurs nici PDO (MONO i NICI Z HACZYKAMI 4 D)<\/strong><br \/>\nNici PDO (polidioksanon) s\u0105 skutecznym \u015brodkiem wykorzystywanym w medycynie estetycznej, kt\u00f3ra podnosi i napina zwiotcza\u0142e tkanki sk\u00f3ry poprzez indukowanie produkcji kolagenu. Ta metoda bezoperacyjnego liftingu obejmuje wszczepienie wielu cienkich nici Polidioksanonu (PDO) do tkanki podsk\u00f3rnej gdzie tworz\u0105 one wektorow\u0105 sie\u0107, kt\u00f3ra dzia\u0142a jako wsparcie dla tkanki. Nici PDO s\u0105 szeroko stosowane w medycynie estetycznej od wielu lat. Po wszczepieniu w sk\u00f3r\u0119 nici daj\u0105 natychmiastowy, widoczny efekt liftingu, a jednocze\u015bnie wspomagaj\u0105 naturaln\u0105 produkcj\u0119 kolagenu oraz wzmagaj\u0105 produkcj\u0119 naturalnego kwasu hialuronowego. Po kr\u00f3tkim (30-90 minutowym) zabiegu sk\u00f3ra pacjentki b\u0119dzie odm\u0142odzona, zapewniaj\u0105c witalno\u015b\u0107, elastyczno\u015b\u0107 i ja\u015bniejsz\u0105 cer\u0119. Podczas naszego szkolenia \u2013 Kurs nici PDO poznasz metodyk\u0119 zabiegu zapewniaj\u0105cego efekt ma\u0142o-inwazyjnego liftingu. Po zabiegu maksymalny efekt nast\u0119puj\u0119 po oko\u0142o sze\u015bciu miesi\u0105cach. W wyniku biologicznego (enzymatycznego) wch\u0142aniania i hydrolizie, z czasem nici ulegaj\u0105 wch\u0142oni\u0119ciu, przy jednoczesnej nadbudowie w\u0142\u00f3kien kolagenu oraz elastyny.<\/p>\n<p>Kurs nici PDO \u2013 organizowany jest w trybie indywidualnym (max. 2-3 kursant\u00f3w).<br \/>\nSzkolenia sk\u0142ada si\u0119 z cz\u0119\u015bci teoretycznej i praktycznej<br \/>\nZapewniamy modelki na cz\u0119\u015b\u0107 praktyczn\u0105 szkolenia<br \/>\nSzkolenie przeznaczone jest mi\u0119dzy innymi dla os\u00f3b z bran\u017cy beauty, kosmetyczek, kosmetolog\u00f3w, lekarzy, piel\u0119gniarek.<br \/>\nCzas trwania: 6 godz.<br \/>\nPo uko\u0144czeniu kursant otrzymuje:<br \/>\nCertyfikat w j\u0119zyku polskim i angielskim.<\/p>\n<p>Wz\u00f3r dokumentu \u2013 formularz o braku przeciwwskaza\u0144 i wyra\u017cenie \u015bwiadomej zgody na zabieg estetyczny.<br \/>\nKurs NICI PDO i NICI Z HACZYKAMI 4 D<br \/>\nCz\u0119\u015b\u0107 teoretyczna:<br \/>\nOm\u00f3wienie podstaw anatomii struktur poddanych zabiegowi aplikacji nici PDO i SCREW,<br \/>\nCharakterystyka i rodzaje nici (mono, screw), zastosowanie i dzia\u0142anie,<br \/>\nWskazania i przeciwwskazania do zabiegu,<br \/>\nBadanie podmiotowe (wywiad) z klientem \u2013 prowadzenie dokumentacji i formularz zgody na zabieg,<br \/>\nOm\u00f3wienie stosowanych podczas zabiegu preparat\u00f3w, przygotowanie do zabiegu i znieczulenie<br \/>\nOm\u00f3wienie technik i procedur zabiegowych<br \/>\nZalecenia przed- i po-zabiegowe,<br \/>\nOm\u00f3wienie regulacji prawnych<br \/>\nCz\u0119\u015b\u0107 praktyczna:<br \/>\nZabieg aplikacji nici PDO i SCREW \u2013 kursant pod nadzorem instruktora przeprowadza zabieg na kilku modelkach<br \/>\n<strong>Cena kursu: 2800 z\u0142 (wpisowe 500 z\u0142)<\/strong><br \/>\nCzas trwania: 6 godz.<\/p>\n<\/div><\/div> \n\n<\/div> \n<\/div><\/div><\/div>","protected":false},"excerpt":{"rendered":"<p>SZKOLENIAPRZED\u0141U\u017bANIE I ZAG\u0118SZCZANIE RZ\u0118S 2D I 3D szkolenia TRWA\u0141E PRZED\u0141U\u017bANIE RZ\u0118S 1:1 szkolenie NICI PDO szkolenie MAKIJA\u017b PERMANENTNY szkolenie z KWASU HIALURONOWEGO szkolenie ze STYLIZACJI PAZNOKCI MODELOWANIE UST METOD\u0104 NA P\u0141ASKO szkolenie z PIERCINGU INTENSYWNY KURS KOSMETYKI STOSOWANEJ szkolenie z ZABIEG\u00d3W EKSFOLIACJI KWASAMI SZKOLENIA CENNIK szkolenie NICI PDO Tematyka warsztat\u00f3w: Czym s\u0105 wch\u0142anialne nici PDO, [&hellip;]<\/p>\n","protected":false},"author":2,"featured_media":0,"parent":0,"menu_order":0,"comment_status":"closed","ping_status":"closed","template":"","meta":{"footnotes":""},"class_list":["post-2579","page","type-page","status-publish","hentry"],"_links":{"self":[{"href":"https:\/\/beauty-center.pl\/index.php\/wp-json\/wp\/v2\/pages\/2579","targetHints":{"allow":["GET"]}}],"collection":[{"href":"https:\/\/beauty-center.pl\/index.php\/wp-json\/wp\/v2\/pages"}],"about":[{"href":"https:\/\/beauty-center.pl\/index.php\/wp-json\/wp\/v2\/types\/page"}],"author":[{"embeddable":true,"href":"https:\/\/beauty-center.pl\/index.php\/wp-json\/wp\/v2\/users\/2"}],"replies":[{"embeddable":true,"href":"https:\/\/beauty-center.pl\/index.php\/wp-json\/wp\/v2\/comments?post=2579"}],"version-history":[{"count":2,"href":"https:\/\/beauty-center.pl\/index.php\/wp-json\/wp\/v2\/pages\/2579\/revisions"}],"predecessor-version":[{"id":2596,"href":"https:\/\/beauty-center.pl\/index.php\/wp-json\/wp\/v2\/pages\/2579\/revisions\/2596"}],"wp:attachment":[{"href":"https:\/\/beauty-center.pl\/index.php\/wp-json\/wp\/v2\/media?parent=2579"}],"curies":[{"name":"wp","href":"https:\/\/api.w.org\/{rel}","templated":true}]}}