{"id":2598,"date":"2022-11-08T14:13:00","date_gmt":"2022-11-08T13:13:00","guid":{"rendered":"http:\/\/beauty-center.pl\/?page_id=2598"},"modified":"2022-11-08T14:13:00","modified_gmt":"2022-11-08T13:13:00","slug":"szkolenie-z-makijazu-permanentnego","status":"publish","type":"page","link":"https:\/\/beauty-center.pl\/index.php\/szkolenie-z-makijazu-permanentnego\/","title":{"rendered":"szkolenie z makija\u017cu permanentnego"},"content":{"rendered":"<div  class=\"ui--tagline-box-wrapper ui--animation clearfix\"><div  id=\"tagline-1\" class=\"ui--tagline-box ui-row clearfix ui--tagline-box-custom-color radius-3px\" data-responsive=\"{&quot;css&quot;:{&quot;min-height&quot;:{&quot;phone&quot;:&quot;auto&quot;,&quot;tablet&quot;:&quot;auto&quot;,&quot;widescreen&quot;:&quot;&quot;}}}\"><div  class=\"ui--tagline-background-container ui--tagline-background-overlay radius-3px\"><\/div><div  class=\"ui--tagline-background-container ui--tagline-background-image radius-3px\"><\/div><div  class=\"ui--tagline-content\"><div class=\"ui-row row\">\n <div   class=\"ui-column span4\"><div id=\"nav_menu-12\" class=\"widget widget_nav_menu\"><h4 class=\"sidebar-widget-title ui--widget-title\"><span>SZKOLENIA<\/span><\/h4><div class=\"menu-szkolenia-container\"><ul id=\"menu-szkolenia\" class=\"menu\"><li id=\"menu-item-1745\" class=\"menu-item menu-item-type-post_type menu-item-object-page depth-0 to-right\"><a href=\"https:\/\/beauty-center.pl\/index.php\/przedluzanie-i-zageszczanie-rzes\/\">PRZED\u0141U\u017bANIE I ZAG\u0118SZCZANIE RZ\u0118S 2D I 3D<\/a><\/li>\n<li id=\"menu-item-1750\" class=\"menu-item menu-item-type-post_type menu-item-object-page depth-0 to-right\"><a href=\"https:\/\/beauty-center.pl\/index.php\/szkolenie-trwale-przedluzanie-rzes\/\">szkolenia TRWA\u0141E PRZED\u0141U\u017bANIE RZ\u0118S 1:1<\/a><\/li>\n<li id=\"menu-item-2597\" class=\"menu-item menu-item-type-post_type menu-item-object-page depth-0 to-right\"><a href=\"https:\/\/beauty-center.pl\/index.php\/szkolenie-nici-pdo\/\">szkolenie NICI PDO<\/a><\/li>\n<li id=\"menu-item-2600\" class=\"menu-item menu-item-type-post_type menu-item-object-page depth-0 to-right\"><a href=\"https:\/\/beauty-center.pl\/index.php\/szkolenie-z-makijazu-permanentnego\/\">szkolenie MAKIJA\u017b PERMANENTNY<\/a><\/li>\n<li id=\"menu-item-2603\" class=\"menu-item menu-item-type-post_type menu-item-object-page depth-0 to-right\"><a href=\"https:\/\/beauty-center.pl\/index.php\/szkolenie-z-kwasu-hialuronowego\/\">szkolenie z KWASU HIALURONOWEGO<\/a><\/li>\n<li id=\"menu-item-2612\" class=\"menu-item menu-item-type-post_type menu-item-object-page depth-0 to-right\"><a href=\"https:\/\/beauty-center.pl\/index.php\/2609-2\/\">szkolenie ze STYLIZACJI PAZNOKCI<\/a><\/li>\n<li id=\"menu-item-2615\" class=\"menu-item menu-item-type-post_type menu-item-object-page depth-0 to-right\"><a href=\"https:\/\/beauty-center.pl\/index.php\/modelowanie-ust-metoda-na-plasko\/\">MODELOWANIE UST METOD\u0104 NA P\u0141ASKO<\/a><\/li>\n<li id=\"menu-item-2619\" class=\"menu-item menu-item-type-post_type menu-item-object-page depth-0 to-right\"><a href=\"https:\/\/beauty-center.pl\/index.php\/szkolenie-z-piercingu\/\">szkolenie z PIERCINGU<\/a><\/li>\n<li id=\"menu-item-2623\" class=\"menu-item menu-item-type-post_type menu-item-object-page depth-0 to-right\"><a href=\"https:\/\/beauty-center.pl\/index.php\/intensywny-kurs-kosmetyki-stosowanej\/\">INTENSYWNY KURS KOSMETYKI STOSOWANEJ<\/a><\/li>\n<li id=\"menu-item-2627\" class=\"menu-item menu-item-type-post_type menu-item-object-page depth-0 to-right\"><a href=\"https:\/\/beauty-center.pl\/index.php\/szkolenie-z-zabiegow-eksfoliacji-kwasami\/\">szkolenie z ZABIEG\u00d3W EKSFOLIACJI KWASAMI<\/a><\/li>\n<li id=\"menu-item-1753\" class=\"menu-item menu-item-type-post_type menu-item-object-page depth-0 to-right\"><a href=\"https:\/\/beauty-center.pl\/index.php\/szkolenia-cennik\/\">SZKOLENIA CENNIK<\/a><\/li>\n<\/ul><\/div><\/div><div class=\"auto-format ui--animation\"><\/div><\/div> \n\n <div   class=\"ui-column span8\"><div class=\"ui--title ui--animation ui--title-bordered text-center\"><div class=\"ui--title-holder\"><h3 class=\"ui--title-text\" style=\"color: #bd1e9d !important;\">szkolenie z makija\u017cu permanentnego<\/h3><div style=\"border-color: #bd1e9d !important;\" class=\"ui--title-borders ui--title-border-left\"><\/div><div style=\"border-color: #bd1e9d !important;\" class=\"ui--title-borders ui--title-border-right\"><\/div><\/div><\/div><div class=\"ui--image-wrap clearfix text-center ui--block\" style=\"margin-bottom: 20px;\"><img loading=\"lazy\" decoding=\"async\" width=\"200\" height=\"195\" src=\"https:\/\/beauty-center.pl\/wp-content\/uploads\/2022\/11\/avatar-1.jpg\" class=\"ui--image ui--animation\" alt=\"\" title=\"avatar\" id=\"ui--image-1\" \/><\/div><div class=\"auto-format ui--animation\"><p>\n<strong>Szkolenie makija\u017c permanentny brwi metod\u0105 pi\u00f3rkow\u0105:<\/strong><br \/>\nMetoda pi\u00f3rkowa jest to jedna z najbardziej naturalnych metod rysowania brwi \u201ew\u0142os po w\u0142osie\u201d za pomoc\u0105 sterylnego pi\u00f3ra.<br \/>\nJest to innowacyjna metoda, kt\u00f3ra zyska\u0142a du\u017ce grono popularno\u015bci w\u015br\u00f3d klientek dzi\u0119ki czemu, zyskamy na rynku wi\u0119ksz\u0105 konkurencyjno\u015b\u0107.<br \/>\nZaj\u0119cia odbywaj\u0105 si\u0119 w trybie indywidualnym, 80% praktyki.<br \/>\nAbsolwent kursu otrzymuje certyfikat upowa\u017cniaj\u0105cy do wykonywania zawodu.<br \/>\nMakija\u017c permanentny brwi metod\u0105 pi\u00f3rkow\u0105 nadaje absolutnie naturalny efekt dzi\u0119ki wprowadzaniu pigmentu w formie pojedynczych w\u0142osk\u00f3w. Jest to kurs uzupe\u0142niaj\u0105cy mikropigmentacji i daje mo\u017cliwo\u015b\u0107 poszerzenia Pa\u0144stwa kompetencji.<\/p>\n<p>pozwala na zupe\u0142ne rekonstruowanie i uzupe\u0142nianie w\u0142os\u00f3w brwi<br \/>\n\u2022 gwarantuje bardzo naturalny wygl\u0105d,<br \/>\n\u2022 zabieg jest w 100 % sterylny, poniewa\u017c wykonywany jest za pomoc\u0105 sterylnych pi\u00f3rek sk\u0142adaj\u0105cych si\u0119 z p\u0142askich igie\u0142 \u0142\u0105czonych, kt\u00f3re s\u0105 wy\u0142\u0105cznie jednorazowego u\u017cytku,<br \/>\n\u2022 zabieg jest bezkrwawy i w zwi\u0105zku z tym praktycznie bezbolesny,<br \/>\n\u2022 metoda ta zapewnia bardzo kr\u00f3tki czas wykonania zabiegu,<br \/>\n\u2022 po zabiegu obrz\u0119k jest praktycznie minimalny,<br \/>\n\u2022 makija\u017c ten zapewnia nam bardzo kr\u00f3tki czas gojenia,<br \/>\n* metoda pi\u00f3rkowo &#8211; kreskowa gwarantuje bezpiecze\u0144stwo wykonanego zabiegu, gdy\u017c w trakcie wykonywania go barwnik wprowadzany jest jedynie w nask\u00f3rek nie powoduj\u0105c uszkodzenia sk\u00f3ry w\u0142a\u015bciwej.<\/p>\n<p>Po uko\u0144czeniu szkolenia kursantka otrzymuje gratisowo jeden certyfikat w wybranym j\u0119zyku (polskim, angielskim, niemieckim, w\u0142oskim lub innym na \u017cyczenie). Ka\u017cdy dodatkowy certyfikat jest p\u0142atny 40 z\u0142.<\/p>\n<p><strong>2 dni- 3500 z\u0142. (netto)<\/strong> z mo\u017cliwo\u015bci\u0105 wykonania modelkom korekty za ok. 4 tygodnie od pierwszego zabiegu microblanding ( decyzj\u0119 zostawiamy kursantkom)<br \/>\n<strong>1 dzie\u0144 &#8211; 2000 z\u0142. (netto)<\/strong>, z mo\u017cliwo\u015bci\u0105 wykonania modelkom korekty za ok. 4 tygodnie od pierwszego zabiegu microblanding ( decyzj\u0119 zostawiamy kursantkom) <\/p>\n<\/div><\/div> \n\n<\/div> \n<\/div><\/div><\/div>","protected":false},"excerpt":{"rendered":"<p>SZKOLENIAPRZED\u0141U\u017bANIE I ZAG\u0118SZCZANIE RZ\u0118S 2D I 3D szkolenia TRWA\u0141E PRZED\u0141U\u017bANIE RZ\u0118S 1:1 szkolenie NICI PDO szkolenie MAKIJA\u017b PERMANENTNY szkolenie z KWASU HIALURONOWEGO szkolenie ze STYLIZACJI PAZNOKCI MODELOWANIE UST METOD\u0104 NA P\u0141ASKO szkolenie z PIERCINGU INTENSYWNY KURS KOSMETYKI STOSOWANEJ szkolenie z ZABIEG\u00d3W EKSFOLIACJI KWASAMI SZKOLENIA CENNIK szkolenie z makija\u017cu permanentnego Szkolenie makija\u017c permanentny brwi metod\u0105 pi\u00f3rkow\u0105: [&hellip;]<\/p>\n","protected":false},"author":2,"featured_media":0,"parent":0,"menu_order":0,"comment_status":"closed","ping_status":"closed","template":"","meta":{"footnotes":""},"class_list":["post-2598","page","type-page","status-publish","hentry"],"_links":{"self":[{"href":"https:\/\/beauty-center.pl\/index.php\/wp-json\/wp\/v2\/pages\/2598","targetHints":{"allow":["GET"]}}],"collection":[{"href":"https:\/\/beauty-center.pl\/index.php\/wp-json\/wp\/v2\/pages"}],"about":[{"href":"https:\/\/beauty-center.pl\/index.php\/wp-json\/wp\/v2\/types\/page"}],"author":[{"embeddable":true,"href":"https:\/\/beauty-center.pl\/index.php\/wp-json\/wp\/v2\/users\/2"}],"replies":[{"embeddable":true,"href":"https:\/\/beauty-center.pl\/index.php\/wp-json\/wp\/v2\/comments?post=2598"}],"version-history":[{"count":1,"href":"https:\/\/beauty-center.pl\/index.php\/wp-json\/wp\/v2\/pages\/2598\/revisions"}],"predecessor-version":[{"id":2599,"href":"https:\/\/beauty-center.pl\/index.php\/wp-json\/wp\/v2\/pages\/2598\/revisions\/2599"}],"wp:attachment":[{"href":"https:\/\/beauty-center.pl\/index.php\/wp-json\/wp\/v2\/media?parent=2598"}],"curies":[{"name":"wp","href":"https:\/\/api.w.org\/{rel}","templated":true}]}}