{"id":2601,"date":"2022-11-08T14:15:44","date_gmt":"2022-11-08T13:15:44","guid":{"rendered":"http:\/\/beauty-center.pl\/?page_id=2601"},"modified":"2022-11-08T14:15:44","modified_gmt":"2022-11-08T13:15:44","slug":"szkolenie-z-kwasu-hialuronowego","status":"publish","type":"page","link":"https:\/\/beauty-center.pl\/index.php\/szkolenie-z-kwasu-hialuronowego\/","title":{"rendered":"szkolenie z kwasu hialuronowego"},"content":{"rendered":"<div  class=\"ui--tagline-box-wrapper ui--animation clearfix\"><div  id=\"tagline-1\" class=\"ui--tagline-box ui-row clearfix ui--tagline-box-custom-color radius-3px\" data-responsive=\"{&quot;css&quot;:{&quot;min-height&quot;:{&quot;phone&quot;:&quot;auto&quot;,&quot;tablet&quot;:&quot;auto&quot;,&quot;widescreen&quot;:&quot;&quot;}}}\"><div  class=\"ui--tagline-background-container ui--tagline-background-overlay radius-3px\"><\/div><div  class=\"ui--tagline-background-container ui--tagline-background-image radius-3px\"><\/div><div  class=\"ui--tagline-content\"><div class=\"ui-row row\">\n <div   class=\"ui-column span4\"><div id=\"nav_menu-12\" class=\"widget widget_nav_menu\"><h4 class=\"sidebar-widget-title ui--widget-title\"><span>SZKOLENIA<\/span><\/h4><div class=\"menu-szkolenia-container\"><ul id=\"menu-szkolenia\" class=\"menu\"><li id=\"menu-item-1745\" class=\"menu-item menu-item-type-post_type menu-item-object-page depth-0 to-right\"><a href=\"https:\/\/beauty-center.pl\/index.php\/przedluzanie-i-zageszczanie-rzes\/\">PRZED\u0141U\u017bANIE I ZAG\u0118SZCZANIE RZ\u0118S 2D I 3D<\/a><\/li>\n<li id=\"menu-item-1750\" class=\"menu-item menu-item-type-post_type menu-item-object-page depth-0 to-right\"><a href=\"https:\/\/beauty-center.pl\/index.php\/szkolenie-trwale-przedluzanie-rzes\/\">szkolenia TRWA\u0141E PRZED\u0141U\u017bANIE RZ\u0118S 1:1<\/a><\/li>\n<li id=\"menu-item-2597\" class=\"menu-item menu-item-type-post_type menu-item-object-page depth-0 to-right\"><a href=\"https:\/\/beauty-center.pl\/index.php\/szkolenie-nici-pdo\/\">szkolenie NICI PDO<\/a><\/li>\n<li id=\"menu-item-2600\" class=\"menu-item menu-item-type-post_type menu-item-object-page depth-0 to-right\"><a href=\"https:\/\/beauty-center.pl\/index.php\/szkolenie-z-makijazu-permanentnego\/\">szkolenie MAKIJA\u017b PERMANENTNY<\/a><\/li>\n<li id=\"menu-item-2603\" class=\"menu-item menu-item-type-post_type menu-item-object-page depth-0 to-right\"><a href=\"https:\/\/beauty-center.pl\/index.php\/szkolenie-z-kwasu-hialuronowego\/\">szkolenie z KWASU HIALURONOWEGO<\/a><\/li>\n<li id=\"menu-item-2612\" class=\"menu-item menu-item-type-post_type menu-item-object-page depth-0 to-right\"><a href=\"https:\/\/beauty-center.pl\/index.php\/2609-2\/\">szkolenie ze STYLIZACJI PAZNOKCI<\/a><\/li>\n<li id=\"menu-item-2615\" class=\"menu-item menu-item-type-post_type menu-item-object-page depth-0 to-right\"><a href=\"https:\/\/beauty-center.pl\/index.php\/modelowanie-ust-metoda-na-plasko\/\">MODELOWANIE UST METOD\u0104 NA P\u0141ASKO<\/a><\/li>\n<li id=\"menu-item-2619\" class=\"menu-item menu-item-type-post_type menu-item-object-page depth-0 to-right\"><a href=\"https:\/\/beauty-center.pl\/index.php\/szkolenie-z-piercingu\/\">szkolenie z PIERCINGU<\/a><\/li>\n<li id=\"menu-item-2623\" class=\"menu-item menu-item-type-post_type menu-item-object-page depth-0 to-right\"><a href=\"https:\/\/beauty-center.pl\/index.php\/intensywny-kurs-kosmetyki-stosowanej\/\">INTENSYWNY KURS KOSMETYKI STOSOWANEJ<\/a><\/li>\n<li id=\"menu-item-2627\" class=\"menu-item menu-item-type-post_type menu-item-object-page depth-0 to-right\"><a href=\"https:\/\/beauty-center.pl\/index.php\/szkolenie-z-zabiegow-eksfoliacji-kwasami\/\">szkolenie z ZABIEG\u00d3W EKSFOLIACJI KWASAMI<\/a><\/li>\n<li id=\"menu-item-1753\" class=\"menu-item menu-item-type-post_type menu-item-object-page depth-0 to-right\"><a href=\"https:\/\/beauty-center.pl\/index.php\/szkolenia-cennik\/\">SZKOLENIA CENNIK<\/a><\/li>\n<\/ul><\/div><\/div><div class=\"auto-format ui--animation\"><\/div><\/div> \n\n <div   class=\"ui-column span8\"><div class=\"ui--title ui--animation ui--title-bordered text-center\"><div class=\"ui--title-holder\"><h3 class=\"ui--title-text\" style=\"color: #bd1e9d !important;\">szkolenie z kwasu hialuronowego<\/h3><div style=\"border-color: #bd1e9d !important;\" class=\"ui--title-borders ui--title-border-left\"><\/div><div style=\"border-color: #bd1e9d !important;\" class=\"ui--title-borders ui--title-border-right\"><\/div><\/div><\/div><div class=\"ui--image-wrap clearfix text-center ui--block\" style=\"margin-bottom: 20px;\"><img loading=\"lazy\" decoding=\"async\" width=\"160\" height=\"245\" src=\"https:\/\/beauty-center.pl\/wp-content\/uploads\/2022\/11\/avatar-2.jpg\" class=\"ui--image ui--animation\" alt=\"\" title=\"avatar\" id=\"ui--image-1\" \/><\/div><div class=\"auto-format ui--animation\">\n<p><strong>Szkolenie z wype\u0142niania kwasem hialuronowym:<\/strong><br \/>\nOferujemy Pa\u0144stwu r\u00f3wnie\u017c szkolenia z zakresu kosmetologii estetycznej.<br \/>\nKwas hialuronowy wyst\u0119puje w sk\u00f3rze, jest jej podstawowym sk\u0142adnikiem. Niestety z wiekiem stopniowo zmniejsza si\u0119 jego ilo\u015b\u0107, czego skutkiem jest utrata nawil\u017cenia, napi\u0119cia sk\u00f3ry oraz wyst\u0119powanie zmarszczek i bruzd. Iniekcja kwasu hialuronowego do sk\u00f3ry w\u0142a\u015bciwej uzupe\u0142nia jego niedob\u00f3r, nawil\u017ca sk\u00f3r\u0119, wype\u0142nia zmarszczki, nadaje obj\u0119to\u015b\u0107, modeluje usta oraz poprawia kontur twarzy.<\/p>\n<p><strong>Wype\u0142nienia zmarszczek kwasem hialuronowym.<\/strong><br \/>\nSzkolenie obejmuje cz\u0119\u015b\u0107 teoretyczn\u0105 na kt\u00f3rej omawiane b\u0119dzie:<br \/>\nObszary  do korekty wype\u0142niaczami,<br \/>\nPreparaty dost\u0119pne w Polsce,<br \/>\nZasady znieczulenia,<br \/>\nMetody korekcji :<br \/>\n&#8211; zmarszczek,<br \/>\n&#8211; bruzd nosowo-wargowych,<br \/>\n&#8211; bruzdy marionetki,<br \/>\n&#8211; wype\u0142nienie i konturowanie ust,<br \/>\n-modelowanie policzk\u00f3w <\/p>\n<p>Post\u0119powanie w przypadku podania nadmiaru preparatu,<br \/>\nOm\u00f3wienie: karta pacjenta\/zgoda na wykonanie zabiegu<br \/>\noraz cz\u0119\u015b\u0107 praktyczna gdzie samodzielnie zostanie wykonany zabieg poszczeg\u00f3lnych technik.<\/p>\n<p>Po uko\u0144czeniu szkolenia kursantka otrzymuje gratisowo jeden certyfikat w wybranym j\u0119zyku (polskim, angielskim, niemieckim, w\u0142oskim lub innym na \u017cyczenie). <\/p>\n<p><strong>Cena : 1800 z\u0142 netto (jeden dzie\u0144)<\/strong><\/p>\n<\/div><\/div> \n\n<\/div> \n<\/div><\/div><\/div>","protected":false},"excerpt":{"rendered":"<p>SZKOLENIAPRZED\u0141U\u017bANIE I ZAG\u0118SZCZANIE RZ\u0118S 2D I 3D szkolenia TRWA\u0141E PRZED\u0141U\u017bANIE RZ\u0118S 1:1 szkolenie NICI PDO szkolenie MAKIJA\u017b PERMANENTNY szkolenie z KWASU HIALURONOWEGO szkolenie ze STYLIZACJI PAZNOKCI MODELOWANIE UST METOD\u0104 NA P\u0141ASKO szkolenie z PIERCINGU INTENSYWNY KURS KOSMETYKI STOSOWANEJ szkolenie z ZABIEG\u00d3W EKSFOLIACJI KWASAMI SZKOLENIA CENNIK szkolenie z kwasu hialuronowego Szkolenie z wype\u0142niania kwasem hialuronowym: Oferujemy [&hellip;]<\/p>\n","protected":false},"author":2,"featured_media":0,"parent":0,"menu_order":0,"comment_status":"closed","ping_status":"closed","template":"","meta":{"footnotes":""},"class_list":["post-2601","page","type-page","status-publish","hentry"],"_links":{"self":[{"href":"https:\/\/beauty-center.pl\/index.php\/wp-json\/wp\/v2\/pages\/2601","targetHints":{"allow":["GET"]}}],"collection":[{"href":"https:\/\/beauty-center.pl\/index.php\/wp-json\/wp\/v2\/pages"}],"about":[{"href":"https:\/\/beauty-center.pl\/index.php\/wp-json\/wp\/v2\/types\/page"}],"author":[{"embeddable":true,"href":"https:\/\/beauty-center.pl\/index.php\/wp-json\/wp\/v2\/users\/2"}],"replies":[{"embeddable":true,"href":"https:\/\/beauty-center.pl\/index.php\/wp-json\/wp\/v2\/comments?post=2601"}],"version-history":[{"count":1,"href":"https:\/\/beauty-center.pl\/index.php\/wp-json\/wp\/v2\/pages\/2601\/revisions"}],"predecessor-version":[{"id":2602,"href":"https:\/\/beauty-center.pl\/index.php\/wp-json\/wp\/v2\/pages\/2601\/revisions\/2602"}],"wp:attachment":[{"href":"https:\/\/beauty-center.pl\/index.php\/wp-json\/wp\/v2\/media?parent=2601"}],"curies":[{"name":"wp","href":"https:\/\/api.w.org\/{rel}","templated":true}]}}