{"id":2613,"date":"2022-11-09T10:56:44","date_gmt":"2022-11-09T09:56:44","guid":{"rendered":"http:\/\/beauty-center.pl\/?page_id=2613"},"modified":"2022-11-09T10:56:44","modified_gmt":"2022-11-09T09:56:44","slug":"modelowanie-ust-metoda-na-plasko","status":"publish","type":"page","link":"https:\/\/beauty-center.pl\/index.php\/modelowanie-ust-metoda-na-plasko\/","title":{"rendered":"MODELOWANIE UST METOD\u0104 NA P\u0141ASKO"},"content":{"rendered":"<div  class=\"ui--tagline-box-wrapper ui--animation clearfix\"><div  id=\"tagline-1\" class=\"ui--tagline-box ui-row clearfix ui--tagline-box-custom-color radius-3px\" data-responsive=\"{&quot;css&quot;:{&quot;min-height&quot;:{&quot;phone&quot;:&quot;auto&quot;,&quot;tablet&quot;:&quot;auto&quot;,&quot;widescreen&quot;:&quot;&quot;}}}\"><div  class=\"ui--tagline-background-container ui--tagline-background-overlay radius-3px\"><\/div><div  class=\"ui--tagline-background-container ui--tagline-background-image radius-3px\"><\/div><div  class=\"ui--tagline-content\"><div class=\"ui-row row\">\n <div   class=\"ui-column span4\"><div id=\"nav_menu-12\" class=\"widget widget_nav_menu\"><h4 class=\"sidebar-widget-title ui--widget-title\"><span>SZKOLENIA<\/span><\/h4><div class=\"menu-szkolenia-container\"><ul id=\"menu-szkolenia\" class=\"menu\"><li id=\"menu-item-1745\" class=\"menu-item menu-item-type-post_type menu-item-object-page depth-0 to-right\"><a href=\"https:\/\/beauty-center.pl\/index.php\/przedluzanie-i-zageszczanie-rzes\/\">PRZED\u0141U\u017bANIE I ZAG\u0118SZCZANIE RZ\u0118S 2D I 3D<\/a><\/li>\n<li id=\"menu-item-1750\" class=\"menu-item menu-item-type-post_type menu-item-object-page depth-0 to-right\"><a href=\"https:\/\/beauty-center.pl\/index.php\/szkolenie-trwale-przedluzanie-rzes\/\">szkolenia TRWA\u0141E PRZED\u0141U\u017bANIE RZ\u0118S 1:1<\/a><\/li>\n<li id=\"menu-item-2597\" class=\"menu-item menu-item-type-post_type menu-item-object-page depth-0 to-right\"><a href=\"https:\/\/beauty-center.pl\/index.php\/szkolenie-nici-pdo\/\">szkolenie NICI PDO<\/a><\/li>\n<li id=\"menu-item-2600\" class=\"menu-item menu-item-type-post_type menu-item-object-page depth-0 to-right\"><a href=\"https:\/\/beauty-center.pl\/index.php\/szkolenie-z-makijazu-permanentnego\/\">szkolenie MAKIJA\u017b PERMANENTNY<\/a><\/li>\n<li id=\"menu-item-2603\" class=\"menu-item menu-item-type-post_type menu-item-object-page depth-0 to-right\"><a href=\"https:\/\/beauty-center.pl\/index.php\/szkolenie-z-kwasu-hialuronowego\/\">szkolenie z KWASU HIALURONOWEGO<\/a><\/li>\n<li id=\"menu-item-2612\" class=\"menu-item menu-item-type-post_type menu-item-object-page depth-0 to-right\"><a href=\"https:\/\/beauty-center.pl\/index.php\/2609-2\/\">szkolenie ze STYLIZACJI PAZNOKCI<\/a><\/li>\n<li id=\"menu-item-2615\" class=\"menu-item menu-item-type-post_type menu-item-object-page depth-0 to-right\"><a href=\"https:\/\/beauty-center.pl\/index.php\/modelowanie-ust-metoda-na-plasko\/\">MODELOWANIE UST METOD\u0104 NA P\u0141ASKO<\/a><\/li>\n<li id=\"menu-item-2619\" class=\"menu-item menu-item-type-post_type menu-item-object-page depth-0 to-right\"><a href=\"https:\/\/beauty-center.pl\/index.php\/szkolenie-z-piercingu\/\">szkolenie z PIERCINGU<\/a><\/li>\n<li id=\"menu-item-2623\" class=\"menu-item menu-item-type-post_type menu-item-object-page depth-0 to-right\"><a href=\"https:\/\/beauty-center.pl\/index.php\/intensywny-kurs-kosmetyki-stosowanej\/\">INTENSYWNY KURS KOSMETYKI STOSOWANEJ<\/a><\/li>\n<li id=\"menu-item-2627\" class=\"menu-item menu-item-type-post_type menu-item-object-page depth-0 to-right\"><a href=\"https:\/\/beauty-center.pl\/index.php\/szkolenie-z-zabiegow-eksfoliacji-kwasami\/\">szkolenie z ZABIEG\u00d3W EKSFOLIACJI KWASAMI<\/a><\/li>\n<li id=\"menu-item-1753\" class=\"menu-item menu-item-type-post_type menu-item-object-page depth-0 to-right\"><a href=\"https:\/\/beauty-center.pl\/index.php\/szkolenia-cennik\/\">SZKOLENIA CENNIK<\/a><\/li>\n<\/ul><\/div><\/div><div class=\"auto-format ui--animation\"><\/div><\/div> \n\n <div   class=\"ui-column span8\"><div class=\"ui--title ui--animation ui--title-bordered text-center\"><div class=\"ui--title-holder\"><h3 class=\"ui--title-text\" style=\"color: #bd1e9d !important;\">MODELOWANIE UST METOD\u0104 NA P\u0141ASKO<\/h3><div style=\"border-color: #bd1e9d !important;\" class=\"ui--title-borders ui--title-border-left\"><\/div><div style=\"border-color: #bd1e9d !important;\" class=\"ui--title-borders ui--title-border-right\"><\/div><\/div><\/div><div class=\"ui--image-wrap clearfix text-center ui--block\" style=\"margin-bottom: 20px;\"><img loading=\"lazy\" decoding=\"async\" width=\"779\" height=\"473\" src=\"https:\/\/beauty-center.pl\/wp-content\/uploads\/2022\/02\/usta.jpg\" class=\"ui--image ui--animation\" alt=\"\" title=\"usta\" id=\"ui--image-1\" srcset=\"https:\/\/beauty-center.pl\/wp-content\/uploads\/2022\/02\/usta.jpg 779w, https:\/\/beauty-center.pl\/wp-content\/uploads\/2022\/02\/usta-300x182.jpg 300w, https:\/\/beauty-center.pl\/wp-content\/uploads\/2022\/02\/usta-768x466.jpg 768w\" sizes=\"auto, (max-width: 779px) 100vw, 779px\" \/><\/div><div class=\"auto-format ui--animation\"><p><strong>Modelowanie ust metod\u0105 na p\u0142asko<\/strong><br \/>\nModelowanie ust metod\u0105 na p\u0142asko  to nowoczesna technika zastosowania  usieciowanego kwasu hialuronowego. Pi\u0119knie si\u0119 sprawdza przy konturowaniu i modelowaniu kszta\u0142tu warg metod\u0105 \u201erussian lips\u201d, a r\u00f3\u017cni si\u0119 od tradycyjnej sposobem podania preparatu  tj. ig\u0142\u0119 wbijamy pionowo w warg\u0119. Dzi\u0119ki temu uzyskujemy efekt j\u0119drnych, pe\u0142nych ust i idealnie wymodelowanego \u0142uku Kupidyna. Kurs jest rekomendowany dla lekarzy, kosmetolog\u00f3w i absolwent\u00f3w studi\u00f3w medycznych lub kosmetologicznych.<\/p>\n<p>Podczas szkolenia z zaawansowanych technik modelowania ust metod\u0105 rosyjsk\u0105 \u0142\u0105czymy zar\u00f3wno teori\u0119 jak i praktyk\u0119. Dzielimy si\u0119 do\u015bwiadczeniem i  technik\u0105 zabiegow\u0105:  metoda zatrzaskowa, metoda \u201emotyla\u201d, metoda \u201ewachlarzowa\u201d \u2013 przez \u015brodek czerwieni wargowej, metoda \u201ewachlarzowa\u201d \u2013 od konturu ust.<br \/>\nOferujemy te\u017c klasyczny kurs powi\u0119kszania ust.<\/p>\n<p>Cz\u0119\u015b\u0107 praktyczna<br \/>\n\u2022\tPokaz wykonany przez instruktora,<br \/>\n\u2022\tsamodzielne wykonanie zabiegu,<br \/>\n\u2022\tuwydatnianie konturu ust,<br \/>\n\u2022\tmodelowanie, unoszenie k\u0105cik\u00f3w ust,<br \/>\n\u2022\tpowi\u0119kszanie ust,<br \/>\n\u2022\tkorekcja ust,<br \/>\n\u2022\trekonstrukcja rynienek nosowo \u2013 wargowych,<br \/>\n\u2022\twype\u0142niania ust kwasem hialuronowym usieciowanym \u2013 metodami: zatrzaskowa, liniowa, na p\u0142asko, Russian Lips, Hollywood Volume<\/p>\n<p><strong>Kurs trwa 1 dzie\u0144 \u2013 koszt 2500 z\u0142<\/strong><\/p>\n<\/div><\/div> \n\n<\/div> \n<\/div><\/div><\/div>","protected":false},"excerpt":{"rendered":"<p>SZKOLENIAPRZED\u0141U\u017bANIE I ZAG\u0118SZCZANIE RZ\u0118S 2D I 3D szkolenia TRWA\u0141E PRZED\u0141U\u017bANIE RZ\u0118S 1:1 szkolenie NICI PDO szkolenie MAKIJA\u017b PERMANENTNY szkolenie z KWASU HIALURONOWEGO szkolenie ze STYLIZACJI PAZNOKCI MODELOWANIE UST METOD\u0104 NA P\u0141ASKO szkolenie z PIERCINGU INTENSYWNY KURS KOSMETYKI STOSOWANEJ szkolenie z ZABIEG\u00d3W EKSFOLIACJI KWASAMI SZKOLENIA CENNIK MODELOWANIE UST METOD\u0104 NA P\u0141ASKOModelowanie ust metod\u0105 na p\u0142asko Modelowanie [&hellip;]<\/p>\n","protected":false},"author":2,"featured_media":0,"parent":0,"menu_order":0,"comment_status":"closed","ping_status":"closed","template":"","meta":{"footnotes":""},"class_list":["post-2613","page","type-page","status-publish","hentry"],"_links":{"self":[{"href":"https:\/\/beauty-center.pl\/index.php\/wp-json\/wp\/v2\/pages\/2613","targetHints":{"allow":["GET"]}}],"collection":[{"href":"https:\/\/beauty-center.pl\/index.php\/wp-json\/wp\/v2\/pages"}],"about":[{"href":"https:\/\/beauty-center.pl\/index.php\/wp-json\/wp\/v2\/types\/page"}],"author":[{"embeddable":true,"href":"https:\/\/beauty-center.pl\/index.php\/wp-json\/wp\/v2\/users\/2"}],"replies":[{"embeddable":true,"href":"https:\/\/beauty-center.pl\/index.php\/wp-json\/wp\/v2\/comments?post=2613"}],"version-history":[{"count":1,"href":"https:\/\/beauty-center.pl\/index.php\/wp-json\/wp\/v2\/pages\/2613\/revisions"}],"predecessor-version":[{"id":2614,"href":"https:\/\/beauty-center.pl\/index.php\/wp-json\/wp\/v2\/pages\/2613\/revisions\/2614"}],"wp:attachment":[{"href":"https:\/\/beauty-center.pl\/index.php\/wp-json\/wp\/v2\/media?parent=2613"}],"curies":[{"name":"wp","href":"https:\/\/api.w.org\/{rel}","templated":true}]}}