{"id":2620,"date":"2022-11-09T11:50:18","date_gmt":"2022-11-09T10:50:18","guid":{"rendered":"http:\/\/beauty-center.pl\/?page_id=2620"},"modified":"2022-11-09T11:50:18","modified_gmt":"2022-11-09T10:50:18","slug":"intensywny-kurs-kosmetyki-stosowanej","status":"publish","type":"page","link":"https:\/\/beauty-center.pl\/index.php\/intensywny-kurs-kosmetyki-stosowanej\/","title":{"rendered":"INTENSYWNY KURS KOSMETYKI STOSOWANEJ"},"content":{"rendered":"<div  class=\"ui--tagline-box-wrapper ui--animation clearfix\"><div  id=\"tagline-1\" class=\"ui--tagline-box ui-row clearfix ui--tagline-box-custom-color radius-3px\" data-responsive=\"{&quot;css&quot;:{&quot;min-height&quot;:{&quot;phone&quot;:&quot;auto&quot;,&quot;tablet&quot;:&quot;auto&quot;,&quot;widescreen&quot;:&quot;&quot;}}}\"><div  class=\"ui--tagline-background-container ui--tagline-background-overlay radius-3px\"><\/div><div  class=\"ui--tagline-background-container ui--tagline-background-image radius-3px\"><\/div><div  class=\"ui--tagline-content\"><div class=\"ui-row row\">\n <div   class=\"ui-column span4\"><div id=\"nav_menu-12\" class=\"widget widget_nav_menu\"><h4 class=\"sidebar-widget-title ui--widget-title\"><span>SZKOLENIA<\/span><\/h4><div class=\"menu-szkolenia-container\"><ul id=\"menu-szkolenia\" class=\"menu\"><li id=\"menu-item-1745\" class=\"menu-item menu-item-type-post_type menu-item-object-page depth-0 to-right\"><a href=\"https:\/\/beauty-center.pl\/index.php\/przedluzanie-i-zageszczanie-rzes\/\">PRZED\u0141U\u017bANIE I ZAG\u0118SZCZANIE RZ\u0118S 2D I 3D<\/a><\/li>\n<li id=\"menu-item-1750\" class=\"menu-item menu-item-type-post_type menu-item-object-page depth-0 to-right\"><a href=\"https:\/\/beauty-center.pl\/index.php\/szkolenie-trwale-przedluzanie-rzes\/\">szkolenia TRWA\u0141E PRZED\u0141U\u017bANIE RZ\u0118S 1:1<\/a><\/li>\n<li id=\"menu-item-2597\" class=\"menu-item menu-item-type-post_type menu-item-object-page depth-0 to-right\"><a href=\"https:\/\/beauty-center.pl\/index.php\/szkolenie-nici-pdo\/\">szkolenie NICI PDO<\/a><\/li>\n<li id=\"menu-item-2600\" class=\"menu-item menu-item-type-post_type menu-item-object-page depth-0 to-right\"><a href=\"https:\/\/beauty-center.pl\/index.php\/szkolenie-z-makijazu-permanentnego\/\">szkolenie MAKIJA\u017b PERMANENTNY<\/a><\/li>\n<li id=\"menu-item-2603\" class=\"menu-item menu-item-type-post_type menu-item-object-page depth-0 to-right\"><a href=\"https:\/\/beauty-center.pl\/index.php\/szkolenie-z-kwasu-hialuronowego\/\">szkolenie z KWASU HIALURONOWEGO<\/a><\/li>\n<li id=\"menu-item-2612\" class=\"menu-item menu-item-type-post_type menu-item-object-page depth-0 to-right\"><a href=\"https:\/\/beauty-center.pl\/index.php\/2609-2\/\">szkolenie ze STYLIZACJI PAZNOKCI<\/a><\/li>\n<li id=\"menu-item-2615\" class=\"menu-item menu-item-type-post_type menu-item-object-page depth-0 to-right\"><a href=\"https:\/\/beauty-center.pl\/index.php\/modelowanie-ust-metoda-na-plasko\/\">MODELOWANIE UST METOD\u0104 NA P\u0141ASKO<\/a><\/li>\n<li id=\"menu-item-2619\" class=\"menu-item menu-item-type-post_type menu-item-object-page depth-0 to-right\"><a href=\"https:\/\/beauty-center.pl\/index.php\/szkolenie-z-piercingu\/\">szkolenie z PIERCINGU<\/a><\/li>\n<li id=\"menu-item-2623\" class=\"menu-item menu-item-type-post_type menu-item-object-page depth-0 to-right\"><a href=\"https:\/\/beauty-center.pl\/index.php\/intensywny-kurs-kosmetyki-stosowanej\/\">INTENSYWNY KURS KOSMETYKI STOSOWANEJ<\/a><\/li>\n<li id=\"menu-item-2627\" class=\"menu-item menu-item-type-post_type menu-item-object-page depth-0 to-right\"><a href=\"https:\/\/beauty-center.pl\/index.php\/szkolenie-z-zabiegow-eksfoliacji-kwasami\/\">szkolenie z ZABIEG\u00d3W EKSFOLIACJI KWASAMI<\/a><\/li>\n<li id=\"menu-item-1753\" class=\"menu-item menu-item-type-post_type menu-item-object-page depth-0 to-right\"><a href=\"https:\/\/beauty-center.pl\/index.php\/szkolenia-cennik\/\">SZKOLENIA CENNIK<\/a><\/li>\n<\/ul><\/div><\/div><div class=\"auto-format ui--animation\"><\/div><\/div> \n\n <div   class=\"ui-column span8\"><div class=\"ui--title ui--animation ui--title-bordered text-center\"><div class=\"ui--title-holder\"><h3 class=\"ui--title-text\" style=\"color: #bd1e9d !important;\">intensywny kurs KOSMETYKI STOSOWANEJ<\/h3><div style=\"border-color: #bd1e9d !important;\" class=\"ui--title-borders ui--title-border-left\"><\/div><div style=\"border-color: #bd1e9d !important;\" class=\"ui--title-borders ui--title-border-right\"><\/div><\/div><\/div><div class=\"ui--image-wrap clearfix text-center ui--block\" style=\"margin-bottom: 20px;\"><img loading=\"lazy\" decoding=\"async\" width=\"225\" height=\"224\" src=\"https:\/\/beauty-center.pl\/wp-content\/uploads\/2022\/11\/avatar-5.jpg\" class=\"ui--image ui--animation\" alt=\"\" title=\"avatar\" id=\"ui--image-1\" srcset=\"https:\/\/beauty-center.pl\/wp-content\/uploads\/2022\/11\/avatar-5.jpg 225w, https:\/\/beauty-center.pl\/wp-content\/uploads\/2022\/11\/avatar-5-150x150.jpg 150w\" sizes=\"auto, (max-width: 225px) 100vw, 225px\" \/><\/div><div class=\"auto-format ui--animation\"><p> Intensywny Kurs Kosmetyki Stosowanej<br \/>\n&#8211;<strong>kurs Kosmetyczny 1 tydzie\u0144 1800z\u0142.<\/strong><br \/>\n&#8211;<strong>kurs Kosmetyczny 4 tygodnie 2500z\u0142.<\/strong><br \/>\n&#8211;<strong>kurs Kosmetyczny 8 tygodni 3200z\u0142<\/strong><\/p>\n<p>PRAKTYKA<br \/>\n-diagnostyka sk\u00f3ry<br \/>\n-zabiegi kosmetyczne z zastosowaniem r\u00f3\u017cnych maseczek, krem\u00f3w, ampu\u0142ek, aparat\u00f3w<br \/>\n-higieniczne oczyszczanie sk\u00f3ry<br \/>\n-henna i regulacja<br \/>\n-masa\u017c kosmetyczny twarzy<br \/>\n-mikrodermabrazja,<br \/>\n-ultrad\u017awi\u0119ki,<br \/>\n-peeling kawitacyjny,<br \/>\n-elektrostymulacja<br \/>\n-\u015bwiat\u0142oterapia,<br \/>\n-zabiegi laserowe,<br \/>\n-depilacja ca\u0142ego cia\u0142a<br \/>\n-zabiegi na cia\u0142o; Body-wraping. zabiegi antycellulitowe, koc infrarot<br \/>\n-galwanizacja i jontoforeza, d\u2019arsonvalizacja.<br \/>\n-przek\u0142uwanie uszu,<br \/>\n-parafina,<br \/>\n-zabiegi z kwasami<br \/>\n\u2013 masa\u017c na podci\u015bnienie- endermologia<br \/>\n-drena\u017c limfatyczny<br \/>\n-piel\u0119gnacja d\u0142oni i st\u00f3p, \u2013 manicure, pedicure biologiczny<\/p>\n<p>TEORIA<br \/>\nOrganizacja pracy w gabinecie kosmetycznym<br \/>\nBHP w gabinecie Stylizacji Paznokci<br \/>\nMetody oraz \u015brodki Dezynfekcji i higieny pracy<br \/>\nPe\u0142na diagnostyka kosmetyczna.,<br \/>\nrodzaje sk\u00f3ry<br \/>\nAlergie sk\u00f3rne<br \/>\nUk\u0142ad limfatyczny<br \/>\nKwasy w kosmetyce<br \/>\nHydroterapia<br \/>\nRodzaje peeling\u00f3w<br \/>\nPiel\u0119gnacja sk\u00f3ry twarzy (maseczki),<br \/>\nSchorzenia sk\u00f3ry, kosmetologia lecznicza.,<br \/>\nHigieniczne oczyszczanie sk\u00f3ry,<br \/>\nlecznicze z\u0142uszczanie nask\u00f3rka,<br \/>\nW\u0142a\u015bciwo\u015bci mi\u0119\u015bni twarzy, szyi, dekoltu.<br \/>\nZagadnienia masa\u017cu kosmetycznego.<br \/>\n\u015awiat\u0142oterapia- leczenie kolorami<br \/>\nZastosowanie masek kosmetycznych.<br \/>\nPreparaty kosmetyczne \u2013 podzia\u0142 i ich praktyczne zastosowanie.<br \/>\nKosmetyka zachowawcza, poradnictwo.<br \/>\nSpecjalistyczne techniki aplikacji preparat\u00f3w.<br \/>\nPlanowanie i \u0142\u0105czenie zabieg\u00f3w<br \/>\nSchorzenia ko\u0144czyn dolnych i g\u00f3rnych, piel\u0119gnacja paznokci<br \/>\nzabiegi laserowe,<br \/>\nR\u00f3\u017cne metody stylizacji paznokci.<br \/>\nOm\u00f3wienie zagadnie\u0144 zwi\u0105zanych z marketingiem, pozyskiwaniem klient\u00f3w.<\/p>\n<\/div><\/div> \n\n<\/div> \n<\/div><\/div><\/div>","protected":false},"excerpt":{"rendered":"<p>SZKOLENIAPRZED\u0141U\u017bANIE I ZAG\u0118SZCZANIE RZ\u0118S 2D I 3D szkolenia TRWA\u0141E PRZED\u0141U\u017bANIE RZ\u0118S 1:1 szkolenie NICI PDO szkolenie MAKIJA\u017b PERMANENTNY szkolenie z KWASU HIALURONOWEGO szkolenie ze STYLIZACJI PAZNOKCI MODELOWANIE UST METOD\u0104 NA P\u0141ASKO szkolenie z PIERCINGU INTENSYWNY KURS KOSMETYKI STOSOWANEJ szkolenie z ZABIEG\u00d3W EKSFOLIACJI KWASAMI SZKOLENIA CENNIK intensywny kurs KOSMETYKI STOSOWANEJ Intensywny Kurs Kosmetyki Stosowanej &#8211;kurs Kosmetyczny [&hellip;]<\/p>\n","protected":false},"author":2,"featured_media":0,"parent":0,"menu_order":0,"comment_status":"closed","ping_status":"closed","template":"","meta":{"footnotes":""},"class_list":["post-2620","page","type-page","status-publish","hentry"],"_links":{"self":[{"href":"https:\/\/beauty-center.pl\/index.php\/wp-json\/wp\/v2\/pages\/2620","targetHints":{"allow":["GET"]}}],"collection":[{"href":"https:\/\/beauty-center.pl\/index.php\/wp-json\/wp\/v2\/pages"}],"about":[{"href":"https:\/\/beauty-center.pl\/index.php\/wp-json\/wp\/v2\/types\/page"}],"author":[{"embeddable":true,"href":"https:\/\/beauty-center.pl\/index.php\/wp-json\/wp\/v2\/users\/2"}],"replies":[{"embeddable":true,"href":"https:\/\/beauty-center.pl\/index.php\/wp-json\/wp\/v2\/comments?post=2620"}],"version-history":[{"count":1,"href":"https:\/\/beauty-center.pl\/index.php\/wp-json\/wp\/v2\/pages\/2620\/revisions"}],"predecessor-version":[{"id":2621,"href":"https:\/\/beauty-center.pl\/index.php\/wp-json\/wp\/v2\/pages\/2620\/revisions\/2621"}],"wp:attachment":[{"href":"https:\/\/beauty-center.pl\/index.php\/wp-json\/wp\/v2\/media?parent=2620"}],"curies":[{"name":"wp","href":"https:\/\/api.w.org\/{rel}","templated":true}]}}