{"id":2624,"date":"2022-11-09T12:00:17","date_gmt":"2022-11-09T11:00:17","guid":{"rendered":"http:\/\/beauty-center.pl\/?page_id=2624"},"modified":"2022-11-09T12:00:17","modified_gmt":"2022-11-09T11:00:17","slug":"szkolenie-z-zabiegow-eksfoliacji-kwasami","status":"publish","type":"page","link":"https:\/\/beauty-center.pl\/index.php\/szkolenie-z-zabiegow-eksfoliacji-kwasami\/","title":{"rendered":"szkolenie z ZABIEG\u00d3W EKSFOLIACJI KWASAMI"},"content":{"rendered":"<div  class=\"ui--tagline-box-wrapper ui--animation clearfix\"><div  id=\"tagline-1\" class=\"ui--tagline-box ui-row clearfix ui--tagline-box-custom-color radius-3px\" data-responsive=\"{&quot;css&quot;:{&quot;min-height&quot;:{&quot;phone&quot;:&quot;auto&quot;,&quot;tablet&quot;:&quot;auto&quot;,&quot;widescreen&quot;:&quot;&quot;}}}\"><div  class=\"ui--tagline-background-container ui--tagline-background-overlay radius-3px\"><\/div><div  class=\"ui--tagline-background-container ui--tagline-background-image radius-3px\"><\/div><div  class=\"ui--tagline-content\"><div class=\"ui-row row\">\n <div   class=\"ui-column span4\"><div id=\"nav_menu-12\" class=\"widget widget_nav_menu\"><h4 class=\"sidebar-widget-title ui--widget-title\"><span>SZKOLENIA<\/span><\/h4><div class=\"menu-szkolenia-container\"><ul id=\"menu-szkolenia\" class=\"menu\"><li id=\"menu-item-1745\" class=\"menu-item menu-item-type-post_type menu-item-object-page depth-0 to-right\"><a href=\"https:\/\/beauty-center.pl\/index.php\/przedluzanie-i-zageszczanie-rzes\/\">PRZED\u0141U\u017bANIE I ZAG\u0118SZCZANIE RZ\u0118S 2D I 3D<\/a><\/li>\n<li id=\"menu-item-1750\" class=\"menu-item menu-item-type-post_type menu-item-object-page depth-0 to-right\"><a href=\"https:\/\/beauty-center.pl\/index.php\/szkolenie-trwale-przedluzanie-rzes\/\">szkolenia TRWA\u0141E PRZED\u0141U\u017bANIE RZ\u0118S 1:1<\/a><\/li>\n<li id=\"menu-item-2597\" class=\"menu-item menu-item-type-post_type menu-item-object-page depth-0 to-right\"><a href=\"https:\/\/beauty-center.pl\/index.php\/szkolenie-nici-pdo\/\">szkolenie NICI PDO<\/a><\/li>\n<li id=\"menu-item-2600\" class=\"menu-item menu-item-type-post_type menu-item-object-page depth-0 to-right\"><a href=\"https:\/\/beauty-center.pl\/index.php\/szkolenie-z-makijazu-permanentnego\/\">szkolenie MAKIJA\u017b PERMANENTNY<\/a><\/li>\n<li id=\"menu-item-2603\" class=\"menu-item menu-item-type-post_type menu-item-object-page depth-0 to-right\"><a href=\"https:\/\/beauty-center.pl\/index.php\/szkolenie-z-kwasu-hialuronowego\/\">szkolenie z KWASU HIALURONOWEGO<\/a><\/li>\n<li id=\"menu-item-2612\" class=\"menu-item menu-item-type-post_type menu-item-object-page depth-0 to-right\"><a href=\"https:\/\/beauty-center.pl\/index.php\/2609-2\/\">szkolenie ze STYLIZACJI PAZNOKCI<\/a><\/li>\n<li id=\"menu-item-2615\" class=\"menu-item menu-item-type-post_type menu-item-object-page depth-0 to-right\"><a href=\"https:\/\/beauty-center.pl\/index.php\/modelowanie-ust-metoda-na-plasko\/\">MODELOWANIE UST METOD\u0104 NA P\u0141ASKO<\/a><\/li>\n<li id=\"menu-item-2619\" class=\"menu-item menu-item-type-post_type menu-item-object-page depth-0 to-right\"><a href=\"https:\/\/beauty-center.pl\/index.php\/szkolenie-z-piercingu\/\">szkolenie z PIERCINGU<\/a><\/li>\n<li id=\"menu-item-2623\" class=\"menu-item menu-item-type-post_type menu-item-object-page depth-0 to-right\"><a href=\"https:\/\/beauty-center.pl\/index.php\/intensywny-kurs-kosmetyki-stosowanej\/\">INTENSYWNY KURS KOSMETYKI STOSOWANEJ<\/a><\/li>\n<li id=\"menu-item-2627\" class=\"menu-item menu-item-type-post_type menu-item-object-page depth-0 to-right\"><a href=\"https:\/\/beauty-center.pl\/index.php\/szkolenie-z-zabiegow-eksfoliacji-kwasami\/\">szkolenie z ZABIEG\u00d3W EKSFOLIACJI KWASAMI<\/a><\/li>\n<li id=\"menu-item-1753\" class=\"menu-item menu-item-type-post_type menu-item-object-page depth-0 to-right\"><a href=\"https:\/\/beauty-center.pl\/index.php\/szkolenia-cennik\/\">SZKOLENIA CENNIK<\/a><\/li>\n<\/ul><\/div><\/div><div class=\"auto-format ui--animation\"><\/div><\/div> \n\n <div   class=\"ui-column span8\"><div class=\"ui--title ui--animation ui--title-bordered text-center\"><div class=\"ui--title-holder\"><h3 class=\"ui--title-text\" style=\"color: #bd1e9d !important;\">szkolenie z ZABIEG\u00d3W EKSFOLIACJI KWASAMI<\/h3><div style=\"border-color: #bd1e9d !important;\" class=\"ui--title-borders ui--title-border-left\"><\/div><div style=\"border-color: #bd1e9d !important;\" class=\"ui--title-borders ui--title-border-right\"><\/div><\/div><\/div><div class=\"ui--image-wrap clearfix text-center ui--block\" style=\"margin-bottom: 20px;\"><img loading=\"lazy\" decoding=\"async\" width=\"113\" height=\"84\" src=\"https:\/\/beauty-center.pl\/wp-content\/uploads\/2022\/11\/avatar-6.jpg\" class=\"ui--image ui--animation\" alt=\"\" title=\"avatar\" id=\"ui--image-1\" \/><\/div><div class=\"auto-format ui--animation\"><p>Zapraszamy na szkolenie z zabieg\u00f3w eksfoliacji kwasami:<br \/>\n\u2013 glikolowym AHA 30%<br \/>\n\u2013 migda\u0142owym (20%- 30%)<br \/>\n<strong>KOSZT UCZESTNICTWA: 1000z\u0142<\/strong><br \/>\nSzkolenie teoretyczno \u2013 praktyczne podnosz\u0105ce kwalifikacje z aplikacji produkt\u00f3w na bazie wysoko st\u0119\u017conych kwas\u00f3w glikolowego, migda\u0142owego, oraz ich wykorzystaniem w kosmetyce profesjonalnej<br \/>\nz uwzgl\u0119dnieniem wskaza\u0144 i przeciwwskaza\u0144 do wykonywania zabieg\u00f3w.<br \/>\nSzkolenie sk\u0142ada si\u0119 z cz\u0119\u015bci teoretycznej i praktycznej, zako\u0144czone jest certyfikatem<br \/>\nCZE\u015a\u0106 TEORETYCZNA obejmuje om\u00f3wienie zagadnie\u0144 zwi\u0105zanych z :<br \/>\n\u2013 Wskazania i przeciwwskazania do wykonania zabiegu<br \/>\n\u2013 Podzia\u0142 kwas\u00f3w i ich rodzaje<br \/>\n\u2013 Dzia\u0142anie kwas\u00f3w na sk\u00f3ry<br \/>\n\u2013 Schemat i przebieg zabiegu<br \/>\n\u2013 Rodzaje st\u0119\u017ce\u0144 i ich zastosowanie<br \/>\n\u2013 Szacowany koszt zu\u017cycia produkt\u00f3w<br \/>\nCZ\u0118\u015a\u0106 PRAKTYCZNA obejmuje nauk\u0119 wykonania na modelce<br \/>\nMo\u017cliwo\u015b\u0107 zakupy kwas\u00f3w.<br \/>\nPEELING CHEMICZNY to usuni\u0119cie defekt\u00f3w kosmetycznych oraz zmian chorobowych w obr\u0119bie nask\u00f3rka.<br \/>\nNask\u00f3rek sk\u0142ada si\u0119 z kilku warstw kom\u00f3rek u\u0142o\u017conych jedna na drugiej.<br \/>\nStosuj\u0105c peelingi medyczne mo\u017cna usuwa\u0107 poszczeg\u00f3lne warstwy nask\u00f3rka reguluj\u0105c g\u0142\u0119boko\u015b\u0107 z\u0142uszczania.<br \/>\nNajcz\u0119\u015bciej stosowany jest kwas glikolowy, migda\u0142owy lub silniejszy TCA.<br \/>\nSubstancje te przenikaj\u0105 w g\u0142\u0105b sk\u00f3ry i maj\u0105 wp\u0142yw na przebudow\u0119 kolagenu i elastyny.<br \/>\nTym samym seria peeling\u00f3w wp\u0142ywa na odnow\u0119 nask\u00f3rka oraz sk\u00f3ry, a tak\u017ce dzia\u0142a odm\u0142adzaj\u0105co likwiduj\u0105c oznaki starzenia si\u0119 sk\u00f3ry: przebarwienia, zmarszczki i inne niedoskona\u0142o\u015bci.<br \/>\nKWAS TCA to najsilniejszy kwas najg\u0142\u0119biej penetruj\u0105cy Peeling jaki jest dost\u0119pny na rynku. Do r\u00f3\u017cnych zabieg\u00f3w u\u017cywamy innego st\u0119\u017cenia:<br \/>\n10%- tr\u0105dzik,<br \/>\n20%- na blizny umiarkowane z\u0142uszczanie,<br \/>\n50%- usuni\u0119cie tatua\u017cu bardzo g\u0142\u0119bokie z\u0142uszczanie<br \/>\nPeeling TCA \u2013 stosowanie peelingu<br \/>\nOg\u00f3lnie ujmuj\u0105c peeling TCA, czyli dzia\u0142anie kwasem tr\u00f3jchlorooctowym stosowane jest do przeciwdzia\u0142ania defektom sk\u00f3ry. Usuwa on skutecznie:<br \/>\n\u2013 przebarwienia, kurzajki, brodawki<br \/>\n\u2013 plamy starcze, plamy s\u0142oneczne,<br \/>\n\u2013 pos\u0142oneczne uszkodzenia sk\u00f3ry,<br \/>\n\u2013 zmarszczki powierzchniowe,<br \/>\n\u2013 blizny potr\u0105dzikowe, rozst\u0119py,<br \/>\n\u2013 zrogowacia\u0142\u0105 sk\u00f3r\u0119, piegi,<br \/>\n\u2013 tr\u0105dzik grudkowo-krostny,<br \/>\n\u2013 zwiotcza\u0142\u0105 sk\u00f3r\u0119, zmarszczki,<br \/>\n\u2013 blizny pourazowe (w miar\u0119 niedawno nabyte).<br \/>\nPROFESJONALNY KWAS MLEKOWO \u2013 KOJOWY 50% pH 2,0<br \/>\nDzia\u0142anie Kwasu Mlekowo \u2013 Kojowego 50% :<br \/>\n\u2013 antybakteryjne<br \/>\n\u2013 przeciwzmarszczkowe<br \/>\n\u2013 rozja\u015bniaj\u0105ce, zapobiega hiperpigmentacji<br \/>\n\u2013 sp\u0142yca zmarszczki<br \/>\n\u2013 plamy starcze<br \/>\n\u2013 skutecznie rozja\u015bnia miejsca gdzie sk\u00f3ra sta\u0142a si\u0119 ciemna<br \/>\n\u2013 plamy o pod\u0142o\u017cu hormonalnym<br \/>\n\u2013 przebarwienia po lekach hormonalnych<br \/>\n\u2013 uelastycznia sk\u00f3r\u0119<br \/>\n\u2013 eliminuje \u0142uszczenie sk\u00f3ry w bardzo delikatny spos\u00f3b, jest tak\u017ce zwi\u0105zkiem nawil\u017caj\u0105cym<br \/>\n\u2013 normalizuje procesy z\u0142uszczania nask\u00f3rka<br \/>\n\u2013 zw\u0119\u017ca pory, plamy potr\u0105dzikowe<br \/>\n\u2013 tr\u0105dzik aktywny, tr\u0105dzik r\u00f3\u017cowaty<br \/>\n\u2013 eliminuje zask\u00f3rniki<br \/>\n\u2013 poprawia i wyr\u00f3wnuje koloryt sk\u00f3ry,<br \/>\n\u2013 redukuje i kontroluje aktywno\u015b\u0107 \u0142ojow\u0105 sk\u00f3ry<br \/>\n\u2013 zapobiega tworzeniu nowych plam,<br \/>\n\u2013 wyg\u0142adza i zmi\u0119kcza sk\u00f3r\u0119<br \/>\n\u2013 \u0142agodzi objawy \u0142ojotokowego zapalenia sk\u00f3ry<br \/>\n-zapobiega dalszemu rozwojowi plam pigmentacyjnych i powstawaniu nowych<br \/>\n-regularnie stosowany przywraca jej pi\u0119kny wygl\u0105d<br \/>\n\u2013 widoczne efekty po u\u017cyciu tego peelingu w zabiegu wybielaj\u0105cym d\u0142onie.<br \/>\nKWASY Glikolowe AHA 30%<br \/>\nEfekty stosowania kwasu 30%, PROFESJONALNE KWASY Glikolowe AHA 30% 30ml:<br \/>\nKwasy 30% umo\u017cliwia przeprowadzenie dok\u0142adnej eksfoliacji, jednocze\u015bnie zapewnia bezpiecze\u0144stwo i skuteczno\u015b\u0107. W wyniku stosowania AHA nast\u0119puje usuni\u0119cie martwych kom\u00f3rek oraz przyspieszenie odnowy nask\u00f3rka jak i pobudzenie proces\u00f3w metabolizmu kom\u00f3rkowego. Znacznie polepsza wygl\u0105d sk\u00f3ry, sprawia, \u017ce staje si\u0119 ona delikatniejsza w dotyku i rozja\u015bniona.<br \/>\nWskazania: cery dojrza\u0142e, suche, przebarwienia, zmarszczki, sk\u00f3r nadmiernie pogrubione, cery tr\u0105dzikowe i \u0142ojotokowe.<br \/>\n\u2013 Eliminuje martwe kom\u00f3rki nask\u00f3rka<br \/>\n\u2013 Wyg\u0142adza i regeneruje sk\u00f3r<br \/>\n\u2013 Stymuluje odnow\u0119 kom\u00f3rek<br \/>\n\u2013 Wp\u0142ywa na sp\u0142ycenie zmarszczek<br \/>\n\u2013 Nawil\u017ca<br \/>\n\u2013 Poprawia elastyczno\u015b\u0107 i j\u0119drno\u015b\u0107 sk\u00f3ry<br \/>\n\u2013 Odblokowuje pory<br \/>\n\u2013 Poprawia stan cer t\u0142ustych<br \/>\n\u2013 Rozja\u015bnia przebarwienia<br \/>\n\u2013 Zwi\u0119ksza absorpcj\u0119 stosowanych kosmetyk\u00f3w<br \/>\n\u2013 Wp\u0142ywa na wyg\u0142adzenie blizn potr\u0105dzikowych<br \/>\nPEELING MIGDA\u0141OWY jest jedynym peelingiem na bazie kwasu migda\u0142owego. Umo\u017cliwia wykonywanie zabieg\u00f3w przez ca\u0142y rok, mo\u017ce by\u0107 stosowany bez ogranicze\u0144 u os\u00f3b opalaj\u0105cych si\u0119 na s\u0142o\u0144cu i w solarium, bez ryzyka uwra\u017cliwienia sk\u00f3ry na s\u0142o\u0144ce i wyst\u0105pienia przebarwie\u0144. Powoduje, \u017ce sk\u00f3ra staje si\u0119 bardziej odporna i mniej wra\u017cliwa na promienie UV. Zabiegi z kwasem migda\u0142owym mog\u0105 by\u0107 wykonywane r\u00f3wnie\u017c u os\u00f3b nietoleruj\u0105cych zabieg\u00f3w przy u\u017cyciu innych kwas\u00f3w<br \/>\nWskazania<br \/>\n-przebarwienia, zaburzenia barwnikowe,<br \/>\n\u2013 starzenie i fotostarzenie sk\u00f3ry,<br \/>\n\u2013 tr\u0105dzik pospolity, grudkowo \u2013 krostkowy,<br \/>\n\u2013 sk\u00f3ra \u0142ojotokowa,<br \/>\n\u2013 rewitalizacja sk\u00f3ry.<\/p>\n<\/div><\/div> \n\n<\/div> \n<\/div><\/div><\/div>","protected":false},"excerpt":{"rendered":"<p>SZKOLENIAPRZED\u0141U\u017bANIE I ZAG\u0118SZCZANIE RZ\u0118S 2D I 3D szkolenia TRWA\u0141E PRZED\u0141U\u017bANIE RZ\u0118S 1:1 szkolenie NICI PDO szkolenie MAKIJA\u017b PERMANENTNY szkolenie z KWASU HIALURONOWEGO szkolenie ze STYLIZACJI PAZNOKCI MODELOWANIE UST METOD\u0104 NA P\u0141ASKO szkolenie z PIERCINGU INTENSYWNY KURS KOSMETYKI STOSOWANEJ szkolenie z ZABIEG\u00d3W EKSFOLIACJI KWASAMI SZKOLENIA CENNIK szkolenie z ZABIEG\u00d3W EKSFOLIACJI KWASAMIZapraszamy na szkolenie z zabieg\u00f3w eksfoliacji [&hellip;]<\/p>\n","protected":false},"author":2,"featured_media":0,"parent":0,"menu_order":0,"comment_status":"closed","ping_status":"closed","template":"","meta":{"footnotes":""},"class_list":["post-2624","page","type-page","status-publish","hentry"],"_links":{"self":[{"href":"https:\/\/beauty-center.pl\/index.php\/wp-json\/wp\/v2\/pages\/2624","targetHints":{"allow":["GET"]}}],"collection":[{"href":"https:\/\/beauty-center.pl\/index.php\/wp-json\/wp\/v2\/pages"}],"about":[{"href":"https:\/\/beauty-center.pl\/index.php\/wp-json\/wp\/v2\/types\/page"}],"author":[{"embeddable":true,"href":"https:\/\/beauty-center.pl\/index.php\/wp-json\/wp\/v2\/users\/2"}],"replies":[{"embeddable":true,"href":"https:\/\/beauty-center.pl\/index.php\/wp-json\/wp\/v2\/comments?post=2624"}],"version-history":[{"count":1,"href":"https:\/\/beauty-center.pl\/index.php\/wp-json\/wp\/v2\/pages\/2624\/revisions"}],"predecessor-version":[{"id":2625,"href":"https:\/\/beauty-center.pl\/index.php\/wp-json\/wp\/v2\/pages\/2624\/revisions\/2625"}],"wp:attachment":[{"href":"https:\/\/beauty-center.pl\/index.php\/wp-json\/wp\/v2\/media?parent=2624"}],"curies":[{"name":"wp","href":"https:\/\/api.w.org\/{rel}","templated":true}]}}