{"id":2646,"date":"2023-03-20T14:31:40","date_gmt":"2023-03-20T13:31:40","guid":{"rendered":"http:\/\/beauty-center.pl\/?page_id=2646"},"modified":"2023-03-21T14:24:41","modified_gmt":"2023-03-21T13:24:41","slug":"radisse","status":"publish","type":"page","link":"https:\/\/beauty-center.pl\/index.php\/radisse\/","title":{"rendered":"radiesse"},"content":{"rendered":"<div  class=\"ui--tagline-box-wrapper ui--animation clearfix\"><div  id=\"tagline-1\" class=\"ui--tagline-box ui-row clearfix ui--tagline-box-custom-color radius-3px\" data-responsive=\"{&quot;css&quot;:{&quot;min-height&quot;:{&quot;phone&quot;:&quot;auto&quot;,&quot;tablet&quot;:&quot;auto&quot;,&quot;widescreen&quot;:&quot;&quot;}}}\"><div  class=\"ui--tagline-background-container ui--tagline-background-overlay radius-3px\"><\/div><div  class=\"ui--tagline-background-container ui--tagline-background-image radius-3px\"><\/div><div  class=\"ui--tagline-content\"><div class=\"ui-row row\">\n <div   class=\"ui-column span4\"><div id=\"nav_menu-10\" class=\"widget widget_nav_menu\"><h4 class=\"sidebar-widget-title ui--widget-title\"><span>KOSMETOLOGIA MEDYCZNA<\/span><\/h4><div class=\"menu-kosmetologia-medyczna-container\"><ul id=\"menu-kosmetologia-medyczna\" class=\"menu\"><li id=\"menu-item-1786\" class=\"menu-item menu-item-type-post_type menu-item-object-page menu-item-has-children depth-0 to-right\"><a href=\"https:\/\/beauty-center.pl\/index.php\/botox\/\">BOTOKS- likwidowanie zmarszczek<\/a>\n<ul class=\"sub-menu\">\n\t<li id=\"menu-item-2747\" class=\"menu-item menu-item-type-post_type menu-item-object-page depth-1 to-right\"><a href=\"https:\/\/beauty-center.pl\/index.php\/blokowanie-receptorow-glodu-botoxem\/\">Blokowanie receptor\u00f3w g\u0142odu botoxem<\/a><\/li>\n\t<li id=\"menu-item-2087\" class=\"menu-item menu-item-type-post_type menu-item-object-page depth-1 to-right\"><a href=\"https:\/\/beauty-center.pl\/index.php\/botox-leczenie-bruksizmu\/\">botoks-  bruksizm<\/a><\/li>\n\t<li id=\"menu-item-2092\" class=\"menu-item menu-item-type-post_type menu-item-object-page depth-1 to-right\"><a href=\"https:\/\/beauty-center.pl\/index.php\/botoks-leczenie-nadpotliwosci\/\">botoks- nadpotliwo\u015bci<\/a><\/li>\n\t<li id=\"menu-item-2946\" class=\"menu-item menu-item-type-post_type menu-item-object-page depth-1 to-right\"><a href=\"https:\/\/beauty-center.pl\/index.php\/botoks-full-face-2\/\">Botoks Full Face<\/a><\/li>\n<\/ul>\n<\/li>\n<li id=\"menu-item-2642\" class=\"menu-item menu-item-type-post_type menu-item-object-page depth-0 to-right\"><a href=\"https:\/\/beauty-center.pl\/index.php\/lip-flip-usta-botoks\/\">LIP FLIP \u2013 usta botoks<\/a><\/li>\n<li id=\"menu-item-2233\" class=\"menu-item menu-item-type-post_type menu-item-object-page depth-0 to-right\"><a href=\"https:\/\/beauty-center.pl\/index.php\/nici-liftingujace-haczykowe-4d\/\">NICI LIFTINGUJ\u0104CE HACZYKOWE 4D<\/a><\/li>\n<li id=\"menu-item-1728\" class=\"menu-item menu-item-type-post_type menu-item-object-page depth-0 to-right\"><a href=\"https:\/\/beauty-center.pl\/index.php\/nici-liftingujace-pdo\/\">NICI LIFTINGUJ\u0104CE PDO<\/a><\/li>\n<li id=\"menu-item-2637\" class=\"menu-item menu-item-type-post_type menu-item-object-page depth-0 to-right\"><a href=\"https:\/\/beauty-center.pl\/index.php\/nici-liftingujace-plla\/\">NICI LIFTINGUJ\u0104CE PLLA<\/a><\/li>\n<li id=\"menu-item-1729\" class=\"menu-item menu-item-type-post_type menu-item-object-page depth-0 to-right\"><a href=\"https:\/\/beauty-center.pl\/index.php\/powiekszanie-ust-i-wypelnianie-zmarszczeck\/\">POWI\u0118KSZANIE UST I WYPE\u0141NIANIE ZMARSZCZEK<\/a><\/li>\n<li id=\"menu-item-1733\" class=\"menu-item menu-item-type-post_type menu-item-object-page depth-0 to-right\"><a href=\"https:\/\/beauty-center.pl\/index.php\/wolumetria\/\">WOLUMETRIA<\/a><\/li>\n<li id=\"menu-item-1923\" class=\"menu-item menu-item-type-post_type menu-item-object-page depth-0 to-right\"><a href=\"https:\/\/beauty-center.pl\/index.php\/osocze-bogatoplytkowe-czyli-wampirzy-lifting\/\">OSOCZE BOGATOP\u0141YTKOWE, CZYLI WAMPIRZY LIFTING<\/a><\/li>\n<li id=\"menu-item-2564\" class=\"menu-item menu-item-type-post_type menu-item-object-page menu-item-has-children depth-0 to-right\"><a href=\"https:\/\/beauty-center.pl\/index.php\/stymulatory-tkankowe\/\">STYMULATORY TKANKOWE<\/a>\n<ul class=\"sub-menu\">\n\t<li id=\"menu-item-2774\" class=\"menu-item menu-item-type-post_type menu-item-object-page depth-1 to-right\"><a href=\"https:\/\/beauty-center.pl\/index.php\/kwas-polimlekowy\/\">kwas polimlekowy<\/a><\/li>\n\t<li id=\"menu-item-2782\" class=\"menu-item menu-item-type-post_type menu-item-object-page depth-1 to-right\"><a href=\"https:\/\/beauty-center.pl\/index.php\/tropokolagen\/\">tropokolagen<\/a><\/li>\n\t<li id=\"menu-item-2650\" class=\"menu-item menu-item-type-post_type menu-item-object-page depth-1 to-right\"><a href=\"https:\/\/beauty-center.pl\/index.php\/radisse\/\">radiesse<\/a><\/li>\n\t<li id=\"menu-item-2064\" class=\"menu-item menu-item-type-post_type menu-item-object-page depth-1 to-right\"><a href=\"https:\/\/beauty-center.pl\/index.php\/profhilo-molekula-mlodosci\/\">profhilo- moleku\u0142a m\u0142odo\u015bci<\/a><\/li>\n\t<li id=\"menu-item-2719\" class=\"menu-item menu-item-type-post_type menu-item-object-page depth-1 to-right\"><a href=\"https:\/\/beauty-center.pl\/index.php\/neauvia-stimulate\/\">Neauvia stimulate<\/a><\/li>\n\t<li id=\"menu-item-2662\" class=\"menu-item menu-item-type-post_type menu-item-object-page depth-1 to-right\"><a href=\"https:\/\/beauty-center.pl\/index.php\/neauvia-hydro-deluxe\/\">Neauvia Hydro Deluxe<\/a><\/li>\n\t<li id=\"menu-item-2676\" class=\"menu-item menu-item-type-post_type menu-item-object-page depth-1 to-right\"><a href=\"https:\/\/beauty-center.pl\/index.php\/neauvia\/\">neauvia Instense Flux<\/a><\/li>\n\t<li id=\"menu-item-2657\" class=\"menu-item menu-item-type-post_type menu-item-object-page depth-1 to-right\"><a href=\"https:\/\/beauty-center.pl\/index.php\/nithya\/\">nithya<\/a><\/li>\n\t<li id=\"menu-item-2274\" class=\"menu-item menu-item-type-post_type menu-item-object-page depth-1 to-right\"><a href=\"https:\/\/beauty-center.pl\/index.php\/nucleofill\/\">nucleofill<\/a><\/li>\n\t<li id=\"menu-item-2683\" class=\"menu-item menu-item-type-post_type menu-item-object-page depth-1 to-right\"><a href=\"https:\/\/beauty-center.pl\/index.php\/juvelook\/\">Juvelook<\/a><\/li>\n\t<li id=\"menu-item-2069\" class=\"menu-item menu-item-type-post_type menu-item-object-page depth-1 to-right\"><a href=\"https:\/\/beauty-center.pl\/index.php\/ellanse\/\">ellanse<\/a><\/li>\n\t<li id=\"menu-item-2080\" class=\"menu-item menu-item-type-post_type menu-item-object-page depth-1 to-right\"><a href=\"https:\/\/beauty-center.pl\/index.php\/sunekos-2\/\">sunekos<\/a><\/li>\n\t<li id=\"menu-item-2288\" class=\"menu-item menu-item-type-post_type menu-item-object-page depth-1 to-right\"><a href=\"https:\/\/beauty-center.pl\/index.php\/prostrolane\/\">prostolane<\/a><\/li>\n<\/ul>\n<\/li>\n<li id=\"menu-item-2293\" class=\"menu-item menu-item-type-post_type menu-item-object-page depth-0 to-right\"><a href=\"https:\/\/beauty-center.pl\/index.php\/laser-frakcyjny\/\">LASER FRAKCYJNY<\/a><\/li>\n<li id=\"menu-item-2797\" class=\"menu-item menu-item-type-post_type menu-item-object-page depth-0 to-right\"><a href=\"https:\/\/beauty-center.pl\/index.php\/laserowe-usuwanie-tatuazu\/\">LASEROWE USUWANIE TATUA\u017bU<\/a><\/li>\n<li id=\"menu-item-2356\" class=\"menu-item menu-item-type-post_type menu-item-object-page menu-item-has-children depth-0 to-right\"><a href=\"https:\/\/beauty-center.pl\/index.php\/mezoterapia-iglowa-2\/\">MEZOTERAPIA IG\u0141OWA<\/a>\n<ul class=\"sub-menu\">\n\t<li id=\"menu-item-2559\" class=\"menu-item menu-item-type-post_type menu-item-object-page depth-1 to-right\"><a href=\"https:\/\/beauty-center.pl\/index.php\/2556-2\/\">mezoterapia worki i cienie pod oczami<\/a><\/li>\n\t<li id=\"menu-item-2560\" class=\"menu-item menu-item-type-post_type menu-item-object-page depth-1 to-right\"><a href=\"https:\/\/beauty-center.pl\/index.php\/2553-2\/\">mezoterapia Koktajl witaminowy<\/a><\/li>\n\t<li id=\"menu-item-2379\" class=\"menu-item menu-item-type-post_type menu-item-object-page depth-1 to-right\"><a href=\"https:\/\/beauty-center.pl\/index.php\/mezoterapia-pod-oczy\/\">mezoterapia pod oczy<\/a><\/li>\n<\/ul>\n<\/li>\n<li id=\"menu-item-2539\" class=\"menu-item menu-item-type-post_type menu-item-object-page depth-0 to-right\"><a href=\"https:\/\/beauty-center.pl\/index.php\/kwasy-tca\/\">Peelingi chemiczne PRZEBARWIENIA<\/a><\/li>\n<li id=\"menu-item-2544\" class=\"menu-item menu-item-type-post_type menu-item-object-page depth-0 to-right\"><a href=\"https:\/\/beauty-center.pl\/index.php\/peelingi-chemiczne-tradzik\/\">Peelingi chemiczne TR\u0104DZIK<\/a><\/li>\n<\/ul><\/div><\/div><div class=\"auto-format ui--animation\"><\/div><\/div> \n\n <div   class=\"ui-column span8\"><div class=\"ui--title ui--animation ui--title-bordered text-center\"><div class=\"ui--title-holder\"><h3 class=\"ui--title-text\" style=\"color: #bd1e9d !important;\">radiesse<\/h3><div style=\"border-color: #bd1e9d !important;\" class=\"ui--title-borders ui--title-border-left\"><\/div><div style=\"border-color: #bd1e9d !important;\" class=\"ui--title-borders ui--title-border-right\"><\/div><\/div><\/div><div class=\"ui--image-wrap clearfix text-center ui--block\" style=\"margin-bottom: 20px;\"><img loading=\"lazy\" decoding=\"async\" width=\"601\" height=\"329\" src=\"https:\/\/beauty-center.pl\/wp-content\/uploads\/2023\/03\/radiesse-efekt-1.jpg\" class=\"ui--image ui--animation\" alt=\"\" title=\"radiesse-efekt (1)\" id=\"ui--image-1\" srcset=\"https:\/\/beauty-center.pl\/wp-content\/uploads\/2023\/03\/radiesse-efekt-1.jpg 601w, https:\/\/beauty-center.pl\/wp-content\/uploads\/2023\/03\/radiesse-efekt-1-300x164.jpg 300w\" sizes=\"auto, (max-width: 601px) 100vw, 601px\" \/><\/div><div class=\"auto-format ui--animation\"><p> Radiesse, czyli skuteczny spos\u00f3b na odm\u0142odzenie<br \/>\nOsobom, kt\u00f3rym zale\u017cy na poprawie j\u0119drno\u015bci sk\u00f3ry, wyg\u0142adzeniu zmarszczek i wymodelowaniu kontur\u00f3w twarzy polecany jest zabieg Radiesse. Jego efekty s\u0105 widoczne niemal natychmiast.<br \/>\nW zabiegu Radiesse wykorzystywany jest wype\u0142niacz na bazie podk\u0142adu \u017celowego i hydroksyapatytu wapnia. Wspomniany zwi\u0105zek jest naturalnym budulcem z\u0119b\u00f3w i ko\u015bci, nie powoduje skutk\u00f3w ubocznych ani reakcji alergicznych. Co wi\u0119cej, jest on wykorzystywany w medycynie od lat<br \/>\nZabieg Radiesse trwa przeci\u0119tnie 30-60 minut. Do jego przeprowadzenia stosowane jest znieczulenie miejscowe. Efekty zabiegu Radiesse utrzymuj\u0105 si\u0119 kilkana\u015bcie miesi\u0119cy. Zawarty w preparacie no\u015bnik \u017celowy zapewnia natychmiastowy rezultat w postaci naturalnie odm\u0142odzonej, bardziej elastycznej i grubszej sk\u00f3ry. Po kilku miesi\u0105cach od zabiegu \u017cel znika, a w jego miejsce pojawia si\u0119 kolagen. Jest on naturalnie wyprodukowany przez fibroblasty, a wszystko dzi\u0119ki mikrocz\u0105steczkom hydroksyapatytu wapnia.<br \/>\nDla kogo przeznaczony jest zabieg Radiesse?<br \/>\nNa jego wykonanie decyduj\u0105 si\u0119 osoby maj\u0105ce problem m.in. z: bruzdami nosowo-wargowymi, p\u0142askim podbr\u00f3dkiem, czy wiotczej\u0105c\u0105 sk\u00f3r\u0105 twarzy. Hydroksyapatyt wapnia dobrze sprawdza si\u0119 te\u017c do poprawy owalu twarzy, odm\u0142odzenia wierzchniej cz\u0119\u015bci d\u0142oni czy modelowania linii \u017cuchwy.<\/p>\n<p>Radiesse to nowoczesny, naturalny wype\u0142niacz zapewniaj\u0105cy nie tylko skuteczno\u015b\u0107, ale te\u017c bezpiecze\u0144stwo. Dzia\u0142a on liftinguj\u0105co i biorewitalizuj\u0105co.<br \/>\nPoza uzupe\u0142nieniem ubytk\u00f3w tkankowych, preparat Radiesse stymuluje naturaln\u0105 produkcj\u0119 kolagenu. Zabieg jest stymulatorem,  nie wymaga wykonania serii. Mo\u017cna powt\u00f3rzy\u0107 po oko\u0142o roku.<br \/>\nCENA 750 Z\u0141.<\/p>\n<\/div><\/div> \n\n<\/div> \n<\/div><\/div><\/div>","protected":false},"excerpt":{"rendered":"<p>KOSMETOLOGIA MEDYCZNABOTOKS- likwidowanie zmarszczek Blokowanie receptor\u00f3w g\u0142odu botoxem botoks- bruksizm botoks- nadpotliwo\u015bci Botoks Full Face LIP FLIP \u2013 usta botoks NICI LIFTINGUJ\u0104CE HACZYKOWE 4D NICI LIFTINGUJ\u0104CE PDO NICI LIFTINGUJ\u0104CE PLLA POWI\u0118KSZANIE UST I WYPE\u0141NIANIE ZMARSZCZEK WOLUMETRIA OSOCZE BOGATOP\u0141YTKOWE, CZYLI WAMPIRZY LIFTING STYMULATORY TKANKOWE kwas polimlekowy tropokolagen radiesse profhilo- moleku\u0142a m\u0142odo\u015bci Neauvia stimulate Neauvia Hydro Deluxe [&hellip;]<\/p>\n","protected":false},"author":2,"featured_media":0,"parent":0,"menu_order":0,"comment_status":"closed","ping_status":"closed","template":"","meta":{"footnotes":""},"class_list":["post-2646","page","type-page","status-publish","hentry"],"_links":{"self":[{"href":"https:\/\/beauty-center.pl\/index.php\/wp-json\/wp\/v2\/pages\/2646","targetHints":{"allow":["GET"]}}],"collection":[{"href":"https:\/\/beauty-center.pl\/index.php\/wp-json\/wp\/v2\/pages"}],"about":[{"href":"https:\/\/beauty-center.pl\/index.php\/wp-json\/wp\/v2\/types\/page"}],"author":[{"embeddable":true,"href":"https:\/\/beauty-center.pl\/index.php\/wp-json\/wp\/v2\/users\/2"}],"replies":[{"embeddable":true,"href":"https:\/\/beauty-center.pl\/index.php\/wp-json\/wp\/v2\/comments?post=2646"}],"version-history":[{"count":3,"href":"https:\/\/beauty-center.pl\/index.php\/wp-json\/wp\/v2\/pages\/2646\/revisions"}],"predecessor-version":[{"id":2652,"href":"https:\/\/beauty-center.pl\/index.php\/wp-json\/wp\/v2\/pages\/2646\/revisions\/2652"}],"wp:attachment":[{"href":"https:\/\/beauty-center.pl\/index.php\/wp-json\/wp\/v2\/media?parent=2646"}],"curies":[{"name":"wp","href":"https:\/\/api.w.org\/{rel}","templated":true}]}}