{"id":2653,"date":"2023-03-21T14:26:54","date_gmt":"2023-03-21T13:26:54","guid":{"rendered":"http:\/\/beauty-center.pl\/?page_id=2653"},"modified":"2023-03-21T14:26:54","modified_gmt":"2023-03-21T13:26:54","slug":"nithya","status":"publish","type":"page","link":"https:\/\/beauty-center.pl\/index.php\/nithya\/","title":{"rendered":"nithya"},"content":{"rendered":"<div  class=\"ui--tagline-box-wrapper ui--animation clearfix\"><div  id=\"tagline-1\" class=\"ui--tagline-box ui-row clearfix ui--tagline-box-custom-color radius-3px\" data-responsive=\"{&quot;css&quot;:{&quot;min-height&quot;:{&quot;phone&quot;:&quot;auto&quot;,&quot;tablet&quot;:&quot;auto&quot;,&quot;widescreen&quot;:&quot;&quot;}}}\"><div  class=\"ui--tagline-background-container ui--tagline-background-overlay radius-3px\"><\/div><div  class=\"ui--tagline-background-container ui--tagline-background-image radius-3px\"><\/div><div  class=\"ui--tagline-content\"><div class=\"ui-row row\">\n <div   class=\"ui-column span4\"><div id=\"nav_menu-10\" class=\"widget widget_nav_menu\"><h4 class=\"sidebar-widget-title ui--widget-title\"><span>KOSMETOLOGIA MEDYCZNA<\/span><\/h4><div class=\"menu-kosmetologia-medyczna-container\"><ul id=\"menu-kosmetologia-medyczna\" class=\"menu\"><li id=\"menu-item-1786\" class=\"menu-item menu-item-type-post_type menu-item-object-page menu-item-has-children depth-0 to-right\"><a href=\"https:\/\/beauty-center.pl\/index.php\/botox\/\">BOTOKS- likwidowanie zmarszczek<\/a>\n<ul class=\"sub-menu\">\n\t<li id=\"menu-item-2747\" class=\"menu-item menu-item-type-post_type menu-item-object-page depth-1 to-right\"><a href=\"https:\/\/beauty-center.pl\/index.php\/blokowanie-receptorow-glodu-botoxem\/\">Blokowanie receptor\u00f3w g\u0142odu botoxem<\/a><\/li>\n\t<li id=\"menu-item-2087\" class=\"menu-item menu-item-type-post_type menu-item-object-page depth-1 to-right\"><a href=\"https:\/\/beauty-center.pl\/index.php\/botox-leczenie-bruksizmu\/\">botoks-  bruksizm<\/a><\/li>\n\t<li id=\"menu-item-2092\" class=\"menu-item menu-item-type-post_type menu-item-object-page depth-1 to-right\"><a href=\"https:\/\/beauty-center.pl\/index.php\/botoks-leczenie-nadpotliwosci\/\">botoks- nadpotliwo\u015bci<\/a><\/li>\n\t<li id=\"menu-item-2946\" class=\"menu-item menu-item-type-post_type menu-item-object-page depth-1 to-right\"><a href=\"https:\/\/beauty-center.pl\/index.php\/botoks-full-face-2\/\">Botoks Full Face<\/a><\/li>\n<\/ul>\n<\/li>\n<li id=\"menu-item-2642\" class=\"menu-item menu-item-type-post_type menu-item-object-page depth-0 to-right\"><a href=\"https:\/\/beauty-center.pl\/index.php\/lip-flip-usta-botoks\/\">LIP FLIP \u2013 usta botoks<\/a><\/li>\n<li id=\"menu-item-2233\" class=\"menu-item menu-item-type-post_type menu-item-object-page depth-0 to-right\"><a href=\"https:\/\/beauty-center.pl\/index.php\/nici-liftingujace-haczykowe-4d\/\">NICI LIFTINGUJ\u0104CE HACZYKOWE 4D<\/a><\/li>\n<li id=\"menu-item-1728\" class=\"menu-item menu-item-type-post_type menu-item-object-page depth-0 to-right\"><a href=\"https:\/\/beauty-center.pl\/index.php\/nici-liftingujace-pdo\/\">NICI LIFTINGUJ\u0104CE PDO<\/a><\/li>\n<li id=\"menu-item-2637\" class=\"menu-item menu-item-type-post_type menu-item-object-page depth-0 to-right\"><a href=\"https:\/\/beauty-center.pl\/index.php\/nici-liftingujace-plla\/\">NICI LIFTINGUJ\u0104CE PLLA<\/a><\/li>\n<li id=\"menu-item-1729\" class=\"menu-item menu-item-type-post_type menu-item-object-page depth-0 to-right\"><a href=\"https:\/\/beauty-center.pl\/index.php\/powiekszanie-ust-i-wypelnianie-zmarszczeck\/\">POWI\u0118KSZANIE UST I WYPE\u0141NIANIE ZMARSZCZEK<\/a><\/li>\n<li id=\"menu-item-1733\" class=\"menu-item menu-item-type-post_type menu-item-object-page depth-0 to-right\"><a href=\"https:\/\/beauty-center.pl\/index.php\/wolumetria\/\">WOLUMETRIA<\/a><\/li>\n<li id=\"menu-item-1923\" class=\"menu-item menu-item-type-post_type menu-item-object-page depth-0 to-right\"><a href=\"https:\/\/beauty-center.pl\/index.php\/osocze-bogatoplytkowe-czyli-wampirzy-lifting\/\">OSOCZE BOGATOP\u0141YTKOWE, CZYLI WAMPIRZY LIFTING<\/a><\/li>\n<li id=\"menu-item-2564\" class=\"menu-item menu-item-type-post_type menu-item-object-page menu-item-has-children depth-0 to-right\"><a href=\"https:\/\/beauty-center.pl\/index.php\/stymulatory-tkankowe\/\">STYMULATORY TKANKOWE<\/a>\n<ul class=\"sub-menu\">\n\t<li id=\"menu-item-2774\" class=\"menu-item menu-item-type-post_type menu-item-object-page depth-1 to-right\"><a href=\"https:\/\/beauty-center.pl\/index.php\/kwas-polimlekowy\/\">kwas polimlekowy<\/a><\/li>\n\t<li id=\"menu-item-2782\" class=\"menu-item menu-item-type-post_type menu-item-object-page depth-1 to-right\"><a href=\"https:\/\/beauty-center.pl\/index.php\/tropokolagen\/\">tropokolagen<\/a><\/li>\n\t<li id=\"menu-item-2650\" class=\"menu-item menu-item-type-post_type menu-item-object-page depth-1 to-right\"><a href=\"https:\/\/beauty-center.pl\/index.php\/radisse\/\">radiesse<\/a><\/li>\n\t<li id=\"menu-item-2064\" class=\"menu-item menu-item-type-post_type menu-item-object-page depth-1 to-right\"><a href=\"https:\/\/beauty-center.pl\/index.php\/profhilo-molekula-mlodosci\/\">profhilo- moleku\u0142a m\u0142odo\u015bci<\/a><\/li>\n\t<li id=\"menu-item-2719\" class=\"menu-item menu-item-type-post_type menu-item-object-page depth-1 to-right\"><a href=\"https:\/\/beauty-center.pl\/index.php\/neauvia-stimulate\/\">Neauvia stimulate<\/a><\/li>\n\t<li id=\"menu-item-2662\" class=\"menu-item menu-item-type-post_type menu-item-object-page depth-1 to-right\"><a href=\"https:\/\/beauty-center.pl\/index.php\/neauvia-hydro-deluxe\/\">Neauvia Hydro Deluxe<\/a><\/li>\n\t<li id=\"menu-item-2676\" class=\"menu-item menu-item-type-post_type menu-item-object-page depth-1 to-right\"><a href=\"https:\/\/beauty-center.pl\/index.php\/neauvia\/\">neauvia Instense Flux<\/a><\/li>\n\t<li id=\"menu-item-2657\" class=\"menu-item menu-item-type-post_type menu-item-object-page depth-1 to-right\"><a href=\"https:\/\/beauty-center.pl\/index.php\/nithya\/\">nithya<\/a><\/li>\n\t<li id=\"menu-item-2274\" class=\"menu-item menu-item-type-post_type menu-item-object-page depth-1 to-right\"><a href=\"https:\/\/beauty-center.pl\/index.php\/nucleofill\/\">nucleofill<\/a><\/li>\n\t<li id=\"menu-item-2683\" class=\"menu-item menu-item-type-post_type menu-item-object-page depth-1 to-right\"><a href=\"https:\/\/beauty-center.pl\/index.php\/juvelook\/\">Juvelook<\/a><\/li>\n\t<li id=\"menu-item-2069\" class=\"menu-item menu-item-type-post_type menu-item-object-page depth-1 to-right\"><a href=\"https:\/\/beauty-center.pl\/index.php\/ellanse\/\">ellanse<\/a><\/li>\n\t<li id=\"menu-item-2080\" class=\"menu-item menu-item-type-post_type menu-item-object-page depth-1 to-right\"><a href=\"https:\/\/beauty-center.pl\/index.php\/sunekos-2\/\">sunekos<\/a><\/li>\n\t<li id=\"menu-item-2288\" class=\"menu-item menu-item-type-post_type menu-item-object-page depth-1 to-right\"><a href=\"https:\/\/beauty-center.pl\/index.php\/prostrolane\/\">prostolane<\/a><\/li>\n<\/ul>\n<\/li>\n<li id=\"menu-item-2293\" class=\"menu-item menu-item-type-post_type menu-item-object-page depth-0 to-right\"><a href=\"https:\/\/beauty-center.pl\/index.php\/laser-frakcyjny\/\">LASER FRAKCYJNY<\/a><\/li>\n<li id=\"menu-item-2797\" class=\"menu-item menu-item-type-post_type menu-item-object-page depth-0 to-right\"><a href=\"https:\/\/beauty-center.pl\/index.php\/laserowe-usuwanie-tatuazu\/\">LASEROWE USUWANIE TATUA\u017bU<\/a><\/li>\n<li id=\"menu-item-2356\" class=\"menu-item menu-item-type-post_type menu-item-object-page menu-item-has-children depth-0 to-right\"><a href=\"https:\/\/beauty-center.pl\/index.php\/mezoterapia-iglowa-2\/\">MEZOTERAPIA IG\u0141OWA<\/a>\n<ul class=\"sub-menu\">\n\t<li id=\"menu-item-2559\" class=\"menu-item menu-item-type-post_type menu-item-object-page depth-1 to-right\"><a href=\"https:\/\/beauty-center.pl\/index.php\/2556-2\/\">mezoterapia worki i cienie pod oczami<\/a><\/li>\n\t<li id=\"menu-item-2560\" class=\"menu-item menu-item-type-post_type menu-item-object-page depth-1 to-right\"><a href=\"https:\/\/beauty-center.pl\/index.php\/2553-2\/\">mezoterapia Koktajl witaminowy<\/a><\/li>\n\t<li id=\"menu-item-2379\" class=\"menu-item menu-item-type-post_type menu-item-object-page depth-1 to-right\"><a href=\"https:\/\/beauty-center.pl\/index.php\/mezoterapia-pod-oczy\/\">mezoterapia pod oczy<\/a><\/li>\n<\/ul>\n<\/li>\n<li id=\"menu-item-2539\" class=\"menu-item menu-item-type-post_type menu-item-object-page depth-0 to-right\"><a href=\"https:\/\/beauty-center.pl\/index.php\/kwasy-tca\/\">Peelingi chemiczne PRZEBARWIENIA<\/a><\/li>\n<li id=\"menu-item-2544\" class=\"menu-item menu-item-type-post_type menu-item-object-page depth-0 to-right\"><a href=\"https:\/\/beauty-center.pl\/index.php\/peelingi-chemiczne-tradzik\/\">Peelingi chemiczne TR\u0104DZIK<\/a><\/li>\n<\/ul><\/div><\/div><div class=\"auto-format ui--animation\"><\/div><\/div> \n\n <div   class=\"ui-column span8\"><div class=\"ui--title ui--animation ui--title-bordered text-center\"><div class=\"ui--title-holder\"><h3 class=\"ui--title-text\" style=\"color: #bd1e9d !important;\">nithya<\/h3><div style=\"border-color: #bd1e9d !important;\" class=\"ui--title-borders ui--title-border-left\"><\/div><div style=\"border-color: #bd1e9d !important;\" class=\"ui--title-borders ui--title-border-right\"><\/div><\/div><\/div><div class=\"ui--image-wrap clearfix text-center ui--block\" style=\"margin-bottom: 20px;\"><img loading=\"lazy\" decoding=\"async\" width=\"575\" height=\"381\" src=\"https:\/\/beauty-center.pl\/wp-content\/uploads\/2023\/03\/nithya.gif\" class=\"ui--image ui--animation\" alt=\"\" title=\"nithya\" id=\"ui--image-1\" \/><\/div><div class=\"auto-format ui--animation\"><p><strong>NITHYA<\/strong> jest preparatem, kt\u00f3ry zawiera kolagen typu I, dedykowany do regeneracji i odbudowy sk\u00f3ry, nawet mo\u017cna stosowa\u0107 do najdelikatniejszych okolic twarzy.<\/p>\n<p><strong>Jak dzia\u0142a NITHYA?<\/strong><br \/>\nStymuluje produkcj\u0119 nowych fibroblast\u00f3w, kt\u00f3re przyczyniaj\u0105 si\u0119 do poprawy kondycji sk\u00f3ry i lepszego jej wygl\u0105du.<br \/>\nPonadto efekty Nithya s\u0105 znacznie d\u0142u\u017csze ni\u017c w przypadku Botoxu czy wype\u0142niaczy, dlatego leczenie nie musi by\u0107 powtarzane tak cz\u0119sto.<br \/>\nPreparat NITHYA stosuje si\u0119 jako profilaktyk\u0119 po 25 roku \u017cycia w celu spowolnienia procesu starzenia sk\u00f3ry.<br \/>\nIdealnie nadaje si\u0119 dla sk\u00f3r z oznakami starzenia, wiotkich, wymagaj\u0105cych poprawy napi\u0119cia.<\/p>\n<p><strong>Jakie s\u0105 wskazania do zabiegu?<\/strong><br \/>\n\u00b7korygowanie zniekszta\u0142ce\u0144 genetycznych:<br \/>\n.hipotrofia i hipotonia sk\u00f3ry,<br \/>\n.niezdrowy odcie\u0144 sk\u00f3ry,<br \/>\n.problemy z elastyczno\u015bci\u0105 sk\u00f3ry,<br \/>\n\u00b7wsparcie syntezy kolagenu,<br \/>\n\u00b7poprawa obj\u0119to\u015bci twarzy w obr\u0119bie policzk\u00f3w,<br \/>\n\u00b7nawil\u017cenie i wyr\u00f3wnanie kolorytu sk\u00f3ry,<br \/>\n\u00b7dzia\u0142anie przeciwstarzeniowe na twarzy, szyi i d\u0142oniach,<br \/>\n\u00b7regeneracja tkanek \u0142\u0105cznych sk\u00f3ry w\u0142a\u015bciwej i tkanki podsk\u00f3rnej za pomoc\u0105 mechanizmu stymulacji fibroblast\u00f3w i neokolagenogenezy,<br \/>\n\u00b7uj\u0119drnienie i poprawa wygl\u0105du sk\u00f3ry na szyi i dekolcie,<br \/>\n\u00b7uj\u0119drnienie sk\u00f3ry d\u0142oni,<br \/>\n\u00b7redukcja blizn, rozst\u0119p\u00f3w i tr\u0105dziku.<\/p>\n<p><strong>Przeciwskazania do zabiegu:<\/strong><br \/>\n. Ci\u0105\u017ca i okres laktacji.<br \/>\n. Nowotwory.<br \/>\n. Choroby autoimmunologiczne.<br \/>\n. Stan zapalny sk\u00f3ry.<br \/>\n. Opryszczka.<br \/>\n. Aktywny tr\u0105dzik.<\/p>\n<p>Jak wygl\u0105da zabieg?<br \/>\nZabieg mo\u017ce by\u0107 poprzednio znieczulony ma\u015bci\u0105 z lidokain\u0105.<br \/>\nMezoterapia polega na ostrzykiwaniu wybranych okolic preparatem kolagenowym.Po zabiegu widoczne s\u0105 grudki, kt\u00f3re stopniowo (przez okres 2-3 dni) b\u0119d\u0105 si\u0119 wch\u0142ania\u0142y.<br \/>\nJest to objaw typowy dla tego zabiegu i nie nale\u017cy si\u0119 nim niepokoi\u0107. Mog\u0105 pojawi\u0107 si\u0119 r\u00f3wnie\u017c delikatne zasinienia w miejscu wk\u0142u\u0107.<\/p>\n<p>Jak wygl\u0105da protok\u00f3\u0142 zabiegowy?<br \/>\n3 aplikacje w odst\u0119pach co 2 tygodnie. Protok\u00f3\u0142 aplikacji mo\u017cna powt\u00f3rzy\u0107 po 3 miesi\u0105cach od zako\u0144czenia poprzedniego zabiegu.<br \/>\nTrwa\u0142o\u015b\u0107 efektu:<br \/>\n12 &#8211; 18 miesi\u0119cy.<\/p>\n<p>Sk\u0142ad:<br \/>\n\u00b7Kolagen typu I 70 mg.<\/p>\n<p>CENA ZABIEGU 430 Z\u0141<\/p>\n<\/div><\/div> \n\n<\/div> \n<\/div><\/div><\/div>","protected":false},"excerpt":{"rendered":"<p>KOSMETOLOGIA MEDYCZNABOTOKS- likwidowanie zmarszczek Blokowanie receptor\u00f3w g\u0142odu botoxem botoks- bruksizm botoks- nadpotliwo\u015bci Botoks Full Face LIP FLIP \u2013 usta botoks NICI LIFTINGUJ\u0104CE HACZYKOWE 4D NICI LIFTINGUJ\u0104CE PDO NICI LIFTINGUJ\u0104CE PLLA POWI\u0118KSZANIE UST I WYPE\u0141NIANIE ZMARSZCZEK WOLUMETRIA OSOCZE BOGATOP\u0141YTKOWE, CZYLI WAMPIRZY LIFTING STYMULATORY TKANKOWE kwas polimlekowy tropokolagen radiesse profhilo- moleku\u0142a m\u0142odo\u015bci Neauvia stimulate Neauvia Hydro Deluxe [&hellip;]<\/p>\n","protected":false},"author":2,"featured_media":0,"parent":0,"menu_order":0,"comment_status":"closed","ping_status":"closed","template":"","meta":{"footnotes":""},"class_list":["post-2653","page","type-page","status-publish","hentry"],"_links":{"self":[{"href":"https:\/\/beauty-center.pl\/index.php\/wp-json\/wp\/v2\/pages\/2653","targetHints":{"allow":["GET"]}}],"collection":[{"href":"https:\/\/beauty-center.pl\/index.php\/wp-json\/wp\/v2\/pages"}],"about":[{"href":"https:\/\/beauty-center.pl\/index.php\/wp-json\/wp\/v2\/types\/page"}],"author":[{"embeddable":true,"href":"https:\/\/beauty-center.pl\/index.php\/wp-json\/wp\/v2\/users\/2"}],"replies":[{"embeddable":true,"href":"https:\/\/beauty-center.pl\/index.php\/wp-json\/wp\/v2\/comments?post=2653"}],"version-history":[{"count":1,"href":"https:\/\/beauty-center.pl\/index.php\/wp-json\/wp\/v2\/pages\/2653\/revisions"}],"predecessor-version":[{"id":2655,"href":"https:\/\/beauty-center.pl\/index.php\/wp-json\/wp\/v2\/pages\/2653\/revisions\/2655"}],"wp:attachment":[{"href":"https:\/\/beauty-center.pl\/index.php\/wp-json\/wp\/v2\/media?parent=2653"}],"curies":[{"name":"wp","href":"https:\/\/api.w.org\/{rel}","templated":true}]}}